{"id":39697,"date":"2023-07-21T11:19:27","date_gmt":"2023-08-03T19:08:01","guid":{"rendered":"https:\/\/bcweededible.net\/buy\/non%20class\u00e9\/machine-a-rouler-le-chanvre-raw-1-1-4\/"},"modified":"2025-01-23T23:17:51","modified_gmt":"2025-01-24T07:17:51","slug":"machine-a-rouler-le-chanvre-raw-1-1-4","status":"publish","type":"product","link":"https:\/\/stgbc.bcweededible.net\/fr\/buy\/accessoires\/machine-a-rouler-le-chanvre-raw-1-1-4\/","title":{"rendered":"Machine \u00e0 Rouler RAW 1 1\/4"},"content":{"rendered":"","protected":false},"excerpt":{"rendered":"<p>D\u00e9couvrez la commodit\u00e9 de la <strong>machine \u00e0 rouler RAW 79 mm 1 1\/4 <\/strong>et \u00e9levez votre roulage \u00e0 la perfection. Fabriqu\u00e9 en plastique de chanvre respectueux de l&#8217;environnement, cet accessoire pratique s&#8217;adapte sans effort aux <strong>feuilles \u00e0 rouler de 1 1\/4<\/strong>, offrant ainsi une exp\u00e9rience de roulage sans faille \u00e0 chaque fois. Profitez de la simplicit\u00e9 et de la pr\u00e9cision de la conception renomm\u00e9e de RAW et appr\u00e9ciez facilement des joints parfaitement roul\u00e9s.<\/p>\n<h2>Informations sur la machine \u00e0 rouler RAW<\/h2>\n<table>\n<tbody>\n<tr>\n<td>Contenu du paquet<\/td>\n<td>1 X Machien \u00e0 rouler RAW de 79mm<\/td>\n<\/tr>\n<tr>\n<td>Convient aux papiers \u00e0 rouler<\/td>\n<td>Papier \u00e0 rouler 1 1\/4<\/td>\n<\/tr>\n<tr>\n<td>Fabriqu\u00e9 \u00e0 partir de<\/td>\n<td>Plastique de chanvre allemand respectueux de l&#8217;environnement<\/td>\n<\/tr>\n<\/tbody>\n<\/table>\n","protected":false},"featured_media":38514,"comment_status":"closed","ping_status":"closed","template":"","meta":[],"product_brand":[],"product_cat":[654],"product_tag":[],"class_list":{"0":"post-39697","1":"product","2":"type-product","3":"status-publish","4":"has-post-thumbnail","6":"product_cat-accessoires","8":"first","9":"outofstock","10":"shipping-taxable","11":"purchasable","12":"product-type-simple"},"yoast_head":"\n<title>Acheter Machine \u00e0 Rouler RAW 1 1\/4 en Ligne Canada | BC Weed Edible<\/title>\n<meta name=\"robots\" content=\"index, follow, max-snippet:-1, max-image-preview:large, max-video-preview:-1\" \/>\n<link rel=\"canonical\" href=\"https:\/\/stgbc.bcweededible.net\/fr\/buy\/accessoires\/machine-a-rouler-le-chanvre-raw-1-1-4\/\" \/>\n<meta property=\"og:locale\" content=\"fr_FR\" \/>\n<meta property=\"og:type\" content=\"article\" \/>\n<meta property=\"og:title\" content=\"Acheter Machine \u00e0 Rouler RAW 1 1\/4 en Ligne Canada | BC Weed Edible\" \/>\n<meta property=\"og:description\" content=\"D\u00e9couvrez la commodit\u00e9 de la machine \u00e0 rouler RAW 79 mm 1 1\/4 et \u00e9levez votre roulage \u00e0 la perfection. Fabriqu\u00e9 en plastique de chanvre respectueux de l&#039;environnement, cet accessoire pratique s&#039;adapte sans effort aux feuilles \u00e0 rouler de 1 1\/4, offrant ainsi une exp\u00e9rience de roulage sans faille \u00e0 chaque fois. Profitez de la simplicit\u00e9 et de la pr\u00e9cision de la conception renomm\u00e9e de RAW et appr\u00e9ciez facilement des joints parfaitement roul\u00e9s. Informations sur la machine \u00e0 rouler RAW Contenu du paquet 1 X Machien \u00e0 rouler RAW de 79mm Convient aux papiers \u00e0 rouler Papier \u00e0 rouler 1 1\/4 Fabriqu\u00e9 \u00e0 partir de Plastique de chanvre allemand respectueux de l&#039;environnement\" \/>\n<meta property=\"og:url\" content=\"https:\/\/stgbc.bcweededible.net\/fr\/buy\/accessoires\/machine-a-rouler-le-chanvre-raw-1-1-4\/\" \/>\n<meta property=\"og:site_name\" content=\"BC Weed Edible\" \/>\n<meta property=\"article:modified_time\" content=\"2025-01-24T07:17:51+00:00\" \/>\n<meta property=\"og:image\" content=\"https:\/\/stgbc.bcweededible.net\/wp-content\/uploads\/2023\/07\/raw-rolling-machine.png\" \/>\n\t<meta property=\"og:image:width\" content=\"679\" \/>\n\t<meta property=\"og:image:height\" content=\"679\" \/>\n\t<meta property=\"og:image:type\" content=\"image\/png\" \/>\n<meta name=\"twitter:card\" content=\"summary_large_image\" \/>\n<script type=\"application\/ld+json\" class=\"yoast-schema-graph\">{\"@context\":\"https:\\\/\\\/schema.org\",\"@graph\":[{\"@type\":\"WebPage\",\"@id\":\"https:\\\/\\\/stgbc.bcweededible.net\\\/fr\\\/buy\\\/accessoires\\\/machine-a-rouler-le-chanvre-raw-1-1-4\\\/\",\"url\":\"https:\\\/\\\/stgbc.bcweededible.net\\\/fr\\\/buy\\\/accessoires\\\/machine-a-rouler-le-chanvre-raw-1-1-4\\\/\",\"name\":\"Acheter Machine \u00e0 Rouler RAW 1 1\\\/4 en Ligne Canada | BC Weed Edible\",\"isPartOf\":{\"@id\":\"https:\\\/\\\/stgbc.bcweededible.net\\\/fr\\\/#website\"},\"primaryImageOfPage\":{\"@id\":\"https:\\\/\\\/stgbc.bcweededible.net\\\/fr\\\/buy\\\/accessoires\\\/machine-a-rouler-le-chanvre-raw-1-1-4\\\/#primaryimage\"},\"image\":{\"@id\":\"https:\\\/\\\/stgbc.bcweededible.net\\\/fr\\\/buy\\\/accessoires\\\/machine-a-rouler-le-chanvre-raw-1-1-4\\\/#primaryimage\"},\"thumbnailUrl\":\"https:\\\/\\\/stgbc.bcweededible.net\\\/wp-content\\\/uploads\\\/2023\\\/07\\\/raw-rolling-machine.png\",\"datePublished\":\"2023-08-03T19:08:01+00:00\",\"dateModified\":\"2025-01-24T07:17:51+00:00\",\"breadcrumb\":{\"@id\":\"https:\\\/\\\/stgbc.bcweededible.net\\\/fr\\\/buy\\\/accessoires\\\/machine-a-rouler-le-chanvre-raw-1-1-4\\\/#breadcrumb\"},\"inLanguage\":\"fr-FR\",\"potentialAction\":[{\"@type\":\"ReadAction\",\"target\":[\"https:\\\/\\\/stgbc.bcweededible.net\\\/fr\\\/buy\\\/accessoires\\\/machine-a-rouler-le-chanvre-raw-1-1-4\\\/\"]}]},{\"@type\":\"ImageObject\",\"inLanguage\":\"fr-FR\",\"@id\":\"https:\\\/\\\/stgbc.bcweededible.net\\\/fr\\\/buy\\\/accessoires\\\/machine-a-rouler-le-chanvre-raw-1-1-4\\\/#primaryimage\",\"url\":\"https:\\\/\\\/stgbc.bcweededible.net\\\/wp-content\\\/uploads\\\/2023\\\/07\\\/raw-rolling-machine.png\",\"contentUrl\":\"https:\\\/\\\/stgbc.bcweededible.net\\\/wp-content\\\/uploads\\\/2023\\\/07\\\/raw-rolling-machine.png\",\"width\":679,\"height\":679,\"caption\":\"Raw rolling machine\"},{\"@type\":\"BreadcrumbList\",\"@id\":\"https:\\\/\\\/stgbc.bcweededible.net\\\/fr\\\/buy\\\/accessoires\\\/machine-a-rouler-le-chanvre-raw-1-1-4\\\/#breadcrumb\",\"itemListElement\":[{\"@type\":\"ListItem\",\"position\":1,\"name\":\"Jujubes au Pot Canada\",\"item\":\"https:\\\/\\\/stgbc.bcweededible.net\\\/fr\\\/shop\\\/\"},{\"@type\":\"ListItem\",\"position\":2,\"name\":\"Machine \u00e0 Rouler RAW 1 1\\\/4\"}]},{\"@type\":\"WebSite\",\"@id\":\"https:\\\/\\\/stgbc.bcweededible.net\\\/fr\\\/#website\",\"url\":\"https:\\\/\\\/stgbc.bcweededible.net\\\/fr\\\/\",\"name\":\"BC Weed Edible\",\"description\":\"\",\"publisher\":{\"@id\":\"https:\\\/\\\/stgbc.bcweededible.net\\\/fr\\\/#organization\"},\"potentialAction\":[{\"@type\":\"SearchAction\",\"target\":{\"@type\":\"EntryPoint\",\"urlTemplate\":\"https:\\\/\\\/stgbc.bcweededible.net\\\/fr\\\/?s={search_term_string}\"},\"query-input\":{\"@type\":\"PropertyValueSpecification\",\"valueRequired\":true,\"valueName\":\"search_term_string\"}}],\"inLanguage\":\"fr-FR\"},{\"@type\":\"Organization\",\"@id\":\"https:\\\/\\\/stgbc.bcweededible.net\\\/fr\\\/#organization\",\"name\":\"BC Weed Edible\",\"url\":\"https:\\\/\\\/stgbc.bcweededible.net\\\/fr\\\/\",\"logo\":{\"@type\":\"ImageObject\",\"inLanguage\":\"fr-FR\",\"@id\":\"https:\\\/\\\/stgbc.bcweededible.net\\\/fr\\\/#\\\/schema\\\/logo\\\/image\\\/\",\"url\":\"https:\\\/\\\/stgbc.bcweededible.net\\\/wp-content\\\/uploads\\\/2021\\\/12\\\/bc-weed-edible-canada.png\",\"contentUrl\":\"https:\\\/\\\/stgbc.bcweededible.net\\\/wp-content\\\/uploads\\\/2021\\\/12\\\/bc-weed-edible-canada.png\",\"width\":270,\"height\":185,\"caption\":\"BC Weed Edible\"},\"image\":{\"@id\":\"https:\\\/\\\/stgbc.bcweededible.net\\\/fr\\\/#\\\/schema\\\/logo\\\/image\\\/\"}}]}<\/script>\n","yoast_head_json":{"title":"Acheter Machine \u00e0 Rouler RAW 1 1\/4 en Ligne Canada | BC Weed Edible","robots":{"index":"index","follow":"follow","max-snippet":"max-snippet:-1","max-image-preview":"max-image-preview:large","max-video-preview":"max-video-preview:-1"},"canonical":"https:\/\/stgbc.bcweededible.net\/fr\/buy\/accessoires\/machine-a-rouler-le-chanvre-raw-1-1-4\/","og_locale":"fr_FR","og_type":"article","og_title":"Acheter Machine \u00e0 Rouler RAW 1 1\/4 en Ligne Canada | BC Weed Edible","og_description":"D\u00e9couvrez la commodit\u00e9 de la machine \u00e0 rouler RAW 79 mm 1 1\/4 et \u00e9levez votre roulage \u00e0 la perfection. Fabriqu\u00e9 en plastique de chanvre respectueux de l'environnement, cet accessoire pratique s'adapte sans effort aux feuilles \u00e0 rouler de 1 1\/4, offrant ainsi une exp\u00e9rience de roulage sans faille \u00e0 chaque fois. Profitez de la simplicit\u00e9 et de la pr\u00e9cision de la conception renomm\u00e9e de RAW et appr\u00e9ciez facilement des joints parfaitement roul\u00e9s. Informations sur la machine \u00e0 rouler RAW Contenu du paquet 1 X Machien \u00e0 rouler RAW de 79mm Convient aux papiers \u00e0 rouler Papier \u00e0 rouler 1 1\/4 Fabriqu\u00e9 \u00e0 partir de Plastique de chanvre allemand respectueux de l'environnement","og_url":"https:\/\/stgbc.bcweededible.net\/fr\/buy\/accessoires\/machine-a-rouler-le-chanvre-raw-1-1-4\/","og_site_name":"BC Weed Edible","article_modified_time":"2025-01-24T07:17:51+00:00","og_image":[{"width":679,"height":679,"url":"https:\/\/stgbc.bcweededible.net\/wp-content\/uploads\/2023\/07\/raw-rolling-machine.png","type":"image\/png"}],"twitter_card":"summary_large_image","schema":{"@context":"https:\/\/schema.org","@graph":[{"@type":"WebPage","@id":"https:\/\/stgbc.bcweededible.net\/fr\/buy\/accessoires\/machine-a-rouler-le-chanvre-raw-1-1-4\/","url":"https:\/\/stgbc.bcweededible.net\/fr\/buy\/accessoires\/machine-a-rouler-le-chanvre-raw-1-1-4\/","name":"Acheter Machine \u00e0 Rouler RAW 1 1\/4 en Ligne Canada | BC Weed Edible","isPartOf":{"@id":"https:\/\/stgbc.bcweededible.net\/fr\/#website"},"primaryImageOfPage":{"@id":"https:\/\/stgbc.bcweededible.net\/fr\/buy\/accessoires\/machine-a-rouler-le-chanvre-raw-1-1-4\/#primaryimage"},"image":{"@id":"https:\/\/stgbc.bcweededible.net\/fr\/buy\/accessoires\/machine-a-rouler-le-chanvre-raw-1-1-4\/#primaryimage"},"thumbnailUrl":"https:\/\/stgbc.bcweededible.net\/wp-content\/uploads\/2023\/07\/raw-rolling-machine.png","datePublished":"2023-08-03T19:08:01+00:00","dateModified":"2025-01-24T07:17:51+00:00","breadcrumb":{"@id":"https:\/\/stgbc.bcweededible.net\/fr\/buy\/accessoires\/machine-a-rouler-le-chanvre-raw-1-1-4\/#breadcrumb"},"inLanguage":"fr-FR","potentialAction":[{"@type":"ReadAction","target":["https:\/\/stgbc.bcweededible.net\/fr\/buy\/accessoires\/machine-a-rouler-le-chanvre-raw-1-1-4\/"]}]},{"@type":"ImageObject","inLanguage":"fr-FR","@id":"https:\/\/stgbc.bcweededible.net\/fr\/buy\/accessoires\/machine-a-rouler-le-chanvre-raw-1-1-4\/#primaryimage","url":"https:\/\/stgbc.bcweededible.net\/wp-content\/uploads\/2023\/07\/raw-rolling-machine.png","contentUrl":"https:\/\/stgbc.bcweededible.net\/wp-content\/uploads\/2023\/07\/raw-rolling-machine.png","width":679,"height":679,"caption":"Raw rolling machine"},{"@type":"BreadcrumbList","@id":"https:\/\/stgbc.bcweededible.net\/fr\/buy\/accessoires\/machine-a-rouler-le-chanvre-raw-1-1-4\/#breadcrumb","itemListElement":[{"@type":"ListItem","position":1,"name":"Jujubes au Pot Canada","item":"https:\/\/stgbc.bcweededible.net\/fr\/shop\/"},{"@type":"ListItem","position":2,"name":"Machine \u00e0 Rouler RAW 1 1\/4"}]},{"@type":"WebSite","@id":"https:\/\/stgbc.bcweededible.net\/fr\/#website","url":"https:\/\/stgbc.bcweededible.net\/fr\/","name":"BC Weed Edible","description":"","publisher":{"@id":"https:\/\/stgbc.bcweededible.net\/fr\/#organization"},"potentialAction":[{"@type":"SearchAction","target":{"@type":"EntryPoint","urlTemplate":"https:\/\/stgbc.bcweededible.net\/fr\/?s={search_term_string}"},"query-input":{"@type":"PropertyValueSpecification","valueRequired":true,"valueName":"search_term_string"}}],"inLanguage":"fr-FR"},{"@type":"Organization","@id":"https:\/\/stgbc.bcweededible.net\/fr\/#organization","name":"BC Weed Edible","url":"https:\/\/stgbc.bcweededible.net\/fr\/","logo":{"@type":"ImageObject","inLanguage":"fr-FR","@id":"https:\/\/stgbc.bcweededible.net\/fr\/#\/schema\/logo\/image\/","url":"https:\/\/stgbc.bcweededible.net\/wp-content\/uploads\/2021\/12\/bc-weed-edible-canada.png","contentUrl":"https:\/\/stgbc.bcweededible.net\/wp-content\/uploads\/2021\/12\/bc-weed-edible-canada.png","width":270,"height":185,"caption":"BC Weed Edible"},"image":{"@id":"https:\/\/stgbc.bcweededible.net\/fr\/#\/schema\/logo\/image\/"}}]}},"_links":{"self":[{"href":"https:\/\/stgbc.bcweededible.net\/fr\/wp-json\/wp\/v2\/product\/39697","targetHints":{"allow":["GET"]}}],"collection":[{"href":"https:\/\/stgbc.bcweededible.net\/fr\/wp-json\/wp\/v2\/product"}],"about":[{"href":"https:\/\/stgbc.bcweededible.net\/fr\/wp-json\/wp\/v2\/types\/product"}],"replies":[{"embeddable":true,"href":"https:\/\/stgbc.bcweededible.net\/fr\/wp-json\/wp\/v2\/comments?post=39697"}],"wp:featuredmedia":[{"embeddable":true,"href":"https:\/\/stgbc.bcweededible.net\/fr\/wp-json\/wp\/v2\/media\/38514"}],"wp:attachment":[{"href":"https:\/\/stgbc.bcweededible.net\/fr\/wp-json\/wp\/v2\/media?parent=39697"}],"wp:term":[{"taxonomy":"product_brand","embeddable":true,"href":"https:\/\/stgbc.bcweededible.net\/fr\/wp-json\/wp\/v2\/product_brand?post=39697"},{"taxonomy":"product_cat","embeddable":true,"href":"https:\/\/stgbc.bcweededible.net\/fr\/wp-json\/wp\/v2\/product_cat?post=39697"},{"taxonomy":"product_tag","embeddable":true,"href":"https:\/\/stgbc.bcweededible.net\/fr\/wp-json\/wp\/v2\/product_tag?post=39697"}],"curies":[{"name":"wp","href":"https:\/\/api.w.org\/{rel}","templated":true}]}}