{"id":39694,"date":"2023-07-25T16:27:22","date_gmt":"2023-08-03T19:08:00","guid":{"rendered":"https:\/\/bcweededible.net\/buy\/non%20class\u00e9\/haze-cbd-hash\/"},"modified":"2024-12-24T11:22:50","modified_gmt":"2024-12-24T19:22:50","slug":"haze-cbd-hash","status":"publish","type":"product","link":"https:\/\/stgbc.bcweededible.net\/fr\/buy\/concentres\/hasch\/hash-importe\/haze-cbd-hash\/","title":{"rendered":"Hash au CBD Haze"},"content":{"rendered":"","protected":false},"excerpt":{"rendered":"<p>Laissez-vous tenter par le d\u00e9licieux <strong>Hash au CBD Haze,<\/strong> une vari\u00e9t\u00e9 de chanvre \u00e0 <a href=\"https:\/\/www.health.harvard.edu\/blog\/cannabidiol-cbd-what-we-know-and-what-we-dont-2018082414476\">haute<\/a> teneur en CBD r\u00e9put\u00e9e pour son <strong>ar\u00f4me sucr\u00e9 et fruit\u00e9<\/strong> avec des notes d&#8217;<strong>agrumes et d&#8217;\u00e9pices<\/strong>. Ses <strong>effets calmants et relaxants<\/strong> en font un choix id\u00e9al pour relaxer. Fabriqu\u00e9 par extraction \u00e0 l&#8217;eau glac\u00e9e, ce haschisch pr\u00e9sente des taux de THC plus \u00e9lev\u00e9s que les m\u00e9thodes traditionnelles de tamisage, mais suffisamment bas pour \u00e9viter les effets psychoactifs. <strong>Commencez par une faible dose et savourez les incroyables bienfaits avant d&#8217;en consommer davantage<\/strong>.<\/p>\n<h2>Informations sur le hash au CBD Haze<\/h2>\n<table>\n<thead>\n<tr>\n<th><span style=\"font-weight: 400;\">Sp\u00e9cifications<\/span><\/th>\n<th><span style=\"font-weight: 400;\">Description<\/span><\/th>\n<\/tr>\n<\/thead>\n<tbody>\n<tr>\n<td>Contenu du CBD<\/td>\n<td>29.3%<\/td>\n<\/tr>\n<tr>\n<td>Teneur en THC<\/td>\n<td>1.1%<\/td>\n<\/tr>\n<tr>\n<td>Couleur<\/td>\n<td>Noir, brun fonc\u00e9<\/td>\n<\/tr>\n<tr>\n<td>Texture<\/td>\n<td>Moelleuse<\/td>\n<\/tr>\n<tr>\n<td>Ar\u00f4mes<\/td>\n<td>Citron, fromage<\/td>\n<\/tr>\n<tr>\n<td>Distinction<\/td>\n<td>P\u00e9tillant<\/td>\n<\/tr>\n<tr>\n<td>Effets<\/td>\n<td>Relaxant, Plaisir<\/td>\n<\/tr>\n<tr>\n<td>M\u00e9thode d&#8217;extraction<\/td>\n<td>Eau glac\u00e9e<\/td>\n<\/tr>\n<\/tbody>\n<\/table>\n","protected":false},"featured_media":38825,"comment_status":"closed","ping_status":"closed","template":"","meta":[],"product_brand":[],"product_cat":[305,628,636,653],"product_tag":[],"class_list":{"0":"post-39694","1":"product","2":"type-product","3":"status-publish","4":"has-post-thumbnail","6":"product_cat-concentres","7":"product_cat-hasch","8":"product_cat-hash-importe","9":"product_cat-hash-premium","11":"first","12":"outofstock","13":"shipping-taxable","14":"purchasable","15":"product-type-variable"},"yoast_head":"\n<title>Acheter Hash au CBD Haze en Ligne Canada | BC Weed Edible<\/title>\n<meta name=\"description\" content=\"D\u00e9couvrez le Hash au CBD Haze apaisant et aromatique - une vari\u00e9t\u00e9 de chanvre \u00e0 haute teneur en CBD avec des notes sucr\u00e9es, fruit\u00e9es et d&#039;agrumes. Les effets calmants et relaxants sont parfaits pour soulager l&#039;anxi\u00e9t\u00e9 et la douleur. Am\u00e9liorez votre exp\u00e9rience du cannabis avec le Hash au CBD Haze. Achetez maintenant et savourez les d\u00e9licieux bienfaits de mani\u00e8re responsable.\" \/>\n<meta name=\"robots\" content=\"index, follow, max-snippet:-1, max-image-preview:large, max-video-preview:-1\" \/>\n<link rel=\"canonical\" href=\"https:\/\/stgbc.bcweededible.net\/fr\/buy\/concentres\/hasch\/hash-importe\/haze-cbd-hash\/\" \/>\n<meta property=\"og:locale\" content=\"fr_FR\" \/>\n<meta property=\"og:type\" content=\"article\" \/>\n<meta property=\"og:title\" content=\"Acheter Hash au CBD Haze en Ligne Canada | BC Weed Edible\" \/>\n<meta property=\"og:description\" content=\"D\u00e9couvrez le Hash au CBD Haze apaisant et aromatique - une vari\u00e9t\u00e9 de chanvre \u00e0 haute teneur en CBD avec des notes sucr\u00e9es, fruit\u00e9es et d&#039;agrumes. Les effets calmants et relaxants sont parfaits pour soulager l&#039;anxi\u00e9t\u00e9 et la douleur. Am\u00e9liorez votre exp\u00e9rience du cannabis avec le Hash au CBD Haze. Achetez maintenant et savourez les d\u00e9licieux bienfaits de mani\u00e8re responsable.\" \/>\n<meta property=\"og:url\" content=\"https:\/\/stgbc.bcweededible.net\/fr\/buy\/concentres\/hasch\/hash-importe\/haze-cbd-hash\/\" \/>\n<meta property=\"og:site_name\" content=\"BC Weed Edible\" \/>\n<meta property=\"article:modified_time\" content=\"2024-12-24T19:22:50+00:00\" \/>\n<meta property=\"og:image\" content=\"https:\/\/stgbc.bcweededible.net\/wp-content\/uploads\/2023\/07\/haze-cbd.png\" \/>\n\t<meta property=\"og:image:width\" content=\"1000\" \/>\n\t<meta property=\"og:image:height\" content=\"1000\" \/>\n\t<meta property=\"og:image:type\" content=\"image\/png\" \/>\n<meta name=\"twitter:card\" content=\"summary_large_image\" \/>\n<script type=\"application\/ld+json\" class=\"yoast-schema-graph\">{\"@context\":\"https:\\\/\\\/schema.org\",\"@graph\":[{\"@type\":\"WebPage\",\"@id\":\"https:\\\/\\\/stgbc.bcweededible.net\\\/fr\\\/buy\\\/concentres\\\/hasch\\\/hash-importe\\\/haze-cbd-hash\\\/\",\"url\":\"https:\\\/\\\/stgbc.bcweededible.net\\\/fr\\\/buy\\\/concentres\\\/hasch\\\/hash-importe\\\/haze-cbd-hash\\\/\",\"name\":\"Acheter Hash au CBD Haze en Ligne Canada | BC Weed Edible\",\"isPartOf\":{\"@id\":\"https:\\\/\\\/stgbc.bcweededible.net\\\/fr\\\/#website\"},\"primaryImageOfPage\":{\"@id\":\"https:\\\/\\\/stgbc.bcweededible.net\\\/fr\\\/buy\\\/concentres\\\/hasch\\\/hash-importe\\\/haze-cbd-hash\\\/#primaryimage\"},\"image\":{\"@id\":\"https:\\\/\\\/stgbc.bcweededible.net\\\/fr\\\/buy\\\/concentres\\\/hasch\\\/hash-importe\\\/haze-cbd-hash\\\/#primaryimage\"},\"thumbnailUrl\":\"https:\\\/\\\/stgbc.bcweededible.net\\\/wp-content\\\/uploads\\\/2023\\\/07\\\/haze-cbd.png\",\"datePublished\":\"2023-08-03T19:08:00+00:00\",\"dateModified\":\"2024-12-24T19:22:50+00:00\",\"description\":\"D\u00e9couvrez le Hash au CBD Haze apaisant et aromatique - une vari\u00e9t\u00e9 de chanvre \u00e0 haute teneur en CBD avec des notes sucr\u00e9es, fruit\u00e9es et d'agrumes. Les effets calmants et relaxants sont parfaits pour soulager l'anxi\u00e9t\u00e9 et la douleur. Am\u00e9liorez votre exp\u00e9rience du cannabis avec le Hash au CBD Haze. Achetez maintenant et savourez les d\u00e9licieux bienfaits de mani\u00e8re responsable.\",\"breadcrumb\":{\"@id\":\"https:\\\/\\\/stgbc.bcweededible.net\\\/fr\\\/buy\\\/concentres\\\/hasch\\\/hash-importe\\\/haze-cbd-hash\\\/#breadcrumb\"},\"inLanguage\":\"fr-FR\",\"potentialAction\":[{\"@type\":\"ReadAction\",\"target\":[\"https:\\\/\\\/stgbc.bcweededible.net\\\/fr\\\/buy\\\/concentres\\\/hasch\\\/hash-importe\\\/haze-cbd-hash\\\/\"]}]},{\"@type\":\"ImageObject\",\"inLanguage\":\"fr-FR\",\"@id\":\"https:\\\/\\\/stgbc.bcweededible.net\\\/fr\\\/buy\\\/concentres\\\/hasch\\\/hash-importe\\\/haze-cbd-hash\\\/#primaryimage\",\"url\":\"https:\\\/\\\/stgbc.bcweededible.net\\\/wp-content\\\/uploads\\\/2023\\\/07\\\/haze-cbd.png\",\"contentUrl\":\"https:\\\/\\\/stgbc.bcweededible.net\\\/wp-content\\\/uploads\\\/2023\\\/07\\\/haze-cbd.png\",\"width\":1000,\"height\":1000},{\"@type\":\"BreadcrumbList\",\"@id\":\"https:\\\/\\\/stgbc.bcweededible.net\\\/fr\\\/buy\\\/concentres\\\/hasch\\\/hash-importe\\\/haze-cbd-hash\\\/#breadcrumb\",\"itemListElement\":[{\"@type\":\"ListItem\",\"position\":1,\"name\":\"Jujubes au Pot Canada\",\"item\":\"https:\\\/\\\/stgbc.bcweededible.net\\\/fr\\\/shop\\\/\"},{\"@type\":\"ListItem\",\"position\":2,\"name\":\"Hash au CBD Haze\"}]},{\"@type\":\"WebSite\",\"@id\":\"https:\\\/\\\/stgbc.bcweededible.net\\\/fr\\\/#website\",\"url\":\"https:\\\/\\\/stgbc.bcweededible.net\\\/fr\\\/\",\"name\":\"BC Weed Edible\",\"description\":\"\",\"publisher\":{\"@id\":\"https:\\\/\\\/stgbc.bcweededible.net\\\/fr\\\/#organization\"},\"potentialAction\":[{\"@type\":\"SearchAction\",\"target\":{\"@type\":\"EntryPoint\",\"urlTemplate\":\"https:\\\/\\\/stgbc.bcweededible.net\\\/fr\\\/?s={search_term_string}\"},\"query-input\":{\"@type\":\"PropertyValueSpecification\",\"valueRequired\":true,\"valueName\":\"search_term_string\"}}],\"inLanguage\":\"fr-FR\"},{\"@type\":\"Organization\",\"@id\":\"https:\\\/\\\/stgbc.bcweededible.net\\\/fr\\\/#organization\",\"name\":\"BC Weed Edible\",\"url\":\"https:\\\/\\\/stgbc.bcweededible.net\\\/fr\\\/\",\"logo\":{\"@type\":\"ImageObject\",\"inLanguage\":\"fr-FR\",\"@id\":\"https:\\\/\\\/stgbc.bcweededible.net\\\/fr\\\/#\\\/schema\\\/logo\\\/image\\\/\",\"url\":\"https:\\\/\\\/stgbc.bcweededible.net\\\/wp-content\\\/uploads\\\/2021\\\/12\\\/bc-weed-edible-canada.png\",\"contentUrl\":\"https:\\\/\\\/stgbc.bcweededible.net\\\/wp-content\\\/uploads\\\/2021\\\/12\\\/bc-weed-edible-canada.png\",\"width\":270,\"height\":185,\"caption\":\"BC Weed Edible\"},\"image\":{\"@id\":\"https:\\\/\\\/stgbc.bcweededible.net\\\/fr\\\/#\\\/schema\\\/logo\\\/image\\\/\"}}]}<\/script>\n","yoast_head_json":{"title":"Acheter Hash au CBD Haze en Ligne Canada | BC Weed Edible","description":"D\u00e9couvrez le Hash au CBD Haze apaisant et aromatique - une vari\u00e9t\u00e9 de chanvre \u00e0 haute teneur en CBD avec des notes sucr\u00e9es, fruit\u00e9es et d'agrumes. Les effets calmants et relaxants sont parfaits pour soulager l'anxi\u00e9t\u00e9 et la douleur. Am\u00e9liorez votre exp\u00e9rience du cannabis avec le Hash au CBD Haze. Achetez maintenant et savourez les d\u00e9licieux bienfaits de mani\u00e8re responsable.","robots":{"index":"index","follow":"follow","max-snippet":"max-snippet:-1","max-image-preview":"max-image-preview:large","max-video-preview":"max-video-preview:-1"},"canonical":"https:\/\/stgbc.bcweededible.net\/fr\/buy\/concentres\/hasch\/hash-importe\/haze-cbd-hash\/","og_locale":"fr_FR","og_type":"article","og_title":"Acheter Hash au CBD Haze en Ligne Canada | BC Weed Edible","og_description":"D\u00e9couvrez le Hash au CBD Haze apaisant et aromatique - une vari\u00e9t\u00e9 de chanvre \u00e0 haute teneur en CBD avec des notes sucr\u00e9es, fruit\u00e9es et d'agrumes. Les effets calmants et relaxants sont parfaits pour soulager l'anxi\u00e9t\u00e9 et la douleur. Am\u00e9liorez votre exp\u00e9rience du cannabis avec le Hash au CBD Haze. Achetez maintenant et savourez les d\u00e9licieux bienfaits de mani\u00e8re responsable.","og_url":"https:\/\/stgbc.bcweededible.net\/fr\/buy\/concentres\/hasch\/hash-importe\/haze-cbd-hash\/","og_site_name":"BC Weed Edible","article_modified_time":"2024-12-24T19:22:50+00:00","og_image":[{"width":1000,"height":1000,"url":"https:\/\/stgbc.bcweededible.net\/wp-content\/uploads\/2023\/07\/haze-cbd.png","type":"image\/png"}],"twitter_card":"summary_large_image","schema":{"@context":"https:\/\/schema.org","@graph":[{"@type":"WebPage","@id":"https:\/\/stgbc.bcweededible.net\/fr\/buy\/concentres\/hasch\/hash-importe\/haze-cbd-hash\/","url":"https:\/\/stgbc.bcweededible.net\/fr\/buy\/concentres\/hasch\/hash-importe\/haze-cbd-hash\/","name":"Acheter Hash au CBD Haze en Ligne Canada | BC Weed Edible","isPartOf":{"@id":"https:\/\/stgbc.bcweededible.net\/fr\/#website"},"primaryImageOfPage":{"@id":"https:\/\/stgbc.bcweededible.net\/fr\/buy\/concentres\/hasch\/hash-importe\/haze-cbd-hash\/#primaryimage"},"image":{"@id":"https:\/\/stgbc.bcweededible.net\/fr\/buy\/concentres\/hasch\/hash-importe\/haze-cbd-hash\/#primaryimage"},"thumbnailUrl":"https:\/\/stgbc.bcweededible.net\/wp-content\/uploads\/2023\/07\/haze-cbd.png","datePublished":"2023-08-03T19:08:00+00:00","dateModified":"2024-12-24T19:22:50+00:00","description":"D\u00e9couvrez le Hash au CBD Haze apaisant et aromatique - une vari\u00e9t\u00e9 de chanvre \u00e0 haute teneur en CBD avec des notes sucr\u00e9es, fruit\u00e9es et d'agrumes. Les effets calmants et relaxants sont parfaits pour soulager l'anxi\u00e9t\u00e9 et la douleur. Am\u00e9liorez votre exp\u00e9rience du cannabis avec le Hash au CBD Haze. Achetez maintenant et savourez les d\u00e9licieux bienfaits de mani\u00e8re responsable.","breadcrumb":{"@id":"https:\/\/stgbc.bcweededible.net\/fr\/buy\/concentres\/hasch\/hash-importe\/haze-cbd-hash\/#breadcrumb"},"inLanguage":"fr-FR","potentialAction":[{"@type":"ReadAction","target":["https:\/\/stgbc.bcweededible.net\/fr\/buy\/concentres\/hasch\/hash-importe\/haze-cbd-hash\/"]}]},{"@type":"ImageObject","inLanguage":"fr-FR","@id":"https:\/\/stgbc.bcweededible.net\/fr\/buy\/concentres\/hasch\/hash-importe\/haze-cbd-hash\/#primaryimage","url":"https:\/\/stgbc.bcweededible.net\/wp-content\/uploads\/2023\/07\/haze-cbd.png","contentUrl":"https:\/\/stgbc.bcweededible.net\/wp-content\/uploads\/2023\/07\/haze-cbd.png","width":1000,"height":1000},{"@type":"BreadcrumbList","@id":"https:\/\/stgbc.bcweededible.net\/fr\/buy\/concentres\/hasch\/hash-importe\/haze-cbd-hash\/#breadcrumb","itemListElement":[{"@type":"ListItem","position":1,"name":"Jujubes au Pot Canada","item":"https:\/\/stgbc.bcweededible.net\/fr\/shop\/"},{"@type":"ListItem","position":2,"name":"Hash au CBD Haze"}]},{"@type":"WebSite","@id":"https:\/\/stgbc.bcweededible.net\/fr\/#website","url":"https:\/\/stgbc.bcweededible.net\/fr\/","name":"BC Weed Edible","description":"","publisher":{"@id":"https:\/\/stgbc.bcweededible.net\/fr\/#organization"},"potentialAction":[{"@type":"SearchAction","target":{"@type":"EntryPoint","urlTemplate":"https:\/\/stgbc.bcweededible.net\/fr\/?s={search_term_string}"},"query-input":{"@type":"PropertyValueSpecification","valueRequired":true,"valueName":"search_term_string"}}],"inLanguage":"fr-FR"},{"@type":"Organization","@id":"https:\/\/stgbc.bcweededible.net\/fr\/#organization","name":"BC Weed Edible","url":"https:\/\/stgbc.bcweededible.net\/fr\/","logo":{"@type":"ImageObject","inLanguage":"fr-FR","@id":"https:\/\/stgbc.bcweededible.net\/fr\/#\/schema\/logo\/image\/","url":"https:\/\/stgbc.bcweededible.net\/wp-content\/uploads\/2021\/12\/bc-weed-edible-canada.png","contentUrl":"https:\/\/stgbc.bcweededible.net\/wp-content\/uploads\/2021\/12\/bc-weed-edible-canada.png","width":270,"height":185,"caption":"BC Weed Edible"},"image":{"@id":"https:\/\/stgbc.bcweededible.net\/fr\/#\/schema\/logo\/image\/"}}]}},"_links":{"self":[{"href":"https:\/\/stgbc.bcweededible.net\/fr\/wp-json\/wp\/v2\/product\/39694","targetHints":{"allow":["GET"]}}],"collection":[{"href":"https:\/\/stgbc.bcweededible.net\/fr\/wp-json\/wp\/v2\/product"}],"about":[{"href":"https:\/\/stgbc.bcweededible.net\/fr\/wp-json\/wp\/v2\/types\/product"}],"replies":[{"embeddable":true,"href":"https:\/\/stgbc.bcweededible.net\/fr\/wp-json\/wp\/v2\/comments?post=39694"}],"wp:featuredmedia":[{"embeddable":true,"href":"https:\/\/stgbc.bcweededible.net\/fr\/wp-json\/wp\/v2\/media\/38825"}],"wp:attachment":[{"href":"https:\/\/stgbc.bcweededible.net\/fr\/wp-json\/wp\/v2\/media?parent=39694"}],"wp:term":[{"taxonomy":"product_brand","embeddable":true,"href":"https:\/\/stgbc.bcweededible.net\/fr\/wp-json\/wp\/v2\/product_brand?post=39694"},{"taxonomy":"product_cat","embeddable":true,"href":"https:\/\/stgbc.bcweededible.net\/fr\/wp-json\/wp\/v2\/product_cat?post=39694"},{"taxonomy":"product_tag","embeddable":true,"href":"https:\/\/stgbc.bcweededible.net\/fr\/wp-json\/wp\/v2\/product_tag?post=39694"}],"curies":[{"name":"wp","href":"https:\/\/api.w.org\/{rel}","templated":true}]}}