{"id":39693,"date":"2023-07-26T11:12:11","date_gmt":"2023-08-03T19:08:00","guid":{"rendered":"https:\/\/bcweededible.net\/buy\/non%20class\u00e9\/purple-haze-kief-59-oz\/"},"modified":"2025-04-24T22:49:47","modified_gmt":"2025-04-25T05:49:47","slug":"violet-haze-kief-59-oz","status":"publish","type":"product","link":"https:\/\/stgbc.bcweededible.net\/fr\/buy\/concentres\/kief-fr\/violet-haze-kief-59-oz\/","title":{"rendered":"Kief Purple Haze ($59\/oz)"},"content":{"rendered":"","protected":false},"excerpt":{"rendered":"<p>Percez les myst\u00e8res de ce <strong><a href=\"https:\/\/stgbc.bcweededible.net\/shop\/concentrates\/\">concentr\u00e9 de cannabis<\/a> \u00e0 dominance sativa et <\/strong>plongez dans le royaume de la <strong>puissante<\/strong> Purple Haze. Vous ressentirez un <strong>effet intense<\/strong> en savourant les cristaux poudreux, connus sous le nom de <a href=\"https:\/\/stgbc.bcweededible.net\/shop\/concentrates\/kief\/\">kief<\/a>, extraits de la <a href=\"https:\/\/stgbc.bcweededible.net\/shop\/cannabis-flowers\/\">fleur de marijuana<\/a>.<\/p>\n<p>Depuis des si\u00e8cles, le kief est appr\u00e9ci\u00e9 pour sa <strong>teneur concentr\u00e9e en cannabino\u00efdes<\/strong>. Il s&#8217;agit d&#8217;une poudre l\u00e9g\u00e8rement color\u00e9e, remplie de cannabino\u00efdes, qui vous permettra d&#8217;atteindre de nouveaux sommets dans votre voyage autour du cannabis. Poss\u00e8de des niveaux de cannabino\u00efdes significativement plus \u00e9lev\u00e9s que la fleur de cannabis traditionnelle. Profitez de la polyvalence de cet extraordinaire produit du cannabis, qui vous permet de l&#8217;appr\u00e9cier de multiples fa\u00e7ons.<\/p>\n<h2>Informations sur le kief Purple Haze<\/h2>\n<table>\n<tbody>\n<tr>\n<td><strong>Type de vari\u00e9t\u00e9<\/strong><\/td>\n<td>Hybride \u00e0 dominance <a href=\"https:\/\/stgbc.bcweededible.net\/shop\/cannabis-flowers\/sativa\/\">Sativa<\/a><\/td>\n<\/tr>\n<tr>\n<td><strong>Teneur en THC<\/strong><\/td>\n<td>Environ 14-19%<\/td>\n<\/tr>\n<tr>\n<td><strong>Effets<\/strong><\/td>\n<td>Stimulation c\u00e9r\u00e9brale imm\u00e9diate et \u00e9nergique, inspiration cr\u00e9ative, satisfaction divine, l\u00e9g\u00e8re sensation d&#8217;euphorie.<\/td>\n<\/tr>\n<tr>\n<td><strong>Apparence<\/strong><\/td>\n<td>Vert menthe clair avec des nuances violettes<\/td>\n<\/tr>\n<tr>\n<td><strong>Ar\u00f4me<\/strong><\/td>\n<td>Baies sucr\u00e9es et terreuses<\/td>\n<\/tr>\n<tr>\n<td><strong>Go\u00fbt<\/strong><\/td>\n<td>Baies avec un soup\u00e7on d&#8217;\u00e9pices<\/td>\n<\/tr>\n<\/tbody>\n<\/table>\n","protected":false},"featured_media":38942,"comment_status":"closed","ping_status":"closed","template":"","meta":[],"product_brand":[],"product_cat":[305,534],"product_tag":[],"class_list":{"0":"post-39693","1":"product","2":"type-product","3":"status-publish","4":"has-post-thumbnail","6":"product_cat-concentres","7":"product_cat-kief-fr","9":"first","10":"outofstock","11":"sale","12":"shipping-taxable","13":"purchasable","14":"product-type-variable"},"yoast_head":"\n<title>Acheter Kief Purple Haze ($59\/oz) en Ligne Canada | BC Weed Edible<\/title>\n<meta name=\"description\" content=\"Faites l&#039;exp\u00e9rience de l&#039;euphorie ultime avec Purple Haze Kief, un puissant concentr\u00e9 de cannabis r\u00e9colt\u00e9 \u00e0 partir des meilleures fleurs de marijuana. \u00c9levez vos sens avec cette poudre puissante, remplie de cannabino\u00efdes, qui procure un high intense comme aucun autre. D\u00e9couvrez les secrets de cette vari\u00e9t\u00e9 \u00e0 dominance sativa et profitez d&#039;un produit de cannabis polyvalent qui am\u00e9liore votre consommation de cannabino\u00efdes.\" \/>\n<meta name=\"robots\" content=\"index, follow, max-snippet:-1, max-image-preview:large, max-video-preview:-1\" \/>\n<link rel=\"canonical\" href=\"https:\/\/stgbc.bcweededible.net\/fr\/buy\/concentres\/kief-fr\/violet-haze-kief-59-oz\/\" \/>\n<meta property=\"og:locale\" content=\"fr_FR\" \/>\n<meta property=\"og:type\" content=\"article\" \/>\n<meta property=\"og:title\" content=\"Acheter Kief Purple Haze ($59\/oz) en Ligne Canada | BC Weed Edible\" \/>\n<meta property=\"og:description\" content=\"Faites l&#039;exp\u00e9rience de l&#039;euphorie ultime avec Purple Haze Kief, un puissant concentr\u00e9 de cannabis r\u00e9colt\u00e9 \u00e0 partir des meilleures fleurs de marijuana. \u00c9levez vos sens avec cette poudre puissante, remplie de cannabino\u00efdes, qui procure un high intense comme aucun autre. D\u00e9couvrez les secrets de cette vari\u00e9t\u00e9 \u00e0 dominance sativa et profitez d&#039;un produit de cannabis polyvalent qui am\u00e9liore votre consommation de cannabino\u00efdes.\" \/>\n<meta property=\"og:url\" content=\"https:\/\/stgbc.bcweededible.net\/fr\/buy\/concentres\/kief-fr\/violet-haze-kief-59-oz\/\" \/>\n<meta property=\"og:site_name\" content=\"BC Weed Edible\" \/>\n<meta property=\"article:modified_time\" content=\"2025-04-25T05:49:47+00:00\" \/>\n<meta property=\"og:image\" content=\"https:\/\/stgbc.bcweededible.net\/wp-content\/uploads\/2023\/07\/kief-purple-haze-min.png\" \/>\n\t<meta property=\"og:image:width\" content=\"850\" \/>\n\t<meta property=\"og:image:height\" content=\"850\" \/>\n\t<meta property=\"og:image:type\" content=\"image\/png\" \/>\n<meta name=\"twitter:card\" content=\"summary_large_image\" \/>\n<script type=\"application\/ld+json\" class=\"yoast-schema-graph\">{\"@context\":\"https:\\\/\\\/schema.org\",\"@graph\":[{\"@type\":\"WebPage\",\"@id\":\"https:\\\/\\\/stgbc.bcweededible.net\\\/fr\\\/buy\\\/concentres\\\/kief-fr\\\/violet-haze-kief-59-oz\\\/\",\"url\":\"https:\\\/\\\/stgbc.bcweededible.net\\\/fr\\\/buy\\\/concentres\\\/kief-fr\\\/violet-haze-kief-59-oz\\\/\",\"name\":\"Acheter Kief Purple Haze ($59\\\/oz) en Ligne Canada | BC Weed Edible\",\"isPartOf\":{\"@id\":\"https:\\\/\\\/stgbc.bcweededible.net\\\/fr\\\/#website\"},\"primaryImageOfPage\":{\"@id\":\"https:\\\/\\\/stgbc.bcweededible.net\\\/fr\\\/buy\\\/concentres\\\/kief-fr\\\/violet-haze-kief-59-oz\\\/#primaryimage\"},\"image\":{\"@id\":\"https:\\\/\\\/stgbc.bcweededible.net\\\/fr\\\/buy\\\/concentres\\\/kief-fr\\\/violet-haze-kief-59-oz\\\/#primaryimage\"},\"thumbnailUrl\":\"https:\\\/\\\/stgbc.bcweededible.net\\\/wp-content\\\/uploads\\\/2023\\\/07\\\/kief-purple-haze-min.png\",\"datePublished\":\"2023-08-03T19:08:00+00:00\",\"dateModified\":\"2025-04-25T05:49:47+00:00\",\"description\":\"Faites l'exp\u00e9rience de l'euphorie ultime avec Purple Haze Kief, un puissant concentr\u00e9 de cannabis r\u00e9colt\u00e9 \u00e0 partir des meilleures fleurs de marijuana. \u00c9levez vos sens avec cette poudre puissante, remplie de cannabino\u00efdes, qui procure un high intense comme aucun autre. D\u00e9couvrez les secrets de cette vari\u00e9t\u00e9 \u00e0 dominance sativa et profitez d'un produit de cannabis polyvalent qui am\u00e9liore votre consommation de cannabino\u00efdes.\",\"breadcrumb\":{\"@id\":\"https:\\\/\\\/stgbc.bcweededible.net\\\/fr\\\/buy\\\/concentres\\\/kief-fr\\\/violet-haze-kief-59-oz\\\/#breadcrumb\"},\"inLanguage\":\"fr-FR\",\"potentialAction\":[{\"@type\":\"ReadAction\",\"target\":[\"https:\\\/\\\/stgbc.bcweededible.net\\\/fr\\\/buy\\\/concentres\\\/kief-fr\\\/violet-haze-kief-59-oz\\\/\"]}]},{\"@type\":\"ImageObject\",\"inLanguage\":\"fr-FR\",\"@id\":\"https:\\\/\\\/stgbc.bcweededible.net\\\/fr\\\/buy\\\/concentres\\\/kief-fr\\\/violet-haze-kief-59-oz\\\/#primaryimage\",\"url\":\"https:\\\/\\\/stgbc.bcweededible.net\\\/wp-content\\\/uploads\\\/2023\\\/07\\\/kief-purple-haze-min.png\",\"contentUrl\":\"https:\\\/\\\/stgbc.bcweededible.net\\\/wp-content\\\/uploads\\\/2023\\\/07\\\/kief-purple-haze-min.png\",\"width\":850,\"height\":850,\"caption\":\"Kief purple haze\"},{\"@type\":\"BreadcrumbList\",\"@id\":\"https:\\\/\\\/stgbc.bcweededible.net\\\/fr\\\/buy\\\/concentres\\\/kief-fr\\\/violet-haze-kief-59-oz\\\/#breadcrumb\",\"itemListElement\":[{\"@type\":\"ListItem\",\"position\":1,\"name\":\"Jujubes au Pot Canada\",\"item\":\"https:\\\/\\\/stgbc.bcweededible.net\\\/fr\\\/shop\\\/\"},{\"@type\":\"ListItem\",\"position\":2,\"name\":\"Kief Purple Haze ($59\\\/oz)\"}]},{\"@type\":\"WebSite\",\"@id\":\"https:\\\/\\\/stgbc.bcweededible.net\\\/fr\\\/#website\",\"url\":\"https:\\\/\\\/stgbc.bcweededible.net\\\/fr\\\/\",\"name\":\"BC Weed Edible\",\"description\":\"\",\"publisher\":{\"@id\":\"https:\\\/\\\/stgbc.bcweededible.net\\\/fr\\\/#organization\"},\"potentialAction\":[{\"@type\":\"SearchAction\",\"target\":{\"@type\":\"EntryPoint\",\"urlTemplate\":\"https:\\\/\\\/stgbc.bcweededible.net\\\/fr\\\/?s={search_term_string}\"},\"query-input\":{\"@type\":\"PropertyValueSpecification\",\"valueRequired\":true,\"valueName\":\"search_term_string\"}}],\"inLanguage\":\"fr-FR\"},{\"@type\":\"Organization\",\"@id\":\"https:\\\/\\\/stgbc.bcweededible.net\\\/fr\\\/#organization\",\"name\":\"BC Weed Edible\",\"url\":\"https:\\\/\\\/stgbc.bcweededible.net\\\/fr\\\/\",\"logo\":{\"@type\":\"ImageObject\",\"inLanguage\":\"fr-FR\",\"@id\":\"https:\\\/\\\/stgbc.bcweededible.net\\\/fr\\\/#\\\/schema\\\/logo\\\/image\\\/\",\"url\":\"https:\\\/\\\/stgbc.bcweededible.net\\\/wp-content\\\/uploads\\\/2021\\\/12\\\/bc-weed-edible-canada.png\",\"contentUrl\":\"https:\\\/\\\/stgbc.bcweededible.net\\\/wp-content\\\/uploads\\\/2021\\\/12\\\/bc-weed-edible-canada.png\",\"width\":270,\"height\":185,\"caption\":\"BC Weed Edible\"},\"image\":{\"@id\":\"https:\\\/\\\/stgbc.bcweededible.net\\\/fr\\\/#\\\/schema\\\/logo\\\/image\\\/\"}}]}<\/script>\n","yoast_head_json":{"title":"Acheter Kief Purple Haze ($59\/oz) en Ligne Canada | BC Weed Edible","description":"Faites l'exp\u00e9rience de l'euphorie ultime avec Purple Haze Kief, un puissant concentr\u00e9 de cannabis r\u00e9colt\u00e9 \u00e0 partir des meilleures fleurs de marijuana. \u00c9levez vos sens avec cette poudre puissante, remplie de cannabino\u00efdes, qui procure un high intense comme aucun autre. D\u00e9couvrez les secrets de cette vari\u00e9t\u00e9 \u00e0 dominance sativa et profitez d'un produit de cannabis polyvalent qui am\u00e9liore votre consommation de cannabino\u00efdes.","robots":{"index":"index","follow":"follow","max-snippet":"max-snippet:-1","max-image-preview":"max-image-preview:large","max-video-preview":"max-video-preview:-1"},"canonical":"https:\/\/stgbc.bcweededible.net\/fr\/buy\/concentres\/kief-fr\/violet-haze-kief-59-oz\/","og_locale":"fr_FR","og_type":"article","og_title":"Acheter Kief Purple Haze ($59\/oz) en Ligne Canada | BC Weed Edible","og_description":"Faites l'exp\u00e9rience de l'euphorie ultime avec Purple Haze Kief, un puissant concentr\u00e9 de cannabis r\u00e9colt\u00e9 \u00e0 partir des meilleures fleurs de marijuana. \u00c9levez vos sens avec cette poudre puissante, remplie de cannabino\u00efdes, qui procure un high intense comme aucun autre. D\u00e9couvrez les secrets de cette vari\u00e9t\u00e9 \u00e0 dominance sativa et profitez d'un produit de cannabis polyvalent qui am\u00e9liore votre consommation de cannabino\u00efdes.","og_url":"https:\/\/stgbc.bcweededible.net\/fr\/buy\/concentres\/kief-fr\/violet-haze-kief-59-oz\/","og_site_name":"BC Weed Edible","article_modified_time":"2025-04-25T05:49:47+00:00","og_image":[{"width":850,"height":850,"url":"https:\/\/stgbc.bcweededible.net\/wp-content\/uploads\/2023\/07\/kief-purple-haze-min.png","type":"image\/png"}],"twitter_card":"summary_large_image","schema":{"@context":"https:\/\/schema.org","@graph":[{"@type":"WebPage","@id":"https:\/\/stgbc.bcweededible.net\/fr\/buy\/concentres\/kief-fr\/violet-haze-kief-59-oz\/","url":"https:\/\/stgbc.bcweededible.net\/fr\/buy\/concentres\/kief-fr\/violet-haze-kief-59-oz\/","name":"Acheter Kief Purple Haze ($59\/oz) en Ligne Canada | BC Weed Edible","isPartOf":{"@id":"https:\/\/stgbc.bcweededible.net\/fr\/#website"},"primaryImageOfPage":{"@id":"https:\/\/stgbc.bcweededible.net\/fr\/buy\/concentres\/kief-fr\/violet-haze-kief-59-oz\/#primaryimage"},"image":{"@id":"https:\/\/stgbc.bcweededible.net\/fr\/buy\/concentres\/kief-fr\/violet-haze-kief-59-oz\/#primaryimage"},"thumbnailUrl":"https:\/\/stgbc.bcweededible.net\/wp-content\/uploads\/2023\/07\/kief-purple-haze-min.png","datePublished":"2023-08-03T19:08:00+00:00","dateModified":"2025-04-25T05:49:47+00:00","description":"Faites l'exp\u00e9rience de l'euphorie ultime avec Purple Haze Kief, un puissant concentr\u00e9 de cannabis r\u00e9colt\u00e9 \u00e0 partir des meilleures fleurs de marijuana. \u00c9levez vos sens avec cette poudre puissante, remplie de cannabino\u00efdes, qui procure un high intense comme aucun autre. D\u00e9couvrez les secrets de cette vari\u00e9t\u00e9 \u00e0 dominance sativa et profitez d'un produit de cannabis polyvalent qui am\u00e9liore votre consommation de cannabino\u00efdes.","breadcrumb":{"@id":"https:\/\/stgbc.bcweededible.net\/fr\/buy\/concentres\/kief-fr\/violet-haze-kief-59-oz\/#breadcrumb"},"inLanguage":"fr-FR","potentialAction":[{"@type":"ReadAction","target":["https:\/\/stgbc.bcweededible.net\/fr\/buy\/concentres\/kief-fr\/violet-haze-kief-59-oz\/"]}]},{"@type":"ImageObject","inLanguage":"fr-FR","@id":"https:\/\/stgbc.bcweededible.net\/fr\/buy\/concentres\/kief-fr\/violet-haze-kief-59-oz\/#primaryimage","url":"https:\/\/stgbc.bcweededible.net\/wp-content\/uploads\/2023\/07\/kief-purple-haze-min.png","contentUrl":"https:\/\/stgbc.bcweededible.net\/wp-content\/uploads\/2023\/07\/kief-purple-haze-min.png","width":850,"height":850,"caption":"Kief purple haze"},{"@type":"BreadcrumbList","@id":"https:\/\/stgbc.bcweededible.net\/fr\/buy\/concentres\/kief-fr\/violet-haze-kief-59-oz\/#breadcrumb","itemListElement":[{"@type":"ListItem","position":1,"name":"Jujubes au Pot Canada","item":"https:\/\/stgbc.bcweededible.net\/fr\/shop\/"},{"@type":"ListItem","position":2,"name":"Kief Purple Haze ($59\/oz)"}]},{"@type":"WebSite","@id":"https:\/\/stgbc.bcweededible.net\/fr\/#website","url":"https:\/\/stgbc.bcweededible.net\/fr\/","name":"BC Weed Edible","description":"","publisher":{"@id":"https:\/\/stgbc.bcweededible.net\/fr\/#organization"},"potentialAction":[{"@type":"SearchAction","target":{"@type":"EntryPoint","urlTemplate":"https:\/\/stgbc.bcweededible.net\/fr\/?s={search_term_string}"},"query-input":{"@type":"PropertyValueSpecification","valueRequired":true,"valueName":"search_term_string"}}],"inLanguage":"fr-FR"},{"@type":"Organization","@id":"https:\/\/stgbc.bcweededible.net\/fr\/#organization","name":"BC Weed Edible","url":"https:\/\/stgbc.bcweededible.net\/fr\/","logo":{"@type":"ImageObject","inLanguage":"fr-FR","@id":"https:\/\/stgbc.bcweededible.net\/fr\/#\/schema\/logo\/image\/","url":"https:\/\/stgbc.bcweededible.net\/wp-content\/uploads\/2021\/12\/bc-weed-edible-canada.png","contentUrl":"https:\/\/stgbc.bcweededible.net\/wp-content\/uploads\/2021\/12\/bc-weed-edible-canada.png","width":270,"height":185,"caption":"BC Weed Edible"},"image":{"@id":"https:\/\/stgbc.bcweededible.net\/fr\/#\/schema\/logo\/image\/"}}]}},"_links":{"self":[{"href":"https:\/\/stgbc.bcweededible.net\/fr\/wp-json\/wp\/v2\/product\/39693","targetHints":{"allow":["GET"]}}],"collection":[{"href":"https:\/\/stgbc.bcweededible.net\/fr\/wp-json\/wp\/v2\/product"}],"about":[{"href":"https:\/\/stgbc.bcweededible.net\/fr\/wp-json\/wp\/v2\/types\/product"}],"replies":[{"embeddable":true,"href":"https:\/\/stgbc.bcweededible.net\/fr\/wp-json\/wp\/v2\/comments?post=39693"}],"wp:featuredmedia":[{"embeddable":true,"href":"https:\/\/stgbc.bcweededible.net\/fr\/wp-json\/wp\/v2\/media\/38942"}],"wp:attachment":[{"href":"https:\/\/stgbc.bcweededible.net\/fr\/wp-json\/wp\/v2\/media?parent=39693"}],"wp:term":[{"taxonomy":"product_brand","embeddable":true,"href":"https:\/\/stgbc.bcweededible.net\/fr\/wp-json\/wp\/v2\/product_brand?post=39693"},{"taxonomy":"product_cat","embeddable":true,"href":"https:\/\/stgbc.bcweededible.net\/fr\/wp-json\/wp\/v2\/product_cat?post=39693"},{"taxonomy":"product_tag","embeddable":true,"href":"https:\/\/stgbc.bcweededible.net\/fr\/wp-json\/wp\/v2\/product_tag?post=39693"}],"curies":[{"name":"wp","href":"https:\/\/api.w.org\/{rel}","templated":true}]}}