{"id":39692,"date":"2023-07-25T16:27:16","date_gmt":"2023-08-03T19:07:59","guid":{"rendered":"https:\/\/bcweededible.net\/buy\/non%20class\u00e9\/hachis-de-turc-rouge\/"},"modified":"2025-10-11T20:29:20","modified_gmt":"2025-10-12T03:29:20","slug":"rouge-turc-hache","status":"publish","type":"product","link":"https:\/\/stgbc.bcweededible.net\/fr\/buy\/concentres\/hasch\/hash-importe\/rouge-turc-hache\/","title":{"rendered":"Hash Turc Rouge"},"content":{"rendered":"","protected":false},"excerpt":{"rendered":"<p>D\u00e9couvrez le summum des <a href=\"https:\/\/stgbc.bcweededible.net\/shop\/concentrates\/\">concentr\u00e9s de cannabis<\/a> avec <strong>Hash Turc Rouge<\/strong>. Son incroyable <strong>couleur rouge<\/strong> fonc\u00e9 <strong>est vraiment fascinante<\/strong>, tandis que sa texture moelleuse et son ar\u00f4me enchanteur de pin et de notes terreuses vous transportent dans un monde de pur d\u00e9lice. <strong>Achetez le hash Turc Rouge<\/strong> d\u00e8s maintenant et laissez-vous tenter par une exp\u00e9rience <a href=\"https:\/\/stgbc.bcweededible.net\/shop\/concentrates\/hash\/\">hash<\/a> in\u00e9gal\u00e9e qui vous donnera envie d&#8217;en redemander.<\/p>\n<h2 class=\"product_title entry-title\">Informations sur le hash Turc Rouge<\/h2>\n<table>\n<tbody>\n<tr>\n<td>Couleur<\/td>\n<td>Rouge fonc\u00e9<\/td>\n<\/tr>\n<tr>\n<td>Texture<\/td>\n<td>Moelleuse<\/td>\n<\/tr>\n<tr>\n<td>Ar\u00f4mes<\/td>\n<td>Pin, terreux<\/td>\n<\/tr>\n<tr>\n<td>Parfait pour<\/td>\n<td>Utilisation nocturne<\/td>\n<\/tr>\n<tr>\n<td>Effets<\/td>\n<td>Relaxant<\/td>\n<\/tr>\n<\/tbody>\n<\/table>\n","protected":false},"featured_media":38759,"comment_status":"open","ping_status":"closed","template":"","meta":[],"product_brand":[],"product_cat":[305,628,636,653],"product_tag":[],"class_list":{"0":"post-39692","1":"product","2":"type-product","3":"status-publish","4":"has-post-thumbnail","6":"product_cat-concentres","7":"product_cat-hasch","8":"product_cat-hash-importe","9":"product_cat-hash-premium","11":"first","12":"outofstock","13":"shipping-taxable","14":"purchasable","15":"product-type-variable"},"yoast_head":"\n<title>Acheter Hash Turc Rouge en Ligne Canada | BC Weed Edible<\/title>\n<meta name=\"description\" content=\"D\u00e9couvrez l&#039;attrait captivant de Red Turk Hash - un concentr\u00e9 de cannabis qui ne ressemble \u00e0 aucun autre. Avec son incroyable couleur rouge fonc\u00e9, sa texture douce et son ar\u00f4me envo\u00fbtant de pin et de terre, ce haschisch offre une exp\u00e9rience envo\u00fbtante. Am\u00e9liorez votre exp\u00e9rience du cannabis et achetez Red Turk Hash d\u00e8s aujourd&#039;hui pour un go\u00fbt in\u00e9gal\u00e9 de plaisir et de relaxation.\" \/>\n<meta name=\"robots\" content=\"index, follow, max-snippet:-1, max-image-preview:large, max-video-preview:-1\" \/>\n<link rel=\"canonical\" href=\"https:\/\/stgbc.bcweededible.net\/fr\/buy\/concentres\/hasch\/hash-importe\/rouge-turc-hache\/\" \/>\n<meta property=\"og:locale\" content=\"fr_FR\" \/>\n<meta property=\"og:type\" content=\"article\" \/>\n<meta property=\"og:title\" content=\"Acheter Hash Turc Rouge en Ligne Canada | BC Weed Edible\" \/>\n<meta property=\"og:description\" content=\"D\u00e9couvrez l&#039;attrait captivant de Red Turk Hash - un concentr\u00e9 de cannabis qui ne ressemble \u00e0 aucun autre. Avec son incroyable couleur rouge fonc\u00e9, sa texture douce et son ar\u00f4me envo\u00fbtant de pin et de terre, ce haschisch offre une exp\u00e9rience envo\u00fbtante. Am\u00e9liorez votre exp\u00e9rience du cannabis et achetez Red Turk Hash d\u00e8s aujourd&#039;hui pour un go\u00fbt in\u00e9gal\u00e9 de plaisir et de relaxation.\" \/>\n<meta property=\"og:url\" content=\"https:\/\/stgbc.bcweededible.net\/fr\/buy\/concentres\/hasch\/hash-importe\/rouge-turc-hache\/\" \/>\n<meta property=\"og:site_name\" content=\"BC Weed Edible\" \/>\n<meta property=\"article:modified_time\" content=\"2025-10-12T03:29:20+00:00\" \/>\n<meta property=\"og:image\" content=\"https:\/\/stgbc.bcweededible.net\/wp-content\/uploads\/2023\/07\/red-turk-hash2.png\" \/>\n\t<meta property=\"og:image:width\" content=\"700\" \/>\n\t<meta property=\"og:image:height\" content=\"700\" \/>\n\t<meta property=\"og:image:type\" content=\"image\/png\" \/>\n<meta name=\"twitter:card\" content=\"summary_large_image\" \/>\n<script type=\"application\/ld+json\" class=\"yoast-schema-graph\">{\"@context\":\"https:\\\/\\\/schema.org\",\"@graph\":[{\"@type\":\"WebPage\",\"@id\":\"https:\\\/\\\/stgbc.bcweededible.net\\\/fr\\\/buy\\\/concentres\\\/hasch\\\/hash-importe\\\/rouge-turc-hache\\\/\",\"url\":\"https:\\\/\\\/stgbc.bcweededible.net\\\/fr\\\/buy\\\/concentres\\\/hasch\\\/hash-importe\\\/rouge-turc-hache\\\/\",\"name\":\"Acheter Hash Turc Rouge en Ligne Canada | BC Weed Edible\",\"isPartOf\":{\"@id\":\"https:\\\/\\\/stgbc.bcweededible.net\\\/fr\\\/#website\"},\"primaryImageOfPage\":{\"@id\":\"https:\\\/\\\/stgbc.bcweededible.net\\\/fr\\\/buy\\\/concentres\\\/hasch\\\/hash-importe\\\/rouge-turc-hache\\\/#primaryimage\"},\"image\":{\"@id\":\"https:\\\/\\\/stgbc.bcweededible.net\\\/fr\\\/buy\\\/concentres\\\/hasch\\\/hash-importe\\\/rouge-turc-hache\\\/#primaryimage\"},\"thumbnailUrl\":\"https:\\\/\\\/stgbc.bcweededible.net\\\/wp-content\\\/uploads\\\/2023\\\/07\\\/red-turk-hash2.png\",\"datePublished\":\"2023-08-03T19:07:59+00:00\",\"dateModified\":\"2025-10-12T03:29:20+00:00\",\"description\":\"D\u00e9couvrez l'attrait captivant de Red Turk Hash - un concentr\u00e9 de cannabis qui ne ressemble \u00e0 aucun autre. Avec son incroyable couleur rouge fonc\u00e9, sa texture douce et son ar\u00f4me envo\u00fbtant de pin et de terre, ce haschisch offre une exp\u00e9rience envo\u00fbtante. Am\u00e9liorez votre exp\u00e9rience du cannabis et achetez Red Turk Hash d\u00e8s aujourd'hui pour un go\u00fbt in\u00e9gal\u00e9 de plaisir et de relaxation.\",\"breadcrumb\":{\"@id\":\"https:\\\/\\\/stgbc.bcweededible.net\\\/fr\\\/buy\\\/concentres\\\/hasch\\\/hash-importe\\\/rouge-turc-hache\\\/#breadcrumb\"},\"inLanguage\":\"fr-FR\",\"potentialAction\":[{\"@type\":\"ReadAction\",\"target\":[\"https:\\\/\\\/stgbc.bcweededible.net\\\/fr\\\/buy\\\/concentres\\\/hasch\\\/hash-importe\\\/rouge-turc-hache\\\/\"]}]},{\"@type\":\"ImageObject\",\"inLanguage\":\"fr-FR\",\"@id\":\"https:\\\/\\\/stgbc.bcweededible.net\\\/fr\\\/buy\\\/concentres\\\/hasch\\\/hash-importe\\\/rouge-turc-hache\\\/#primaryimage\",\"url\":\"https:\\\/\\\/stgbc.bcweededible.net\\\/wp-content\\\/uploads\\\/2023\\\/07\\\/red-turk-hash2.png\",\"contentUrl\":\"https:\\\/\\\/stgbc.bcweededible.net\\\/wp-content\\\/uploads\\\/2023\\\/07\\\/red-turk-hash2.png\",\"width\":700,\"height\":700,\"caption\":\"Red Turk Hash\"},{\"@type\":\"BreadcrumbList\",\"@id\":\"https:\\\/\\\/stgbc.bcweededible.net\\\/fr\\\/buy\\\/concentres\\\/hasch\\\/hash-importe\\\/rouge-turc-hache\\\/#breadcrumb\",\"itemListElement\":[{\"@type\":\"ListItem\",\"position\":1,\"name\":\"Jujubes au Pot Canada\",\"item\":\"https:\\\/\\\/stgbc.bcweededible.net\\\/fr\\\/shop\\\/\"},{\"@type\":\"ListItem\",\"position\":2,\"name\":\"Hash Turc Rouge\"}]},{\"@type\":\"WebSite\",\"@id\":\"https:\\\/\\\/stgbc.bcweededible.net\\\/fr\\\/#website\",\"url\":\"https:\\\/\\\/stgbc.bcweededible.net\\\/fr\\\/\",\"name\":\"BC Weed Edible\",\"description\":\"\",\"publisher\":{\"@id\":\"https:\\\/\\\/stgbc.bcweededible.net\\\/fr\\\/#organization\"},\"potentialAction\":[{\"@type\":\"SearchAction\",\"target\":{\"@type\":\"EntryPoint\",\"urlTemplate\":\"https:\\\/\\\/stgbc.bcweededible.net\\\/fr\\\/?s={search_term_string}\"},\"query-input\":{\"@type\":\"PropertyValueSpecification\",\"valueRequired\":true,\"valueName\":\"search_term_string\"}}],\"inLanguage\":\"fr-FR\"},{\"@type\":\"Organization\",\"@id\":\"https:\\\/\\\/stgbc.bcweededible.net\\\/fr\\\/#organization\",\"name\":\"BC Weed Edible\",\"url\":\"https:\\\/\\\/stgbc.bcweededible.net\\\/fr\\\/\",\"logo\":{\"@type\":\"ImageObject\",\"inLanguage\":\"fr-FR\",\"@id\":\"https:\\\/\\\/stgbc.bcweededible.net\\\/fr\\\/#\\\/schema\\\/logo\\\/image\\\/\",\"url\":\"https:\\\/\\\/stgbc.bcweededible.net\\\/wp-content\\\/uploads\\\/2021\\\/12\\\/bc-weed-edible-canada.png\",\"contentUrl\":\"https:\\\/\\\/stgbc.bcweededible.net\\\/wp-content\\\/uploads\\\/2021\\\/12\\\/bc-weed-edible-canada.png\",\"width\":270,\"height\":185,\"caption\":\"BC Weed Edible\"},\"image\":{\"@id\":\"https:\\\/\\\/stgbc.bcweededible.net\\\/fr\\\/#\\\/schema\\\/logo\\\/image\\\/\"}}]}<\/script>\n","yoast_head_json":{"title":"Acheter Hash Turc Rouge en Ligne Canada | BC Weed Edible","description":"D\u00e9couvrez l'attrait captivant de Red Turk Hash - un concentr\u00e9 de cannabis qui ne ressemble \u00e0 aucun autre. Avec son incroyable couleur rouge fonc\u00e9, sa texture douce et son ar\u00f4me envo\u00fbtant de pin et de terre, ce haschisch offre une exp\u00e9rience envo\u00fbtante. Am\u00e9liorez votre exp\u00e9rience du cannabis et achetez Red Turk Hash d\u00e8s aujourd'hui pour un go\u00fbt in\u00e9gal\u00e9 de plaisir et de relaxation.","robots":{"index":"index","follow":"follow","max-snippet":"max-snippet:-1","max-image-preview":"max-image-preview:large","max-video-preview":"max-video-preview:-1"},"canonical":"https:\/\/stgbc.bcweededible.net\/fr\/buy\/concentres\/hasch\/hash-importe\/rouge-turc-hache\/","og_locale":"fr_FR","og_type":"article","og_title":"Acheter Hash Turc Rouge en Ligne Canada | BC Weed Edible","og_description":"D\u00e9couvrez l'attrait captivant de Red Turk Hash - un concentr\u00e9 de cannabis qui ne ressemble \u00e0 aucun autre. Avec son incroyable couleur rouge fonc\u00e9, sa texture douce et son ar\u00f4me envo\u00fbtant de pin et de terre, ce haschisch offre une exp\u00e9rience envo\u00fbtante. Am\u00e9liorez votre exp\u00e9rience du cannabis et achetez Red Turk Hash d\u00e8s aujourd'hui pour un go\u00fbt in\u00e9gal\u00e9 de plaisir et de relaxation.","og_url":"https:\/\/stgbc.bcweededible.net\/fr\/buy\/concentres\/hasch\/hash-importe\/rouge-turc-hache\/","og_site_name":"BC Weed Edible","article_modified_time":"2025-10-12T03:29:20+00:00","og_image":[{"width":700,"height":700,"url":"https:\/\/stgbc.bcweededible.net\/wp-content\/uploads\/2023\/07\/red-turk-hash2.png","type":"image\/png"}],"twitter_card":"summary_large_image","schema":{"@context":"https:\/\/schema.org","@graph":[{"@type":"WebPage","@id":"https:\/\/stgbc.bcweededible.net\/fr\/buy\/concentres\/hasch\/hash-importe\/rouge-turc-hache\/","url":"https:\/\/stgbc.bcweededible.net\/fr\/buy\/concentres\/hasch\/hash-importe\/rouge-turc-hache\/","name":"Acheter Hash Turc Rouge en Ligne Canada | BC Weed Edible","isPartOf":{"@id":"https:\/\/stgbc.bcweededible.net\/fr\/#website"},"primaryImageOfPage":{"@id":"https:\/\/stgbc.bcweededible.net\/fr\/buy\/concentres\/hasch\/hash-importe\/rouge-turc-hache\/#primaryimage"},"image":{"@id":"https:\/\/stgbc.bcweededible.net\/fr\/buy\/concentres\/hasch\/hash-importe\/rouge-turc-hache\/#primaryimage"},"thumbnailUrl":"https:\/\/stgbc.bcweededible.net\/wp-content\/uploads\/2023\/07\/red-turk-hash2.png","datePublished":"2023-08-03T19:07:59+00:00","dateModified":"2025-10-12T03:29:20+00:00","description":"D\u00e9couvrez l'attrait captivant de Red Turk Hash - un concentr\u00e9 de cannabis qui ne ressemble \u00e0 aucun autre. Avec son incroyable couleur rouge fonc\u00e9, sa texture douce et son ar\u00f4me envo\u00fbtant de pin et de terre, ce haschisch offre une exp\u00e9rience envo\u00fbtante. Am\u00e9liorez votre exp\u00e9rience du cannabis et achetez Red Turk Hash d\u00e8s aujourd'hui pour un go\u00fbt in\u00e9gal\u00e9 de plaisir et de relaxation.","breadcrumb":{"@id":"https:\/\/stgbc.bcweededible.net\/fr\/buy\/concentres\/hasch\/hash-importe\/rouge-turc-hache\/#breadcrumb"},"inLanguage":"fr-FR","potentialAction":[{"@type":"ReadAction","target":["https:\/\/stgbc.bcweededible.net\/fr\/buy\/concentres\/hasch\/hash-importe\/rouge-turc-hache\/"]}]},{"@type":"ImageObject","inLanguage":"fr-FR","@id":"https:\/\/stgbc.bcweededible.net\/fr\/buy\/concentres\/hasch\/hash-importe\/rouge-turc-hache\/#primaryimage","url":"https:\/\/stgbc.bcweededible.net\/wp-content\/uploads\/2023\/07\/red-turk-hash2.png","contentUrl":"https:\/\/stgbc.bcweededible.net\/wp-content\/uploads\/2023\/07\/red-turk-hash2.png","width":700,"height":700,"caption":"Red Turk Hash"},{"@type":"BreadcrumbList","@id":"https:\/\/stgbc.bcweededible.net\/fr\/buy\/concentres\/hasch\/hash-importe\/rouge-turc-hache\/#breadcrumb","itemListElement":[{"@type":"ListItem","position":1,"name":"Jujubes au Pot Canada","item":"https:\/\/stgbc.bcweededible.net\/fr\/shop\/"},{"@type":"ListItem","position":2,"name":"Hash Turc Rouge"}]},{"@type":"WebSite","@id":"https:\/\/stgbc.bcweededible.net\/fr\/#website","url":"https:\/\/stgbc.bcweededible.net\/fr\/","name":"BC Weed Edible","description":"","publisher":{"@id":"https:\/\/stgbc.bcweededible.net\/fr\/#organization"},"potentialAction":[{"@type":"SearchAction","target":{"@type":"EntryPoint","urlTemplate":"https:\/\/stgbc.bcweededible.net\/fr\/?s={search_term_string}"},"query-input":{"@type":"PropertyValueSpecification","valueRequired":true,"valueName":"search_term_string"}}],"inLanguage":"fr-FR"},{"@type":"Organization","@id":"https:\/\/stgbc.bcweededible.net\/fr\/#organization","name":"BC Weed Edible","url":"https:\/\/stgbc.bcweededible.net\/fr\/","logo":{"@type":"ImageObject","inLanguage":"fr-FR","@id":"https:\/\/stgbc.bcweededible.net\/fr\/#\/schema\/logo\/image\/","url":"https:\/\/stgbc.bcweededible.net\/wp-content\/uploads\/2021\/12\/bc-weed-edible-canada.png","contentUrl":"https:\/\/stgbc.bcweededible.net\/wp-content\/uploads\/2021\/12\/bc-weed-edible-canada.png","width":270,"height":185,"caption":"BC Weed Edible"},"image":{"@id":"https:\/\/stgbc.bcweededible.net\/fr\/#\/schema\/logo\/image\/"}}]}},"_links":{"self":[{"href":"https:\/\/stgbc.bcweededible.net\/fr\/wp-json\/wp\/v2\/product\/39692","targetHints":{"allow":["GET"]}}],"collection":[{"href":"https:\/\/stgbc.bcweededible.net\/fr\/wp-json\/wp\/v2\/product"}],"about":[{"href":"https:\/\/stgbc.bcweededible.net\/fr\/wp-json\/wp\/v2\/types\/product"}],"replies":[{"embeddable":true,"href":"https:\/\/stgbc.bcweededible.net\/fr\/wp-json\/wp\/v2\/comments?post=39692"}],"wp:featuredmedia":[{"embeddable":true,"href":"https:\/\/stgbc.bcweededible.net\/fr\/wp-json\/wp\/v2\/media\/38759"}],"wp:attachment":[{"href":"https:\/\/stgbc.bcweededible.net\/fr\/wp-json\/wp\/v2\/media?parent=39692"}],"wp:term":[{"taxonomy":"product_brand","embeddable":true,"href":"https:\/\/stgbc.bcweededible.net\/fr\/wp-json\/wp\/v2\/product_brand?post=39692"},{"taxonomy":"product_cat","embeddable":true,"href":"https:\/\/stgbc.bcweededible.net\/fr\/wp-json\/wp\/v2\/product_cat?post=39692"},{"taxonomy":"product_tag","embeddable":true,"href":"https:\/\/stgbc.bcweededible.net\/fr\/wp-json\/wp\/v2\/product_tag?post=39692"}],"curies":[{"name":"wp","href":"https:\/\/api.w.org\/{rel}","templated":true}]}}