{"id":39691,"date":"2023-07-25T16:27:08","date_gmt":"2023-08-03T19:07:59","guid":{"rendered":"https:\/\/bcweededible.net\/buy\/non%20class\u00e9\/bugatti-hash\/"},"modified":"2025-12-19T10:07:39","modified_gmt":"2025-12-19T18:07:39","slug":"bugatti-hash","status":"publish","type":"product","link":"https:\/\/stgbc.bcweededible.net\/fr\/buy\/concentres\/hasch\/hash-importe\/bugatti-hash\/","title":{"rendered":"Hash Bugatti"},"content":{"rendered":"","protected":false},"excerpt":{"rendered":"<p>Plongez dans l&#8217;univers luxueux du hash Bugatti,\u00a0un <a href=\"https:\/\/stgbc.bcweededible.net\/fr\/shop\/concentres\/\">concentr\u00e9 de cannabis<\/a> haut de gamme qui respire l&#8217;\u00e9l\u00e9gance et le raffinement. Avec un d\u00e9licieux m\u00e9lange d&#8217;ar\u00f4mes d&#8217;orange sucr\u00e9, de caf\u00e9 et de tabac, son go\u00fbt est tout simplement in\u00e9gal\u00e9. Son aspect huileux et brun fonc\u00e9 et son ar\u00f4me puissante ajoutent \u00e0 son charme. Faites l&#8217;exp\u00e9rience d&#8217;un<strong> &#8221;high&#8221; l\u00e9ger<\/strong>\u00a0qui vous laissera une sensation de <strong>bonheur et de d\u00e9tente<\/strong>. <strong>Achetez le hash Bugatti<\/strong>\u00a0maintenant et \u00e9levez votre voyage au cannabis avec ce hash exquis et s\u00e9duisant.<\/p>\n<h2>Informations sur le hash Bugatti<\/h2>\n<table>\n<tbody>\n<tr>\n<td>Go\u00fbt<\/td>\n<td>Orange sucr\u00e9e, caf\u00e9, tabac<\/td>\n<\/tr>\n<tr>\n<td>Ar\u00f4me<\/td>\n<td>Puissant<\/td>\n<\/tr>\n<tr>\n<td>Couleur<\/td>\n<td>Brun fonc\u00e9<\/td>\n<\/tr>\n<tr>\n<td>Texture<\/td>\n<td>Huileuse<\/td>\n<\/tr>\n<tr>\n<td>Force<\/td>\n<td>L\u00e9g\u00e8re<\/td>\n<\/tr>\n<\/tbody>\n<\/table>\n","protected":false},"featured_media":38755,"comment_status":"open","ping_status":"closed","template":"","meta":[],"product_brand":[],"product_cat":[305,628,636,653],"product_tag":[],"class_list":{"0":"post-39691","1":"product","2":"type-product","3":"status-publish","4":"has-post-thumbnail","6":"product_cat-concentres","7":"product_cat-hasch","8":"product_cat-hash-importe","9":"product_cat-hash-premium","11":"first","12":"outofstock","13":"sale","14":"shipping-taxable","15":"purchasable","16":"product-type-variable"},"yoast_head":"\n<title>Acheter Hash Bugatti en Ligne Canada | BC Weed Edible<\/title>\n<meta name=\"description\" content=\"D\u00e9couvrez l&#039;allure extraordinaire de Bugatti Hash, un concentr\u00e9 de cannabis exceptionnel qui promet une exp\u00e9rience vraiment remarquable. Avec son ar\u00f4me distinctif et ses effets puissants, cette variante de haschisch est \u00e0 essayer absolument par les amateurs qui recherchent un voyage \u00e9lev\u00e9 dans le monde du cannabis.\" \/>\n<meta name=\"robots\" content=\"index, follow, max-snippet:-1, max-image-preview:large, max-video-preview:-1\" \/>\n<link rel=\"canonical\" href=\"https:\/\/stgbc.bcweededible.net\/fr\/buy\/concentres\/hasch\/hash-importe\/bugatti-hash\/\" \/>\n<meta property=\"og:locale\" content=\"fr_FR\" \/>\n<meta property=\"og:type\" content=\"article\" \/>\n<meta property=\"og:title\" content=\"Acheter Hash Bugatti en Ligne Canada | BC Weed Edible\" \/>\n<meta property=\"og:description\" content=\"D\u00e9couvrez l&#039;allure extraordinaire de Bugatti Hash, un concentr\u00e9 de cannabis exceptionnel qui promet une exp\u00e9rience vraiment remarquable. Avec son ar\u00f4me distinctif et ses effets puissants, cette variante de haschisch est \u00e0 essayer absolument par les amateurs qui recherchent un voyage \u00e9lev\u00e9 dans le monde du cannabis.\" \/>\n<meta property=\"og:url\" content=\"https:\/\/stgbc.bcweededible.net\/fr\/buy\/concentres\/hasch\/hash-importe\/bugatti-hash\/\" \/>\n<meta property=\"og:site_name\" content=\"BC Weed Edible\" \/>\n<meta property=\"article:modified_time\" content=\"2025-12-19T18:07:39+00:00\" \/>\n<meta property=\"og:image\" content=\"https:\/\/stgbc.bcweededible.net\/wp-content\/uploads\/2023\/07\/buggati-hash2.png\" \/>\n\t<meta property=\"og:image:width\" content=\"700\" \/>\n\t<meta property=\"og:image:height\" content=\"700\" \/>\n\t<meta property=\"og:image:type\" content=\"image\/png\" \/>\n<meta name=\"twitter:card\" content=\"summary_large_image\" \/>\n<script type=\"application\/ld+json\" class=\"yoast-schema-graph\">{\"@context\":\"https:\\\/\\\/schema.org\",\"@graph\":[{\"@type\":\"WebPage\",\"@id\":\"https:\\\/\\\/stgbc.bcweededible.net\\\/fr\\\/buy\\\/concentres\\\/hasch\\\/hash-importe\\\/bugatti-hash\\\/\",\"url\":\"https:\\\/\\\/stgbc.bcweededible.net\\\/fr\\\/buy\\\/concentres\\\/hasch\\\/hash-importe\\\/bugatti-hash\\\/\",\"name\":\"Acheter Hash Bugatti en Ligne Canada | BC Weed Edible\",\"isPartOf\":{\"@id\":\"https:\\\/\\\/stgbc.bcweededible.net\\\/fr\\\/#website\"},\"primaryImageOfPage\":{\"@id\":\"https:\\\/\\\/stgbc.bcweededible.net\\\/fr\\\/buy\\\/concentres\\\/hasch\\\/hash-importe\\\/bugatti-hash\\\/#primaryimage\"},\"image\":{\"@id\":\"https:\\\/\\\/stgbc.bcweededible.net\\\/fr\\\/buy\\\/concentres\\\/hasch\\\/hash-importe\\\/bugatti-hash\\\/#primaryimage\"},\"thumbnailUrl\":\"https:\\\/\\\/stgbc.bcweededible.net\\\/wp-content\\\/uploads\\\/2023\\\/07\\\/buggati-hash2.png\",\"datePublished\":\"2023-08-03T19:07:59+00:00\",\"dateModified\":\"2025-12-19T18:07:39+00:00\",\"description\":\"D\u00e9couvrez l'allure extraordinaire de Bugatti Hash, un concentr\u00e9 de cannabis exceptionnel qui promet une exp\u00e9rience vraiment remarquable. Avec son ar\u00f4me distinctif et ses effets puissants, cette variante de haschisch est \u00e0 essayer absolument par les amateurs qui recherchent un voyage \u00e9lev\u00e9 dans le monde du cannabis.\",\"breadcrumb\":{\"@id\":\"https:\\\/\\\/stgbc.bcweededible.net\\\/fr\\\/buy\\\/concentres\\\/hasch\\\/hash-importe\\\/bugatti-hash\\\/#breadcrumb\"},\"inLanguage\":\"fr-FR\",\"potentialAction\":[{\"@type\":\"ReadAction\",\"target\":[\"https:\\\/\\\/stgbc.bcweededible.net\\\/fr\\\/buy\\\/concentres\\\/hasch\\\/hash-importe\\\/bugatti-hash\\\/\"]}]},{\"@type\":\"ImageObject\",\"inLanguage\":\"fr-FR\",\"@id\":\"https:\\\/\\\/stgbc.bcweededible.net\\\/fr\\\/buy\\\/concentres\\\/hasch\\\/hash-importe\\\/bugatti-hash\\\/#primaryimage\",\"url\":\"https:\\\/\\\/stgbc.bcweededible.net\\\/wp-content\\\/uploads\\\/2023\\\/07\\\/buggati-hash2.png\",\"contentUrl\":\"https:\\\/\\\/stgbc.bcweededible.net\\\/wp-content\\\/uploads\\\/2023\\\/07\\\/buggati-hash2.png\",\"width\":700,\"height\":700,\"caption\":\"Buggati Hash\"},{\"@type\":\"BreadcrumbList\",\"@id\":\"https:\\\/\\\/stgbc.bcweededible.net\\\/fr\\\/buy\\\/concentres\\\/hasch\\\/hash-importe\\\/bugatti-hash\\\/#breadcrumb\",\"itemListElement\":[{\"@type\":\"ListItem\",\"position\":1,\"name\":\"Jujubes au Pot Canada\",\"item\":\"https:\\\/\\\/stgbc.bcweededible.net\\\/fr\\\/shop\\\/\"},{\"@type\":\"ListItem\",\"position\":2,\"name\":\"Hash Bugatti\"}]},{\"@type\":\"WebSite\",\"@id\":\"https:\\\/\\\/stgbc.bcweededible.net\\\/fr\\\/#website\",\"url\":\"https:\\\/\\\/stgbc.bcweededible.net\\\/fr\\\/\",\"name\":\"BC Weed Edible\",\"description\":\"\",\"publisher\":{\"@id\":\"https:\\\/\\\/stgbc.bcweededible.net\\\/fr\\\/#organization\"},\"potentialAction\":[{\"@type\":\"SearchAction\",\"target\":{\"@type\":\"EntryPoint\",\"urlTemplate\":\"https:\\\/\\\/stgbc.bcweededible.net\\\/fr\\\/?s={search_term_string}\"},\"query-input\":{\"@type\":\"PropertyValueSpecification\",\"valueRequired\":true,\"valueName\":\"search_term_string\"}}],\"inLanguage\":\"fr-FR\"},{\"@type\":\"Organization\",\"@id\":\"https:\\\/\\\/stgbc.bcweededible.net\\\/fr\\\/#organization\",\"name\":\"BC Weed Edible\",\"url\":\"https:\\\/\\\/stgbc.bcweededible.net\\\/fr\\\/\",\"logo\":{\"@type\":\"ImageObject\",\"inLanguage\":\"fr-FR\",\"@id\":\"https:\\\/\\\/stgbc.bcweededible.net\\\/fr\\\/#\\\/schema\\\/logo\\\/image\\\/\",\"url\":\"https:\\\/\\\/stgbc.bcweededible.net\\\/wp-content\\\/uploads\\\/2021\\\/12\\\/bc-weed-edible-canada.png\",\"contentUrl\":\"https:\\\/\\\/stgbc.bcweededible.net\\\/wp-content\\\/uploads\\\/2021\\\/12\\\/bc-weed-edible-canada.png\",\"width\":270,\"height\":185,\"caption\":\"BC Weed Edible\"},\"image\":{\"@id\":\"https:\\\/\\\/stgbc.bcweededible.net\\\/fr\\\/#\\\/schema\\\/logo\\\/image\\\/\"}}]}<\/script>\n","yoast_head_json":{"title":"Acheter Hash Bugatti en Ligne Canada | BC Weed Edible","description":"D\u00e9couvrez l'allure extraordinaire de Bugatti Hash, un concentr\u00e9 de cannabis exceptionnel qui promet une exp\u00e9rience vraiment remarquable. Avec son ar\u00f4me distinctif et ses effets puissants, cette variante de haschisch est \u00e0 essayer absolument par les amateurs qui recherchent un voyage \u00e9lev\u00e9 dans le monde du cannabis.","robots":{"index":"index","follow":"follow","max-snippet":"max-snippet:-1","max-image-preview":"max-image-preview:large","max-video-preview":"max-video-preview:-1"},"canonical":"https:\/\/stgbc.bcweededible.net\/fr\/buy\/concentres\/hasch\/hash-importe\/bugatti-hash\/","og_locale":"fr_FR","og_type":"article","og_title":"Acheter Hash Bugatti en Ligne Canada | BC Weed Edible","og_description":"D\u00e9couvrez l'allure extraordinaire de Bugatti Hash, un concentr\u00e9 de cannabis exceptionnel qui promet une exp\u00e9rience vraiment remarquable. Avec son ar\u00f4me distinctif et ses effets puissants, cette variante de haschisch est \u00e0 essayer absolument par les amateurs qui recherchent un voyage \u00e9lev\u00e9 dans le monde du cannabis.","og_url":"https:\/\/stgbc.bcweededible.net\/fr\/buy\/concentres\/hasch\/hash-importe\/bugatti-hash\/","og_site_name":"BC Weed Edible","article_modified_time":"2025-12-19T18:07:39+00:00","og_image":[{"width":700,"height":700,"url":"https:\/\/stgbc.bcweededible.net\/wp-content\/uploads\/2023\/07\/buggati-hash2.png","type":"image\/png"}],"twitter_card":"summary_large_image","schema":{"@context":"https:\/\/schema.org","@graph":[{"@type":"WebPage","@id":"https:\/\/stgbc.bcweededible.net\/fr\/buy\/concentres\/hasch\/hash-importe\/bugatti-hash\/","url":"https:\/\/stgbc.bcweededible.net\/fr\/buy\/concentres\/hasch\/hash-importe\/bugatti-hash\/","name":"Acheter Hash Bugatti en Ligne Canada | BC Weed Edible","isPartOf":{"@id":"https:\/\/stgbc.bcweededible.net\/fr\/#website"},"primaryImageOfPage":{"@id":"https:\/\/stgbc.bcweededible.net\/fr\/buy\/concentres\/hasch\/hash-importe\/bugatti-hash\/#primaryimage"},"image":{"@id":"https:\/\/stgbc.bcweededible.net\/fr\/buy\/concentres\/hasch\/hash-importe\/bugatti-hash\/#primaryimage"},"thumbnailUrl":"https:\/\/stgbc.bcweededible.net\/wp-content\/uploads\/2023\/07\/buggati-hash2.png","datePublished":"2023-08-03T19:07:59+00:00","dateModified":"2025-12-19T18:07:39+00:00","description":"D\u00e9couvrez l'allure extraordinaire de Bugatti Hash, un concentr\u00e9 de cannabis exceptionnel qui promet une exp\u00e9rience vraiment remarquable. Avec son ar\u00f4me distinctif et ses effets puissants, cette variante de haschisch est \u00e0 essayer absolument par les amateurs qui recherchent un voyage \u00e9lev\u00e9 dans le monde du cannabis.","breadcrumb":{"@id":"https:\/\/stgbc.bcweededible.net\/fr\/buy\/concentres\/hasch\/hash-importe\/bugatti-hash\/#breadcrumb"},"inLanguage":"fr-FR","potentialAction":[{"@type":"ReadAction","target":["https:\/\/stgbc.bcweededible.net\/fr\/buy\/concentres\/hasch\/hash-importe\/bugatti-hash\/"]}]},{"@type":"ImageObject","inLanguage":"fr-FR","@id":"https:\/\/stgbc.bcweededible.net\/fr\/buy\/concentres\/hasch\/hash-importe\/bugatti-hash\/#primaryimage","url":"https:\/\/stgbc.bcweededible.net\/wp-content\/uploads\/2023\/07\/buggati-hash2.png","contentUrl":"https:\/\/stgbc.bcweededible.net\/wp-content\/uploads\/2023\/07\/buggati-hash2.png","width":700,"height":700,"caption":"Buggati Hash"},{"@type":"BreadcrumbList","@id":"https:\/\/stgbc.bcweededible.net\/fr\/buy\/concentres\/hasch\/hash-importe\/bugatti-hash\/#breadcrumb","itemListElement":[{"@type":"ListItem","position":1,"name":"Jujubes au Pot Canada","item":"https:\/\/stgbc.bcweededible.net\/fr\/shop\/"},{"@type":"ListItem","position":2,"name":"Hash Bugatti"}]},{"@type":"WebSite","@id":"https:\/\/stgbc.bcweededible.net\/fr\/#website","url":"https:\/\/stgbc.bcweededible.net\/fr\/","name":"BC Weed Edible","description":"","publisher":{"@id":"https:\/\/stgbc.bcweededible.net\/fr\/#organization"},"potentialAction":[{"@type":"SearchAction","target":{"@type":"EntryPoint","urlTemplate":"https:\/\/stgbc.bcweededible.net\/fr\/?s={search_term_string}"},"query-input":{"@type":"PropertyValueSpecification","valueRequired":true,"valueName":"search_term_string"}}],"inLanguage":"fr-FR"},{"@type":"Organization","@id":"https:\/\/stgbc.bcweededible.net\/fr\/#organization","name":"BC Weed Edible","url":"https:\/\/stgbc.bcweededible.net\/fr\/","logo":{"@type":"ImageObject","inLanguage":"fr-FR","@id":"https:\/\/stgbc.bcweededible.net\/fr\/#\/schema\/logo\/image\/","url":"https:\/\/stgbc.bcweededible.net\/wp-content\/uploads\/2021\/12\/bc-weed-edible-canada.png","contentUrl":"https:\/\/stgbc.bcweededible.net\/wp-content\/uploads\/2021\/12\/bc-weed-edible-canada.png","width":270,"height":185,"caption":"BC Weed Edible"},"image":{"@id":"https:\/\/stgbc.bcweededible.net\/fr\/#\/schema\/logo\/image\/"}}]}},"_links":{"self":[{"href":"https:\/\/stgbc.bcweededible.net\/fr\/wp-json\/wp\/v2\/product\/39691","targetHints":{"allow":["GET"]}}],"collection":[{"href":"https:\/\/stgbc.bcweededible.net\/fr\/wp-json\/wp\/v2\/product"}],"about":[{"href":"https:\/\/stgbc.bcweededible.net\/fr\/wp-json\/wp\/v2\/types\/product"}],"replies":[{"embeddable":true,"href":"https:\/\/stgbc.bcweededible.net\/fr\/wp-json\/wp\/v2\/comments?post=39691"}],"wp:featuredmedia":[{"embeddable":true,"href":"https:\/\/stgbc.bcweededible.net\/fr\/wp-json\/wp\/v2\/media\/38755"}],"wp:attachment":[{"href":"https:\/\/stgbc.bcweededible.net\/fr\/wp-json\/wp\/v2\/media?parent=39691"}],"wp:term":[{"taxonomy":"product_brand","embeddable":true,"href":"https:\/\/stgbc.bcweededible.net\/fr\/wp-json\/wp\/v2\/product_brand?post=39691"},{"taxonomy":"product_cat","embeddable":true,"href":"https:\/\/stgbc.bcweededible.net\/fr\/wp-json\/wp\/v2\/product_cat?post=39691"},{"taxonomy":"product_tag","embeddable":true,"href":"https:\/\/stgbc.bcweededible.net\/fr\/wp-json\/wp\/v2\/product_tag?post=39691"}],"curies":[{"name":"wp","href":"https:\/\/api.w.org\/{rel}","templated":true}]}}