{"id":39690,"date":"2023-08-02T13:43:43","date_gmt":"2023-08-03T18:57:56","guid":{"rendered":"https:\/\/bcweededible.net\/buy\/non%20class\u00e9\/echantillon-de-concentre-6-grammes\/"},"modified":"2025-07-15T08:11:43","modified_gmt":"2025-07-15T15:11:43","slug":"echantillon-de-concentre-6-grammes","status":"publish","type":"product","link":"https:\/\/stgbc.bcweededible.net\/fr\/buy\/concentres\/echantillon-de-concentre-6-grammes\/","title":{"rendered":"\u00c9chantillon de concentr\u00e9 (6gr)"},"content":{"rendered":"","protected":false},"excerpt":{"rendered":"<p>Laissez-vous tenter par l&#8217;exp\u00e9rience ultime des <a href=\"https:\/\/stgbc.bcweededible.net\/shop\/concentrates\/\">concentr\u00e9s de cannabis<\/a> avec notre <strong>\u00c9chantillon de concentr\u00e9 (6 grammes<\/strong>), un assortiment all\u00e9chant con\u00e7u pour les connaisseurs comme vous ! Lib\u00e9rez tout le spectre des sensations gr\u00e2ce aux <strong>saveurs puissantes et vari\u00e9es<\/strong> de ce pack d&#8217;\u00e9chantillons. Le Shatter offre un <strong>punch puissant<\/strong>, tandis que la texture lisse du Budder laisse une <strong>impression durable<\/strong>. D\u00e9couvrez l&#8217;<strong>essence vivante du cannabis<\/strong> avec notre Live Resin, et d\u00e9lectez-vous de l&#8217;<strong>indulgence luxueuse<\/strong> du Caviar et des Diamants. Pour plus de commodit\u00e9 et de <strong>facilit\u00e9 en d\u00e9placement<\/strong>, la cartouche de vape est parfaite.<\/p>\n<h2>Que comprend cet \u00e9chantillon ?<\/h2>\n<ul>\n<li>1g de <a href=\"https:\/\/stgbc.bcweededible.net\/shop\/concentrates\/shatter\/\">shatter<\/a><\/li>\n<li>1g de <a href=\"https:\/\/stgbc.bcweededible.net\/fr\/buy\/gros\/concentres-en-gros\/og-kush-budder\/\">budder<\/a><\/li>\n<li>1g de Live <a href=\"https:\/\/stgbc.bcweededible.net\/shop\/concentrates\/live-resin\/\">Resin<\/a><\/li>\n<li>1 g de <a href=\"https:\/\/stgbc.bcweededible.net\/buy\/bulk\/bulk-concentrates\/caviar-concentrate\/\">caviar<\/a><\/li>\n<li>1g de <a href=\"https:\/\/stgbc.bcweededible.net\/fr\/buy\/concentres\/shatter-fr\/thca-diamants\/\">diamants<\/a><\/li>\n<li>1g de <a href=\"https:\/\/stgbc.bcweededible.net\/shop\/concentrates\/vape-pens\/\">cartouche de vape<\/a><\/li>\n<\/ul>\n","protected":false},"featured_media":39606,"comment_status":"closed","ping_status":"closed","template":"","meta":[],"product_brand":[],"product_cat":[305],"product_tag":[],"class_list":{"0":"post-39690","1":"product","2":"type-product","3":"status-publish","4":"has-post-thumbnail","6":"product_cat-concentres","8":"first","9":"outofstock","10":"shipping-taxable","11":"purchasable","12":"product-type-simple"},"yoast_head":"\n<title>Acheter \u00c9chantillon de concentr\u00e9 (6gr) en Ligne Canada | BC Weed Edible<\/title>\n<meta name=\"robots\" content=\"index, follow, max-snippet:-1, max-image-preview:large, max-video-preview:-1\" \/>\n<link rel=\"canonical\" href=\"https:\/\/stgbc.bcweededible.net\/fr\/buy\/concentres\/echantillon-de-concentre-6-grammes\/\" \/>\n<meta property=\"og:locale\" content=\"fr_FR\" \/>\n<meta property=\"og:type\" content=\"article\" \/>\n<meta property=\"og:title\" content=\"Acheter \u00c9chantillon de concentr\u00e9 (6gr) en Ligne Canada | BC Weed Edible\" \/>\n<meta property=\"og:description\" content=\"Laissez-vous tenter par l&#039;exp\u00e9rience ultime des concentr\u00e9s de cannabis avec notre \u00c9chantillon de concentr\u00e9 (6 grammes), un assortiment all\u00e9chant con\u00e7u pour les connaisseurs comme vous ! Lib\u00e9rez tout le spectre des sensations gr\u00e2ce aux saveurs puissantes et vari\u00e9es de ce pack d&#039;\u00e9chantillons. Le Shatter offre un punch puissant, tandis que la texture lisse du Budder laisse une impression durable. D\u00e9couvrez l&#039;essence vivante du cannabis avec notre Live Resin, et d\u00e9lectez-vous de l&#039;indulgence luxueuse du Caviar et des Diamants. Pour plus de commodit\u00e9 et de facilit\u00e9 en d\u00e9placement, la cartouche de vape est parfaite. Que comprend cet \u00e9chantillon ? 1g de shatter 1g de budder 1g de Live Resin 1 g de caviar 1g de diamants 1g de cartouche de vape\" \/>\n<meta property=\"og:url\" content=\"https:\/\/stgbc.bcweededible.net\/fr\/buy\/concentres\/echantillon-de-concentre-6-grammes\/\" \/>\n<meta property=\"og:site_name\" content=\"BC Weed Edible\" \/>\n<meta property=\"article:modified_time\" content=\"2025-07-15T15:11:43+00:00\" \/>\n<meta property=\"og:image\" content=\"https:\/\/stgbc.bcweededible.net\/wp-content\/uploads\/2023\/08\/concentrates-sample-pack.jpg\" \/>\n\t<meta property=\"og:image:width\" content=\"720\" \/>\n\t<meta property=\"og:image:height\" content=\"720\" \/>\n\t<meta property=\"og:image:type\" content=\"image\/jpeg\" \/>\n<meta name=\"twitter:card\" content=\"summary_large_image\" \/>\n<script type=\"application\/ld+json\" class=\"yoast-schema-graph\">{\"@context\":\"https:\\\/\\\/schema.org\",\"@graph\":[{\"@type\":\"WebPage\",\"@id\":\"https:\\\/\\\/stgbc.bcweededible.net\\\/fr\\\/buy\\\/concentres\\\/echantillon-de-concentre-6-grammes\\\/\",\"url\":\"https:\\\/\\\/stgbc.bcweededible.net\\\/fr\\\/buy\\\/concentres\\\/echantillon-de-concentre-6-grammes\\\/\",\"name\":\"Acheter \u00c9chantillon de concentr\u00e9 (6gr) en Ligne Canada | BC Weed Edible\",\"isPartOf\":{\"@id\":\"https:\\\/\\\/stgbc.bcweededible.net\\\/fr\\\/#website\"},\"primaryImageOfPage\":{\"@id\":\"https:\\\/\\\/stgbc.bcweededible.net\\\/fr\\\/buy\\\/concentres\\\/echantillon-de-concentre-6-grammes\\\/#primaryimage\"},\"image\":{\"@id\":\"https:\\\/\\\/stgbc.bcweededible.net\\\/fr\\\/buy\\\/concentres\\\/echantillon-de-concentre-6-grammes\\\/#primaryimage\"},\"thumbnailUrl\":\"https:\\\/\\\/stgbc.bcweededible.net\\\/wp-content\\\/uploads\\\/2023\\\/08\\\/concentrates-sample-pack.jpg\",\"datePublished\":\"2023-08-03T18:57:56+00:00\",\"dateModified\":\"2025-07-15T15:11:43+00:00\",\"breadcrumb\":{\"@id\":\"https:\\\/\\\/stgbc.bcweededible.net\\\/fr\\\/buy\\\/concentres\\\/echantillon-de-concentre-6-grammes\\\/#breadcrumb\"},\"inLanguage\":\"fr-FR\",\"potentialAction\":[{\"@type\":\"ReadAction\",\"target\":[\"https:\\\/\\\/stgbc.bcweededible.net\\\/fr\\\/buy\\\/concentres\\\/echantillon-de-concentre-6-grammes\\\/\"]}]},{\"@type\":\"ImageObject\",\"inLanguage\":\"fr-FR\",\"@id\":\"https:\\\/\\\/stgbc.bcweededible.net\\\/fr\\\/buy\\\/concentres\\\/echantillon-de-concentre-6-grammes\\\/#primaryimage\",\"url\":\"https:\\\/\\\/stgbc.bcweededible.net\\\/wp-content\\\/uploads\\\/2023\\\/08\\\/concentrates-sample-pack.jpg\",\"contentUrl\":\"https:\\\/\\\/stgbc.bcweededible.net\\\/wp-content\\\/uploads\\\/2023\\\/08\\\/concentrates-sample-pack.jpg\",\"width\":720,\"height\":720,\"caption\":\"concentrate sample pack\"},{\"@type\":\"BreadcrumbList\",\"@id\":\"https:\\\/\\\/stgbc.bcweededible.net\\\/fr\\\/buy\\\/concentres\\\/echantillon-de-concentre-6-grammes\\\/#breadcrumb\",\"itemListElement\":[{\"@type\":\"ListItem\",\"position\":1,\"name\":\"Jujubes au Pot Canada\",\"item\":\"https:\\\/\\\/stgbc.bcweededible.net\\\/fr\\\/shop\\\/\"},{\"@type\":\"ListItem\",\"position\":2,\"name\":\"\u00c9chantillon de concentr\u00e9 (6gr)\"}]},{\"@type\":\"WebSite\",\"@id\":\"https:\\\/\\\/stgbc.bcweededible.net\\\/fr\\\/#website\",\"url\":\"https:\\\/\\\/stgbc.bcweededible.net\\\/fr\\\/\",\"name\":\"BC Weed Edible\",\"description\":\"\",\"publisher\":{\"@id\":\"https:\\\/\\\/stgbc.bcweededible.net\\\/fr\\\/#organization\"},\"potentialAction\":[{\"@type\":\"SearchAction\",\"target\":{\"@type\":\"EntryPoint\",\"urlTemplate\":\"https:\\\/\\\/stgbc.bcweededible.net\\\/fr\\\/?s={search_term_string}\"},\"query-input\":{\"@type\":\"PropertyValueSpecification\",\"valueRequired\":true,\"valueName\":\"search_term_string\"}}],\"inLanguage\":\"fr-FR\"},{\"@type\":\"Organization\",\"@id\":\"https:\\\/\\\/stgbc.bcweededible.net\\\/fr\\\/#organization\",\"name\":\"BC Weed Edible\",\"url\":\"https:\\\/\\\/stgbc.bcweededible.net\\\/fr\\\/\",\"logo\":{\"@type\":\"ImageObject\",\"inLanguage\":\"fr-FR\",\"@id\":\"https:\\\/\\\/stgbc.bcweededible.net\\\/fr\\\/#\\\/schema\\\/logo\\\/image\\\/\",\"url\":\"https:\\\/\\\/stgbc.bcweededible.net\\\/wp-content\\\/uploads\\\/2021\\\/12\\\/bc-weed-edible-canada.png\",\"contentUrl\":\"https:\\\/\\\/stgbc.bcweededible.net\\\/wp-content\\\/uploads\\\/2021\\\/12\\\/bc-weed-edible-canada.png\",\"width\":270,\"height\":185,\"caption\":\"BC Weed Edible\"},\"image\":{\"@id\":\"https:\\\/\\\/stgbc.bcweededible.net\\\/fr\\\/#\\\/schema\\\/logo\\\/image\\\/\"}}]}<\/script>\n","yoast_head_json":{"title":"Acheter \u00c9chantillon de concentr\u00e9 (6gr) en Ligne Canada | BC Weed Edible","robots":{"index":"index","follow":"follow","max-snippet":"max-snippet:-1","max-image-preview":"max-image-preview:large","max-video-preview":"max-video-preview:-1"},"canonical":"https:\/\/stgbc.bcweededible.net\/fr\/buy\/concentres\/echantillon-de-concentre-6-grammes\/","og_locale":"fr_FR","og_type":"article","og_title":"Acheter \u00c9chantillon de concentr\u00e9 (6gr) en Ligne Canada | BC Weed Edible","og_description":"Laissez-vous tenter par l'exp\u00e9rience ultime des concentr\u00e9s de cannabis avec notre \u00c9chantillon de concentr\u00e9 (6 grammes), un assortiment all\u00e9chant con\u00e7u pour les connaisseurs comme vous ! Lib\u00e9rez tout le spectre des sensations gr\u00e2ce aux saveurs puissantes et vari\u00e9es de ce pack d'\u00e9chantillons. Le Shatter offre un punch puissant, tandis que la texture lisse du Budder laisse une impression durable. D\u00e9couvrez l'essence vivante du cannabis avec notre Live Resin, et d\u00e9lectez-vous de l'indulgence luxueuse du Caviar et des Diamants. Pour plus de commodit\u00e9 et de facilit\u00e9 en d\u00e9placement, la cartouche de vape est parfaite. Que comprend cet \u00e9chantillon ? 1g de shatter 1g de budder 1g de Live Resin 1 g de caviar 1g de diamants 1g de cartouche de vape","og_url":"https:\/\/stgbc.bcweededible.net\/fr\/buy\/concentres\/echantillon-de-concentre-6-grammes\/","og_site_name":"BC Weed Edible","article_modified_time":"2025-07-15T15:11:43+00:00","og_image":[{"width":720,"height":720,"url":"https:\/\/stgbc.bcweededible.net\/wp-content\/uploads\/2023\/08\/concentrates-sample-pack.jpg","type":"image\/jpeg"}],"twitter_card":"summary_large_image","schema":{"@context":"https:\/\/schema.org","@graph":[{"@type":"WebPage","@id":"https:\/\/stgbc.bcweededible.net\/fr\/buy\/concentres\/echantillon-de-concentre-6-grammes\/","url":"https:\/\/stgbc.bcweededible.net\/fr\/buy\/concentres\/echantillon-de-concentre-6-grammes\/","name":"Acheter \u00c9chantillon de concentr\u00e9 (6gr) en Ligne Canada | BC Weed Edible","isPartOf":{"@id":"https:\/\/stgbc.bcweededible.net\/fr\/#website"},"primaryImageOfPage":{"@id":"https:\/\/stgbc.bcweededible.net\/fr\/buy\/concentres\/echantillon-de-concentre-6-grammes\/#primaryimage"},"image":{"@id":"https:\/\/stgbc.bcweededible.net\/fr\/buy\/concentres\/echantillon-de-concentre-6-grammes\/#primaryimage"},"thumbnailUrl":"https:\/\/stgbc.bcweededible.net\/wp-content\/uploads\/2023\/08\/concentrates-sample-pack.jpg","datePublished":"2023-08-03T18:57:56+00:00","dateModified":"2025-07-15T15:11:43+00:00","breadcrumb":{"@id":"https:\/\/stgbc.bcweededible.net\/fr\/buy\/concentres\/echantillon-de-concentre-6-grammes\/#breadcrumb"},"inLanguage":"fr-FR","potentialAction":[{"@type":"ReadAction","target":["https:\/\/stgbc.bcweededible.net\/fr\/buy\/concentres\/echantillon-de-concentre-6-grammes\/"]}]},{"@type":"ImageObject","inLanguage":"fr-FR","@id":"https:\/\/stgbc.bcweededible.net\/fr\/buy\/concentres\/echantillon-de-concentre-6-grammes\/#primaryimage","url":"https:\/\/stgbc.bcweededible.net\/wp-content\/uploads\/2023\/08\/concentrates-sample-pack.jpg","contentUrl":"https:\/\/stgbc.bcweededible.net\/wp-content\/uploads\/2023\/08\/concentrates-sample-pack.jpg","width":720,"height":720,"caption":"concentrate sample pack"},{"@type":"BreadcrumbList","@id":"https:\/\/stgbc.bcweededible.net\/fr\/buy\/concentres\/echantillon-de-concentre-6-grammes\/#breadcrumb","itemListElement":[{"@type":"ListItem","position":1,"name":"Jujubes au Pot Canada","item":"https:\/\/stgbc.bcweededible.net\/fr\/shop\/"},{"@type":"ListItem","position":2,"name":"\u00c9chantillon de concentr\u00e9 (6gr)"}]},{"@type":"WebSite","@id":"https:\/\/stgbc.bcweededible.net\/fr\/#website","url":"https:\/\/stgbc.bcweededible.net\/fr\/","name":"BC Weed Edible","description":"","publisher":{"@id":"https:\/\/stgbc.bcweededible.net\/fr\/#organization"},"potentialAction":[{"@type":"SearchAction","target":{"@type":"EntryPoint","urlTemplate":"https:\/\/stgbc.bcweededible.net\/fr\/?s={search_term_string}"},"query-input":{"@type":"PropertyValueSpecification","valueRequired":true,"valueName":"search_term_string"}}],"inLanguage":"fr-FR"},{"@type":"Organization","@id":"https:\/\/stgbc.bcweededible.net\/fr\/#organization","name":"BC Weed Edible","url":"https:\/\/stgbc.bcweededible.net\/fr\/","logo":{"@type":"ImageObject","inLanguage":"fr-FR","@id":"https:\/\/stgbc.bcweededible.net\/fr\/#\/schema\/logo\/image\/","url":"https:\/\/stgbc.bcweededible.net\/wp-content\/uploads\/2021\/12\/bc-weed-edible-canada.png","contentUrl":"https:\/\/stgbc.bcweededible.net\/wp-content\/uploads\/2021\/12\/bc-weed-edible-canada.png","width":270,"height":185,"caption":"BC Weed Edible"},"image":{"@id":"https:\/\/stgbc.bcweededible.net\/fr\/#\/schema\/logo\/image\/"}}]}},"_links":{"self":[{"href":"https:\/\/stgbc.bcweededible.net\/fr\/wp-json\/wp\/v2\/product\/39690","targetHints":{"allow":["GET"]}}],"collection":[{"href":"https:\/\/stgbc.bcweededible.net\/fr\/wp-json\/wp\/v2\/product"}],"about":[{"href":"https:\/\/stgbc.bcweededible.net\/fr\/wp-json\/wp\/v2\/types\/product"}],"replies":[{"embeddable":true,"href":"https:\/\/stgbc.bcweededible.net\/fr\/wp-json\/wp\/v2\/comments?post=39690"}],"wp:featuredmedia":[{"embeddable":true,"href":"https:\/\/stgbc.bcweededible.net\/fr\/wp-json\/wp\/v2\/media\/39606"}],"wp:attachment":[{"href":"https:\/\/stgbc.bcweededible.net\/fr\/wp-json\/wp\/v2\/media?parent=39690"}],"wp:term":[{"taxonomy":"product_brand","embeddable":true,"href":"https:\/\/stgbc.bcweededible.net\/fr\/wp-json\/wp\/v2\/product_brand?post=39690"},{"taxonomy":"product_cat","embeddable":true,"href":"https:\/\/stgbc.bcweededible.net\/fr\/wp-json\/wp\/v2\/product_cat?post=39690"},{"taxonomy":"product_tag","embeddable":true,"href":"https:\/\/stgbc.bcweededible.net\/fr\/wp-json\/wp\/v2\/product_tag?post=39690"}],"curies":[{"name":"wp","href":"https:\/\/api.w.org\/{rel}","templated":true}]}}