{"id":38525,"date":"2023-07-21T13:38:17","date_gmt":"2023-07-21T20:38:26","guid":{"rendered":"https:\/\/bcweededible.net\/?post_type=product&#038;p=38525"},"modified":"2025-05-03T10:17:10","modified_gmt":"2025-05-03T17:17:10","slug":"pays-bas-chasseur-hachage","status":"publish","type":"product","link":"https:\/\/stgbc.bcweededible.net\/fr\/buy\/concentres\/hasch\/hash-importe\/pays-bas-chasseur-hachage\/","title":{"rendered":"Hash Hunter (Pays-Bas)"},"content":{"rendered":"","protected":false},"excerpt":{"rendered":"<p>D\u00e9couvrez le <strong>hash Hunter (Pays-Bas)<\/strong>\u00a0&#8211; une nouvelle addition captivante \u00e0 nos <a href=\"https:\/\/stgbc.bcweededible.net\/fr\/shop\/concentres\/\">concentr\u00e9s de cannabis<\/a>. Ce hash d&#8217;apparence lisse et blonde procure un &#8221;high&#8221; l\u00e9ger, c\u00e9r\u00e9bral et actif, parfait pour relaxer et avoir du plaisir. R\u00e9put\u00e9 pour sa <strong>puissance exceptionnelle<\/strong>, ce haschisch est rare en dehors des Pays-Bas. Am\u00e9liorez votre exp\u00e9rience du cannabis avec le hash Hunter des Pays-Bas &#8211; achetez maintenant et d\u00e9couvrez l&#8217;essence de la culture du haschisch d&#8217;Amsterdam.<\/p>\n<h2>Informations sur le hash Hunter (Pays-bas)<\/h2>\n<table>\n<thead>\n<tr>\n<th>Sp\u00e9cifications<\/th>\n<th>Description<\/th>\n<\/tr>\n<\/thead>\n<tbody>\n<tr>\n<td>Couleur<\/td>\n<td>Gris, brun clair<\/td>\n<\/tr>\n<tr>\n<td>Texture<\/td>\n<td>Collant, huileux,<\/td>\n<\/tr>\n<tr>\n<td>Apparence<\/td>\n<td>Lisse et blond<\/td>\n<\/tr>\n<tr>\n<td>Le go\u00fbt<\/td>\n<td>L\u00e9ger et terreux<\/td>\n<\/tr>\n<tr>\n<td>High<\/td>\n<td>Doux, c\u00e9r\u00e9bral et actif<\/td>\n<\/tr>\n<tr>\n<td>Effets<\/td>\n<td>Relaxant, Plaisir<\/td>\n<\/tr>\n<tr>\n<td>Puissance<\/td>\n<td>Extr\u00eamement puissant<\/td>\n<\/tr>\n<\/tbody>\n<\/table>\n","protected":false},"featured_media":38599,"comment_status":"open","ping_status":"closed","template":"","meta":[],"product_brand":[],"product_cat":[305,628,636,653],"product_tag":[],"class_list":{"0":"post-38525","1":"product","2":"type-product","3":"status-publish","4":"has-post-thumbnail","6":"product_cat-concentres","7":"product_cat-hasch","8":"product_cat-hash-importe","9":"product_cat-hash-premium","11":"first","12":"outofstock","13":"shipping-taxable","14":"purchasable","15":"product-type-variable"},"yoast_head":"\n<title>Acheter Hash Hunter (Pays-Bas) Canada | Acheter Hash en vrac et bon march\u00e9 en ligne BC Weed Edible %.<\/title>\n<meta name=\"description\" content=\"D\u00e9couvrez l&#039;essence de la culture du haschisch d&#039;Amsterdam avec Netherlands Hunter Hash. Faites l&#039;exp\u00e9rience de son high doux et c\u00e9r\u00e9bral et de ses effets puissants. Achetez maintenant et \u00e9levez votre voyage au cannabis avec ce concentr\u00e9 exceptionnel.\" \/>\n<meta name=\"robots\" content=\"index, follow, max-snippet:-1, max-image-preview:large, max-video-preview:-1\" \/>\n<link rel=\"canonical\" href=\"https:\/\/stgbc.bcweededible.net\/fr\/buy\/concentres\/hasch\/hash-importe\/pays-bas-chasseur-hachage\/\" \/>\n<meta property=\"og:locale\" content=\"fr_FR\" \/>\n<meta property=\"og:type\" content=\"article\" \/>\n<meta property=\"og:title\" content=\"Acheter Hash Hunter (Pays-Bas) Canada | Acheter Hash en vrac et bon march\u00e9 en ligne BC Weed Edible %.\" \/>\n<meta property=\"og:description\" content=\"D\u00e9couvrez l&#039;essence de la culture du haschisch d&#039;Amsterdam avec Netherlands Hunter Hash. Faites l&#039;exp\u00e9rience de son high doux et c\u00e9r\u00e9bral et de ses effets puissants. Achetez maintenant et \u00e9levez votre voyage au cannabis avec ce concentr\u00e9 exceptionnel.\" \/>\n<meta property=\"og:url\" content=\"https:\/\/stgbc.bcweededible.net\/fr\/buy\/concentres\/hasch\/hash-importe\/pays-bas-chasseur-hachage\/\" \/>\n<meta property=\"og:site_name\" content=\"BC Weed Edible\" \/>\n<meta property=\"article:modified_time\" content=\"2025-05-03T17:17:10+00:00\" \/>\n<meta property=\"og:image\" content=\"https:\/\/stgbc.bcweededible.net\/wp-content\/uploads\/2023\/07\/hunter-hash.png\" \/>\n\t<meta property=\"og:image:width\" content=\"700\" \/>\n\t<meta property=\"og:image:height\" content=\"700\" \/>\n\t<meta property=\"og:image:type\" content=\"image\/png\" \/>\n<meta name=\"twitter:card\" content=\"summary_large_image\" \/>\n<script type=\"application\/ld+json\" class=\"yoast-schema-graph\">{\"@context\":\"https:\\\/\\\/schema.org\",\"@graph\":[{\"@type\":\"WebPage\",\"@id\":\"https:\\\/\\\/stgbc.bcweededible.net\\\/fr\\\/buy\\\/concentres\\\/hasch\\\/hash-importe\\\/pays-bas-chasseur-hachage\\\/\",\"url\":\"https:\\\/\\\/stgbc.bcweededible.net\\\/fr\\\/buy\\\/concentres\\\/hasch\\\/hash-importe\\\/pays-bas-chasseur-hachage\\\/\",\"name\":\"Acheter Hash Hunter (Pays-Bas) Canada | Acheter Hash en vrac et bon march\u00e9 en ligne BC Weed Edible %.\",\"isPartOf\":{\"@id\":\"https:\\\/\\\/stgbc.bcweededible.net\\\/fr\\\/#website\"},\"primaryImageOfPage\":{\"@id\":\"https:\\\/\\\/stgbc.bcweededible.net\\\/fr\\\/buy\\\/concentres\\\/hasch\\\/hash-importe\\\/pays-bas-chasseur-hachage\\\/#primaryimage\"},\"image\":{\"@id\":\"https:\\\/\\\/stgbc.bcweededible.net\\\/fr\\\/buy\\\/concentres\\\/hasch\\\/hash-importe\\\/pays-bas-chasseur-hachage\\\/#primaryimage\"},\"thumbnailUrl\":\"https:\\\/\\\/stgbc.bcweededible.net\\\/wp-content\\\/uploads\\\/2023\\\/07\\\/hunter-hash.png\",\"datePublished\":\"2023-07-21T20:38:26+00:00\",\"dateModified\":\"2025-05-03T17:17:10+00:00\",\"description\":\"D\u00e9couvrez l'essence de la culture du haschisch d'Amsterdam avec Netherlands Hunter Hash. Faites l'exp\u00e9rience de son high doux et c\u00e9r\u00e9bral et de ses effets puissants. Achetez maintenant et \u00e9levez votre voyage au cannabis avec ce concentr\u00e9 exceptionnel.\",\"breadcrumb\":{\"@id\":\"https:\\\/\\\/stgbc.bcweededible.net\\\/fr\\\/buy\\\/concentres\\\/hasch\\\/hash-importe\\\/pays-bas-chasseur-hachage\\\/#breadcrumb\"},\"inLanguage\":\"fr-FR\",\"potentialAction\":[{\"@type\":\"ReadAction\",\"target\":[\"https:\\\/\\\/stgbc.bcweededible.net\\\/fr\\\/buy\\\/concentres\\\/hasch\\\/hash-importe\\\/pays-bas-chasseur-hachage\\\/\"]}]},{\"@type\":\"ImageObject\",\"inLanguage\":\"fr-FR\",\"@id\":\"https:\\\/\\\/stgbc.bcweededible.net\\\/fr\\\/buy\\\/concentres\\\/hasch\\\/hash-importe\\\/pays-bas-chasseur-hachage\\\/#primaryimage\",\"url\":\"https:\\\/\\\/stgbc.bcweededible.net\\\/wp-content\\\/uploads\\\/2023\\\/07\\\/hunter-hash.png\",\"contentUrl\":\"https:\\\/\\\/stgbc.bcweededible.net\\\/wp-content\\\/uploads\\\/2023\\\/07\\\/hunter-hash.png\",\"width\":700,\"height\":700,\"caption\":\"Hunter Hash\"},{\"@type\":\"BreadcrumbList\",\"@id\":\"https:\\\/\\\/stgbc.bcweededible.net\\\/fr\\\/buy\\\/concentres\\\/hasch\\\/hash-importe\\\/pays-bas-chasseur-hachage\\\/#breadcrumb\",\"itemListElement\":[{\"@type\":\"ListItem\",\"position\":1,\"name\":\"Jujubes au Pot Canada\",\"item\":\"https:\\\/\\\/stgbc.bcweededible.net\\\/fr\\\/shop\\\/\"},{\"@type\":\"ListItem\",\"position\":2,\"name\":\"Hash Hunter (Pays-Bas)\"}]},{\"@type\":\"WebSite\",\"@id\":\"https:\\\/\\\/stgbc.bcweededible.net\\\/fr\\\/#website\",\"url\":\"https:\\\/\\\/stgbc.bcweededible.net\\\/fr\\\/\",\"name\":\"BC Weed Edible\",\"description\":\"\",\"publisher\":{\"@id\":\"https:\\\/\\\/stgbc.bcweededible.net\\\/fr\\\/#organization\"},\"potentialAction\":[{\"@type\":\"SearchAction\",\"target\":{\"@type\":\"EntryPoint\",\"urlTemplate\":\"https:\\\/\\\/stgbc.bcweededible.net\\\/fr\\\/?s={search_term_string}\"},\"query-input\":{\"@type\":\"PropertyValueSpecification\",\"valueRequired\":true,\"valueName\":\"search_term_string\"}}],\"inLanguage\":\"fr-FR\"},{\"@type\":\"Organization\",\"@id\":\"https:\\\/\\\/stgbc.bcweededible.net\\\/fr\\\/#organization\",\"name\":\"BC Weed Edible\",\"url\":\"https:\\\/\\\/stgbc.bcweededible.net\\\/fr\\\/\",\"logo\":{\"@type\":\"ImageObject\",\"inLanguage\":\"fr-FR\",\"@id\":\"https:\\\/\\\/stgbc.bcweededible.net\\\/fr\\\/#\\\/schema\\\/logo\\\/image\\\/\",\"url\":\"https:\\\/\\\/stgbc.bcweededible.net\\\/wp-content\\\/uploads\\\/2021\\\/12\\\/bc-weed-edible-canada.png\",\"contentUrl\":\"https:\\\/\\\/stgbc.bcweededible.net\\\/wp-content\\\/uploads\\\/2021\\\/12\\\/bc-weed-edible-canada.png\",\"width\":270,\"height\":185,\"caption\":\"BC Weed Edible\"},\"image\":{\"@id\":\"https:\\\/\\\/stgbc.bcweededible.net\\\/fr\\\/#\\\/schema\\\/logo\\\/image\\\/\"}}]}<\/script>\n","yoast_head_json":{"title":"Acheter Hash Hunter (Pays-Bas) Canada | Acheter Hash en vrac et bon march\u00e9 en ligne BC Weed Edible %.","description":"D\u00e9couvrez l'essence de la culture du haschisch d'Amsterdam avec Netherlands Hunter Hash. Faites l'exp\u00e9rience de son high doux et c\u00e9r\u00e9bral et de ses effets puissants. Achetez maintenant et \u00e9levez votre voyage au cannabis avec ce concentr\u00e9 exceptionnel.","robots":{"index":"index","follow":"follow","max-snippet":"max-snippet:-1","max-image-preview":"max-image-preview:large","max-video-preview":"max-video-preview:-1"},"canonical":"https:\/\/stgbc.bcweededible.net\/fr\/buy\/concentres\/hasch\/hash-importe\/pays-bas-chasseur-hachage\/","og_locale":"fr_FR","og_type":"article","og_title":"Acheter Hash Hunter (Pays-Bas) Canada | Acheter Hash en vrac et bon march\u00e9 en ligne BC Weed Edible %.","og_description":"D\u00e9couvrez l'essence de la culture du haschisch d'Amsterdam avec Netherlands Hunter Hash. Faites l'exp\u00e9rience de son high doux et c\u00e9r\u00e9bral et de ses effets puissants. Achetez maintenant et \u00e9levez votre voyage au cannabis avec ce concentr\u00e9 exceptionnel.","og_url":"https:\/\/stgbc.bcweededible.net\/fr\/buy\/concentres\/hasch\/hash-importe\/pays-bas-chasseur-hachage\/","og_site_name":"BC Weed Edible","article_modified_time":"2025-05-03T17:17:10+00:00","og_image":[{"width":700,"height":700,"url":"https:\/\/stgbc.bcweededible.net\/wp-content\/uploads\/2023\/07\/hunter-hash.png","type":"image\/png"}],"twitter_card":"summary_large_image","schema":{"@context":"https:\/\/schema.org","@graph":[{"@type":"WebPage","@id":"https:\/\/stgbc.bcweededible.net\/fr\/buy\/concentres\/hasch\/hash-importe\/pays-bas-chasseur-hachage\/","url":"https:\/\/stgbc.bcweededible.net\/fr\/buy\/concentres\/hasch\/hash-importe\/pays-bas-chasseur-hachage\/","name":"Acheter Hash Hunter (Pays-Bas) Canada | Acheter Hash en vrac et bon march\u00e9 en ligne BC Weed Edible %.","isPartOf":{"@id":"https:\/\/stgbc.bcweededible.net\/fr\/#website"},"primaryImageOfPage":{"@id":"https:\/\/stgbc.bcweededible.net\/fr\/buy\/concentres\/hasch\/hash-importe\/pays-bas-chasseur-hachage\/#primaryimage"},"image":{"@id":"https:\/\/stgbc.bcweededible.net\/fr\/buy\/concentres\/hasch\/hash-importe\/pays-bas-chasseur-hachage\/#primaryimage"},"thumbnailUrl":"https:\/\/stgbc.bcweededible.net\/wp-content\/uploads\/2023\/07\/hunter-hash.png","datePublished":"2023-07-21T20:38:26+00:00","dateModified":"2025-05-03T17:17:10+00:00","description":"D\u00e9couvrez l'essence de la culture du haschisch d'Amsterdam avec Netherlands Hunter Hash. Faites l'exp\u00e9rience de son high doux et c\u00e9r\u00e9bral et de ses effets puissants. Achetez maintenant et \u00e9levez votre voyage au cannabis avec ce concentr\u00e9 exceptionnel.","breadcrumb":{"@id":"https:\/\/stgbc.bcweededible.net\/fr\/buy\/concentres\/hasch\/hash-importe\/pays-bas-chasseur-hachage\/#breadcrumb"},"inLanguage":"fr-FR","potentialAction":[{"@type":"ReadAction","target":["https:\/\/stgbc.bcweededible.net\/fr\/buy\/concentres\/hasch\/hash-importe\/pays-bas-chasseur-hachage\/"]}]},{"@type":"ImageObject","inLanguage":"fr-FR","@id":"https:\/\/stgbc.bcweededible.net\/fr\/buy\/concentres\/hasch\/hash-importe\/pays-bas-chasseur-hachage\/#primaryimage","url":"https:\/\/stgbc.bcweededible.net\/wp-content\/uploads\/2023\/07\/hunter-hash.png","contentUrl":"https:\/\/stgbc.bcweededible.net\/wp-content\/uploads\/2023\/07\/hunter-hash.png","width":700,"height":700,"caption":"Hunter Hash"},{"@type":"BreadcrumbList","@id":"https:\/\/stgbc.bcweededible.net\/fr\/buy\/concentres\/hasch\/hash-importe\/pays-bas-chasseur-hachage\/#breadcrumb","itemListElement":[{"@type":"ListItem","position":1,"name":"Jujubes au Pot Canada","item":"https:\/\/stgbc.bcweededible.net\/fr\/shop\/"},{"@type":"ListItem","position":2,"name":"Hash Hunter (Pays-Bas)"}]},{"@type":"WebSite","@id":"https:\/\/stgbc.bcweededible.net\/fr\/#website","url":"https:\/\/stgbc.bcweededible.net\/fr\/","name":"BC Weed Edible","description":"","publisher":{"@id":"https:\/\/stgbc.bcweededible.net\/fr\/#organization"},"potentialAction":[{"@type":"SearchAction","target":{"@type":"EntryPoint","urlTemplate":"https:\/\/stgbc.bcweededible.net\/fr\/?s={search_term_string}"},"query-input":{"@type":"PropertyValueSpecification","valueRequired":true,"valueName":"search_term_string"}}],"inLanguage":"fr-FR"},{"@type":"Organization","@id":"https:\/\/stgbc.bcweededible.net\/fr\/#organization","name":"BC Weed Edible","url":"https:\/\/stgbc.bcweededible.net\/fr\/","logo":{"@type":"ImageObject","inLanguage":"fr-FR","@id":"https:\/\/stgbc.bcweededible.net\/fr\/#\/schema\/logo\/image\/","url":"https:\/\/stgbc.bcweededible.net\/wp-content\/uploads\/2021\/12\/bc-weed-edible-canada.png","contentUrl":"https:\/\/stgbc.bcweededible.net\/wp-content\/uploads\/2021\/12\/bc-weed-edible-canada.png","width":270,"height":185,"caption":"BC Weed Edible"},"image":{"@id":"https:\/\/stgbc.bcweededible.net\/fr\/#\/schema\/logo\/image\/"}}]}},"_links":{"self":[{"href":"https:\/\/stgbc.bcweededible.net\/fr\/wp-json\/wp\/v2\/product\/38525","targetHints":{"allow":["GET"]}}],"collection":[{"href":"https:\/\/stgbc.bcweededible.net\/fr\/wp-json\/wp\/v2\/product"}],"about":[{"href":"https:\/\/stgbc.bcweededible.net\/fr\/wp-json\/wp\/v2\/types\/product"}],"replies":[{"embeddable":true,"href":"https:\/\/stgbc.bcweededible.net\/fr\/wp-json\/wp\/v2\/comments?post=38525"}],"wp:featuredmedia":[{"embeddable":true,"href":"https:\/\/stgbc.bcweededible.net\/fr\/wp-json\/wp\/v2\/media\/38599"}],"wp:attachment":[{"href":"https:\/\/stgbc.bcweededible.net\/fr\/wp-json\/wp\/v2\/media?parent=38525"}],"wp:term":[{"taxonomy":"product_brand","embeddable":true,"href":"https:\/\/stgbc.bcweededible.net\/fr\/wp-json\/wp\/v2\/product_brand?post=38525"},{"taxonomy":"product_cat","embeddable":true,"href":"https:\/\/stgbc.bcweededible.net\/fr\/wp-json\/wp\/v2\/product_cat?post=38525"},{"taxonomy":"product_tag","embeddable":true,"href":"https:\/\/stgbc.bcweededible.net\/fr\/wp-json\/wp\/v2\/product_tag?post=38525"}],"curies":[{"name":"wp","href":"https:\/\/api.w.org\/{rel}","templated":true}]}}