{"id":31883,"date":"2023-01-06T16:28:00","date_gmt":"2023-04-19T01:32:31","guid":{"rendered":"https:\/\/bcweededible.net\/buy\/non%20class\u00e9\/panier-de-sauces-a-vaper-htfse\/"},"modified":"2024-06-03T08:03:15","modified_gmt":"2024-06-03T15:03:15","slug":"htfse-vape-sauce-cart","status":"publish","type":"product","link":"https:\/\/stgbc.bcweededible.net\/fr\/buy\/concentres\/distillat\/htfse-vape-sauce-cart\/","title":{"rendered":"Cartouche Vape Sauce HTFSE"},"content":{"rendered":"<h2>Qu&#8217;est-ce que cette sauce HTFSE ?<\/h2>\n<p>Le concentr\u00e9 de sauce est une forme tr\u00e8s concentr\u00e9e d&#8217;extrait de cannabis compos\u00e9 de <strong>cannabino\u00efdes et de terp\u00e8nes.<\/strong> Ce type de concentr\u00e9 est connu pour offrir une exp\u00e9rience incroyablement savoureuse et aromatique qui peut \u00eatre appr\u00e9ci\u00e9e de diff\u00e9rentes mani\u00e8res, comme le dabbing, la vaporisation ou la consommation de comestibles. Le profil de saveur produit par le concentr\u00e9 de sauce est g\u00e9n\u00e9ralement d\u00e9crit comme complet et complexe, ce qui le rend populaire parmi les consommateurs qui cherchent \u00e0 exp\u00e9rimenter la gamme compl\u00e8te des avantages que les cannabino\u00efdes ont \u00e0 offrir.<\/p>\n<h2>Que signifie HTFSE ?<\/h2>\n<p>HTFSE est l&#8217;acronyme de High-Terpene Full-Spectrum Extract et est un type de concentr\u00e9 de cannabis compos\u00e9 de niveaux \u00e9lev\u00e9s de terp\u00e8nes, de flavono\u00efdes, de cannabino\u00efdes et d&#8217;autres compos\u00e9s organiques pr\u00e9sents dans la plante de cannabis. Cette forme de concentr\u00e9 est cens\u00e9e offrir toute la saveur et le profil des effets de la vari\u00e9t\u00e9 dont elle a \u00e9t\u00e9 extraite. HTFSE offre une exp\u00e9rience gustative incroyablement puissante qui peut \u00eatre appr\u00e9ci\u00e9e soit en tamponnant soit en vaporisant.<\/p>\n<h2>Types de cartouches VAPE Sauce disponibles<\/h2>\n<h3>Gelato<\/h3>\n<p>&nbsp;<\/p>\n<table>\n<tbody>\n<tr>\n<td class=\"has-text-align-center\" style=\"text-align: left;\" data-align=\"center\"><strong>Type<\/strong><\/td>\n<td class=\"has-text-align-center\" style=\"text-align: left;\" data-align=\"center\">Hybride<\/td>\n<\/tr>\n<tr>\n<td class=\"has-text-align-center\" data-align=\"center\"><strong>Saveurs<\/strong><\/td>\n<td class=\"has-text-align-center\" data-align=\"center\">Baies, agrumes, lavande, sucr\u00e9, bois\u00e9.<\/td>\n<\/tr>\n<tr>\n<td class=\"has-text-align-center\" data-align=\"center\"><strong>Effets<\/strong><\/td>\n<td class=\"has-text-align-center\" data-align=\"center\">Cr\u00e9atif, Euphorie, Concentration, Heureux, Relaxant<\/td>\n<\/tr>\n<\/tbody>\n<\/table>\n<p>&nbsp;<\/p>\n","protected":false},"excerpt":{"rendered":"<p><strong>Nos cartouches Vape sauce HTFSE<\/strong> sont fabriqu\u00e9es avec un <strong>m\u00e9lange \u00e0 50\/50%<\/strong> de <strong>sauce TERP<\/strong> de qualit\u00e9 sup\u00e9rieure et de<strong> distillat D9<\/strong>. Chaque lot de concentr\u00e9 est test\u00e9 en laboratoire pour garantir la qualit\u00e9 et la constance de chaque inhalation. Con\u00e7ue pour fournir la vapeur la plus savoureuse, chaque cartouche contient 1000 mg de concentr\u00e9s, log\u00e9s dans une cartouche TH2 de 1,0 ml. Si vous recherchez des <strong>cartouches \u00e0 haute teneur en terp\u00e8nes<\/strong>, les cartouches Vape sauce HTFSE sont faites pour vous !<\/p>\n<table>\n<tbody>\n<tr>\n<td class=\"has-text-align-center\" style=\"text-align: left;\" data-align=\"center\"><strong>Puissance<\/strong><\/td>\n<td class=\"has-text-align-center\" style=\"text-align: left;\" data-align=\"center\">70-80% THC<\/td>\n<\/tr>\n<tr>\n<td class=\"has-text-align-center\" data-align=\"center\"><strong>Contenu<\/strong><\/td>\n<td class=\"has-text-align-center\" data-align=\"center\">1000mg<\/td>\n<\/tr>\n<tr>\n<td class=\"has-text-align-center\" data-align=\"center\"><strong>Consistance<\/strong><\/td>\n<td class=\"has-text-align-center\" data-align=\"center\">Sauce TERP<\/td>\n<\/tr>\n<tr>\n<td class=\"has-text-align-center\" style=\"text-align: left;\" data-align=\"center\"><strong>Extraction<\/strong><\/td>\n<td class=\"has-text-align-center\" style=\"text-align: left;\" data-align=\"center\">Butane<\/td>\n<\/tr>\n<tr>\n<td class=\"has-text-align-center\" style=\"text-align: left;\" data-align=\"center\"><strong>Entreposage<\/strong><\/td>\n<td class=\"has-text-align-center\" style=\"text-align: left;\" data-align=\"center\">Entreposer dans un endroit frais et sec<\/td>\n<\/tr>\n<\/tbody>\n<\/table>\n","protected":false},"featured_media":32742,"comment_status":"open","ping_status":"closed","template":"","meta":[],"product_brand":[],"product_cat":[288,305,306,287,637],"product_tag":[],"class_list":{"0":"post-31883","1":"product","2":"type-product","3":"status-publish","4":"has-post-thumbnail","6":"product_cat-cartouches-distillat","7":"product_cat-concentres","8":"product_cat-distillat","9":"product_cat-vape","10":"product_cat-jetable","12":"first","13":"outofstock","14":"sale","15":"shipping-taxable","16":"purchasable","17":"product-type-variable"},"yoast_head":"\n<title>Acheter le Cartouche Vape Sauce HTFSE Canada \u00e0 partir de 29 $ | BC Weed Edible<\/title>\n<meta name=\"robots\" content=\"index, follow, max-snippet:-1, max-image-preview:large, max-video-preview:-1\" \/>\n<link rel=\"canonical\" href=\"https:\/\/stgbc.bcweededible.net\/fr\/buy\/concentres\/distillat\/htfse-vape-sauce-cart\/\" \/>\n<meta property=\"og:locale\" content=\"fr_FR\" \/>\n<meta property=\"og:type\" content=\"article\" \/>\n<meta property=\"og:title\" content=\"Acheter le Cartouche Vape Sauce HTFSE Canada \u00e0 partir de 29 $ | BC Weed Edible\" \/>\n<meta property=\"og:description\" content=\"Nos cartouches Vape sauce HTFSE sont fabriqu\u00e9es avec un m\u00e9lange \u00e0 50\/50% de sauce TERP de qualit\u00e9 sup\u00e9rieure et de distillat D9. Chaque lot de concentr\u00e9 est test\u00e9 en laboratoire pour garantir la qualit\u00e9 et la constance de chaque inhalation. Con\u00e7ue pour fournir la vapeur la plus savoureuse, chaque cartouche contient 1000 mg de concentr\u00e9s, log\u00e9s dans une cartouche TH2 de 1,0 ml. Si vous recherchez des cartouches \u00e0 haute teneur en terp\u00e8nes, les cartouches Vape sauce HTFSE sont faites pour vous ! Puissance 70-80% THC Contenu 1000mg Consistance Sauce TERP Extraction Butane Entreposage Entreposer dans un endroit frais et sec\" \/>\n<meta property=\"og:url\" content=\"https:\/\/stgbc.bcweededible.net\/fr\/buy\/concentres\/distillat\/htfse-vape-sauce-cart\/\" \/>\n<meta property=\"og:site_name\" content=\"BC Weed Edible\" \/>\n<meta property=\"article:modified_time\" content=\"2024-06-03T15:03:15+00:00\" \/>\n<meta property=\"og:image\" content=\"https:\/\/stgbc.bcweededible.net\/wp-content\/uploads\/2022\/06\/htfse-vape-sauce-cart.jpg\" \/>\n\t<meta property=\"og:image:width\" content=\"1500\" \/>\n\t<meta property=\"og:image:height\" content=\"1218\" \/>\n\t<meta property=\"og:image:type\" content=\"image\/jpeg\" \/>\n<meta name=\"twitter:card\" content=\"summary_large_image\" \/>\n<meta name=\"twitter:label1\" content=\"Dur\u00e9e de lecture estim\u00e9e\" \/>\n\t<meta name=\"twitter:data1\" content=\"1 minute\" \/>\n<script type=\"application\/ld+json\" class=\"yoast-schema-graph\">{\"@context\":\"https:\\\/\\\/schema.org\",\"@graph\":[{\"@type\":\"WebPage\",\"@id\":\"https:\\\/\\\/stgbc.bcweededible.net\\\/fr\\\/buy\\\/concentres\\\/distillat\\\/htfse-vape-sauce-cart\\\/\",\"url\":\"https:\\\/\\\/stgbc.bcweededible.net\\\/fr\\\/buy\\\/concentres\\\/distillat\\\/htfse-vape-sauce-cart\\\/\",\"name\":\"Acheter le Cartouche Vape Sauce HTFSE Canada \u00e0 partir de 29 $ | BC Weed Edible\",\"isPartOf\":{\"@id\":\"https:\\\/\\\/stgbc.bcweededible.net\\\/fr\\\/#website\"},\"primaryImageOfPage\":{\"@id\":\"https:\\\/\\\/stgbc.bcweededible.net\\\/fr\\\/buy\\\/concentres\\\/distillat\\\/htfse-vape-sauce-cart\\\/#primaryimage\"},\"image\":{\"@id\":\"https:\\\/\\\/stgbc.bcweededible.net\\\/fr\\\/buy\\\/concentres\\\/distillat\\\/htfse-vape-sauce-cart\\\/#primaryimage\"},\"thumbnailUrl\":\"https:\\\/\\\/stgbc.bcweededible.net\\\/wp-content\\\/uploads\\\/2022\\\/06\\\/htfse-vape-sauce-cart.jpg\",\"datePublished\":\"2023-04-19T01:32:31+00:00\",\"dateModified\":\"2024-06-03T15:03:15+00:00\",\"breadcrumb\":{\"@id\":\"https:\\\/\\\/stgbc.bcweededible.net\\\/fr\\\/buy\\\/concentres\\\/distillat\\\/htfse-vape-sauce-cart\\\/#breadcrumb\"},\"inLanguage\":\"fr-FR\",\"potentialAction\":[{\"@type\":\"ReadAction\",\"target\":[\"https:\\\/\\\/stgbc.bcweededible.net\\\/fr\\\/buy\\\/concentres\\\/distillat\\\/htfse-vape-sauce-cart\\\/\"]}]},{\"@type\":\"ImageObject\",\"inLanguage\":\"fr-FR\",\"@id\":\"https:\\\/\\\/stgbc.bcweededible.net\\\/fr\\\/buy\\\/concentres\\\/distillat\\\/htfse-vape-sauce-cart\\\/#primaryimage\",\"url\":\"https:\\\/\\\/stgbc.bcweededible.net\\\/wp-content\\\/uploads\\\/2022\\\/06\\\/htfse-vape-sauce-cart.jpg\",\"contentUrl\":\"https:\\\/\\\/stgbc.bcweededible.net\\\/wp-content\\\/uploads\\\/2022\\\/06\\\/htfse-vape-sauce-cart.jpg\",\"width\":1500,\"height\":1218,\"caption\":\"htfse vape cart\"},{\"@type\":\"BreadcrumbList\",\"@id\":\"https:\\\/\\\/stgbc.bcweededible.net\\\/fr\\\/buy\\\/concentres\\\/distillat\\\/htfse-vape-sauce-cart\\\/#breadcrumb\",\"itemListElement\":[{\"@type\":\"ListItem\",\"position\":1,\"name\":\"Jujubes au Pot Canada\",\"item\":\"https:\\\/\\\/stgbc.bcweededible.net\\\/fr\\\/shop\\\/\"},{\"@type\":\"ListItem\",\"position\":2,\"name\":\"Cartouche Vape Sauce HTFSE\"}]},{\"@type\":\"WebSite\",\"@id\":\"https:\\\/\\\/stgbc.bcweededible.net\\\/fr\\\/#website\",\"url\":\"https:\\\/\\\/stgbc.bcweededible.net\\\/fr\\\/\",\"name\":\"BC Weed Edible\",\"description\":\"\",\"publisher\":{\"@id\":\"https:\\\/\\\/stgbc.bcweededible.net\\\/fr\\\/#organization\"},\"potentialAction\":[{\"@type\":\"SearchAction\",\"target\":{\"@type\":\"EntryPoint\",\"urlTemplate\":\"https:\\\/\\\/stgbc.bcweededible.net\\\/fr\\\/?s={search_term_string}\"},\"query-input\":{\"@type\":\"PropertyValueSpecification\",\"valueRequired\":true,\"valueName\":\"search_term_string\"}}],\"inLanguage\":\"fr-FR\"},{\"@type\":\"Organization\",\"@id\":\"https:\\\/\\\/stgbc.bcweededible.net\\\/fr\\\/#organization\",\"name\":\"BC Weed Edible\",\"url\":\"https:\\\/\\\/stgbc.bcweededible.net\\\/fr\\\/\",\"logo\":{\"@type\":\"ImageObject\",\"inLanguage\":\"fr-FR\",\"@id\":\"https:\\\/\\\/stgbc.bcweededible.net\\\/fr\\\/#\\\/schema\\\/logo\\\/image\\\/\",\"url\":\"https:\\\/\\\/stgbc.bcweededible.net\\\/wp-content\\\/uploads\\\/2021\\\/12\\\/bc-weed-edible-canada.png\",\"contentUrl\":\"https:\\\/\\\/stgbc.bcweededible.net\\\/wp-content\\\/uploads\\\/2021\\\/12\\\/bc-weed-edible-canada.png\",\"width\":270,\"height\":185,\"caption\":\"BC Weed Edible\"},\"image\":{\"@id\":\"https:\\\/\\\/stgbc.bcweededible.net\\\/fr\\\/#\\\/schema\\\/logo\\\/image\\\/\"}}]}<\/script>\n","yoast_head_json":{"title":"Acheter le Cartouche Vape Sauce HTFSE Canada \u00e0 partir de 29 $ | BC Weed Edible","robots":{"index":"index","follow":"follow","max-snippet":"max-snippet:-1","max-image-preview":"max-image-preview:large","max-video-preview":"max-video-preview:-1"},"canonical":"https:\/\/stgbc.bcweededible.net\/fr\/buy\/concentres\/distillat\/htfse-vape-sauce-cart\/","og_locale":"fr_FR","og_type":"article","og_title":"Acheter le Cartouche Vape Sauce HTFSE Canada \u00e0 partir de 29 $ | BC Weed Edible","og_description":"Nos cartouches Vape sauce HTFSE sont fabriqu\u00e9es avec un m\u00e9lange \u00e0 50\/50% de sauce TERP de qualit\u00e9 sup\u00e9rieure et de distillat D9. Chaque lot de concentr\u00e9 est test\u00e9 en laboratoire pour garantir la qualit\u00e9 et la constance de chaque inhalation. Con\u00e7ue pour fournir la vapeur la plus savoureuse, chaque cartouche contient 1000 mg de concentr\u00e9s, log\u00e9s dans une cartouche TH2 de 1,0 ml. Si vous recherchez des cartouches \u00e0 haute teneur en terp\u00e8nes, les cartouches Vape sauce HTFSE sont faites pour vous ! Puissance 70-80% THC Contenu 1000mg Consistance Sauce TERP Extraction Butane Entreposage Entreposer dans un endroit frais et sec","og_url":"https:\/\/stgbc.bcweededible.net\/fr\/buy\/concentres\/distillat\/htfse-vape-sauce-cart\/","og_site_name":"BC Weed Edible","article_modified_time":"2024-06-03T15:03:15+00:00","og_image":[{"width":1500,"height":1218,"url":"https:\/\/stgbc.bcweededible.net\/wp-content\/uploads\/2022\/06\/htfse-vape-sauce-cart.jpg","type":"image\/jpeg"}],"twitter_card":"summary_large_image","twitter_misc":{"Dur\u00e9e de lecture estim\u00e9e":"1 minute"},"schema":{"@context":"https:\/\/schema.org","@graph":[{"@type":"WebPage","@id":"https:\/\/stgbc.bcweededible.net\/fr\/buy\/concentres\/distillat\/htfse-vape-sauce-cart\/","url":"https:\/\/stgbc.bcweededible.net\/fr\/buy\/concentres\/distillat\/htfse-vape-sauce-cart\/","name":"Acheter le Cartouche Vape Sauce HTFSE Canada \u00e0 partir de 29 $ | BC Weed Edible","isPartOf":{"@id":"https:\/\/stgbc.bcweededible.net\/fr\/#website"},"primaryImageOfPage":{"@id":"https:\/\/stgbc.bcweededible.net\/fr\/buy\/concentres\/distillat\/htfse-vape-sauce-cart\/#primaryimage"},"image":{"@id":"https:\/\/stgbc.bcweededible.net\/fr\/buy\/concentres\/distillat\/htfse-vape-sauce-cart\/#primaryimage"},"thumbnailUrl":"https:\/\/stgbc.bcweededible.net\/wp-content\/uploads\/2022\/06\/htfse-vape-sauce-cart.jpg","datePublished":"2023-04-19T01:32:31+00:00","dateModified":"2024-06-03T15:03:15+00:00","breadcrumb":{"@id":"https:\/\/stgbc.bcweededible.net\/fr\/buy\/concentres\/distillat\/htfse-vape-sauce-cart\/#breadcrumb"},"inLanguage":"fr-FR","potentialAction":[{"@type":"ReadAction","target":["https:\/\/stgbc.bcweededible.net\/fr\/buy\/concentres\/distillat\/htfse-vape-sauce-cart\/"]}]},{"@type":"ImageObject","inLanguage":"fr-FR","@id":"https:\/\/stgbc.bcweededible.net\/fr\/buy\/concentres\/distillat\/htfse-vape-sauce-cart\/#primaryimage","url":"https:\/\/stgbc.bcweededible.net\/wp-content\/uploads\/2022\/06\/htfse-vape-sauce-cart.jpg","contentUrl":"https:\/\/stgbc.bcweededible.net\/wp-content\/uploads\/2022\/06\/htfse-vape-sauce-cart.jpg","width":1500,"height":1218,"caption":"htfse vape cart"},{"@type":"BreadcrumbList","@id":"https:\/\/stgbc.bcweededible.net\/fr\/buy\/concentres\/distillat\/htfse-vape-sauce-cart\/#breadcrumb","itemListElement":[{"@type":"ListItem","position":1,"name":"Jujubes au Pot Canada","item":"https:\/\/stgbc.bcweededible.net\/fr\/shop\/"},{"@type":"ListItem","position":2,"name":"Cartouche Vape Sauce HTFSE"}]},{"@type":"WebSite","@id":"https:\/\/stgbc.bcweededible.net\/fr\/#website","url":"https:\/\/stgbc.bcweededible.net\/fr\/","name":"BC Weed Edible","description":"","publisher":{"@id":"https:\/\/stgbc.bcweededible.net\/fr\/#organization"},"potentialAction":[{"@type":"SearchAction","target":{"@type":"EntryPoint","urlTemplate":"https:\/\/stgbc.bcweededible.net\/fr\/?s={search_term_string}"},"query-input":{"@type":"PropertyValueSpecification","valueRequired":true,"valueName":"search_term_string"}}],"inLanguage":"fr-FR"},{"@type":"Organization","@id":"https:\/\/stgbc.bcweededible.net\/fr\/#organization","name":"BC Weed Edible","url":"https:\/\/stgbc.bcweededible.net\/fr\/","logo":{"@type":"ImageObject","inLanguage":"fr-FR","@id":"https:\/\/stgbc.bcweededible.net\/fr\/#\/schema\/logo\/image\/","url":"https:\/\/stgbc.bcweededible.net\/wp-content\/uploads\/2021\/12\/bc-weed-edible-canada.png","contentUrl":"https:\/\/stgbc.bcweededible.net\/wp-content\/uploads\/2021\/12\/bc-weed-edible-canada.png","width":270,"height":185,"caption":"BC Weed Edible"},"image":{"@id":"https:\/\/stgbc.bcweededible.net\/fr\/#\/schema\/logo\/image\/"}}]}},"_links":{"self":[{"href":"https:\/\/stgbc.bcweededible.net\/fr\/wp-json\/wp\/v2\/product\/31883","targetHints":{"allow":["GET"]}}],"collection":[{"href":"https:\/\/stgbc.bcweededible.net\/fr\/wp-json\/wp\/v2\/product"}],"about":[{"href":"https:\/\/stgbc.bcweededible.net\/fr\/wp-json\/wp\/v2\/types\/product"}],"replies":[{"embeddable":true,"href":"https:\/\/stgbc.bcweededible.net\/fr\/wp-json\/wp\/v2\/comments?post=31883"}],"wp:featuredmedia":[{"embeddable":true,"href":"https:\/\/stgbc.bcweededible.net\/fr\/wp-json\/wp\/v2\/media\/32742"}],"wp:attachment":[{"href":"https:\/\/stgbc.bcweededible.net\/fr\/wp-json\/wp\/v2\/media?parent=31883"}],"wp:term":[{"taxonomy":"product_brand","embeddable":true,"href":"https:\/\/stgbc.bcweededible.net\/fr\/wp-json\/wp\/v2\/product_brand?post=31883"},{"taxonomy":"product_cat","embeddable":true,"href":"https:\/\/stgbc.bcweededible.net\/fr\/wp-json\/wp\/v2\/product_cat?post=31883"},{"taxonomy":"product_tag","embeddable":true,"href":"https:\/\/stgbc.bcweededible.net\/fr\/wp-json\/wp\/v2\/product_tag?post=31883"}],"curies":[{"name":"wp","href":"https:\/\/api.w.org\/{rel}","templated":true}]}}