{"id":31866,"date":"2023-02-15T23:45:59","date_gmt":"2023-04-19T01:32:29","guid":{"rendered":"https:\/\/bcweededible.net\/buy\/non%20class\u00e9\/thca-diamonds\/"},"modified":"2026-02-13T11:39:15","modified_gmt":"2026-02-13T19:39:15","slug":"thca-diamants","status":"publish","type":"product","link":"https:\/\/bcweededible.net\/fr\/buy\/concentres\/shatter-fr\/thca-diamants\/","title":{"rendered":"Diamants THCa"},"content":{"rendered":"<h2>Acheter des diamants THCa au Canada<\/h2>\n<p>Acheter des diamants THCa au Canada est maintenant plus facile que jamais, avec de nombreux vendeurs en ligne tels que<strong> BC Weed Edible <\/strong>qui propose ce <a href=\"https:\/\/stgbc.bcweededible.net\/fr\/shop\/concentres\/\">concentr\u00e9 puissant<\/a>. Que vous cherchiez quelque chose \u00e0 ajouter \u00e0 vos comestibles ou que vous vouliez simplement explorer la science derri\u00e8re l&#8217;extraction du cannabis, l&#8217;achat de diamants THCa au Canada n&#8217;a jamais \u00e9t\u00e9 aussi facile !<\/p>\n<h2>Qu&#8217;est-ce que les diamants THCa ?<\/h2>\n<p>Les diamants THCa sont un type de <strong>concentr\u00e9 de cannabis<\/strong> cr\u00e9\u00e9 par un processus d&#8217;extraction sp\u00e9cial. Le produit final consiste en des <strong>mol\u00e9cules de THC-A cristallis\u00e9es<\/strong> qui semblent \u00eatre cristallines et <strong>ressemblant \u00e0 des diamants<\/strong>. Ils sont incroyablement puissants, certains tests montrant que la teneur en THC des diamants THCa peut atteindre 95 %. Les effets de la consommation de ces diamants peuvent \u00eatre ressentis imm\u00e9diatement et ils produisent un &#8221;high&#8221; corporel intense. Les personnes qui ach\u00e8tent des diamants THCa doivent \u00eatre prudentes, car ils peuvent \u00eatre tr\u00e8s puissants et ne doivent \u00eatre utilis\u00e9s qu&#8217;en petite quantit\u00e9.<\/p>\n<h2>Comment consommer les diamants THCa ?<\/h2>\n<p>Les diamants THCa <strong>ne sont pas actifs \u00e0 l&#8217;\u00e9tat brut<\/strong>, ce qui signifie qu&#8217;ils doivent \u00eatre chauff\u00e9s pour produire des effets. <strong>Lorsqu&#8217;il est chauff\u00e9, l&#8217;ingr\u00e9dient actif THC-A est transform\u00e9 en THC<\/strong>, le composant psychoactif du cannabis qui produit les effets euphorisants. S&#8217;il n&#8217;est pas chauff\u00e9, le diamant THCa reste inactif et ne produit aucun effet.<\/p>\n<p>Le <strong>dabbing<\/strong> est la mani\u00e8re la plus courante de consommer les diamants THCa. Ce processus consiste \u00e0 chauffer les diamants \u00e0 l&#8217;aide d&#8217;un dispositif tel qu&#8217;<strong>un dab rig, un stylo vaporisateur ou un e-nail<\/strong>, puis \u00e0 inhaler la vapeur produite. Le dabbing offre une exp\u00e9rience intense et rapide qui en fait un choix populaire pour ceux qui cherchent \u00e0 tirer le meilleur parti de leurs concentr\u00e9s de cannabis.<\/p>\n<p>&nbsp;<\/p>\n","protected":false},"excerpt":{"rendered":"<p>A la recherche d&#8217;un concentr\u00e9 super fort et puissant qui vous fera planer \u00e0 coup s\u00fbr ? Ne cherchez pas plus loin que <strong>nos diamants THCa.<\/strong> Cet extrait puissant est l&#8217;un des plus populaires au Canada et est parfait pour ceux qui veulent une exp\u00e9rience puissante. Il est reconnu pour son &#8221;high&#8221; intense.<\/p>\n<p>Nous avons une quantit\u00e9 limit\u00e9e, alors profitez-en tant qu&#8217;il en reste !<\/p>\n<h2>Informations sur les diamants THCa<\/h2>\n<ul>\n<li><strong>Consistance :<\/strong> Roches de diamants<\/li>\n<li><strong>Ph\u00e9notype :<\/strong> Hybride, Indica, Sativa (selon la vari\u00e9t\u00e9)<\/li>\n<li><strong>Teneur en THC :<\/strong> entre 80% et 90%<\/li>\n<li><strong>Effets : <\/strong>C\u00e9r\u00e9bral, cr\u00e9atif, d\u00e9tendu, concentr\u00e9, heureux (selon la vari\u00e9t\u00e9)<\/li>\n<li><strong>Ar\u00f4mes : <\/strong>Agrumes, Fruit\u00e9, Pin, Sucr\u00e9 (selon la vari\u00e9t\u00e9)<\/li>\n<li><strong>Fabriqu\u00e9 en :<\/strong> La belle Colombie-Britannique<\/li>\n<\/ul>\n","protected":false},"featured_media":28235,"comment_status":"open","ping_status":"closed","template":"","meta":[],"product_brand":[],"product_cat":[628,558,305,389],"product_tag":[],"class_list":{"0":"post-31866","1":"product","2":"type-product","3":"status-publish","4":"has-post-thumbnail","6":"product_cat-hasch","7":"product_cat-gros","8":"product_cat-concentres","9":"product_cat-shatter-fr","11":"first","12":"instock","13":"sale","14":"shipping-taxable","15":"purchasable","16":"product-type-variable","17":"has-default-attributes"},"yoast_head":"\n<title>Acheter Diamants THCa en ligne | Acheter en vrac et \u00e0 bas prix Diamants THCa au Canada | BC Weed Edible.<\/title>\n<meta name=\"robots\" content=\"index, follow, max-snippet:-1, max-image-preview:large, max-video-preview:-1\" \/>\n<link rel=\"canonical\" href=\"https:\/\/bcweededible.net\/fr\/buy\/concentres\/shatter-fr\/thca-diamants\/\" \/>\n<meta property=\"og:locale\" content=\"fr_FR\" \/>\n<meta property=\"og:type\" content=\"article\" \/>\n<meta property=\"og:title\" content=\"Acheter Diamants THCa en ligne | Acheter en vrac et \u00e0 bas prix Diamants THCa au Canada | BC Weed Edible.\" \/>\n<meta property=\"og:description\" content=\"A la recherche d&#039;un concentr\u00e9 super fort et puissant qui vous fera planer \u00e0 coup s\u00fbr ? Ne cherchez pas plus loin que nos diamants THCa. Cet extrait puissant est l&#039;un des plus populaires au Canada et est parfait pour ceux qui veulent une exp\u00e9rience puissante. Il est reconnu pour son &#039;&#039;high&#039;&#039; intense. Nous avons une quantit\u00e9 limit\u00e9e, alors profitez-en tant qu&#039;il en reste ! Informations sur les diamants THCa Consistance : Roches de diamants Ph\u00e9notype : Hybride, Indica, Sativa (selon la vari\u00e9t\u00e9) Teneur en THC : entre 80% et 90% Effets : C\u00e9r\u00e9bral, cr\u00e9atif, d\u00e9tendu, concentr\u00e9, heureux (selon la vari\u00e9t\u00e9) Ar\u00f4mes : Agrumes, Fruit\u00e9, Pin, Sucr\u00e9 (selon la vari\u00e9t\u00e9) Fabriqu\u00e9 en : La belle Colombie-Britannique\" \/>\n<meta property=\"og:url\" content=\"https:\/\/bcweededible.net\/fr\/buy\/concentres\/shatter-fr\/thca-diamants\/\" \/>\n<meta property=\"og:site_name\" content=\"BC Weed Edible\" \/>\n<meta property=\"article:modified_time\" content=\"2026-02-13T19:39:15+00:00\" \/>\n<meta property=\"og:image\" content=\"https:\/\/stgbc.bcweededible.net\/wp-content\/uploads\/2023\/02\/thca-diamonds-view.jpg\" \/>\n\t<meta property=\"og:image:width\" content=\"581\" \/>\n\t<meta property=\"og:image:height\" content=\"581\" \/>\n\t<meta property=\"og:image:type\" content=\"image\/jpeg\" \/>\n<meta name=\"twitter:card\" content=\"summary_large_image\" \/>\n<meta name=\"twitter:label1\" content=\"Dur\u00e9e de lecture estim\u00e9e\" \/>\n\t<meta name=\"twitter:data1\" content=\"2 minutes\" \/>\n<script type=\"application\/ld+json\" class=\"yoast-schema-graph\">{\"@context\":\"https:\\\/\\\/schema.org\",\"@graph\":[{\"@type\":\"WebPage\",\"@id\":\"https:\\\/\\\/bcweededible.net\\\/fr\\\/buy\\\/concentres\\\/shatter-fr\\\/thca-diamants\\\/\",\"url\":\"https:\\\/\\\/bcweededible.net\\\/fr\\\/buy\\\/concentres\\\/shatter-fr\\\/thca-diamants\\\/\",\"name\":\"Acheter Diamants THCa en ligne | Acheter en vrac et \u00e0 bas prix Diamants THCa au Canada | BC Weed Edible.\",\"isPartOf\":{\"@id\":\"https:\\\/\\\/bcweededible.net\\\/fr\\\/#website\"},\"primaryImageOfPage\":{\"@id\":\"https:\\\/\\\/bcweededible.net\\\/fr\\\/buy\\\/concentres\\\/shatter-fr\\\/thca-diamants\\\/#primaryimage\"},\"image\":{\"@id\":\"https:\\\/\\\/bcweededible.net\\\/fr\\\/buy\\\/concentres\\\/shatter-fr\\\/thca-diamants\\\/#primaryimage\"},\"thumbnailUrl\":\"https:\\\/\\\/bcweededible.net\\\/wp-content\\\/uploads\\\/2023\\\/02\\\/thca-diamonds-view.jpg\",\"datePublished\":\"2023-04-19T01:32:29+00:00\",\"dateModified\":\"2026-02-13T19:39:15+00:00\",\"breadcrumb\":{\"@id\":\"https:\\\/\\\/bcweededible.net\\\/fr\\\/buy\\\/concentres\\\/shatter-fr\\\/thca-diamants\\\/#breadcrumb\"},\"inLanguage\":\"fr-FR\",\"potentialAction\":[{\"@type\":\"ReadAction\",\"target\":[\"https:\\\/\\\/bcweededible.net\\\/fr\\\/buy\\\/concentres\\\/shatter-fr\\\/thca-diamants\\\/\"]}]},{\"@type\":\"ImageObject\",\"inLanguage\":\"fr-FR\",\"@id\":\"https:\\\/\\\/bcweededible.net\\\/fr\\\/buy\\\/concentres\\\/shatter-fr\\\/thca-diamants\\\/#primaryimage\",\"url\":\"https:\\\/\\\/bcweededible.net\\\/wp-content\\\/uploads\\\/2023\\\/02\\\/thca-diamonds-view.jpg\",\"contentUrl\":\"https:\\\/\\\/bcweededible.net\\\/wp-content\\\/uploads\\\/2023\\\/02\\\/thca-diamonds-view.jpg\",\"width\":581,\"height\":581,\"caption\":\"thca diamonds jar canada\"},{\"@type\":\"BreadcrumbList\",\"@id\":\"https:\\\/\\\/bcweededible.net\\\/fr\\\/buy\\\/concentres\\\/shatter-fr\\\/thca-diamants\\\/#breadcrumb\",\"itemListElement\":[{\"@type\":\"ListItem\",\"position\":1,\"name\":\"Jujubes au Pot Canada\",\"item\":\"https:\\\/\\\/stgbc.bcweededible.net\\\/fr\\\/shop\\\/\"},{\"@type\":\"ListItem\",\"position\":2,\"name\":\"Diamants THCa\"}]},{\"@type\":\"WebSite\",\"@id\":\"https:\\\/\\\/bcweededible.net\\\/fr\\\/#website\",\"url\":\"https:\\\/\\\/bcweededible.net\\\/fr\\\/\",\"name\":\"BC Weed Edible\",\"description\":\"\",\"publisher\":{\"@id\":\"https:\\\/\\\/bcweededible.net\\\/fr\\\/#organization\"},\"potentialAction\":[{\"@type\":\"SearchAction\",\"target\":{\"@type\":\"EntryPoint\",\"urlTemplate\":\"https:\\\/\\\/bcweededible.net\\\/fr\\\/?s={search_term_string}\"},\"query-input\":{\"@type\":\"PropertyValueSpecification\",\"valueRequired\":true,\"valueName\":\"search_term_string\"}}],\"inLanguage\":\"fr-FR\"},{\"@type\":\"Organization\",\"@id\":\"https:\\\/\\\/bcweededible.net\\\/fr\\\/#organization\",\"name\":\"BC Weed Edible\",\"url\":\"https:\\\/\\\/bcweededible.net\\\/fr\\\/\",\"logo\":{\"@type\":\"ImageObject\",\"inLanguage\":\"fr-FR\",\"@id\":\"https:\\\/\\\/bcweededible.net\\\/fr\\\/#\\\/schema\\\/logo\\\/image\\\/\",\"url\":\"https:\\\/\\\/bcweededible.net\\\/wp-content\\\/uploads\\\/2021\\\/12\\\/bc-weed-edible-canada.png\",\"contentUrl\":\"https:\\\/\\\/bcweededible.net\\\/wp-content\\\/uploads\\\/2021\\\/12\\\/bc-weed-edible-canada.png\",\"width\":270,\"height\":185,\"caption\":\"BC Weed Edible\"},\"image\":{\"@id\":\"https:\\\/\\\/bcweededible.net\\\/fr\\\/#\\\/schema\\\/logo\\\/image\\\/\"}}]}<\/script>\n","yoast_head_json":{"title":"Acheter Diamants THCa en ligne | Acheter en vrac et \u00e0 bas prix Diamants THCa au Canada | BC Weed Edible.","robots":{"index":"index","follow":"follow","max-snippet":"max-snippet:-1","max-image-preview":"max-image-preview:large","max-video-preview":"max-video-preview:-1"},"canonical":"https:\/\/bcweededible.net\/fr\/buy\/concentres\/shatter-fr\/thca-diamants\/","og_locale":"fr_FR","og_type":"article","og_title":"Acheter Diamants THCa en ligne | Acheter en vrac et \u00e0 bas prix Diamants THCa au Canada | BC Weed Edible.","og_description":"A la recherche d'un concentr\u00e9 super fort et puissant qui vous fera planer \u00e0 coup s\u00fbr ? Ne cherchez pas plus loin que nos diamants THCa. Cet extrait puissant est l'un des plus populaires au Canada et est parfait pour ceux qui veulent une exp\u00e9rience puissante. Il est reconnu pour son ''high'' intense. Nous avons une quantit\u00e9 limit\u00e9e, alors profitez-en tant qu'il en reste ! Informations sur les diamants THCa Consistance : Roches de diamants Ph\u00e9notype : Hybride, Indica, Sativa (selon la vari\u00e9t\u00e9) Teneur en THC : entre 80% et 90% Effets : C\u00e9r\u00e9bral, cr\u00e9atif, d\u00e9tendu, concentr\u00e9, heureux (selon la vari\u00e9t\u00e9) Ar\u00f4mes : Agrumes, Fruit\u00e9, Pin, Sucr\u00e9 (selon la vari\u00e9t\u00e9) Fabriqu\u00e9 en : La belle Colombie-Britannique","og_url":"https:\/\/bcweededible.net\/fr\/buy\/concentres\/shatter-fr\/thca-diamants\/","og_site_name":"BC Weed Edible","article_modified_time":"2026-02-13T19:39:15+00:00","og_image":[{"width":581,"height":581,"url":"https:\/\/stgbc.bcweededible.net\/wp-content\/uploads\/2023\/02\/thca-diamonds-view.jpg","type":"image\/jpeg"}],"twitter_card":"summary_large_image","twitter_misc":{"Dur\u00e9e de lecture estim\u00e9e":"2 minutes"},"schema":{"@context":"https:\/\/schema.org","@graph":[{"@type":"WebPage","@id":"https:\/\/bcweededible.net\/fr\/buy\/concentres\/shatter-fr\/thca-diamants\/","url":"https:\/\/bcweededible.net\/fr\/buy\/concentres\/shatter-fr\/thca-diamants\/","name":"Acheter Diamants THCa en ligne | Acheter en vrac et \u00e0 bas prix Diamants THCa au Canada | BC Weed Edible.","isPartOf":{"@id":"https:\/\/bcweededible.net\/fr\/#website"},"primaryImageOfPage":{"@id":"https:\/\/bcweededible.net\/fr\/buy\/concentres\/shatter-fr\/thca-diamants\/#primaryimage"},"image":{"@id":"https:\/\/bcweededible.net\/fr\/buy\/concentres\/shatter-fr\/thca-diamants\/#primaryimage"},"thumbnailUrl":"https:\/\/bcweededible.net\/wp-content\/uploads\/2023\/02\/thca-diamonds-view.jpg","datePublished":"2023-04-19T01:32:29+00:00","dateModified":"2026-02-13T19:39:15+00:00","breadcrumb":{"@id":"https:\/\/bcweededible.net\/fr\/buy\/concentres\/shatter-fr\/thca-diamants\/#breadcrumb"},"inLanguage":"fr-FR","potentialAction":[{"@type":"ReadAction","target":["https:\/\/bcweededible.net\/fr\/buy\/concentres\/shatter-fr\/thca-diamants\/"]}]},{"@type":"ImageObject","inLanguage":"fr-FR","@id":"https:\/\/bcweededible.net\/fr\/buy\/concentres\/shatter-fr\/thca-diamants\/#primaryimage","url":"https:\/\/bcweededible.net\/wp-content\/uploads\/2023\/02\/thca-diamonds-view.jpg","contentUrl":"https:\/\/bcweededible.net\/wp-content\/uploads\/2023\/02\/thca-diamonds-view.jpg","width":581,"height":581,"caption":"thca diamonds jar canada"},{"@type":"BreadcrumbList","@id":"https:\/\/bcweededible.net\/fr\/buy\/concentres\/shatter-fr\/thca-diamants\/#breadcrumb","itemListElement":[{"@type":"ListItem","position":1,"name":"Jujubes au Pot Canada","item":"https:\/\/stgbc.bcweededible.net\/fr\/shop\/"},{"@type":"ListItem","position":2,"name":"Diamants THCa"}]},{"@type":"WebSite","@id":"https:\/\/bcweededible.net\/fr\/#website","url":"https:\/\/bcweededible.net\/fr\/","name":"BC Weed Edible","description":"","publisher":{"@id":"https:\/\/bcweededible.net\/fr\/#organization"},"potentialAction":[{"@type":"SearchAction","target":{"@type":"EntryPoint","urlTemplate":"https:\/\/bcweededible.net\/fr\/?s={search_term_string}"},"query-input":{"@type":"PropertyValueSpecification","valueRequired":true,"valueName":"search_term_string"}}],"inLanguage":"fr-FR"},{"@type":"Organization","@id":"https:\/\/bcweededible.net\/fr\/#organization","name":"BC Weed Edible","url":"https:\/\/bcweededible.net\/fr\/","logo":{"@type":"ImageObject","inLanguage":"fr-FR","@id":"https:\/\/bcweededible.net\/fr\/#\/schema\/logo\/image\/","url":"https:\/\/bcweededible.net\/wp-content\/uploads\/2021\/12\/bc-weed-edible-canada.png","contentUrl":"https:\/\/bcweededible.net\/wp-content\/uploads\/2021\/12\/bc-weed-edible-canada.png","width":270,"height":185,"caption":"BC Weed Edible"},"image":{"@id":"https:\/\/bcweededible.net\/fr\/#\/schema\/logo\/image\/"}}]}},"_links":{"self":[{"href":"https:\/\/bcweededible.net\/fr\/wp-json\/wp\/v2\/product\/31866","targetHints":{"allow":["GET"]}}],"collection":[{"href":"https:\/\/bcweededible.net\/fr\/wp-json\/wp\/v2\/product"}],"about":[{"href":"https:\/\/bcweededible.net\/fr\/wp-json\/wp\/v2\/types\/product"}],"replies":[{"embeddable":true,"href":"https:\/\/bcweededible.net\/fr\/wp-json\/wp\/v2\/comments?post=31866"}],"wp:featuredmedia":[{"embeddable":true,"href":"https:\/\/bcweededible.net\/fr\/wp-json\/wp\/v2\/media\/28235"}],"wp:attachment":[{"href":"https:\/\/bcweededible.net\/fr\/wp-json\/wp\/v2\/media?parent=31866"}],"wp:term":[{"taxonomy":"product_brand","embeddable":true,"href":"https:\/\/bcweededible.net\/fr\/wp-json\/wp\/v2\/product_brand?post=31866"},{"taxonomy":"product_cat","embeddable":true,"href":"https:\/\/bcweededible.net\/fr\/wp-json\/wp\/v2\/product_cat?post=31866"},{"taxonomy":"product_tag","embeddable":true,"href":"https:\/\/bcweededible.net\/fr\/wp-json\/wp\/v2\/product_tag?post=31866"}],"curies":[{"name":"wp","href":"https:\/\/api.w.org\/{rel}","templated":true}]}}