{"id":31863,"date":"2023-02-06T22:09:29","date_gmt":"2023-04-19T01:32:28","guid":{"rendered":"https:\/\/bcweededible.net\/buy\/non%20class\u00e9\/bubble-gum-hash\/"},"modified":"2026-03-19T20:48:51","modified_gmt":"2026-03-20T03:48:51","slug":"bubble-gum-hash","status":"publish","type":"product","link":"https:\/\/stgbc.bcweededible.net\/fr\/buy\/concentres\/hasch\/bc-hash-fr\/bubble-gum-hash\/","title":{"rendered":"Hash Bubble Gum"},"content":{"rendered":"<h2><strong>Acheter le hash Bubble Gum au Canada<\/strong><\/h2>\n<p>Si vous \u00eates \u00e0 la recherche d&#8217;une saveur d\u00e9licieuse et unique de bubble gum, ne cherchez pas plus loin que le hash Bubble Gum de BC Weed Edibles. Ce hash est produit en Afghanistan, o\u00f9 il est \u00e9labor\u00e9 \u00e0 la perfection \u00e0 partir d&#8217;ingr\u00e9dients naturels et de mat\u00e9riaux de la plus haute qualit\u00e9. Le r\u00e9sultat est un produit au go\u00fbt sucr\u00e9 de bubble-gum qui ne manquera pas de faire fr\u00e9mir vos papilles. C&#8217;est l&#8217;option id\u00e9ale pour tous ceux qui souhaitent d\u00e9guster l&#8217;un des meilleurs hashs du Canada sans faire de compromis sur la qualit\u00e9 ou le go\u00fbt. Achetez le v\u00f4tre d\u00e8s aujourd&#8217;hui et d\u00e9couvrez le vrai plaisir de du hash aromatis\u00e9 au chewing-gum!<\/p>\n","protected":false},"excerpt":{"rendered":"<p><strong>Notre hash Bubble Gum<\/strong> est tendre et propos\u00e9 \u00e0 un prix avantageux. C&#8217;est un <strong>hash de grande valeur<\/strong> (mais pas de mauvaise qualit\u00e9) et id\u00e9al pour vos joints. Le &#8221;high&#8221; corporel est excellent si vous voulez une exp\u00e9rience engourdissante, sans avoir la t\u00eate lourde. Notre hash Bubble Gum est suffisamment mall\u00e9able pour que vous puissiez le rouler en petites boules ou le d\u00e9chirer pour le rouler.<\/p>\n","protected":false},"featured_media":27579,"comment_status":"open","ping_status":"closed","template":"","meta":[],"product_brand":[],"product_cat":[659,305,660,661,628],"product_tag":[],"class_list":{"0":"post-31863","1":"product","2":"type-product","3":"status-publish","4":"has-post-thumbnail","6":"product_cat-bc-hash-fr","7":"product_cat-concentres","8":"product_cat-bulk-hash-fr","9":"product_cat-haschisch-bon-marche","10":"product_cat-hasch","12":"first","13":"instock","14":"shipping-taxable","15":"purchasable","16":"product-type-variable","17":"has-default-attributes"},"yoast_head":"\n<title>Acheter Hash Bubble Gum Canada | Acheter Hash en vrac et bon march\u00e9 en ligne BC Weed Edible %.<\/title>\n<meta name=\"robots\" content=\"index, follow, max-snippet:-1, max-image-preview:large, max-video-preview:-1\" \/>\n<link rel=\"canonical\" href=\"https:\/\/stgbc.bcweededible.net\/fr\/buy\/concentres\/hasch\/bc-hash-fr\/bubble-gum-hash\/\" \/>\n<meta property=\"og:locale\" content=\"fr_FR\" \/>\n<meta property=\"og:type\" content=\"article\" \/>\n<meta property=\"og:title\" content=\"Acheter Hash Bubble Gum Canada | Acheter Hash en vrac et bon march\u00e9 en ligne BC Weed Edible %.\" \/>\n<meta property=\"og:description\" content=\"Notre hash Bubble Gum est tendre et propos\u00e9 \u00e0 un prix avantageux. C&#039;est un hash de grande valeur (mais pas de mauvaise qualit\u00e9) et id\u00e9al pour vos joints. Le &#039;&#039;high&#039;&#039; corporel est excellent si vous voulez une exp\u00e9rience engourdissante, sans avoir la t\u00eate lourde. Notre hash Bubble Gum est suffisamment mall\u00e9able pour que vous puissiez le rouler en petites boules ou le d\u00e9chirer pour le rouler.\" \/>\n<meta property=\"og:url\" content=\"https:\/\/stgbc.bcweededible.net\/fr\/buy\/concentres\/hasch\/bc-hash-fr\/bubble-gum-hash\/\" \/>\n<meta property=\"og:site_name\" content=\"BC Weed Edible\" \/>\n<meta property=\"article:modified_time\" content=\"2026-03-20T03:48:51+00:00\" \/>\n<meta property=\"og:image\" content=\"https:\/\/stgbc.bcweededible.net\/wp-content\/uploads\/2023\/02\/bubble-gum-hash-canada.jpg\" \/>\n\t<meta property=\"og:image:width\" content=\"1000\" \/>\n\t<meta property=\"og:image:height\" content=\"954\" \/>\n\t<meta property=\"og:image:type\" content=\"image\/jpeg\" \/>\n<meta name=\"twitter:card\" content=\"summary_large_image\" \/>\n<meta name=\"twitter:label1\" content=\"Dur\u00e9e de lecture estim\u00e9e\" \/>\n\t<meta name=\"twitter:data1\" content=\"1 minute\" \/>\n<script type=\"application\/ld+json\" class=\"yoast-schema-graph\">{\"@context\":\"https:\\\/\\\/schema.org\",\"@graph\":[{\"@type\":\"WebPage\",\"@id\":\"https:\\\/\\\/stgbc.bcweededible.net\\\/fr\\\/buy\\\/concentres\\\/hasch\\\/bc-hash-fr\\\/bubble-gum-hash\\\/\",\"url\":\"https:\\\/\\\/stgbc.bcweededible.net\\\/fr\\\/buy\\\/concentres\\\/hasch\\\/bc-hash-fr\\\/bubble-gum-hash\\\/\",\"name\":\"Acheter Hash Bubble Gum Canada | Acheter Hash en vrac et bon march\u00e9 en ligne BC Weed Edible %.\",\"isPartOf\":{\"@id\":\"https:\\\/\\\/stgbc.bcweededible.net\\\/fr\\\/#website\"},\"primaryImageOfPage\":{\"@id\":\"https:\\\/\\\/stgbc.bcweededible.net\\\/fr\\\/buy\\\/concentres\\\/hasch\\\/bc-hash-fr\\\/bubble-gum-hash\\\/#primaryimage\"},\"image\":{\"@id\":\"https:\\\/\\\/stgbc.bcweededible.net\\\/fr\\\/buy\\\/concentres\\\/hasch\\\/bc-hash-fr\\\/bubble-gum-hash\\\/#primaryimage\"},\"thumbnailUrl\":\"https:\\\/\\\/stgbc.bcweededible.net\\\/wp-content\\\/uploads\\\/2023\\\/02\\\/bubble-gum-hash-canada.jpg\",\"datePublished\":\"2023-04-19T01:32:28+00:00\",\"dateModified\":\"2026-03-20T03:48:51+00:00\",\"breadcrumb\":{\"@id\":\"https:\\\/\\\/stgbc.bcweededible.net\\\/fr\\\/buy\\\/concentres\\\/hasch\\\/bc-hash-fr\\\/bubble-gum-hash\\\/#breadcrumb\"},\"inLanguage\":\"fr-FR\",\"potentialAction\":[{\"@type\":\"ReadAction\",\"target\":[\"https:\\\/\\\/stgbc.bcweededible.net\\\/fr\\\/buy\\\/concentres\\\/hasch\\\/bc-hash-fr\\\/bubble-gum-hash\\\/\"]}]},{\"@type\":\"ImageObject\",\"inLanguage\":\"fr-FR\",\"@id\":\"https:\\\/\\\/stgbc.bcweededible.net\\\/fr\\\/buy\\\/concentres\\\/hasch\\\/bc-hash-fr\\\/bubble-gum-hash\\\/#primaryimage\",\"url\":\"https:\\\/\\\/stgbc.bcweededible.net\\\/wp-content\\\/uploads\\\/2023\\\/02\\\/bubble-gum-hash-canada.jpg\",\"contentUrl\":\"https:\\\/\\\/stgbc.bcweededible.net\\\/wp-content\\\/uploads\\\/2023\\\/02\\\/bubble-gum-hash-canada.jpg\",\"width\":1000,\"height\":954,\"caption\":\"bubble gum hash canada\"},{\"@type\":\"BreadcrumbList\",\"@id\":\"https:\\\/\\\/stgbc.bcweededible.net\\\/fr\\\/buy\\\/concentres\\\/hasch\\\/bc-hash-fr\\\/bubble-gum-hash\\\/#breadcrumb\",\"itemListElement\":[{\"@type\":\"ListItem\",\"position\":1,\"name\":\"Jujubes au Pot Canada\",\"item\":\"https:\\\/\\\/stgbc.bcweededible.net\\\/fr\\\/shop\\\/\"},{\"@type\":\"ListItem\",\"position\":2,\"name\":\"Hash Bubble Gum\"}]},{\"@type\":\"WebSite\",\"@id\":\"https:\\\/\\\/stgbc.bcweededible.net\\\/fr\\\/#website\",\"url\":\"https:\\\/\\\/stgbc.bcweededible.net\\\/fr\\\/\",\"name\":\"BC Weed Edible\",\"description\":\"\",\"publisher\":{\"@id\":\"https:\\\/\\\/stgbc.bcweededible.net\\\/fr\\\/#organization\"},\"potentialAction\":[{\"@type\":\"SearchAction\",\"target\":{\"@type\":\"EntryPoint\",\"urlTemplate\":\"https:\\\/\\\/stgbc.bcweededible.net\\\/fr\\\/?s={search_term_string}\"},\"query-input\":{\"@type\":\"PropertyValueSpecification\",\"valueRequired\":true,\"valueName\":\"search_term_string\"}}],\"inLanguage\":\"fr-FR\"},{\"@type\":\"Organization\",\"@id\":\"https:\\\/\\\/stgbc.bcweededible.net\\\/fr\\\/#organization\",\"name\":\"BC Weed Edible\",\"url\":\"https:\\\/\\\/stgbc.bcweededible.net\\\/fr\\\/\",\"logo\":{\"@type\":\"ImageObject\",\"inLanguage\":\"fr-FR\",\"@id\":\"https:\\\/\\\/stgbc.bcweededible.net\\\/fr\\\/#\\\/schema\\\/logo\\\/image\\\/\",\"url\":\"https:\\\/\\\/stgbc.bcweededible.net\\\/wp-content\\\/uploads\\\/2021\\\/12\\\/bc-weed-edible-canada.png\",\"contentUrl\":\"https:\\\/\\\/stgbc.bcweededible.net\\\/wp-content\\\/uploads\\\/2021\\\/12\\\/bc-weed-edible-canada.png\",\"width\":270,\"height\":185,\"caption\":\"BC Weed Edible\"},\"image\":{\"@id\":\"https:\\\/\\\/stgbc.bcweededible.net\\\/fr\\\/#\\\/schema\\\/logo\\\/image\\\/\"}}]}<\/script>\n","yoast_head_json":{"title":"Acheter Hash Bubble Gum Canada | Acheter Hash en vrac et bon march\u00e9 en ligne BC Weed Edible %.","robots":{"index":"index","follow":"follow","max-snippet":"max-snippet:-1","max-image-preview":"max-image-preview:large","max-video-preview":"max-video-preview:-1"},"canonical":"https:\/\/stgbc.bcweededible.net\/fr\/buy\/concentres\/hasch\/bc-hash-fr\/bubble-gum-hash\/","og_locale":"fr_FR","og_type":"article","og_title":"Acheter Hash Bubble Gum Canada | Acheter Hash en vrac et bon march\u00e9 en ligne BC Weed Edible %.","og_description":"Notre hash Bubble Gum est tendre et propos\u00e9 \u00e0 un prix avantageux. C'est un hash de grande valeur (mais pas de mauvaise qualit\u00e9) et id\u00e9al pour vos joints. Le ''high'' corporel est excellent si vous voulez une exp\u00e9rience engourdissante, sans avoir la t\u00eate lourde. Notre hash Bubble Gum est suffisamment mall\u00e9able pour que vous puissiez le rouler en petites boules ou le d\u00e9chirer pour le rouler.","og_url":"https:\/\/stgbc.bcweededible.net\/fr\/buy\/concentres\/hasch\/bc-hash-fr\/bubble-gum-hash\/","og_site_name":"BC Weed Edible","article_modified_time":"2026-03-20T03:48:51+00:00","og_image":[{"width":1000,"height":954,"url":"https:\/\/stgbc.bcweededible.net\/wp-content\/uploads\/2023\/02\/bubble-gum-hash-canada.jpg","type":"image\/jpeg"}],"twitter_card":"summary_large_image","twitter_misc":{"Dur\u00e9e de lecture estim\u00e9e":"1 minute"},"schema":{"@context":"https:\/\/schema.org","@graph":[{"@type":"WebPage","@id":"https:\/\/stgbc.bcweededible.net\/fr\/buy\/concentres\/hasch\/bc-hash-fr\/bubble-gum-hash\/","url":"https:\/\/stgbc.bcweededible.net\/fr\/buy\/concentres\/hasch\/bc-hash-fr\/bubble-gum-hash\/","name":"Acheter Hash Bubble Gum Canada | Acheter Hash en vrac et bon march\u00e9 en ligne BC Weed Edible %.","isPartOf":{"@id":"https:\/\/stgbc.bcweededible.net\/fr\/#website"},"primaryImageOfPage":{"@id":"https:\/\/stgbc.bcweededible.net\/fr\/buy\/concentres\/hasch\/bc-hash-fr\/bubble-gum-hash\/#primaryimage"},"image":{"@id":"https:\/\/stgbc.bcweededible.net\/fr\/buy\/concentres\/hasch\/bc-hash-fr\/bubble-gum-hash\/#primaryimage"},"thumbnailUrl":"https:\/\/stgbc.bcweededible.net\/wp-content\/uploads\/2023\/02\/bubble-gum-hash-canada.jpg","datePublished":"2023-04-19T01:32:28+00:00","dateModified":"2026-03-20T03:48:51+00:00","breadcrumb":{"@id":"https:\/\/stgbc.bcweededible.net\/fr\/buy\/concentres\/hasch\/bc-hash-fr\/bubble-gum-hash\/#breadcrumb"},"inLanguage":"fr-FR","potentialAction":[{"@type":"ReadAction","target":["https:\/\/stgbc.bcweededible.net\/fr\/buy\/concentres\/hasch\/bc-hash-fr\/bubble-gum-hash\/"]}]},{"@type":"ImageObject","inLanguage":"fr-FR","@id":"https:\/\/stgbc.bcweededible.net\/fr\/buy\/concentres\/hasch\/bc-hash-fr\/bubble-gum-hash\/#primaryimage","url":"https:\/\/stgbc.bcweededible.net\/wp-content\/uploads\/2023\/02\/bubble-gum-hash-canada.jpg","contentUrl":"https:\/\/stgbc.bcweededible.net\/wp-content\/uploads\/2023\/02\/bubble-gum-hash-canada.jpg","width":1000,"height":954,"caption":"bubble gum hash canada"},{"@type":"BreadcrumbList","@id":"https:\/\/stgbc.bcweededible.net\/fr\/buy\/concentres\/hasch\/bc-hash-fr\/bubble-gum-hash\/#breadcrumb","itemListElement":[{"@type":"ListItem","position":1,"name":"Jujubes au Pot Canada","item":"https:\/\/stgbc.bcweededible.net\/fr\/shop\/"},{"@type":"ListItem","position":2,"name":"Hash Bubble Gum"}]},{"@type":"WebSite","@id":"https:\/\/stgbc.bcweededible.net\/fr\/#website","url":"https:\/\/stgbc.bcweededible.net\/fr\/","name":"BC Weed Edible","description":"","publisher":{"@id":"https:\/\/stgbc.bcweededible.net\/fr\/#organization"},"potentialAction":[{"@type":"SearchAction","target":{"@type":"EntryPoint","urlTemplate":"https:\/\/stgbc.bcweededible.net\/fr\/?s={search_term_string}"},"query-input":{"@type":"PropertyValueSpecification","valueRequired":true,"valueName":"search_term_string"}}],"inLanguage":"fr-FR"},{"@type":"Organization","@id":"https:\/\/stgbc.bcweededible.net\/fr\/#organization","name":"BC Weed Edible","url":"https:\/\/stgbc.bcweededible.net\/fr\/","logo":{"@type":"ImageObject","inLanguage":"fr-FR","@id":"https:\/\/stgbc.bcweededible.net\/fr\/#\/schema\/logo\/image\/","url":"https:\/\/stgbc.bcweededible.net\/wp-content\/uploads\/2021\/12\/bc-weed-edible-canada.png","contentUrl":"https:\/\/stgbc.bcweededible.net\/wp-content\/uploads\/2021\/12\/bc-weed-edible-canada.png","width":270,"height":185,"caption":"BC Weed Edible"},"image":{"@id":"https:\/\/stgbc.bcweededible.net\/fr\/#\/schema\/logo\/image\/"}}]}},"_links":{"self":[{"href":"https:\/\/stgbc.bcweededible.net\/fr\/wp-json\/wp\/v2\/product\/31863","targetHints":{"allow":["GET"]}}],"collection":[{"href":"https:\/\/stgbc.bcweededible.net\/fr\/wp-json\/wp\/v2\/product"}],"about":[{"href":"https:\/\/stgbc.bcweededible.net\/fr\/wp-json\/wp\/v2\/types\/product"}],"replies":[{"embeddable":true,"href":"https:\/\/stgbc.bcweededible.net\/fr\/wp-json\/wp\/v2\/comments?post=31863"}],"wp:featuredmedia":[{"embeddable":true,"href":"https:\/\/stgbc.bcweededible.net\/fr\/wp-json\/wp\/v2\/media\/27579"}],"wp:attachment":[{"href":"https:\/\/stgbc.bcweededible.net\/fr\/wp-json\/wp\/v2\/media?parent=31863"}],"wp:term":[{"taxonomy":"product_brand","embeddable":true,"href":"https:\/\/stgbc.bcweededible.net\/fr\/wp-json\/wp\/v2\/product_brand?post=31863"},{"taxonomy":"product_cat","embeddable":true,"href":"https:\/\/stgbc.bcweededible.net\/fr\/wp-json\/wp\/v2\/product_cat?post=31863"},{"taxonomy":"product_tag","embeddable":true,"href":"https:\/\/stgbc.bcweededible.net\/fr\/wp-json\/wp\/v2\/product_tag?post=31863"}],"curies":[{"name":"wp","href":"https:\/\/api.w.org\/{rel}","templated":true}]}}