{"id":31840,"date":"2023-02-15T23:58:30","date_gmt":"2023-04-19T01:32:25","guid":{"rendered":"https:\/\/bcweededible.net\/buy\/non%20class\u00e9\/caviar-thc-concentre\/"},"modified":"2025-05-03T01:58:39","modified_gmt":"2025-05-03T08:58:39","slug":"caviar-concentre","status":"publish","type":"product","link":"https:\/\/stgbc.bcweededible.net\/fr\/buy\/gros\/concentres-en-gros\/caviar-concentre\/","title":{"rendered":"Concentr\u00e9 THC Caviar"},"content":{"rendered":"<h2>Acheter le Concentr\u00e9 THC Caviar au Canada<\/h2>\n<p class=\"my-0.5\">Avez-vous d\u00e9j\u00e0 entendu parler du produit Concentr\u00e9 THC Caviar ? Il s&#8217;agit d&#8217;une forme passionnante de concentr\u00e9 de cannabis qui est devenue de plus en plus populaire au Canada et dans le monde entier. Si vous cherchez \u00e0 acheter des concentr\u00e9s de caviar au Canada, vous serez heureux d&#8217;apprendre que chez<strong> BC Weed Edible, <\/strong>nous offrons la meilleure qualit\u00e9!<\/p>\n<h2>Qu&#8217;est-ce que le concentr\u00e9 THC caviar ?<\/h2>\n<p>Le concentr\u00e9 de caviar est un type de concentr\u00e9 de cannabis cr\u00e9\u00e9 \u00e0 partir d&#8217;<strong>huile de haschisch au butane (BHO) ou d&#8217;huile de dioxyde de carbone (CO2<\/strong>). Cette base est ensuite s\u00e9ch\u00e9e pour \u00e9liminer tous les solvants, ce qui lui conf\u00e8re sa <strong>texture unique de caviar<\/strong>. Les concentr\u00e9s de caviar sont consid\u00e9r\u00e9s comme l&#8217;<strong> une des formes les plus pures d&#8217;extrait de cannabis<\/strong>, offrant une exp\u00e9rience de consommation forte et savoureuse. Les concentr\u00e9s de caviar contiennent des niveaux \u00e9lev\u00e9s de terp\u00e8nes, ce qui leur conf\u00e8re un profil de saveur intense et aromatique.<\/p>\n<h2>Comment consommer le caviar ?<\/h2>\n<p>Il existe plusieurs m\u00e9thodes pour consommer les concentr\u00e9s de THC Caviar. Les plus populaires sont le<b> &#8221;dabbing&#8221; (Tamponnage), qui consiste \u00e0 utiliser des stylos \u00e0 vapeur ou des &#8221;rigs&#8221;<\/b>, et le fumage <strong>, qui consiste \u00e0 utiliser des joints ou des pipes<\/strong>. Comme pour toutes les formes de consommation de cannabis, il est important de commencer par une petite dose lorsque l&#8217;on utilise des concentr\u00e9s de caviar !<\/p>\n<p>&nbsp;<\/p>\n","protected":false},"excerpt":{"rendered":"<p>A la recherche d&#8217;un concentr\u00e9 super fort et puissant qui vous fera planer \u00e0 coup s\u00fbr ? Ne cherchez pas plus loin que <strong>notre concentr\u00e9 de caviar<\/strong>. Cet extrait puissant est l&#8217;un des plus populaires au Canada et est parfait pour ceux qui veulent une exp\u00e9rience puissante. Le Caviar est un concentr\u00e9 de cannabis connu pour son &#8221;high&#8221; intense.<\/p>\n<p>Tous nos caviars <strong>sont disponibles \u00e0 partir de 6$ le gramme !<\/strong> Nous avons une quantit\u00e9 limit\u00e9e, alors profitez-en tant qu&#8217;il en reste !<\/p>\n<h2>Informations sur le concentr\u00e9 de caviar THC<\/h2>\n<ul>\n<li><strong>Consistance :<\/strong> Texture de caviar<\/li>\n<li><strong>Ph\u00e9notype :<\/strong> Hybride, Indica, Sativa (selon la vari\u00e9t\u00e9)<\/li>\n<li><strong>Teneur en THC :<\/strong> entre 80% et 90%<\/li>\n<li><strong>Effets : <\/strong>C\u00e9r\u00e9bral, cr\u00e9atif, d\u00e9tendu, concentr\u00e9, heureux (selon la vari\u00e9t\u00e9)<\/li>\n<li><strong>Ar\u00f4mes : <\/strong>Agrumes, Fruit\u00e9, Pin, Sucr\u00e9<\/li>\n<li><strong>Fabriqu\u00e9 en :<\/strong> La belle Colombie-Britannique<\/li>\n<\/ul>\n","protected":false},"featured_media":28219,"comment_status":"open","ping_status":"closed","template":"","meta":[],"product_brand":[],"product_cat":[305,535,558,628,389],"product_tag":[],"class_list":{"0":"post-31840","1":"product","2":"type-product","3":"status-publish","4":"has-post-thumbnail","6":"product_cat-concentres","7":"product_cat-concentres-en-gros","8":"product_cat-gros","9":"product_cat-hasch","10":"product_cat-shatter-fr","12":"first","13":"outofstock","14":"shipping-taxable","15":"purchasable","16":"product-type-variable","17":"has-default-attributes"},"yoast_head":"\n<title>Acheter Concentr\u00e9 THC Caviar en ligne | Acheter en vrac et \u00e0 bas prix Concentr\u00e9 THC Caviar au Canada | BC Weed Edible.<\/title>\n<meta name=\"robots\" content=\"index, follow, max-snippet:-1, max-image-preview:large, max-video-preview:-1\" \/>\n<link rel=\"canonical\" href=\"https:\/\/stgbc.bcweededible.net\/fr\/buy\/gros\/concentres-en-gros\/caviar-concentre\/\" \/>\n<meta property=\"og:locale\" content=\"fr_FR\" \/>\n<meta property=\"og:type\" content=\"article\" \/>\n<meta property=\"og:title\" content=\"Acheter Concentr\u00e9 THC Caviar en ligne | Acheter en vrac et \u00e0 bas prix Concentr\u00e9 THC Caviar au Canada | BC Weed Edible.\" \/>\n<meta property=\"og:description\" content=\"A la recherche d&#039;un concentr\u00e9 super fort et puissant qui vous fera planer \u00e0 coup s\u00fbr ? Ne cherchez pas plus loin que notre concentr\u00e9 de caviar. Cet extrait puissant est l&#039;un des plus populaires au Canada et est parfait pour ceux qui veulent une exp\u00e9rience puissante. Le Caviar est un concentr\u00e9 de cannabis connu pour son &#039;&#039;high&#039;&#039; intense. Tous nos caviars sont disponibles \u00e0 partir de 6$ le gramme ! Nous avons une quantit\u00e9 limit\u00e9e, alors profitez-en tant qu&#039;il en reste ! Informations sur le concentr\u00e9 de caviar THC Consistance : Texture de caviar Ph\u00e9notype : Hybride, Indica, Sativa (selon la vari\u00e9t\u00e9) Teneur en THC : entre 80% et 90% Effets : C\u00e9r\u00e9bral, cr\u00e9atif, d\u00e9tendu, concentr\u00e9, heureux (selon la vari\u00e9t\u00e9) Ar\u00f4mes : Agrumes, Fruit\u00e9, Pin, Sucr\u00e9 Fabriqu\u00e9 en : La belle Colombie-Britannique\" \/>\n<meta property=\"og:url\" content=\"https:\/\/stgbc.bcweededible.net\/fr\/buy\/gros\/concentres-en-gros\/caviar-concentre\/\" \/>\n<meta property=\"og:site_name\" content=\"BC Weed Edible\" \/>\n<meta property=\"article:modified_time\" content=\"2025-05-03T08:58:39+00:00\" \/>\n<meta property=\"og:image\" content=\"https:\/\/stgbc.bcweededible.net\/wp-content\/uploads\/2023\/02\/buy-caviar-concentrate-canaada.jpg\" \/>\n\t<meta property=\"og:image:width\" content=\"496\" \/>\n\t<meta property=\"og:image:height\" content=\"495\" \/>\n\t<meta property=\"og:image:type\" content=\"image\/jpeg\" \/>\n<meta name=\"twitter:card\" content=\"summary_large_image\" \/>\n<meta name=\"twitter:label1\" content=\"Dur\u00e9e de lecture estim\u00e9e\" \/>\n\t<meta name=\"twitter:data1\" content=\"2 minutes\" \/>\n<script type=\"application\/ld+json\" class=\"yoast-schema-graph\">{\"@context\":\"https:\\\/\\\/schema.org\",\"@graph\":[{\"@type\":\"WebPage\",\"@id\":\"https:\\\/\\\/stgbc.bcweededible.net\\\/fr\\\/buy\\\/gros\\\/concentres-en-gros\\\/caviar-concentre\\\/\",\"url\":\"https:\\\/\\\/stgbc.bcweededible.net\\\/fr\\\/buy\\\/gros\\\/concentres-en-gros\\\/caviar-concentre\\\/\",\"name\":\"Acheter Concentr\u00e9 THC Caviar en ligne | Acheter en vrac et \u00e0 bas prix Concentr\u00e9 THC Caviar au Canada | BC Weed Edible.\",\"isPartOf\":{\"@id\":\"https:\\\/\\\/stgbc.bcweededible.net\\\/fr\\\/#website\"},\"primaryImageOfPage\":{\"@id\":\"https:\\\/\\\/stgbc.bcweededible.net\\\/fr\\\/buy\\\/gros\\\/concentres-en-gros\\\/caviar-concentre\\\/#primaryimage\"},\"image\":{\"@id\":\"https:\\\/\\\/stgbc.bcweededible.net\\\/fr\\\/buy\\\/gros\\\/concentres-en-gros\\\/caviar-concentre\\\/#primaryimage\"},\"thumbnailUrl\":\"https:\\\/\\\/stgbc.bcweededible.net\\\/wp-content\\\/uploads\\\/2023\\\/02\\\/buy-caviar-concentrate-canaada.jpg\",\"datePublished\":\"2023-04-19T01:32:25+00:00\",\"dateModified\":\"2025-05-03T08:58:39+00:00\",\"breadcrumb\":{\"@id\":\"https:\\\/\\\/stgbc.bcweededible.net\\\/fr\\\/buy\\\/gros\\\/concentres-en-gros\\\/caviar-concentre\\\/#breadcrumb\"},\"inLanguage\":\"fr-FR\",\"potentialAction\":[{\"@type\":\"ReadAction\",\"target\":[\"https:\\\/\\\/stgbc.bcweededible.net\\\/fr\\\/buy\\\/gros\\\/concentres-en-gros\\\/caviar-concentre\\\/\"]}]},{\"@type\":\"ImageObject\",\"inLanguage\":\"fr-FR\",\"@id\":\"https:\\\/\\\/stgbc.bcweededible.net\\\/fr\\\/buy\\\/gros\\\/concentres-en-gros\\\/caviar-concentre\\\/#primaryimage\",\"url\":\"https:\\\/\\\/stgbc.bcweededible.net\\\/wp-content\\\/uploads\\\/2023\\\/02\\\/buy-caviar-concentrate-canaada.jpg\",\"contentUrl\":\"https:\\\/\\\/stgbc.bcweededible.net\\\/wp-content\\\/uploads\\\/2023\\\/02\\\/buy-caviar-concentrate-canaada.jpg\",\"width\":496,\"height\":495,\"caption\":\"buy caviar cannabis concentrate canada\"},{\"@type\":\"BreadcrumbList\",\"@id\":\"https:\\\/\\\/stgbc.bcweededible.net\\\/fr\\\/buy\\\/gros\\\/concentres-en-gros\\\/caviar-concentre\\\/#breadcrumb\",\"itemListElement\":[{\"@type\":\"ListItem\",\"position\":1,\"name\":\"Jujubes au Pot Canada\",\"item\":\"https:\\\/\\\/stgbc.bcweededible.net\\\/fr\\\/shop\\\/\"},{\"@type\":\"ListItem\",\"position\":2,\"name\":\"Concentr\u00e9 THC Caviar\"}]},{\"@type\":\"WebSite\",\"@id\":\"https:\\\/\\\/stgbc.bcweededible.net\\\/fr\\\/#website\",\"url\":\"https:\\\/\\\/stgbc.bcweededible.net\\\/fr\\\/\",\"name\":\"BC Weed Edible\",\"description\":\"\",\"publisher\":{\"@id\":\"https:\\\/\\\/stgbc.bcweededible.net\\\/fr\\\/#organization\"},\"potentialAction\":[{\"@type\":\"SearchAction\",\"target\":{\"@type\":\"EntryPoint\",\"urlTemplate\":\"https:\\\/\\\/stgbc.bcweededible.net\\\/fr\\\/?s={search_term_string}\"},\"query-input\":{\"@type\":\"PropertyValueSpecification\",\"valueRequired\":true,\"valueName\":\"search_term_string\"}}],\"inLanguage\":\"fr-FR\"},{\"@type\":\"Organization\",\"@id\":\"https:\\\/\\\/stgbc.bcweededible.net\\\/fr\\\/#organization\",\"name\":\"BC Weed Edible\",\"url\":\"https:\\\/\\\/stgbc.bcweededible.net\\\/fr\\\/\",\"logo\":{\"@type\":\"ImageObject\",\"inLanguage\":\"fr-FR\",\"@id\":\"https:\\\/\\\/stgbc.bcweededible.net\\\/fr\\\/#\\\/schema\\\/logo\\\/image\\\/\",\"url\":\"https:\\\/\\\/stgbc.bcweededible.net\\\/wp-content\\\/uploads\\\/2021\\\/12\\\/bc-weed-edible-canada.png\",\"contentUrl\":\"https:\\\/\\\/stgbc.bcweededible.net\\\/wp-content\\\/uploads\\\/2021\\\/12\\\/bc-weed-edible-canada.png\",\"width\":270,\"height\":185,\"caption\":\"BC Weed Edible\"},\"image\":{\"@id\":\"https:\\\/\\\/stgbc.bcweededible.net\\\/fr\\\/#\\\/schema\\\/logo\\\/image\\\/\"}}]}<\/script>\n","yoast_head_json":{"title":"Acheter Concentr\u00e9 THC Caviar en ligne | Acheter en vrac et \u00e0 bas prix Concentr\u00e9 THC Caviar au Canada | BC Weed Edible.","robots":{"index":"index","follow":"follow","max-snippet":"max-snippet:-1","max-image-preview":"max-image-preview:large","max-video-preview":"max-video-preview:-1"},"canonical":"https:\/\/stgbc.bcweededible.net\/fr\/buy\/gros\/concentres-en-gros\/caviar-concentre\/","og_locale":"fr_FR","og_type":"article","og_title":"Acheter Concentr\u00e9 THC Caviar en ligne | Acheter en vrac et \u00e0 bas prix Concentr\u00e9 THC Caviar au Canada | BC Weed Edible.","og_description":"A la recherche d'un concentr\u00e9 super fort et puissant qui vous fera planer \u00e0 coup s\u00fbr ? Ne cherchez pas plus loin que notre concentr\u00e9 de caviar. Cet extrait puissant est l'un des plus populaires au Canada et est parfait pour ceux qui veulent une exp\u00e9rience puissante. Le Caviar est un concentr\u00e9 de cannabis connu pour son ''high'' intense. Tous nos caviars sont disponibles \u00e0 partir de 6$ le gramme ! Nous avons une quantit\u00e9 limit\u00e9e, alors profitez-en tant qu'il en reste ! Informations sur le concentr\u00e9 de caviar THC Consistance : Texture de caviar Ph\u00e9notype : Hybride, Indica, Sativa (selon la vari\u00e9t\u00e9) Teneur en THC : entre 80% et 90% Effets : C\u00e9r\u00e9bral, cr\u00e9atif, d\u00e9tendu, concentr\u00e9, heureux (selon la vari\u00e9t\u00e9) Ar\u00f4mes : Agrumes, Fruit\u00e9, Pin, Sucr\u00e9 Fabriqu\u00e9 en : La belle Colombie-Britannique","og_url":"https:\/\/stgbc.bcweededible.net\/fr\/buy\/gros\/concentres-en-gros\/caviar-concentre\/","og_site_name":"BC Weed Edible","article_modified_time":"2025-05-03T08:58:39+00:00","og_image":[{"width":496,"height":495,"url":"https:\/\/stgbc.bcweededible.net\/wp-content\/uploads\/2023\/02\/buy-caviar-concentrate-canaada.jpg","type":"image\/jpeg"}],"twitter_card":"summary_large_image","twitter_misc":{"Dur\u00e9e de lecture estim\u00e9e":"2 minutes"},"schema":{"@context":"https:\/\/schema.org","@graph":[{"@type":"WebPage","@id":"https:\/\/stgbc.bcweededible.net\/fr\/buy\/gros\/concentres-en-gros\/caviar-concentre\/","url":"https:\/\/stgbc.bcweededible.net\/fr\/buy\/gros\/concentres-en-gros\/caviar-concentre\/","name":"Acheter Concentr\u00e9 THC Caviar en ligne | Acheter en vrac et \u00e0 bas prix Concentr\u00e9 THC Caviar au Canada | BC Weed Edible.","isPartOf":{"@id":"https:\/\/stgbc.bcweededible.net\/fr\/#website"},"primaryImageOfPage":{"@id":"https:\/\/stgbc.bcweededible.net\/fr\/buy\/gros\/concentres-en-gros\/caviar-concentre\/#primaryimage"},"image":{"@id":"https:\/\/stgbc.bcweededible.net\/fr\/buy\/gros\/concentres-en-gros\/caviar-concentre\/#primaryimage"},"thumbnailUrl":"https:\/\/stgbc.bcweededible.net\/wp-content\/uploads\/2023\/02\/buy-caviar-concentrate-canaada.jpg","datePublished":"2023-04-19T01:32:25+00:00","dateModified":"2025-05-03T08:58:39+00:00","breadcrumb":{"@id":"https:\/\/stgbc.bcweededible.net\/fr\/buy\/gros\/concentres-en-gros\/caviar-concentre\/#breadcrumb"},"inLanguage":"fr-FR","potentialAction":[{"@type":"ReadAction","target":["https:\/\/stgbc.bcweededible.net\/fr\/buy\/gros\/concentres-en-gros\/caviar-concentre\/"]}]},{"@type":"ImageObject","inLanguage":"fr-FR","@id":"https:\/\/stgbc.bcweededible.net\/fr\/buy\/gros\/concentres-en-gros\/caviar-concentre\/#primaryimage","url":"https:\/\/stgbc.bcweededible.net\/wp-content\/uploads\/2023\/02\/buy-caviar-concentrate-canaada.jpg","contentUrl":"https:\/\/stgbc.bcweededible.net\/wp-content\/uploads\/2023\/02\/buy-caviar-concentrate-canaada.jpg","width":496,"height":495,"caption":"buy caviar cannabis concentrate canada"},{"@type":"BreadcrumbList","@id":"https:\/\/stgbc.bcweededible.net\/fr\/buy\/gros\/concentres-en-gros\/caviar-concentre\/#breadcrumb","itemListElement":[{"@type":"ListItem","position":1,"name":"Jujubes au Pot Canada","item":"https:\/\/stgbc.bcweededible.net\/fr\/shop\/"},{"@type":"ListItem","position":2,"name":"Concentr\u00e9 THC Caviar"}]},{"@type":"WebSite","@id":"https:\/\/stgbc.bcweededible.net\/fr\/#website","url":"https:\/\/stgbc.bcweededible.net\/fr\/","name":"BC Weed Edible","description":"","publisher":{"@id":"https:\/\/stgbc.bcweededible.net\/fr\/#organization"},"potentialAction":[{"@type":"SearchAction","target":{"@type":"EntryPoint","urlTemplate":"https:\/\/stgbc.bcweededible.net\/fr\/?s={search_term_string}"},"query-input":{"@type":"PropertyValueSpecification","valueRequired":true,"valueName":"search_term_string"}}],"inLanguage":"fr-FR"},{"@type":"Organization","@id":"https:\/\/stgbc.bcweededible.net\/fr\/#organization","name":"BC Weed Edible","url":"https:\/\/stgbc.bcweededible.net\/fr\/","logo":{"@type":"ImageObject","inLanguage":"fr-FR","@id":"https:\/\/stgbc.bcweededible.net\/fr\/#\/schema\/logo\/image\/","url":"https:\/\/stgbc.bcweededible.net\/wp-content\/uploads\/2021\/12\/bc-weed-edible-canada.png","contentUrl":"https:\/\/stgbc.bcweededible.net\/wp-content\/uploads\/2021\/12\/bc-weed-edible-canada.png","width":270,"height":185,"caption":"BC Weed Edible"},"image":{"@id":"https:\/\/stgbc.bcweededible.net\/fr\/#\/schema\/logo\/image\/"}}]}},"_links":{"self":[{"href":"https:\/\/stgbc.bcweededible.net\/fr\/wp-json\/wp\/v2\/product\/31840","targetHints":{"allow":["GET"]}}],"collection":[{"href":"https:\/\/stgbc.bcweededible.net\/fr\/wp-json\/wp\/v2\/product"}],"about":[{"href":"https:\/\/stgbc.bcweededible.net\/fr\/wp-json\/wp\/v2\/types\/product"}],"replies":[{"embeddable":true,"href":"https:\/\/stgbc.bcweededible.net\/fr\/wp-json\/wp\/v2\/comments?post=31840"}],"wp:featuredmedia":[{"embeddable":true,"href":"https:\/\/stgbc.bcweededible.net\/fr\/wp-json\/wp\/v2\/media\/28219"}],"wp:attachment":[{"href":"https:\/\/stgbc.bcweededible.net\/fr\/wp-json\/wp\/v2\/media?parent=31840"}],"wp:term":[{"taxonomy":"product_brand","embeddable":true,"href":"https:\/\/stgbc.bcweededible.net\/fr\/wp-json\/wp\/v2\/product_brand?post=31840"},{"taxonomy":"product_cat","embeddable":true,"href":"https:\/\/stgbc.bcweededible.net\/fr\/wp-json\/wp\/v2\/product_cat?post=31840"},{"taxonomy":"product_tag","embeddable":true,"href":"https:\/\/stgbc.bcweededible.net\/fr\/wp-json\/wp\/v2\/product_tag?post=31840"}],"curies":[{"name":"wp","href":"https:\/\/api.w.org\/{rel}","templated":true}]}}