{"id":31833,"date":"2023-02-06T22:51:34","date_gmt":"2023-04-19T01:32:24","guid":{"rendered":"https:\/\/bcweededible.net\/buy\/non%20class\u00e9\/hachis-afghan-aux-raisins\/"},"modified":"2026-03-05T17:19:19","modified_gmt":"2026-03-06T01:19:19","slug":"raisin-afghan-hash","status":"publish","type":"product","link":"https:\/\/stgbc.bcweededible.net\/fr\/buy\/concentres\/hasch\/bc-hash-fr\/raisin-afghan-hash\/","title":{"rendered":"Hash Grape"},"content":{"rendered":"<h2><strong>Acheter le hash Grape \u00e0 saveur de raisin au Canada<\/strong><\/h2>\n<p>D\u00e9couvrez la saveur sucr\u00e9e et juteuse du raisin avec le hash Grape de BC Weed Edibles, fabriqu\u00e9 au Canada. Fabriqu\u00e9 \u00e0 la perfection en Afghanistan, ce hash utilise des ingr\u00e9dients naturels et des mat\u00e9riaux de la plus haute qualit\u00e9 pour un produit imbattable. Le r\u00e9sultat est un hash aromatique et d\u00e9licieux qui ne manquera pas de faire danser vos papilles gustatives. Procurez-vous le v\u00f4tre d\u00e8s aujourd&#8217;hui et d\u00e9couvrez sa saveur inoubliable!<\/p>\n","protected":false},"excerpt":{"rendered":"<p><strong>Notre Hash Grape<\/strong>\u00a0est doux et se vend \u00e0 un prix int\u00e9ressant. C&#8217;est un <strong>hash de grande valeur<\/strong> (mais pas de mauvaise qualit\u00e9) et id\u00e9al pour vos joints. Le high corporel de ce produit est excellent si vous voulez une exp\u00e9rience engourdissante, sans avoir la t\u00eate lourde. Notre hash Grape est suffisamment mall\u00e9able pour que vous puissiez le rouler en petites boules ou le d\u00e9chirer pour le rouler.<\/p>\n","protected":false},"featured_media":27581,"comment_status":"open","ping_status":"closed","template":"","meta":[],"product_brand":[],"product_cat":[659,305,660,661,628],"product_tag":[],"class_list":{"0":"post-31833","1":"product","2":"type-product","3":"status-publish","4":"has-post-thumbnail","6":"product_cat-bc-hash-fr","7":"product_cat-concentres","8":"product_cat-bulk-hash-fr","9":"product_cat-haschisch-bon-marche","10":"product_cat-hasch","12":"first","13":"instock","14":"shipping-taxable","15":"purchasable","16":"product-type-variable","17":"has-default-attributes"},"yoast_head":"\n<title>Acheter Hash Grape | Acheter du hasch en vrac et pas cher en ligne | BC Weed Edible<\/title>\n<meta name=\"robots\" content=\"index, follow, max-snippet:-1, max-image-preview:large, max-video-preview:-1\" \/>\n<link rel=\"canonical\" href=\"https:\/\/stgbc.bcweededible.net\/fr\/buy\/concentres\/hasch\/bc-hash-fr\/raisin-afghan-hash\/\" \/>\n<meta property=\"og:locale\" content=\"fr_FR\" \/>\n<meta property=\"og:type\" content=\"article\" \/>\n<meta property=\"og:title\" content=\"Acheter Hash Grape | Acheter du hasch en vrac et pas cher en ligne | BC Weed Edible\" \/>\n<meta property=\"og:description\" content=\"Notre Hash Grape\u00a0est doux et se vend \u00e0 un prix int\u00e9ressant. C&#039;est un hash de grande valeur (mais pas de mauvaise qualit\u00e9) et id\u00e9al pour vos joints. Le high corporel de ce produit est excellent si vous voulez une exp\u00e9rience engourdissante, sans avoir la t\u00eate lourde. Notre hash Grape est suffisamment mall\u00e9able pour que vous puissiez le rouler en petites boules ou le d\u00e9chirer pour le rouler.\" \/>\n<meta property=\"og:url\" content=\"https:\/\/stgbc.bcweededible.net\/fr\/buy\/concentres\/hasch\/bc-hash-fr\/raisin-afghan-hash\/\" \/>\n<meta property=\"og:site_name\" content=\"BC Weed Edible\" \/>\n<meta property=\"article:modified_time\" content=\"2026-03-06T01:19:19+00:00\" \/>\n<meta property=\"og:image\" content=\"https:\/\/stgbc.bcweededible.net\/wp-content\/uploads\/2023\/02\/grape-hash-canada.jpg\" \/>\n\t<meta property=\"og:image:width\" content=\"1000\" \/>\n\t<meta property=\"og:image:height\" content=\"1001\" \/>\n\t<meta property=\"og:image:type\" content=\"image\/jpeg\" \/>\n<meta name=\"twitter:card\" content=\"summary_large_image\" \/>\n<meta name=\"twitter:label1\" content=\"Dur\u00e9e de lecture estim\u00e9e\" \/>\n\t<meta name=\"twitter:data1\" content=\"1 minute\" \/>\n<script type=\"application\/ld+json\" class=\"yoast-schema-graph\">{\"@context\":\"https:\\\/\\\/schema.org\",\"@graph\":[{\"@type\":\"WebPage\",\"@id\":\"https:\\\/\\\/stgbc.bcweededible.net\\\/fr\\\/buy\\\/concentres\\\/hasch\\\/bc-hash-fr\\\/raisin-afghan-hash\\\/\",\"url\":\"https:\\\/\\\/stgbc.bcweededible.net\\\/fr\\\/buy\\\/concentres\\\/hasch\\\/bc-hash-fr\\\/raisin-afghan-hash\\\/\",\"name\":\"Acheter Hash Grape | Acheter du hasch en vrac et pas cher en ligne | BC Weed Edible\",\"isPartOf\":{\"@id\":\"https:\\\/\\\/stgbc.bcweededible.net\\\/fr\\\/#website\"},\"primaryImageOfPage\":{\"@id\":\"https:\\\/\\\/stgbc.bcweededible.net\\\/fr\\\/buy\\\/concentres\\\/hasch\\\/bc-hash-fr\\\/raisin-afghan-hash\\\/#primaryimage\"},\"image\":{\"@id\":\"https:\\\/\\\/stgbc.bcweededible.net\\\/fr\\\/buy\\\/concentres\\\/hasch\\\/bc-hash-fr\\\/raisin-afghan-hash\\\/#primaryimage\"},\"thumbnailUrl\":\"https:\\\/\\\/stgbc.bcweededible.net\\\/wp-content\\\/uploads\\\/2023\\\/02\\\/grape-hash-canada.jpg\",\"datePublished\":\"2023-04-19T01:32:24+00:00\",\"dateModified\":\"2026-03-06T01:19:19+00:00\",\"breadcrumb\":{\"@id\":\"https:\\\/\\\/stgbc.bcweededible.net\\\/fr\\\/buy\\\/concentres\\\/hasch\\\/bc-hash-fr\\\/raisin-afghan-hash\\\/#breadcrumb\"},\"inLanguage\":\"fr-FR\",\"potentialAction\":[{\"@type\":\"ReadAction\",\"target\":[\"https:\\\/\\\/stgbc.bcweededible.net\\\/fr\\\/buy\\\/concentres\\\/hasch\\\/bc-hash-fr\\\/raisin-afghan-hash\\\/\"]}]},{\"@type\":\"ImageObject\",\"inLanguage\":\"fr-FR\",\"@id\":\"https:\\\/\\\/stgbc.bcweededible.net\\\/fr\\\/buy\\\/concentres\\\/hasch\\\/bc-hash-fr\\\/raisin-afghan-hash\\\/#primaryimage\",\"url\":\"https:\\\/\\\/stgbc.bcweededible.net\\\/wp-content\\\/uploads\\\/2023\\\/02\\\/grape-hash-canada.jpg\",\"contentUrl\":\"https:\\\/\\\/stgbc.bcweededible.net\\\/wp-content\\\/uploads\\\/2023\\\/02\\\/grape-hash-canada.jpg\",\"width\":1000,\"height\":1001,\"caption\":\"grape hash canada\"},{\"@type\":\"BreadcrumbList\",\"@id\":\"https:\\\/\\\/stgbc.bcweededible.net\\\/fr\\\/buy\\\/concentres\\\/hasch\\\/bc-hash-fr\\\/raisin-afghan-hash\\\/#breadcrumb\",\"itemListElement\":[{\"@type\":\"ListItem\",\"position\":1,\"name\":\"Jujubes au Pot Canada\",\"item\":\"https:\\\/\\\/stgbc.bcweededible.net\\\/fr\\\/shop\\\/\"},{\"@type\":\"ListItem\",\"position\":2,\"name\":\"Hash Grape\"}]},{\"@type\":\"WebSite\",\"@id\":\"https:\\\/\\\/stgbc.bcweededible.net\\\/fr\\\/#website\",\"url\":\"https:\\\/\\\/stgbc.bcweededible.net\\\/fr\\\/\",\"name\":\"BC Weed Edible\",\"description\":\"\",\"publisher\":{\"@id\":\"https:\\\/\\\/stgbc.bcweededible.net\\\/fr\\\/#organization\"},\"potentialAction\":[{\"@type\":\"SearchAction\",\"target\":{\"@type\":\"EntryPoint\",\"urlTemplate\":\"https:\\\/\\\/stgbc.bcweededible.net\\\/fr\\\/?s={search_term_string}\"},\"query-input\":{\"@type\":\"PropertyValueSpecification\",\"valueRequired\":true,\"valueName\":\"search_term_string\"}}],\"inLanguage\":\"fr-FR\"},{\"@type\":\"Organization\",\"@id\":\"https:\\\/\\\/stgbc.bcweededible.net\\\/fr\\\/#organization\",\"name\":\"BC Weed Edible\",\"url\":\"https:\\\/\\\/stgbc.bcweededible.net\\\/fr\\\/\",\"logo\":{\"@type\":\"ImageObject\",\"inLanguage\":\"fr-FR\",\"@id\":\"https:\\\/\\\/stgbc.bcweededible.net\\\/fr\\\/#\\\/schema\\\/logo\\\/image\\\/\",\"url\":\"https:\\\/\\\/stgbc.bcweededible.net\\\/wp-content\\\/uploads\\\/2021\\\/12\\\/bc-weed-edible-canada.png\",\"contentUrl\":\"https:\\\/\\\/stgbc.bcweededible.net\\\/wp-content\\\/uploads\\\/2021\\\/12\\\/bc-weed-edible-canada.png\",\"width\":270,\"height\":185,\"caption\":\"BC Weed Edible\"},\"image\":{\"@id\":\"https:\\\/\\\/stgbc.bcweededible.net\\\/fr\\\/#\\\/schema\\\/logo\\\/image\\\/\"}}]}<\/script>\n","yoast_head_json":{"title":"Acheter Hash Grape | Acheter du hasch en vrac et pas cher en ligne | BC Weed Edible","robots":{"index":"index","follow":"follow","max-snippet":"max-snippet:-1","max-image-preview":"max-image-preview:large","max-video-preview":"max-video-preview:-1"},"canonical":"https:\/\/stgbc.bcweededible.net\/fr\/buy\/concentres\/hasch\/bc-hash-fr\/raisin-afghan-hash\/","og_locale":"fr_FR","og_type":"article","og_title":"Acheter Hash Grape | Acheter du hasch en vrac et pas cher en ligne | BC Weed Edible","og_description":"Notre Hash Grape\u00a0est doux et se vend \u00e0 un prix int\u00e9ressant. C'est un hash de grande valeur (mais pas de mauvaise qualit\u00e9) et id\u00e9al pour vos joints. Le high corporel de ce produit est excellent si vous voulez une exp\u00e9rience engourdissante, sans avoir la t\u00eate lourde. Notre hash Grape est suffisamment mall\u00e9able pour que vous puissiez le rouler en petites boules ou le d\u00e9chirer pour le rouler.","og_url":"https:\/\/stgbc.bcweededible.net\/fr\/buy\/concentres\/hasch\/bc-hash-fr\/raisin-afghan-hash\/","og_site_name":"BC Weed Edible","article_modified_time":"2026-03-06T01:19:19+00:00","og_image":[{"width":1000,"height":1001,"url":"https:\/\/stgbc.bcweededible.net\/wp-content\/uploads\/2023\/02\/grape-hash-canada.jpg","type":"image\/jpeg"}],"twitter_card":"summary_large_image","twitter_misc":{"Dur\u00e9e de lecture estim\u00e9e":"1 minute"},"schema":{"@context":"https:\/\/schema.org","@graph":[{"@type":"WebPage","@id":"https:\/\/stgbc.bcweededible.net\/fr\/buy\/concentres\/hasch\/bc-hash-fr\/raisin-afghan-hash\/","url":"https:\/\/stgbc.bcweededible.net\/fr\/buy\/concentres\/hasch\/bc-hash-fr\/raisin-afghan-hash\/","name":"Acheter Hash Grape | Acheter du hasch en vrac et pas cher en ligne | BC Weed Edible","isPartOf":{"@id":"https:\/\/stgbc.bcweededible.net\/fr\/#website"},"primaryImageOfPage":{"@id":"https:\/\/stgbc.bcweededible.net\/fr\/buy\/concentres\/hasch\/bc-hash-fr\/raisin-afghan-hash\/#primaryimage"},"image":{"@id":"https:\/\/stgbc.bcweededible.net\/fr\/buy\/concentres\/hasch\/bc-hash-fr\/raisin-afghan-hash\/#primaryimage"},"thumbnailUrl":"https:\/\/stgbc.bcweededible.net\/wp-content\/uploads\/2023\/02\/grape-hash-canada.jpg","datePublished":"2023-04-19T01:32:24+00:00","dateModified":"2026-03-06T01:19:19+00:00","breadcrumb":{"@id":"https:\/\/stgbc.bcweededible.net\/fr\/buy\/concentres\/hasch\/bc-hash-fr\/raisin-afghan-hash\/#breadcrumb"},"inLanguage":"fr-FR","potentialAction":[{"@type":"ReadAction","target":["https:\/\/stgbc.bcweededible.net\/fr\/buy\/concentres\/hasch\/bc-hash-fr\/raisin-afghan-hash\/"]}]},{"@type":"ImageObject","inLanguage":"fr-FR","@id":"https:\/\/stgbc.bcweededible.net\/fr\/buy\/concentres\/hasch\/bc-hash-fr\/raisin-afghan-hash\/#primaryimage","url":"https:\/\/stgbc.bcweededible.net\/wp-content\/uploads\/2023\/02\/grape-hash-canada.jpg","contentUrl":"https:\/\/stgbc.bcweededible.net\/wp-content\/uploads\/2023\/02\/grape-hash-canada.jpg","width":1000,"height":1001,"caption":"grape hash canada"},{"@type":"BreadcrumbList","@id":"https:\/\/stgbc.bcweededible.net\/fr\/buy\/concentres\/hasch\/bc-hash-fr\/raisin-afghan-hash\/#breadcrumb","itemListElement":[{"@type":"ListItem","position":1,"name":"Jujubes au Pot Canada","item":"https:\/\/stgbc.bcweededible.net\/fr\/shop\/"},{"@type":"ListItem","position":2,"name":"Hash Grape"}]},{"@type":"WebSite","@id":"https:\/\/stgbc.bcweededible.net\/fr\/#website","url":"https:\/\/stgbc.bcweededible.net\/fr\/","name":"BC Weed Edible","description":"","publisher":{"@id":"https:\/\/stgbc.bcweededible.net\/fr\/#organization"},"potentialAction":[{"@type":"SearchAction","target":{"@type":"EntryPoint","urlTemplate":"https:\/\/stgbc.bcweededible.net\/fr\/?s={search_term_string}"},"query-input":{"@type":"PropertyValueSpecification","valueRequired":true,"valueName":"search_term_string"}}],"inLanguage":"fr-FR"},{"@type":"Organization","@id":"https:\/\/stgbc.bcweededible.net\/fr\/#organization","name":"BC Weed Edible","url":"https:\/\/stgbc.bcweededible.net\/fr\/","logo":{"@type":"ImageObject","inLanguage":"fr-FR","@id":"https:\/\/stgbc.bcweededible.net\/fr\/#\/schema\/logo\/image\/","url":"https:\/\/stgbc.bcweededible.net\/wp-content\/uploads\/2021\/12\/bc-weed-edible-canada.png","contentUrl":"https:\/\/stgbc.bcweededible.net\/wp-content\/uploads\/2021\/12\/bc-weed-edible-canada.png","width":270,"height":185,"caption":"BC Weed Edible"},"image":{"@id":"https:\/\/stgbc.bcweededible.net\/fr\/#\/schema\/logo\/image\/"}}]}},"_links":{"self":[{"href":"https:\/\/stgbc.bcweededible.net\/fr\/wp-json\/wp\/v2\/product\/31833","targetHints":{"allow":["GET"]}}],"collection":[{"href":"https:\/\/stgbc.bcweededible.net\/fr\/wp-json\/wp\/v2\/product"}],"about":[{"href":"https:\/\/stgbc.bcweededible.net\/fr\/wp-json\/wp\/v2\/types\/product"}],"replies":[{"embeddable":true,"href":"https:\/\/stgbc.bcweededible.net\/fr\/wp-json\/wp\/v2\/comments?post=31833"}],"wp:featuredmedia":[{"embeddable":true,"href":"https:\/\/stgbc.bcweededible.net\/fr\/wp-json\/wp\/v2\/media\/27581"}],"wp:attachment":[{"href":"https:\/\/stgbc.bcweededible.net\/fr\/wp-json\/wp\/v2\/media?parent=31833"}],"wp:term":[{"taxonomy":"product_brand","embeddable":true,"href":"https:\/\/stgbc.bcweededible.net\/fr\/wp-json\/wp\/v2\/product_brand?post=31833"},{"taxonomy":"product_cat","embeddable":true,"href":"https:\/\/stgbc.bcweededible.net\/fr\/wp-json\/wp\/v2\/product_cat?post=31833"},{"taxonomy":"product_tag","embeddable":true,"href":"https:\/\/stgbc.bcweededible.net\/fr\/wp-json\/wp\/v2\/product_tag?post=31833"}],"curies":[{"name":"wp","href":"https:\/\/api.w.org\/{rel}","templated":true}]}}