{"id":31825,"date":"2022-12-30T12:31:31","date_gmt":"2023-04-19T01:32:22","guid":{"rendered":"https:\/\/bcweededible.net\/buy\/non%20class\u00e9\/diamonds-2-gramme-thc-vape-pen\/"},"modified":"2025-11-20T02:22:26","modified_gmt":"2025-11-20T10:22:26","slug":"diamant-thc-vape-2g","status":"publish","type":"product","link":"https:\/\/stgbc.bcweededible.net\/fr\/buy\/concentres\/distillat\/diamant-thc-vape-2g\/","title":{"rendered":"Vape Pen THC Diamond 2 Grammes"},"content":{"rendered":"","protected":false},"excerpt":{"rendered":"<p>Voici les v<strong>ape pens jetables Diamond<\/strong>! Ces petits stylos pratiques sont remplis de<a href=\"https:\/\/stgbc.bcweededible.net\/fr\/shop\/concentres\/distillat\/\"><strong> 2g de distillat aromatis\u00e9 <\/strong><\/a>et sont livr\u00e9s pr\u00e9charg\u00e9s avec un port de batterie USB rechargeable. Ils sont parfaits pour une utilisation en d\u00e9placement, et leur construction sans solvant signifie que vous pouvez profiter des terp\u00e8nes naturels et des saveurs de l&#8217;extrait. De plus, ils tirent tr\u00e8s bien, vous pouvez donc prendre de grandes et longues inspirations. Que vous passiez une soir\u00e9e en ville ou que vous vous d\u00e9tendiez au bord du lac pendant les vacances d&#8217;\u00e9t\u00e9, ces vape pens sont une excellente option pour vapoter.<\/p>\n<h2>\u00c0 propos des Vape Pens Diamond<\/h2>\n<ul>\n<li><strong>Chaque vape pen contient 2 grammes (2000mg) d&#8217;huile distill\u00e9e de THC.<\/strong><\/li>\n<li>90-96% THC<\/li>\n<li>Base biologique<\/li>\n<li>Sans solvant<\/li>\n<li>Rechargeable<\/li>\n<li>Sans VG ni PG<\/li>\n<\/ul>\n","protected":false},"featured_media":32750,"comment_status":"open","ping_status":"closed","template":"","meta":[],"product_brand":[],"product_cat":[288,305,306,287,637],"product_tag":[],"class_list":{"0":"post-31825","1":"product","2":"type-product","3":"status-publish","4":"has-post-thumbnail","6":"product_cat-cartouches-distillat","7":"product_cat-concentres","8":"product_cat-distillat","9":"product_cat-vape","10":"product_cat-jetable","12":"first","13":"outofstock","14":"shipping-taxable","15":"purchasable","16":"product-type-variable"},"yoast_head":"\n<title>Acheter le Vape Pen THC Diamond 2 Grammes Canada \u00e0 partir de 49 $ | BC Weed Edible<\/title>\n<meta name=\"robots\" content=\"index, follow, max-snippet:-1, max-image-preview:large, max-video-preview:-1\" \/>\n<link rel=\"canonical\" href=\"https:\/\/stgbc.bcweededible.net\/fr\/buy\/concentres\/distillat\/diamant-thc-vape-2g\/\" \/>\n<meta property=\"og:locale\" content=\"fr_FR\" \/>\n<meta property=\"og:type\" content=\"article\" \/>\n<meta property=\"og:title\" content=\"Acheter le Vape Pen THC Diamond 2 Grammes Canada \u00e0 partir de 49 $ | BC Weed Edible\" \/>\n<meta property=\"og:description\" content=\"Voici les vape pens jetables Diamond! Ces petits stylos pratiques sont remplis de 2g de distillat aromatis\u00e9 et sont livr\u00e9s pr\u00e9charg\u00e9s avec un port de batterie USB rechargeable. Ils sont parfaits pour une utilisation en d\u00e9placement, et leur construction sans solvant signifie que vous pouvez profiter des terp\u00e8nes naturels et des saveurs de l&#039;extrait. De plus, ils tirent tr\u00e8s bien, vous pouvez donc prendre de grandes et longues inspirations. Que vous passiez une soir\u00e9e en ville ou que vous vous d\u00e9tendiez au bord du lac pendant les vacances d&#039;\u00e9t\u00e9, ces vape pens sont une excellente option pour vapoter. \u00c0 propos des Vape Pens Diamond Chaque vape pen contient 2 grammes (2000mg) d&#039;huile distill\u00e9e de THC. 90-96% THC Base biologique Sans solvant Rechargeable Sans VG ni PG\" \/>\n<meta property=\"og:url\" content=\"https:\/\/stgbc.bcweededible.net\/fr\/buy\/concentres\/distillat\/diamant-thc-vape-2g\/\" \/>\n<meta property=\"og:site_name\" content=\"BC Weed Edible\" \/>\n<meta property=\"article:modified_time\" content=\"2025-11-20T10:22:26+00:00\" \/>\n<meta property=\"og:image\" content=\"https:\/\/stgbc.bcweededible.net\/wp-content\/uploads\/2022\/06\/vaping-diamond-concentrates-2g-disposable-vape-pen-2.jpg\" \/>\n\t<meta property=\"og:image:width\" content=\"1500\" \/>\n\t<meta property=\"og:image:height\" content=\"1500\" \/>\n\t<meta property=\"og:image:type\" content=\"image\/jpeg\" \/>\n<meta name=\"twitter:card\" content=\"summary_large_image\" \/>\n<script type=\"application\/ld+json\" class=\"yoast-schema-graph\">{\"@context\":\"https:\\\/\\\/schema.org\",\"@graph\":[{\"@type\":\"WebPage\",\"@id\":\"https:\\\/\\\/stgbc.bcweededible.net\\\/fr\\\/buy\\\/concentres\\\/distillat\\\/diamant-thc-vape-2g\\\/\",\"url\":\"https:\\\/\\\/stgbc.bcweededible.net\\\/fr\\\/buy\\\/concentres\\\/distillat\\\/diamant-thc-vape-2g\\\/\",\"name\":\"Acheter le Vape Pen THC Diamond 2 Grammes Canada \u00e0 partir de 49 $ | BC Weed Edible\",\"isPartOf\":{\"@id\":\"https:\\\/\\\/stgbc.bcweededible.net\\\/fr\\\/#website\"},\"primaryImageOfPage\":{\"@id\":\"https:\\\/\\\/stgbc.bcweededible.net\\\/fr\\\/buy\\\/concentres\\\/distillat\\\/diamant-thc-vape-2g\\\/#primaryimage\"},\"image\":{\"@id\":\"https:\\\/\\\/stgbc.bcweededible.net\\\/fr\\\/buy\\\/concentres\\\/distillat\\\/diamant-thc-vape-2g\\\/#primaryimage\"},\"thumbnailUrl\":\"https:\\\/\\\/stgbc.bcweededible.net\\\/wp-content\\\/uploads\\\/2022\\\/06\\\/vaping-diamond-concentrates-2g-disposable-vape-pen-2.jpg\",\"datePublished\":\"2023-04-19T01:32:22+00:00\",\"dateModified\":\"2025-11-20T10:22:26+00:00\",\"breadcrumb\":{\"@id\":\"https:\\\/\\\/stgbc.bcweededible.net\\\/fr\\\/buy\\\/concentres\\\/distillat\\\/diamant-thc-vape-2g\\\/#breadcrumb\"},\"inLanguage\":\"fr-FR\",\"potentialAction\":[{\"@type\":\"ReadAction\",\"target\":[\"https:\\\/\\\/stgbc.bcweededible.net\\\/fr\\\/buy\\\/concentres\\\/distillat\\\/diamant-thc-vape-2g\\\/\"]}]},{\"@type\":\"ImageObject\",\"inLanguage\":\"fr-FR\",\"@id\":\"https:\\\/\\\/stgbc.bcweededible.net\\\/fr\\\/buy\\\/concentres\\\/distillat\\\/diamant-thc-vape-2g\\\/#primaryimage\",\"url\":\"https:\\\/\\\/stgbc.bcweededible.net\\\/wp-content\\\/uploads\\\/2022\\\/06\\\/vaping-diamond-concentrates-2g-disposable-vape-pen-2.jpg\",\"contentUrl\":\"https:\\\/\\\/stgbc.bcweededible.net\\\/wp-content\\\/uploads\\\/2022\\\/06\\\/vaping-diamond-concentrates-2g-disposable-vape-pen-2.jpg\",\"width\":1500,\"height\":1500,\"caption\":\"diamond disposable vape 2grams\"},{\"@type\":\"BreadcrumbList\",\"@id\":\"https:\\\/\\\/stgbc.bcweededible.net\\\/fr\\\/buy\\\/concentres\\\/distillat\\\/diamant-thc-vape-2g\\\/#breadcrumb\",\"itemListElement\":[{\"@type\":\"ListItem\",\"position\":1,\"name\":\"Jujubes au Pot Canada\",\"item\":\"https:\\\/\\\/stgbc.bcweededible.net\\\/fr\\\/shop\\\/\"},{\"@type\":\"ListItem\",\"position\":2,\"name\":\"Vape Pen THC Diamond 2 Grammes\"}]},{\"@type\":\"WebSite\",\"@id\":\"https:\\\/\\\/stgbc.bcweededible.net\\\/fr\\\/#website\",\"url\":\"https:\\\/\\\/stgbc.bcweededible.net\\\/fr\\\/\",\"name\":\"BC Weed Edible\",\"description\":\"\",\"publisher\":{\"@id\":\"https:\\\/\\\/stgbc.bcweededible.net\\\/fr\\\/#organization\"},\"potentialAction\":[{\"@type\":\"SearchAction\",\"target\":{\"@type\":\"EntryPoint\",\"urlTemplate\":\"https:\\\/\\\/stgbc.bcweededible.net\\\/fr\\\/?s={search_term_string}\"},\"query-input\":{\"@type\":\"PropertyValueSpecification\",\"valueRequired\":true,\"valueName\":\"search_term_string\"}}],\"inLanguage\":\"fr-FR\"},{\"@type\":\"Organization\",\"@id\":\"https:\\\/\\\/stgbc.bcweededible.net\\\/fr\\\/#organization\",\"name\":\"BC Weed Edible\",\"url\":\"https:\\\/\\\/stgbc.bcweededible.net\\\/fr\\\/\",\"logo\":{\"@type\":\"ImageObject\",\"inLanguage\":\"fr-FR\",\"@id\":\"https:\\\/\\\/stgbc.bcweededible.net\\\/fr\\\/#\\\/schema\\\/logo\\\/image\\\/\",\"url\":\"https:\\\/\\\/stgbc.bcweededible.net\\\/wp-content\\\/uploads\\\/2021\\\/12\\\/bc-weed-edible-canada.png\",\"contentUrl\":\"https:\\\/\\\/stgbc.bcweededible.net\\\/wp-content\\\/uploads\\\/2021\\\/12\\\/bc-weed-edible-canada.png\",\"width\":270,\"height\":185,\"caption\":\"BC Weed Edible\"},\"image\":{\"@id\":\"https:\\\/\\\/stgbc.bcweededible.net\\\/fr\\\/#\\\/schema\\\/logo\\\/image\\\/\"}}]}<\/script>\n","yoast_head_json":{"title":"Acheter le Vape Pen THC Diamond 2 Grammes Canada \u00e0 partir de 49 $ | BC Weed Edible","robots":{"index":"index","follow":"follow","max-snippet":"max-snippet:-1","max-image-preview":"max-image-preview:large","max-video-preview":"max-video-preview:-1"},"canonical":"https:\/\/stgbc.bcweededible.net\/fr\/buy\/concentres\/distillat\/diamant-thc-vape-2g\/","og_locale":"fr_FR","og_type":"article","og_title":"Acheter le Vape Pen THC Diamond 2 Grammes Canada \u00e0 partir de 49 $ | BC Weed Edible","og_description":"Voici les vape pens jetables Diamond! Ces petits stylos pratiques sont remplis de 2g de distillat aromatis\u00e9 et sont livr\u00e9s pr\u00e9charg\u00e9s avec un port de batterie USB rechargeable. Ils sont parfaits pour une utilisation en d\u00e9placement, et leur construction sans solvant signifie que vous pouvez profiter des terp\u00e8nes naturels et des saveurs de l'extrait. De plus, ils tirent tr\u00e8s bien, vous pouvez donc prendre de grandes et longues inspirations. Que vous passiez une soir\u00e9e en ville ou que vous vous d\u00e9tendiez au bord du lac pendant les vacances d'\u00e9t\u00e9, ces vape pens sont une excellente option pour vapoter. \u00c0 propos des Vape Pens Diamond Chaque vape pen contient 2 grammes (2000mg) d'huile distill\u00e9e de THC. 90-96% THC Base biologique Sans solvant Rechargeable Sans VG ni PG","og_url":"https:\/\/stgbc.bcweededible.net\/fr\/buy\/concentres\/distillat\/diamant-thc-vape-2g\/","og_site_name":"BC Weed Edible","article_modified_time":"2025-11-20T10:22:26+00:00","og_image":[{"width":1500,"height":1500,"url":"https:\/\/stgbc.bcweededible.net\/wp-content\/uploads\/2022\/06\/vaping-diamond-concentrates-2g-disposable-vape-pen-2.jpg","type":"image\/jpeg"}],"twitter_card":"summary_large_image","schema":{"@context":"https:\/\/schema.org","@graph":[{"@type":"WebPage","@id":"https:\/\/stgbc.bcweededible.net\/fr\/buy\/concentres\/distillat\/diamant-thc-vape-2g\/","url":"https:\/\/stgbc.bcweededible.net\/fr\/buy\/concentres\/distillat\/diamant-thc-vape-2g\/","name":"Acheter le Vape Pen THC Diamond 2 Grammes Canada \u00e0 partir de 49 $ | BC Weed Edible","isPartOf":{"@id":"https:\/\/stgbc.bcweededible.net\/fr\/#website"},"primaryImageOfPage":{"@id":"https:\/\/stgbc.bcweededible.net\/fr\/buy\/concentres\/distillat\/diamant-thc-vape-2g\/#primaryimage"},"image":{"@id":"https:\/\/stgbc.bcweededible.net\/fr\/buy\/concentres\/distillat\/diamant-thc-vape-2g\/#primaryimage"},"thumbnailUrl":"https:\/\/stgbc.bcweededible.net\/wp-content\/uploads\/2022\/06\/vaping-diamond-concentrates-2g-disposable-vape-pen-2.jpg","datePublished":"2023-04-19T01:32:22+00:00","dateModified":"2025-11-20T10:22:26+00:00","breadcrumb":{"@id":"https:\/\/stgbc.bcweededible.net\/fr\/buy\/concentres\/distillat\/diamant-thc-vape-2g\/#breadcrumb"},"inLanguage":"fr-FR","potentialAction":[{"@type":"ReadAction","target":["https:\/\/stgbc.bcweededible.net\/fr\/buy\/concentres\/distillat\/diamant-thc-vape-2g\/"]}]},{"@type":"ImageObject","inLanguage":"fr-FR","@id":"https:\/\/stgbc.bcweededible.net\/fr\/buy\/concentres\/distillat\/diamant-thc-vape-2g\/#primaryimage","url":"https:\/\/stgbc.bcweededible.net\/wp-content\/uploads\/2022\/06\/vaping-diamond-concentrates-2g-disposable-vape-pen-2.jpg","contentUrl":"https:\/\/stgbc.bcweededible.net\/wp-content\/uploads\/2022\/06\/vaping-diamond-concentrates-2g-disposable-vape-pen-2.jpg","width":1500,"height":1500,"caption":"diamond disposable vape 2grams"},{"@type":"BreadcrumbList","@id":"https:\/\/stgbc.bcweededible.net\/fr\/buy\/concentres\/distillat\/diamant-thc-vape-2g\/#breadcrumb","itemListElement":[{"@type":"ListItem","position":1,"name":"Jujubes au Pot Canada","item":"https:\/\/stgbc.bcweededible.net\/fr\/shop\/"},{"@type":"ListItem","position":2,"name":"Vape Pen THC Diamond 2 Grammes"}]},{"@type":"WebSite","@id":"https:\/\/stgbc.bcweededible.net\/fr\/#website","url":"https:\/\/stgbc.bcweededible.net\/fr\/","name":"BC Weed Edible","description":"","publisher":{"@id":"https:\/\/stgbc.bcweededible.net\/fr\/#organization"},"potentialAction":[{"@type":"SearchAction","target":{"@type":"EntryPoint","urlTemplate":"https:\/\/stgbc.bcweededible.net\/fr\/?s={search_term_string}"},"query-input":{"@type":"PropertyValueSpecification","valueRequired":true,"valueName":"search_term_string"}}],"inLanguage":"fr-FR"},{"@type":"Organization","@id":"https:\/\/stgbc.bcweededible.net\/fr\/#organization","name":"BC Weed Edible","url":"https:\/\/stgbc.bcweededible.net\/fr\/","logo":{"@type":"ImageObject","inLanguage":"fr-FR","@id":"https:\/\/stgbc.bcweededible.net\/fr\/#\/schema\/logo\/image\/","url":"https:\/\/stgbc.bcweededible.net\/wp-content\/uploads\/2021\/12\/bc-weed-edible-canada.png","contentUrl":"https:\/\/stgbc.bcweededible.net\/wp-content\/uploads\/2021\/12\/bc-weed-edible-canada.png","width":270,"height":185,"caption":"BC Weed Edible"},"image":{"@id":"https:\/\/stgbc.bcweededible.net\/fr\/#\/schema\/logo\/image\/"}}]}},"_links":{"self":[{"href":"https:\/\/stgbc.bcweededible.net\/fr\/wp-json\/wp\/v2\/product\/31825","targetHints":{"allow":["GET"]}}],"collection":[{"href":"https:\/\/stgbc.bcweededible.net\/fr\/wp-json\/wp\/v2\/product"}],"about":[{"href":"https:\/\/stgbc.bcweededible.net\/fr\/wp-json\/wp\/v2\/types\/product"}],"replies":[{"embeddable":true,"href":"https:\/\/stgbc.bcweededible.net\/fr\/wp-json\/wp\/v2\/comments?post=31825"}],"wp:featuredmedia":[{"embeddable":true,"href":"https:\/\/stgbc.bcweededible.net\/fr\/wp-json\/wp\/v2\/media\/32750"}],"wp:attachment":[{"href":"https:\/\/stgbc.bcweededible.net\/fr\/wp-json\/wp\/v2\/media?parent=31825"}],"wp:term":[{"taxonomy":"product_brand","embeddable":true,"href":"https:\/\/stgbc.bcweededible.net\/fr\/wp-json\/wp\/v2\/product_brand?post=31825"},{"taxonomy":"product_cat","embeddable":true,"href":"https:\/\/stgbc.bcweededible.net\/fr\/wp-json\/wp\/v2\/product_cat?post=31825"},{"taxonomy":"product_tag","embeddable":true,"href":"https:\/\/stgbc.bcweededible.net\/fr\/wp-json\/wp\/v2\/product_tag?post=31825"}],"curies":[{"name":"wp","href":"https:\/\/api.w.org\/{rel}","templated":true}]}}