{"id":31802,"date":"2023-01-02T15:18:24","date_gmt":"2023-01-02T23:18:24","guid":{"rendered":"https:\/\/bcweededible.net\/buy\/non%20class\u00e9\/aa-alaskan-thunder-fuck-59-oz\/"},"modified":"2026-03-29T06:19:48","modified_gmt":"2026-03-29T13:19:48","slug":"alaskan-thunder-fuck-59-oz","status":"publish","type":"product","link":"https:\/\/stgbc.bcweededible.net\/fr\/buy\/gros\/pot-gros\/alaskan-thunder-fuck-59-oz\/","title":{"rendered":"AA+ Alaskan Thunder Fuck (59 $\/oz)"},"content":{"rendered":"","protected":false},"excerpt":{"rendered":"<p><strong>Alaskan Thunder Fuck<\/strong> de Barney&#8217;s Farm, \u00e9galement connue sous le nom d&#8217;ATF ou Matanuska Tundra, est une<strong> vari\u00e9t\u00e9 sativa<\/strong> \u00e9pique<strong> connue pour son high puissant<\/strong> et sa concentration extr\u00eame en THC. L&#8217;effet relaxant et intens\u00e9ment euphorique de l&#8217;ATF s&#8217;accompagne de saveurs sucr\u00e9es, semblables \u00e0 celles du pin et avec des nuances de diesel.<\/p>\n<p><strong>Un prix incroyable pour une qualit\u00e9 AA+ !<\/strong><\/p>\n","protected":false},"featured_media":110800,"comment_status":"open","ping_status":"closed","template":"","meta":[],"product_brand":[],"product_cat":[290,245,293,294,470,289,292,452],"product_tag":[],"class_list":{"0":"post-31802","1":"product","2":"type-product","3":"status-publish","4":"has-post-thumbnail","6":"product_cat-aaa","7":"product_cat-fleurs-cannabis","8":"product_cat-hybrid-fr","9":"product_cat-indica-fr","10":"product_cat-livre-de-pot","11":"product_cat-99-oz-fr","12":"product_cat-ounces-pas-cher","13":"product_cat-pot-gros","15":"first","16":"instock","17":"shipping-taxable","18":"purchasable","19":"product-type-variable","20":"has-default-attributes"},"yoast_head":"\n<title>Acheter AA+ Alaskan Thunder Fuck (59 $\/oz) en Ligne Canada | BC Weed Edible<\/title>\n<meta name=\"robots\" content=\"index, follow, max-snippet:-1, max-image-preview:large, max-video-preview:-1\" \/>\n<link rel=\"canonical\" href=\"https:\/\/stgbc.bcweededible.net\/fr\/buy\/gros\/pot-gros\/alaskan-thunder-fuck-59-oz\/\" \/>\n<meta property=\"og:locale\" content=\"fr_FR\" \/>\n<meta property=\"og:type\" content=\"article\" \/>\n<meta property=\"og:title\" content=\"Acheter AA+ Alaskan Thunder Fuck (59 $\/oz) en Ligne Canada | BC Weed Edible\" \/>\n<meta property=\"og:description\" content=\"Alaskan Thunder Fuck de Barney&#039;s Farm, \u00e9galement connue sous le nom d&#039;ATF ou Matanuska Tundra, est une vari\u00e9t\u00e9 sativa \u00e9pique connue pour son high puissant et sa concentration extr\u00eame en THC. L&#039;effet relaxant et intens\u00e9ment euphorique de l&#039;ATF s&#039;accompagne de saveurs sucr\u00e9es, semblables \u00e0 celles du pin et avec des nuances de diesel. Un prix incroyable pour une qualit\u00e9 AA+ !\" \/>\n<meta property=\"og:url\" content=\"https:\/\/stgbc.bcweededible.net\/fr\/buy\/gros\/pot-gros\/alaskan-thunder-fuck-59-oz\/\" \/>\n<meta property=\"og:site_name\" content=\"BC Weed Edible\" \/>\n<meta property=\"article:modified_time\" content=\"2026-03-29T13:19:48+00:00\" \/>\n<meta property=\"og:image\" content=\"https:\/\/stgbc.bcweededible.net\/wp-content\/uploads\/2023\/01\/buy-weed-online-dispensary-ganja-west-williams-wonder-aa-nug-2.jpg.webp\" \/>\n\t<meta property=\"og:image:width\" content=\"1000\" \/>\n\t<meta property=\"og:image:height\" content=\"1000\" \/>\n\t<meta property=\"og:image:type\" content=\"image\/webp\" \/>\n<meta name=\"twitter:card\" content=\"summary_large_image\" \/>\n<script type=\"application\/ld+json\" class=\"yoast-schema-graph\">{\"@context\":\"https:\\\/\\\/schema.org\",\"@graph\":[{\"@type\":\"WebPage\",\"@id\":\"https:\\\/\\\/stgbc.bcweededible.net\\\/fr\\\/buy\\\/gros\\\/pot-gros\\\/alaskan-thunder-fuck-59-oz\\\/\",\"url\":\"https:\\\/\\\/stgbc.bcweededible.net\\\/fr\\\/buy\\\/gros\\\/pot-gros\\\/alaskan-thunder-fuck-59-oz\\\/\",\"name\":\"Acheter AA+ Alaskan Thunder Fuck (59 $\\\/oz) en Ligne Canada | BC Weed Edible\",\"isPartOf\":{\"@id\":\"https:\\\/\\\/stgbc.bcweededible.net\\\/fr\\\/#website\"},\"primaryImageOfPage\":{\"@id\":\"https:\\\/\\\/stgbc.bcweededible.net\\\/fr\\\/buy\\\/gros\\\/pot-gros\\\/alaskan-thunder-fuck-59-oz\\\/#primaryimage\"},\"image\":{\"@id\":\"https:\\\/\\\/stgbc.bcweededible.net\\\/fr\\\/buy\\\/gros\\\/pot-gros\\\/alaskan-thunder-fuck-59-oz\\\/#primaryimage\"},\"thumbnailUrl\":\"https:\\\/\\\/stgbc.bcweededible.net\\\/wp-content\\\/uploads\\\/2023\\\/01\\\/buy-weed-online-dispensary-ganja-west-williams-wonder-aa-nug-2.jpg.webp\",\"datePublished\":\"2023-01-02T23:18:24+00:00\",\"dateModified\":\"2026-03-29T13:19:48+00:00\",\"breadcrumb\":{\"@id\":\"https:\\\/\\\/stgbc.bcweededible.net\\\/fr\\\/buy\\\/gros\\\/pot-gros\\\/alaskan-thunder-fuck-59-oz\\\/#breadcrumb\"},\"inLanguage\":\"fr-FR\",\"potentialAction\":[{\"@type\":\"ReadAction\",\"target\":[\"https:\\\/\\\/stgbc.bcweededible.net\\\/fr\\\/buy\\\/gros\\\/pot-gros\\\/alaskan-thunder-fuck-59-oz\\\/\"]}]},{\"@type\":\"ImageObject\",\"inLanguage\":\"fr-FR\",\"@id\":\"https:\\\/\\\/stgbc.bcweededible.net\\\/fr\\\/buy\\\/gros\\\/pot-gros\\\/alaskan-thunder-fuck-59-oz\\\/#primaryimage\",\"url\":\"https:\\\/\\\/stgbc.bcweededible.net\\\/wp-content\\\/uploads\\\/2023\\\/01\\\/buy-weed-online-dispensary-ganja-west-williams-wonder-aa-nug-2.jpg.webp\",\"contentUrl\":\"https:\\\/\\\/stgbc.bcweededible.net\\\/wp-content\\\/uploads\\\/2023\\\/01\\\/buy-weed-online-dispensary-ganja-west-williams-wonder-aa-nug-2.jpg.webp\",\"width\":1000,\"height\":1000},{\"@type\":\"BreadcrumbList\",\"@id\":\"https:\\\/\\\/stgbc.bcweededible.net\\\/fr\\\/buy\\\/gros\\\/pot-gros\\\/alaskan-thunder-fuck-59-oz\\\/#breadcrumb\",\"itemListElement\":[{\"@type\":\"ListItem\",\"position\":1,\"name\":\"Jujubes au Pot Canada\",\"item\":\"https:\\\/\\\/stgbc.bcweededible.net\\\/fr\\\/shop\\\/\"},{\"@type\":\"ListItem\",\"position\":2,\"name\":\"AA+ Alaskan Thunder Fuck (59 $\\\/oz)\"}]},{\"@type\":\"WebSite\",\"@id\":\"https:\\\/\\\/stgbc.bcweededible.net\\\/fr\\\/#website\",\"url\":\"https:\\\/\\\/stgbc.bcweededible.net\\\/fr\\\/\",\"name\":\"BC Weed Edible\",\"description\":\"\",\"publisher\":{\"@id\":\"https:\\\/\\\/stgbc.bcweededible.net\\\/fr\\\/#organization\"},\"potentialAction\":[{\"@type\":\"SearchAction\",\"target\":{\"@type\":\"EntryPoint\",\"urlTemplate\":\"https:\\\/\\\/stgbc.bcweededible.net\\\/fr\\\/?s={search_term_string}\"},\"query-input\":{\"@type\":\"PropertyValueSpecification\",\"valueRequired\":true,\"valueName\":\"search_term_string\"}}],\"inLanguage\":\"fr-FR\"},{\"@type\":\"Organization\",\"@id\":\"https:\\\/\\\/stgbc.bcweededible.net\\\/fr\\\/#organization\",\"name\":\"BC Weed Edible\",\"url\":\"https:\\\/\\\/stgbc.bcweededible.net\\\/fr\\\/\",\"logo\":{\"@type\":\"ImageObject\",\"inLanguage\":\"fr-FR\",\"@id\":\"https:\\\/\\\/stgbc.bcweededible.net\\\/fr\\\/#\\\/schema\\\/logo\\\/image\\\/\",\"url\":\"https:\\\/\\\/stgbc.bcweededible.net\\\/wp-content\\\/uploads\\\/2021\\\/12\\\/bc-weed-edible-canada.png\",\"contentUrl\":\"https:\\\/\\\/stgbc.bcweededible.net\\\/wp-content\\\/uploads\\\/2021\\\/12\\\/bc-weed-edible-canada.png\",\"width\":270,\"height\":185,\"caption\":\"BC Weed Edible\"},\"image\":{\"@id\":\"https:\\\/\\\/stgbc.bcweededible.net\\\/fr\\\/#\\\/schema\\\/logo\\\/image\\\/\"}}]}<\/script>\n","yoast_head_json":{"title":"Acheter AA+ Alaskan Thunder Fuck (59 $\/oz) en Ligne Canada | BC Weed Edible","robots":{"index":"index","follow":"follow","max-snippet":"max-snippet:-1","max-image-preview":"max-image-preview:large","max-video-preview":"max-video-preview:-1"},"canonical":"https:\/\/stgbc.bcweededible.net\/fr\/buy\/gros\/pot-gros\/alaskan-thunder-fuck-59-oz\/","og_locale":"fr_FR","og_type":"article","og_title":"Acheter AA+ Alaskan Thunder Fuck (59 $\/oz) en Ligne Canada | BC Weed Edible","og_description":"Alaskan Thunder Fuck de Barney's Farm, \u00e9galement connue sous le nom d'ATF ou Matanuska Tundra, est une vari\u00e9t\u00e9 sativa \u00e9pique connue pour son high puissant et sa concentration extr\u00eame en THC. L'effet relaxant et intens\u00e9ment euphorique de l'ATF s'accompagne de saveurs sucr\u00e9es, semblables \u00e0 celles du pin et avec des nuances de diesel. Un prix incroyable pour une qualit\u00e9 AA+ !","og_url":"https:\/\/stgbc.bcweededible.net\/fr\/buy\/gros\/pot-gros\/alaskan-thunder-fuck-59-oz\/","og_site_name":"BC Weed Edible","article_modified_time":"2026-03-29T13:19:48+00:00","og_image":[{"width":1000,"height":1000,"url":"https:\/\/stgbc.bcweededible.net\/wp-content\/uploads\/2023\/01\/buy-weed-online-dispensary-ganja-west-williams-wonder-aa-nug-2.jpg.webp","type":"image\/webp"}],"twitter_card":"summary_large_image","schema":{"@context":"https:\/\/schema.org","@graph":[{"@type":"WebPage","@id":"https:\/\/stgbc.bcweededible.net\/fr\/buy\/gros\/pot-gros\/alaskan-thunder-fuck-59-oz\/","url":"https:\/\/stgbc.bcweededible.net\/fr\/buy\/gros\/pot-gros\/alaskan-thunder-fuck-59-oz\/","name":"Acheter AA+ Alaskan Thunder Fuck (59 $\/oz) en Ligne Canada | BC Weed Edible","isPartOf":{"@id":"https:\/\/stgbc.bcweededible.net\/fr\/#website"},"primaryImageOfPage":{"@id":"https:\/\/stgbc.bcweededible.net\/fr\/buy\/gros\/pot-gros\/alaskan-thunder-fuck-59-oz\/#primaryimage"},"image":{"@id":"https:\/\/stgbc.bcweededible.net\/fr\/buy\/gros\/pot-gros\/alaskan-thunder-fuck-59-oz\/#primaryimage"},"thumbnailUrl":"https:\/\/stgbc.bcweededible.net\/wp-content\/uploads\/2023\/01\/buy-weed-online-dispensary-ganja-west-williams-wonder-aa-nug-2.jpg.webp","datePublished":"2023-01-02T23:18:24+00:00","dateModified":"2026-03-29T13:19:48+00:00","breadcrumb":{"@id":"https:\/\/stgbc.bcweededible.net\/fr\/buy\/gros\/pot-gros\/alaskan-thunder-fuck-59-oz\/#breadcrumb"},"inLanguage":"fr-FR","potentialAction":[{"@type":"ReadAction","target":["https:\/\/stgbc.bcweededible.net\/fr\/buy\/gros\/pot-gros\/alaskan-thunder-fuck-59-oz\/"]}]},{"@type":"ImageObject","inLanguage":"fr-FR","@id":"https:\/\/stgbc.bcweededible.net\/fr\/buy\/gros\/pot-gros\/alaskan-thunder-fuck-59-oz\/#primaryimage","url":"https:\/\/stgbc.bcweededible.net\/wp-content\/uploads\/2023\/01\/buy-weed-online-dispensary-ganja-west-williams-wonder-aa-nug-2.jpg.webp","contentUrl":"https:\/\/stgbc.bcweededible.net\/wp-content\/uploads\/2023\/01\/buy-weed-online-dispensary-ganja-west-williams-wonder-aa-nug-2.jpg.webp","width":1000,"height":1000},{"@type":"BreadcrumbList","@id":"https:\/\/stgbc.bcweededible.net\/fr\/buy\/gros\/pot-gros\/alaskan-thunder-fuck-59-oz\/#breadcrumb","itemListElement":[{"@type":"ListItem","position":1,"name":"Jujubes au Pot Canada","item":"https:\/\/stgbc.bcweededible.net\/fr\/shop\/"},{"@type":"ListItem","position":2,"name":"AA+ Alaskan Thunder Fuck (59 $\/oz)"}]},{"@type":"WebSite","@id":"https:\/\/stgbc.bcweededible.net\/fr\/#website","url":"https:\/\/stgbc.bcweededible.net\/fr\/","name":"BC Weed Edible","description":"","publisher":{"@id":"https:\/\/stgbc.bcweededible.net\/fr\/#organization"},"potentialAction":[{"@type":"SearchAction","target":{"@type":"EntryPoint","urlTemplate":"https:\/\/stgbc.bcweededible.net\/fr\/?s={search_term_string}"},"query-input":{"@type":"PropertyValueSpecification","valueRequired":true,"valueName":"search_term_string"}}],"inLanguage":"fr-FR"},{"@type":"Organization","@id":"https:\/\/stgbc.bcweededible.net\/fr\/#organization","name":"BC Weed Edible","url":"https:\/\/stgbc.bcweededible.net\/fr\/","logo":{"@type":"ImageObject","inLanguage":"fr-FR","@id":"https:\/\/stgbc.bcweededible.net\/fr\/#\/schema\/logo\/image\/","url":"https:\/\/stgbc.bcweededible.net\/wp-content\/uploads\/2021\/12\/bc-weed-edible-canada.png","contentUrl":"https:\/\/stgbc.bcweededible.net\/wp-content\/uploads\/2021\/12\/bc-weed-edible-canada.png","width":270,"height":185,"caption":"BC Weed Edible"},"image":{"@id":"https:\/\/stgbc.bcweededible.net\/fr\/#\/schema\/logo\/image\/"}}]}},"_links":{"self":[{"href":"https:\/\/stgbc.bcweededible.net\/fr\/wp-json\/wp\/v2\/product\/31802","targetHints":{"allow":["GET"]}}],"collection":[{"href":"https:\/\/stgbc.bcweededible.net\/fr\/wp-json\/wp\/v2\/product"}],"about":[{"href":"https:\/\/stgbc.bcweededible.net\/fr\/wp-json\/wp\/v2\/types\/product"}],"replies":[{"embeddable":true,"href":"https:\/\/stgbc.bcweededible.net\/fr\/wp-json\/wp\/v2\/comments?post=31802"}],"wp:featuredmedia":[{"embeddable":true,"href":"https:\/\/stgbc.bcweededible.net\/fr\/wp-json\/wp\/v2\/media\/110800"}],"wp:attachment":[{"href":"https:\/\/stgbc.bcweededible.net\/fr\/wp-json\/wp\/v2\/media?parent=31802"}],"wp:term":[{"taxonomy":"product_brand","embeddable":true,"href":"https:\/\/stgbc.bcweededible.net\/fr\/wp-json\/wp\/v2\/product_brand?post=31802"},{"taxonomy":"product_cat","embeddable":true,"href":"https:\/\/stgbc.bcweededible.net\/fr\/wp-json\/wp\/v2\/product_cat?post=31802"},{"taxonomy":"product_tag","embeddable":true,"href":"https:\/\/stgbc.bcweededible.net\/fr\/wp-json\/wp\/v2\/product_tag?post=31802"}],"curies":[{"name":"wp","href":"https:\/\/api.w.org\/{rel}","templated":true}]}}