{"id":31784,"date":"2023-02-15T23:32:15","date_gmt":"2023-04-19T01:32:13","guid":{"rendered":"https:\/\/bcweededible.net\/buy\/non%20class\u00e9\/sauce-terp\/"},"modified":"2025-07-14T22:35:21","modified_gmt":"2025-07-15T05:35:21","slug":"sauce-terp","status":"publish","type":"product","link":"https:\/\/stgbc.bcweededible.net\/fr\/buy\/gros\/concentres-en-gros\/sauce-terp\/","title":{"rendered":"Sauce TERP"},"content":{"rendered":"<h2>Acheter la sauce TERP au Canada<\/h2>\n<p>Acheter de la sauce TERP au Canada est maintenant plus facile que jamais, avec de nombreux vendeurs en ligne tels que<strong> BC Weed Edible <\/strong>proposent ce <a href=\"https:\/\/stgbc.bcweededible.net\/fr\/acheter\/concentres\/\">concentr\u00e9 puissant<\/a>. Que vous cherchiez quelque chose \u00e0 ajouter \u00e0 vos comestibles ou que vous vouliez simplement explorer la science derri\u00e8re l&#8217;extraction du cannabis, acheter de la sauce TERP au Canada n&#8217;a jamais \u00e9t\u00e9 aussi facile !<\/p>\n<h2>Qu&#8217;est-ce que la sauce TERP ?<\/h2>\n<p>La sauce TERP, \u00e9galement connue sous le nom d&#8217;<strong> extrait enrichi en terp\u00e8nes<\/strong>, est un m\u00e9lange d&#8217;huiles concentr\u00e9es compos\u00e9 de terp\u00e8nes et de cannabino\u00efdes d\u00e9riv\u00e9s du cannabis. Il est cr\u00e9\u00e9 gr\u00e2ce \u00e0 un processus sp\u00e9cial qui extrait l&#8217;essence de la plante et la combine avec d&#8217;autres essences pour faire ressortir des<strong> saveurs et des ar\u00f4mes intenses <\/strong>.<\/p>\n<h2>Comment consommer la sauce TERP ?<\/h2>\n<p>La sauce TERP peut \u00eatre consomm\u00e9e de diff\u00e9rentes mani\u00e8res. Le mode de consommation le plus courant est le <strong>dabbing (Tamponnage)<\/strong>, qui consiste \u00e0 chauffer le concentr\u00e9 et \u00e0 inhaler les vapeurs produites. Une autre m\u00e9thode populaire est le <strong>vaping (Vapotage)<\/strong>, qui n\u00e9cessite l&#8217;utilisation d&#8217;un appareil sp\u00e9cialement con\u00e7u pour la consommation de concentr\u00e9s. Quelle que soit votre pr\u00e9f\u00e9rence, il y a certainement un mode de consommation qui vous convient !<\/p>\n","protected":false},"excerpt":{"rendered":"<p>\u00c0 la recherche d&#8217;un concentr\u00e9<strong> concentr\u00e9 <\/strong>qui vous fera planer \u00e0 coup s\u00fbr ? Ne cherchez pas plus loin que <strong>notre sauce TERP<\/strong>. Cet extrait puissant est l&#8217;un des plus populaires au Canada et est parfait pour ceux qui veulent une exp\u00e9rience pleine de terp\u00e8nes. La sauce est un concentr\u00e9 de cannabis connu pour son go\u00fbt intense. Id\u00e9al pour les adeptes du &#8221;dabbing&#8221; m\u00e9dical et r\u00e9cr\u00e9atif \u00e0 la recherche des meilleurs concentr\u00e9s au Canada.<\/p>\n<p>Nous avons une quantit\u00e9 limit\u00e9e, alors profitez-en tant qu&#8217;il en reste !<\/p>\n<h2>Informations sur la sauce TERP<\/h2>\n<ul>\n<li><strong>Consistance :<\/strong> Sauce<\/li>\n<li><strong>Ph\u00e9notype :<\/strong> Hybride, Indica, Sativa (selon la vari\u00e9t\u00e9)<\/li>\n<li><strong>Teneur en THC :<\/strong> entre 30% et 40%<\/li>\n<li><strong>Effets : <\/strong>C\u00e9r\u00e9bral, cr\u00e9atif, d\u00e9tendu, concentr\u00e9, heureux (selon la vari\u00e9t\u00e9)<\/li>\n<li><strong>Ar\u00f4mes : <\/strong>Agrumes, Fruit\u00e9, Pin, Sucr\u00e9 (selon la vari\u00e9t\u00e9)<\/li>\n<li><strong>Fabriqu\u00e9 en :<\/strong> La belle Colombie-Britannique<\/li>\n<\/ul>\n","protected":false},"featured_media":28229,"comment_status":"open","ping_status":"closed","template":"","meta":[],"product_brand":[],"product_cat":[305,535,558,628,389],"product_tag":[],"class_list":{"0":"post-31784","1":"product","2":"type-product","3":"status-publish","4":"has-post-thumbnail","6":"product_cat-concentres","7":"product_cat-concentres-en-gros","8":"product_cat-gros","9":"product_cat-hasch","10":"product_cat-shatter-fr","12":"first","13":"outofstock","14":"shipping-taxable","15":"purchasable","16":"product-type-variable","17":"has-default-attributes"},"yoast_head":"\n<title>Acheter Sauce TERP en ligne | Acheter la sauce HTFSE au Canada | BC Weed Edible.<\/title>\n<meta name=\"robots\" content=\"index, follow, max-snippet:-1, max-image-preview:large, max-video-preview:-1\" \/>\n<link rel=\"canonical\" href=\"https:\/\/stgbc.bcweededible.net\/fr\/buy\/gros\/concentres-en-gros\/sauce-terp\/\" \/>\n<meta property=\"og:locale\" content=\"fr_FR\" \/>\n<meta property=\"og:type\" content=\"article\" \/>\n<meta property=\"og:title\" content=\"Acheter Sauce TERP en ligne | Acheter la sauce HTFSE au Canada | BC Weed Edible.\" \/>\n<meta property=\"og:description\" content=\"\u00c0 la recherche d&#039;un concentr\u00e9 concentr\u00e9 qui vous fera planer \u00e0 coup s\u00fbr ? Ne cherchez pas plus loin que notre sauce TERP. Cet extrait puissant est l&#039;un des plus populaires au Canada et est parfait pour ceux qui veulent une exp\u00e9rience pleine de terp\u00e8nes. La sauce est un concentr\u00e9 de cannabis connu pour son go\u00fbt intense. Id\u00e9al pour les adeptes du &#039;&#039;dabbing&#039;&#039; m\u00e9dical et r\u00e9cr\u00e9atif \u00e0 la recherche des meilleurs concentr\u00e9s au Canada. Nous avons une quantit\u00e9 limit\u00e9e, alors profitez-en tant qu&#039;il en reste ! Informations sur la sauce TERP Consistance : Sauce Ph\u00e9notype : Hybride, Indica, Sativa (selon la vari\u00e9t\u00e9) Teneur en THC : entre 30% et 40% Effets : C\u00e9r\u00e9bral, cr\u00e9atif, d\u00e9tendu, concentr\u00e9, heureux (selon la vari\u00e9t\u00e9) Ar\u00f4mes : Agrumes, Fruit\u00e9, Pin, Sucr\u00e9 (selon la vari\u00e9t\u00e9) Fabriqu\u00e9 en : La belle Colombie-Britannique\" \/>\n<meta property=\"og:url\" content=\"https:\/\/stgbc.bcweededible.net\/fr\/buy\/gros\/concentres-en-gros\/sauce-terp\/\" \/>\n<meta property=\"og:site_name\" content=\"BC Weed Edible\" \/>\n<meta property=\"article:modified_time\" content=\"2025-07-15T05:35:21+00:00\" \/>\n<meta property=\"og:image\" content=\"https:\/\/stgbc.bcweededible.net\/wp-content\/uploads\/2023\/02\/terp-sauce-jar.jpg\" \/>\n\t<meta property=\"og:image:width\" content=\"900\" \/>\n\t<meta property=\"og:image:height\" content=\"900\" \/>\n\t<meta property=\"og:image:type\" content=\"image\/jpeg\" \/>\n<meta name=\"twitter:card\" content=\"summary_large_image\" \/>\n<meta name=\"twitter:label1\" content=\"Dur\u00e9e de lecture estim\u00e9e\" \/>\n\t<meta name=\"twitter:data1\" content=\"1 minute\" \/>\n<script type=\"application\/ld+json\" class=\"yoast-schema-graph\">{\"@context\":\"https:\\\/\\\/schema.org\",\"@graph\":[{\"@type\":\"WebPage\",\"@id\":\"https:\\\/\\\/stgbc.bcweededible.net\\\/fr\\\/buy\\\/gros\\\/concentres-en-gros\\\/sauce-terp\\\/\",\"url\":\"https:\\\/\\\/stgbc.bcweededible.net\\\/fr\\\/buy\\\/gros\\\/concentres-en-gros\\\/sauce-terp\\\/\",\"name\":\"Acheter Sauce TERP en ligne | Acheter la sauce HTFSE au Canada | BC Weed Edible.\",\"isPartOf\":{\"@id\":\"https:\\\/\\\/stgbc.bcweededible.net\\\/fr\\\/#website\"},\"primaryImageOfPage\":{\"@id\":\"https:\\\/\\\/stgbc.bcweededible.net\\\/fr\\\/buy\\\/gros\\\/concentres-en-gros\\\/sauce-terp\\\/#primaryimage\"},\"image\":{\"@id\":\"https:\\\/\\\/stgbc.bcweededible.net\\\/fr\\\/buy\\\/gros\\\/concentres-en-gros\\\/sauce-terp\\\/#primaryimage\"},\"thumbnailUrl\":\"https:\\\/\\\/stgbc.bcweededible.net\\\/wp-content\\\/uploads\\\/2023\\\/02\\\/terp-sauce-jar.jpg\",\"datePublished\":\"2023-04-19T01:32:13+00:00\",\"dateModified\":\"2025-07-15T05:35:21+00:00\",\"breadcrumb\":{\"@id\":\"https:\\\/\\\/stgbc.bcweededible.net\\\/fr\\\/buy\\\/gros\\\/concentres-en-gros\\\/sauce-terp\\\/#breadcrumb\"},\"inLanguage\":\"fr-FR\",\"potentialAction\":[{\"@type\":\"ReadAction\",\"target\":[\"https:\\\/\\\/stgbc.bcweededible.net\\\/fr\\\/buy\\\/gros\\\/concentres-en-gros\\\/sauce-terp\\\/\"]}]},{\"@type\":\"ImageObject\",\"inLanguage\":\"fr-FR\",\"@id\":\"https:\\\/\\\/stgbc.bcweededible.net\\\/fr\\\/buy\\\/gros\\\/concentres-en-gros\\\/sauce-terp\\\/#primaryimage\",\"url\":\"https:\\\/\\\/stgbc.bcweededible.net\\\/wp-content\\\/uploads\\\/2023\\\/02\\\/terp-sauce-jar.jpg\",\"contentUrl\":\"https:\\\/\\\/stgbc.bcweededible.net\\\/wp-content\\\/uploads\\\/2023\\\/02\\\/terp-sauce-jar.jpg\",\"width\":900,\"height\":900,\"caption\":\"buy terp sauce canada\"},{\"@type\":\"BreadcrumbList\",\"@id\":\"https:\\\/\\\/stgbc.bcweededible.net\\\/fr\\\/buy\\\/gros\\\/concentres-en-gros\\\/sauce-terp\\\/#breadcrumb\",\"itemListElement\":[{\"@type\":\"ListItem\",\"position\":1,\"name\":\"Jujubes au Pot Canada\",\"item\":\"https:\\\/\\\/stgbc.bcweededible.net\\\/fr\\\/shop\\\/\"},{\"@type\":\"ListItem\",\"position\":2,\"name\":\"Sauce TERP\"}]},{\"@type\":\"WebSite\",\"@id\":\"https:\\\/\\\/stgbc.bcweededible.net\\\/fr\\\/#website\",\"url\":\"https:\\\/\\\/stgbc.bcweededible.net\\\/fr\\\/\",\"name\":\"BC Weed Edible\",\"description\":\"\",\"publisher\":{\"@id\":\"https:\\\/\\\/stgbc.bcweededible.net\\\/fr\\\/#organization\"},\"potentialAction\":[{\"@type\":\"SearchAction\",\"target\":{\"@type\":\"EntryPoint\",\"urlTemplate\":\"https:\\\/\\\/stgbc.bcweededible.net\\\/fr\\\/?s={search_term_string}\"},\"query-input\":{\"@type\":\"PropertyValueSpecification\",\"valueRequired\":true,\"valueName\":\"search_term_string\"}}],\"inLanguage\":\"fr-FR\"},{\"@type\":\"Organization\",\"@id\":\"https:\\\/\\\/stgbc.bcweededible.net\\\/fr\\\/#organization\",\"name\":\"BC Weed Edible\",\"url\":\"https:\\\/\\\/stgbc.bcweededible.net\\\/fr\\\/\",\"logo\":{\"@type\":\"ImageObject\",\"inLanguage\":\"fr-FR\",\"@id\":\"https:\\\/\\\/stgbc.bcweededible.net\\\/fr\\\/#\\\/schema\\\/logo\\\/image\\\/\",\"url\":\"https:\\\/\\\/stgbc.bcweededible.net\\\/wp-content\\\/uploads\\\/2021\\\/12\\\/bc-weed-edible-canada.png\",\"contentUrl\":\"https:\\\/\\\/stgbc.bcweededible.net\\\/wp-content\\\/uploads\\\/2021\\\/12\\\/bc-weed-edible-canada.png\",\"width\":270,\"height\":185,\"caption\":\"BC Weed Edible\"},\"image\":{\"@id\":\"https:\\\/\\\/stgbc.bcweededible.net\\\/fr\\\/#\\\/schema\\\/logo\\\/image\\\/\"}}]}<\/script>\n","yoast_head_json":{"title":"Acheter Sauce TERP en ligne | Acheter la sauce HTFSE au Canada | BC Weed Edible.","robots":{"index":"index","follow":"follow","max-snippet":"max-snippet:-1","max-image-preview":"max-image-preview:large","max-video-preview":"max-video-preview:-1"},"canonical":"https:\/\/stgbc.bcweededible.net\/fr\/buy\/gros\/concentres-en-gros\/sauce-terp\/","og_locale":"fr_FR","og_type":"article","og_title":"Acheter Sauce TERP en ligne | Acheter la sauce HTFSE au Canada | BC Weed Edible.","og_description":"\u00c0 la recherche d'un concentr\u00e9 concentr\u00e9 qui vous fera planer \u00e0 coup s\u00fbr ? Ne cherchez pas plus loin que notre sauce TERP. Cet extrait puissant est l'un des plus populaires au Canada et est parfait pour ceux qui veulent une exp\u00e9rience pleine de terp\u00e8nes. La sauce est un concentr\u00e9 de cannabis connu pour son go\u00fbt intense. Id\u00e9al pour les adeptes du ''dabbing'' m\u00e9dical et r\u00e9cr\u00e9atif \u00e0 la recherche des meilleurs concentr\u00e9s au Canada. Nous avons une quantit\u00e9 limit\u00e9e, alors profitez-en tant qu'il en reste ! Informations sur la sauce TERP Consistance : Sauce Ph\u00e9notype : Hybride, Indica, Sativa (selon la vari\u00e9t\u00e9) Teneur en THC : entre 30% et 40% Effets : C\u00e9r\u00e9bral, cr\u00e9atif, d\u00e9tendu, concentr\u00e9, heureux (selon la vari\u00e9t\u00e9) Ar\u00f4mes : Agrumes, Fruit\u00e9, Pin, Sucr\u00e9 (selon la vari\u00e9t\u00e9) Fabriqu\u00e9 en : La belle Colombie-Britannique","og_url":"https:\/\/stgbc.bcweededible.net\/fr\/buy\/gros\/concentres-en-gros\/sauce-terp\/","og_site_name":"BC Weed Edible","article_modified_time":"2025-07-15T05:35:21+00:00","og_image":[{"width":900,"height":900,"url":"https:\/\/stgbc.bcweededible.net\/wp-content\/uploads\/2023\/02\/terp-sauce-jar.jpg","type":"image\/jpeg"}],"twitter_card":"summary_large_image","twitter_misc":{"Dur\u00e9e de lecture estim\u00e9e":"1 minute"},"schema":{"@context":"https:\/\/schema.org","@graph":[{"@type":"WebPage","@id":"https:\/\/stgbc.bcweededible.net\/fr\/buy\/gros\/concentres-en-gros\/sauce-terp\/","url":"https:\/\/stgbc.bcweededible.net\/fr\/buy\/gros\/concentres-en-gros\/sauce-terp\/","name":"Acheter Sauce TERP en ligne | Acheter la sauce HTFSE au Canada | BC Weed Edible.","isPartOf":{"@id":"https:\/\/stgbc.bcweededible.net\/fr\/#website"},"primaryImageOfPage":{"@id":"https:\/\/stgbc.bcweededible.net\/fr\/buy\/gros\/concentres-en-gros\/sauce-terp\/#primaryimage"},"image":{"@id":"https:\/\/stgbc.bcweededible.net\/fr\/buy\/gros\/concentres-en-gros\/sauce-terp\/#primaryimage"},"thumbnailUrl":"https:\/\/stgbc.bcweededible.net\/wp-content\/uploads\/2023\/02\/terp-sauce-jar.jpg","datePublished":"2023-04-19T01:32:13+00:00","dateModified":"2025-07-15T05:35:21+00:00","breadcrumb":{"@id":"https:\/\/stgbc.bcweededible.net\/fr\/buy\/gros\/concentres-en-gros\/sauce-terp\/#breadcrumb"},"inLanguage":"fr-FR","potentialAction":[{"@type":"ReadAction","target":["https:\/\/stgbc.bcweededible.net\/fr\/buy\/gros\/concentres-en-gros\/sauce-terp\/"]}]},{"@type":"ImageObject","inLanguage":"fr-FR","@id":"https:\/\/stgbc.bcweededible.net\/fr\/buy\/gros\/concentres-en-gros\/sauce-terp\/#primaryimage","url":"https:\/\/stgbc.bcweededible.net\/wp-content\/uploads\/2023\/02\/terp-sauce-jar.jpg","contentUrl":"https:\/\/stgbc.bcweededible.net\/wp-content\/uploads\/2023\/02\/terp-sauce-jar.jpg","width":900,"height":900,"caption":"buy terp sauce canada"},{"@type":"BreadcrumbList","@id":"https:\/\/stgbc.bcweededible.net\/fr\/buy\/gros\/concentres-en-gros\/sauce-terp\/#breadcrumb","itemListElement":[{"@type":"ListItem","position":1,"name":"Jujubes au Pot Canada","item":"https:\/\/stgbc.bcweededible.net\/fr\/shop\/"},{"@type":"ListItem","position":2,"name":"Sauce TERP"}]},{"@type":"WebSite","@id":"https:\/\/stgbc.bcweededible.net\/fr\/#website","url":"https:\/\/stgbc.bcweededible.net\/fr\/","name":"BC Weed Edible","description":"","publisher":{"@id":"https:\/\/stgbc.bcweededible.net\/fr\/#organization"},"potentialAction":[{"@type":"SearchAction","target":{"@type":"EntryPoint","urlTemplate":"https:\/\/stgbc.bcweededible.net\/fr\/?s={search_term_string}"},"query-input":{"@type":"PropertyValueSpecification","valueRequired":true,"valueName":"search_term_string"}}],"inLanguage":"fr-FR"},{"@type":"Organization","@id":"https:\/\/stgbc.bcweededible.net\/fr\/#organization","name":"BC Weed Edible","url":"https:\/\/stgbc.bcweededible.net\/fr\/","logo":{"@type":"ImageObject","inLanguage":"fr-FR","@id":"https:\/\/stgbc.bcweededible.net\/fr\/#\/schema\/logo\/image\/","url":"https:\/\/stgbc.bcweededible.net\/wp-content\/uploads\/2021\/12\/bc-weed-edible-canada.png","contentUrl":"https:\/\/stgbc.bcweededible.net\/wp-content\/uploads\/2021\/12\/bc-weed-edible-canada.png","width":270,"height":185,"caption":"BC Weed Edible"},"image":{"@id":"https:\/\/stgbc.bcweededible.net\/fr\/#\/schema\/logo\/image\/"}}]}},"_links":{"self":[{"href":"https:\/\/stgbc.bcweededible.net\/fr\/wp-json\/wp\/v2\/product\/31784","targetHints":{"allow":["GET"]}}],"collection":[{"href":"https:\/\/stgbc.bcweededible.net\/fr\/wp-json\/wp\/v2\/product"}],"about":[{"href":"https:\/\/stgbc.bcweededible.net\/fr\/wp-json\/wp\/v2\/types\/product"}],"replies":[{"embeddable":true,"href":"https:\/\/stgbc.bcweededible.net\/fr\/wp-json\/wp\/v2\/comments?post=31784"}],"wp:featuredmedia":[{"embeddable":true,"href":"https:\/\/stgbc.bcweededible.net\/fr\/wp-json\/wp\/v2\/media\/28229"}],"wp:attachment":[{"href":"https:\/\/stgbc.bcweededible.net\/fr\/wp-json\/wp\/v2\/media?parent=31784"}],"wp:term":[{"taxonomy":"product_brand","embeddable":true,"href":"https:\/\/stgbc.bcweededible.net\/fr\/wp-json\/wp\/v2\/product_brand?post=31784"},{"taxonomy":"product_cat","embeddable":true,"href":"https:\/\/stgbc.bcweededible.net\/fr\/wp-json\/wp\/v2\/product_cat?post=31784"},{"taxonomy":"product_tag","embeddable":true,"href":"https:\/\/stgbc.bcweededible.net\/fr\/wp-json\/wp\/v2\/product_tag?post=31784"}],"curies":[{"name":"wp","href":"https:\/\/api.w.org\/{rel}","templated":true}]}}