{"id":31769,"date":"2023-04-18T07:48:47","date_gmt":"2023-04-19T00:00:42","guid":{"rendered":"https:\/\/bcweededible.net\/buy\/non%20class\u00e9\/99-oz-aaa-toux-a-la-fraise\/"},"modified":"2025-04-23T10:04:14","modified_gmt":"2025-04-23T17:04:14","slug":"99-oz-strawberry-cough","status":"publish","type":"product","link":"https:\/\/stgbc.bcweededible.net\/fr\/buy\/fleurs-cannabis\/99-oz-fr\/99-oz-strawberry-cough\/","title":{"rendered":"99 $\/Oz AAA+ Strawberry Cough"},"content":{"rendered":"","protected":false},"excerpt":{"rendered":"<div class=\"break-words markdown-formatted-text\">\n<p class=\"my-0.5\">D\u00e9couvrez la remarquable <strong>Strawberry Cough, une vari\u00e9t\u00e9 hybride \u00e0 dominance sativa (80% sativa\/20% indica<\/strong> ) savamment obtenue en m\u00e9langeant les vari\u00e9t\u00e9s classiques Haze et Strawberry Fields. V\u00e9n\u00e9r\u00e9e dans le monde entier pour son go\u00fbt d\u00e9licieux et ses puissants effets c\u00e9r\u00e9braux, Strawberry Cough est un <strong>incontournable pour les amateurs de sativa<\/strong>. Cette vari\u00e9t\u00e9 \u00e9veille vos sens gr\u00e2ce \u00e0 ses propri\u00e9t\u00e9s \u00e9nergisantes et stimulantes, d\u00e9voilant une source de cr\u00e9ativit\u00e9 et de sociabilit\u00e9, parfaite pour accomplir des t\u00e2ches. De plus, son &#8221;high&#8221; corporel l\u00e9ger procure une<strong> relaxation musculaire<\/strong> sans \u00eatre trop intense. Avec un<strong> taux moyen de THC<\/strong> impressionnant de<strong> 22-26%<\/strong>, Strawberry Cough est une vari\u00e9t\u00e9 exceptionnelle qui procure une sensation d&#8217;euphorie et une saveur exceptionnelle.<\/p>\n<\/div>\n<p>Fleurs denses de taille moyenne, de qualit\u00e9 AAA+, avec de beaux pistils orange et une couleur vert fonc\u00e9. <strong>Seulement 99$ l&#8217;once<\/strong>! Profitez-en!<\/p>\n","protected":false},"featured_media":31675,"comment_status":"open","ping_status":"closed","template":"","meta":[],"product_brand":[],"product_cat":[290,245,293,289,292,295],"product_tag":[],"class_list":{"0":"post-31769","1":"product","2":"type-product","3":"status-publish","4":"has-post-thumbnail","6":"product_cat-aaa","7":"product_cat-fleurs-cannabis","8":"product_cat-hybrid-fr","9":"product_cat-99-oz-fr","10":"product_cat-ounces-pas-cher","11":"product_cat-sativa-fr","13":"first","14":"outofstock","15":"sale","16":"shipping-taxable","17":"purchasable","18":"product-type-variable","19":"has-default-attributes"},"yoast_head":"\n<title>Acheter 99 $\/Oz AAA+ Strawberry Cough en Ligne Canada | BC Weed Edible<\/title>\n<meta name=\"robots\" content=\"index, follow, max-snippet:-1, max-image-preview:large, max-video-preview:-1\" \/>\n<link rel=\"canonical\" href=\"https:\/\/stgbc.bcweededible.net\/fr\/buy\/fleurs-cannabis\/99-oz-fr\/99-oz-strawberry-cough\/\" \/>\n<meta property=\"og:locale\" content=\"fr_FR\" \/>\n<meta property=\"og:type\" content=\"article\" \/>\n<meta property=\"og:title\" content=\"Acheter 99 $\/Oz AAA+ Strawberry Cough en Ligne Canada | BC Weed Edible\" \/>\n<meta property=\"og:description\" content=\"D\u00e9couvrez la remarquable Strawberry Cough, une vari\u00e9t\u00e9 hybride \u00e0 dominance sativa (80% sativa\/20% indica ) savamment obtenue en m\u00e9langeant les vari\u00e9t\u00e9s classiques Haze et Strawberry Fields. V\u00e9n\u00e9r\u00e9e dans le monde entier pour son go\u00fbt d\u00e9licieux et ses puissants effets c\u00e9r\u00e9braux, Strawberry Cough est un incontournable pour les amateurs de sativa. Cette vari\u00e9t\u00e9 \u00e9veille vos sens gr\u00e2ce \u00e0 ses propri\u00e9t\u00e9s \u00e9nergisantes et stimulantes, d\u00e9voilant une source de cr\u00e9ativit\u00e9 et de sociabilit\u00e9, parfaite pour accomplir des t\u00e2ches. De plus, son &#039;&#039;high&#039;&#039; corporel l\u00e9ger procure une relaxation musculaire sans \u00eatre trop intense. Avec un taux moyen de THC impressionnant de 22-26%, Strawberry Cough est une vari\u00e9t\u00e9 exceptionnelle qui procure une sensation d&#039;euphorie et une saveur exceptionnelle. Fleurs denses de taille moyenne, de qualit\u00e9 AAA+, avec de beaux pistils orange et une couleur vert fonc\u00e9. Seulement 99$ l&#039;once! Profitez-en!\" \/>\n<meta property=\"og:url\" content=\"https:\/\/stgbc.bcweededible.net\/fr\/buy\/fleurs-cannabis\/99-oz-fr\/99-oz-strawberry-cough\/\" \/>\n<meta property=\"og:site_name\" content=\"BC Weed Edible\" \/>\n<meta property=\"article:modified_time\" content=\"2025-04-23T17:04:14+00:00\" \/>\n<meta property=\"og:image\" content=\"https:\/\/stgbc.bcweededible.net\/wp-content\/uploads\/2023\/04\/Strawberry-Cough-Single.jpg\" \/>\n\t<meta property=\"og:image:width\" content=\"900\" \/>\n\t<meta property=\"og:image:height\" content=\"900\" \/>\n\t<meta property=\"og:image:type\" content=\"image\/jpeg\" \/>\n<meta name=\"twitter:card\" content=\"summary_large_image\" \/>\n<script type=\"application\/ld+json\" class=\"yoast-schema-graph\">{\"@context\":\"https:\\\/\\\/schema.org\",\"@graph\":[{\"@type\":\"WebPage\",\"@id\":\"https:\\\/\\\/stgbc.bcweededible.net\\\/fr\\\/buy\\\/fleurs-cannabis\\\/99-oz-fr\\\/99-oz-strawberry-cough\\\/\",\"url\":\"https:\\\/\\\/stgbc.bcweededible.net\\\/fr\\\/buy\\\/fleurs-cannabis\\\/99-oz-fr\\\/99-oz-strawberry-cough\\\/\",\"name\":\"Acheter 99 $\\\/Oz AAA+ Strawberry Cough en Ligne Canada | BC Weed Edible\",\"isPartOf\":{\"@id\":\"https:\\\/\\\/stgbc.bcweededible.net\\\/fr\\\/#website\"},\"primaryImageOfPage\":{\"@id\":\"https:\\\/\\\/stgbc.bcweededible.net\\\/fr\\\/buy\\\/fleurs-cannabis\\\/99-oz-fr\\\/99-oz-strawberry-cough\\\/#primaryimage\"},\"image\":{\"@id\":\"https:\\\/\\\/stgbc.bcweededible.net\\\/fr\\\/buy\\\/fleurs-cannabis\\\/99-oz-fr\\\/99-oz-strawberry-cough\\\/#primaryimage\"},\"thumbnailUrl\":\"https:\\\/\\\/stgbc.bcweededible.net\\\/wp-content\\\/uploads\\\/2023\\\/04\\\/Strawberry-Cough-Single.jpg\",\"datePublished\":\"2023-04-19T00:00:42+00:00\",\"dateModified\":\"2025-04-23T17:04:14+00:00\",\"breadcrumb\":{\"@id\":\"https:\\\/\\\/stgbc.bcweededible.net\\\/fr\\\/buy\\\/fleurs-cannabis\\\/99-oz-fr\\\/99-oz-strawberry-cough\\\/#breadcrumb\"},\"inLanguage\":\"fr-FR\",\"potentialAction\":[{\"@type\":\"ReadAction\",\"target\":[\"https:\\\/\\\/stgbc.bcweededible.net\\\/fr\\\/buy\\\/fleurs-cannabis\\\/99-oz-fr\\\/99-oz-strawberry-cough\\\/\"]}]},{\"@type\":\"ImageObject\",\"inLanguage\":\"fr-FR\",\"@id\":\"https:\\\/\\\/stgbc.bcweededible.net\\\/fr\\\/buy\\\/fleurs-cannabis\\\/99-oz-fr\\\/99-oz-strawberry-cough\\\/#primaryimage\",\"url\":\"https:\\\/\\\/stgbc.bcweededible.net\\\/wp-content\\\/uploads\\\/2023\\\/04\\\/Strawberry-Cough-Single.jpg\",\"contentUrl\":\"https:\\\/\\\/stgbc.bcweededible.net\\\/wp-content\\\/uploads\\\/2023\\\/04\\\/Strawberry-Cough-Single.jpg\",\"width\":900,\"height\":900,\"caption\":\"strawberry cough weed\"},{\"@type\":\"BreadcrumbList\",\"@id\":\"https:\\\/\\\/stgbc.bcweededible.net\\\/fr\\\/buy\\\/fleurs-cannabis\\\/99-oz-fr\\\/99-oz-strawberry-cough\\\/#breadcrumb\",\"itemListElement\":[{\"@type\":\"ListItem\",\"position\":1,\"name\":\"Jujubes au Pot Canada\",\"item\":\"https:\\\/\\\/stgbc.bcweededible.net\\\/fr\\\/shop\\\/\"},{\"@type\":\"ListItem\",\"position\":2,\"name\":\"99 $\\\/Oz AAA+ Strawberry Cough\"}]},{\"@type\":\"WebSite\",\"@id\":\"https:\\\/\\\/stgbc.bcweededible.net\\\/fr\\\/#website\",\"url\":\"https:\\\/\\\/stgbc.bcweededible.net\\\/fr\\\/\",\"name\":\"BC Weed Edible\",\"description\":\"\",\"publisher\":{\"@id\":\"https:\\\/\\\/stgbc.bcweededible.net\\\/fr\\\/#organization\"},\"potentialAction\":[{\"@type\":\"SearchAction\",\"target\":{\"@type\":\"EntryPoint\",\"urlTemplate\":\"https:\\\/\\\/stgbc.bcweededible.net\\\/fr\\\/?s={search_term_string}\"},\"query-input\":{\"@type\":\"PropertyValueSpecification\",\"valueRequired\":true,\"valueName\":\"search_term_string\"}}],\"inLanguage\":\"fr-FR\"},{\"@type\":\"Organization\",\"@id\":\"https:\\\/\\\/stgbc.bcweededible.net\\\/fr\\\/#organization\",\"name\":\"BC Weed Edible\",\"url\":\"https:\\\/\\\/stgbc.bcweededible.net\\\/fr\\\/\",\"logo\":{\"@type\":\"ImageObject\",\"inLanguage\":\"fr-FR\",\"@id\":\"https:\\\/\\\/stgbc.bcweededible.net\\\/fr\\\/#\\\/schema\\\/logo\\\/image\\\/\",\"url\":\"https:\\\/\\\/stgbc.bcweededible.net\\\/wp-content\\\/uploads\\\/2021\\\/12\\\/bc-weed-edible-canada.png\",\"contentUrl\":\"https:\\\/\\\/stgbc.bcweededible.net\\\/wp-content\\\/uploads\\\/2021\\\/12\\\/bc-weed-edible-canada.png\",\"width\":270,\"height\":185,\"caption\":\"BC Weed Edible\"},\"image\":{\"@id\":\"https:\\\/\\\/stgbc.bcweededible.net\\\/fr\\\/#\\\/schema\\\/logo\\\/image\\\/\"}}]}<\/script>\n","yoast_head_json":{"title":"Acheter 99 $\/Oz AAA+ Strawberry Cough en Ligne Canada | BC Weed Edible","robots":{"index":"index","follow":"follow","max-snippet":"max-snippet:-1","max-image-preview":"max-image-preview:large","max-video-preview":"max-video-preview:-1"},"canonical":"https:\/\/stgbc.bcweededible.net\/fr\/buy\/fleurs-cannabis\/99-oz-fr\/99-oz-strawberry-cough\/","og_locale":"fr_FR","og_type":"article","og_title":"Acheter 99 $\/Oz AAA+ Strawberry Cough en Ligne Canada | BC Weed Edible","og_description":"D\u00e9couvrez la remarquable Strawberry Cough, une vari\u00e9t\u00e9 hybride \u00e0 dominance sativa (80% sativa\/20% indica ) savamment obtenue en m\u00e9langeant les vari\u00e9t\u00e9s classiques Haze et Strawberry Fields. V\u00e9n\u00e9r\u00e9e dans le monde entier pour son go\u00fbt d\u00e9licieux et ses puissants effets c\u00e9r\u00e9braux, Strawberry Cough est un incontournable pour les amateurs de sativa. Cette vari\u00e9t\u00e9 \u00e9veille vos sens gr\u00e2ce \u00e0 ses propri\u00e9t\u00e9s \u00e9nergisantes et stimulantes, d\u00e9voilant une source de cr\u00e9ativit\u00e9 et de sociabilit\u00e9, parfaite pour accomplir des t\u00e2ches. De plus, son ''high'' corporel l\u00e9ger procure une relaxation musculaire sans \u00eatre trop intense. Avec un taux moyen de THC impressionnant de 22-26%, Strawberry Cough est une vari\u00e9t\u00e9 exceptionnelle qui procure une sensation d'euphorie et une saveur exceptionnelle. Fleurs denses de taille moyenne, de qualit\u00e9 AAA+, avec de beaux pistils orange et une couleur vert fonc\u00e9. Seulement 99$ l'once! Profitez-en!","og_url":"https:\/\/stgbc.bcweededible.net\/fr\/buy\/fleurs-cannabis\/99-oz-fr\/99-oz-strawberry-cough\/","og_site_name":"BC Weed Edible","article_modified_time":"2025-04-23T17:04:14+00:00","og_image":[{"width":900,"height":900,"url":"https:\/\/stgbc.bcweededible.net\/wp-content\/uploads\/2023\/04\/Strawberry-Cough-Single.jpg","type":"image\/jpeg"}],"twitter_card":"summary_large_image","schema":{"@context":"https:\/\/schema.org","@graph":[{"@type":"WebPage","@id":"https:\/\/stgbc.bcweededible.net\/fr\/buy\/fleurs-cannabis\/99-oz-fr\/99-oz-strawberry-cough\/","url":"https:\/\/stgbc.bcweededible.net\/fr\/buy\/fleurs-cannabis\/99-oz-fr\/99-oz-strawberry-cough\/","name":"Acheter 99 $\/Oz AAA+ Strawberry Cough en Ligne Canada | BC Weed Edible","isPartOf":{"@id":"https:\/\/stgbc.bcweededible.net\/fr\/#website"},"primaryImageOfPage":{"@id":"https:\/\/stgbc.bcweededible.net\/fr\/buy\/fleurs-cannabis\/99-oz-fr\/99-oz-strawberry-cough\/#primaryimage"},"image":{"@id":"https:\/\/stgbc.bcweededible.net\/fr\/buy\/fleurs-cannabis\/99-oz-fr\/99-oz-strawberry-cough\/#primaryimage"},"thumbnailUrl":"https:\/\/stgbc.bcweededible.net\/wp-content\/uploads\/2023\/04\/Strawberry-Cough-Single.jpg","datePublished":"2023-04-19T00:00:42+00:00","dateModified":"2025-04-23T17:04:14+00:00","breadcrumb":{"@id":"https:\/\/stgbc.bcweededible.net\/fr\/buy\/fleurs-cannabis\/99-oz-fr\/99-oz-strawberry-cough\/#breadcrumb"},"inLanguage":"fr-FR","potentialAction":[{"@type":"ReadAction","target":["https:\/\/stgbc.bcweededible.net\/fr\/buy\/fleurs-cannabis\/99-oz-fr\/99-oz-strawberry-cough\/"]}]},{"@type":"ImageObject","inLanguage":"fr-FR","@id":"https:\/\/stgbc.bcweededible.net\/fr\/buy\/fleurs-cannabis\/99-oz-fr\/99-oz-strawberry-cough\/#primaryimage","url":"https:\/\/stgbc.bcweededible.net\/wp-content\/uploads\/2023\/04\/Strawberry-Cough-Single.jpg","contentUrl":"https:\/\/stgbc.bcweededible.net\/wp-content\/uploads\/2023\/04\/Strawberry-Cough-Single.jpg","width":900,"height":900,"caption":"strawberry cough weed"},{"@type":"BreadcrumbList","@id":"https:\/\/stgbc.bcweededible.net\/fr\/buy\/fleurs-cannabis\/99-oz-fr\/99-oz-strawberry-cough\/#breadcrumb","itemListElement":[{"@type":"ListItem","position":1,"name":"Jujubes au Pot Canada","item":"https:\/\/stgbc.bcweededible.net\/fr\/shop\/"},{"@type":"ListItem","position":2,"name":"99 $\/Oz AAA+ Strawberry Cough"}]},{"@type":"WebSite","@id":"https:\/\/stgbc.bcweededible.net\/fr\/#website","url":"https:\/\/stgbc.bcweededible.net\/fr\/","name":"BC Weed Edible","description":"","publisher":{"@id":"https:\/\/stgbc.bcweededible.net\/fr\/#organization"},"potentialAction":[{"@type":"SearchAction","target":{"@type":"EntryPoint","urlTemplate":"https:\/\/stgbc.bcweededible.net\/fr\/?s={search_term_string}"},"query-input":{"@type":"PropertyValueSpecification","valueRequired":true,"valueName":"search_term_string"}}],"inLanguage":"fr-FR"},{"@type":"Organization","@id":"https:\/\/stgbc.bcweededible.net\/fr\/#organization","name":"BC Weed Edible","url":"https:\/\/stgbc.bcweededible.net\/fr\/","logo":{"@type":"ImageObject","inLanguage":"fr-FR","@id":"https:\/\/stgbc.bcweededible.net\/fr\/#\/schema\/logo\/image\/","url":"https:\/\/stgbc.bcweededible.net\/wp-content\/uploads\/2021\/12\/bc-weed-edible-canada.png","contentUrl":"https:\/\/stgbc.bcweededible.net\/wp-content\/uploads\/2021\/12\/bc-weed-edible-canada.png","width":270,"height":185,"caption":"BC Weed Edible"},"image":{"@id":"https:\/\/stgbc.bcweededible.net\/fr\/#\/schema\/logo\/image\/"}}]}},"_links":{"self":[{"href":"https:\/\/stgbc.bcweededible.net\/fr\/wp-json\/wp\/v2\/product\/31769","targetHints":{"allow":["GET"]}}],"collection":[{"href":"https:\/\/stgbc.bcweededible.net\/fr\/wp-json\/wp\/v2\/product"}],"about":[{"href":"https:\/\/stgbc.bcweededible.net\/fr\/wp-json\/wp\/v2\/types\/product"}],"replies":[{"embeddable":true,"href":"https:\/\/stgbc.bcweededible.net\/fr\/wp-json\/wp\/v2\/comments?post=31769"}],"wp:featuredmedia":[{"embeddable":true,"href":"https:\/\/stgbc.bcweededible.net\/fr\/wp-json\/wp\/v2\/media\/31675"}],"wp:attachment":[{"href":"https:\/\/stgbc.bcweededible.net\/fr\/wp-json\/wp\/v2\/media?parent=31769"}],"wp:term":[{"taxonomy":"product_brand","embeddable":true,"href":"https:\/\/stgbc.bcweededible.net\/fr\/wp-json\/wp\/v2\/product_brand?post=31769"},{"taxonomy":"product_cat","embeddable":true,"href":"https:\/\/stgbc.bcweededible.net\/fr\/wp-json\/wp\/v2\/product_cat?post=31769"},{"taxonomy":"product_tag","embeddable":true,"href":"https:\/\/stgbc.bcweededible.net\/fr\/wp-json\/wp\/v2\/product_tag?post=31769"}],"curies":[{"name":"wp","href":"https:\/\/api.w.org\/{rel}","templated":true}]}}