{"id":31747,"date":"2022-05-24T17:46:01","date_gmt":"2023-04-18T21:49:03","guid":{"rendered":"https:\/\/bcweededible.net\/buy\/non%20class\u00e9\/construisez-votre-propre-demi-livre-aaaa-8-x-28gr\/"},"modified":"2024-02-26T18:56:37","modified_gmt":"2024-02-27T02:56:37","slug":"construisez-votre-propre-demi-livre","status":"publish","type":"product","link":"https:\/\/stgbc.bcweededible.net\/fr\/buy\/gros\/pot-gros\/construisez-votre-propre-demi-livre\/","title":{"rendered":"Construisez votre demi-livre AAAA 8 x 28gr"},"content":{"rendered":"","protected":false},"excerpt":{"rendered":"<p>Achetez <strong>Construisez votre demi-livre AAAA <\/strong>chez BC Weed Edible, vous avez maintenant la possibilit\u00e9 de <strong>choisir 8 produits diff\u00e9rents de 28g (1oz) dans notre <a href=\"https:\/\/stgbc.bcweededible.net\/fr\/acheter\/fleurs-cannabis\/aaaa\/\">cat\u00e9gorie AAAA de cannabis<\/a>.<\/strong> Tous les grades sont compris entre <strong>AAAA et AAAA+<\/strong>. Cette offre Mix N Match est un pack \u00e9conomique qui est id\u00e9al pour les acheteurs ind\u00e9cis, ceux qui aiment la vari\u00e9t\u00e9 et tous ceux qui cherchent \u00e0 \u00e9conomiser sans avoir \u00e0 renoncer \u00e0 la qualit\u00e9 pour le prix.<\/p>\n<p>Choisissez entre vos vari\u00e9t\u00e9s pr\u00e9f\u00e9r\u00e9es : Sativa, Indica et hybride.<\/p>\n","protected":false},"featured_media":15632,"comment_status":"open","ping_status":"closed","template":"","meta":[],"product_brand":[],"product_cat":[245,293,294,550,452,295],"product_tag":[],"class_list":{"0":"post-31747","1":"product","2":"type-product","3":"status-publish","4":"has-post-thumbnail","6":"product_cat-fleurs-cannabis","7":"product_cat-hybrid-fr","8":"product_cat-indica-fr","9":"product_cat-mix-match-fr","10":"product_cat-pot-gros","11":"product_cat-sativa-fr","13":"first","14":"instock","15":"shipping-taxable","16":"purchasable","17":"product-type-mix-and-match"},"yoast_head":"\n<title>Acheter la Construisez votre demi-livre AAAA 8 x 28gr en ligne Canada | BC Weed Edible<\/title>\n<meta name=\"robots\" content=\"index, follow, max-snippet:-1, max-image-preview:large, max-video-preview:-1\" \/>\n<link rel=\"canonical\" href=\"https:\/\/stgbc.bcweededible.net\/fr\/buy\/gros\/pot-gros\/construisez-votre-propre-demi-livre\/\" \/>\n<meta property=\"og:locale\" content=\"fr_FR\" \/>\n<meta property=\"og:type\" content=\"article\" \/>\n<meta property=\"og:title\" content=\"Acheter la Construisez votre demi-livre AAAA 8 x 28gr en ligne Canada | BC Weed Edible\" \/>\n<meta property=\"og:description\" content=\"Achetez Construisez votre demi-livre AAAA chez BC Weed Edible, vous avez maintenant la possibilit\u00e9 de choisir 8 produits diff\u00e9rents de 28g (1oz) dans notre cat\u00e9gorie AAAA de cannabis. Tous les grades sont compris entre AAAA et AAAA+. Cette offre Mix N Match est un pack \u00e9conomique qui est id\u00e9al pour les acheteurs ind\u00e9cis, ceux qui aiment la vari\u00e9t\u00e9 et tous ceux qui cherchent \u00e0 \u00e9conomiser sans avoir \u00e0 renoncer \u00e0 la qualit\u00e9 pour le prix. Choisissez entre vos vari\u00e9t\u00e9s pr\u00e9f\u00e9r\u00e9es : Sativa, Indica et hybride.\" \/>\n<meta property=\"og:url\" content=\"https:\/\/stgbc.bcweededible.net\/fr\/buy\/gros\/pot-gros\/construisez-votre-propre-demi-livre\/\" \/>\n<meta property=\"og:site_name\" content=\"BC Weed Edible\" \/>\n<meta property=\"article:modified_time\" content=\"2024-02-27T02:56:37+00:00\" \/>\n<meta property=\"og:image\" content=\"https:\/\/stgbc.bcweededible.net\/wp-content\/uploads\/2022\/05\/mixmatch-half-pound-aaaa-flower.jpg\" \/>\n\t<meta property=\"og:image:width\" content=\"600\" \/>\n\t<meta property=\"og:image:height\" content=\"600\" \/>\n\t<meta property=\"og:image:type\" content=\"image\/jpeg\" \/>\n<meta name=\"twitter:card\" content=\"summary_large_image\" \/>\n<script type=\"application\/ld+json\" class=\"yoast-schema-graph\">{\"@context\":\"https:\\\/\\\/schema.org\",\"@graph\":[{\"@type\":\"WebPage\",\"@id\":\"https:\\\/\\\/stgbc.bcweededible.net\\\/fr\\\/buy\\\/gros\\\/pot-gros\\\/construisez-votre-propre-demi-livre\\\/\",\"url\":\"https:\\\/\\\/stgbc.bcweededible.net\\\/fr\\\/buy\\\/gros\\\/pot-gros\\\/construisez-votre-propre-demi-livre\\\/\",\"name\":\"Acheter la Construisez votre demi-livre AAAA 8 x 28gr en ligne Canada | BC Weed Edible\",\"isPartOf\":{\"@id\":\"https:\\\/\\\/stgbc.bcweededible.net\\\/fr\\\/#website\"},\"primaryImageOfPage\":{\"@id\":\"https:\\\/\\\/stgbc.bcweededible.net\\\/fr\\\/buy\\\/gros\\\/pot-gros\\\/construisez-votre-propre-demi-livre\\\/#primaryimage\"},\"image\":{\"@id\":\"https:\\\/\\\/stgbc.bcweededible.net\\\/fr\\\/buy\\\/gros\\\/pot-gros\\\/construisez-votre-propre-demi-livre\\\/#primaryimage\"},\"thumbnailUrl\":\"https:\\\/\\\/stgbc.bcweededible.net\\\/wp-content\\\/uploads\\\/2022\\\/05\\\/mixmatch-half-pound-aaaa-flower.jpg\",\"datePublished\":\"2023-04-18T21:49:03+00:00\",\"dateModified\":\"2024-02-27T02:56:37+00:00\",\"breadcrumb\":{\"@id\":\"https:\\\/\\\/stgbc.bcweededible.net\\\/fr\\\/buy\\\/gros\\\/pot-gros\\\/construisez-votre-propre-demi-livre\\\/#breadcrumb\"},\"inLanguage\":\"fr-FR\",\"potentialAction\":[{\"@type\":\"ReadAction\",\"target\":[\"https:\\\/\\\/stgbc.bcweededible.net\\\/fr\\\/buy\\\/gros\\\/pot-gros\\\/construisez-votre-propre-demi-livre\\\/\"]}]},{\"@type\":\"ImageObject\",\"inLanguage\":\"fr-FR\",\"@id\":\"https:\\\/\\\/stgbc.bcweededible.net\\\/fr\\\/buy\\\/gros\\\/pot-gros\\\/construisez-votre-propre-demi-livre\\\/#primaryimage\",\"url\":\"https:\\\/\\\/stgbc.bcweededible.net\\\/wp-content\\\/uploads\\\/2022\\\/05\\\/mixmatch-half-pound-aaaa-flower.jpg\",\"contentUrl\":\"https:\\\/\\\/stgbc.bcweededible.net\\\/wp-content\\\/uploads\\\/2022\\\/05\\\/mixmatch-half-pound-aaaa-flower.jpg\",\"width\":600,\"height\":600,\"caption\":\"MIX MATCH FLOWERS HALF POUND\"},{\"@type\":\"BreadcrumbList\",\"@id\":\"https:\\\/\\\/stgbc.bcweededible.net\\\/fr\\\/buy\\\/gros\\\/pot-gros\\\/construisez-votre-propre-demi-livre\\\/#breadcrumb\",\"itemListElement\":[{\"@type\":\"ListItem\",\"position\":1,\"name\":\"Jujubes au Pot Canada\",\"item\":\"https:\\\/\\\/stgbc.bcweededible.net\\\/fr\\\/shop\\\/\"},{\"@type\":\"ListItem\",\"position\":2,\"name\":\"Construisez votre demi-livre AAAA 8 x 28gr\"}]},{\"@type\":\"WebSite\",\"@id\":\"https:\\\/\\\/stgbc.bcweededible.net\\\/fr\\\/#website\",\"url\":\"https:\\\/\\\/stgbc.bcweededible.net\\\/fr\\\/\",\"name\":\"BC Weed Edible\",\"description\":\"\",\"publisher\":{\"@id\":\"https:\\\/\\\/stgbc.bcweededible.net\\\/fr\\\/#organization\"},\"potentialAction\":[{\"@type\":\"SearchAction\",\"target\":{\"@type\":\"EntryPoint\",\"urlTemplate\":\"https:\\\/\\\/stgbc.bcweededible.net\\\/fr\\\/?s={search_term_string}\"},\"query-input\":{\"@type\":\"PropertyValueSpecification\",\"valueRequired\":true,\"valueName\":\"search_term_string\"}}],\"inLanguage\":\"fr-FR\"},{\"@type\":\"Organization\",\"@id\":\"https:\\\/\\\/stgbc.bcweededible.net\\\/fr\\\/#organization\",\"name\":\"BC Weed Edible\",\"url\":\"https:\\\/\\\/stgbc.bcweededible.net\\\/fr\\\/\",\"logo\":{\"@type\":\"ImageObject\",\"inLanguage\":\"fr-FR\",\"@id\":\"https:\\\/\\\/stgbc.bcweededible.net\\\/fr\\\/#\\\/schema\\\/logo\\\/image\\\/\",\"url\":\"https:\\\/\\\/stgbc.bcweededible.net\\\/wp-content\\\/uploads\\\/2021\\\/12\\\/bc-weed-edible-canada.png\",\"contentUrl\":\"https:\\\/\\\/stgbc.bcweededible.net\\\/wp-content\\\/uploads\\\/2021\\\/12\\\/bc-weed-edible-canada.png\",\"width\":270,\"height\":185,\"caption\":\"BC Weed Edible\"},\"image\":{\"@id\":\"https:\\\/\\\/stgbc.bcweededible.net\\\/fr\\\/#\\\/schema\\\/logo\\\/image\\\/\"}}]}<\/script>\n","yoast_head_json":{"title":"Acheter la Construisez votre demi-livre AAAA 8 x 28gr en ligne Canada | BC Weed Edible","robots":{"index":"index","follow":"follow","max-snippet":"max-snippet:-1","max-image-preview":"max-image-preview:large","max-video-preview":"max-video-preview:-1"},"canonical":"https:\/\/stgbc.bcweededible.net\/fr\/buy\/gros\/pot-gros\/construisez-votre-propre-demi-livre\/","og_locale":"fr_FR","og_type":"article","og_title":"Acheter la Construisez votre demi-livre AAAA 8 x 28gr en ligne Canada | BC Weed Edible","og_description":"Achetez Construisez votre demi-livre AAAA chez BC Weed Edible, vous avez maintenant la possibilit\u00e9 de choisir 8 produits diff\u00e9rents de 28g (1oz) dans notre cat\u00e9gorie AAAA de cannabis. Tous les grades sont compris entre AAAA et AAAA+. Cette offre Mix N Match est un pack \u00e9conomique qui est id\u00e9al pour les acheteurs ind\u00e9cis, ceux qui aiment la vari\u00e9t\u00e9 et tous ceux qui cherchent \u00e0 \u00e9conomiser sans avoir \u00e0 renoncer \u00e0 la qualit\u00e9 pour le prix. Choisissez entre vos vari\u00e9t\u00e9s pr\u00e9f\u00e9r\u00e9es : Sativa, Indica et hybride.","og_url":"https:\/\/stgbc.bcweededible.net\/fr\/buy\/gros\/pot-gros\/construisez-votre-propre-demi-livre\/","og_site_name":"BC Weed Edible","article_modified_time":"2024-02-27T02:56:37+00:00","og_image":[{"width":600,"height":600,"url":"https:\/\/stgbc.bcweededible.net\/wp-content\/uploads\/2022\/05\/mixmatch-half-pound-aaaa-flower.jpg","type":"image\/jpeg"}],"twitter_card":"summary_large_image","schema":{"@context":"https:\/\/schema.org","@graph":[{"@type":"WebPage","@id":"https:\/\/stgbc.bcweededible.net\/fr\/buy\/gros\/pot-gros\/construisez-votre-propre-demi-livre\/","url":"https:\/\/stgbc.bcweededible.net\/fr\/buy\/gros\/pot-gros\/construisez-votre-propre-demi-livre\/","name":"Acheter la Construisez votre demi-livre AAAA 8 x 28gr en ligne Canada | BC Weed Edible","isPartOf":{"@id":"https:\/\/stgbc.bcweededible.net\/fr\/#website"},"primaryImageOfPage":{"@id":"https:\/\/stgbc.bcweededible.net\/fr\/buy\/gros\/pot-gros\/construisez-votre-propre-demi-livre\/#primaryimage"},"image":{"@id":"https:\/\/stgbc.bcweededible.net\/fr\/buy\/gros\/pot-gros\/construisez-votre-propre-demi-livre\/#primaryimage"},"thumbnailUrl":"https:\/\/stgbc.bcweededible.net\/wp-content\/uploads\/2022\/05\/mixmatch-half-pound-aaaa-flower.jpg","datePublished":"2023-04-18T21:49:03+00:00","dateModified":"2024-02-27T02:56:37+00:00","breadcrumb":{"@id":"https:\/\/stgbc.bcweededible.net\/fr\/buy\/gros\/pot-gros\/construisez-votre-propre-demi-livre\/#breadcrumb"},"inLanguage":"fr-FR","potentialAction":[{"@type":"ReadAction","target":["https:\/\/stgbc.bcweededible.net\/fr\/buy\/gros\/pot-gros\/construisez-votre-propre-demi-livre\/"]}]},{"@type":"ImageObject","inLanguage":"fr-FR","@id":"https:\/\/stgbc.bcweededible.net\/fr\/buy\/gros\/pot-gros\/construisez-votre-propre-demi-livre\/#primaryimage","url":"https:\/\/stgbc.bcweededible.net\/wp-content\/uploads\/2022\/05\/mixmatch-half-pound-aaaa-flower.jpg","contentUrl":"https:\/\/stgbc.bcweededible.net\/wp-content\/uploads\/2022\/05\/mixmatch-half-pound-aaaa-flower.jpg","width":600,"height":600,"caption":"MIX MATCH FLOWERS HALF POUND"},{"@type":"BreadcrumbList","@id":"https:\/\/stgbc.bcweededible.net\/fr\/buy\/gros\/pot-gros\/construisez-votre-propre-demi-livre\/#breadcrumb","itemListElement":[{"@type":"ListItem","position":1,"name":"Jujubes au Pot Canada","item":"https:\/\/stgbc.bcweededible.net\/fr\/shop\/"},{"@type":"ListItem","position":2,"name":"Construisez votre demi-livre AAAA 8 x 28gr"}]},{"@type":"WebSite","@id":"https:\/\/stgbc.bcweededible.net\/fr\/#website","url":"https:\/\/stgbc.bcweededible.net\/fr\/","name":"BC Weed Edible","description":"","publisher":{"@id":"https:\/\/stgbc.bcweededible.net\/fr\/#organization"},"potentialAction":[{"@type":"SearchAction","target":{"@type":"EntryPoint","urlTemplate":"https:\/\/stgbc.bcweededible.net\/fr\/?s={search_term_string}"},"query-input":{"@type":"PropertyValueSpecification","valueRequired":true,"valueName":"search_term_string"}}],"inLanguage":"fr-FR"},{"@type":"Organization","@id":"https:\/\/stgbc.bcweededible.net\/fr\/#organization","name":"BC Weed Edible","url":"https:\/\/stgbc.bcweededible.net\/fr\/","logo":{"@type":"ImageObject","inLanguage":"fr-FR","@id":"https:\/\/stgbc.bcweededible.net\/fr\/#\/schema\/logo\/image\/","url":"https:\/\/stgbc.bcweededible.net\/wp-content\/uploads\/2021\/12\/bc-weed-edible-canada.png","contentUrl":"https:\/\/stgbc.bcweededible.net\/wp-content\/uploads\/2021\/12\/bc-weed-edible-canada.png","width":270,"height":185,"caption":"BC Weed Edible"},"image":{"@id":"https:\/\/stgbc.bcweededible.net\/fr\/#\/schema\/logo\/image\/"}}]}},"_links":{"self":[{"href":"https:\/\/stgbc.bcweededible.net\/fr\/wp-json\/wp\/v2\/product\/31747","targetHints":{"allow":["GET"]}}],"collection":[{"href":"https:\/\/stgbc.bcweededible.net\/fr\/wp-json\/wp\/v2\/product"}],"about":[{"href":"https:\/\/stgbc.bcweededible.net\/fr\/wp-json\/wp\/v2\/types\/product"}],"replies":[{"embeddable":true,"href":"https:\/\/stgbc.bcweededible.net\/fr\/wp-json\/wp\/v2\/comments?post=31747"}],"wp:featuredmedia":[{"embeddable":true,"href":"https:\/\/stgbc.bcweededible.net\/fr\/wp-json\/wp\/v2\/media\/15632"}],"wp:attachment":[{"href":"https:\/\/stgbc.bcweededible.net\/fr\/wp-json\/wp\/v2\/media?parent=31747"}],"wp:term":[{"taxonomy":"product_brand","embeddable":true,"href":"https:\/\/stgbc.bcweededible.net\/fr\/wp-json\/wp\/v2\/product_brand?post=31747"},{"taxonomy":"product_cat","embeddable":true,"href":"https:\/\/stgbc.bcweededible.net\/fr\/wp-json\/wp\/v2\/product_cat?post=31747"},{"taxonomy":"product_tag","embeddable":true,"href":"https:\/\/stgbc.bcweededible.net\/fr\/wp-json\/wp\/v2\/product_tag?post=31747"}],"curies":[{"name":"wp","href":"https:\/\/api.w.org\/{rel}","templated":true}]}}