{"id":26164,"date":"2022-12-07T18:02:13","date_gmt":"2022-12-08T02:02:13","guid":{"rendered":"https:\/\/bcweededible.net\/buy\/non%20class\u00e9\/og-kush-aaa-59-oz\/"},"modified":"2026-03-25T13:21:14","modified_gmt":"2026-03-25T20:21:14","slug":"og-kush","status":"publish","type":"product","link":"https:\/\/stgbc.bcweededible.net\/fr\/buy\/gros\/pot-gros\/og-kush\/","title":{"rendered":"OG Kush &#8211; AA+ (59 $\/oz)"},"content":{"rendered":"","protected":false},"excerpt":{"rendered":"<p>L&#8217;<strong>OG Kush<\/strong>, \u00e9galement connue sous le nom d'&#8221;OGK&#8221;, est une<strong> souche hybride<\/strong> l\u00e9g\u00e8rement<strong> dominante sativa (55% sativa\/45% indica)<\/strong> dont l&#8217;origine est inconnue en raison du secret qui entoure le s\u00e9lectionneur, bien que l&#8217;on pense qu&#8217;il s&#8217;agisse d&#8217;un croisement des souches embl\u00e9matiques Chemdawg X Hindu Kush. Probablement la souche la plus c\u00e9l\u00e8bre dans le monde de la marijuana m\u00e9dicinale, l&#8217;OG Kush est l&#8217;hybride parfait pour tout amateur d&#8217;indica ou de sativa.<\/p>\n<p><strong>Ce sont des bourgeons moyens, list\u00e9s pour un prix r\u00e9duit. Prix incroyable pour la qualit\u00e9 !<\/strong><\/p>\n","protected":false},"featured_media":24290,"comment_status":"open","ping_status":"closed","template":"","meta":[],"product_brand":[],"product_cat":[290,245,558,293,294,470,289,292,452],"product_tag":[],"class_list":{"0":"post-26164","1":"product","2":"type-product","3":"status-publish","4":"has-post-thumbnail","6":"product_cat-aaa","7":"product_cat-fleurs-cannabis","8":"product_cat-gros","9":"product_cat-hybrid-fr","10":"product_cat-indica-fr","11":"product_cat-livre-de-pot","12":"product_cat-99-oz-fr","13":"product_cat-ounces-pas-cher","14":"product_cat-pot-gros","16":"first","17":"instock","18":"shipping-taxable","19":"purchasable","20":"product-type-variable","21":"has-default-attributes"},"yoast_head":"\n<title>Acheter OG Kush - AA+ (59 $\/oz) en Ligne Canada | BC Weed Edible<\/title>\n<meta name=\"robots\" content=\"index, follow, max-snippet:-1, max-image-preview:large, max-video-preview:-1\" \/>\n<link rel=\"canonical\" href=\"https:\/\/stgbc.bcweededible.net\/fr\/buy\/gros\/pot-gros\/og-kush\/\" \/>\n<meta property=\"og:locale\" content=\"fr_FR\" \/>\n<meta property=\"og:type\" content=\"article\" \/>\n<meta property=\"og:title\" content=\"Acheter OG Kush - AA+ (59 $\/oz) en Ligne Canada | BC Weed Edible\" \/>\n<meta property=\"og:description\" content=\"L&#039;OG Kush, \u00e9galement connue sous le nom d&#039;&quot;OGK&quot;, est une souche hybride l\u00e9g\u00e8rement dominante sativa (55% sativa\/45% indica) dont l&#039;origine est inconnue en raison du secret qui entoure le s\u00e9lectionneur, bien que l&#039;on pense qu&#039;il s&#039;agisse d&#039;un croisement des souches embl\u00e9matiques Chemdawg X Hindu Kush. Probablement la souche la plus c\u00e9l\u00e8bre dans le monde de la marijuana m\u00e9dicinale, l&#039;OG Kush est l&#039;hybride parfait pour tout amateur d&#039;indica ou de sativa. Ce sont des bourgeons moyens, list\u00e9s pour un prix r\u00e9duit. Prix incroyable pour la qualit\u00e9 !\" \/>\n<meta property=\"og:url\" content=\"https:\/\/stgbc.bcweededible.net\/fr\/buy\/gros\/pot-gros\/og-kush\/\" \/>\n<meta property=\"og:site_name\" content=\"BC Weed Edible\" \/>\n<meta property=\"article:modified_time\" content=\"2026-03-25T20:21:14+00:00\" \/>\n<meta property=\"og:image\" content=\"https:\/\/stgbc.bcweededible.net\/wp-content\/uploads\/2022\/12\/og-kush.jpg\" \/>\n\t<meta property=\"og:image:width\" content=\"900\" \/>\n\t<meta property=\"og:image:height\" content=\"900\" \/>\n\t<meta property=\"og:image:type\" content=\"image\/jpeg\" \/>\n<meta name=\"twitter:card\" content=\"summary_large_image\" \/>\n<script type=\"application\/ld+json\" class=\"yoast-schema-graph\">{\"@context\":\"https:\\\/\\\/schema.org\",\"@graph\":[{\"@type\":\"WebPage\",\"@id\":\"https:\\\/\\\/stgbc.bcweededible.net\\\/fr\\\/buy\\\/gros\\\/pot-gros\\\/og-kush\\\/\",\"url\":\"https:\\\/\\\/stgbc.bcweededible.net\\\/fr\\\/buy\\\/gros\\\/pot-gros\\\/og-kush\\\/\",\"name\":\"Acheter OG Kush - AA+ (59 $\\\/oz) en Ligne Canada | BC Weed Edible\",\"isPartOf\":{\"@id\":\"https:\\\/\\\/stgbc.bcweededible.net\\\/fr\\\/#website\"},\"primaryImageOfPage\":{\"@id\":\"https:\\\/\\\/stgbc.bcweededible.net\\\/fr\\\/buy\\\/gros\\\/pot-gros\\\/og-kush\\\/#primaryimage\"},\"image\":{\"@id\":\"https:\\\/\\\/stgbc.bcweededible.net\\\/fr\\\/buy\\\/gros\\\/pot-gros\\\/og-kush\\\/#primaryimage\"},\"thumbnailUrl\":\"https:\\\/\\\/stgbc.bcweededible.net\\\/wp-content\\\/uploads\\\/2022\\\/12\\\/og-kush.jpg\",\"datePublished\":\"2022-12-08T02:02:13+00:00\",\"dateModified\":\"2026-03-25T20:21:14+00:00\",\"breadcrumb\":{\"@id\":\"https:\\\/\\\/stgbc.bcweededible.net\\\/fr\\\/buy\\\/gros\\\/pot-gros\\\/og-kush\\\/#breadcrumb\"},\"inLanguage\":\"fr-FR\",\"potentialAction\":[{\"@type\":\"ReadAction\",\"target\":[\"https:\\\/\\\/stgbc.bcweededible.net\\\/fr\\\/buy\\\/gros\\\/pot-gros\\\/og-kush\\\/\"]}]},{\"@type\":\"ImageObject\",\"inLanguage\":\"fr-FR\",\"@id\":\"https:\\\/\\\/stgbc.bcweededible.net\\\/fr\\\/buy\\\/gros\\\/pot-gros\\\/og-kush\\\/#primaryimage\",\"url\":\"https:\\\/\\\/stgbc.bcweededible.net\\\/wp-content\\\/uploads\\\/2022\\\/12\\\/og-kush.jpg\",\"contentUrl\":\"https:\\\/\\\/stgbc.bcweededible.net\\\/wp-content\\\/uploads\\\/2022\\\/12\\\/og-kush.jpg\",\"width\":900,\"height\":900,\"caption\":\"og kush cheap buds\"},{\"@type\":\"BreadcrumbList\",\"@id\":\"https:\\\/\\\/stgbc.bcweededible.net\\\/fr\\\/buy\\\/gros\\\/pot-gros\\\/og-kush\\\/#breadcrumb\",\"itemListElement\":[{\"@type\":\"ListItem\",\"position\":1,\"name\":\"Jujubes au Pot Canada\",\"item\":\"https:\\\/\\\/stgbc.bcweededible.net\\\/fr\\\/shop\\\/\"},{\"@type\":\"ListItem\",\"position\":2,\"name\":\"OG Kush &#8211; AA+ (59 $\\\/oz)\"}]},{\"@type\":\"WebSite\",\"@id\":\"https:\\\/\\\/stgbc.bcweededible.net\\\/fr\\\/#website\",\"url\":\"https:\\\/\\\/stgbc.bcweededible.net\\\/fr\\\/\",\"name\":\"BC Weed Edible\",\"description\":\"\",\"publisher\":{\"@id\":\"https:\\\/\\\/stgbc.bcweededible.net\\\/fr\\\/#organization\"},\"potentialAction\":[{\"@type\":\"SearchAction\",\"target\":{\"@type\":\"EntryPoint\",\"urlTemplate\":\"https:\\\/\\\/stgbc.bcweededible.net\\\/fr\\\/?s={search_term_string}\"},\"query-input\":{\"@type\":\"PropertyValueSpecification\",\"valueRequired\":true,\"valueName\":\"search_term_string\"}}],\"inLanguage\":\"fr-FR\"},{\"@type\":\"Organization\",\"@id\":\"https:\\\/\\\/stgbc.bcweededible.net\\\/fr\\\/#organization\",\"name\":\"BC Weed Edible\",\"url\":\"https:\\\/\\\/stgbc.bcweededible.net\\\/fr\\\/\",\"logo\":{\"@type\":\"ImageObject\",\"inLanguage\":\"fr-FR\",\"@id\":\"https:\\\/\\\/stgbc.bcweededible.net\\\/fr\\\/#\\\/schema\\\/logo\\\/image\\\/\",\"url\":\"https:\\\/\\\/stgbc.bcweededible.net\\\/wp-content\\\/uploads\\\/2021\\\/12\\\/bc-weed-edible-canada.png\",\"contentUrl\":\"https:\\\/\\\/stgbc.bcweededible.net\\\/wp-content\\\/uploads\\\/2021\\\/12\\\/bc-weed-edible-canada.png\",\"width\":270,\"height\":185,\"caption\":\"BC Weed Edible\"},\"image\":{\"@id\":\"https:\\\/\\\/stgbc.bcweededible.net\\\/fr\\\/#\\\/schema\\\/logo\\\/image\\\/\"}}]}<\/script>\n","yoast_head_json":{"title":"Acheter OG Kush - AA+ (59 $\/oz) en Ligne Canada | BC Weed Edible","robots":{"index":"index","follow":"follow","max-snippet":"max-snippet:-1","max-image-preview":"max-image-preview:large","max-video-preview":"max-video-preview:-1"},"canonical":"https:\/\/stgbc.bcweededible.net\/fr\/buy\/gros\/pot-gros\/og-kush\/","og_locale":"fr_FR","og_type":"article","og_title":"Acheter OG Kush - AA+ (59 $\/oz) en Ligne Canada | BC Weed Edible","og_description":"L'OG Kush, \u00e9galement connue sous le nom d'\"OGK\", est une souche hybride l\u00e9g\u00e8rement dominante sativa (55% sativa\/45% indica) dont l'origine est inconnue en raison du secret qui entoure le s\u00e9lectionneur, bien que l'on pense qu'il s'agisse d'un croisement des souches embl\u00e9matiques Chemdawg X Hindu Kush. Probablement la souche la plus c\u00e9l\u00e8bre dans le monde de la marijuana m\u00e9dicinale, l'OG Kush est l'hybride parfait pour tout amateur d'indica ou de sativa. Ce sont des bourgeons moyens, list\u00e9s pour un prix r\u00e9duit. Prix incroyable pour la qualit\u00e9 !","og_url":"https:\/\/stgbc.bcweededible.net\/fr\/buy\/gros\/pot-gros\/og-kush\/","og_site_name":"BC Weed Edible","article_modified_time":"2026-03-25T20:21:14+00:00","og_image":[{"width":900,"height":900,"url":"https:\/\/stgbc.bcweededible.net\/wp-content\/uploads\/2022\/12\/og-kush.jpg","type":"image\/jpeg"}],"twitter_card":"summary_large_image","schema":{"@context":"https:\/\/schema.org","@graph":[{"@type":"WebPage","@id":"https:\/\/stgbc.bcweededible.net\/fr\/buy\/gros\/pot-gros\/og-kush\/","url":"https:\/\/stgbc.bcweededible.net\/fr\/buy\/gros\/pot-gros\/og-kush\/","name":"Acheter OG Kush - AA+ (59 $\/oz) en Ligne Canada | BC Weed Edible","isPartOf":{"@id":"https:\/\/stgbc.bcweededible.net\/fr\/#website"},"primaryImageOfPage":{"@id":"https:\/\/stgbc.bcweededible.net\/fr\/buy\/gros\/pot-gros\/og-kush\/#primaryimage"},"image":{"@id":"https:\/\/stgbc.bcweededible.net\/fr\/buy\/gros\/pot-gros\/og-kush\/#primaryimage"},"thumbnailUrl":"https:\/\/stgbc.bcweededible.net\/wp-content\/uploads\/2022\/12\/og-kush.jpg","datePublished":"2022-12-08T02:02:13+00:00","dateModified":"2026-03-25T20:21:14+00:00","breadcrumb":{"@id":"https:\/\/stgbc.bcweededible.net\/fr\/buy\/gros\/pot-gros\/og-kush\/#breadcrumb"},"inLanguage":"fr-FR","potentialAction":[{"@type":"ReadAction","target":["https:\/\/stgbc.bcweededible.net\/fr\/buy\/gros\/pot-gros\/og-kush\/"]}]},{"@type":"ImageObject","inLanguage":"fr-FR","@id":"https:\/\/stgbc.bcweededible.net\/fr\/buy\/gros\/pot-gros\/og-kush\/#primaryimage","url":"https:\/\/stgbc.bcweededible.net\/wp-content\/uploads\/2022\/12\/og-kush.jpg","contentUrl":"https:\/\/stgbc.bcweededible.net\/wp-content\/uploads\/2022\/12\/og-kush.jpg","width":900,"height":900,"caption":"og kush cheap buds"},{"@type":"BreadcrumbList","@id":"https:\/\/stgbc.bcweededible.net\/fr\/buy\/gros\/pot-gros\/og-kush\/#breadcrumb","itemListElement":[{"@type":"ListItem","position":1,"name":"Jujubes au Pot Canada","item":"https:\/\/stgbc.bcweededible.net\/fr\/shop\/"},{"@type":"ListItem","position":2,"name":"OG Kush &#8211; AA+ (59 $\/oz)"}]},{"@type":"WebSite","@id":"https:\/\/stgbc.bcweededible.net\/fr\/#website","url":"https:\/\/stgbc.bcweededible.net\/fr\/","name":"BC Weed Edible","description":"","publisher":{"@id":"https:\/\/stgbc.bcweededible.net\/fr\/#organization"},"potentialAction":[{"@type":"SearchAction","target":{"@type":"EntryPoint","urlTemplate":"https:\/\/stgbc.bcweededible.net\/fr\/?s={search_term_string}"},"query-input":{"@type":"PropertyValueSpecification","valueRequired":true,"valueName":"search_term_string"}}],"inLanguage":"fr-FR"},{"@type":"Organization","@id":"https:\/\/stgbc.bcweededible.net\/fr\/#organization","name":"BC Weed Edible","url":"https:\/\/stgbc.bcweededible.net\/fr\/","logo":{"@type":"ImageObject","inLanguage":"fr-FR","@id":"https:\/\/stgbc.bcweededible.net\/fr\/#\/schema\/logo\/image\/","url":"https:\/\/stgbc.bcweededible.net\/wp-content\/uploads\/2021\/12\/bc-weed-edible-canada.png","contentUrl":"https:\/\/stgbc.bcweededible.net\/wp-content\/uploads\/2021\/12\/bc-weed-edible-canada.png","width":270,"height":185,"caption":"BC Weed Edible"},"image":{"@id":"https:\/\/stgbc.bcweededible.net\/fr\/#\/schema\/logo\/image\/"}}]}},"_links":{"self":[{"href":"https:\/\/stgbc.bcweededible.net\/fr\/wp-json\/wp\/v2\/product\/26164","targetHints":{"allow":["GET"]}}],"collection":[{"href":"https:\/\/stgbc.bcweededible.net\/fr\/wp-json\/wp\/v2\/product"}],"about":[{"href":"https:\/\/stgbc.bcweededible.net\/fr\/wp-json\/wp\/v2\/types\/product"}],"replies":[{"embeddable":true,"href":"https:\/\/stgbc.bcweededible.net\/fr\/wp-json\/wp\/v2\/comments?post=26164"}],"wp:featuredmedia":[{"embeddable":true,"href":"https:\/\/stgbc.bcweededible.net\/fr\/wp-json\/wp\/v2\/media\/24290"}],"wp:attachment":[{"href":"https:\/\/stgbc.bcweededible.net\/fr\/wp-json\/wp\/v2\/media?parent=26164"}],"wp:term":[{"taxonomy":"product_brand","embeddable":true,"href":"https:\/\/stgbc.bcweededible.net\/fr\/wp-json\/wp\/v2\/product_brand?post=26164"},{"taxonomy":"product_cat","embeddable":true,"href":"https:\/\/stgbc.bcweededible.net\/fr\/wp-json\/wp\/v2\/product_cat?post=26164"},{"taxonomy":"product_tag","embeddable":true,"href":"https:\/\/stgbc.bcweededible.net\/fr\/wp-json\/wp\/v2\/product_tag?post=26164"}],"curies":[{"name":"wp","href":"https:\/\/api.w.org\/{rel}","templated":true}]}}