{"id":26160,"date":"2023-01-09T15:46:13","date_gmt":"2023-01-11T20:45:56","guid":{"rendered":"https:\/\/bcweededible.net\/buy\/non%20class\u00e9\/afghan-kabul-hash-aaaa\/"},"modified":"2026-02-26T09:52:46","modified_gmt":"2026-02-26T17:52:46","slug":"kabul-hash","status":"publish","type":"product","link":"https:\/\/stgbc.bcweededible.net\/fr\/buy\/concentres\/hasch\/hash-importe\/kabul-hash\/","title":{"rendered":"Hash Afghan Kabul (AAAA)"},"content":{"rendered":"","protected":false},"excerpt":{"rendered":"<p>Le <strong>Hash Afghan Kabul(AAAA)<\/strong> est un <a href=\"https:\/\/stgbc.bcweededible.net\/fr\/?p=24092\">haschisch populaire et puissant<\/a> originaire d&#8217;Afghanistan. Pr\u00e9f\u00e9r\u00e9 par beaucoup pour ses effets intenses, ce hash est d&#8217;un brun noir\u00e2tre et doux au toucher, ce qui en fait une excellente option pour fumer dans un &#8221;one-hitter&#8221; ou pour tamponner. Ceux qui ont consomm\u00e9 du hash de Kaboul font souvent remarquer son <strong>go\u00fbt unique et agr\u00e9able<\/strong> &#8211; un m\u00e9lange de chocolat, de pin et d&#8217;\u00e9pices &#8211; ainsi que ses effets puissants. Apr\u00e8s une seule bouff\u00e9e, vous aurez un &#8221;high&#8221; profond suivi d&#8217;<strong>un sentiment de d\u00e9tente et d&#8217;euphorie.<\/strong><\/p>\n<h2>Informations sur le hash afghan Kabul (AAAA)<\/h2>\n<table>\n<tbody>\n<tr>\n<td class=\"has-text-align-center\" style=\"text-align: left;\" data-align=\"center\"><strong>Ph\u00e9notype<\/strong><\/td>\n<td class=\"has-text-align-center\" style=\"text-align: left;\" data-align=\"center\">Hybride<\/td>\n<\/tr>\n<tr>\n<td class=\"has-text-align-center\" data-align=\"center\"><strong>Teneur en THC<\/strong><\/td>\n<td class=\"has-text-align-center\" data-align=\"center\">40%+<\/td>\n<\/tr>\n<tr>\n<td class=\"has-text-align-center\" data-align=\"center\"><strong>Consistance<\/strong><\/td>\n<td class=\"has-text-align-center\" data-align=\"center\">Souple et mall\u00e9able<\/td>\n<\/tr>\n<tr>\n<td class=\"has-text-align-center\" style=\"text-align: left;\" data-align=\"center\"><strong>Grade<\/strong><\/td>\n<td class=\"has-text-align-center\" style=\"text-align: left;\" data-align=\"center\">AAAA+<\/td>\n<\/tr>\n<tr>\n<td class=\"has-text-align-center\" style=\"text-align: left;\" data-align=\"center\"><strong>Couleur<\/strong><\/td>\n<td class=\"has-text-align-center\" style=\"text-align: left;\" data-align=\"center\">Brun fonc\u00e9 presque noir<\/td>\n<\/tr>\n<tr>\n<td class=\"has-text-align-center\" style=\"text-align: left;\" data-align=\"center\"><strong>Effets<\/strong><\/td>\n<td class=\"has-text-align-center\" style=\"text-align: left;\" data-align=\"center\">D\u00e9tendu, cr\u00e9atif, heureux, Euphorique<\/td>\n<\/tr>\n<tr>\n<td class=\"has-text-align-center\" style=\"text-align: left;\" data-align=\"center\"><strong>Profil des terp\u00e8nes<\/strong><\/td>\n<td class=\"has-text-align-center\" style=\"text-align: left;\" data-align=\"center\">\u00c9pic\u00e9, Chocolat, Pin<\/td>\n<\/tr>\n<\/tbody>\n<\/table>\n","protected":false},"featured_media":26057,"comment_status":"open","ping_status":"closed","template":"","meta":[],"product_brand":[],"product_cat":[305,660,628,636],"product_tag":[],"class_list":{"0":"post-26160","1":"product","2":"type-product","3":"status-publish","4":"has-post-thumbnail","6":"product_cat-concentres","7":"product_cat-bulk-hash-fr","8":"product_cat-hasch","9":"product_cat-hash-importe","11":"first","12":"instock","13":"shipping-taxable","14":"purchasable","15":"product-type-variable","16":"has-default-attributes"},"yoast_head":"\n<title>Acheter Hash Afghan Kabul (AAAA) | Acheter du hasch en vrac et pas cher en ligne | BC Weed Edible<\/title>\n<meta name=\"robots\" content=\"index, follow, max-snippet:-1, max-image-preview:large, max-video-preview:-1\" \/>\n<link rel=\"canonical\" href=\"https:\/\/stgbc.bcweededible.net\/fr\/buy\/concentres\/hasch\/hash-importe\/kabul-hash\/\" \/>\n<meta property=\"og:locale\" content=\"fr_FR\" \/>\n<meta property=\"og:type\" content=\"article\" \/>\n<meta property=\"og:title\" content=\"Acheter Hash Afghan Kabul (AAAA) | Acheter du hasch en vrac et pas cher en ligne | BC Weed Edible\" \/>\n<meta property=\"og:description\" content=\"Le Hash Afghan Kabul(AAAA) est un haschisch populaire et puissant originaire d&#039;Afghanistan. Pr\u00e9f\u00e9r\u00e9 par beaucoup pour ses effets intenses, ce hash est d&#039;un brun noir\u00e2tre et doux au toucher, ce qui en fait une excellente option pour fumer dans un &#039;&#039;one-hitter&#039;&#039; ou pour tamponner. Ceux qui ont consomm\u00e9 du hash de Kaboul font souvent remarquer son go\u00fbt unique et agr\u00e9able - un m\u00e9lange de chocolat, de pin et d&#039;\u00e9pices - ainsi que ses effets puissants. Apr\u00e8s une seule bouff\u00e9e, vous aurez un &#039;&#039;high&#039;&#039; profond suivi d&#039;un sentiment de d\u00e9tente et d&#039;euphorie. Informations sur le hash afghan Kabul (AAAA) Ph\u00e9notype Hybride Teneur en THC 40%+ Consistance Souple et mall\u00e9able Grade AAAA+ Couleur Brun fonc\u00e9 presque noir Effets D\u00e9tendu, cr\u00e9atif, heureux, Euphorique Profil des terp\u00e8nes \u00c9pic\u00e9, Chocolat, Pin\" \/>\n<meta property=\"og:url\" content=\"https:\/\/stgbc.bcweededible.net\/fr\/buy\/concentres\/hasch\/hash-importe\/kabul-hash\/\" \/>\n<meta property=\"og:site_name\" content=\"BC Weed Edible\" \/>\n<meta property=\"article:modified_time\" content=\"2026-02-26T17:52:46+00:00\" \/>\n<meta property=\"og:image\" content=\"https:\/\/stgbc.bcweededible.net\/wp-content\/uploads\/2023\/01\/kabul-hash-canada.jpg\" \/>\n\t<meta property=\"og:image:width\" content=\"1000\" \/>\n\t<meta property=\"og:image:height\" content=\"1000\" \/>\n\t<meta property=\"og:image:type\" content=\"image\/jpeg\" \/>\n<meta name=\"twitter:card\" content=\"summary_large_image\" \/>\n<script type=\"application\/ld+json\" class=\"yoast-schema-graph\">{\"@context\":\"https:\\\/\\\/schema.org\",\"@graph\":[{\"@type\":\"WebPage\",\"@id\":\"https:\\\/\\\/stgbc.bcweededible.net\\\/fr\\\/buy\\\/concentres\\\/hasch\\\/hash-importe\\\/kabul-hash\\\/\",\"url\":\"https:\\\/\\\/stgbc.bcweededible.net\\\/fr\\\/buy\\\/concentres\\\/hasch\\\/hash-importe\\\/kabul-hash\\\/\",\"name\":\"Acheter Hash Afghan Kabul (AAAA) | Acheter du hasch en vrac et pas cher en ligne | BC Weed Edible\",\"isPartOf\":{\"@id\":\"https:\\\/\\\/stgbc.bcweededible.net\\\/fr\\\/#website\"},\"primaryImageOfPage\":{\"@id\":\"https:\\\/\\\/stgbc.bcweededible.net\\\/fr\\\/buy\\\/concentres\\\/hasch\\\/hash-importe\\\/kabul-hash\\\/#primaryimage\"},\"image\":{\"@id\":\"https:\\\/\\\/stgbc.bcweededible.net\\\/fr\\\/buy\\\/concentres\\\/hasch\\\/hash-importe\\\/kabul-hash\\\/#primaryimage\"},\"thumbnailUrl\":\"https:\\\/\\\/stgbc.bcweededible.net\\\/wp-content\\\/uploads\\\/2023\\\/01\\\/kabul-hash-canada.jpg\",\"datePublished\":\"2023-01-11T20:45:56+00:00\",\"dateModified\":\"2026-02-26T17:52:46+00:00\",\"breadcrumb\":{\"@id\":\"https:\\\/\\\/stgbc.bcweededible.net\\\/fr\\\/buy\\\/concentres\\\/hasch\\\/hash-importe\\\/kabul-hash\\\/#breadcrumb\"},\"inLanguage\":\"fr-FR\",\"potentialAction\":[{\"@type\":\"ReadAction\",\"target\":[\"https:\\\/\\\/stgbc.bcweededible.net\\\/fr\\\/buy\\\/concentres\\\/hasch\\\/hash-importe\\\/kabul-hash\\\/\"]}]},{\"@type\":\"ImageObject\",\"inLanguage\":\"fr-FR\",\"@id\":\"https:\\\/\\\/stgbc.bcweededible.net\\\/fr\\\/buy\\\/concentres\\\/hasch\\\/hash-importe\\\/kabul-hash\\\/#primaryimage\",\"url\":\"https:\\\/\\\/stgbc.bcweededible.net\\\/wp-content\\\/uploads\\\/2023\\\/01\\\/kabul-hash-canada.jpg\",\"contentUrl\":\"https:\\\/\\\/stgbc.bcweededible.net\\\/wp-content\\\/uploads\\\/2023\\\/01\\\/kabul-hash-canada.jpg\",\"width\":1000,\"height\":1000,\"caption\":\"kabul hash\"},{\"@type\":\"BreadcrumbList\",\"@id\":\"https:\\\/\\\/stgbc.bcweededible.net\\\/fr\\\/buy\\\/concentres\\\/hasch\\\/hash-importe\\\/kabul-hash\\\/#breadcrumb\",\"itemListElement\":[{\"@type\":\"ListItem\",\"position\":1,\"name\":\"Jujubes au Pot Canada\",\"item\":\"https:\\\/\\\/stgbc.bcweededible.net\\\/fr\\\/shop\\\/\"},{\"@type\":\"ListItem\",\"position\":2,\"name\":\"Hash Afghan Kabul (AAAA)\"}]},{\"@type\":\"WebSite\",\"@id\":\"https:\\\/\\\/stgbc.bcweededible.net\\\/fr\\\/#website\",\"url\":\"https:\\\/\\\/stgbc.bcweededible.net\\\/fr\\\/\",\"name\":\"BC Weed Edible\",\"description\":\"\",\"publisher\":{\"@id\":\"https:\\\/\\\/stgbc.bcweededible.net\\\/fr\\\/#organization\"},\"potentialAction\":[{\"@type\":\"SearchAction\",\"target\":{\"@type\":\"EntryPoint\",\"urlTemplate\":\"https:\\\/\\\/stgbc.bcweededible.net\\\/fr\\\/?s={search_term_string}\"},\"query-input\":{\"@type\":\"PropertyValueSpecification\",\"valueRequired\":true,\"valueName\":\"search_term_string\"}}],\"inLanguage\":\"fr-FR\"},{\"@type\":\"Organization\",\"@id\":\"https:\\\/\\\/stgbc.bcweededible.net\\\/fr\\\/#organization\",\"name\":\"BC Weed Edible\",\"url\":\"https:\\\/\\\/stgbc.bcweededible.net\\\/fr\\\/\",\"logo\":{\"@type\":\"ImageObject\",\"inLanguage\":\"fr-FR\",\"@id\":\"https:\\\/\\\/stgbc.bcweededible.net\\\/fr\\\/#\\\/schema\\\/logo\\\/image\\\/\",\"url\":\"https:\\\/\\\/stgbc.bcweededible.net\\\/wp-content\\\/uploads\\\/2021\\\/12\\\/bc-weed-edible-canada.png\",\"contentUrl\":\"https:\\\/\\\/stgbc.bcweededible.net\\\/wp-content\\\/uploads\\\/2021\\\/12\\\/bc-weed-edible-canada.png\",\"width\":270,\"height\":185,\"caption\":\"BC Weed Edible\"},\"image\":{\"@id\":\"https:\\\/\\\/stgbc.bcweededible.net\\\/fr\\\/#\\\/schema\\\/logo\\\/image\\\/\"}}]}<\/script>\n","yoast_head_json":{"title":"Acheter Hash Afghan Kabul (AAAA) | Acheter du hasch en vrac et pas cher en ligne | BC Weed Edible","robots":{"index":"index","follow":"follow","max-snippet":"max-snippet:-1","max-image-preview":"max-image-preview:large","max-video-preview":"max-video-preview:-1"},"canonical":"https:\/\/stgbc.bcweededible.net\/fr\/buy\/concentres\/hasch\/hash-importe\/kabul-hash\/","og_locale":"fr_FR","og_type":"article","og_title":"Acheter Hash Afghan Kabul (AAAA) | Acheter du hasch en vrac et pas cher en ligne | BC Weed Edible","og_description":"Le Hash Afghan Kabul(AAAA) est un haschisch populaire et puissant originaire d'Afghanistan. Pr\u00e9f\u00e9r\u00e9 par beaucoup pour ses effets intenses, ce hash est d'un brun noir\u00e2tre et doux au toucher, ce qui en fait une excellente option pour fumer dans un ''one-hitter'' ou pour tamponner. Ceux qui ont consomm\u00e9 du hash de Kaboul font souvent remarquer son go\u00fbt unique et agr\u00e9able - un m\u00e9lange de chocolat, de pin et d'\u00e9pices - ainsi que ses effets puissants. Apr\u00e8s une seule bouff\u00e9e, vous aurez un ''high'' profond suivi d'un sentiment de d\u00e9tente et d'euphorie. Informations sur le hash afghan Kabul (AAAA) Ph\u00e9notype Hybride Teneur en THC 40%+ Consistance Souple et mall\u00e9able Grade AAAA+ Couleur Brun fonc\u00e9 presque noir Effets D\u00e9tendu, cr\u00e9atif, heureux, Euphorique Profil des terp\u00e8nes \u00c9pic\u00e9, Chocolat, Pin","og_url":"https:\/\/stgbc.bcweededible.net\/fr\/buy\/concentres\/hasch\/hash-importe\/kabul-hash\/","og_site_name":"BC Weed Edible","article_modified_time":"2026-02-26T17:52:46+00:00","og_image":[{"width":1000,"height":1000,"url":"https:\/\/stgbc.bcweededible.net\/wp-content\/uploads\/2023\/01\/kabul-hash-canada.jpg","type":"image\/jpeg"}],"twitter_card":"summary_large_image","schema":{"@context":"https:\/\/schema.org","@graph":[{"@type":"WebPage","@id":"https:\/\/stgbc.bcweededible.net\/fr\/buy\/concentres\/hasch\/hash-importe\/kabul-hash\/","url":"https:\/\/stgbc.bcweededible.net\/fr\/buy\/concentres\/hasch\/hash-importe\/kabul-hash\/","name":"Acheter Hash Afghan Kabul (AAAA) | Acheter du hasch en vrac et pas cher en ligne | BC Weed Edible","isPartOf":{"@id":"https:\/\/stgbc.bcweededible.net\/fr\/#website"},"primaryImageOfPage":{"@id":"https:\/\/stgbc.bcweededible.net\/fr\/buy\/concentres\/hasch\/hash-importe\/kabul-hash\/#primaryimage"},"image":{"@id":"https:\/\/stgbc.bcweededible.net\/fr\/buy\/concentres\/hasch\/hash-importe\/kabul-hash\/#primaryimage"},"thumbnailUrl":"https:\/\/stgbc.bcweededible.net\/wp-content\/uploads\/2023\/01\/kabul-hash-canada.jpg","datePublished":"2023-01-11T20:45:56+00:00","dateModified":"2026-02-26T17:52:46+00:00","breadcrumb":{"@id":"https:\/\/stgbc.bcweededible.net\/fr\/buy\/concentres\/hasch\/hash-importe\/kabul-hash\/#breadcrumb"},"inLanguage":"fr-FR","potentialAction":[{"@type":"ReadAction","target":["https:\/\/stgbc.bcweededible.net\/fr\/buy\/concentres\/hasch\/hash-importe\/kabul-hash\/"]}]},{"@type":"ImageObject","inLanguage":"fr-FR","@id":"https:\/\/stgbc.bcweededible.net\/fr\/buy\/concentres\/hasch\/hash-importe\/kabul-hash\/#primaryimage","url":"https:\/\/stgbc.bcweededible.net\/wp-content\/uploads\/2023\/01\/kabul-hash-canada.jpg","contentUrl":"https:\/\/stgbc.bcweededible.net\/wp-content\/uploads\/2023\/01\/kabul-hash-canada.jpg","width":1000,"height":1000,"caption":"kabul hash"},{"@type":"BreadcrumbList","@id":"https:\/\/stgbc.bcweededible.net\/fr\/buy\/concentres\/hasch\/hash-importe\/kabul-hash\/#breadcrumb","itemListElement":[{"@type":"ListItem","position":1,"name":"Jujubes au Pot Canada","item":"https:\/\/stgbc.bcweededible.net\/fr\/shop\/"},{"@type":"ListItem","position":2,"name":"Hash Afghan Kabul (AAAA)"}]},{"@type":"WebSite","@id":"https:\/\/stgbc.bcweededible.net\/fr\/#website","url":"https:\/\/stgbc.bcweededible.net\/fr\/","name":"BC Weed Edible","description":"","publisher":{"@id":"https:\/\/stgbc.bcweededible.net\/fr\/#organization"},"potentialAction":[{"@type":"SearchAction","target":{"@type":"EntryPoint","urlTemplate":"https:\/\/stgbc.bcweededible.net\/fr\/?s={search_term_string}"},"query-input":{"@type":"PropertyValueSpecification","valueRequired":true,"valueName":"search_term_string"}}],"inLanguage":"fr-FR"},{"@type":"Organization","@id":"https:\/\/stgbc.bcweededible.net\/fr\/#organization","name":"BC Weed Edible","url":"https:\/\/stgbc.bcweededible.net\/fr\/","logo":{"@type":"ImageObject","inLanguage":"fr-FR","@id":"https:\/\/stgbc.bcweededible.net\/fr\/#\/schema\/logo\/image\/","url":"https:\/\/stgbc.bcweededible.net\/wp-content\/uploads\/2021\/12\/bc-weed-edible-canada.png","contentUrl":"https:\/\/stgbc.bcweededible.net\/wp-content\/uploads\/2021\/12\/bc-weed-edible-canada.png","width":270,"height":185,"caption":"BC Weed Edible"},"image":{"@id":"https:\/\/stgbc.bcweededible.net\/fr\/#\/schema\/logo\/image\/"}}]}},"_links":{"self":[{"href":"https:\/\/stgbc.bcweededible.net\/fr\/wp-json\/wp\/v2\/product\/26160","targetHints":{"allow":["GET"]}}],"collection":[{"href":"https:\/\/stgbc.bcweededible.net\/fr\/wp-json\/wp\/v2\/product"}],"about":[{"href":"https:\/\/stgbc.bcweededible.net\/fr\/wp-json\/wp\/v2\/types\/product"}],"replies":[{"embeddable":true,"href":"https:\/\/stgbc.bcweededible.net\/fr\/wp-json\/wp\/v2\/comments?post=26160"}],"wp:featuredmedia":[{"embeddable":true,"href":"https:\/\/stgbc.bcweededible.net\/fr\/wp-json\/wp\/v2\/media\/26057"}],"wp:attachment":[{"href":"https:\/\/stgbc.bcweededible.net\/fr\/wp-json\/wp\/v2\/media?parent=26160"}],"wp:term":[{"taxonomy":"product_brand","embeddable":true,"href":"https:\/\/stgbc.bcweededible.net\/fr\/wp-json\/wp\/v2\/product_brand?post=26160"},{"taxonomy":"product_cat","embeddable":true,"href":"https:\/\/stgbc.bcweededible.net\/fr\/wp-json\/wp\/v2\/product_cat?post=26160"},{"taxonomy":"product_tag","embeddable":true,"href":"https:\/\/stgbc.bcweededible.net\/fr\/wp-json\/wp\/v2\/product_tag?post=26160"}],"curies":[{"name":"wp","href":"https:\/\/api.w.org\/{rel}","templated":true}]}}