{"id":23851,"date":"2022-10-28T15:51:31","date_gmt":"2022-10-28T22:51:31","guid":{"rendered":"https:\/\/bcweededible.net\/buy\/non%20class\u00e9\/10-house-shatter\/"},"modified":"2026-04-01T11:17:16","modified_gmt":"2026-04-01T18:17:16","slug":"10-house-shatter","status":"publish","type":"product","link":"https:\/\/stgbc.bcweededible.net\/fr\/buy\/gros\/concentres-en-gros\/10-house-shatter\/","title":{"rendered":"10$ Shatter Maison"},"content":{"rendered":"<h2>Acheter notre Shatter maison<\/h2>\n<p>Chez BC Weed Edible, vous pouvez \u00eatre s\u00fbr d&#8217;obtenir <strong>uniquement le meilleur shatter, de la plus haute qualit\u00e9<\/strong>, \u00e0 un prix avantageux. <strong>Notre shatter est Nug Run<\/strong>, ce qui signifie qu&#8217;il provient directement d&#8217;une r\u00e9colte de &#8221;nugs&#8221; de qualit\u00e9 sup\u00e9rieure, assurant une puissance et une puret\u00e9 maximale.<\/p>\n<h3><strong>Alors pourquoi notre shatter est si bon march\u00e9 ?<\/strong><\/h3>\n<p>En d&#8217;autres termes, <strong>nous voulons nous assurer que tout le monde a la chance d&#8217;essayer notre incroyable produit<\/strong>, et nous sommes en mesure d&#8217;offrir de grandes quantit\u00e9s \u00e0 un prix encore meilleur ! Que vous soyez un connaisseur de longue date ou que vous commenciez votre voyage dans le monde du cannabis, nous savons que notre shatter \u00e0 10 $ vous aidera \u00e0 profiter de tous les avantages de cette plante puissante.<\/p>\n<h2>Meilleur vendeur en ligne pour du shatter au Canada<\/h2>\n<p>Lorsqu&#8217;il s&#8217;agit d&#8217;<strong>acheter du shatter,<\/strong>\u00a0il n&#8217;y a pas de meilleur endroit que BC Weed Edible. C&#8217;est l&#8217;un des<strong> meilleurs vendeurs en ligne du Canada<\/strong>, avec une s\u00e9lection impressionnante de produits de haute qualit\u00e9 \u00e0 bon prix. Que vous soyez \u00e0 la recherche d&#8217;une indica puissante ou d&#8217;une sativa piquante, BC Weed Ediblevous offre un shatter \u00e0 10 $ qui r\u00e9pondra \u00e0 vos besoins uniques.<\/p>\n<h2>Qu&#8217;est-ce que le Shatter ?<\/h2>\n<p>Le <a href=\"https:\/\/stgbc.bcweededible.net\/fr\/shop\/concentres\/shatter-fr\/\"><strong>Shatter <\/strong><\/a>est une forme tr\u00e8s concentr\u00e9e de cannabis qui est connue pour ses effets intenses. Si vous cherchez un high intense, ne cherchez pas plus loin.<\/p>\n","protected":false},"excerpt":{"rendered":"<p>Vous cherchez un <strong> shatter \u00e0 10 $<\/strong> qui vous fera planer ? Ne cherchez pas plus loin que <strong>notre Shatter maison<\/strong>. \u00a0L&#8217;offre est limit\u00e9e, alors profitez-en tant qu&#8217;il en reste! Nous voulons que vous essayiez notre d\u00e9licieux shatter c&#8217;est pour \u00e7a qu&#8217;il est disponible \u00e0 un si bon prix pour une excellente qualit\u00e9! <strong>Choisissez entre Sativa et Indica<\/strong>\u00a0pour ce produit !<\/p>\n<h2>Informations sur le shatter maison<\/h2>\n<ul>\n<li><strong>Consistance :<\/strong> Shatter<\/li>\n<li><strong>Ph\u00e9notype :<\/strong> Indica ou Sativa<\/li>\n<li><strong>Teneur en THC :<\/strong> +79%<\/li>\n<li><strong>Teneur en CBD :<\/strong> &lt;1-2%<\/li>\n<li><strong>Type d&#8217;\u00e9clats :<\/strong> Nug Run Shatter (fabriqu\u00e9 \u00e0 partir de fleurs seulement)<\/li>\n<li><strong>Fabriqu\u00e9 en :<\/strong> La belle Colombie-Britannique<\/li>\n<\/ul>\n","protected":false},"featured_media":16871,"comment_status":"open","ping_status":"closed","template":"","meta":[],"product_brand":[],"product_cat":[305,535,558,549,389],"product_tag":[],"class_list":{"0":"post-23851","1":"product","2":"type-product","3":"status-publish","4":"has-post-thumbnail","6":"product_cat-concentres","7":"product_cat-concentres-en-gros","8":"product_cat-gros","9":"product_cat-promotions","10":"product_cat-shatter-fr","12":"first","13":"instock","14":"sale","15":"shipping-taxable","16":"purchasable","17":"product-type-variable","18":"has-default-attributes"},"yoast_head":"\n<title>Buy $10 Shatter Canada | Cheap $10 per Gram Shatter | BC Weed Edible<\/title>\n<meta name=\"robots\" content=\"index, follow, max-snippet:-1, max-image-preview:large, max-video-preview:-1\" \/>\n<link rel=\"canonical\" href=\"https:\/\/stgbc.bcweededible.net\/fr\/buy\/gros\/concentres-en-gros\/10-house-shatter\/\" \/>\n<meta property=\"og:locale\" content=\"fr_FR\" \/>\n<meta property=\"og:type\" content=\"article\" \/>\n<meta property=\"og:title\" content=\"Buy $10 Shatter Canada | Cheap $10 per Gram Shatter | BC Weed Edible\" \/>\n<meta property=\"og:description\" content=\"Vous cherchez un shatter \u00e0 10 $ qui vous fera planer ? Ne cherchez pas plus loin que notre Shatter maison. \u00a0L&#039;offre est limit\u00e9e, alors profitez-en tant qu&#039;il en reste! Nous voulons que vous essayiez notre d\u00e9licieux shatter c&#039;est pour \u00e7a qu&#039;il est disponible \u00e0 un si bon prix pour une excellente qualit\u00e9! Choisissez entre Sativa et Indica\u00a0pour ce produit ! Informations sur le shatter maison Consistance : Shatter Ph\u00e9notype : Indica ou Sativa Teneur en THC : +79% Teneur en CBD : &lt;1-2% Type d&#039;\u00e9clats : Nug Run Shatter (fabriqu\u00e9 \u00e0 partir de fleurs seulement) Fabriqu\u00e9 en : La belle Colombie-Britannique\" \/>\n<meta property=\"og:url\" content=\"https:\/\/stgbc.bcweededible.net\/fr\/buy\/gros\/concentres-en-gros\/10-house-shatter\/\" \/>\n<meta property=\"og:site_name\" content=\"BC Weed Edible\" \/>\n<meta property=\"article:modified_time\" content=\"2026-04-01T18:17:16+00:00\" \/>\n<meta property=\"og:image\" content=\"https:\/\/stgbc.bcweededible.net\/wp-content\/uploads\/2022\/06\/girl-scout-cookies-indica-shatter.jpeg\" \/>\n\t<meta property=\"og:image:width\" content=\"900\" \/>\n\t<meta property=\"og:image:height\" content=\"900\" \/>\n\t<meta property=\"og:image:type\" content=\"image\/jpeg\" \/>\n<meta name=\"twitter:card\" content=\"summary_large_image\" \/>\n<meta name=\"twitter:label1\" content=\"Dur\u00e9e de lecture estim\u00e9e\" \/>\n\t<meta name=\"twitter:data1\" content=\"2 minutes\" \/>\n<script type=\"application\/ld+json\" class=\"yoast-schema-graph\">{\"@context\":\"https:\\\/\\\/schema.org\",\"@graph\":[{\"@type\":\"WebPage\",\"@id\":\"https:\\\/\\\/stgbc.bcweededible.net\\\/fr\\\/buy\\\/gros\\\/concentres-en-gros\\\/10-house-shatter\\\/\",\"url\":\"https:\\\/\\\/stgbc.bcweededible.net\\\/fr\\\/buy\\\/gros\\\/concentres-en-gros\\\/10-house-shatter\\\/\",\"name\":\"Buy $10 Shatter Canada | Cheap $10 per Gram Shatter | BC Weed Edible\",\"isPartOf\":{\"@id\":\"https:\\\/\\\/stgbc.bcweededible.net\\\/fr\\\/#website\"},\"primaryImageOfPage\":{\"@id\":\"https:\\\/\\\/stgbc.bcweededible.net\\\/fr\\\/buy\\\/gros\\\/concentres-en-gros\\\/10-house-shatter\\\/#primaryimage\"},\"image\":{\"@id\":\"https:\\\/\\\/stgbc.bcweededible.net\\\/fr\\\/buy\\\/gros\\\/concentres-en-gros\\\/10-house-shatter\\\/#primaryimage\"},\"thumbnailUrl\":\"https:\\\/\\\/stgbc.bcweededible.net\\\/wp-content\\\/uploads\\\/2022\\\/06\\\/girl-scout-cookies-indica-shatter.jpeg\",\"datePublished\":\"2022-10-28T22:51:31+00:00\",\"dateModified\":\"2026-04-01T18:17:16+00:00\",\"breadcrumb\":{\"@id\":\"https:\\\/\\\/stgbc.bcweededible.net\\\/fr\\\/buy\\\/gros\\\/concentres-en-gros\\\/10-house-shatter\\\/#breadcrumb\"},\"inLanguage\":\"fr-FR\",\"potentialAction\":[{\"@type\":\"ReadAction\",\"target\":[\"https:\\\/\\\/stgbc.bcweededible.net\\\/fr\\\/buy\\\/gros\\\/concentres-en-gros\\\/10-house-shatter\\\/\"]}]},{\"@type\":\"ImageObject\",\"inLanguage\":\"fr-FR\",\"@id\":\"https:\\\/\\\/stgbc.bcweededible.net\\\/fr\\\/buy\\\/gros\\\/concentres-en-gros\\\/10-house-shatter\\\/#primaryimage\",\"url\":\"https:\\\/\\\/stgbc.bcweededible.net\\\/wp-content\\\/uploads\\\/2022\\\/06\\\/girl-scout-cookies-indica-shatter.jpeg\",\"contentUrl\":\"https:\\\/\\\/stgbc.bcweededible.net\\\/wp-content\\\/uploads\\\/2022\\\/06\\\/girl-scout-cookies-indica-shatter.jpeg\",\"width\":900,\"height\":900,\"caption\":\"girl-scout cookies indica shatter\"},{\"@type\":\"BreadcrumbList\",\"@id\":\"https:\\\/\\\/stgbc.bcweededible.net\\\/fr\\\/buy\\\/gros\\\/concentres-en-gros\\\/10-house-shatter\\\/#breadcrumb\",\"itemListElement\":[{\"@type\":\"ListItem\",\"position\":1,\"name\":\"Jujubes au Pot Canada\",\"item\":\"https:\\\/\\\/stgbc.bcweededible.net\\\/fr\\\/shop\\\/\"},{\"@type\":\"ListItem\",\"position\":2,\"name\":\"10$ Shatter Maison\"}]},{\"@type\":\"WebSite\",\"@id\":\"https:\\\/\\\/stgbc.bcweededible.net\\\/fr\\\/#website\",\"url\":\"https:\\\/\\\/stgbc.bcweededible.net\\\/fr\\\/\",\"name\":\"BC Weed Edible\",\"description\":\"\",\"publisher\":{\"@id\":\"https:\\\/\\\/stgbc.bcweededible.net\\\/fr\\\/#organization\"},\"potentialAction\":[{\"@type\":\"SearchAction\",\"target\":{\"@type\":\"EntryPoint\",\"urlTemplate\":\"https:\\\/\\\/stgbc.bcweededible.net\\\/fr\\\/?s={search_term_string}\"},\"query-input\":{\"@type\":\"PropertyValueSpecification\",\"valueRequired\":true,\"valueName\":\"search_term_string\"}}],\"inLanguage\":\"fr-FR\"},{\"@type\":\"Organization\",\"@id\":\"https:\\\/\\\/stgbc.bcweededible.net\\\/fr\\\/#organization\",\"name\":\"BC Weed Edible\",\"url\":\"https:\\\/\\\/stgbc.bcweededible.net\\\/fr\\\/\",\"logo\":{\"@type\":\"ImageObject\",\"inLanguage\":\"fr-FR\",\"@id\":\"https:\\\/\\\/stgbc.bcweededible.net\\\/fr\\\/#\\\/schema\\\/logo\\\/image\\\/\",\"url\":\"https:\\\/\\\/stgbc.bcweededible.net\\\/wp-content\\\/uploads\\\/2021\\\/12\\\/bc-weed-edible-canada.png\",\"contentUrl\":\"https:\\\/\\\/stgbc.bcweededible.net\\\/wp-content\\\/uploads\\\/2021\\\/12\\\/bc-weed-edible-canada.png\",\"width\":270,\"height\":185,\"caption\":\"BC Weed Edible\"},\"image\":{\"@id\":\"https:\\\/\\\/stgbc.bcweededible.net\\\/fr\\\/#\\\/schema\\\/logo\\\/image\\\/\"}}]}<\/script>\n","yoast_head_json":{"title":"Buy $10 Shatter Canada | Cheap $10 per Gram Shatter | BC Weed Edible","robots":{"index":"index","follow":"follow","max-snippet":"max-snippet:-1","max-image-preview":"max-image-preview:large","max-video-preview":"max-video-preview:-1"},"canonical":"https:\/\/stgbc.bcweededible.net\/fr\/buy\/gros\/concentres-en-gros\/10-house-shatter\/","og_locale":"fr_FR","og_type":"article","og_title":"Buy $10 Shatter Canada | Cheap $10 per Gram Shatter | BC Weed Edible","og_description":"Vous cherchez un shatter \u00e0 10 $ qui vous fera planer ? Ne cherchez pas plus loin que notre Shatter maison. \u00a0L'offre est limit\u00e9e, alors profitez-en tant qu'il en reste! Nous voulons que vous essayiez notre d\u00e9licieux shatter c'est pour \u00e7a qu'il est disponible \u00e0 un si bon prix pour une excellente qualit\u00e9! Choisissez entre Sativa et Indica\u00a0pour ce produit ! Informations sur le shatter maison Consistance : Shatter Ph\u00e9notype : Indica ou Sativa Teneur en THC : +79% Teneur en CBD : &lt;1-2% Type d'\u00e9clats : Nug Run Shatter (fabriqu\u00e9 \u00e0 partir de fleurs seulement) Fabriqu\u00e9 en : La belle Colombie-Britannique","og_url":"https:\/\/stgbc.bcweededible.net\/fr\/buy\/gros\/concentres-en-gros\/10-house-shatter\/","og_site_name":"BC Weed Edible","article_modified_time":"2026-04-01T18:17:16+00:00","og_image":[{"width":900,"height":900,"url":"https:\/\/stgbc.bcweededible.net\/wp-content\/uploads\/2022\/06\/girl-scout-cookies-indica-shatter.jpeg","type":"image\/jpeg"}],"twitter_card":"summary_large_image","twitter_misc":{"Dur\u00e9e de lecture estim\u00e9e":"2 minutes"},"schema":{"@context":"https:\/\/schema.org","@graph":[{"@type":"WebPage","@id":"https:\/\/stgbc.bcweededible.net\/fr\/buy\/gros\/concentres-en-gros\/10-house-shatter\/","url":"https:\/\/stgbc.bcweededible.net\/fr\/buy\/gros\/concentres-en-gros\/10-house-shatter\/","name":"Buy $10 Shatter Canada | Cheap $10 per Gram Shatter | BC Weed Edible","isPartOf":{"@id":"https:\/\/stgbc.bcweededible.net\/fr\/#website"},"primaryImageOfPage":{"@id":"https:\/\/stgbc.bcweededible.net\/fr\/buy\/gros\/concentres-en-gros\/10-house-shatter\/#primaryimage"},"image":{"@id":"https:\/\/stgbc.bcweededible.net\/fr\/buy\/gros\/concentres-en-gros\/10-house-shatter\/#primaryimage"},"thumbnailUrl":"https:\/\/stgbc.bcweededible.net\/wp-content\/uploads\/2022\/06\/girl-scout-cookies-indica-shatter.jpeg","datePublished":"2022-10-28T22:51:31+00:00","dateModified":"2026-04-01T18:17:16+00:00","breadcrumb":{"@id":"https:\/\/stgbc.bcweededible.net\/fr\/buy\/gros\/concentres-en-gros\/10-house-shatter\/#breadcrumb"},"inLanguage":"fr-FR","potentialAction":[{"@type":"ReadAction","target":["https:\/\/stgbc.bcweededible.net\/fr\/buy\/gros\/concentres-en-gros\/10-house-shatter\/"]}]},{"@type":"ImageObject","inLanguage":"fr-FR","@id":"https:\/\/stgbc.bcweededible.net\/fr\/buy\/gros\/concentres-en-gros\/10-house-shatter\/#primaryimage","url":"https:\/\/stgbc.bcweededible.net\/wp-content\/uploads\/2022\/06\/girl-scout-cookies-indica-shatter.jpeg","contentUrl":"https:\/\/stgbc.bcweededible.net\/wp-content\/uploads\/2022\/06\/girl-scout-cookies-indica-shatter.jpeg","width":900,"height":900,"caption":"girl-scout cookies indica shatter"},{"@type":"BreadcrumbList","@id":"https:\/\/stgbc.bcweededible.net\/fr\/buy\/gros\/concentres-en-gros\/10-house-shatter\/#breadcrumb","itemListElement":[{"@type":"ListItem","position":1,"name":"Jujubes au Pot Canada","item":"https:\/\/stgbc.bcweededible.net\/fr\/shop\/"},{"@type":"ListItem","position":2,"name":"10$ Shatter Maison"}]},{"@type":"WebSite","@id":"https:\/\/stgbc.bcweededible.net\/fr\/#website","url":"https:\/\/stgbc.bcweededible.net\/fr\/","name":"BC Weed Edible","description":"","publisher":{"@id":"https:\/\/stgbc.bcweededible.net\/fr\/#organization"},"potentialAction":[{"@type":"SearchAction","target":{"@type":"EntryPoint","urlTemplate":"https:\/\/stgbc.bcweededible.net\/fr\/?s={search_term_string}"},"query-input":{"@type":"PropertyValueSpecification","valueRequired":true,"valueName":"search_term_string"}}],"inLanguage":"fr-FR"},{"@type":"Organization","@id":"https:\/\/stgbc.bcweededible.net\/fr\/#organization","name":"BC Weed Edible","url":"https:\/\/stgbc.bcweededible.net\/fr\/","logo":{"@type":"ImageObject","inLanguage":"fr-FR","@id":"https:\/\/stgbc.bcweededible.net\/fr\/#\/schema\/logo\/image\/","url":"https:\/\/stgbc.bcweededible.net\/wp-content\/uploads\/2021\/12\/bc-weed-edible-canada.png","contentUrl":"https:\/\/stgbc.bcweededible.net\/wp-content\/uploads\/2021\/12\/bc-weed-edible-canada.png","width":270,"height":185,"caption":"BC Weed Edible"},"image":{"@id":"https:\/\/stgbc.bcweededible.net\/fr\/#\/schema\/logo\/image\/"}}]}},"_links":{"self":[{"href":"https:\/\/stgbc.bcweededible.net\/fr\/wp-json\/wp\/v2\/product\/23851","targetHints":{"allow":["GET"]}}],"collection":[{"href":"https:\/\/stgbc.bcweededible.net\/fr\/wp-json\/wp\/v2\/product"}],"about":[{"href":"https:\/\/stgbc.bcweededible.net\/fr\/wp-json\/wp\/v2\/types\/product"}],"replies":[{"embeddable":true,"href":"https:\/\/stgbc.bcweededible.net\/fr\/wp-json\/wp\/v2\/comments?post=23851"}],"wp:featuredmedia":[{"embeddable":true,"href":"https:\/\/stgbc.bcweededible.net\/fr\/wp-json\/wp\/v2\/media\/16871"}],"wp:attachment":[{"href":"https:\/\/stgbc.bcweededible.net\/fr\/wp-json\/wp\/v2\/media?parent=23851"}],"wp:term":[{"taxonomy":"product_brand","embeddable":true,"href":"https:\/\/stgbc.bcweededible.net\/fr\/wp-json\/wp\/v2\/product_brand?post=23851"},{"taxonomy":"product_cat","embeddable":true,"href":"https:\/\/stgbc.bcweededible.net\/fr\/wp-json\/wp\/v2\/product_cat?post=23851"},{"taxonomy":"product_tag","embeddable":true,"href":"https:\/\/stgbc.bcweededible.net\/fr\/wp-json\/wp\/v2\/product_tag?post=23851"}],"curies":[{"name":"wp","href":"https:\/\/api.w.org\/{rel}","templated":true}]}}