{"id":23849,"date":"2022-05-25T13:27:06","date_gmt":"2022-12-01T15:59:04","guid":{"rendered":"https:\/\/bcweededible.net\/buy\/non%20class\u00e9\/build-your-own-aaa-quarter-pound-4-x-1-oz\/"},"modified":"2024-02-05T16:41:37","modified_gmt":"2024-02-06T00:41:37","slug":"mix-match-aaa-quarter-pound","status":"publish","type":"product","link":"https:\/\/stgbc.bcweededible.net\/fr\/buy\/gros\/pot-gros\/mix-match-aaa-quarter-pound\/","title":{"rendered":"Construisez votre AAA + quart de livre 4 x 1 oz"},"content":{"rendered":"","protected":false},"excerpt":{"rendered":"<p>Acheter <strong>Build Your Own AAA+ Quarter Pound<\/strong> chez BC Weed Edible, vous avez maintenant la possibilit\u00e9 de <strong>choisir 4 diff\u00e9rents 28 grammes (Oz) dans notre cat\u00e9gorie <a href=\"http:\/\/bcweededible.net\/shop\/cannabis-flowers\/aaa-grade\/\">AAA+ Weed Grade<\/a>.<\/strong> Tous entre <strong>AAA+ et AAAA Grade<\/strong>. Cette offre Mix N Match est un pack \u00e9conomique qui est id\u00e9al pour les acheteurs ind\u00e9cis, ceux qui aiment la vari\u00e9t\u00e9 et tous ceux qui cherchent \u00e0 se soigner sans avoir \u00e0 renoncer \u00e0 la qualit\u00e9 pour le prix.<\/p>\n<p>Choisissez entre vos vari\u00e9t\u00e9s pr\u00e9f\u00e9r\u00e9es\u00a0: Sativa, Indica et hybrides.<\/p>\n","protected":false},"featured_media":15671,"comment_status":"open","ping_status":"closed","template":"","meta":[],"product_brand":[],"product_cat":[290,245,293,294,550,452,295],"product_tag":[],"class_list":{"0":"post-23849","1":"product","2":"type-product","3":"status-publish","4":"has-post-thumbnail","6":"product_cat-aaa","7":"product_cat-fleurs-cannabis","8":"product_cat-hybrid-fr","9":"product_cat-indica-fr","10":"product_cat-mix-match-fr","11":"product_cat-pot-gros","12":"product_cat-sativa-fr","14":"first","15":"instock","16":"sale","17":"shipping-taxable","18":"product-type-mix-and-match"},"yoast_head":"\n<title>Acheter la Construisez votre AAA + quart de livre 4 x 1 oz en ligne Canada | BC Weed Edible<\/title>\n<meta name=\"robots\" content=\"index, follow, max-snippet:-1, max-image-preview:large, max-video-preview:-1\" \/>\n<link rel=\"canonical\" href=\"https:\/\/stgbc.bcweededible.net\/fr\/buy\/gros\/pot-gros\/mix-match-aaa-quarter-pound\/\" \/>\n<meta property=\"og:locale\" content=\"fr_FR\" \/>\n<meta property=\"og:type\" content=\"article\" \/>\n<meta property=\"og:title\" content=\"Acheter la Construisez votre AAA + quart de livre 4 x 1 oz en ligne Canada | BC Weed Edible\" \/>\n<meta property=\"og:description\" content=\"Acheter Build Your Own AAA+ Quarter Pound chez BC Weed Edible, vous avez maintenant la possibilit\u00e9 de choisir 4 diff\u00e9rents 28 grammes (Oz) dans notre cat\u00e9gorie AAA+ Weed Grade. Tous entre AAA+ et AAAA Grade. Cette offre Mix N Match est un pack \u00e9conomique qui est id\u00e9al pour les acheteurs ind\u00e9cis, ceux qui aiment la vari\u00e9t\u00e9 et tous ceux qui cherchent \u00e0 se soigner sans avoir \u00e0 renoncer \u00e0 la qualit\u00e9 pour le prix. Choisissez entre vos vari\u00e9t\u00e9s pr\u00e9f\u00e9r\u00e9es\u00a0: Sativa, Indica et hybrides.\" \/>\n<meta property=\"og:url\" content=\"https:\/\/stgbc.bcweededible.net\/fr\/buy\/gros\/pot-gros\/mix-match-aaa-quarter-pound\/\" \/>\n<meta property=\"og:site_name\" content=\"BC Weed Edible\" \/>\n<meta property=\"article:modified_time\" content=\"2024-02-06T00:41:37+00:00\" \/>\n<meta property=\"og:image\" content=\"https:\/\/stgbc.bcweededible.net\/wp-content\/uploads\/2022\/05\/mixnmatch-quarterpound-aaaplus-weed.jpg\" \/>\n\t<meta property=\"og:image:width\" content=\"600\" \/>\n\t<meta property=\"og:image:height\" content=\"600\" \/>\n\t<meta property=\"og:image:type\" content=\"image\/jpeg\" \/>\n<meta name=\"twitter:card\" content=\"summary_large_image\" \/>\n<script type=\"application\/ld+json\" class=\"yoast-schema-graph\">{\"@context\":\"https:\\\/\\\/schema.org\",\"@graph\":[{\"@type\":\"WebPage\",\"@id\":\"https:\\\/\\\/stgbc.bcweededible.net\\\/fr\\\/buy\\\/gros\\\/pot-gros\\\/mix-match-aaa-quarter-pound\\\/\",\"url\":\"https:\\\/\\\/stgbc.bcweededible.net\\\/fr\\\/buy\\\/gros\\\/pot-gros\\\/mix-match-aaa-quarter-pound\\\/\",\"name\":\"Acheter la Construisez votre AAA + quart de livre 4 x 1 oz en ligne Canada | BC Weed Edible\",\"isPartOf\":{\"@id\":\"https:\\\/\\\/stgbc.bcweededible.net\\\/fr\\\/#website\"},\"primaryImageOfPage\":{\"@id\":\"https:\\\/\\\/stgbc.bcweededible.net\\\/fr\\\/buy\\\/gros\\\/pot-gros\\\/mix-match-aaa-quarter-pound\\\/#primaryimage\"},\"image\":{\"@id\":\"https:\\\/\\\/stgbc.bcweededible.net\\\/fr\\\/buy\\\/gros\\\/pot-gros\\\/mix-match-aaa-quarter-pound\\\/#primaryimage\"},\"thumbnailUrl\":\"https:\\\/\\\/stgbc.bcweededible.net\\\/wp-content\\\/uploads\\\/2022\\\/05\\\/mixnmatch-quarterpound-aaaplus-weed.jpg\",\"datePublished\":\"2022-12-01T15:59:04+00:00\",\"dateModified\":\"2024-02-06T00:41:37+00:00\",\"breadcrumb\":{\"@id\":\"https:\\\/\\\/stgbc.bcweededible.net\\\/fr\\\/buy\\\/gros\\\/pot-gros\\\/mix-match-aaa-quarter-pound\\\/#breadcrumb\"},\"inLanguage\":\"fr-FR\",\"potentialAction\":[{\"@type\":\"ReadAction\",\"target\":[\"https:\\\/\\\/stgbc.bcweededible.net\\\/fr\\\/buy\\\/gros\\\/pot-gros\\\/mix-match-aaa-quarter-pound\\\/\"]}]},{\"@type\":\"ImageObject\",\"inLanguage\":\"fr-FR\",\"@id\":\"https:\\\/\\\/stgbc.bcweededible.net\\\/fr\\\/buy\\\/gros\\\/pot-gros\\\/mix-match-aaa-quarter-pound\\\/#primaryimage\",\"url\":\"https:\\\/\\\/stgbc.bcweededible.net\\\/wp-content\\\/uploads\\\/2022\\\/05\\\/mixnmatch-quarterpound-aaaplus-weed.jpg\",\"contentUrl\":\"https:\\\/\\\/stgbc.bcweededible.net\\\/wp-content\\\/uploads\\\/2022\\\/05\\\/mixnmatch-quarterpound-aaaplus-weed.jpg\",\"width\":600,\"height\":600,\"caption\":\"mix match quarter pound\"},{\"@type\":\"BreadcrumbList\",\"@id\":\"https:\\\/\\\/stgbc.bcweededible.net\\\/fr\\\/buy\\\/gros\\\/pot-gros\\\/mix-match-aaa-quarter-pound\\\/#breadcrumb\",\"itemListElement\":[{\"@type\":\"ListItem\",\"position\":1,\"name\":\"Jujubes au Pot Canada\",\"item\":\"https:\\\/\\\/stgbc.bcweededible.net\\\/fr\\\/shop\\\/\"},{\"@type\":\"ListItem\",\"position\":2,\"name\":\"Construisez votre AAA + quart de livre 4 x 1 oz\"}]},{\"@type\":\"WebSite\",\"@id\":\"https:\\\/\\\/stgbc.bcweededible.net\\\/fr\\\/#website\",\"url\":\"https:\\\/\\\/stgbc.bcweededible.net\\\/fr\\\/\",\"name\":\"BC Weed Edible\",\"description\":\"\",\"publisher\":{\"@id\":\"https:\\\/\\\/stgbc.bcweededible.net\\\/fr\\\/#organization\"},\"potentialAction\":[{\"@type\":\"SearchAction\",\"target\":{\"@type\":\"EntryPoint\",\"urlTemplate\":\"https:\\\/\\\/stgbc.bcweededible.net\\\/fr\\\/?s={search_term_string}\"},\"query-input\":{\"@type\":\"PropertyValueSpecification\",\"valueRequired\":true,\"valueName\":\"search_term_string\"}}],\"inLanguage\":\"fr-FR\"},{\"@type\":\"Organization\",\"@id\":\"https:\\\/\\\/stgbc.bcweededible.net\\\/fr\\\/#organization\",\"name\":\"BC Weed Edible\",\"url\":\"https:\\\/\\\/stgbc.bcweededible.net\\\/fr\\\/\",\"logo\":{\"@type\":\"ImageObject\",\"inLanguage\":\"fr-FR\",\"@id\":\"https:\\\/\\\/stgbc.bcweededible.net\\\/fr\\\/#\\\/schema\\\/logo\\\/image\\\/\",\"url\":\"https:\\\/\\\/stgbc.bcweededible.net\\\/wp-content\\\/uploads\\\/2021\\\/12\\\/bc-weed-edible-canada.png\",\"contentUrl\":\"https:\\\/\\\/stgbc.bcweededible.net\\\/wp-content\\\/uploads\\\/2021\\\/12\\\/bc-weed-edible-canada.png\",\"width\":270,\"height\":185,\"caption\":\"BC Weed Edible\"},\"image\":{\"@id\":\"https:\\\/\\\/stgbc.bcweededible.net\\\/fr\\\/#\\\/schema\\\/logo\\\/image\\\/\"}}]}<\/script>\n","yoast_head_json":{"title":"Acheter la Construisez votre AAA + quart de livre 4 x 1 oz en ligne Canada | BC Weed Edible","robots":{"index":"index","follow":"follow","max-snippet":"max-snippet:-1","max-image-preview":"max-image-preview:large","max-video-preview":"max-video-preview:-1"},"canonical":"https:\/\/stgbc.bcweededible.net\/fr\/buy\/gros\/pot-gros\/mix-match-aaa-quarter-pound\/","og_locale":"fr_FR","og_type":"article","og_title":"Acheter la Construisez votre AAA + quart de livre 4 x 1 oz en ligne Canada | BC Weed Edible","og_description":"Acheter Build Your Own AAA+ Quarter Pound chez BC Weed Edible, vous avez maintenant la possibilit\u00e9 de choisir 4 diff\u00e9rents 28 grammes (Oz) dans notre cat\u00e9gorie AAA+ Weed Grade. Tous entre AAA+ et AAAA Grade. Cette offre Mix N Match est un pack \u00e9conomique qui est id\u00e9al pour les acheteurs ind\u00e9cis, ceux qui aiment la vari\u00e9t\u00e9 et tous ceux qui cherchent \u00e0 se soigner sans avoir \u00e0 renoncer \u00e0 la qualit\u00e9 pour le prix. Choisissez entre vos vari\u00e9t\u00e9s pr\u00e9f\u00e9r\u00e9es\u00a0: Sativa, Indica et hybrides.","og_url":"https:\/\/stgbc.bcweededible.net\/fr\/buy\/gros\/pot-gros\/mix-match-aaa-quarter-pound\/","og_site_name":"BC Weed Edible","article_modified_time":"2024-02-06T00:41:37+00:00","og_image":[{"width":600,"height":600,"url":"https:\/\/stgbc.bcweededible.net\/wp-content\/uploads\/2022\/05\/mixnmatch-quarterpound-aaaplus-weed.jpg","type":"image\/jpeg"}],"twitter_card":"summary_large_image","schema":{"@context":"https:\/\/schema.org","@graph":[{"@type":"WebPage","@id":"https:\/\/stgbc.bcweededible.net\/fr\/buy\/gros\/pot-gros\/mix-match-aaa-quarter-pound\/","url":"https:\/\/stgbc.bcweededible.net\/fr\/buy\/gros\/pot-gros\/mix-match-aaa-quarter-pound\/","name":"Acheter la Construisez votre AAA + quart de livre 4 x 1 oz en ligne Canada | BC Weed Edible","isPartOf":{"@id":"https:\/\/stgbc.bcweededible.net\/fr\/#website"},"primaryImageOfPage":{"@id":"https:\/\/stgbc.bcweededible.net\/fr\/buy\/gros\/pot-gros\/mix-match-aaa-quarter-pound\/#primaryimage"},"image":{"@id":"https:\/\/stgbc.bcweededible.net\/fr\/buy\/gros\/pot-gros\/mix-match-aaa-quarter-pound\/#primaryimage"},"thumbnailUrl":"https:\/\/stgbc.bcweededible.net\/wp-content\/uploads\/2022\/05\/mixnmatch-quarterpound-aaaplus-weed.jpg","datePublished":"2022-12-01T15:59:04+00:00","dateModified":"2024-02-06T00:41:37+00:00","breadcrumb":{"@id":"https:\/\/stgbc.bcweededible.net\/fr\/buy\/gros\/pot-gros\/mix-match-aaa-quarter-pound\/#breadcrumb"},"inLanguage":"fr-FR","potentialAction":[{"@type":"ReadAction","target":["https:\/\/stgbc.bcweededible.net\/fr\/buy\/gros\/pot-gros\/mix-match-aaa-quarter-pound\/"]}]},{"@type":"ImageObject","inLanguage":"fr-FR","@id":"https:\/\/stgbc.bcweededible.net\/fr\/buy\/gros\/pot-gros\/mix-match-aaa-quarter-pound\/#primaryimage","url":"https:\/\/stgbc.bcweededible.net\/wp-content\/uploads\/2022\/05\/mixnmatch-quarterpound-aaaplus-weed.jpg","contentUrl":"https:\/\/stgbc.bcweededible.net\/wp-content\/uploads\/2022\/05\/mixnmatch-quarterpound-aaaplus-weed.jpg","width":600,"height":600,"caption":"mix match quarter pound"},{"@type":"BreadcrumbList","@id":"https:\/\/stgbc.bcweededible.net\/fr\/buy\/gros\/pot-gros\/mix-match-aaa-quarter-pound\/#breadcrumb","itemListElement":[{"@type":"ListItem","position":1,"name":"Jujubes au Pot Canada","item":"https:\/\/stgbc.bcweededible.net\/fr\/shop\/"},{"@type":"ListItem","position":2,"name":"Construisez votre AAA + quart de livre 4 x 1 oz"}]},{"@type":"WebSite","@id":"https:\/\/stgbc.bcweededible.net\/fr\/#website","url":"https:\/\/stgbc.bcweededible.net\/fr\/","name":"BC Weed Edible","description":"","publisher":{"@id":"https:\/\/stgbc.bcweededible.net\/fr\/#organization"},"potentialAction":[{"@type":"SearchAction","target":{"@type":"EntryPoint","urlTemplate":"https:\/\/stgbc.bcweededible.net\/fr\/?s={search_term_string}"},"query-input":{"@type":"PropertyValueSpecification","valueRequired":true,"valueName":"search_term_string"}}],"inLanguage":"fr-FR"},{"@type":"Organization","@id":"https:\/\/stgbc.bcweededible.net\/fr\/#organization","name":"BC Weed Edible","url":"https:\/\/stgbc.bcweededible.net\/fr\/","logo":{"@type":"ImageObject","inLanguage":"fr-FR","@id":"https:\/\/stgbc.bcweededible.net\/fr\/#\/schema\/logo\/image\/","url":"https:\/\/stgbc.bcweededible.net\/wp-content\/uploads\/2021\/12\/bc-weed-edible-canada.png","contentUrl":"https:\/\/stgbc.bcweededible.net\/wp-content\/uploads\/2021\/12\/bc-weed-edible-canada.png","width":270,"height":185,"caption":"BC Weed Edible"},"image":{"@id":"https:\/\/stgbc.bcweededible.net\/fr\/#\/schema\/logo\/image\/"}}]}},"_links":{"self":[{"href":"https:\/\/stgbc.bcweededible.net\/fr\/wp-json\/wp\/v2\/product\/23849","targetHints":{"allow":["GET"]}}],"collection":[{"href":"https:\/\/stgbc.bcweededible.net\/fr\/wp-json\/wp\/v2\/product"}],"about":[{"href":"https:\/\/stgbc.bcweededible.net\/fr\/wp-json\/wp\/v2\/types\/product"}],"replies":[{"embeddable":true,"href":"https:\/\/stgbc.bcweededible.net\/fr\/wp-json\/wp\/v2\/comments?post=23849"}],"wp:featuredmedia":[{"embeddable":true,"href":"https:\/\/stgbc.bcweededible.net\/fr\/wp-json\/wp\/v2\/media\/15671"}],"wp:attachment":[{"href":"https:\/\/stgbc.bcweededible.net\/fr\/wp-json\/wp\/v2\/media?parent=23849"}],"wp:term":[{"taxonomy":"product_brand","embeddable":true,"href":"https:\/\/stgbc.bcweededible.net\/fr\/wp-json\/wp\/v2\/product_brand?post=23849"},{"taxonomy":"product_cat","embeddable":true,"href":"https:\/\/stgbc.bcweededible.net\/fr\/wp-json\/wp\/v2\/product_cat?post=23849"},{"taxonomy":"product_tag","embeddable":true,"href":"https:\/\/stgbc.bcweededible.net\/fr\/wp-json\/wp\/v2\/product_tag?post=23849"}],"curies":[{"name":"wp","href":"https:\/\/api.w.org\/{rel}","templated":true}]}}