{"id":23770,"date":"2022-05-16T18:33:02","date_gmt":"2022-05-17T01:33:02","guid":{"rendered":"https:\/\/bcweededible.net\/buy\/non%20class\u00e9\/construisez-votre-propre-demi-livre-avec-99-oz\/"},"modified":"2026-03-18T16:31:49","modified_gmt":"2026-03-18T23:31:49","slug":"mix-match-8oz-fleurs","status":"publish","type":"product","link":"https:\/\/stgbc.bcweededible.net\/fr\/buy\/gros\/pot-gros\/mix-match-8oz-fleurs\/","title":{"rendered":"Mix &#038; Match 8oz Fleurs (25% Rabais)"},"content":{"rendered":"","protected":false},"excerpt":{"rendered":"<p>Achetez <strong>8oz Fleurs avec 25% de Rabais<\/strong>\u00a0chez BC Weed Edible , vous avez maintenant la possibilit\u00e9 de <strong>choisir 8 onces diff\u00e9rentes parmis <a href=\"https:\/\/stgbc.bcweededible.net\/fr\/shop\/fleurs-cannabis\/\">nos fleurs les plus populaires<\/a>.<\/strong> Tous entre <strong>AA+ et AAA+ Grade<\/strong> . Cette offre Mix N Match est un pack \u00e9conomique qui est id\u00e9al pour les acheteurs ind\u00e9cis, ceux qui aiment la vari\u00e9t\u00e9 et tous ceux qui cherchent \u00e0 se soigner sans avoir \u00e0 renoncer \u00e0 la qualit\u00e9 pour le prix.<\/p>\n<p>Choisissez entre vos vari\u00e9t\u00e9s pr\u00e9f\u00e9r\u00e9es\u00a0: Sativa, Indica et hybrides.<\/p>\n","protected":false},"featured_media":15269,"comment_status":"open","ping_status":"closed","template":"","meta":[],"product_brand":[],"product_cat":[290,245,293,294,470,550,289,292,452,295],"product_tag":[],"class_list":{"0":"post-23770","1":"product","2":"type-product","3":"status-publish","4":"has-post-thumbnail","6":"product_cat-aaa","7":"product_cat-fleurs-cannabis","8":"product_cat-hybrid-fr","9":"product_cat-indica-fr","10":"product_cat-livre-de-pot","11":"product_cat-mix-match-fr","12":"product_cat-99-oz-fr","13":"product_cat-ounces-pas-cher","14":"product_cat-pot-gros","15":"product_cat-sativa-fr","17":"first","18":"instock","19":"sale","20":"featured","21":"shipping-taxable","22":"purchasable","23":"product-type-mix-and-match"},"yoast_head":"\n<title>Acheter la Mix &amp; Match 8oz Fleurs (25% Rabais) en ligne Canada | BC Weed Edible<\/title>\n<meta name=\"robots\" content=\"index, follow, max-snippet:-1, max-image-preview:large, max-video-preview:-1\" \/>\n<link rel=\"canonical\" href=\"https:\/\/stgbc.bcweededible.net\/fr\/buy\/gros\/pot-gros\/mix-match-8oz-fleurs\/\" \/>\n<meta property=\"og:locale\" content=\"fr_FR\" \/>\n<meta property=\"og:type\" content=\"article\" \/>\n<meta property=\"og:title\" content=\"Acheter la Mix &amp; Match 8oz Fleurs (25% Rabais) en ligne Canada | BC Weed Edible\" \/>\n<meta property=\"og:description\" content=\"Achetez 8oz Fleurs avec 25% de Rabais\u00a0chez BC Weed Edible , vous avez maintenant la possibilit\u00e9 de choisir 8 onces diff\u00e9rentes parmis nos fleurs les plus populaires. Tous entre AA+ et AAA+ Grade . Cette offre Mix N Match est un pack \u00e9conomique qui est id\u00e9al pour les acheteurs ind\u00e9cis, ceux qui aiment la vari\u00e9t\u00e9 et tous ceux qui cherchent \u00e0 se soigner sans avoir \u00e0 renoncer \u00e0 la qualit\u00e9 pour le prix. Choisissez entre vos vari\u00e9t\u00e9s pr\u00e9f\u00e9r\u00e9es\u00a0: Sativa, Indica et hybrides.\" \/>\n<meta property=\"og:url\" content=\"https:\/\/stgbc.bcweededible.net\/fr\/buy\/gros\/pot-gros\/mix-match-8oz-fleurs\/\" \/>\n<meta property=\"og:site_name\" content=\"BC Weed Edible\" \/>\n<meta property=\"article:modified_time\" content=\"2026-03-18T23:31:49+00:00\" \/>\n<meta property=\"og:image\" content=\"https:\/\/stgbc.bcweededible.net\/wp-content\/uploads\/2022\/05\/mix-match-oz.jpg\" \/>\n\t<meta property=\"og:image:width\" content=\"600\" \/>\n\t<meta property=\"og:image:height\" content=\"600\" \/>\n\t<meta property=\"og:image:type\" content=\"image\/jpeg\" \/>\n<meta name=\"twitter:card\" content=\"summary_large_image\" \/>\n<script type=\"application\/ld+json\" class=\"yoast-schema-graph\">{\"@context\":\"https:\\\/\\\/schema.org\",\"@graph\":[{\"@type\":\"WebPage\",\"@id\":\"https:\\\/\\\/stgbc.bcweededible.net\\\/fr\\\/buy\\\/gros\\\/pot-gros\\\/mix-match-8oz-fleurs\\\/\",\"url\":\"https:\\\/\\\/stgbc.bcweededible.net\\\/fr\\\/buy\\\/gros\\\/pot-gros\\\/mix-match-8oz-fleurs\\\/\",\"name\":\"Acheter la Mix & Match 8oz Fleurs (25% Rabais) en ligne Canada | BC Weed Edible\",\"isPartOf\":{\"@id\":\"https:\\\/\\\/stgbc.bcweededible.net\\\/fr\\\/#website\"},\"primaryImageOfPage\":{\"@id\":\"https:\\\/\\\/stgbc.bcweededible.net\\\/fr\\\/buy\\\/gros\\\/pot-gros\\\/mix-match-8oz-fleurs\\\/#primaryimage\"},\"image\":{\"@id\":\"https:\\\/\\\/stgbc.bcweededible.net\\\/fr\\\/buy\\\/gros\\\/pot-gros\\\/mix-match-8oz-fleurs\\\/#primaryimage\"},\"thumbnailUrl\":\"https:\\\/\\\/stgbc.bcweededible.net\\\/wp-content\\\/uploads\\\/2022\\\/05\\\/mix-match-oz.jpg\",\"datePublished\":\"2022-05-17T01:33:02+00:00\",\"dateModified\":\"2026-03-18T23:31:49+00:00\",\"breadcrumb\":{\"@id\":\"https:\\\/\\\/stgbc.bcweededible.net\\\/fr\\\/buy\\\/gros\\\/pot-gros\\\/mix-match-8oz-fleurs\\\/#breadcrumb\"},\"inLanguage\":\"fr-FR\",\"potentialAction\":[{\"@type\":\"ReadAction\",\"target\":[\"https:\\\/\\\/stgbc.bcweededible.net\\\/fr\\\/buy\\\/gros\\\/pot-gros\\\/mix-match-8oz-fleurs\\\/\"]}]},{\"@type\":\"ImageObject\",\"inLanguage\":\"fr-FR\",\"@id\":\"https:\\\/\\\/stgbc.bcweededible.net\\\/fr\\\/buy\\\/gros\\\/pot-gros\\\/mix-match-8oz-fleurs\\\/#primaryimage\",\"url\":\"https:\\\/\\\/stgbc.bcweededible.net\\\/wp-content\\\/uploads\\\/2022\\\/05\\\/mix-match-oz.jpg\",\"contentUrl\":\"https:\\\/\\\/stgbc.bcweededible.net\\\/wp-content\\\/uploads\\\/2022\\\/05\\\/mix-match-oz.jpg\",\"width\":600,\"height\":600,\"caption\":\"m\u00e9langer n match oz demi-livre\"},{\"@type\":\"BreadcrumbList\",\"@id\":\"https:\\\/\\\/stgbc.bcweededible.net\\\/fr\\\/buy\\\/gros\\\/pot-gros\\\/mix-match-8oz-fleurs\\\/#breadcrumb\",\"itemListElement\":[{\"@type\":\"ListItem\",\"position\":1,\"name\":\"Jujubes au Pot Canada\",\"item\":\"https:\\\/\\\/stgbc.bcweededible.net\\\/fr\\\/shop\\\/\"},{\"@type\":\"ListItem\",\"position\":2,\"name\":\"Mix &#038; Match 8oz Fleurs (25% Rabais)\"}]},{\"@type\":\"WebSite\",\"@id\":\"https:\\\/\\\/stgbc.bcweededible.net\\\/fr\\\/#website\",\"url\":\"https:\\\/\\\/stgbc.bcweededible.net\\\/fr\\\/\",\"name\":\"BC Weed Edible\",\"description\":\"\",\"publisher\":{\"@id\":\"https:\\\/\\\/stgbc.bcweededible.net\\\/fr\\\/#organization\"},\"potentialAction\":[{\"@type\":\"SearchAction\",\"target\":{\"@type\":\"EntryPoint\",\"urlTemplate\":\"https:\\\/\\\/stgbc.bcweededible.net\\\/fr\\\/?s={search_term_string}\"},\"query-input\":{\"@type\":\"PropertyValueSpecification\",\"valueRequired\":true,\"valueName\":\"search_term_string\"}}],\"inLanguage\":\"fr-FR\"},{\"@type\":\"Organization\",\"@id\":\"https:\\\/\\\/stgbc.bcweededible.net\\\/fr\\\/#organization\",\"name\":\"BC Weed Edible\",\"url\":\"https:\\\/\\\/stgbc.bcweededible.net\\\/fr\\\/\",\"logo\":{\"@type\":\"ImageObject\",\"inLanguage\":\"fr-FR\",\"@id\":\"https:\\\/\\\/stgbc.bcweededible.net\\\/fr\\\/#\\\/schema\\\/logo\\\/image\\\/\",\"url\":\"https:\\\/\\\/stgbc.bcweededible.net\\\/wp-content\\\/uploads\\\/2021\\\/12\\\/bc-weed-edible-canada.png\",\"contentUrl\":\"https:\\\/\\\/stgbc.bcweededible.net\\\/wp-content\\\/uploads\\\/2021\\\/12\\\/bc-weed-edible-canada.png\",\"width\":270,\"height\":185,\"caption\":\"BC Weed Edible\"},\"image\":{\"@id\":\"https:\\\/\\\/stgbc.bcweededible.net\\\/fr\\\/#\\\/schema\\\/logo\\\/image\\\/\"}}]}<\/script>\n","yoast_head_json":{"title":"Acheter la Mix & Match 8oz Fleurs (25% Rabais) en ligne Canada | BC Weed Edible","robots":{"index":"index","follow":"follow","max-snippet":"max-snippet:-1","max-image-preview":"max-image-preview:large","max-video-preview":"max-video-preview:-1"},"canonical":"https:\/\/stgbc.bcweededible.net\/fr\/buy\/gros\/pot-gros\/mix-match-8oz-fleurs\/","og_locale":"fr_FR","og_type":"article","og_title":"Acheter la Mix & Match 8oz Fleurs (25% Rabais) en ligne Canada | BC Weed Edible","og_description":"Achetez 8oz Fleurs avec 25% de Rabais\u00a0chez BC Weed Edible , vous avez maintenant la possibilit\u00e9 de choisir 8 onces diff\u00e9rentes parmis nos fleurs les plus populaires. Tous entre AA+ et AAA+ Grade . Cette offre Mix N Match est un pack \u00e9conomique qui est id\u00e9al pour les acheteurs ind\u00e9cis, ceux qui aiment la vari\u00e9t\u00e9 et tous ceux qui cherchent \u00e0 se soigner sans avoir \u00e0 renoncer \u00e0 la qualit\u00e9 pour le prix. Choisissez entre vos vari\u00e9t\u00e9s pr\u00e9f\u00e9r\u00e9es\u00a0: Sativa, Indica et hybrides.","og_url":"https:\/\/stgbc.bcweededible.net\/fr\/buy\/gros\/pot-gros\/mix-match-8oz-fleurs\/","og_site_name":"BC Weed Edible","article_modified_time":"2026-03-18T23:31:49+00:00","og_image":[{"width":600,"height":600,"url":"https:\/\/stgbc.bcweededible.net\/wp-content\/uploads\/2022\/05\/mix-match-oz.jpg","type":"image\/jpeg"}],"twitter_card":"summary_large_image","schema":{"@context":"https:\/\/schema.org","@graph":[{"@type":"WebPage","@id":"https:\/\/stgbc.bcweededible.net\/fr\/buy\/gros\/pot-gros\/mix-match-8oz-fleurs\/","url":"https:\/\/stgbc.bcweededible.net\/fr\/buy\/gros\/pot-gros\/mix-match-8oz-fleurs\/","name":"Acheter la Mix & Match 8oz Fleurs (25% Rabais) en ligne Canada | BC Weed Edible","isPartOf":{"@id":"https:\/\/stgbc.bcweededible.net\/fr\/#website"},"primaryImageOfPage":{"@id":"https:\/\/stgbc.bcweededible.net\/fr\/buy\/gros\/pot-gros\/mix-match-8oz-fleurs\/#primaryimage"},"image":{"@id":"https:\/\/stgbc.bcweededible.net\/fr\/buy\/gros\/pot-gros\/mix-match-8oz-fleurs\/#primaryimage"},"thumbnailUrl":"https:\/\/stgbc.bcweededible.net\/wp-content\/uploads\/2022\/05\/mix-match-oz.jpg","datePublished":"2022-05-17T01:33:02+00:00","dateModified":"2026-03-18T23:31:49+00:00","breadcrumb":{"@id":"https:\/\/stgbc.bcweededible.net\/fr\/buy\/gros\/pot-gros\/mix-match-8oz-fleurs\/#breadcrumb"},"inLanguage":"fr-FR","potentialAction":[{"@type":"ReadAction","target":["https:\/\/stgbc.bcweededible.net\/fr\/buy\/gros\/pot-gros\/mix-match-8oz-fleurs\/"]}]},{"@type":"ImageObject","inLanguage":"fr-FR","@id":"https:\/\/stgbc.bcweededible.net\/fr\/buy\/gros\/pot-gros\/mix-match-8oz-fleurs\/#primaryimage","url":"https:\/\/stgbc.bcweededible.net\/wp-content\/uploads\/2022\/05\/mix-match-oz.jpg","contentUrl":"https:\/\/stgbc.bcweededible.net\/wp-content\/uploads\/2022\/05\/mix-match-oz.jpg","width":600,"height":600,"caption":"m\u00e9langer n match oz demi-livre"},{"@type":"BreadcrumbList","@id":"https:\/\/stgbc.bcweededible.net\/fr\/buy\/gros\/pot-gros\/mix-match-8oz-fleurs\/#breadcrumb","itemListElement":[{"@type":"ListItem","position":1,"name":"Jujubes au Pot Canada","item":"https:\/\/stgbc.bcweededible.net\/fr\/shop\/"},{"@type":"ListItem","position":2,"name":"Mix &#038; Match 8oz Fleurs (25% Rabais)"}]},{"@type":"WebSite","@id":"https:\/\/stgbc.bcweededible.net\/fr\/#website","url":"https:\/\/stgbc.bcweededible.net\/fr\/","name":"BC Weed Edible","description":"","publisher":{"@id":"https:\/\/stgbc.bcweededible.net\/fr\/#organization"},"potentialAction":[{"@type":"SearchAction","target":{"@type":"EntryPoint","urlTemplate":"https:\/\/stgbc.bcweededible.net\/fr\/?s={search_term_string}"},"query-input":{"@type":"PropertyValueSpecification","valueRequired":true,"valueName":"search_term_string"}}],"inLanguage":"fr-FR"},{"@type":"Organization","@id":"https:\/\/stgbc.bcweededible.net\/fr\/#organization","name":"BC Weed Edible","url":"https:\/\/stgbc.bcweededible.net\/fr\/","logo":{"@type":"ImageObject","inLanguage":"fr-FR","@id":"https:\/\/stgbc.bcweededible.net\/fr\/#\/schema\/logo\/image\/","url":"https:\/\/stgbc.bcweededible.net\/wp-content\/uploads\/2021\/12\/bc-weed-edible-canada.png","contentUrl":"https:\/\/stgbc.bcweededible.net\/wp-content\/uploads\/2021\/12\/bc-weed-edible-canada.png","width":270,"height":185,"caption":"BC Weed Edible"},"image":{"@id":"https:\/\/stgbc.bcweededible.net\/fr\/#\/schema\/logo\/image\/"}}]}},"_links":{"self":[{"href":"https:\/\/stgbc.bcweededible.net\/fr\/wp-json\/wp\/v2\/product\/23770","targetHints":{"allow":["GET"]}}],"collection":[{"href":"https:\/\/stgbc.bcweededible.net\/fr\/wp-json\/wp\/v2\/product"}],"about":[{"href":"https:\/\/stgbc.bcweededible.net\/fr\/wp-json\/wp\/v2\/types\/product"}],"replies":[{"embeddable":true,"href":"https:\/\/stgbc.bcweededible.net\/fr\/wp-json\/wp\/v2\/comments?post=23770"}],"wp:featuredmedia":[{"embeddable":true,"href":"https:\/\/stgbc.bcweededible.net\/fr\/wp-json\/wp\/v2\/media\/15269"}],"wp:attachment":[{"href":"https:\/\/stgbc.bcweededible.net\/fr\/wp-json\/wp\/v2\/media?parent=23770"}],"wp:term":[{"taxonomy":"product_brand","embeddable":true,"href":"https:\/\/stgbc.bcweededible.net\/fr\/wp-json\/wp\/v2\/product_brand?post=23770"},{"taxonomy":"product_cat","embeddable":true,"href":"https:\/\/stgbc.bcweededible.net\/fr\/wp-json\/wp\/v2\/product_cat?post=23770"},{"taxonomy":"product_tag","embeddable":true,"href":"https:\/\/stgbc.bcweededible.net\/fr\/wp-json\/wp\/v2\/product_tag?post=23770"}],"curies":[{"name":"wp","href":"https:\/\/api.w.org\/{rel}","templated":true}]}}