{"id":23736,"date":"2022-06-02T13:50:07","date_gmt":"2022-12-01T09:42:19","guid":{"rendered":"https:\/\/bcweededible.net\/buy\/non%20class\u00e9\/twisted-extracts-jelly-bomb-sativa\/"},"modified":"2026-03-03T05:48:43","modified_gmt":"2026-03-03T13:48:43","slug":"twisted-extracts-jelly-bomb-sativa","status":"publish","type":"product","link":"https:\/\/stgbc.bcweededible.net\/fr\/buy\/marques\/twisted-extracts-fr\/twisted-extracts-jelly-bomb-sativa\/","title":{"rendered":"Twisted Extracts &#8211; Jelly Bomb (Sativa)"},"content":{"rendered":"","protected":false},"excerpt":{"rendered":"<p>Vous cherchez une fa\u00e7on d\u00e9licieuse et facile de profiter de votre dose quotidienne de THC ? Ne cherchez pas plus loin que les <strong>Jelly Bombs de<a href=\"https:\/\/stgbc.bcweededible.net\/fr\/shop\/marques\/twisted-extracts-fr\/\">Twisted Extracts<\/a><\/strong>! Ces d\u00e9licieux jujubes sont fabriqu\u00e9s \u00e0 partir d&#8217;<strong>extraits de Sativa de haute qualit\u00e9<\/strong> et sont divis\u00e9s en huit doses de 10 mg afin que vous puissiez personnaliser votre exp\u00e9rience. Que vous vouliez un peu ou beaucoup de THC, les Jelly Bombs vous permettent d&#8217;obtenir facilement la bonne quantit\u00e9. Et parce qu&#8217;ils sont si d\u00e9licieux, vous aurez h\u00e2te de les prendre tous les jours !<\/p>\n<p><strong>Effets : <\/strong>Euphorie, relaxation, \u00e9nergie, cr\u00e9ativit\u00e9.<\/p>\n<p><strong>Ingr\u00e9dients :<\/strong> Sirop de ma\u00efs, sucre, g\u00e9latine, extrait de cannabis, huile de coco, acide citrique, amidon de ma\u00efs, sorbitol, ar\u00f4me artificiel, extrait de sativa.<\/p>\n<p><strong>Conservation :<\/strong> les jujubes peuvent se ramollir lorsqu&#8217;ils sont expos\u00e9es \u00e0 des temp\u00e9ratures sup\u00e9rieures \u00e0 38 degr\u00e9s Celsius. <b>Conservez-les dans un endroit frais et sombre, \u00e0 l&#8217;abri de la lumi\u00e8re directe du soleil.<\/b><\/p>\n","protected":false},"featured_media":16117,"comment_status":"open","ping_status":"closed","template":"","meta":[],"product_brand":[],"product_cat":[244,276,557],"product_tag":[588],"class_list":{"0":"post-23736","1":"product","2":"type-product","3":"status-publish","4":"has-post-thumbnail","6":"product_cat-comestibles","7":"product_cat-jujubes","8":"product_cat-twisted-extracts-fr","9":"product_tag-10mg-gummies","11":"first","12":"instock","13":"shipping-taxable","14":"purchasable","15":"product-type-variable"},"yoast_head":"\n<title>Acheter la Twisted Extracts - Jelly Bomb (Sativa) en ligne Canada | BC Weed Edible<\/title>\n<meta name=\"robots\" content=\"index, follow, max-snippet:-1, max-image-preview:large, max-video-preview:-1\" \/>\n<link rel=\"canonical\" href=\"https:\/\/stgbc.bcweededible.net\/fr\/buy\/marques\/twisted-extracts-fr\/twisted-extracts-jelly-bomb-sativa\/\" \/>\n<meta property=\"og:locale\" content=\"fr_FR\" \/>\n<meta property=\"og:type\" content=\"article\" \/>\n<meta property=\"og:title\" content=\"Acheter la Twisted Extracts - Jelly Bomb (Sativa) en ligne Canada | BC Weed Edible\" \/>\n<meta property=\"og:description\" content=\"Vous cherchez une fa\u00e7on d\u00e9licieuse et facile de profiter de votre dose quotidienne de THC ? Ne cherchez pas plus loin que les Jelly Bombs deTwisted Extracts! Ces d\u00e9licieux jujubes sont fabriqu\u00e9s \u00e0 partir d&#039;extraits de Sativa de haute qualit\u00e9 et sont divis\u00e9s en huit doses de 10 mg afin que vous puissiez personnaliser votre exp\u00e9rience. Que vous vouliez un peu ou beaucoup de THC, les Jelly Bombs vous permettent d&#039;obtenir facilement la bonne quantit\u00e9. Et parce qu&#039;ils sont si d\u00e9licieux, vous aurez h\u00e2te de les prendre tous les jours ! Effets : Euphorie, relaxation, \u00e9nergie, cr\u00e9ativit\u00e9. Ingr\u00e9dients : Sirop de ma\u00efs, sucre, g\u00e9latine, extrait de cannabis, huile de coco, acide citrique, amidon de ma\u00efs, sorbitol, ar\u00f4me artificiel, extrait de sativa. Conservation : les jujubes peuvent se ramollir lorsqu&#039;ils sont expos\u00e9es \u00e0 des temp\u00e9ratures sup\u00e9rieures \u00e0 38 degr\u00e9s Celsius. Conservez-les dans un endroit frais et sombre, \u00e0 l&#039;abri de la lumi\u00e8re directe du soleil.\" \/>\n<meta property=\"og:url\" content=\"https:\/\/stgbc.bcweededible.net\/fr\/buy\/marques\/twisted-extracts-fr\/twisted-extracts-jelly-bomb-sativa\/\" \/>\n<meta property=\"og:site_name\" content=\"BC Weed Edible\" \/>\n<meta property=\"article:modified_time\" content=\"2026-03-03T13:48:43+00:00\" \/>\n<meta property=\"og:image\" content=\"https:\/\/stgbc.bcweededible.net\/wp-content\/uploads\/2022\/06\/Twisted-Extracts-Apple-Jelly-Bomb-THC-80MG-Sativa-600x600-1.jpeg\" \/>\n\t<meta property=\"og:image:width\" content=\"600\" \/>\n\t<meta property=\"og:image:height\" content=\"600\" \/>\n\t<meta property=\"og:image:type\" content=\"image\/jpeg\" \/>\n<meta name=\"twitter:card\" content=\"summary_large_image\" \/>\n<script type=\"application\/ld+json\" class=\"yoast-schema-graph\">{\"@context\":\"https:\\\/\\\/schema.org\",\"@graph\":[{\"@type\":\"WebPage\",\"@id\":\"https:\\\/\\\/stgbc.bcweededible.net\\\/fr\\\/buy\\\/marques\\\/twisted-extracts-fr\\\/twisted-extracts-jelly-bomb-sativa\\\/\",\"url\":\"https:\\\/\\\/stgbc.bcweededible.net\\\/fr\\\/buy\\\/marques\\\/twisted-extracts-fr\\\/twisted-extracts-jelly-bomb-sativa\\\/\",\"name\":\"Acheter la Twisted Extracts - Jelly Bomb (Sativa) en ligne Canada | BC Weed Edible\",\"isPartOf\":{\"@id\":\"https:\\\/\\\/stgbc.bcweededible.net\\\/fr\\\/#website\"},\"primaryImageOfPage\":{\"@id\":\"https:\\\/\\\/stgbc.bcweededible.net\\\/fr\\\/buy\\\/marques\\\/twisted-extracts-fr\\\/twisted-extracts-jelly-bomb-sativa\\\/#primaryimage\"},\"image\":{\"@id\":\"https:\\\/\\\/stgbc.bcweededible.net\\\/fr\\\/buy\\\/marques\\\/twisted-extracts-fr\\\/twisted-extracts-jelly-bomb-sativa\\\/#primaryimage\"},\"thumbnailUrl\":\"https:\\\/\\\/stgbc.bcweededible.net\\\/wp-content\\\/uploads\\\/2022\\\/06\\\/Twisted-Extracts-Apple-Jelly-Bomb-THC-80MG-Sativa-600x600-1.jpeg\",\"datePublished\":\"2022-12-01T09:42:19+00:00\",\"dateModified\":\"2026-03-03T13:48:43+00:00\",\"breadcrumb\":{\"@id\":\"https:\\\/\\\/stgbc.bcweededible.net\\\/fr\\\/buy\\\/marques\\\/twisted-extracts-fr\\\/twisted-extracts-jelly-bomb-sativa\\\/#breadcrumb\"},\"inLanguage\":\"fr-FR\",\"potentialAction\":[{\"@type\":\"ReadAction\",\"target\":[\"https:\\\/\\\/stgbc.bcweededible.net\\\/fr\\\/buy\\\/marques\\\/twisted-extracts-fr\\\/twisted-extracts-jelly-bomb-sativa\\\/\"]}]},{\"@type\":\"ImageObject\",\"inLanguage\":\"fr-FR\",\"@id\":\"https:\\\/\\\/stgbc.bcweededible.net\\\/fr\\\/buy\\\/marques\\\/twisted-extracts-fr\\\/twisted-extracts-jelly-bomb-sativa\\\/#primaryimage\",\"url\":\"https:\\\/\\\/stgbc.bcweededible.net\\\/wp-content\\\/uploads\\\/2022\\\/06\\\/Twisted-Extracts-Apple-Jelly-Bomb-THC-80MG-Sativa-600x600-1.jpeg\",\"contentUrl\":\"https:\\\/\\\/stgbc.bcweededible.net\\\/wp-content\\\/uploads\\\/2022\\\/06\\\/Twisted-Extracts-Apple-Jelly-Bomb-THC-80MG-Sativa-600x600-1.jpeg\",\"width\":600,\"height\":600,\"caption\":\"apple sativa jelly bomb twisted extracts\"},{\"@type\":\"BreadcrumbList\",\"@id\":\"https:\\\/\\\/stgbc.bcweededible.net\\\/fr\\\/buy\\\/marques\\\/twisted-extracts-fr\\\/twisted-extracts-jelly-bomb-sativa\\\/#breadcrumb\",\"itemListElement\":[{\"@type\":\"ListItem\",\"position\":1,\"name\":\"Jujubes au Pot Canada\",\"item\":\"https:\\\/\\\/stgbc.bcweededible.net\\\/fr\\\/shop\\\/\"},{\"@type\":\"ListItem\",\"position\":2,\"name\":\"Twisted Extracts &#8211; Jelly Bomb (Sativa)\"}]},{\"@type\":\"WebSite\",\"@id\":\"https:\\\/\\\/stgbc.bcweededible.net\\\/fr\\\/#website\",\"url\":\"https:\\\/\\\/stgbc.bcweededible.net\\\/fr\\\/\",\"name\":\"BC Weed Edible\",\"description\":\"\",\"publisher\":{\"@id\":\"https:\\\/\\\/stgbc.bcweededible.net\\\/fr\\\/#organization\"},\"potentialAction\":[{\"@type\":\"SearchAction\",\"target\":{\"@type\":\"EntryPoint\",\"urlTemplate\":\"https:\\\/\\\/stgbc.bcweededible.net\\\/fr\\\/?s={search_term_string}\"},\"query-input\":{\"@type\":\"PropertyValueSpecification\",\"valueRequired\":true,\"valueName\":\"search_term_string\"}}],\"inLanguage\":\"fr-FR\"},{\"@type\":\"Organization\",\"@id\":\"https:\\\/\\\/stgbc.bcweededible.net\\\/fr\\\/#organization\",\"name\":\"BC Weed Edible\",\"url\":\"https:\\\/\\\/stgbc.bcweededible.net\\\/fr\\\/\",\"logo\":{\"@type\":\"ImageObject\",\"inLanguage\":\"fr-FR\",\"@id\":\"https:\\\/\\\/stgbc.bcweededible.net\\\/fr\\\/#\\\/schema\\\/logo\\\/image\\\/\",\"url\":\"https:\\\/\\\/stgbc.bcweededible.net\\\/wp-content\\\/uploads\\\/2021\\\/12\\\/bc-weed-edible-canada.png\",\"contentUrl\":\"https:\\\/\\\/stgbc.bcweededible.net\\\/wp-content\\\/uploads\\\/2021\\\/12\\\/bc-weed-edible-canada.png\",\"width\":270,\"height\":185,\"caption\":\"BC Weed Edible\"},\"image\":{\"@id\":\"https:\\\/\\\/stgbc.bcweededible.net\\\/fr\\\/#\\\/schema\\\/logo\\\/image\\\/\"}}]}<\/script>\n","yoast_head_json":{"title":"Acheter la Twisted Extracts - Jelly Bomb (Sativa) en ligne Canada | BC Weed Edible","robots":{"index":"index","follow":"follow","max-snippet":"max-snippet:-1","max-image-preview":"max-image-preview:large","max-video-preview":"max-video-preview:-1"},"canonical":"https:\/\/stgbc.bcweededible.net\/fr\/buy\/marques\/twisted-extracts-fr\/twisted-extracts-jelly-bomb-sativa\/","og_locale":"fr_FR","og_type":"article","og_title":"Acheter la Twisted Extracts - Jelly Bomb (Sativa) en ligne Canada | BC Weed Edible","og_description":"Vous cherchez une fa\u00e7on d\u00e9licieuse et facile de profiter de votre dose quotidienne de THC ? Ne cherchez pas plus loin que les Jelly Bombs deTwisted Extracts! Ces d\u00e9licieux jujubes sont fabriqu\u00e9s \u00e0 partir d'extraits de Sativa de haute qualit\u00e9 et sont divis\u00e9s en huit doses de 10 mg afin que vous puissiez personnaliser votre exp\u00e9rience. Que vous vouliez un peu ou beaucoup de THC, les Jelly Bombs vous permettent d'obtenir facilement la bonne quantit\u00e9. Et parce qu'ils sont si d\u00e9licieux, vous aurez h\u00e2te de les prendre tous les jours ! Effets : Euphorie, relaxation, \u00e9nergie, cr\u00e9ativit\u00e9. Ingr\u00e9dients : Sirop de ma\u00efs, sucre, g\u00e9latine, extrait de cannabis, huile de coco, acide citrique, amidon de ma\u00efs, sorbitol, ar\u00f4me artificiel, extrait de sativa. Conservation : les jujubes peuvent se ramollir lorsqu'ils sont expos\u00e9es \u00e0 des temp\u00e9ratures sup\u00e9rieures \u00e0 38 degr\u00e9s Celsius. Conservez-les dans un endroit frais et sombre, \u00e0 l'abri de la lumi\u00e8re directe du soleil.","og_url":"https:\/\/stgbc.bcweededible.net\/fr\/buy\/marques\/twisted-extracts-fr\/twisted-extracts-jelly-bomb-sativa\/","og_site_name":"BC Weed Edible","article_modified_time":"2026-03-03T13:48:43+00:00","og_image":[{"width":600,"height":600,"url":"https:\/\/stgbc.bcweededible.net\/wp-content\/uploads\/2022\/06\/Twisted-Extracts-Apple-Jelly-Bomb-THC-80MG-Sativa-600x600-1.jpeg","type":"image\/jpeg"}],"twitter_card":"summary_large_image","schema":{"@context":"https:\/\/schema.org","@graph":[{"@type":"WebPage","@id":"https:\/\/stgbc.bcweededible.net\/fr\/buy\/marques\/twisted-extracts-fr\/twisted-extracts-jelly-bomb-sativa\/","url":"https:\/\/stgbc.bcweededible.net\/fr\/buy\/marques\/twisted-extracts-fr\/twisted-extracts-jelly-bomb-sativa\/","name":"Acheter la Twisted Extracts - Jelly Bomb (Sativa) en ligne Canada | BC Weed Edible","isPartOf":{"@id":"https:\/\/stgbc.bcweededible.net\/fr\/#website"},"primaryImageOfPage":{"@id":"https:\/\/stgbc.bcweededible.net\/fr\/buy\/marques\/twisted-extracts-fr\/twisted-extracts-jelly-bomb-sativa\/#primaryimage"},"image":{"@id":"https:\/\/stgbc.bcweededible.net\/fr\/buy\/marques\/twisted-extracts-fr\/twisted-extracts-jelly-bomb-sativa\/#primaryimage"},"thumbnailUrl":"https:\/\/stgbc.bcweededible.net\/wp-content\/uploads\/2022\/06\/Twisted-Extracts-Apple-Jelly-Bomb-THC-80MG-Sativa-600x600-1.jpeg","datePublished":"2022-12-01T09:42:19+00:00","dateModified":"2026-03-03T13:48:43+00:00","breadcrumb":{"@id":"https:\/\/stgbc.bcweededible.net\/fr\/buy\/marques\/twisted-extracts-fr\/twisted-extracts-jelly-bomb-sativa\/#breadcrumb"},"inLanguage":"fr-FR","potentialAction":[{"@type":"ReadAction","target":["https:\/\/stgbc.bcweededible.net\/fr\/buy\/marques\/twisted-extracts-fr\/twisted-extracts-jelly-bomb-sativa\/"]}]},{"@type":"ImageObject","inLanguage":"fr-FR","@id":"https:\/\/stgbc.bcweededible.net\/fr\/buy\/marques\/twisted-extracts-fr\/twisted-extracts-jelly-bomb-sativa\/#primaryimage","url":"https:\/\/stgbc.bcweededible.net\/wp-content\/uploads\/2022\/06\/Twisted-Extracts-Apple-Jelly-Bomb-THC-80MG-Sativa-600x600-1.jpeg","contentUrl":"https:\/\/stgbc.bcweededible.net\/wp-content\/uploads\/2022\/06\/Twisted-Extracts-Apple-Jelly-Bomb-THC-80MG-Sativa-600x600-1.jpeg","width":600,"height":600,"caption":"apple sativa jelly bomb twisted extracts"},{"@type":"BreadcrumbList","@id":"https:\/\/stgbc.bcweededible.net\/fr\/buy\/marques\/twisted-extracts-fr\/twisted-extracts-jelly-bomb-sativa\/#breadcrumb","itemListElement":[{"@type":"ListItem","position":1,"name":"Jujubes au Pot Canada","item":"https:\/\/stgbc.bcweededible.net\/fr\/shop\/"},{"@type":"ListItem","position":2,"name":"Twisted Extracts &#8211; Jelly Bomb (Sativa)"}]},{"@type":"WebSite","@id":"https:\/\/stgbc.bcweededible.net\/fr\/#website","url":"https:\/\/stgbc.bcweededible.net\/fr\/","name":"BC Weed Edible","description":"","publisher":{"@id":"https:\/\/stgbc.bcweededible.net\/fr\/#organization"},"potentialAction":[{"@type":"SearchAction","target":{"@type":"EntryPoint","urlTemplate":"https:\/\/stgbc.bcweededible.net\/fr\/?s={search_term_string}"},"query-input":{"@type":"PropertyValueSpecification","valueRequired":true,"valueName":"search_term_string"}}],"inLanguage":"fr-FR"},{"@type":"Organization","@id":"https:\/\/stgbc.bcweededible.net\/fr\/#organization","name":"BC Weed Edible","url":"https:\/\/stgbc.bcweededible.net\/fr\/","logo":{"@type":"ImageObject","inLanguage":"fr-FR","@id":"https:\/\/stgbc.bcweededible.net\/fr\/#\/schema\/logo\/image\/","url":"https:\/\/stgbc.bcweededible.net\/wp-content\/uploads\/2021\/12\/bc-weed-edible-canada.png","contentUrl":"https:\/\/stgbc.bcweededible.net\/wp-content\/uploads\/2021\/12\/bc-weed-edible-canada.png","width":270,"height":185,"caption":"BC Weed Edible"},"image":{"@id":"https:\/\/stgbc.bcweededible.net\/fr\/#\/schema\/logo\/image\/"}}]}},"_links":{"self":[{"href":"https:\/\/stgbc.bcweededible.net\/fr\/wp-json\/wp\/v2\/product\/23736","targetHints":{"allow":["GET"]}}],"collection":[{"href":"https:\/\/stgbc.bcweededible.net\/fr\/wp-json\/wp\/v2\/product"}],"about":[{"href":"https:\/\/stgbc.bcweededible.net\/fr\/wp-json\/wp\/v2\/types\/product"}],"replies":[{"embeddable":true,"href":"https:\/\/stgbc.bcweededible.net\/fr\/wp-json\/wp\/v2\/comments?post=23736"}],"wp:featuredmedia":[{"embeddable":true,"href":"https:\/\/stgbc.bcweededible.net\/fr\/wp-json\/wp\/v2\/media\/16117"}],"wp:attachment":[{"href":"https:\/\/stgbc.bcweededible.net\/fr\/wp-json\/wp\/v2\/media?parent=23736"}],"wp:term":[{"taxonomy":"product_brand","embeddable":true,"href":"https:\/\/stgbc.bcweededible.net\/fr\/wp-json\/wp\/v2\/product_brand?post=23736"},{"taxonomy":"product_cat","embeddable":true,"href":"https:\/\/stgbc.bcweededible.net\/fr\/wp-json\/wp\/v2\/product_cat?post=23736"},{"taxonomy":"product_tag","embeddable":true,"href":"https:\/\/stgbc.bcweededible.net\/fr\/wp-json\/wp\/v2\/product_tag?post=23736"}],"curies":[{"name":"wp","href":"https:\/\/api.w.org\/{rel}","templated":true}]}}