{"id":23720,"date":"2022-10-04T17:31:40","date_gmt":"2022-10-05T00:31:40","guid":{"rendered":"https:\/\/bcweededible.net\/buy\/non%20class\u00e9\/bulk-1000mg-thc-fort-jujubes\/"},"modified":"2026-02-26T12:27:25","modified_gmt":"2026-02-26T20:27:25","slug":"jujubes-thc-gros","status":"publish","type":"product","link":"https:\/\/stgbc.bcweededible.net\/fr\/buy\/marques\/eden-edibles-fr\/eden-en-vrac\/jujubes-thc-gros\/","title":{"rendered":"Jujubes THC Eden en gros"},"content":{"rendered":"<h2>DESCRIPTION<\/h2>\n<p>Nous nous engageons \u00e0 cr\u00e9er les jujubes au cannabis du monde. Notre chef p\u00e2tissier professionnel cr\u00e9e chaque saveur avec soin, en combinant des ingr\u00e9dients naturels et vegan de mani\u00e8re r\u00e9fl\u00e9chie pour qu&#8217;ils soient incroyablement d\u00e9licieux. Nous dosons m\u00eame nos edibles avec des extraits de cannabis test\u00e9s en laboratoire pour\u00a0que vous puissiez profiter d\u2019une exp\u00e9rience constante et similaire \u00e0 chaque fois que vous consommez nos d\u00e9licieux produits.<\/p>\n<p><b>Ingr\u00e9dients : <\/b>pur\u00e9e de fruits, sucre, pectine NH, glucose, jus de citron, distillat de THC, terp\u00e8nes naturels.<\/p>\n<p><b>Instructions :<\/b> 1000mg est un dosage pour la gestion de la douleur et les experts en cannabis. Vous devriez diviser les jujubes en 100mg et attendre les effets complets. Attendez 90 minutes pour que l&#8217;effet soit complet avant d&#8217;envisager une autre dose.<\/p>\n<p><strong>Conservation :<\/strong>\u00a06 mois au r\u00e9frig\u00e9rateur, 2 mois \u00e0 temp\u00e9rature ambiante, \u00e0 conserver dans un endroit sec et sombre.<\/p>\n<p><b>AVERTISSEMENT : <\/b>Il s&#8217;agit d&#8217;un produit infus\u00e9 au cannabis destin\u00e9 \u00e0 un usage m\u00e9dical et r\u00e9cr\u00e9atif. Tenir hors de port\u00e9e des enfants et des animaux domestiques. Ne conduisez pas ou n&#8217;utilisez pas de machinerie sous l&#8217;influence du cannabis.<\/p>\n","protected":false},"excerpt":{"rendered":"<p>Nos <strong> Jujubes THC<\/strong><strong>en gros <\/strong>sont parmi les meilleurs comestibles du Canada, ils sont vegan, sans g\u00e9latine et fabriqu\u00e9s avec les meilleurs ingr\u00e9dients. <strong>Cette offre en vrac contient 50 paquets de jujubes de votre choix. <\/strong>Cette offre est excellente si vous avez besoin de grandes quantit\u00e9s pour des raisons m\u00e9dicales ou recreatives.<\/p>\n<p>Vous pouvez magasiner l&#8217;ensemble notre large gamme de produit: nos classiques<a href=\"https:\/\/stgbc.bcweededible.net\/fr\/acheter\/comestibles\/\"> jujubes au THC<\/a>, <a href=\"https:\/\/stgbc.bcweededible.net\/fr\/buy\/marques\/eden-edibles-fr\/eden-live-resin-jujubes\/\">Jujube Resine Vivante<\/a> ou encore Jujubes avec<strong> Effets (Social, Relax ou Focus)<\/strong>. <strong>\u00a0<\/strong>Avec cette offre, vous b\u00e9n\u00e9ficiez d&#8217;une r\u00e9duction de 50 % sur le prix de d\u00e9tail.<\/p>\n<h2>Informations sur le produit<\/h2>\n<table>\n<tbody>\n<tr>\n<td class=\"has-text-align-center\" style=\"text-align: left;\" data-align=\"center\"><strong>Quantit\u00e9<\/strong><\/td>\n<td class=\"has-text-align-center\" style=\"text-align: left;\" data-align=\"center\">50 paquets minimum<\/td>\n<\/tr>\n<tr>\n<td class=\"has-text-align-center\" style=\"text-align: left;\" data-align=\"center\"><strong>Prix en vrac<\/strong><\/td>\n<td class=\"has-text-align-center\" style=\"text-align: left;\" data-align=\"center\">50% Rabais<\/td>\n<\/tr>\n<\/tbody>\n<\/table>\n","protected":false},"featured_media":114553,"comment_status":"open","ping_status":"closed","template":"","meta":[],"product_brand":[],"product_cat":[244,533,664,768,558,276,280],"product_tag":[382],"class_list":{"0":"post-23720","1":"product","2":"type-product","3":"status-publish","4":"has-post-thumbnail","6":"product_cat-comestibles","7":"product_cat-comestibles-en-gros","8":"product_cat-eden-edibles-fr","9":"product_cat-eden-en-vrac","10":"product_cat-gros","11":"product_cat-jujubes","12":"product_cat-vegan-fr","13":"product_tag-1000mg-fr","15":"first","16":"instock","17":"sale","18":"shipping-taxable","19":"purchasable","20":"product-type-mix-and-match"},"yoast_head":"\n<title>Acheter Jujubes THC Eden en gros au Canada | BC Weed Edible<\/title>\n<meta name=\"robots\" content=\"index, follow, max-snippet:-1, max-image-preview:large, max-video-preview:-1\" \/>\n<link rel=\"canonical\" href=\"https:\/\/stgbc.bcweededible.net\/fr\/buy\/marques\/eden-edibles-fr\/eden-en-vrac\/jujubes-thc-gros\/\" \/>\n<meta property=\"og:locale\" content=\"fr_FR\" \/>\n<meta property=\"og:type\" content=\"article\" \/>\n<meta property=\"og:title\" content=\"Acheter Jujubes THC Eden en gros au Canada | BC Weed Edible\" \/>\n<meta property=\"og:description\" content=\"Nos Jujubes THC en gros sont parmi les meilleurs comestibles du Canada, ils sont vegan, sans g\u00e9latine et fabriqu\u00e9s avec les meilleurs ingr\u00e9dients. Cette offre en vrac contient 50 paquets de jujubes de votre choix. Cette offre est excellente si vous avez besoin de grandes quantit\u00e9s pour des raisons m\u00e9dicales ou recreatives. Vous pouvez magasiner l&#039;ensemble notre large gamme de produit: nos classiques jujubes au THC, Jujube Resine Vivante ou encore Jujubes avec Effets (Social, Relax ou Focus). \u00a0Avec cette offre, vous b\u00e9n\u00e9ficiez d&#039;une r\u00e9duction de 50 % sur le prix de d\u00e9tail. Informations sur le produit Quantit\u00e9 50 paquets minimum Prix en vrac 50% Rabais\" \/>\n<meta property=\"og:url\" content=\"https:\/\/stgbc.bcweededible.net\/fr\/buy\/marques\/eden-edibles-fr\/eden-en-vrac\/jujubes-thc-gros\/\" \/>\n<meta property=\"og:site_name\" content=\"BC Weed Edible\" \/>\n<meta property=\"article:modified_time\" content=\"2026-02-26T20:27:25+00:00\" \/>\n<meta property=\"og:image\" content=\"https:\/\/stgbc.bcweededible.net\/wp-content\/uploads\/2022\/10\/bulk-thc-gummies.jpg\" \/>\n\t<meta property=\"og:image:width\" content=\"1080\" \/>\n\t<meta property=\"og:image:height\" content=\"1080\" \/>\n\t<meta property=\"og:image:type\" content=\"image\/jpeg\" \/>\n<meta name=\"twitter:card\" content=\"summary_large_image\" \/>\n<meta name=\"twitter:label1\" content=\"Dur\u00e9e de lecture estim\u00e9e\" \/>\n\t<meta name=\"twitter:data1\" content=\"1 minute\" \/>\n<script type=\"application\/ld+json\" class=\"yoast-schema-graph\">{\"@context\":\"https:\\\/\\\/schema.org\",\"@graph\":[{\"@type\":\"WebPage\",\"@id\":\"https:\\\/\\\/stgbc.bcweededible.net\\\/fr\\\/buy\\\/marques\\\/eden-edibles-fr\\\/eden-en-vrac\\\/jujubes-thc-gros\\\/\",\"url\":\"https:\\\/\\\/stgbc.bcweededible.net\\\/fr\\\/buy\\\/marques\\\/eden-edibles-fr\\\/eden-en-vrac\\\/jujubes-thc-gros\\\/\",\"name\":\"Acheter Jujubes THC Eden en gros au Canada | BC Weed Edible\",\"isPartOf\":{\"@id\":\"https:\\\/\\\/stgbc.bcweededible.net\\\/fr\\\/#website\"},\"primaryImageOfPage\":{\"@id\":\"https:\\\/\\\/stgbc.bcweededible.net\\\/fr\\\/buy\\\/marques\\\/eden-edibles-fr\\\/eden-en-vrac\\\/jujubes-thc-gros\\\/#primaryimage\"},\"image\":{\"@id\":\"https:\\\/\\\/stgbc.bcweededible.net\\\/fr\\\/buy\\\/marques\\\/eden-edibles-fr\\\/eden-en-vrac\\\/jujubes-thc-gros\\\/#primaryimage\"},\"thumbnailUrl\":\"https:\\\/\\\/stgbc.bcweededible.net\\\/wp-content\\\/uploads\\\/2022\\\/10\\\/bulk-thc-gummies.jpg\",\"datePublished\":\"2022-10-05T00:31:40+00:00\",\"dateModified\":\"2026-02-26T20:27:25+00:00\",\"breadcrumb\":{\"@id\":\"https:\\\/\\\/stgbc.bcweededible.net\\\/fr\\\/buy\\\/marques\\\/eden-edibles-fr\\\/eden-en-vrac\\\/jujubes-thc-gros\\\/#breadcrumb\"},\"inLanguage\":\"fr-FR\",\"potentialAction\":[{\"@type\":\"ReadAction\",\"target\":[\"https:\\\/\\\/stgbc.bcweededible.net\\\/fr\\\/buy\\\/marques\\\/eden-edibles-fr\\\/eden-en-vrac\\\/jujubes-thc-gros\\\/\"]}]},{\"@type\":\"ImageObject\",\"inLanguage\":\"fr-FR\",\"@id\":\"https:\\\/\\\/stgbc.bcweededible.net\\\/fr\\\/buy\\\/marques\\\/eden-edibles-fr\\\/eden-en-vrac\\\/jujubes-thc-gros\\\/#primaryimage\",\"url\":\"https:\\\/\\\/stgbc.bcweededible.net\\\/wp-content\\\/uploads\\\/2022\\\/10\\\/bulk-thc-gummies.jpg\",\"contentUrl\":\"https:\\\/\\\/stgbc.bcweededible.net\\\/wp-content\\\/uploads\\\/2022\\\/10\\\/bulk-thc-gummies.jpg\",\"width\":1080,\"height\":1080,\"caption\":\"bulk thc gummies canada\"},{\"@type\":\"BreadcrumbList\",\"@id\":\"https:\\\/\\\/stgbc.bcweededible.net\\\/fr\\\/buy\\\/marques\\\/eden-edibles-fr\\\/eden-en-vrac\\\/jujubes-thc-gros\\\/#breadcrumb\",\"itemListElement\":[{\"@type\":\"ListItem\",\"position\":1,\"name\":\"Jujubes au Pot Canada\",\"item\":\"https:\\\/\\\/stgbc.bcweededible.net\\\/fr\\\/shop\\\/\"},{\"@type\":\"ListItem\",\"position\":2,\"name\":\"Jujubes THC Eden en gros\"}]},{\"@type\":\"WebSite\",\"@id\":\"https:\\\/\\\/stgbc.bcweededible.net\\\/fr\\\/#website\",\"url\":\"https:\\\/\\\/stgbc.bcweededible.net\\\/fr\\\/\",\"name\":\"BC Weed Edible\",\"description\":\"\",\"publisher\":{\"@id\":\"https:\\\/\\\/stgbc.bcweededible.net\\\/fr\\\/#organization\"},\"potentialAction\":[{\"@type\":\"SearchAction\",\"target\":{\"@type\":\"EntryPoint\",\"urlTemplate\":\"https:\\\/\\\/stgbc.bcweededible.net\\\/fr\\\/?s={search_term_string}\"},\"query-input\":{\"@type\":\"PropertyValueSpecification\",\"valueRequired\":true,\"valueName\":\"search_term_string\"}}],\"inLanguage\":\"fr-FR\"},{\"@type\":\"Organization\",\"@id\":\"https:\\\/\\\/stgbc.bcweededible.net\\\/fr\\\/#organization\",\"name\":\"BC Weed Edible\",\"url\":\"https:\\\/\\\/stgbc.bcweededible.net\\\/fr\\\/\",\"logo\":{\"@type\":\"ImageObject\",\"inLanguage\":\"fr-FR\",\"@id\":\"https:\\\/\\\/stgbc.bcweededible.net\\\/fr\\\/#\\\/schema\\\/logo\\\/image\\\/\",\"url\":\"https:\\\/\\\/stgbc.bcweededible.net\\\/wp-content\\\/uploads\\\/2021\\\/12\\\/bc-weed-edible-canada.png\",\"contentUrl\":\"https:\\\/\\\/stgbc.bcweededible.net\\\/wp-content\\\/uploads\\\/2021\\\/12\\\/bc-weed-edible-canada.png\",\"width\":270,\"height\":185,\"caption\":\"BC Weed Edible\"},\"image\":{\"@id\":\"https:\\\/\\\/stgbc.bcweededible.net\\\/fr\\\/#\\\/schema\\\/logo\\\/image\\\/\"}}]}<\/script>\n","yoast_head_json":{"title":"Acheter Jujubes THC Eden en gros au Canada | BC Weed Edible","robots":{"index":"index","follow":"follow","max-snippet":"max-snippet:-1","max-image-preview":"max-image-preview:large","max-video-preview":"max-video-preview:-1"},"canonical":"https:\/\/stgbc.bcweededible.net\/fr\/buy\/marques\/eden-edibles-fr\/eden-en-vrac\/jujubes-thc-gros\/","og_locale":"fr_FR","og_type":"article","og_title":"Acheter Jujubes THC Eden en gros au Canada | BC Weed Edible","og_description":"Nos Jujubes THC en gros sont parmi les meilleurs comestibles du Canada, ils sont vegan, sans g\u00e9latine et fabriqu\u00e9s avec les meilleurs ingr\u00e9dients. Cette offre en vrac contient 50 paquets de jujubes de votre choix. Cette offre est excellente si vous avez besoin de grandes quantit\u00e9s pour des raisons m\u00e9dicales ou recreatives. Vous pouvez magasiner l'ensemble notre large gamme de produit: nos classiques jujubes au THC, Jujube Resine Vivante ou encore Jujubes avec Effets (Social, Relax ou Focus). \u00a0Avec cette offre, vous b\u00e9n\u00e9ficiez d'une r\u00e9duction de 50 % sur le prix de d\u00e9tail. Informations sur le produit Quantit\u00e9 50 paquets minimum Prix en vrac 50% Rabais","og_url":"https:\/\/stgbc.bcweededible.net\/fr\/buy\/marques\/eden-edibles-fr\/eden-en-vrac\/jujubes-thc-gros\/","og_site_name":"BC Weed Edible","article_modified_time":"2026-02-26T20:27:25+00:00","og_image":[{"width":1080,"height":1080,"url":"https:\/\/stgbc.bcweededible.net\/wp-content\/uploads\/2022\/10\/bulk-thc-gummies.jpg","type":"image\/jpeg"}],"twitter_card":"summary_large_image","twitter_misc":{"Dur\u00e9e de lecture estim\u00e9e":"1 minute"},"schema":{"@context":"https:\/\/schema.org","@graph":[{"@type":"WebPage","@id":"https:\/\/stgbc.bcweededible.net\/fr\/buy\/marques\/eden-edibles-fr\/eden-en-vrac\/jujubes-thc-gros\/","url":"https:\/\/stgbc.bcweededible.net\/fr\/buy\/marques\/eden-edibles-fr\/eden-en-vrac\/jujubes-thc-gros\/","name":"Acheter Jujubes THC Eden en gros au Canada | BC Weed Edible","isPartOf":{"@id":"https:\/\/stgbc.bcweededible.net\/fr\/#website"},"primaryImageOfPage":{"@id":"https:\/\/stgbc.bcweededible.net\/fr\/buy\/marques\/eden-edibles-fr\/eden-en-vrac\/jujubes-thc-gros\/#primaryimage"},"image":{"@id":"https:\/\/stgbc.bcweededible.net\/fr\/buy\/marques\/eden-edibles-fr\/eden-en-vrac\/jujubes-thc-gros\/#primaryimage"},"thumbnailUrl":"https:\/\/stgbc.bcweededible.net\/wp-content\/uploads\/2022\/10\/bulk-thc-gummies.jpg","datePublished":"2022-10-05T00:31:40+00:00","dateModified":"2026-02-26T20:27:25+00:00","breadcrumb":{"@id":"https:\/\/stgbc.bcweededible.net\/fr\/buy\/marques\/eden-edibles-fr\/eden-en-vrac\/jujubes-thc-gros\/#breadcrumb"},"inLanguage":"fr-FR","potentialAction":[{"@type":"ReadAction","target":["https:\/\/stgbc.bcweededible.net\/fr\/buy\/marques\/eden-edibles-fr\/eden-en-vrac\/jujubes-thc-gros\/"]}]},{"@type":"ImageObject","inLanguage":"fr-FR","@id":"https:\/\/stgbc.bcweededible.net\/fr\/buy\/marques\/eden-edibles-fr\/eden-en-vrac\/jujubes-thc-gros\/#primaryimage","url":"https:\/\/stgbc.bcweededible.net\/wp-content\/uploads\/2022\/10\/bulk-thc-gummies.jpg","contentUrl":"https:\/\/stgbc.bcweededible.net\/wp-content\/uploads\/2022\/10\/bulk-thc-gummies.jpg","width":1080,"height":1080,"caption":"bulk thc gummies canada"},{"@type":"BreadcrumbList","@id":"https:\/\/stgbc.bcweededible.net\/fr\/buy\/marques\/eden-edibles-fr\/eden-en-vrac\/jujubes-thc-gros\/#breadcrumb","itemListElement":[{"@type":"ListItem","position":1,"name":"Jujubes au Pot Canada","item":"https:\/\/stgbc.bcweededible.net\/fr\/shop\/"},{"@type":"ListItem","position":2,"name":"Jujubes THC Eden en gros"}]},{"@type":"WebSite","@id":"https:\/\/stgbc.bcweededible.net\/fr\/#website","url":"https:\/\/stgbc.bcweededible.net\/fr\/","name":"BC Weed Edible","description":"","publisher":{"@id":"https:\/\/stgbc.bcweededible.net\/fr\/#organization"},"potentialAction":[{"@type":"SearchAction","target":{"@type":"EntryPoint","urlTemplate":"https:\/\/stgbc.bcweededible.net\/fr\/?s={search_term_string}"},"query-input":{"@type":"PropertyValueSpecification","valueRequired":true,"valueName":"search_term_string"}}],"inLanguage":"fr-FR"},{"@type":"Organization","@id":"https:\/\/stgbc.bcweededible.net\/fr\/#organization","name":"BC Weed Edible","url":"https:\/\/stgbc.bcweededible.net\/fr\/","logo":{"@type":"ImageObject","inLanguage":"fr-FR","@id":"https:\/\/stgbc.bcweededible.net\/fr\/#\/schema\/logo\/image\/","url":"https:\/\/stgbc.bcweededible.net\/wp-content\/uploads\/2021\/12\/bc-weed-edible-canada.png","contentUrl":"https:\/\/stgbc.bcweededible.net\/wp-content\/uploads\/2021\/12\/bc-weed-edible-canada.png","width":270,"height":185,"caption":"BC Weed Edible"},"image":{"@id":"https:\/\/stgbc.bcweededible.net\/fr\/#\/schema\/logo\/image\/"}}]}},"_links":{"self":[{"href":"https:\/\/stgbc.bcweededible.net\/fr\/wp-json\/wp\/v2\/product\/23720","targetHints":{"allow":["GET"]}}],"collection":[{"href":"https:\/\/stgbc.bcweededible.net\/fr\/wp-json\/wp\/v2\/product"}],"about":[{"href":"https:\/\/stgbc.bcweededible.net\/fr\/wp-json\/wp\/v2\/types\/product"}],"replies":[{"embeddable":true,"href":"https:\/\/stgbc.bcweededible.net\/fr\/wp-json\/wp\/v2\/comments?post=23720"}],"wp:featuredmedia":[{"embeddable":true,"href":"https:\/\/stgbc.bcweededible.net\/fr\/wp-json\/wp\/v2\/media\/114553"}],"wp:attachment":[{"href":"https:\/\/stgbc.bcweededible.net\/fr\/wp-json\/wp\/v2\/media?parent=23720"}],"wp:term":[{"taxonomy":"product_brand","embeddable":true,"href":"https:\/\/stgbc.bcweededible.net\/fr\/wp-json\/wp\/v2\/product_brand?post=23720"},{"taxonomy":"product_cat","embeddable":true,"href":"https:\/\/stgbc.bcweededible.net\/fr\/wp-json\/wp\/v2\/product_cat?post=23720"},{"taxonomy":"product_tag","embeddable":true,"href":"https:\/\/stgbc.bcweededible.net\/fr\/wp-json\/wp\/v2\/product_tag?post=23720"}],"curies":[{"name":"wp","href":"https:\/\/api.w.org\/{rel}","templated":true}]}}