{"id":23701,"date":"2022-06-03T16:38:50","date_gmt":"2022-12-01T09:42:13","guid":{"rendered":"https:\/\/bcweededible.net\/buy\/non%20class\u00e9\/mota-medicated-jujubes-pasteques-acides\/"},"modified":"2026-03-25T11:50:41","modified_gmt":"2026-03-25T18:50:41","slug":"mota-medicated-jujubes-melon-suret","status":"publish","type":"product","link":"https:\/\/stgbc.bcweededible.net\/fr\/buy\/marques\/mota-gummies-fr\/mota-medicated-jujubes-melon-suret\/","title":{"rendered":"Jujubes MOTA &#8211; Melons d&#8217;eau surets"},"content":{"rendered":"","protected":false},"excerpt":{"rendered":"<p>Voici les jujubes <strong>MOTA Melons d&#8217;eau surets<\/strong>! Ces d\u00e9licieux jujubes sont fabriqu\u00e9s \u00e0 partir de distillat de THC de premi\u00e8re qualit\u00e9 et vous donnerons une exp\u00e9rience puissante et de longue dur\u00e9e. Chaque jujube est plein de saveur, et est excessivement puissant, sucr\u00e9 et suret. Que vous recherchiez un soulagement de la douleur ou que vous souhaitiez simplement vous d\u00e9tendre et profiter d&#8217;un bonbon \u00e0 l&#8217;ancienne, les Jujubes Melons d&#8217;eau surets sont parfaits pour vous.<\/p>\n<p>Ces jujubes comprennent <strong>20 mg de CBD et 100 mg de THC<\/strong> dans tous les emballages. Ce qui \u00e9quivaut \u00e0 2 mg de CBD et 10 mg de THC par jujube.<\/p>\n<p><strong>Effets : <\/strong>Euphorie, relaxation, \u00e9nergie, cr\u00e9ativit\u00e9.<\/p>\n<p><strong>Ingr\u00e9dients :<\/strong> Sirop de glucose, sucre, pectine, g\u00e9latine, acide citrique, cannabis, ar\u00f4mes naturels et artificiels, cire de carnuba, citrate de sodium, acides gras et colorants artificiels.<\/p>\n<p><strong>Conservation :<\/strong> Les jujubes peuvent se ramollir lorsqu&#8217;ils sont expos\u00e9s \u00e0 des temp\u00e9ratures sup\u00e9rieures \u00e0 38 degr\u00e9s Celsius. <b>Conservez-les dans un endroit frais et sombre, \u00e0 l&#8217;abri de la lumi\u00e8re directe du soleil.<\/b><\/p>\n","protected":false},"featured_media":16275,"comment_status":"open","ping_status":"closed","template":"","meta":[],"product_brand":[],"product_cat":[244,276,555],"product_tag":[588],"class_list":{"0":"post-23701","1":"product","2":"type-product","3":"status-publish","4":"has-post-thumbnail","6":"product_cat-comestibles","7":"product_cat-jujubes","8":"product_cat-mota-gummies-fr","9":"product_tag-10mg-gummies","11":"first","12":"instock","13":"shipping-taxable","14":"purchasable","15":"product-type-variable"},"yoast_head":"\n<title>Acheter la Jujubes MOTA - Melons d&#039;eau surets en ligne Canada | BC Weed Edible<\/title>\n<meta name=\"robots\" content=\"index, follow, max-snippet:-1, max-image-preview:large, max-video-preview:-1\" \/>\n<link rel=\"canonical\" href=\"https:\/\/stgbc.bcweededible.net\/fr\/buy\/marques\/mota-gummies-fr\/mota-medicated-jujubes-melon-suret\/\" \/>\n<meta property=\"og:locale\" content=\"fr_FR\" \/>\n<meta property=\"og:type\" content=\"article\" \/>\n<meta property=\"og:title\" content=\"Acheter la Jujubes MOTA - Melons d&#039;eau surets en ligne Canada | BC Weed Edible\" \/>\n<meta property=\"og:description\" content=\"Voici les jujubes MOTA Melons d&#039;eau surets! Ces d\u00e9licieux jujubes sont fabriqu\u00e9s \u00e0 partir de distillat de THC de premi\u00e8re qualit\u00e9 et vous donnerons une exp\u00e9rience puissante et de longue dur\u00e9e. Chaque jujube est plein de saveur, et est excessivement puissant, sucr\u00e9 et suret. Que vous recherchiez un soulagement de la douleur ou que vous souhaitiez simplement vous d\u00e9tendre et profiter d&#039;un bonbon \u00e0 l&#039;ancienne, les Jujubes Melons d&#039;eau surets sont parfaits pour vous. Ces jujubes comprennent 20 mg de CBD et 100 mg de THC dans tous les emballages. Ce qui \u00e9quivaut \u00e0 2 mg de CBD et 10 mg de THC par jujube. Effets : Euphorie, relaxation, \u00e9nergie, cr\u00e9ativit\u00e9. Ingr\u00e9dients : Sirop de glucose, sucre, pectine, g\u00e9latine, acide citrique, cannabis, ar\u00f4mes naturels et artificiels, cire de carnuba, citrate de sodium, acides gras et colorants artificiels. Conservation : Les jujubes peuvent se ramollir lorsqu&#039;ils sont expos\u00e9s \u00e0 des temp\u00e9ratures sup\u00e9rieures \u00e0 38 degr\u00e9s Celsius. Conservez-les dans un endroit frais et sombre, \u00e0 l&#039;abri de la lumi\u00e8re directe du soleil.\" \/>\n<meta property=\"og:url\" content=\"https:\/\/stgbc.bcweededible.net\/fr\/buy\/marques\/mota-gummies-fr\/mota-medicated-jujubes-melon-suret\/\" \/>\n<meta property=\"og:site_name\" content=\"BC Weed Edible\" \/>\n<meta property=\"article:modified_time\" content=\"2026-03-25T18:50:41+00:00\" \/>\n<meta property=\"og:image\" content=\"https:\/\/stgbc.bcweededible.net\/wp-content\/uploads\/2022\/06\/mota-medicated-gummies-sour-watermelon-1.jpeg\" \/>\n\t<meta property=\"og:image:width\" content=\"1024\" \/>\n\t<meta property=\"og:image:height\" content=\"1024\" \/>\n\t<meta property=\"og:image:type\" content=\"image\/jpeg\" \/>\n<meta name=\"twitter:card\" content=\"summary_large_image\" \/>\n<script type=\"application\/ld+json\" class=\"yoast-schema-graph\">{\"@context\":\"https:\\\/\\\/schema.org\",\"@graph\":[{\"@type\":\"WebPage\",\"@id\":\"https:\\\/\\\/stgbc.bcweededible.net\\\/fr\\\/buy\\\/marques\\\/mota-gummies-fr\\\/mota-medicated-jujubes-melon-suret\\\/\",\"url\":\"https:\\\/\\\/stgbc.bcweededible.net\\\/fr\\\/buy\\\/marques\\\/mota-gummies-fr\\\/mota-medicated-jujubes-melon-suret\\\/\",\"name\":\"Acheter la Jujubes MOTA - Melons d'eau surets en ligne Canada | BC Weed Edible\",\"isPartOf\":{\"@id\":\"https:\\\/\\\/stgbc.bcweededible.net\\\/fr\\\/#website\"},\"primaryImageOfPage\":{\"@id\":\"https:\\\/\\\/stgbc.bcweededible.net\\\/fr\\\/buy\\\/marques\\\/mota-gummies-fr\\\/mota-medicated-jujubes-melon-suret\\\/#primaryimage\"},\"image\":{\"@id\":\"https:\\\/\\\/stgbc.bcweededible.net\\\/fr\\\/buy\\\/marques\\\/mota-gummies-fr\\\/mota-medicated-jujubes-melon-suret\\\/#primaryimage\"},\"thumbnailUrl\":\"https:\\\/\\\/stgbc.bcweededible.net\\\/wp-content\\\/uploads\\\/2022\\\/06\\\/mota-medicated-gummies-sour-watermelon-1.jpeg\",\"datePublished\":\"2022-12-01T09:42:13+00:00\",\"dateModified\":\"2026-03-25T18:50:41+00:00\",\"breadcrumb\":{\"@id\":\"https:\\\/\\\/stgbc.bcweededible.net\\\/fr\\\/buy\\\/marques\\\/mota-gummies-fr\\\/mota-medicated-jujubes-melon-suret\\\/#breadcrumb\"},\"inLanguage\":\"fr-FR\",\"potentialAction\":[{\"@type\":\"ReadAction\",\"target\":[\"https:\\\/\\\/stgbc.bcweededible.net\\\/fr\\\/buy\\\/marques\\\/mota-gummies-fr\\\/mota-medicated-jujubes-melon-suret\\\/\"]}]},{\"@type\":\"ImageObject\",\"inLanguage\":\"fr-FR\",\"@id\":\"https:\\\/\\\/stgbc.bcweededible.net\\\/fr\\\/buy\\\/marques\\\/mota-gummies-fr\\\/mota-medicated-jujubes-melon-suret\\\/#primaryimage\",\"url\":\"https:\\\/\\\/stgbc.bcweededible.net\\\/wp-content\\\/uploads\\\/2022\\\/06\\\/mota-medicated-gummies-sour-watermelon-1.jpeg\",\"contentUrl\":\"https:\\\/\\\/stgbc.bcweededible.net\\\/wp-content\\\/uploads\\\/2022\\\/06\\\/mota-medicated-gummies-sour-watermelon-1.jpeg\",\"width\":1024,\"height\":1024,\"caption\":\"mota medicated gummies sour watermelons candy\"},{\"@type\":\"BreadcrumbList\",\"@id\":\"https:\\\/\\\/stgbc.bcweededible.net\\\/fr\\\/buy\\\/marques\\\/mota-gummies-fr\\\/mota-medicated-jujubes-melon-suret\\\/#breadcrumb\",\"itemListElement\":[{\"@type\":\"ListItem\",\"position\":1,\"name\":\"Jujubes au Pot Canada\",\"item\":\"https:\\\/\\\/stgbc.bcweededible.net\\\/fr\\\/shop\\\/\"},{\"@type\":\"ListItem\",\"position\":2,\"name\":\"Jujubes MOTA &#8211; Melons d&#8217;eau surets\"}]},{\"@type\":\"WebSite\",\"@id\":\"https:\\\/\\\/stgbc.bcweededible.net\\\/fr\\\/#website\",\"url\":\"https:\\\/\\\/stgbc.bcweededible.net\\\/fr\\\/\",\"name\":\"BC Weed Edible\",\"description\":\"\",\"publisher\":{\"@id\":\"https:\\\/\\\/stgbc.bcweededible.net\\\/fr\\\/#organization\"},\"potentialAction\":[{\"@type\":\"SearchAction\",\"target\":{\"@type\":\"EntryPoint\",\"urlTemplate\":\"https:\\\/\\\/stgbc.bcweededible.net\\\/fr\\\/?s={search_term_string}\"},\"query-input\":{\"@type\":\"PropertyValueSpecification\",\"valueRequired\":true,\"valueName\":\"search_term_string\"}}],\"inLanguage\":\"fr-FR\"},{\"@type\":\"Organization\",\"@id\":\"https:\\\/\\\/stgbc.bcweededible.net\\\/fr\\\/#organization\",\"name\":\"BC Weed Edible\",\"url\":\"https:\\\/\\\/stgbc.bcweededible.net\\\/fr\\\/\",\"logo\":{\"@type\":\"ImageObject\",\"inLanguage\":\"fr-FR\",\"@id\":\"https:\\\/\\\/stgbc.bcweededible.net\\\/fr\\\/#\\\/schema\\\/logo\\\/image\\\/\",\"url\":\"https:\\\/\\\/stgbc.bcweededible.net\\\/wp-content\\\/uploads\\\/2021\\\/12\\\/bc-weed-edible-canada.png\",\"contentUrl\":\"https:\\\/\\\/stgbc.bcweededible.net\\\/wp-content\\\/uploads\\\/2021\\\/12\\\/bc-weed-edible-canada.png\",\"width\":270,\"height\":185,\"caption\":\"BC Weed Edible\"},\"image\":{\"@id\":\"https:\\\/\\\/stgbc.bcweededible.net\\\/fr\\\/#\\\/schema\\\/logo\\\/image\\\/\"}}]}<\/script>\n","yoast_head_json":{"title":"Acheter la Jujubes MOTA - Melons d'eau surets en ligne Canada | BC Weed Edible","robots":{"index":"index","follow":"follow","max-snippet":"max-snippet:-1","max-image-preview":"max-image-preview:large","max-video-preview":"max-video-preview:-1"},"canonical":"https:\/\/stgbc.bcweededible.net\/fr\/buy\/marques\/mota-gummies-fr\/mota-medicated-jujubes-melon-suret\/","og_locale":"fr_FR","og_type":"article","og_title":"Acheter la Jujubes MOTA - Melons d'eau surets en ligne Canada | BC Weed Edible","og_description":"Voici les jujubes MOTA Melons d'eau surets! Ces d\u00e9licieux jujubes sont fabriqu\u00e9s \u00e0 partir de distillat de THC de premi\u00e8re qualit\u00e9 et vous donnerons une exp\u00e9rience puissante et de longue dur\u00e9e. Chaque jujube est plein de saveur, et est excessivement puissant, sucr\u00e9 et suret. Que vous recherchiez un soulagement de la douleur ou que vous souhaitiez simplement vous d\u00e9tendre et profiter d'un bonbon \u00e0 l'ancienne, les Jujubes Melons d'eau surets sont parfaits pour vous. Ces jujubes comprennent 20 mg de CBD et 100 mg de THC dans tous les emballages. Ce qui \u00e9quivaut \u00e0 2 mg de CBD et 10 mg de THC par jujube. Effets : Euphorie, relaxation, \u00e9nergie, cr\u00e9ativit\u00e9. Ingr\u00e9dients : Sirop de glucose, sucre, pectine, g\u00e9latine, acide citrique, cannabis, ar\u00f4mes naturels et artificiels, cire de carnuba, citrate de sodium, acides gras et colorants artificiels. Conservation : Les jujubes peuvent se ramollir lorsqu'ils sont expos\u00e9s \u00e0 des temp\u00e9ratures sup\u00e9rieures \u00e0 38 degr\u00e9s Celsius. Conservez-les dans un endroit frais et sombre, \u00e0 l'abri de la lumi\u00e8re directe du soleil.","og_url":"https:\/\/stgbc.bcweededible.net\/fr\/buy\/marques\/mota-gummies-fr\/mota-medicated-jujubes-melon-suret\/","og_site_name":"BC Weed Edible","article_modified_time":"2026-03-25T18:50:41+00:00","og_image":[{"width":1024,"height":1024,"url":"https:\/\/stgbc.bcweededible.net\/wp-content\/uploads\/2022\/06\/mota-medicated-gummies-sour-watermelon-1.jpeg","type":"image\/jpeg"}],"twitter_card":"summary_large_image","schema":{"@context":"https:\/\/schema.org","@graph":[{"@type":"WebPage","@id":"https:\/\/stgbc.bcweededible.net\/fr\/buy\/marques\/mota-gummies-fr\/mota-medicated-jujubes-melon-suret\/","url":"https:\/\/stgbc.bcweededible.net\/fr\/buy\/marques\/mota-gummies-fr\/mota-medicated-jujubes-melon-suret\/","name":"Acheter la Jujubes MOTA - Melons d'eau surets en ligne Canada | BC Weed Edible","isPartOf":{"@id":"https:\/\/stgbc.bcweededible.net\/fr\/#website"},"primaryImageOfPage":{"@id":"https:\/\/stgbc.bcweededible.net\/fr\/buy\/marques\/mota-gummies-fr\/mota-medicated-jujubes-melon-suret\/#primaryimage"},"image":{"@id":"https:\/\/stgbc.bcweededible.net\/fr\/buy\/marques\/mota-gummies-fr\/mota-medicated-jujubes-melon-suret\/#primaryimage"},"thumbnailUrl":"https:\/\/stgbc.bcweededible.net\/wp-content\/uploads\/2022\/06\/mota-medicated-gummies-sour-watermelon-1.jpeg","datePublished":"2022-12-01T09:42:13+00:00","dateModified":"2026-03-25T18:50:41+00:00","breadcrumb":{"@id":"https:\/\/stgbc.bcweededible.net\/fr\/buy\/marques\/mota-gummies-fr\/mota-medicated-jujubes-melon-suret\/#breadcrumb"},"inLanguage":"fr-FR","potentialAction":[{"@type":"ReadAction","target":["https:\/\/stgbc.bcweededible.net\/fr\/buy\/marques\/mota-gummies-fr\/mota-medicated-jujubes-melon-suret\/"]}]},{"@type":"ImageObject","inLanguage":"fr-FR","@id":"https:\/\/stgbc.bcweededible.net\/fr\/buy\/marques\/mota-gummies-fr\/mota-medicated-jujubes-melon-suret\/#primaryimage","url":"https:\/\/stgbc.bcweededible.net\/wp-content\/uploads\/2022\/06\/mota-medicated-gummies-sour-watermelon-1.jpeg","contentUrl":"https:\/\/stgbc.bcweededible.net\/wp-content\/uploads\/2022\/06\/mota-medicated-gummies-sour-watermelon-1.jpeg","width":1024,"height":1024,"caption":"mota medicated gummies sour watermelons candy"},{"@type":"BreadcrumbList","@id":"https:\/\/stgbc.bcweededible.net\/fr\/buy\/marques\/mota-gummies-fr\/mota-medicated-jujubes-melon-suret\/#breadcrumb","itemListElement":[{"@type":"ListItem","position":1,"name":"Jujubes au Pot Canada","item":"https:\/\/stgbc.bcweededible.net\/fr\/shop\/"},{"@type":"ListItem","position":2,"name":"Jujubes MOTA &#8211; Melons d&#8217;eau surets"}]},{"@type":"WebSite","@id":"https:\/\/stgbc.bcweededible.net\/fr\/#website","url":"https:\/\/stgbc.bcweededible.net\/fr\/","name":"BC Weed Edible","description":"","publisher":{"@id":"https:\/\/stgbc.bcweededible.net\/fr\/#organization"},"potentialAction":[{"@type":"SearchAction","target":{"@type":"EntryPoint","urlTemplate":"https:\/\/stgbc.bcweededible.net\/fr\/?s={search_term_string}"},"query-input":{"@type":"PropertyValueSpecification","valueRequired":true,"valueName":"search_term_string"}}],"inLanguage":"fr-FR"},{"@type":"Organization","@id":"https:\/\/stgbc.bcweededible.net\/fr\/#organization","name":"BC Weed Edible","url":"https:\/\/stgbc.bcweededible.net\/fr\/","logo":{"@type":"ImageObject","inLanguage":"fr-FR","@id":"https:\/\/stgbc.bcweededible.net\/fr\/#\/schema\/logo\/image\/","url":"https:\/\/stgbc.bcweededible.net\/wp-content\/uploads\/2021\/12\/bc-weed-edible-canada.png","contentUrl":"https:\/\/stgbc.bcweededible.net\/wp-content\/uploads\/2021\/12\/bc-weed-edible-canada.png","width":270,"height":185,"caption":"BC Weed Edible"},"image":{"@id":"https:\/\/stgbc.bcweededible.net\/fr\/#\/schema\/logo\/image\/"}}]}},"_links":{"self":[{"href":"https:\/\/stgbc.bcweededible.net\/fr\/wp-json\/wp\/v2\/product\/23701","targetHints":{"allow":["GET"]}}],"collection":[{"href":"https:\/\/stgbc.bcweededible.net\/fr\/wp-json\/wp\/v2\/product"}],"about":[{"href":"https:\/\/stgbc.bcweededible.net\/fr\/wp-json\/wp\/v2\/types\/product"}],"replies":[{"embeddable":true,"href":"https:\/\/stgbc.bcweededible.net\/fr\/wp-json\/wp\/v2\/comments?post=23701"}],"wp:featuredmedia":[{"embeddable":true,"href":"https:\/\/stgbc.bcweededible.net\/fr\/wp-json\/wp\/v2\/media\/16275"}],"wp:attachment":[{"href":"https:\/\/stgbc.bcweededible.net\/fr\/wp-json\/wp\/v2\/media?parent=23701"}],"wp:term":[{"taxonomy":"product_brand","embeddable":true,"href":"https:\/\/stgbc.bcweededible.net\/fr\/wp-json\/wp\/v2\/product_brand?post=23701"},{"taxonomy":"product_cat","embeddable":true,"href":"https:\/\/stgbc.bcweededible.net\/fr\/wp-json\/wp\/v2\/product_cat?post=23701"},{"taxonomy":"product_tag","embeddable":true,"href":"https:\/\/stgbc.bcweededible.net\/fr\/wp-json\/wp\/v2\/product_tag?post=23701"}],"curies":[{"name":"wp","href":"https:\/\/api.w.org\/{rel}","templated":true}]}}