{"id":23672,"date":"2022-06-02T12:16:00","date_gmt":"2022-12-01T09:42:05","guid":{"rendered":"https:\/\/bcweededible.net\/buy\/non%20class\u00e9\/boost-edibles-thc-jujubes-variete-pack\/"},"modified":"2025-11-18T21:36:23","modified_gmt":"2025-11-19T05:36:23","slug":"boost-edibles-thc-jujubes-variete-pack","status":"publish","type":"product","link":"https:\/\/stgbc.bcweededible.net\/fr\/buy\/marques\/boost-edibles-fr\/boost-edibles-thc-jujubes-variete-pack\/","title":{"rendered":"Jujubes Boost &#8211; Vari\u00e9t\u00e9 Pack"},"content":{"rendered":"","protected":false},"excerpt":{"rendered":"<p>Vous cherchez \u00e0 donner un peu plus de soleil \u00e0 votre journ\u00e9e ? Voici les Jujubes Boost, la fa\u00e7on parfaite de profiter d&#8217;une d\u00e9licieuse friandise tout en recevant une bonne dose de THC. Ce pack contient 4 d\u00e9licieuses saveurs (Melon d&#8217;eau, pomme, cerise et fraise), ces jujubes contiennent 20 mg de THC pur distill\u00e9 chacun. Alors, que vous cherchiez un petit remontant en milieu de journ\u00e9e ou que vous souhaitiez vous d\u00e9tendre apr\u00e8s une longue journ\u00e9e, les jujubes Boost THC sont l\u00e0 pour vous.<\/p>\n<p><strong>Recommandation de dosage : <\/strong>si vous \u00eates novice en mati\u00e8re de jujubes de cannabis, commencez doucement, une dose standard est de 10 mg. Attendez au moins 90 minutes avant de prendre d&#8217;autres jujubes.<\/p>\n<p><strong>Effets : <\/strong>Euphorie, Relaxation, \u00c9nergique<\/p>\n<p><strong>Ingr\u00e9dients :<\/strong> Pectine, acide citrique, colorant, g\u00e9latine, sirop de glucose, huile MCT, ar\u00f4mes naturels, sucre, l\u00e9cithine de tournesol, eau, distillat de THC hybride.<\/p>\n<p><strong>Conservation :<\/strong> Les jujubes peuvent se ramollir lorsqu&#8217;ils sont expos\u00e9s \u00e0 des temp\u00e9ratures sup\u00e9rieures \u00e0 38 degr\u00e9s Celsius. <b>Conservez-les dans un endroit frais et sombre, \u00e0 l&#8217;abri de la lumi\u00e8re directe du soleil.<\/b><\/p>\n","protected":false},"featured_media":68060,"comment_status":"open","ping_status":"closed","template":"","meta":[],"product_brand":[],"product_cat":[552,244,276],"product_tag":[338],"class_list":{"0":"post-23672","1":"product","2":"type-product","3":"status-publish","4":"has-post-thumbnail","6":"product_cat-boost-edibles-fr","7":"product_cat-comestibles","8":"product_cat-jujubes","9":"product_tag-20mg-fr","11":"first","12":"outofstock","13":"shipping-taxable","14":"purchasable","15":"product-type-simple"},"yoast_head":"\n<title>Acheter un Jujubes Boost - Vari\u00e9t\u00e9 Pack au Canada | BC Weed Edible<\/title>\n<meta name=\"robots\" content=\"index, follow, max-snippet:-1, max-image-preview:large, max-video-preview:-1\" \/>\n<link rel=\"canonical\" href=\"https:\/\/stgbc.bcweededible.net\/fr\/buy\/marques\/boost-edibles-fr\/boost-edibles-thc-jujubes-variete-pack\/\" \/>\n<meta property=\"og:locale\" content=\"fr_FR\" \/>\n<meta property=\"og:type\" content=\"article\" \/>\n<meta property=\"og:title\" content=\"Acheter un Jujubes Boost - Vari\u00e9t\u00e9 Pack au Canada | BC Weed Edible\" \/>\n<meta property=\"og:description\" content=\"Vous cherchez \u00e0 donner un peu plus de soleil \u00e0 votre journ\u00e9e ? Voici les Jujubes Boost, la fa\u00e7on parfaite de profiter d&#039;une d\u00e9licieuse friandise tout en recevant une bonne dose de THC. Ce pack contient 4 d\u00e9licieuses saveurs (Melon d&#039;eau, pomme, cerise et fraise), ces jujubes contiennent 20 mg de THC pur distill\u00e9 chacun. Alors, que vous cherchiez un petit remontant en milieu de journ\u00e9e ou que vous souhaitiez vous d\u00e9tendre apr\u00e8s une longue journ\u00e9e, les jujubes Boost THC sont l\u00e0 pour vous. Recommandation de dosage : si vous \u00eates novice en mati\u00e8re de jujubes de cannabis, commencez doucement, une dose standard est de 10 mg. Attendez au moins 90 minutes avant de prendre d&#039;autres jujubes. Effets : Euphorie, Relaxation, \u00c9nergique Ingr\u00e9dients : Pectine, acide citrique, colorant, g\u00e9latine, sirop de glucose, huile MCT, ar\u00f4mes naturels, sucre, l\u00e9cithine de tournesol, eau, distillat de THC hybride. Conservation : Les jujubes peuvent se ramollir lorsqu&#039;ils sont expos\u00e9s \u00e0 des temp\u00e9ratures sup\u00e9rieures \u00e0 38 degr\u00e9s Celsius. Conservez-les dans un endroit frais et sombre, \u00e0 l&#039;abri de la lumi\u00e8re directe du soleil.\" \/>\n<meta property=\"og:url\" content=\"https:\/\/stgbc.bcweededible.net\/fr\/buy\/marques\/boost-edibles-fr\/boost-edibles-thc-jujubes-variete-pack\/\" \/>\n<meta property=\"og:site_name\" content=\"BC Weed Edible\" \/>\n<meta property=\"article:modified_time\" content=\"2025-11-19T05:36:23+00:00\" \/>\n<meta property=\"og:image\" content=\"https:\/\/stgbc.bcweededible.net\/wp-content\/uploads\/2022\/06\/boost-thc-gummies-variety-pack-300mg-thc.jpg\" \/>\n\t<meta property=\"og:image:width\" content=\"1000\" \/>\n\t<meta property=\"og:image:height\" content=\"1000\" \/>\n\t<meta property=\"og:image:type\" content=\"image\/jpeg\" \/>\n<meta name=\"twitter:card\" content=\"summary_large_image\" \/>\n<script type=\"application\/ld+json\" class=\"yoast-schema-graph\">{\"@context\":\"https:\\\/\\\/schema.org\",\"@graph\":[{\"@type\":\"WebPage\",\"@id\":\"https:\\\/\\\/stgbc.bcweededible.net\\\/fr\\\/buy\\\/marques\\\/boost-edibles-fr\\\/boost-edibles-thc-jujubes-variete-pack\\\/\",\"url\":\"https:\\\/\\\/stgbc.bcweededible.net\\\/fr\\\/buy\\\/marques\\\/boost-edibles-fr\\\/boost-edibles-thc-jujubes-variete-pack\\\/\",\"name\":\"Acheter un Jujubes Boost - Vari\u00e9t\u00e9 Pack au Canada | BC Weed Edible\",\"isPartOf\":{\"@id\":\"https:\\\/\\\/stgbc.bcweededible.net\\\/fr\\\/#website\"},\"primaryImageOfPage\":{\"@id\":\"https:\\\/\\\/stgbc.bcweededible.net\\\/fr\\\/buy\\\/marques\\\/boost-edibles-fr\\\/boost-edibles-thc-jujubes-variete-pack\\\/#primaryimage\"},\"image\":{\"@id\":\"https:\\\/\\\/stgbc.bcweededible.net\\\/fr\\\/buy\\\/marques\\\/boost-edibles-fr\\\/boost-edibles-thc-jujubes-variete-pack\\\/#primaryimage\"},\"thumbnailUrl\":\"https:\\\/\\\/stgbc.bcweededible.net\\\/wp-content\\\/uploads\\\/2022\\\/06\\\/boost-thc-gummies-variety-pack-300mg-thc.jpg\",\"datePublished\":\"2022-12-01T09:42:05+00:00\",\"dateModified\":\"2025-11-19T05:36:23+00:00\",\"breadcrumb\":{\"@id\":\"https:\\\/\\\/stgbc.bcweededible.net\\\/fr\\\/buy\\\/marques\\\/boost-edibles-fr\\\/boost-edibles-thc-jujubes-variete-pack\\\/#breadcrumb\"},\"inLanguage\":\"fr-FR\",\"potentialAction\":[{\"@type\":\"ReadAction\",\"target\":[\"https:\\\/\\\/stgbc.bcweededible.net\\\/fr\\\/buy\\\/marques\\\/boost-edibles-fr\\\/boost-edibles-thc-jujubes-variete-pack\\\/\"]}]},{\"@type\":\"ImageObject\",\"inLanguage\":\"fr-FR\",\"@id\":\"https:\\\/\\\/stgbc.bcweededible.net\\\/fr\\\/buy\\\/marques\\\/boost-edibles-fr\\\/boost-edibles-thc-jujubes-variete-pack\\\/#primaryimage\",\"url\":\"https:\\\/\\\/stgbc.bcweededible.net\\\/wp-content\\\/uploads\\\/2022\\\/06\\\/boost-thc-gummies-variety-pack-300mg-thc.jpg\",\"contentUrl\":\"https:\\\/\\\/stgbc.bcweededible.net\\\/wp-content\\\/uploads\\\/2022\\\/06\\\/boost-thc-gummies-variety-pack-300mg-thc.jpg\",\"width\":1000,\"height\":1000,\"caption\":\"boost thc gummies variety pack 300mg thc\"},{\"@type\":\"BreadcrumbList\",\"@id\":\"https:\\\/\\\/stgbc.bcweededible.net\\\/fr\\\/buy\\\/marques\\\/boost-edibles-fr\\\/boost-edibles-thc-jujubes-variete-pack\\\/#breadcrumb\",\"itemListElement\":[{\"@type\":\"ListItem\",\"position\":1,\"name\":\"Jujubes au Pot Canada\",\"item\":\"https:\\\/\\\/stgbc.bcweededible.net\\\/fr\\\/shop\\\/\"},{\"@type\":\"ListItem\",\"position\":2,\"name\":\"Jujubes Boost &#8211; Vari\u00e9t\u00e9 Pack\"}]},{\"@type\":\"WebSite\",\"@id\":\"https:\\\/\\\/stgbc.bcweededible.net\\\/fr\\\/#website\",\"url\":\"https:\\\/\\\/stgbc.bcweededible.net\\\/fr\\\/\",\"name\":\"BC Weed Edible\",\"description\":\"\",\"publisher\":{\"@id\":\"https:\\\/\\\/stgbc.bcweededible.net\\\/fr\\\/#organization\"},\"potentialAction\":[{\"@type\":\"SearchAction\",\"target\":{\"@type\":\"EntryPoint\",\"urlTemplate\":\"https:\\\/\\\/stgbc.bcweededible.net\\\/fr\\\/?s={search_term_string}\"},\"query-input\":{\"@type\":\"PropertyValueSpecification\",\"valueRequired\":true,\"valueName\":\"search_term_string\"}}],\"inLanguage\":\"fr-FR\"},{\"@type\":\"Organization\",\"@id\":\"https:\\\/\\\/stgbc.bcweededible.net\\\/fr\\\/#organization\",\"name\":\"BC Weed Edible\",\"url\":\"https:\\\/\\\/stgbc.bcweededible.net\\\/fr\\\/\",\"logo\":{\"@type\":\"ImageObject\",\"inLanguage\":\"fr-FR\",\"@id\":\"https:\\\/\\\/stgbc.bcweededible.net\\\/fr\\\/#\\\/schema\\\/logo\\\/image\\\/\",\"url\":\"https:\\\/\\\/stgbc.bcweededible.net\\\/wp-content\\\/uploads\\\/2021\\\/12\\\/bc-weed-edible-canada.png\",\"contentUrl\":\"https:\\\/\\\/stgbc.bcweededible.net\\\/wp-content\\\/uploads\\\/2021\\\/12\\\/bc-weed-edible-canada.png\",\"width\":270,\"height\":185,\"caption\":\"BC Weed Edible\"},\"image\":{\"@id\":\"https:\\\/\\\/stgbc.bcweededible.net\\\/fr\\\/#\\\/schema\\\/logo\\\/image\\\/\"}}]}<\/script>\n","yoast_head_json":{"title":"Acheter un Jujubes Boost - Vari\u00e9t\u00e9 Pack au Canada | BC Weed Edible","robots":{"index":"index","follow":"follow","max-snippet":"max-snippet:-1","max-image-preview":"max-image-preview:large","max-video-preview":"max-video-preview:-1"},"canonical":"https:\/\/stgbc.bcweededible.net\/fr\/buy\/marques\/boost-edibles-fr\/boost-edibles-thc-jujubes-variete-pack\/","og_locale":"fr_FR","og_type":"article","og_title":"Acheter un Jujubes Boost - Vari\u00e9t\u00e9 Pack au Canada | BC Weed Edible","og_description":"Vous cherchez \u00e0 donner un peu plus de soleil \u00e0 votre journ\u00e9e ? Voici les Jujubes Boost, la fa\u00e7on parfaite de profiter d'une d\u00e9licieuse friandise tout en recevant une bonne dose de THC. Ce pack contient 4 d\u00e9licieuses saveurs (Melon d'eau, pomme, cerise et fraise), ces jujubes contiennent 20 mg de THC pur distill\u00e9 chacun. Alors, que vous cherchiez un petit remontant en milieu de journ\u00e9e ou que vous souhaitiez vous d\u00e9tendre apr\u00e8s une longue journ\u00e9e, les jujubes Boost THC sont l\u00e0 pour vous. Recommandation de dosage : si vous \u00eates novice en mati\u00e8re de jujubes de cannabis, commencez doucement, une dose standard est de 10 mg. Attendez au moins 90 minutes avant de prendre d'autres jujubes. Effets : Euphorie, Relaxation, \u00c9nergique Ingr\u00e9dients : Pectine, acide citrique, colorant, g\u00e9latine, sirop de glucose, huile MCT, ar\u00f4mes naturels, sucre, l\u00e9cithine de tournesol, eau, distillat de THC hybride. Conservation : Les jujubes peuvent se ramollir lorsqu'ils sont expos\u00e9s \u00e0 des temp\u00e9ratures sup\u00e9rieures \u00e0 38 degr\u00e9s Celsius. Conservez-les dans un endroit frais et sombre, \u00e0 l'abri de la lumi\u00e8re directe du soleil.","og_url":"https:\/\/stgbc.bcweededible.net\/fr\/buy\/marques\/boost-edibles-fr\/boost-edibles-thc-jujubes-variete-pack\/","og_site_name":"BC Weed Edible","article_modified_time":"2025-11-19T05:36:23+00:00","og_image":[{"width":1000,"height":1000,"url":"https:\/\/stgbc.bcweededible.net\/wp-content\/uploads\/2022\/06\/boost-thc-gummies-variety-pack-300mg-thc.jpg","type":"image\/jpeg"}],"twitter_card":"summary_large_image","schema":{"@context":"https:\/\/schema.org","@graph":[{"@type":"WebPage","@id":"https:\/\/stgbc.bcweededible.net\/fr\/buy\/marques\/boost-edibles-fr\/boost-edibles-thc-jujubes-variete-pack\/","url":"https:\/\/stgbc.bcweededible.net\/fr\/buy\/marques\/boost-edibles-fr\/boost-edibles-thc-jujubes-variete-pack\/","name":"Acheter un Jujubes Boost - Vari\u00e9t\u00e9 Pack au Canada | BC Weed Edible","isPartOf":{"@id":"https:\/\/stgbc.bcweededible.net\/fr\/#website"},"primaryImageOfPage":{"@id":"https:\/\/stgbc.bcweededible.net\/fr\/buy\/marques\/boost-edibles-fr\/boost-edibles-thc-jujubes-variete-pack\/#primaryimage"},"image":{"@id":"https:\/\/stgbc.bcweededible.net\/fr\/buy\/marques\/boost-edibles-fr\/boost-edibles-thc-jujubes-variete-pack\/#primaryimage"},"thumbnailUrl":"https:\/\/stgbc.bcweededible.net\/wp-content\/uploads\/2022\/06\/boost-thc-gummies-variety-pack-300mg-thc.jpg","datePublished":"2022-12-01T09:42:05+00:00","dateModified":"2025-11-19T05:36:23+00:00","breadcrumb":{"@id":"https:\/\/stgbc.bcweededible.net\/fr\/buy\/marques\/boost-edibles-fr\/boost-edibles-thc-jujubes-variete-pack\/#breadcrumb"},"inLanguage":"fr-FR","potentialAction":[{"@type":"ReadAction","target":["https:\/\/stgbc.bcweededible.net\/fr\/buy\/marques\/boost-edibles-fr\/boost-edibles-thc-jujubes-variete-pack\/"]}]},{"@type":"ImageObject","inLanguage":"fr-FR","@id":"https:\/\/stgbc.bcweededible.net\/fr\/buy\/marques\/boost-edibles-fr\/boost-edibles-thc-jujubes-variete-pack\/#primaryimage","url":"https:\/\/stgbc.bcweededible.net\/wp-content\/uploads\/2022\/06\/boost-thc-gummies-variety-pack-300mg-thc.jpg","contentUrl":"https:\/\/stgbc.bcweededible.net\/wp-content\/uploads\/2022\/06\/boost-thc-gummies-variety-pack-300mg-thc.jpg","width":1000,"height":1000,"caption":"boost thc gummies variety pack 300mg thc"},{"@type":"BreadcrumbList","@id":"https:\/\/stgbc.bcweededible.net\/fr\/buy\/marques\/boost-edibles-fr\/boost-edibles-thc-jujubes-variete-pack\/#breadcrumb","itemListElement":[{"@type":"ListItem","position":1,"name":"Jujubes au Pot Canada","item":"https:\/\/stgbc.bcweededible.net\/fr\/shop\/"},{"@type":"ListItem","position":2,"name":"Jujubes Boost &#8211; Vari\u00e9t\u00e9 Pack"}]},{"@type":"WebSite","@id":"https:\/\/stgbc.bcweededible.net\/fr\/#website","url":"https:\/\/stgbc.bcweededible.net\/fr\/","name":"BC Weed Edible","description":"","publisher":{"@id":"https:\/\/stgbc.bcweededible.net\/fr\/#organization"},"potentialAction":[{"@type":"SearchAction","target":{"@type":"EntryPoint","urlTemplate":"https:\/\/stgbc.bcweededible.net\/fr\/?s={search_term_string}"},"query-input":{"@type":"PropertyValueSpecification","valueRequired":true,"valueName":"search_term_string"}}],"inLanguage":"fr-FR"},{"@type":"Organization","@id":"https:\/\/stgbc.bcweededible.net\/fr\/#organization","name":"BC Weed Edible","url":"https:\/\/stgbc.bcweededible.net\/fr\/","logo":{"@type":"ImageObject","inLanguage":"fr-FR","@id":"https:\/\/stgbc.bcweededible.net\/fr\/#\/schema\/logo\/image\/","url":"https:\/\/stgbc.bcweededible.net\/wp-content\/uploads\/2021\/12\/bc-weed-edible-canada.png","contentUrl":"https:\/\/stgbc.bcweededible.net\/wp-content\/uploads\/2021\/12\/bc-weed-edible-canada.png","width":270,"height":185,"caption":"BC Weed Edible"},"image":{"@id":"https:\/\/stgbc.bcweededible.net\/fr\/#\/schema\/logo\/image\/"}}]}},"_links":{"self":[{"href":"https:\/\/stgbc.bcweededible.net\/fr\/wp-json\/wp\/v2\/product\/23672","targetHints":{"allow":["GET"]}}],"collection":[{"href":"https:\/\/stgbc.bcweededible.net\/fr\/wp-json\/wp\/v2\/product"}],"about":[{"href":"https:\/\/stgbc.bcweededible.net\/fr\/wp-json\/wp\/v2\/types\/product"}],"replies":[{"embeddable":true,"href":"https:\/\/stgbc.bcweededible.net\/fr\/wp-json\/wp\/v2\/comments?post=23672"}],"wp:featuredmedia":[{"embeddable":true,"href":"https:\/\/stgbc.bcweededible.net\/fr\/wp-json\/wp\/v2\/media\/68060"}],"wp:attachment":[{"href":"https:\/\/stgbc.bcweededible.net\/fr\/wp-json\/wp\/v2\/media?parent=23672"}],"wp:term":[{"taxonomy":"product_brand","embeddable":true,"href":"https:\/\/stgbc.bcweededible.net\/fr\/wp-json\/wp\/v2\/product_brand?post=23672"},{"taxonomy":"product_cat","embeddable":true,"href":"https:\/\/stgbc.bcweededible.net\/fr\/wp-json\/wp\/v2\/product_cat?post=23672"},{"taxonomy":"product_tag","embeddable":true,"href":"https:\/\/stgbc.bcweededible.net\/fr\/wp-json\/wp\/v2\/product_tag?post=23672"}],"curies":[{"name":"wp","href":"https:\/\/api.w.org\/{rel}","templated":true}]}}