{"id":23652,"date":"2022-06-13T12:03:32","date_gmt":"2022-12-01T09:39:03","guid":{"rendered":"https:\/\/bcweededible.net\/buy\/non%20class\u00e9\/white-widow-shatter-hybride\/"},"modified":"2025-12-14T17:31:27","modified_gmt":"2025-12-15T01:31:27","slug":"white-widow-shatter-hybride","status":"publish","type":"product","link":"https:\/\/stgbc.bcweededible.net\/fr\/buy\/gros\/concentres-en-gros\/white-widow-shatter-hybride\/","title":{"rendered":"White Widow Shatter (Hybride)"},"content":{"rendered":"<h2><\/h2>\n<p>&nbsp;<\/p>\n","protected":false},"excerpt":{"rendered":"<p>Vous cherchez un puissant <a href=\"https:\/\/stgbc.bcweededible.net\/fr\/shop\/concentres\/\"><strong>concentr\u00e9 <\/strong><\/a>qui vous fera planer \u00e0 coup s\u00fbr ? Ne cherchez pas plus loin que <strong>notre White Widow Shatter<\/strong>. Ce produit puissant est l&#8217;une des vari\u00e9t\u00e9s les plus populaires au Canada et est parfait pour ceux qui veulent un high puissant. <a href=\"http:\/\/bcweededible.net\/shop\/concentrates\/shatter\/\"><br \/>\n<\/a><\/p>\n<p>Le shatter est une forme tr\u00e8s concentr\u00e9e de cannabis qui est connue pour ses effets intenses.<\/p>\n<p>Tous nos <strong>Nug Run Shatters sont disponibles \u00e0 partir de 8$ le gramme !<\/strong> Nous en avons en quantit\u00e9 limit\u00e9e, alors profitez-en rapidement!<\/p>\n<h2>A propos du White Widow Shatter<\/h2>\n<ul>\n<li><strong>Consistance :<\/strong> Shatter<\/li>\n<li><strong>Ph\u00e9notype :<\/strong> Hybride<\/li>\n<li><strong>Teneur en THC :<\/strong> +79%<\/li>\n<li><strong>Teneur en CBD :<\/strong> &lt;1-2%<\/li>\n<li><strong>Type d&#8217;\u00e9clats :<\/strong> Nug Run Shatter (fabriqu\u00e9 \u00e0 partir de fleurs seulement)<\/li>\n<li><strong>Fabriqu\u00e9 en :<\/strong> Colombie-Britannique<\/li>\n<\/ul>\n<h2>\u00a0Description du White Widow Shatter<\/h2>\n<p>Vous recherchez un<strong> high puissant mais \u00e9quilibr\u00e9 ?<\/strong> White Widow Shatter est parfait pour les amateurs de cannabis qui veulent le meilleur des deux mondes. Avec un &#8221;high&#8221; c\u00e9r\u00e9bral qui am\u00e9liore votre humeur tout en relaxant votre corps, <strong>White Widow est parfait pour les situations sociales ou pour se d\u00e9tendre en solo.<\/strong><\/p>\n","protected":false},"featured_media":16881,"comment_status":"open","ping_status":"closed","template":"","meta":[],"product_brand":[],"product_cat":[305,535,389],"product_tag":[],"class_list":{"0":"post-23652","1":"product","2":"type-product","3":"status-publish","4":"has-post-thumbnail","6":"product_cat-concentres","7":"product_cat-concentres-en-gros","8":"product_cat-shatter-fr","10":"first","11":"outofstock","12":"sale","13":"shipping-taxable","14":"purchasable","15":"product-type-variable","16":"has-default-attributes"},"yoast_head":"\n<title>Acheter White Widow Shatter (Hybride) en ligne | Acheter Shatter Canada | BC Weed Edible<\/title>\n<meta name=\"robots\" content=\"index, follow, max-snippet:-1, max-image-preview:large, max-video-preview:-1\" \/>\n<link rel=\"canonical\" href=\"https:\/\/stgbc.bcweededible.net\/fr\/buy\/gros\/concentres-en-gros\/white-widow-shatter-hybride\/\" \/>\n<meta property=\"og:locale\" content=\"fr_FR\" \/>\n<meta property=\"og:type\" content=\"article\" \/>\n<meta property=\"og:title\" content=\"Acheter White Widow Shatter (Hybride) en ligne | Acheter Shatter Canada | BC Weed Edible\" \/>\n<meta property=\"og:description\" content=\"Vous cherchez un puissant concentr\u00e9 qui vous fera planer \u00e0 coup s\u00fbr ? Ne cherchez pas plus loin que notre White Widow Shatter. Ce produit puissant est l&#039;une des vari\u00e9t\u00e9s les plus populaires au Canada et est parfait pour ceux qui veulent un high puissant. Le shatter est une forme tr\u00e8s concentr\u00e9e de cannabis qui est connue pour ses effets intenses. Tous nos Nug Run Shatters sont disponibles \u00e0 partir de 8$ le gramme ! Nous en avons en quantit\u00e9 limit\u00e9e, alors profitez-en rapidement! A propos du White Widow Shatter Consistance : Shatter Ph\u00e9notype : Hybride Teneur en THC : +79% Teneur en CBD : &lt;1-2% Type d&#039;\u00e9clats : Nug Run Shatter (fabriqu\u00e9 \u00e0 partir de fleurs seulement) Fabriqu\u00e9 en : Colombie-Britannique \u00a0Description du White Widow Shatter Vous recherchez un high puissant mais \u00e9quilibr\u00e9 ? White Widow Shatter est parfait pour les amateurs de cannabis qui veulent le meilleur des deux mondes. Avec un &#039;&#039;high&#039;&#039; c\u00e9r\u00e9bral qui am\u00e9liore votre humeur tout en relaxant votre corps, White Widow est parfait pour les situations sociales ou pour se d\u00e9tendre en solo.\" \/>\n<meta property=\"og:url\" content=\"https:\/\/stgbc.bcweededible.net\/fr\/buy\/gros\/concentres-en-gros\/white-widow-shatter-hybride\/\" \/>\n<meta property=\"og:site_name\" content=\"BC Weed Edible\" \/>\n<meta property=\"article:modified_time\" content=\"2025-12-15T01:31:27+00:00\" \/>\n<meta property=\"og:image\" content=\"https:\/\/stgbc.bcweededible.net\/wp-content\/uploads\/2022\/06\/white-widow-hybrid-shatter.jpeg\" \/>\n\t<meta property=\"og:image:width\" content=\"900\" \/>\n\t<meta property=\"og:image:height\" content=\"900\" \/>\n\t<meta property=\"og:image:type\" content=\"image\/jpeg\" \/>\n<meta name=\"twitter:card\" content=\"summary_large_image\" \/>\n<script type=\"application\/ld+json\" class=\"yoast-schema-graph\">{\"@context\":\"https:\\\/\\\/schema.org\",\"@graph\":[{\"@type\":\"WebPage\",\"@id\":\"https:\\\/\\\/stgbc.bcweededible.net\\\/fr\\\/buy\\\/gros\\\/concentres-en-gros\\\/white-widow-shatter-hybride\\\/\",\"url\":\"https:\\\/\\\/stgbc.bcweededible.net\\\/fr\\\/buy\\\/gros\\\/concentres-en-gros\\\/white-widow-shatter-hybride\\\/\",\"name\":\"Acheter White Widow Shatter (Hybride) en ligne | Acheter Shatter Canada | BC Weed Edible\",\"isPartOf\":{\"@id\":\"https:\\\/\\\/stgbc.bcweededible.net\\\/fr\\\/#website\"},\"primaryImageOfPage\":{\"@id\":\"https:\\\/\\\/stgbc.bcweededible.net\\\/fr\\\/buy\\\/gros\\\/concentres-en-gros\\\/white-widow-shatter-hybride\\\/#primaryimage\"},\"image\":{\"@id\":\"https:\\\/\\\/stgbc.bcweededible.net\\\/fr\\\/buy\\\/gros\\\/concentres-en-gros\\\/white-widow-shatter-hybride\\\/#primaryimage\"},\"thumbnailUrl\":\"https:\\\/\\\/stgbc.bcweededible.net\\\/wp-content\\\/uploads\\\/2022\\\/06\\\/white-widow-hybrid-shatter.jpeg\",\"datePublished\":\"2022-12-01T09:39:03+00:00\",\"dateModified\":\"2025-12-15T01:31:27+00:00\",\"breadcrumb\":{\"@id\":\"https:\\\/\\\/stgbc.bcweededible.net\\\/fr\\\/buy\\\/gros\\\/concentres-en-gros\\\/white-widow-shatter-hybride\\\/#breadcrumb\"},\"inLanguage\":\"fr-FR\",\"potentialAction\":[{\"@type\":\"ReadAction\",\"target\":[\"https:\\\/\\\/stgbc.bcweededible.net\\\/fr\\\/buy\\\/gros\\\/concentres-en-gros\\\/white-widow-shatter-hybride\\\/\"]}]},{\"@type\":\"ImageObject\",\"inLanguage\":\"fr-FR\",\"@id\":\"https:\\\/\\\/stgbc.bcweededible.net\\\/fr\\\/buy\\\/gros\\\/concentres-en-gros\\\/white-widow-shatter-hybride\\\/#primaryimage\",\"url\":\"https:\\\/\\\/stgbc.bcweededible.net\\\/wp-content\\\/uploads\\\/2022\\\/06\\\/white-widow-hybrid-shatter.jpeg\",\"contentUrl\":\"https:\\\/\\\/stgbc.bcweededible.net\\\/wp-content\\\/uploads\\\/2022\\\/06\\\/white-widow-hybrid-shatter.jpeg\",\"width\":900,\"height\":900,\"caption\":\"white widow hybrid shatter\"},{\"@type\":\"BreadcrumbList\",\"@id\":\"https:\\\/\\\/stgbc.bcweededible.net\\\/fr\\\/buy\\\/gros\\\/concentres-en-gros\\\/white-widow-shatter-hybride\\\/#breadcrumb\",\"itemListElement\":[{\"@type\":\"ListItem\",\"position\":1,\"name\":\"Jujubes au Pot Canada\",\"item\":\"https:\\\/\\\/stgbc.bcweededible.net\\\/fr\\\/shop\\\/\"},{\"@type\":\"ListItem\",\"position\":2,\"name\":\"White Widow Shatter (Hybride)\"}]},{\"@type\":\"WebSite\",\"@id\":\"https:\\\/\\\/stgbc.bcweededible.net\\\/fr\\\/#website\",\"url\":\"https:\\\/\\\/stgbc.bcweededible.net\\\/fr\\\/\",\"name\":\"BC Weed Edible\",\"description\":\"\",\"publisher\":{\"@id\":\"https:\\\/\\\/stgbc.bcweededible.net\\\/fr\\\/#organization\"},\"potentialAction\":[{\"@type\":\"SearchAction\",\"target\":{\"@type\":\"EntryPoint\",\"urlTemplate\":\"https:\\\/\\\/stgbc.bcweededible.net\\\/fr\\\/?s={search_term_string}\"},\"query-input\":{\"@type\":\"PropertyValueSpecification\",\"valueRequired\":true,\"valueName\":\"search_term_string\"}}],\"inLanguage\":\"fr-FR\"},{\"@type\":\"Organization\",\"@id\":\"https:\\\/\\\/stgbc.bcweededible.net\\\/fr\\\/#organization\",\"name\":\"BC Weed Edible\",\"url\":\"https:\\\/\\\/stgbc.bcweededible.net\\\/fr\\\/\",\"logo\":{\"@type\":\"ImageObject\",\"inLanguage\":\"fr-FR\",\"@id\":\"https:\\\/\\\/stgbc.bcweededible.net\\\/fr\\\/#\\\/schema\\\/logo\\\/image\\\/\",\"url\":\"https:\\\/\\\/stgbc.bcweededible.net\\\/wp-content\\\/uploads\\\/2021\\\/12\\\/bc-weed-edible-canada.png\",\"contentUrl\":\"https:\\\/\\\/stgbc.bcweededible.net\\\/wp-content\\\/uploads\\\/2021\\\/12\\\/bc-weed-edible-canada.png\",\"width\":270,\"height\":185,\"caption\":\"BC Weed Edible\"},\"image\":{\"@id\":\"https:\\\/\\\/stgbc.bcweededible.net\\\/fr\\\/#\\\/schema\\\/logo\\\/image\\\/\"}}]}<\/script>\n","yoast_head_json":{"title":"Acheter White Widow Shatter (Hybride) en ligne | Acheter Shatter Canada | BC Weed Edible","robots":{"index":"index","follow":"follow","max-snippet":"max-snippet:-1","max-image-preview":"max-image-preview:large","max-video-preview":"max-video-preview:-1"},"canonical":"https:\/\/stgbc.bcweededible.net\/fr\/buy\/gros\/concentres-en-gros\/white-widow-shatter-hybride\/","og_locale":"fr_FR","og_type":"article","og_title":"Acheter White Widow Shatter (Hybride) en ligne | Acheter Shatter Canada | BC Weed Edible","og_description":"Vous cherchez un puissant concentr\u00e9 qui vous fera planer \u00e0 coup s\u00fbr ? Ne cherchez pas plus loin que notre White Widow Shatter. Ce produit puissant est l'une des vari\u00e9t\u00e9s les plus populaires au Canada et est parfait pour ceux qui veulent un high puissant. Le shatter est une forme tr\u00e8s concentr\u00e9e de cannabis qui est connue pour ses effets intenses. Tous nos Nug Run Shatters sont disponibles \u00e0 partir de 8$ le gramme ! Nous en avons en quantit\u00e9 limit\u00e9e, alors profitez-en rapidement! A propos du White Widow Shatter Consistance : Shatter Ph\u00e9notype : Hybride Teneur en THC : +79% Teneur en CBD : &lt;1-2% Type d'\u00e9clats : Nug Run Shatter (fabriqu\u00e9 \u00e0 partir de fleurs seulement) Fabriqu\u00e9 en : Colombie-Britannique \u00a0Description du White Widow Shatter Vous recherchez un high puissant mais \u00e9quilibr\u00e9 ? White Widow Shatter est parfait pour les amateurs de cannabis qui veulent le meilleur des deux mondes. Avec un ''high'' c\u00e9r\u00e9bral qui am\u00e9liore votre humeur tout en relaxant votre corps, White Widow est parfait pour les situations sociales ou pour se d\u00e9tendre en solo.","og_url":"https:\/\/stgbc.bcweededible.net\/fr\/buy\/gros\/concentres-en-gros\/white-widow-shatter-hybride\/","og_site_name":"BC Weed Edible","article_modified_time":"2025-12-15T01:31:27+00:00","og_image":[{"width":900,"height":900,"url":"https:\/\/stgbc.bcweededible.net\/wp-content\/uploads\/2022\/06\/white-widow-hybrid-shatter.jpeg","type":"image\/jpeg"}],"twitter_card":"summary_large_image","schema":{"@context":"https:\/\/schema.org","@graph":[{"@type":"WebPage","@id":"https:\/\/stgbc.bcweededible.net\/fr\/buy\/gros\/concentres-en-gros\/white-widow-shatter-hybride\/","url":"https:\/\/stgbc.bcweededible.net\/fr\/buy\/gros\/concentres-en-gros\/white-widow-shatter-hybride\/","name":"Acheter White Widow Shatter (Hybride) en ligne | Acheter Shatter Canada | BC Weed Edible","isPartOf":{"@id":"https:\/\/stgbc.bcweededible.net\/fr\/#website"},"primaryImageOfPage":{"@id":"https:\/\/stgbc.bcweededible.net\/fr\/buy\/gros\/concentres-en-gros\/white-widow-shatter-hybride\/#primaryimage"},"image":{"@id":"https:\/\/stgbc.bcweededible.net\/fr\/buy\/gros\/concentres-en-gros\/white-widow-shatter-hybride\/#primaryimage"},"thumbnailUrl":"https:\/\/stgbc.bcweededible.net\/wp-content\/uploads\/2022\/06\/white-widow-hybrid-shatter.jpeg","datePublished":"2022-12-01T09:39:03+00:00","dateModified":"2025-12-15T01:31:27+00:00","breadcrumb":{"@id":"https:\/\/stgbc.bcweededible.net\/fr\/buy\/gros\/concentres-en-gros\/white-widow-shatter-hybride\/#breadcrumb"},"inLanguage":"fr-FR","potentialAction":[{"@type":"ReadAction","target":["https:\/\/stgbc.bcweededible.net\/fr\/buy\/gros\/concentres-en-gros\/white-widow-shatter-hybride\/"]}]},{"@type":"ImageObject","inLanguage":"fr-FR","@id":"https:\/\/stgbc.bcweededible.net\/fr\/buy\/gros\/concentres-en-gros\/white-widow-shatter-hybride\/#primaryimage","url":"https:\/\/stgbc.bcweededible.net\/wp-content\/uploads\/2022\/06\/white-widow-hybrid-shatter.jpeg","contentUrl":"https:\/\/stgbc.bcweededible.net\/wp-content\/uploads\/2022\/06\/white-widow-hybrid-shatter.jpeg","width":900,"height":900,"caption":"white widow hybrid shatter"},{"@type":"BreadcrumbList","@id":"https:\/\/stgbc.bcweededible.net\/fr\/buy\/gros\/concentres-en-gros\/white-widow-shatter-hybride\/#breadcrumb","itemListElement":[{"@type":"ListItem","position":1,"name":"Jujubes au Pot Canada","item":"https:\/\/stgbc.bcweededible.net\/fr\/shop\/"},{"@type":"ListItem","position":2,"name":"White Widow Shatter (Hybride)"}]},{"@type":"WebSite","@id":"https:\/\/stgbc.bcweededible.net\/fr\/#website","url":"https:\/\/stgbc.bcweededible.net\/fr\/","name":"BC Weed Edible","description":"","publisher":{"@id":"https:\/\/stgbc.bcweededible.net\/fr\/#organization"},"potentialAction":[{"@type":"SearchAction","target":{"@type":"EntryPoint","urlTemplate":"https:\/\/stgbc.bcweededible.net\/fr\/?s={search_term_string}"},"query-input":{"@type":"PropertyValueSpecification","valueRequired":true,"valueName":"search_term_string"}}],"inLanguage":"fr-FR"},{"@type":"Organization","@id":"https:\/\/stgbc.bcweededible.net\/fr\/#organization","name":"BC Weed Edible","url":"https:\/\/stgbc.bcweededible.net\/fr\/","logo":{"@type":"ImageObject","inLanguage":"fr-FR","@id":"https:\/\/stgbc.bcweededible.net\/fr\/#\/schema\/logo\/image\/","url":"https:\/\/stgbc.bcweededible.net\/wp-content\/uploads\/2021\/12\/bc-weed-edible-canada.png","contentUrl":"https:\/\/stgbc.bcweededible.net\/wp-content\/uploads\/2021\/12\/bc-weed-edible-canada.png","width":270,"height":185,"caption":"BC Weed Edible"},"image":{"@id":"https:\/\/stgbc.bcweededible.net\/fr\/#\/schema\/logo\/image\/"}}]}},"_links":{"self":[{"href":"https:\/\/stgbc.bcweededible.net\/fr\/wp-json\/wp\/v2\/product\/23652","targetHints":{"allow":["GET"]}}],"collection":[{"href":"https:\/\/stgbc.bcweededible.net\/fr\/wp-json\/wp\/v2\/product"}],"about":[{"href":"https:\/\/stgbc.bcweededible.net\/fr\/wp-json\/wp\/v2\/types\/product"}],"replies":[{"embeddable":true,"href":"https:\/\/stgbc.bcweededible.net\/fr\/wp-json\/wp\/v2\/comments?post=23652"}],"wp:featuredmedia":[{"embeddable":true,"href":"https:\/\/stgbc.bcweededible.net\/fr\/wp-json\/wp\/v2\/media\/16881"}],"wp:attachment":[{"href":"https:\/\/stgbc.bcweededible.net\/fr\/wp-json\/wp\/v2\/media?parent=23652"}],"wp:term":[{"taxonomy":"product_brand","embeddable":true,"href":"https:\/\/stgbc.bcweededible.net\/fr\/wp-json\/wp\/v2\/product_brand?post=23652"},{"taxonomy":"product_cat","embeddable":true,"href":"https:\/\/stgbc.bcweededible.net\/fr\/wp-json\/wp\/v2\/product_cat?post=23652"},{"taxonomy":"product_tag","embeddable":true,"href":"https:\/\/stgbc.bcweededible.net\/fr\/wp-json\/wp\/v2\/product_tag?post=23652"}],"curies":[{"name":"wp","href":"https:\/\/api.w.org\/{rel}","templated":true}]}}