{"id":23586,"date":"2022-06-13T13:16:27","date_gmt":"2022-06-13T20:16:27","guid":{"rendered":"https:\/\/bcweededible.net\/buy\/non%20class\u00e9\/girl-scout-cookies-shatter-indica\/"},"modified":"2026-03-09T09:56:07","modified_gmt":"2026-03-09T16:56:07","slug":"girl-scout-cookies-shatter-indica","status":"publish","type":"product","link":"https:\/\/stgbc.bcweededible.net\/fr\/buy\/gros\/concentres-en-gros\/girl-scout-cookies-shatter-indica\/","title":{"rendered":"Girl Scout Cookies Shatter (Indica)"},"content":{"rendered":"<h2><\/h2>\n<p>&nbsp;<\/p>\n","protected":false},"excerpt":{"rendered":"<p>Vous cherchez un puissant <a href=\"https:\/\/stgbc.bcweededible.net\/fr\/shop\/concentres\/\"><strong>concentr\u00e9 <\/strong><\/a>qui vous fera planer \u00e0 coup s\u00fbr ? Ne cherchez pas plus loin que <strong>notre Girl Scout Cookies Shatter<\/strong>. Ce produit puissant est l&#8217;une des vari\u00e9t\u00e9s les plus populaires au Canada et est parfait pour ceux qui veulent un high puissant. <a href=\"http:\/\/bcweededible.net\/shop\/concentrates\/shatter\/\"><br \/>\n<\/a><\/p>\n<p>Le shatter est une forme tr\u00e8s concentr\u00e9e de cannabis qui est connue pour ses effets intenses.<\/p>\n<p>Tous nos <strong>Nug Run Shatters sont disponibles \u00e0 partir de 8$ le gramme !<\/strong> Nous en avons en quantit\u00e9 limit\u00e9e, alors profitez-en rapidement!<\/p>\n<h2>A propos de Girl Scout Cookies Shatter<\/h2>\n<ul>\n<li><strong>Consistance :<\/strong> Shatter<\/li>\n<li><strong>Ph\u00e9notype :<\/strong> Hybride \u00e0 dominance Indica<\/li>\n<li><strong>Teneur en THC :<\/strong> +79%<\/li>\n<li><strong>Teneur en CBD :<\/strong> &lt;1-2%<\/li>\n<li><strong>Type d&#8217;\u00e9clats :<\/strong> Nug Run Shatter (fabriqu\u00e9 \u00e0 partir de fleurs seulement)<\/li>\n<li><strong>Fabriqu\u00e9 en :<\/strong> Colombie-Britannique<\/li>\n<\/ul>\n<h2>Description du Girl Scout Cookies Shatter<\/h2>\n<p>Vous cherchez un moyen d\u00e9licieux de vous d\u00e9tendre ? Ne cherchez pas plus loin que Girl Scout Cookies Shatter ! Cette <strong>vari\u00e9t\u00e9 \u00e0 dominance indica<\/strong> est parfaite pour tous ceux qui aiment le go\u00fbt des biscuits classiques avec une touche d&#8217;originalit\u00e9. La vari\u00e9t\u00e9 Girl Scout Cookies a une saveur unique qui ne manquera pas d&#8217;\u00e9moustiller vos papilles. Avec sa forte teneur en THC, cette vari\u00e9t\u00e9 est parfaite pour tous ceux qui recherchent un puissant relaxant. Alors, qu&#8217;est-ce que vous attendez ?<\/p>\n","protected":false},"featured_media":16871,"comment_status":"open","ping_status":"closed","template":"","meta":[],"product_brand":[],"product_cat":[305,535,389],"product_tag":[],"class_list":{"0":"post-23586","1":"product","2":"type-product","3":"status-publish","4":"has-post-thumbnail","6":"product_cat-concentres","7":"product_cat-concentres-en-gros","8":"product_cat-shatter-fr","10":"first","11":"outofstock","12":"sale","13":"shipping-taxable","14":"purchasable","15":"product-type-variable","16":"has-default-attributes"},"yoast_head":"\n<title>Acheter Girl Scout Cookies Shatter (Indica) en ligne | Acheter Shatter Canada | BC Weed Edible<\/title>\n<meta name=\"robots\" content=\"index, follow, max-snippet:-1, max-image-preview:large, max-video-preview:-1\" \/>\n<link rel=\"canonical\" href=\"https:\/\/stgbc.bcweededible.net\/fr\/buy\/gros\/concentres-en-gros\/girl-scout-cookies-shatter-indica\/\" \/>\n<meta property=\"og:locale\" content=\"fr_FR\" \/>\n<meta property=\"og:type\" content=\"article\" \/>\n<meta property=\"og:title\" content=\"Acheter Girl Scout Cookies Shatter (Indica) en ligne | Acheter Shatter Canada | BC Weed Edible\" \/>\n<meta property=\"og:description\" content=\"Vous cherchez un puissant concentr\u00e9 qui vous fera planer \u00e0 coup s\u00fbr ? Ne cherchez pas plus loin que notre Girl Scout Cookies Shatter. Ce produit puissant est l&#039;une des vari\u00e9t\u00e9s les plus populaires au Canada et est parfait pour ceux qui veulent un high puissant. Le shatter est une forme tr\u00e8s concentr\u00e9e de cannabis qui est connue pour ses effets intenses. Tous nos Nug Run Shatters sont disponibles \u00e0 partir de 8$ le gramme ! Nous en avons en quantit\u00e9 limit\u00e9e, alors profitez-en rapidement! A propos de Girl Scout Cookies Shatter Consistance : Shatter Ph\u00e9notype : Hybride \u00e0 dominance Indica Teneur en THC : +79% Teneur en CBD : &lt;1-2% Type d&#039;\u00e9clats : Nug Run Shatter (fabriqu\u00e9 \u00e0 partir de fleurs seulement) Fabriqu\u00e9 en : Colombie-Britannique Description du Girl Scout Cookies Shatter Vous cherchez un moyen d\u00e9licieux de vous d\u00e9tendre ? Ne cherchez pas plus loin que Girl Scout Cookies Shatter ! Cette vari\u00e9t\u00e9 \u00e0 dominance indica est parfaite pour tous ceux qui aiment le go\u00fbt des biscuits classiques avec une touche d&#039;originalit\u00e9. La vari\u00e9t\u00e9 Girl Scout Cookies a une saveur unique qui ne manquera pas d&#039;\u00e9moustiller vos papilles. Avec sa forte teneur en THC, cette vari\u00e9t\u00e9 est parfaite pour tous ceux qui recherchent un puissant relaxant. Alors, qu&#039;est-ce que vous attendez ?\" \/>\n<meta property=\"og:url\" content=\"https:\/\/stgbc.bcweededible.net\/fr\/buy\/gros\/concentres-en-gros\/girl-scout-cookies-shatter-indica\/\" \/>\n<meta property=\"og:site_name\" content=\"BC Weed Edible\" \/>\n<meta property=\"article:modified_time\" content=\"2026-03-09T16:56:07+00:00\" \/>\n<meta property=\"og:image\" content=\"https:\/\/stgbc.bcweededible.net\/wp-content\/uploads\/2022\/06\/girl-scout-cookies-indica-shatter.jpeg\" \/>\n\t<meta property=\"og:image:width\" content=\"900\" \/>\n\t<meta property=\"og:image:height\" content=\"900\" \/>\n\t<meta property=\"og:image:type\" content=\"image\/jpeg\" \/>\n<meta name=\"twitter:card\" content=\"summary_large_image\" \/>\n<script type=\"application\/ld+json\" class=\"yoast-schema-graph\">{\"@context\":\"https:\\\/\\\/schema.org\",\"@graph\":[{\"@type\":\"WebPage\",\"@id\":\"https:\\\/\\\/stgbc.bcweededible.net\\\/fr\\\/buy\\\/gros\\\/concentres-en-gros\\\/girl-scout-cookies-shatter-indica\\\/\",\"url\":\"https:\\\/\\\/stgbc.bcweededible.net\\\/fr\\\/buy\\\/gros\\\/concentres-en-gros\\\/girl-scout-cookies-shatter-indica\\\/\",\"name\":\"Acheter Girl Scout Cookies Shatter (Indica) en ligne | Acheter Shatter Canada | BC Weed Edible\",\"isPartOf\":{\"@id\":\"https:\\\/\\\/stgbc.bcweededible.net\\\/fr\\\/#website\"},\"primaryImageOfPage\":{\"@id\":\"https:\\\/\\\/stgbc.bcweededible.net\\\/fr\\\/buy\\\/gros\\\/concentres-en-gros\\\/girl-scout-cookies-shatter-indica\\\/#primaryimage\"},\"image\":{\"@id\":\"https:\\\/\\\/stgbc.bcweededible.net\\\/fr\\\/buy\\\/gros\\\/concentres-en-gros\\\/girl-scout-cookies-shatter-indica\\\/#primaryimage\"},\"thumbnailUrl\":\"https:\\\/\\\/stgbc.bcweededible.net\\\/wp-content\\\/uploads\\\/2022\\\/06\\\/girl-scout-cookies-indica-shatter.jpeg\",\"datePublished\":\"2022-06-13T20:16:27+00:00\",\"dateModified\":\"2026-03-09T16:56:07+00:00\",\"breadcrumb\":{\"@id\":\"https:\\\/\\\/stgbc.bcweededible.net\\\/fr\\\/buy\\\/gros\\\/concentres-en-gros\\\/girl-scout-cookies-shatter-indica\\\/#breadcrumb\"},\"inLanguage\":\"fr-FR\",\"potentialAction\":[{\"@type\":\"ReadAction\",\"target\":[\"https:\\\/\\\/stgbc.bcweededible.net\\\/fr\\\/buy\\\/gros\\\/concentres-en-gros\\\/girl-scout-cookies-shatter-indica\\\/\"]}]},{\"@type\":\"ImageObject\",\"inLanguage\":\"fr-FR\",\"@id\":\"https:\\\/\\\/stgbc.bcweededible.net\\\/fr\\\/buy\\\/gros\\\/concentres-en-gros\\\/girl-scout-cookies-shatter-indica\\\/#primaryimage\",\"url\":\"https:\\\/\\\/stgbc.bcweededible.net\\\/wp-content\\\/uploads\\\/2022\\\/06\\\/girl-scout-cookies-indica-shatter.jpeg\",\"contentUrl\":\"https:\\\/\\\/stgbc.bcweededible.net\\\/wp-content\\\/uploads\\\/2022\\\/06\\\/girl-scout-cookies-indica-shatter.jpeg\",\"width\":900,\"height\":900,\"caption\":\"girl-scout cookies indica shatter\"},{\"@type\":\"BreadcrumbList\",\"@id\":\"https:\\\/\\\/stgbc.bcweededible.net\\\/fr\\\/buy\\\/gros\\\/concentres-en-gros\\\/girl-scout-cookies-shatter-indica\\\/#breadcrumb\",\"itemListElement\":[{\"@type\":\"ListItem\",\"position\":1,\"name\":\"Jujubes au Pot Canada\",\"item\":\"https:\\\/\\\/stgbc.bcweededible.net\\\/fr\\\/shop\\\/\"},{\"@type\":\"ListItem\",\"position\":2,\"name\":\"Girl Scout Cookies Shatter (Indica)\"}]},{\"@type\":\"WebSite\",\"@id\":\"https:\\\/\\\/stgbc.bcweededible.net\\\/fr\\\/#website\",\"url\":\"https:\\\/\\\/stgbc.bcweededible.net\\\/fr\\\/\",\"name\":\"BC Weed Edible\",\"description\":\"\",\"publisher\":{\"@id\":\"https:\\\/\\\/stgbc.bcweededible.net\\\/fr\\\/#organization\"},\"potentialAction\":[{\"@type\":\"SearchAction\",\"target\":{\"@type\":\"EntryPoint\",\"urlTemplate\":\"https:\\\/\\\/stgbc.bcweededible.net\\\/fr\\\/?s={search_term_string}\"},\"query-input\":{\"@type\":\"PropertyValueSpecification\",\"valueRequired\":true,\"valueName\":\"search_term_string\"}}],\"inLanguage\":\"fr-FR\"},{\"@type\":\"Organization\",\"@id\":\"https:\\\/\\\/stgbc.bcweededible.net\\\/fr\\\/#organization\",\"name\":\"BC Weed Edible\",\"url\":\"https:\\\/\\\/stgbc.bcweededible.net\\\/fr\\\/\",\"logo\":{\"@type\":\"ImageObject\",\"inLanguage\":\"fr-FR\",\"@id\":\"https:\\\/\\\/stgbc.bcweededible.net\\\/fr\\\/#\\\/schema\\\/logo\\\/image\\\/\",\"url\":\"https:\\\/\\\/stgbc.bcweededible.net\\\/wp-content\\\/uploads\\\/2021\\\/12\\\/bc-weed-edible-canada.png\",\"contentUrl\":\"https:\\\/\\\/stgbc.bcweededible.net\\\/wp-content\\\/uploads\\\/2021\\\/12\\\/bc-weed-edible-canada.png\",\"width\":270,\"height\":185,\"caption\":\"BC Weed Edible\"},\"image\":{\"@id\":\"https:\\\/\\\/stgbc.bcweededible.net\\\/fr\\\/#\\\/schema\\\/logo\\\/image\\\/\"}}]}<\/script>\n","yoast_head_json":{"title":"Acheter Girl Scout Cookies Shatter (Indica) en ligne | Acheter Shatter Canada | BC Weed Edible","robots":{"index":"index","follow":"follow","max-snippet":"max-snippet:-1","max-image-preview":"max-image-preview:large","max-video-preview":"max-video-preview:-1"},"canonical":"https:\/\/stgbc.bcweededible.net\/fr\/buy\/gros\/concentres-en-gros\/girl-scout-cookies-shatter-indica\/","og_locale":"fr_FR","og_type":"article","og_title":"Acheter Girl Scout Cookies Shatter (Indica) en ligne | Acheter Shatter Canada | BC Weed Edible","og_description":"Vous cherchez un puissant concentr\u00e9 qui vous fera planer \u00e0 coup s\u00fbr ? Ne cherchez pas plus loin que notre Girl Scout Cookies Shatter. Ce produit puissant est l'une des vari\u00e9t\u00e9s les plus populaires au Canada et est parfait pour ceux qui veulent un high puissant. Le shatter est une forme tr\u00e8s concentr\u00e9e de cannabis qui est connue pour ses effets intenses. Tous nos Nug Run Shatters sont disponibles \u00e0 partir de 8$ le gramme ! Nous en avons en quantit\u00e9 limit\u00e9e, alors profitez-en rapidement! A propos de Girl Scout Cookies Shatter Consistance : Shatter Ph\u00e9notype : Hybride \u00e0 dominance Indica Teneur en THC : +79% Teneur en CBD : &lt;1-2% Type d'\u00e9clats : Nug Run Shatter (fabriqu\u00e9 \u00e0 partir de fleurs seulement) Fabriqu\u00e9 en : Colombie-Britannique Description du Girl Scout Cookies Shatter Vous cherchez un moyen d\u00e9licieux de vous d\u00e9tendre ? Ne cherchez pas plus loin que Girl Scout Cookies Shatter ! Cette vari\u00e9t\u00e9 \u00e0 dominance indica est parfaite pour tous ceux qui aiment le go\u00fbt des biscuits classiques avec une touche d'originalit\u00e9. La vari\u00e9t\u00e9 Girl Scout Cookies a une saveur unique qui ne manquera pas d'\u00e9moustiller vos papilles. Avec sa forte teneur en THC, cette vari\u00e9t\u00e9 est parfaite pour tous ceux qui recherchent un puissant relaxant. Alors, qu'est-ce que vous attendez ?","og_url":"https:\/\/stgbc.bcweededible.net\/fr\/buy\/gros\/concentres-en-gros\/girl-scout-cookies-shatter-indica\/","og_site_name":"BC Weed Edible","article_modified_time":"2026-03-09T16:56:07+00:00","og_image":[{"width":900,"height":900,"url":"https:\/\/stgbc.bcweededible.net\/wp-content\/uploads\/2022\/06\/girl-scout-cookies-indica-shatter.jpeg","type":"image\/jpeg"}],"twitter_card":"summary_large_image","schema":{"@context":"https:\/\/schema.org","@graph":[{"@type":"WebPage","@id":"https:\/\/stgbc.bcweededible.net\/fr\/buy\/gros\/concentres-en-gros\/girl-scout-cookies-shatter-indica\/","url":"https:\/\/stgbc.bcweededible.net\/fr\/buy\/gros\/concentres-en-gros\/girl-scout-cookies-shatter-indica\/","name":"Acheter Girl Scout Cookies Shatter (Indica) en ligne | Acheter Shatter Canada | BC Weed Edible","isPartOf":{"@id":"https:\/\/stgbc.bcweededible.net\/fr\/#website"},"primaryImageOfPage":{"@id":"https:\/\/stgbc.bcweededible.net\/fr\/buy\/gros\/concentres-en-gros\/girl-scout-cookies-shatter-indica\/#primaryimage"},"image":{"@id":"https:\/\/stgbc.bcweededible.net\/fr\/buy\/gros\/concentres-en-gros\/girl-scout-cookies-shatter-indica\/#primaryimage"},"thumbnailUrl":"https:\/\/stgbc.bcweededible.net\/wp-content\/uploads\/2022\/06\/girl-scout-cookies-indica-shatter.jpeg","datePublished":"2022-06-13T20:16:27+00:00","dateModified":"2026-03-09T16:56:07+00:00","breadcrumb":{"@id":"https:\/\/stgbc.bcweededible.net\/fr\/buy\/gros\/concentres-en-gros\/girl-scout-cookies-shatter-indica\/#breadcrumb"},"inLanguage":"fr-FR","potentialAction":[{"@type":"ReadAction","target":["https:\/\/stgbc.bcweededible.net\/fr\/buy\/gros\/concentres-en-gros\/girl-scout-cookies-shatter-indica\/"]}]},{"@type":"ImageObject","inLanguage":"fr-FR","@id":"https:\/\/stgbc.bcweededible.net\/fr\/buy\/gros\/concentres-en-gros\/girl-scout-cookies-shatter-indica\/#primaryimage","url":"https:\/\/stgbc.bcweededible.net\/wp-content\/uploads\/2022\/06\/girl-scout-cookies-indica-shatter.jpeg","contentUrl":"https:\/\/stgbc.bcweededible.net\/wp-content\/uploads\/2022\/06\/girl-scout-cookies-indica-shatter.jpeg","width":900,"height":900,"caption":"girl-scout cookies indica shatter"},{"@type":"BreadcrumbList","@id":"https:\/\/stgbc.bcweededible.net\/fr\/buy\/gros\/concentres-en-gros\/girl-scout-cookies-shatter-indica\/#breadcrumb","itemListElement":[{"@type":"ListItem","position":1,"name":"Jujubes au Pot Canada","item":"https:\/\/stgbc.bcweededible.net\/fr\/shop\/"},{"@type":"ListItem","position":2,"name":"Girl Scout Cookies Shatter (Indica)"}]},{"@type":"WebSite","@id":"https:\/\/stgbc.bcweededible.net\/fr\/#website","url":"https:\/\/stgbc.bcweededible.net\/fr\/","name":"BC Weed Edible","description":"","publisher":{"@id":"https:\/\/stgbc.bcweededible.net\/fr\/#organization"},"potentialAction":[{"@type":"SearchAction","target":{"@type":"EntryPoint","urlTemplate":"https:\/\/stgbc.bcweededible.net\/fr\/?s={search_term_string}"},"query-input":{"@type":"PropertyValueSpecification","valueRequired":true,"valueName":"search_term_string"}}],"inLanguage":"fr-FR"},{"@type":"Organization","@id":"https:\/\/stgbc.bcweededible.net\/fr\/#organization","name":"BC Weed Edible","url":"https:\/\/stgbc.bcweededible.net\/fr\/","logo":{"@type":"ImageObject","inLanguage":"fr-FR","@id":"https:\/\/stgbc.bcweededible.net\/fr\/#\/schema\/logo\/image\/","url":"https:\/\/stgbc.bcweededible.net\/wp-content\/uploads\/2021\/12\/bc-weed-edible-canada.png","contentUrl":"https:\/\/stgbc.bcweededible.net\/wp-content\/uploads\/2021\/12\/bc-weed-edible-canada.png","width":270,"height":185,"caption":"BC Weed Edible"},"image":{"@id":"https:\/\/stgbc.bcweededible.net\/fr\/#\/schema\/logo\/image\/"}}]}},"_links":{"self":[{"href":"https:\/\/stgbc.bcweededible.net\/fr\/wp-json\/wp\/v2\/product\/23586","targetHints":{"allow":["GET"]}}],"collection":[{"href":"https:\/\/stgbc.bcweededible.net\/fr\/wp-json\/wp\/v2\/product"}],"about":[{"href":"https:\/\/stgbc.bcweededible.net\/fr\/wp-json\/wp\/v2\/types\/product"}],"replies":[{"embeddable":true,"href":"https:\/\/stgbc.bcweededible.net\/fr\/wp-json\/wp\/v2\/comments?post=23586"}],"wp:featuredmedia":[{"embeddable":true,"href":"https:\/\/stgbc.bcweededible.net\/fr\/wp-json\/wp\/v2\/media\/16871"}],"wp:attachment":[{"href":"https:\/\/stgbc.bcweededible.net\/fr\/wp-json\/wp\/v2\/media?parent=23586"}],"wp:term":[{"taxonomy":"product_brand","embeddable":true,"href":"https:\/\/stgbc.bcweededible.net\/fr\/wp-json\/wp\/v2\/product_brand?post=23586"},{"taxonomy":"product_cat","embeddable":true,"href":"https:\/\/stgbc.bcweededible.net\/fr\/wp-json\/wp\/v2\/product_cat?post=23586"},{"taxonomy":"product_tag","embeddable":true,"href":"https:\/\/stgbc.bcweededible.net\/fr\/wp-json\/wp\/v2\/product_tag?post=23586"}],"curies":[{"name":"wp","href":"https:\/\/api.w.org\/{rel}","templated":true}]}}