{"id":23564,"date":"2022-06-13T13:22:57","date_gmt":"2022-12-01T09:38:41","guid":{"rendered":"https:\/\/bcweededible.net\/buy\/non%20class\u00e9\/green-crack-shatter-sativa\/"},"modified":"2026-02-19T14:21:16","modified_gmt":"2026-02-19T22:21:16","slug":"green-crack-shatter-sativa","status":"publish","type":"product","link":"https:\/\/stgbc.bcweededible.net\/fr\/buy\/gros\/concentres-en-gros\/green-crack-shatter-sativa\/","title":{"rendered":"Green Crack Shatter (Sativa)"},"content":{"rendered":"","protected":false},"excerpt":{"rendered":"<p>Vous cherchez un puissant <a href=\"https:\/\/stgbc.bcweededible.net\/fr\/shop\/concentres\/\"><strong>concentr\u00e9 <\/strong><\/a>qui vous fera planer \u00e0 coup s\u00fbr ? Ne cherchez pas plus loin que <strong>notre Green Crack Shatter<\/strong>. Ce produit puissant est l&#8217;une des vari\u00e9t\u00e9s les plus populaires au Canada et est parfait pour ceux qui veulent un high puissant. <a href=\"http:\/\/bcweededible.net\/shop\/concentrates\/shatter\/\"><br \/>\n<\/a><\/p>\n<p>Le shatter est une forme tr\u00e8s concentr\u00e9e de cannabis qui est connue pour ses effets intenses.<\/p>\n<p>Tous nos <strong>Nug Run Shatters sont disponibles \u00e0 partir de 8$ le gramme !<\/strong> Nous en avons en quantit\u00e9 limit\u00e9e, alors profitez-en rapidement!<\/p>\n<h2>A propos du Green Crack Shatter<\/h2>\n<ul>\n<li><strong>Consistance :<\/strong> Shatter<\/li>\n<li><strong>Ph\u00e9notype :<\/strong> Hybride \u00e0 dominance Sativa<\/li>\n<li><strong>Teneur en THC :<\/strong> +79%<\/li>\n<li><strong>Teneur en CBD :<\/strong> &lt;1-2%<\/li>\n<li><strong>Type d&#8217;\u00e9clats :<\/strong> Nug Run Shatter (fabriqu\u00e9 \u00e0 partir de fleurs seulement)<\/li>\n<li><strong>Fabriqu\u00e9 en :<\/strong> Colombie-Britannique<\/li>\n<\/ul>\n<h2>Green Crack Shatter<\/h2>\n<p>Vous recherchez une vari\u00e9t\u00e9 qui vous donnera un s\u00e9rieux boost d&#8217;\u00e9nergie ? Ne cherchez pas plus loin que le Green Crack shatter . <strong>Cet hybride \u00e0 dominance sativa<\/strong> est parfait pour tous ceux qui ont besoin d&#8217;un regain d&#8217;\u00e9nergie, que ce soit pour s&#8217;entra\u00eener ou pour faire face \u00e0 une journ\u00e9e charg\u00e9e. Les effets stimulants et c\u00e9r\u00e9braux sont parfaits pour une utilisation en journ\u00e9e, et le buzz \u00e9nergisant vous permettra de tenir pendant des heures.<\/p>\n","protected":false},"featured_media":16875,"comment_status":"open","ping_status":"closed","template":"","meta":[],"product_brand":[],"product_cat":[305,535,389],"product_tag":[],"class_list":{"0":"post-23564","1":"product","2":"type-product","3":"status-publish","4":"has-post-thumbnail","6":"product_cat-concentres","7":"product_cat-concentres-en-gros","8":"product_cat-shatter-fr","10":"first","11":"instock","12":"sale","13":"shipping-taxable","14":"purchasable","15":"product-type-variable","16":"has-default-attributes"},"yoast_head":"\n<title>Acheter Green Crack Shatter (Sativa) en ligne | Acheter Shatter Canada | BC Weed Edible<\/title>\n<meta name=\"robots\" content=\"index, follow, max-snippet:-1, max-image-preview:large, max-video-preview:-1\" \/>\n<link rel=\"canonical\" href=\"https:\/\/stgbc.bcweededible.net\/fr\/buy\/gros\/concentres-en-gros\/green-crack-shatter-sativa\/\" \/>\n<meta property=\"og:locale\" content=\"fr_FR\" \/>\n<meta property=\"og:type\" content=\"article\" \/>\n<meta property=\"og:title\" content=\"Acheter Green Crack Shatter (Sativa) en ligne | Acheter Shatter Canada | BC Weed Edible\" \/>\n<meta property=\"og:description\" content=\"Vous cherchez un puissant concentr\u00e9 qui vous fera planer \u00e0 coup s\u00fbr ? Ne cherchez pas plus loin que notre Green Crack Shatter. Ce produit puissant est l&#039;une des vari\u00e9t\u00e9s les plus populaires au Canada et est parfait pour ceux qui veulent un high puissant. Le shatter est une forme tr\u00e8s concentr\u00e9e de cannabis qui est connue pour ses effets intenses. Tous nos Nug Run Shatters sont disponibles \u00e0 partir de 8$ le gramme ! Nous en avons en quantit\u00e9 limit\u00e9e, alors profitez-en rapidement! A propos du Green Crack Shatter Consistance : Shatter Ph\u00e9notype : Hybride \u00e0 dominance Sativa Teneur en THC : +79% Teneur en CBD : &lt;1-2% Type d&#039;\u00e9clats : Nug Run Shatter (fabriqu\u00e9 \u00e0 partir de fleurs seulement) Fabriqu\u00e9 en : Colombie-Britannique Green Crack Shatter Vous recherchez une vari\u00e9t\u00e9 qui vous donnera un s\u00e9rieux boost d&#039;\u00e9nergie ? Ne cherchez pas plus loin que le Green Crack shatter . Cet hybride \u00e0 dominance sativa est parfait pour tous ceux qui ont besoin d&#039;un regain d&#039;\u00e9nergie, que ce soit pour s&#039;entra\u00eener ou pour faire face \u00e0 une journ\u00e9e charg\u00e9e. Les effets stimulants et c\u00e9r\u00e9braux sont parfaits pour une utilisation en journ\u00e9e, et le buzz \u00e9nergisant vous permettra de tenir pendant des heures.\" \/>\n<meta property=\"og:url\" content=\"https:\/\/stgbc.bcweededible.net\/fr\/buy\/gros\/concentres-en-gros\/green-crack-shatter-sativa\/\" \/>\n<meta property=\"og:site_name\" content=\"BC Weed Edible\" \/>\n<meta property=\"article:modified_time\" content=\"2026-02-19T22:21:16+00:00\" \/>\n<meta property=\"og:image\" content=\"https:\/\/stgbc.bcweededible.net\/wp-content\/uploads\/2022\/06\/green-crack-sativa-shatter.jpeg\" \/>\n\t<meta property=\"og:image:width\" content=\"900\" \/>\n\t<meta property=\"og:image:height\" content=\"900\" \/>\n\t<meta property=\"og:image:type\" content=\"image\/jpeg\" \/>\n<meta name=\"twitter:card\" content=\"summary_large_image\" \/>\n<script type=\"application\/ld+json\" class=\"yoast-schema-graph\">{\"@context\":\"https:\\\/\\\/schema.org\",\"@graph\":[{\"@type\":\"WebPage\",\"@id\":\"https:\\\/\\\/stgbc.bcweededible.net\\\/fr\\\/buy\\\/gros\\\/concentres-en-gros\\\/green-crack-shatter-sativa\\\/\",\"url\":\"https:\\\/\\\/stgbc.bcweededible.net\\\/fr\\\/buy\\\/gros\\\/concentres-en-gros\\\/green-crack-shatter-sativa\\\/\",\"name\":\"Acheter Green Crack Shatter (Sativa) en ligne | Acheter Shatter Canada | BC Weed Edible\",\"isPartOf\":{\"@id\":\"https:\\\/\\\/stgbc.bcweededible.net\\\/fr\\\/#website\"},\"primaryImageOfPage\":{\"@id\":\"https:\\\/\\\/stgbc.bcweededible.net\\\/fr\\\/buy\\\/gros\\\/concentres-en-gros\\\/green-crack-shatter-sativa\\\/#primaryimage\"},\"image\":{\"@id\":\"https:\\\/\\\/stgbc.bcweededible.net\\\/fr\\\/buy\\\/gros\\\/concentres-en-gros\\\/green-crack-shatter-sativa\\\/#primaryimage\"},\"thumbnailUrl\":\"https:\\\/\\\/stgbc.bcweededible.net\\\/wp-content\\\/uploads\\\/2022\\\/06\\\/green-crack-sativa-shatter.jpeg\",\"datePublished\":\"2022-12-01T09:38:41+00:00\",\"dateModified\":\"2026-02-19T22:21:16+00:00\",\"breadcrumb\":{\"@id\":\"https:\\\/\\\/stgbc.bcweededible.net\\\/fr\\\/buy\\\/gros\\\/concentres-en-gros\\\/green-crack-shatter-sativa\\\/#breadcrumb\"},\"inLanguage\":\"fr-FR\",\"potentialAction\":[{\"@type\":\"ReadAction\",\"target\":[\"https:\\\/\\\/stgbc.bcweededible.net\\\/fr\\\/buy\\\/gros\\\/concentres-en-gros\\\/green-crack-shatter-sativa\\\/\"]}]},{\"@type\":\"ImageObject\",\"inLanguage\":\"fr-FR\",\"@id\":\"https:\\\/\\\/stgbc.bcweededible.net\\\/fr\\\/buy\\\/gros\\\/concentres-en-gros\\\/green-crack-shatter-sativa\\\/#primaryimage\",\"url\":\"https:\\\/\\\/stgbc.bcweededible.net\\\/wp-content\\\/uploads\\\/2022\\\/06\\\/green-crack-sativa-shatter.jpeg\",\"contentUrl\":\"https:\\\/\\\/stgbc.bcweededible.net\\\/wp-content\\\/uploads\\\/2022\\\/06\\\/green-crack-sativa-shatter.jpeg\",\"width\":900,\"height\":900,\"caption\":\"green crack sativa shatter\"},{\"@type\":\"BreadcrumbList\",\"@id\":\"https:\\\/\\\/stgbc.bcweededible.net\\\/fr\\\/buy\\\/gros\\\/concentres-en-gros\\\/green-crack-shatter-sativa\\\/#breadcrumb\",\"itemListElement\":[{\"@type\":\"ListItem\",\"position\":1,\"name\":\"Jujubes au Pot Canada\",\"item\":\"https:\\\/\\\/stgbc.bcweededible.net\\\/fr\\\/shop\\\/\"},{\"@type\":\"ListItem\",\"position\":2,\"name\":\"Green Crack Shatter (Sativa)\"}]},{\"@type\":\"WebSite\",\"@id\":\"https:\\\/\\\/stgbc.bcweededible.net\\\/fr\\\/#website\",\"url\":\"https:\\\/\\\/stgbc.bcweededible.net\\\/fr\\\/\",\"name\":\"BC Weed Edible\",\"description\":\"\",\"publisher\":{\"@id\":\"https:\\\/\\\/stgbc.bcweededible.net\\\/fr\\\/#organization\"},\"potentialAction\":[{\"@type\":\"SearchAction\",\"target\":{\"@type\":\"EntryPoint\",\"urlTemplate\":\"https:\\\/\\\/stgbc.bcweededible.net\\\/fr\\\/?s={search_term_string}\"},\"query-input\":{\"@type\":\"PropertyValueSpecification\",\"valueRequired\":true,\"valueName\":\"search_term_string\"}}],\"inLanguage\":\"fr-FR\"},{\"@type\":\"Organization\",\"@id\":\"https:\\\/\\\/stgbc.bcweededible.net\\\/fr\\\/#organization\",\"name\":\"BC Weed Edible\",\"url\":\"https:\\\/\\\/stgbc.bcweededible.net\\\/fr\\\/\",\"logo\":{\"@type\":\"ImageObject\",\"inLanguage\":\"fr-FR\",\"@id\":\"https:\\\/\\\/stgbc.bcweededible.net\\\/fr\\\/#\\\/schema\\\/logo\\\/image\\\/\",\"url\":\"https:\\\/\\\/stgbc.bcweededible.net\\\/wp-content\\\/uploads\\\/2021\\\/12\\\/bc-weed-edible-canada.png\",\"contentUrl\":\"https:\\\/\\\/stgbc.bcweededible.net\\\/wp-content\\\/uploads\\\/2021\\\/12\\\/bc-weed-edible-canada.png\",\"width\":270,\"height\":185,\"caption\":\"BC Weed Edible\"},\"image\":{\"@id\":\"https:\\\/\\\/stgbc.bcweededible.net\\\/fr\\\/#\\\/schema\\\/logo\\\/image\\\/\"}}]}<\/script>\n","yoast_head_json":{"title":"Acheter Green Crack Shatter (Sativa) en ligne | Acheter Shatter Canada | BC Weed Edible","robots":{"index":"index","follow":"follow","max-snippet":"max-snippet:-1","max-image-preview":"max-image-preview:large","max-video-preview":"max-video-preview:-1"},"canonical":"https:\/\/stgbc.bcweededible.net\/fr\/buy\/gros\/concentres-en-gros\/green-crack-shatter-sativa\/","og_locale":"fr_FR","og_type":"article","og_title":"Acheter Green Crack Shatter (Sativa) en ligne | Acheter Shatter Canada | BC Weed Edible","og_description":"Vous cherchez un puissant concentr\u00e9 qui vous fera planer \u00e0 coup s\u00fbr ? Ne cherchez pas plus loin que notre Green Crack Shatter. Ce produit puissant est l'une des vari\u00e9t\u00e9s les plus populaires au Canada et est parfait pour ceux qui veulent un high puissant. Le shatter est une forme tr\u00e8s concentr\u00e9e de cannabis qui est connue pour ses effets intenses. Tous nos Nug Run Shatters sont disponibles \u00e0 partir de 8$ le gramme ! Nous en avons en quantit\u00e9 limit\u00e9e, alors profitez-en rapidement! A propos du Green Crack Shatter Consistance : Shatter Ph\u00e9notype : Hybride \u00e0 dominance Sativa Teneur en THC : +79% Teneur en CBD : &lt;1-2% Type d'\u00e9clats : Nug Run Shatter (fabriqu\u00e9 \u00e0 partir de fleurs seulement) Fabriqu\u00e9 en : Colombie-Britannique Green Crack Shatter Vous recherchez une vari\u00e9t\u00e9 qui vous donnera un s\u00e9rieux boost d'\u00e9nergie ? Ne cherchez pas plus loin que le Green Crack shatter . Cet hybride \u00e0 dominance sativa est parfait pour tous ceux qui ont besoin d'un regain d'\u00e9nergie, que ce soit pour s'entra\u00eener ou pour faire face \u00e0 une journ\u00e9e charg\u00e9e. Les effets stimulants et c\u00e9r\u00e9braux sont parfaits pour une utilisation en journ\u00e9e, et le buzz \u00e9nergisant vous permettra de tenir pendant des heures.","og_url":"https:\/\/stgbc.bcweededible.net\/fr\/buy\/gros\/concentres-en-gros\/green-crack-shatter-sativa\/","og_site_name":"BC Weed Edible","article_modified_time":"2026-02-19T22:21:16+00:00","og_image":[{"width":900,"height":900,"url":"https:\/\/stgbc.bcweededible.net\/wp-content\/uploads\/2022\/06\/green-crack-sativa-shatter.jpeg","type":"image\/jpeg"}],"twitter_card":"summary_large_image","schema":{"@context":"https:\/\/schema.org","@graph":[{"@type":"WebPage","@id":"https:\/\/stgbc.bcweededible.net\/fr\/buy\/gros\/concentres-en-gros\/green-crack-shatter-sativa\/","url":"https:\/\/stgbc.bcweededible.net\/fr\/buy\/gros\/concentres-en-gros\/green-crack-shatter-sativa\/","name":"Acheter Green Crack Shatter (Sativa) en ligne | Acheter Shatter Canada | BC Weed Edible","isPartOf":{"@id":"https:\/\/stgbc.bcweededible.net\/fr\/#website"},"primaryImageOfPage":{"@id":"https:\/\/stgbc.bcweededible.net\/fr\/buy\/gros\/concentres-en-gros\/green-crack-shatter-sativa\/#primaryimage"},"image":{"@id":"https:\/\/stgbc.bcweededible.net\/fr\/buy\/gros\/concentres-en-gros\/green-crack-shatter-sativa\/#primaryimage"},"thumbnailUrl":"https:\/\/stgbc.bcweededible.net\/wp-content\/uploads\/2022\/06\/green-crack-sativa-shatter.jpeg","datePublished":"2022-12-01T09:38:41+00:00","dateModified":"2026-02-19T22:21:16+00:00","breadcrumb":{"@id":"https:\/\/stgbc.bcweededible.net\/fr\/buy\/gros\/concentres-en-gros\/green-crack-shatter-sativa\/#breadcrumb"},"inLanguage":"fr-FR","potentialAction":[{"@type":"ReadAction","target":["https:\/\/stgbc.bcweededible.net\/fr\/buy\/gros\/concentres-en-gros\/green-crack-shatter-sativa\/"]}]},{"@type":"ImageObject","inLanguage":"fr-FR","@id":"https:\/\/stgbc.bcweededible.net\/fr\/buy\/gros\/concentres-en-gros\/green-crack-shatter-sativa\/#primaryimage","url":"https:\/\/stgbc.bcweededible.net\/wp-content\/uploads\/2022\/06\/green-crack-sativa-shatter.jpeg","contentUrl":"https:\/\/stgbc.bcweededible.net\/wp-content\/uploads\/2022\/06\/green-crack-sativa-shatter.jpeg","width":900,"height":900,"caption":"green crack sativa shatter"},{"@type":"BreadcrumbList","@id":"https:\/\/stgbc.bcweededible.net\/fr\/buy\/gros\/concentres-en-gros\/green-crack-shatter-sativa\/#breadcrumb","itemListElement":[{"@type":"ListItem","position":1,"name":"Jujubes au Pot Canada","item":"https:\/\/stgbc.bcweededible.net\/fr\/shop\/"},{"@type":"ListItem","position":2,"name":"Green Crack Shatter (Sativa)"}]},{"@type":"WebSite","@id":"https:\/\/stgbc.bcweededible.net\/fr\/#website","url":"https:\/\/stgbc.bcweededible.net\/fr\/","name":"BC Weed Edible","description":"","publisher":{"@id":"https:\/\/stgbc.bcweededible.net\/fr\/#organization"},"potentialAction":[{"@type":"SearchAction","target":{"@type":"EntryPoint","urlTemplate":"https:\/\/stgbc.bcweededible.net\/fr\/?s={search_term_string}"},"query-input":{"@type":"PropertyValueSpecification","valueRequired":true,"valueName":"search_term_string"}}],"inLanguage":"fr-FR"},{"@type":"Organization","@id":"https:\/\/stgbc.bcweededible.net\/fr\/#organization","name":"BC Weed Edible","url":"https:\/\/stgbc.bcweededible.net\/fr\/","logo":{"@type":"ImageObject","inLanguage":"fr-FR","@id":"https:\/\/stgbc.bcweededible.net\/fr\/#\/schema\/logo\/image\/","url":"https:\/\/stgbc.bcweededible.net\/wp-content\/uploads\/2021\/12\/bc-weed-edible-canada.png","contentUrl":"https:\/\/stgbc.bcweededible.net\/wp-content\/uploads\/2021\/12\/bc-weed-edible-canada.png","width":270,"height":185,"caption":"BC Weed Edible"},"image":{"@id":"https:\/\/stgbc.bcweededible.net\/fr\/#\/schema\/logo\/image\/"}}]}},"_links":{"self":[{"href":"https:\/\/stgbc.bcweededible.net\/fr\/wp-json\/wp\/v2\/product\/23564","targetHints":{"allow":["GET"]}}],"collection":[{"href":"https:\/\/stgbc.bcweededible.net\/fr\/wp-json\/wp\/v2\/product"}],"about":[{"href":"https:\/\/stgbc.bcweededible.net\/fr\/wp-json\/wp\/v2\/types\/product"}],"replies":[{"embeddable":true,"href":"https:\/\/stgbc.bcweededible.net\/fr\/wp-json\/wp\/v2\/comments?post=23564"}],"wp:featuredmedia":[{"embeddable":true,"href":"https:\/\/stgbc.bcweededible.net\/fr\/wp-json\/wp\/v2\/media\/16875"}],"wp:attachment":[{"href":"https:\/\/stgbc.bcweededible.net\/fr\/wp-json\/wp\/v2\/media?parent=23564"}],"wp:term":[{"taxonomy":"product_brand","embeddable":true,"href":"https:\/\/stgbc.bcweededible.net\/fr\/wp-json\/wp\/v2\/product_brand?post=23564"},{"taxonomy":"product_cat","embeddable":true,"href":"https:\/\/stgbc.bcweededible.net\/fr\/wp-json\/wp\/v2\/product_cat?post=23564"},{"taxonomy":"product_tag","embeddable":true,"href":"https:\/\/stgbc.bcweededible.net\/fr\/wp-json\/wp\/v2\/product_tag?post=23564"}],"curies":[{"name":"wp","href":"https:\/\/api.w.org\/{rel}","templated":true}]}}