{"id":23510,"date":"2022-10-04T16:59:45","date_gmt":"2022-12-01T09:37:08","guid":{"rendered":"https:\/\/bcweededible.net\/buy\/non%20class\u00e9\/jujubes-thc-10mg-en-vrac\/"},"modified":"2025-05-01T12:27:52","modified_gmt":"2025-05-01T19:27:52","slug":"jujubes-thc-10mg-en-vrac","status":"publish","type":"product","link":"https:\/\/stgbc.bcweededible.net\/fr\/buy\/marques\/eden-edibles-fr\/eden-en-vrac\/jujubes-thc-10mg-en-vrac\/","title":{"rendered":"Jujubes THC 10mg en vrac"},"content":{"rendered":"<h2>DESCRIPTION<\/h2>\n<p>Nous nous engageons \u00e0 cr\u00e9er les jujubes au cannabis du monde. Notre chef p\u00e2tissier professionnel cr\u00e9e chaque saveur avec soin, en combinant des ingr\u00e9dients naturels et vegan de mani\u00e8re r\u00e9fl\u00e9chie pour qu&#8217;ils soient incroyablement d\u00e9licieux. Nous dosons m\u00eame nos comestibles avec des extraits de cannabis test\u00e9s en laboratoire pour une exp\u00e9rience similaire et constante \u00e0 chaque fois que vous en mangez un !<\/p>\n<p><b>Ingr\u00e9dients : <\/b>pur\u00e9e de fruits, sucre, pectine NH, glucose, jus de citron, distillat de THC, terp\u00e8nes naturels.<\/p>\n<p><b>Mode d&#8217;emploi :<\/b> 10mg est un excellent dosage pour les premiers utilisateurs r\u00e9cr\u00e9atifs. Nous recommandons de prendre une dose de 5 \u00e0 10 mg. Attendez 90 minutes pour que l&#8217;effet soit complet avant d&#8217;envisager une autre dose.<\/p>\n<p><b>Instructions de conservation :<\/b> Toujours conserver dans un endroit frais, sec et sombre. Jusqu&#8217;\u00e0 6 mois au r\u00e9frig\u00e9rateur, 2 mois \u00e0 temp\u00e9rature ambiante.<\/p>\n<p><b>AVERTISSEMENT : <\/b>Il s&#8217;agit d&#8217;un produit infus\u00e9 au cannabis destin\u00e9 \u00e0 un usage m\u00e9dical et r\u00e9cr\u00e9atif. Tenir hors de port\u00e9e des enfants et des animaux domestiques. Ne conduisez pas ou n&#8217;utilisez pas de la machinerie sous l&#8217;influence du cannabis.<\/p>\n","protected":false},"excerpt":{"rendered":"<p>Nos <strong> Jujubes THC 10mg en vrac<\/strong> sont vegan, sans g\u00e9latine et fabriqu\u00e9s avec les meilleurs ingr\u00e9dients. <strong>Cette offre en vrac contient 100 paquets (10 x 10mg de THC dans chaque sac). <\/strong>Cette <strong>offre en gros de jujubes<\/strong> est excellente si vous avez besoin de grandes quantit\u00e9s ou si vous voulez les vendre autour de vous.<\/p>\n<p>Nos jujubes sont disponibles dans diff\u00e9rents types de vari\u00e9t\u00e9, vous pouvez donc<strong> choisir entre Sativa et Indica<\/strong>! Avec cette offre, vous b\u00e9n\u00e9ficiez d&#8217;une r\u00e9duction de 50 % sur le prix r\u00e9gulier. Un excellent moyen d&#8217;\u00e9conomiser ou de gagner de l&#8217;argent suppl\u00e9mentaire pour vous !<\/p>\n<ul>\n<li>Jujubes 100mg &#8211; Cerise Indica<\/li>\n<li>Jujubes 100mg &#8211; Abricot Sativa<\/li>\n<li>Moiti\u00e9-moiti\u00e9 50\/50<\/li>\n<\/ul>\n<h2>INFORMATIONS SUR LE PRODUIT<\/h2>\n<table>\n<tbody>\n<tr>\n<td class=\"has-text-align-center\" style=\"text-align: left;\" data-align=\"center\"><strong>Total de sacs<\/strong><\/td>\n<td class=\"has-text-align-center\" style=\"text-align: left;\" data-align=\"center\">100 sacs (10 x 10mg de THC)<\/td>\n<\/tr>\n<tr>\n<td class=\"has-text-align-center\" style=\"text-align: left;\" data-align=\"center\"><strong>Prix en vrac<\/strong><\/td>\n<td class=\"has-text-align-center\" style=\"text-align: left;\" data-align=\"center\">$600<\/td>\n<\/tr>\n<tr>\n<td class=\"has-text-align-center\" style=\"text-align: left;\" data-align=\"center\"><strong>Prix r\u00e9gulier<\/strong><\/td>\n<td class=\"has-text-align-center\" style=\"text-align: left;\" data-align=\"center\">$1200<\/td>\n<\/tr>\n<\/tbody>\n<\/table>\n","protected":false},"featured_media":87966,"comment_status":"open","ping_status":"closed","template":"","meta":[],"product_brand":[],"product_cat":[244,533,664,768,558,276,280],"product_tag":[588],"class_list":{"0":"post-23510","1":"product","2":"type-product","3":"status-publish","4":"has-post-thumbnail","6":"product_cat-comestibles","7":"product_cat-comestibles-en-gros","8":"product_cat-eden-edibles-fr","9":"product_cat-eden-en-vrac","10":"product_cat-gros","11":"product_cat-jujubes","12":"product_cat-vegan-fr","13":"product_tag-10mg-gummies","15":"first","16":"instock","17":"sale","18":"shipping-taxable","19":"purchasable","20":"product-type-variable"},"yoast_head":"\n<title>Acheter une Jujubes THC 10mg en vrac en ligne au Canada | Grossiste 10mg THC Jujubes | BC Weed Edible<\/title>\n<meta name=\"robots\" content=\"index, follow, max-snippet:-1, max-image-preview:large, max-video-preview:-1\" \/>\n<link rel=\"canonical\" href=\"https:\/\/stgbc.bcweededible.net\/fr\/buy\/marques\/eden-edibles-fr\/eden-en-vrac\/jujubes-thc-10mg-en-vrac\/\" \/>\n<meta property=\"og:locale\" content=\"fr_FR\" \/>\n<meta property=\"og:type\" content=\"article\" \/>\n<meta property=\"og:title\" content=\"Acheter une Jujubes THC 10mg en vrac en ligne au Canada | Grossiste 10mg THC Jujubes | BC Weed Edible\" \/>\n<meta property=\"og:description\" content=\"Nos Jujubes THC 10mg en vrac sont vegan, sans g\u00e9latine et fabriqu\u00e9s avec les meilleurs ingr\u00e9dients. Cette offre en vrac contient 100 paquets (10 x 10mg de THC dans chaque sac). Cette offre en gros de jujubes est excellente si vous avez besoin de grandes quantit\u00e9s ou si vous voulez les vendre autour de vous. Nos jujubes sont disponibles dans diff\u00e9rents types de vari\u00e9t\u00e9, vous pouvez donc choisir entre Sativa et Indica! Avec cette offre, vous b\u00e9n\u00e9ficiez d&#039;une r\u00e9duction de 50 % sur le prix r\u00e9gulier. Un excellent moyen d&#039;\u00e9conomiser ou de gagner de l&#039;argent suppl\u00e9mentaire pour vous ! Jujubes 100mg - Cerise Indica Jujubes 100mg - Abricot Sativa Moiti\u00e9-moiti\u00e9 50\/50 INFORMATIONS SUR LE PRODUIT Total de sacs 100 sacs (10 x 10mg de THC) Prix en vrac $600 Prix r\u00e9gulier $1200\" \/>\n<meta property=\"og:url\" content=\"https:\/\/stgbc.bcweededible.net\/fr\/buy\/marques\/eden-edibles-fr\/eden-en-vrac\/jujubes-thc-10mg-en-vrac\/\" \/>\n<meta property=\"og:site_name\" content=\"BC Weed Edible\" \/>\n<meta property=\"article:modified_time\" content=\"2025-05-01T19:27:52+00:00\" \/>\n<meta property=\"og:image\" content=\"https:\/\/stgbc.bcweededible.net\/wp-content\/uploads\/2022\/05\/Bulk-Gummies-100gr.jpg\" \/>\n\t<meta property=\"og:image:width\" content=\"1080\" \/>\n\t<meta property=\"og:image:height\" content=\"1080\" \/>\n\t<meta property=\"og:image:type\" content=\"image\/jpeg\" \/>\n<meta name=\"twitter:card\" content=\"summary_large_image\" \/>\n<meta name=\"twitter:label1\" content=\"Dur\u00e9e de lecture estim\u00e9e\" \/>\n\t<meta name=\"twitter:data1\" content=\"1 minute\" \/>\n<script type=\"application\/ld+json\" class=\"yoast-schema-graph\">{\"@context\":\"https:\\\/\\\/schema.org\",\"@graph\":[{\"@type\":\"WebPage\",\"@id\":\"https:\\\/\\\/stgbc.bcweededible.net\\\/fr\\\/buy\\\/marques\\\/eden-edibles-fr\\\/eden-en-vrac\\\/jujubes-thc-10mg-en-vrac\\\/\",\"url\":\"https:\\\/\\\/stgbc.bcweededible.net\\\/fr\\\/buy\\\/marques\\\/eden-edibles-fr\\\/eden-en-vrac\\\/jujubes-thc-10mg-en-vrac\\\/\",\"name\":\"Acheter une Jujubes THC 10mg en vrac en ligne au Canada | Grossiste 10mg THC Jujubes | BC Weed Edible\",\"isPartOf\":{\"@id\":\"https:\\\/\\\/stgbc.bcweededible.net\\\/fr\\\/#website\"},\"primaryImageOfPage\":{\"@id\":\"https:\\\/\\\/stgbc.bcweededible.net\\\/fr\\\/buy\\\/marques\\\/eden-edibles-fr\\\/eden-en-vrac\\\/jujubes-thc-10mg-en-vrac\\\/#primaryimage\"},\"image\":{\"@id\":\"https:\\\/\\\/stgbc.bcweededible.net\\\/fr\\\/buy\\\/marques\\\/eden-edibles-fr\\\/eden-en-vrac\\\/jujubes-thc-10mg-en-vrac\\\/#primaryimage\"},\"thumbnailUrl\":\"https:\\\/\\\/stgbc.bcweededible.net\\\/wp-content\\\/uploads\\\/2022\\\/05\\\/Bulk-Gummies-100gr.jpg\",\"datePublished\":\"2022-12-01T09:37:08+00:00\",\"dateModified\":\"2025-05-01T19:27:52+00:00\",\"breadcrumb\":{\"@id\":\"https:\\\/\\\/stgbc.bcweededible.net\\\/fr\\\/buy\\\/marques\\\/eden-edibles-fr\\\/eden-en-vrac\\\/jujubes-thc-10mg-en-vrac\\\/#breadcrumb\"},\"inLanguage\":\"fr-FR\",\"potentialAction\":[{\"@type\":\"ReadAction\",\"target\":[\"https:\\\/\\\/stgbc.bcweededible.net\\\/fr\\\/buy\\\/marques\\\/eden-edibles-fr\\\/eden-en-vrac\\\/jujubes-thc-10mg-en-vrac\\\/\"]}]},{\"@type\":\"ImageObject\",\"inLanguage\":\"fr-FR\",\"@id\":\"https:\\\/\\\/stgbc.bcweededible.net\\\/fr\\\/buy\\\/marques\\\/eden-edibles-fr\\\/eden-en-vrac\\\/jujubes-thc-10mg-en-vrac\\\/#primaryimage\",\"url\":\"https:\\\/\\\/stgbc.bcweededible.net\\\/wp-content\\\/uploads\\\/2022\\\/05\\\/Bulk-Gummies-100gr.jpg\",\"contentUrl\":\"https:\\\/\\\/stgbc.bcweededible.net\\\/wp-content\\\/uploads\\\/2022\\\/05\\\/Bulk-Gummies-100gr.jpg\",\"width\":1080,\"height\":1080,\"caption\":\"bulk thc gummies 100mg\"},{\"@type\":\"BreadcrumbList\",\"@id\":\"https:\\\/\\\/stgbc.bcweededible.net\\\/fr\\\/buy\\\/marques\\\/eden-edibles-fr\\\/eden-en-vrac\\\/jujubes-thc-10mg-en-vrac\\\/#breadcrumb\",\"itemListElement\":[{\"@type\":\"ListItem\",\"position\":1,\"name\":\"Jujubes au Pot Canada\",\"item\":\"https:\\\/\\\/stgbc.bcweededible.net\\\/fr\\\/shop\\\/\"},{\"@type\":\"ListItem\",\"position\":2,\"name\":\"Jujubes THC 10mg en vrac\"}]},{\"@type\":\"WebSite\",\"@id\":\"https:\\\/\\\/stgbc.bcweededible.net\\\/fr\\\/#website\",\"url\":\"https:\\\/\\\/stgbc.bcweededible.net\\\/fr\\\/\",\"name\":\"BC Weed Edible\",\"description\":\"\",\"publisher\":{\"@id\":\"https:\\\/\\\/stgbc.bcweededible.net\\\/fr\\\/#organization\"},\"potentialAction\":[{\"@type\":\"SearchAction\",\"target\":{\"@type\":\"EntryPoint\",\"urlTemplate\":\"https:\\\/\\\/stgbc.bcweededible.net\\\/fr\\\/?s={search_term_string}\"},\"query-input\":{\"@type\":\"PropertyValueSpecification\",\"valueRequired\":true,\"valueName\":\"search_term_string\"}}],\"inLanguage\":\"fr-FR\"},{\"@type\":\"Organization\",\"@id\":\"https:\\\/\\\/stgbc.bcweededible.net\\\/fr\\\/#organization\",\"name\":\"BC Weed Edible\",\"url\":\"https:\\\/\\\/stgbc.bcweededible.net\\\/fr\\\/\",\"logo\":{\"@type\":\"ImageObject\",\"inLanguage\":\"fr-FR\",\"@id\":\"https:\\\/\\\/stgbc.bcweededible.net\\\/fr\\\/#\\\/schema\\\/logo\\\/image\\\/\",\"url\":\"https:\\\/\\\/stgbc.bcweededible.net\\\/wp-content\\\/uploads\\\/2021\\\/12\\\/bc-weed-edible-canada.png\",\"contentUrl\":\"https:\\\/\\\/stgbc.bcweededible.net\\\/wp-content\\\/uploads\\\/2021\\\/12\\\/bc-weed-edible-canada.png\",\"width\":270,\"height\":185,\"caption\":\"BC Weed Edible\"},\"image\":{\"@id\":\"https:\\\/\\\/stgbc.bcweededible.net\\\/fr\\\/#\\\/schema\\\/logo\\\/image\\\/\"}}]}<\/script>\n","yoast_head_json":{"title":"Acheter une Jujubes THC 10mg en vrac en ligne au Canada | Grossiste 10mg THC Jujubes | BC Weed Edible","robots":{"index":"index","follow":"follow","max-snippet":"max-snippet:-1","max-image-preview":"max-image-preview:large","max-video-preview":"max-video-preview:-1"},"canonical":"https:\/\/stgbc.bcweededible.net\/fr\/buy\/marques\/eden-edibles-fr\/eden-en-vrac\/jujubes-thc-10mg-en-vrac\/","og_locale":"fr_FR","og_type":"article","og_title":"Acheter une Jujubes THC 10mg en vrac en ligne au Canada | Grossiste 10mg THC Jujubes | BC Weed Edible","og_description":"Nos Jujubes THC 10mg en vrac sont vegan, sans g\u00e9latine et fabriqu\u00e9s avec les meilleurs ingr\u00e9dients. Cette offre en vrac contient 100 paquets (10 x 10mg de THC dans chaque sac). Cette offre en gros de jujubes est excellente si vous avez besoin de grandes quantit\u00e9s ou si vous voulez les vendre autour de vous. Nos jujubes sont disponibles dans diff\u00e9rents types de vari\u00e9t\u00e9, vous pouvez donc choisir entre Sativa et Indica! Avec cette offre, vous b\u00e9n\u00e9ficiez d'une r\u00e9duction de 50 % sur le prix r\u00e9gulier. Un excellent moyen d'\u00e9conomiser ou de gagner de l'argent suppl\u00e9mentaire pour vous ! Jujubes 100mg - Cerise Indica Jujubes 100mg - Abricot Sativa Moiti\u00e9-moiti\u00e9 50\/50 INFORMATIONS SUR LE PRODUIT Total de sacs 100 sacs (10 x 10mg de THC) Prix en vrac $600 Prix r\u00e9gulier $1200","og_url":"https:\/\/stgbc.bcweededible.net\/fr\/buy\/marques\/eden-edibles-fr\/eden-en-vrac\/jujubes-thc-10mg-en-vrac\/","og_site_name":"BC Weed Edible","article_modified_time":"2025-05-01T19:27:52+00:00","og_image":[{"width":1080,"height":1080,"url":"https:\/\/stgbc.bcweededible.net\/wp-content\/uploads\/2022\/05\/Bulk-Gummies-100gr.jpg","type":"image\/jpeg"}],"twitter_card":"summary_large_image","twitter_misc":{"Dur\u00e9e de lecture estim\u00e9e":"1 minute"},"schema":{"@context":"https:\/\/schema.org","@graph":[{"@type":"WebPage","@id":"https:\/\/stgbc.bcweededible.net\/fr\/buy\/marques\/eden-edibles-fr\/eden-en-vrac\/jujubes-thc-10mg-en-vrac\/","url":"https:\/\/stgbc.bcweededible.net\/fr\/buy\/marques\/eden-edibles-fr\/eden-en-vrac\/jujubes-thc-10mg-en-vrac\/","name":"Acheter une Jujubes THC 10mg en vrac en ligne au Canada | Grossiste 10mg THC Jujubes | BC Weed Edible","isPartOf":{"@id":"https:\/\/stgbc.bcweededible.net\/fr\/#website"},"primaryImageOfPage":{"@id":"https:\/\/stgbc.bcweededible.net\/fr\/buy\/marques\/eden-edibles-fr\/eden-en-vrac\/jujubes-thc-10mg-en-vrac\/#primaryimage"},"image":{"@id":"https:\/\/stgbc.bcweededible.net\/fr\/buy\/marques\/eden-edibles-fr\/eden-en-vrac\/jujubes-thc-10mg-en-vrac\/#primaryimage"},"thumbnailUrl":"https:\/\/stgbc.bcweededible.net\/wp-content\/uploads\/2022\/05\/Bulk-Gummies-100gr.jpg","datePublished":"2022-12-01T09:37:08+00:00","dateModified":"2025-05-01T19:27:52+00:00","breadcrumb":{"@id":"https:\/\/stgbc.bcweededible.net\/fr\/buy\/marques\/eden-edibles-fr\/eden-en-vrac\/jujubes-thc-10mg-en-vrac\/#breadcrumb"},"inLanguage":"fr-FR","potentialAction":[{"@type":"ReadAction","target":["https:\/\/stgbc.bcweededible.net\/fr\/buy\/marques\/eden-edibles-fr\/eden-en-vrac\/jujubes-thc-10mg-en-vrac\/"]}]},{"@type":"ImageObject","inLanguage":"fr-FR","@id":"https:\/\/stgbc.bcweededible.net\/fr\/buy\/marques\/eden-edibles-fr\/eden-en-vrac\/jujubes-thc-10mg-en-vrac\/#primaryimage","url":"https:\/\/stgbc.bcweededible.net\/wp-content\/uploads\/2022\/05\/Bulk-Gummies-100gr.jpg","contentUrl":"https:\/\/stgbc.bcweededible.net\/wp-content\/uploads\/2022\/05\/Bulk-Gummies-100gr.jpg","width":1080,"height":1080,"caption":"bulk thc gummies 100mg"},{"@type":"BreadcrumbList","@id":"https:\/\/stgbc.bcweededible.net\/fr\/buy\/marques\/eden-edibles-fr\/eden-en-vrac\/jujubes-thc-10mg-en-vrac\/#breadcrumb","itemListElement":[{"@type":"ListItem","position":1,"name":"Jujubes au Pot Canada","item":"https:\/\/stgbc.bcweededible.net\/fr\/shop\/"},{"@type":"ListItem","position":2,"name":"Jujubes THC 10mg en vrac"}]},{"@type":"WebSite","@id":"https:\/\/stgbc.bcweededible.net\/fr\/#website","url":"https:\/\/stgbc.bcweededible.net\/fr\/","name":"BC Weed Edible","description":"","publisher":{"@id":"https:\/\/stgbc.bcweededible.net\/fr\/#organization"},"potentialAction":[{"@type":"SearchAction","target":{"@type":"EntryPoint","urlTemplate":"https:\/\/stgbc.bcweededible.net\/fr\/?s={search_term_string}"},"query-input":{"@type":"PropertyValueSpecification","valueRequired":true,"valueName":"search_term_string"}}],"inLanguage":"fr-FR"},{"@type":"Organization","@id":"https:\/\/stgbc.bcweededible.net\/fr\/#organization","name":"BC Weed Edible","url":"https:\/\/stgbc.bcweededible.net\/fr\/","logo":{"@type":"ImageObject","inLanguage":"fr-FR","@id":"https:\/\/stgbc.bcweededible.net\/fr\/#\/schema\/logo\/image\/","url":"https:\/\/stgbc.bcweededible.net\/wp-content\/uploads\/2021\/12\/bc-weed-edible-canada.png","contentUrl":"https:\/\/stgbc.bcweededible.net\/wp-content\/uploads\/2021\/12\/bc-weed-edible-canada.png","width":270,"height":185,"caption":"BC Weed Edible"},"image":{"@id":"https:\/\/stgbc.bcweededible.net\/fr\/#\/schema\/logo\/image\/"}}]}},"_links":{"self":[{"href":"https:\/\/stgbc.bcweededible.net\/fr\/wp-json\/wp\/v2\/product\/23510","targetHints":{"allow":["GET"]}}],"collection":[{"href":"https:\/\/stgbc.bcweededible.net\/fr\/wp-json\/wp\/v2\/product"}],"about":[{"href":"https:\/\/stgbc.bcweededible.net\/fr\/wp-json\/wp\/v2\/types\/product"}],"replies":[{"embeddable":true,"href":"https:\/\/stgbc.bcweededible.net\/fr\/wp-json\/wp\/v2\/comments?post=23510"}],"wp:featuredmedia":[{"embeddable":true,"href":"https:\/\/stgbc.bcweededible.net\/fr\/wp-json\/wp\/v2\/media\/87966"}],"wp:attachment":[{"href":"https:\/\/stgbc.bcweededible.net\/fr\/wp-json\/wp\/v2\/media?parent=23510"}],"wp:term":[{"taxonomy":"product_brand","embeddable":true,"href":"https:\/\/stgbc.bcweededible.net\/fr\/wp-json\/wp\/v2\/product_brand?post=23510"},{"taxonomy":"product_cat","embeddable":true,"href":"https:\/\/stgbc.bcweededible.net\/fr\/wp-json\/wp\/v2\/product_cat?post=23510"},{"taxonomy":"product_tag","embeddable":true,"href":"https:\/\/stgbc.bcweededible.net\/fr\/wp-json\/wp\/v2\/product_tag?post=23510"}],"curies":[{"name":"wp","href":"https:\/\/api.w.org\/{rel}","templated":true}]}}