{"id":23501,"date":"2022-11-18T14:45:33","date_gmt":"2022-12-01T09:36:31","guid":{"rendered":"https:\/\/bcweededible.net\/buy\/non%20class\u00e9\/aaaa-peanut-butter-rockstar-hybride\/"},"modified":"2024-07-29T11:31:20","modified_gmt":"2024-07-29T18:31:20","slug":"aaaa-peanut-butter-rockstar-hybride","status":"publish","type":"product","link":"https:\/\/stgbc.bcweededible.net\/fr\/buy\/fleurs-cannabis\/99-oz-fr\/aaaa-peanut-butter-rockstar-hybride\/","title":{"rendered":"AAAA Peanut Butter Rockstar (Hybride)"},"content":{"rendered":"","protected":false},"excerpt":{"rendered":"<p><b>Le Peanut Butter Rockstar, \u00e9galement connu sous le nom de &#8220;Peanut Butter Kush&#8221;, est une vari\u00e9t\u00e9 hybride \u00e9quilibr\u00e9e (50% indica\/50% sativa) dont l&#8217;origine est inconnue.<\/b> Poss\u00e8de une saveur terreuse et une saveur rappelant les noix. Avec un taux de THC d&#8217;environ 25 %, le Peanut Butter est parfait pour traiter des probl\u00e8mes tels que les douleurs chroniques.<\/p>\n<p><strong>Grosses fleurs denses, grade AAAA. Les fleurs sont d&#8217;un vert profond, fortement recouvertes de trichomes.<\/strong><\/p>\n","protected":false},"featured_media":48543,"comment_status":"open","ping_status":"closed","template":"","meta":[],"product_brand":[],"product_cat":[245,293,294,289,292,295],"product_tag":[],"class_list":{"0":"post-23501","1":"product","2":"type-product","3":"status-publish","4":"has-post-thumbnail","6":"product_cat-fleurs-cannabis","7":"product_cat-hybrid-fr","8":"product_cat-indica-fr","9":"product_cat-99-oz-fr","10":"product_cat-ounces-pas-cher","11":"product_cat-sativa-fr","13":"first","14":"outofstock","15":"shipping-taxable","16":"purchasable","17":"product-type-variable","18":"has-default-attributes"},"yoast_head":"\n<title>Acheter AAAA Peanut Butter Rockstar (Hybride) en Ligne Canada | BC Weed Edible<\/title>\n<meta name=\"robots\" content=\"index, follow, max-snippet:-1, max-image-preview:large, max-video-preview:-1\" \/>\n<link rel=\"canonical\" href=\"https:\/\/stgbc.bcweededible.net\/fr\/buy\/fleurs-cannabis\/99-oz-fr\/aaaa-peanut-butter-rockstar-hybride\/\" \/>\n<meta property=\"og:locale\" content=\"fr_FR\" \/>\n<meta property=\"og:type\" content=\"article\" \/>\n<meta property=\"og:title\" content=\"Acheter AAAA Peanut Butter Rockstar (Hybride) en Ligne Canada | BC Weed Edible\" \/>\n<meta property=\"og:description\" content=\"Le Peanut Butter Rockstar, \u00e9galement connu sous le nom de &quot;Peanut Butter Kush&quot;, est une vari\u00e9t\u00e9 hybride \u00e9quilibr\u00e9e (50% indica\/50% sativa) dont l&#039;origine est inconnue. Poss\u00e8de une saveur terreuse et une saveur rappelant les noix. Avec un taux de THC d&#039;environ 25 %, le Peanut Butter est parfait pour traiter des probl\u00e8mes tels que les douleurs chroniques. Grosses fleurs denses, grade AAAA. Les fleurs sont d&#039;un vert profond, fortement recouvertes de trichomes.\" \/>\n<meta property=\"og:url\" content=\"https:\/\/stgbc.bcweededible.net\/fr\/buy\/fleurs-cannabis\/99-oz-fr\/aaaa-peanut-butter-rockstar-hybride\/\" \/>\n<meta property=\"og:site_name\" content=\"BC Weed Edible\" \/>\n<meta property=\"article:modified_time\" content=\"2024-07-29T18:31:20+00:00\" \/>\n<meta property=\"og:image\" content=\"https:\/\/stgbc.bcweededible.net\/wp-content\/uploads\/2022\/11\/peanut-butter-rockstar-2.jpg\" \/>\n\t<meta property=\"og:image:width\" content=\"1000\" \/>\n\t<meta property=\"og:image:height\" content=\"1000\" \/>\n\t<meta property=\"og:image:type\" content=\"image\/jpeg\" \/>\n<meta name=\"twitter:card\" content=\"summary_large_image\" \/>\n<script type=\"application\/ld+json\" class=\"yoast-schema-graph\">{\"@context\":\"https:\\\/\\\/schema.org\",\"@graph\":[{\"@type\":\"WebPage\",\"@id\":\"https:\\\/\\\/stgbc.bcweededible.net\\\/fr\\\/buy\\\/fleurs-cannabis\\\/99-oz-fr\\\/aaaa-peanut-butter-rockstar-hybride\\\/\",\"url\":\"https:\\\/\\\/stgbc.bcweededible.net\\\/fr\\\/buy\\\/fleurs-cannabis\\\/99-oz-fr\\\/aaaa-peanut-butter-rockstar-hybride\\\/\",\"name\":\"Acheter AAAA Peanut Butter Rockstar (Hybride) en Ligne Canada | BC Weed Edible\",\"isPartOf\":{\"@id\":\"https:\\\/\\\/stgbc.bcweededible.net\\\/fr\\\/#website\"},\"primaryImageOfPage\":{\"@id\":\"https:\\\/\\\/stgbc.bcweededible.net\\\/fr\\\/buy\\\/fleurs-cannabis\\\/99-oz-fr\\\/aaaa-peanut-butter-rockstar-hybride\\\/#primaryimage\"},\"image\":{\"@id\":\"https:\\\/\\\/stgbc.bcweededible.net\\\/fr\\\/buy\\\/fleurs-cannabis\\\/99-oz-fr\\\/aaaa-peanut-butter-rockstar-hybride\\\/#primaryimage\"},\"thumbnailUrl\":\"https:\\\/\\\/stgbc.bcweededible.net\\\/wp-content\\\/uploads\\\/2022\\\/11\\\/peanut-butter-rockstar-2.jpg\",\"datePublished\":\"2022-12-01T09:36:31+00:00\",\"dateModified\":\"2024-07-29T18:31:20+00:00\",\"breadcrumb\":{\"@id\":\"https:\\\/\\\/stgbc.bcweededible.net\\\/fr\\\/buy\\\/fleurs-cannabis\\\/99-oz-fr\\\/aaaa-peanut-butter-rockstar-hybride\\\/#breadcrumb\"},\"inLanguage\":\"fr-FR\",\"potentialAction\":[{\"@type\":\"ReadAction\",\"target\":[\"https:\\\/\\\/stgbc.bcweededible.net\\\/fr\\\/buy\\\/fleurs-cannabis\\\/99-oz-fr\\\/aaaa-peanut-butter-rockstar-hybride\\\/\"]}]},{\"@type\":\"ImageObject\",\"inLanguage\":\"fr-FR\",\"@id\":\"https:\\\/\\\/stgbc.bcweededible.net\\\/fr\\\/buy\\\/fleurs-cannabis\\\/99-oz-fr\\\/aaaa-peanut-butter-rockstar-hybride\\\/#primaryimage\",\"url\":\"https:\\\/\\\/stgbc.bcweededible.net\\\/wp-content\\\/uploads\\\/2022\\\/11\\\/peanut-butter-rockstar-2.jpg\",\"contentUrl\":\"https:\\\/\\\/stgbc.bcweededible.net\\\/wp-content\\\/uploads\\\/2022\\\/11\\\/peanut-butter-rockstar-2.jpg\",\"width\":1000,\"height\":1000},{\"@type\":\"BreadcrumbList\",\"@id\":\"https:\\\/\\\/stgbc.bcweededible.net\\\/fr\\\/buy\\\/fleurs-cannabis\\\/99-oz-fr\\\/aaaa-peanut-butter-rockstar-hybride\\\/#breadcrumb\",\"itemListElement\":[{\"@type\":\"ListItem\",\"position\":1,\"name\":\"Jujubes au Pot Canada\",\"item\":\"https:\\\/\\\/stgbc.bcweededible.net\\\/fr\\\/shop\\\/\"},{\"@type\":\"ListItem\",\"position\":2,\"name\":\"AAAA Peanut Butter Rockstar (Hybride)\"}]},{\"@type\":\"WebSite\",\"@id\":\"https:\\\/\\\/stgbc.bcweededible.net\\\/fr\\\/#website\",\"url\":\"https:\\\/\\\/stgbc.bcweededible.net\\\/fr\\\/\",\"name\":\"BC Weed Edible\",\"description\":\"\",\"publisher\":{\"@id\":\"https:\\\/\\\/stgbc.bcweededible.net\\\/fr\\\/#organization\"},\"potentialAction\":[{\"@type\":\"SearchAction\",\"target\":{\"@type\":\"EntryPoint\",\"urlTemplate\":\"https:\\\/\\\/stgbc.bcweededible.net\\\/fr\\\/?s={search_term_string}\"},\"query-input\":{\"@type\":\"PropertyValueSpecification\",\"valueRequired\":true,\"valueName\":\"search_term_string\"}}],\"inLanguage\":\"fr-FR\"},{\"@type\":\"Organization\",\"@id\":\"https:\\\/\\\/stgbc.bcweededible.net\\\/fr\\\/#organization\",\"name\":\"BC Weed Edible\",\"url\":\"https:\\\/\\\/stgbc.bcweededible.net\\\/fr\\\/\",\"logo\":{\"@type\":\"ImageObject\",\"inLanguage\":\"fr-FR\",\"@id\":\"https:\\\/\\\/stgbc.bcweededible.net\\\/fr\\\/#\\\/schema\\\/logo\\\/image\\\/\",\"url\":\"https:\\\/\\\/stgbc.bcweededible.net\\\/wp-content\\\/uploads\\\/2021\\\/12\\\/bc-weed-edible-canada.png\",\"contentUrl\":\"https:\\\/\\\/stgbc.bcweededible.net\\\/wp-content\\\/uploads\\\/2021\\\/12\\\/bc-weed-edible-canada.png\",\"width\":270,\"height\":185,\"caption\":\"BC Weed Edible\"},\"image\":{\"@id\":\"https:\\\/\\\/stgbc.bcweededible.net\\\/fr\\\/#\\\/schema\\\/logo\\\/image\\\/\"}}]}<\/script>\n","yoast_head_json":{"title":"Acheter AAAA Peanut Butter Rockstar (Hybride) en Ligne Canada | BC Weed Edible","robots":{"index":"index","follow":"follow","max-snippet":"max-snippet:-1","max-image-preview":"max-image-preview:large","max-video-preview":"max-video-preview:-1"},"canonical":"https:\/\/stgbc.bcweededible.net\/fr\/buy\/fleurs-cannabis\/99-oz-fr\/aaaa-peanut-butter-rockstar-hybride\/","og_locale":"fr_FR","og_type":"article","og_title":"Acheter AAAA Peanut Butter Rockstar (Hybride) en Ligne Canada | BC Weed Edible","og_description":"Le Peanut Butter Rockstar, \u00e9galement connu sous le nom de \"Peanut Butter Kush\", est une vari\u00e9t\u00e9 hybride \u00e9quilibr\u00e9e (50% indica\/50% sativa) dont l'origine est inconnue. Poss\u00e8de une saveur terreuse et une saveur rappelant les noix. Avec un taux de THC d'environ 25 %, le Peanut Butter est parfait pour traiter des probl\u00e8mes tels que les douleurs chroniques. Grosses fleurs denses, grade AAAA. Les fleurs sont d'un vert profond, fortement recouvertes de trichomes.","og_url":"https:\/\/stgbc.bcweededible.net\/fr\/buy\/fleurs-cannabis\/99-oz-fr\/aaaa-peanut-butter-rockstar-hybride\/","og_site_name":"BC Weed Edible","article_modified_time":"2024-07-29T18:31:20+00:00","og_image":[{"width":1000,"height":1000,"url":"https:\/\/stgbc.bcweededible.net\/wp-content\/uploads\/2022\/11\/peanut-butter-rockstar-2.jpg","type":"image\/jpeg"}],"twitter_card":"summary_large_image","schema":{"@context":"https:\/\/schema.org","@graph":[{"@type":"WebPage","@id":"https:\/\/stgbc.bcweededible.net\/fr\/buy\/fleurs-cannabis\/99-oz-fr\/aaaa-peanut-butter-rockstar-hybride\/","url":"https:\/\/stgbc.bcweededible.net\/fr\/buy\/fleurs-cannabis\/99-oz-fr\/aaaa-peanut-butter-rockstar-hybride\/","name":"Acheter AAAA Peanut Butter Rockstar (Hybride) en Ligne Canada | BC Weed Edible","isPartOf":{"@id":"https:\/\/stgbc.bcweededible.net\/fr\/#website"},"primaryImageOfPage":{"@id":"https:\/\/stgbc.bcweededible.net\/fr\/buy\/fleurs-cannabis\/99-oz-fr\/aaaa-peanut-butter-rockstar-hybride\/#primaryimage"},"image":{"@id":"https:\/\/stgbc.bcweededible.net\/fr\/buy\/fleurs-cannabis\/99-oz-fr\/aaaa-peanut-butter-rockstar-hybride\/#primaryimage"},"thumbnailUrl":"https:\/\/stgbc.bcweededible.net\/wp-content\/uploads\/2022\/11\/peanut-butter-rockstar-2.jpg","datePublished":"2022-12-01T09:36:31+00:00","dateModified":"2024-07-29T18:31:20+00:00","breadcrumb":{"@id":"https:\/\/stgbc.bcweededible.net\/fr\/buy\/fleurs-cannabis\/99-oz-fr\/aaaa-peanut-butter-rockstar-hybride\/#breadcrumb"},"inLanguage":"fr-FR","potentialAction":[{"@type":"ReadAction","target":["https:\/\/stgbc.bcweededible.net\/fr\/buy\/fleurs-cannabis\/99-oz-fr\/aaaa-peanut-butter-rockstar-hybride\/"]}]},{"@type":"ImageObject","inLanguage":"fr-FR","@id":"https:\/\/stgbc.bcweededible.net\/fr\/buy\/fleurs-cannabis\/99-oz-fr\/aaaa-peanut-butter-rockstar-hybride\/#primaryimage","url":"https:\/\/stgbc.bcweededible.net\/wp-content\/uploads\/2022\/11\/peanut-butter-rockstar-2.jpg","contentUrl":"https:\/\/stgbc.bcweededible.net\/wp-content\/uploads\/2022\/11\/peanut-butter-rockstar-2.jpg","width":1000,"height":1000},{"@type":"BreadcrumbList","@id":"https:\/\/stgbc.bcweededible.net\/fr\/buy\/fleurs-cannabis\/99-oz-fr\/aaaa-peanut-butter-rockstar-hybride\/#breadcrumb","itemListElement":[{"@type":"ListItem","position":1,"name":"Jujubes au Pot Canada","item":"https:\/\/stgbc.bcweededible.net\/fr\/shop\/"},{"@type":"ListItem","position":2,"name":"AAAA Peanut Butter Rockstar (Hybride)"}]},{"@type":"WebSite","@id":"https:\/\/stgbc.bcweededible.net\/fr\/#website","url":"https:\/\/stgbc.bcweededible.net\/fr\/","name":"BC Weed Edible","description":"","publisher":{"@id":"https:\/\/stgbc.bcweededible.net\/fr\/#organization"},"potentialAction":[{"@type":"SearchAction","target":{"@type":"EntryPoint","urlTemplate":"https:\/\/stgbc.bcweededible.net\/fr\/?s={search_term_string}"},"query-input":{"@type":"PropertyValueSpecification","valueRequired":true,"valueName":"search_term_string"}}],"inLanguage":"fr-FR"},{"@type":"Organization","@id":"https:\/\/stgbc.bcweededible.net\/fr\/#organization","name":"BC Weed Edible","url":"https:\/\/stgbc.bcweededible.net\/fr\/","logo":{"@type":"ImageObject","inLanguage":"fr-FR","@id":"https:\/\/stgbc.bcweededible.net\/fr\/#\/schema\/logo\/image\/","url":"https:\/\/stgbc.bcweededible.net\/wp-content\/uploads\/2021\/12\/bc-weed-edible-canada.png","contentUrl":"https:\/\/stgbc.bcweededible.net\/wp-content\/uploads\/2021\/12\/bc-weed-edible-canada.png","width":270,"height":185,"caption":"BC Weed Edible"},"image":{"@id":"https:\/\/stgbc.bcweededible.net\/fr\/#\/schema\/logo\/image\/"}}]}},"_links":{"self":[{"href":"https:\/\/stgbc.bcweededible.net\/fr\/wp-json\/wp\/v2\/product\/23501","targetHints":{"allow":["GET"]}}],"collection":[{"href":"https:\/\/stgbc.bcweededible.net\/fr\/wp-json\/wp\/v2\/product"}],"about":[{"href":"https:\/\/stgbc.bcweededible.net\/fr\/wp-json\/wp\/v2\/types\/product"}],"replies":[{"embeddable":true,"href":"https:\/\/stgbc.bcweededible.net\/fr\/wp-json\/wp\/v2\/comments?post=23501"}],"wp:featuredmedia":[{"embeddable":true,"href":"https:\/\/stgbc.bcweededible.net\/fr\/wp-json\/wp\/v2\/media\/48543"}],"wp:attachment":[{"href":"https:\/\/stgbc.bcweededible.net\/fr\/wp-json\/wp\/v2\/media?parent=23501"}],"wp:term":[{"taxonomy":"product_brand","embeddable":true,"href":"https:\/\/stgbc.bcweededible.net\/fr\/wp-json\/wp\/v2\/product_brand?post=23501"},{"taxonomy":"product_cat","embeddable":true,"href":"https:\/\/stgbc.bcweededible.net\/fr\/wp-json\/wp\/v2\/product_cat?post=23501"},{"taxonomy":"product_tag","embeddable":true,"href":"https:\/\/stgbc.bcweededible.net\/fr\/wp-json\/wp\/v2\/product_tag?post=23501"}],"curies":[{"name":"wp","href":"https:\/\/api.w.org\/{rel}","templated":true}]}}