{"id":23380,"date":"2022-01-11T14:34:47","date_gmt":"2022-11-29T20:52:10","guid":{"rendered":"https:\/\/bcweededible.net\/buy\/non%20class\u00e9\/batterie-vape-510\/"},"modified":"2026-03-27T14:52:51","modified_gmt":"2026-03-27T21:52:51","slug":"batterie-vape-510","status":"publish","type":"product","link":"https:\/\/stgbc.bcweededible.net\/fr\/buy\/accessoires\/batterie-vape-510\/","title":{"rendered":"Batterie de Vapoteuse"},"content":{"rendered":"","protected":false},"excerpt":{"rendered":"<p><strong>Les vapes (Thread 510)<\/strong> sont la norme en mati\u00e8re de vapotage. Le &#8220;510&#8221; est la connexion entre l&#8217;atomiseur et la batterie &#8211; c&#8217;est ainsi que vous vissez le r\u00e9servoir. Le terme signifie, 10 fils \u00e0 5 mm.<\/p>\n<p>Mais aujourd&#8217;hui, le terme de batterie de vapoteuse 510 est surtout utilis\u00e9 pour d\u00e9signer les stylos \u00e0 vape \u00e0 l&#8217;huile de cannabis en g\u00e9n\u00e9ral. Qu&#8217;il s&#8217;agisse d&#8217;huile de THC, de cartouches delta 8 ou de cartouche \u00e0 l&#8217;huile de CBD, ce type d&#8217;appareil sera votre incontournable avec des avantages et des caract\u00e9ristiques qui r\u00e9pondent aux besoins de tous les types de vapoteurs.<\/p>\n","protected":false},"featured_media":43718,"comment_status":"open","ping_status":"closed","template":"","meta":[],"product_brand":[],"product_cat":[654],"product_tag":[],"class_list":{"0":"post-23380","1":"product","2":"type-product","3":"status-publish","4":"has-post-thumbnail","6":"product_cat-accessoires","8":"first","9":"instock","10":"shipping-taxable","11":"purchasable","12":"product-type-simple"},"_links":{"self":[{"href":"https:\/\/stgbc.bcweededible.net\/fr\/wp-json\/wp\/v2\/product\/23380","targetHints":{"allow":["GET"]}}],"collection":[{"href":"https:\/\/stgbc.bcweededible.net\/fr\/wp-json\/wp\/v2\/product"}],"about":[{"href":"https:\/\/stgbc.bcweededible.net\/fr\/wp-json\/wp\/v2\/types\/product"}],"replies":[{"embeddable":true,"href":"https:\/\/stgbc.bcweededible.net\/fr\/wp-json\/wp\/v2\/comments?post=23380"}],"wp:featuredmedia":[{"embeddable":true,"href":"https:\/\/stgbc.bcweededible.net\/fr\/wp-json\/wp\/v2\/media\/43718"}],"wp:attachment":[{"href":"https:\/\/stgbc.bcweededible.net\/fr\/wp-json\/wp\/v2\/media?parent=23380"}],"wp:term":[{"taxonomy":"product_brand","embeddable":true,"href":"https:\/\/stgbc.bcweededible.net\/fr\/wp-json\/wp\/v2\/product_brand?post=23380"},{"taxonomy":"product_cat","embeddable":true,"href":"https:\/\/stgbc.bcweededible.net\/fr\/wp-json\/wp\/v2\/product_cat?post=23380"},{"taxonomy":"product_tag","embeddable":true,"href":"https:\/\/stgbc.bcweededible.net\/fr\/wp-json\/wp\/v2\/product_tag?post=23380"}],"curies":[{"name":"wp","href":"https:\/\/api.w.org\/{rel}","templated":true}]}}