{"id":23359,"date":"2022-11-03T16:46:15","date_gmt":"2022-11-29T20:48:27","guid":{"rendered":"https:\/\/bcweededible.net\/buy\/non%20class\u00e9\/aaaa-mk-ultra-kief\/"},"modified":"2025-05-07T19:20:53","modified_gmt":"2025-05-08T02:20:53","slug":"aaaa-mk-ultra-kief","status":"publish","type":"product","link":"https:\/\/stgbc.bcweededible.net\/fr\/buy\/concentres\/kief-fr\/aaaa-mk-ultra-kief\/","title":{"rendered":"Kief MK Ultra AAAA"},"content":{"rendered":"","protected":false},"excerpt":{"rendered":"<p><b>Kief MK Ultra <\/b>est l&#8217;un de ces kiefs de haute qualit\u00e9 que nous proposons chez BC Weed Edible. Nous obtenons notre kief de l&#8217;un des meilleurs producteurs de la Colombie-Britannique. Nous l&#8217;avons aussi test\u00e9 en laboratoire et il y a toujours plus de 40% de THC.<\/p>\n<p>Ce kief a une couleur <strong>gris\u00e2tre et beige<\/strong>, indiquant que seuls les d\u00e9licieux trichomes ont \u00e9t\u00e9 extraits. Vous remarquerez \u00e9galement que vous pouvez facilement<strong> le transformer en un d\u00e9licieux hash fait maison !<\/strong> \u00c0 ce prix, vous \u00eates s\u00fbr de faire une bonne affaire, alors n&#8217;attendez plus!<\/p>\n<h2>Informations sur le Kief MK Ultra<\/h2>\n<table>\n<tbody>\n<tr>\n<td class=\"has-text-align-center\" style=\"text-align: left;\" data-align=\"center\"><strong>Vari\u00e9t\u00e9<\/strong><\/td>\n<td class=\"has-text-align-center\" style=\"text-align: left;\" data-align=\"center\">MK Ultra<\/td>\n<\/tr>\n<tr>\n<td class=\"has-text-align-center\" style=\"text-align: left;\" data-align=\"center\"><strong>Ph\u00e9notype<\/strong><\/td>\n<td class=\"has-text-align-center\" style=\"text-align: left;\" data-align=\"center\">Indica<\/td>\n<\/tr>\n<tr>\n<td class=\"has-text-align-center\" data-align=\"center\"><strong>Teneur en THC<\/strong><\/td>\n<td class=\"has-text-align-center\" data-align=\"center\">40%+<\/td>\n<\/tr>\n<tr>\n<td class=\"has-text-align-center\" data-align=\"center\"><strong>Consistance<\/strong><\/td>\n<td class=\"has-text-align-center\" data-align=\"center\">Poudre fine, friable<\/td>\n<\/tr>\n<tr>\n<td class=\"has-text-align-center\" style=\"text-align: left;\" data-align=\"center\"><strong>Extraction<\/strong><\/td>\n<td class=\"has-text-align-center\" style=\"text-align: left;\" data-align=\"center\">Tamis sec<\/td>\n<\/tr>\n<tr>\n<td class=\"has-text-align-center\" style=\"text-align: left;\" data-align=\"center\"><strong>Couleur<\/strong><\/td>\n<td class=\"has-text-align-center\" style=\"text-align: left;\" data-align=\"center\">Beige, dor\u00e9<\/td>\n<\/tr>\n<tr>\n<td class=\"has-text-align-center\" style=\"text-align: left;\" data-align=\"center\"><strong>Effets<\/strong><\/td>\n<td class=\"has-text-align-center\" style=\"text-align: left;\" data-align=\"center\">Euphorie, Heureux, Relaxant<\/td>\n<\/tr>\n<tr>\n<td class=\"has-text-align-center\" style=\"text-align: left;\" data-align=\"center\"><strong>Profil des terp\u00e8nes<\/strong><\/td>\n<td class=\"has-text-align-center\" style=\"text-align: left;\" data-align=\"center\">Pin, sucr\u00e9, bois\u00e9<\/td>\n<\/tr>\n<\/tbody>\n<\/table>\n","protected":false},"featured_media":22045,"comment_status":"open","ping_status":"closed","template":"","meta":[],"product_brand":[],"product_cat":[305,534],"product_tag":[],"class_list":{"0":"post-23359","1":"product","2":"type-product","3":"status-publish","4":"has-post-thumbnail","6":"product_cat-concentres","7":"product_cat-kief-fr","9":"first","10":"outofstock","11":"sale","12":"shipping-taxable","13":"purchasable","14":"product-type-variable","15":"has-default-attributes"},"yoast_head":"\n<title>Acheter un Kief MK Ultra AAAA en ligne au Canada | BC Weed Edible<\/title>\n<meta name=\"description\" content=\"Achetez Kief MK Ultra AAAA \u00e0 partir de 4 $\/gr chez BC Weed Edible. Commandez aujourd&#039;hui pour b\u00e9n\u00e9ficier de la livraison gratuite pour les achats de plus de 99 $ et d&#039;un cadeau gratuit pour les commandes de 149 $ et plus !\" \/>\n<meta name=\"robots\" content=\"index, follow, max-snippet:-1, max-image-preview:large, max-video-preview:-1\" \/>\n<link rel=\"canonical\" href=\"https:\/\/stgbc.bcweededible.net\/fr\/buy\/concentres\/kief-fr\/aaaa-mk-ultra-kief\/\" \/>\n<meta property=\"og:locale\" content=\"fr_FR\" \/>\n<meta property=\"og:type\" content=\"article\" \/>\n<meta property=\"og:title\" content=\"Acheter un Kief MK Ultra AAAA en ligne au Canada | BC Weed Edible\" \/>\n<meta property=\"og:description\" content=\"Achetez Kief MK Ultra AAAA \u00e0 partir de 4 $\/gr chez BC Weed Edible. Commandez aujourd&#039;hui pour b\u00e9n\u00e9ficier de la livraison gratuite pour les achats de plus de 99 $ et d&#039;un cadeau gratuit pour les commandes de 149 $ et plus !\" \/>\n<meta property=\"og:url\" content=\"https:\/\/stgbc.bcweededible.net\/fr\/buy\/concentres\/kief-fr\/aaaa-mk-ultra-kief\/\" \/>\n<meta property=\"og:site_name\" content=\"BC Weed Edible\" \/>\n<meta property=\"article:modified_time\" content=\"2025-05-08T02:20:53+00:00\" \/>\n<meta property=\"og:image\" content=\"https:\/\/stgbc.bcweededible.net\/wp-content\/uploads\/2022\/11\/MKU-kief.jpg\" \/>\n\t<meta property=\"og:image:width\" content=\"924\" \/>\n\t<meta property=\"og:image:height\" content=\"924\" \/>\n\t<meta property=\"og:image:type\" content=\"image\/jpeg\" \/>\n<meta name=\"twitter:card\" content=\"summary_large_image\" \/>\n<script type=\"application\/ld+json\" class=\"yoast-schema-graph\">{\"@context\":\"https:\\\/\\\/schema.org\",\"@graph\":[{\"@type\":\"WebPage\",\"@id\":\"https:\\\/\\\/stgbc.bcweededible.net\\\/fr\\\/buy\\\/concentres\\\/kief-fr\\\/aaaa-mk-ultra-kief\\\/\",\"url\":\"https:\\\/\\\/stgbc.bcweededible.net\\\/fr\\\/buy\\\/concentres\\\/kief-fr\\\/aaaa-mk-ultra-kief\\\/\",\"name\":\"Acheter un Kief MK Ultra AAAA en ligne au Canada | BC Weed Edible\",\"isPartOf\":{\"@id\":\"https:\\\/\\\/stgbc.bcweededible.net\\\/fr\\\/#website\"},\"primaryImageOfPage\":{\"@id\":\"https:\\\/\\\/stgbc.bcweededible.net\\\/fr\\\/buy\\\/concentres\\\/kief-fr\\\/aaaa-mk-ultra-kief\\\/#primaryimage\"},\"image\":{\"@id\":\"https:\\\/\\\/stgbc.bcweededible.net\\\/fr\\\/buy\\\/concentres\\\/kief-fr\\\/aaaa-mk-ultra-kief\\\/#primaryimage\"},\"thumbnailUrl\":\"https:\\\/\\\/stgbc.bcweededible.net\\\/wp-content\\\/uploads\\\/2022\\\/11\\\/MKU-kief.jpg\",\"datePublished\":\"2022-11-29T20:48:27+00:00\",\"dateModified\":\"2025-05-08T02:20:53+00:00\",\"description\":\"Achetez Kief MK Ultra AAAA \u00e0 partir de 4 $\\\/gr chez BC Weed Edible. Commandez aujourd'hui pour b\u00e9n\u00e9ficier de la livraison gratuite pour les achats de plus de 99 $ et d'un cadeau gratuit pour les commandes de 149 $ et plus !\",\"breadcrumb\":{\"@id\":\"https:\\\/\\\/stgbc.bcweededible.net\\\/fr\\\/buy\\\/concentres\\\/kief-fr\\\/aaaa-mk-ultra-kief\\\/#breadcrumb\"},\"inLanguage\":\"fr-FR\",\"potentialAction\":[{\"@type\":\"ReadAction\",\"target\":[\"https:\\\/\\\/stgbc.bcweededible.net\\\/fr\\\/buy\\\/concentres\\\/kief-fr\\\/aaaa-mk-ultra-kief\\\/\"]}]},{\"@type\":\"ImageObject\",\"inLanguage\":\"fr-FR\",\"@id\":\"https:\\\/\\\/stgbc.bcweededible.net\\\/fr\\\/buy\\\/concentres\\\/kief-fr\\\/aaaa-mk-ultra-kief\\\/#primaryimage\",\"url\":\"https:\\\/\\\/stgbc.bcweededible.net\\\/wp-content\\\/uploads\\\/2022\\\/11\\\/MKU-kief.jpg\",\"contentUrl\":\"https:\\\/\\\/stgbc.bcweededible.net\\\/wp-content\\\/uploads\\\/2022\\\/11\\\/MKU-kief.jpg\",\"width\":924,\"height\":924,\"caption\":\"mku kief canada\"},{\"@type\":\"BreadcrumbList\",\"@id\":\"https:\\\/\\\/stgbc.bcweededible.net\\\/fr\\\/buy\\\/concentres\\\/kief-fr\\\/aaaa-mk-ultra-kief\\\/#breadcrumb\",\"itemListElement\":[{\"@type\":\"ListItem\",\"position\":1,\"name\":\"Jujubes au Pot Canada\",\"item\":\"https:\\\/\\\/stgbc.bcweededible.net\\\/fr\\\/shop\\\/\"},{\"@type\":\"ListItem\",\"position\":2,\"name\":\"Kief MK Ultra AAAA\"}]},{\"@type\":\"WebSite\",\"@id\":\"https:\\\/\\\/stgbc.bcweededible.net\\\/fr\\\/#website\",\"url\":\"https:\\\/\\\/stgbc.bcweededible.net\\\/fr\\\/\",\"name\":\"BC Weed Edible\",\"description\":\"\",\"publisher\":{\"@id\":\"https:\\\/\\\/stgbc.bcweededible.net\\\/fr\\\/#organization\"},\"potentialAction\":[{\"@type\":\"SearchAction\",\"target\":{\"@type\":\"EntryPoint\",\"urlTemplate\":\"https:\\\/\\\/stgbc.bcweededible.net\\\/fr\\\/?s={search_term_string}\"},\"query-input\":{\"@type\":\"PropertyValueSpecification\",\"valueRequired\":true,\"valueName\":\"search_term_string\"}}],\"inLanguage\":\"fr-FR\"},{\"@type\":\"Organization\",\"@id\":\"https:\\\/\\\/stgbc.bcweededible.net\\\/fr\\\/#organization\",\"name\":\"BC Weed Edible\",\"url\":\"https:\\\/\\\/stgbc.bcweededible.net\\\/fr\\\/\",\"logo\":{\"@type\":\"ImageObject\",\"inLanguage\":\"fr-FR\",\"@id\":\"https:\\\/\\\/stgbc.bcweededible.net\\\/fr\\\/#\\\/schema\\\/logo\\\/image\\\/\",\"url\":\"https:\\\/\\\/stgbc.bcweededible.net\\\/wp-content\\\/uploads\\\/2021\\\/12\\\/bc-weed-edible-canada.png\",\"contentUrl\":\"https:\\\/\\\/stgbc.bcweededible.net\\\/wp-content\\\/uploads\\\/2021\\\/12\\\/bc-weed-edible-canada.png\",\"width\":270,\"height\":185,\"caption\":\"BC Weed Edible\"},\"image\":{\"@id\":\"https:\\\/\\\/stgbc.bcweededible.net\\\/fr\\\/#\\\/schema\\\/logo\\\/image\\\/\"}}]}<\/script>\n","yoast_head_json":{"title":"Acheter un Kief MK Ultra AAAA en ligne au Canada | BC Weed Edible","description":"Achetez Kief MK Ultra AAAA \u00e0 partir de 4 $\/gr chez BC Weed Edible. Commandez aujourd'hui pour b\u00e9n\u00e9ficier de la livraison gratuite pour les achats de plus de 99 $ et d'un cadeau gratuit pour les commandes de 149 $ et plus !","robots":{"index":"index","follow":"follow","max-snippet":"max-snippet:-1","max-image-preview":"max-image-preview:large","max-video-preview":"max-video-preview:-1"},"canonical":"https:\/\/stgbc.bcweededible.net\/fr\/buy\/concentres\/kief-fr\/aaaa-mk-ultra-kief\/","og_locale":"fr_FR","og_type":"article","og_title":"Acheter un Kief MK Ultra AAAA en ligne au Canada | BC Weed Edible","og_description":"Achetez Kief MK Ultra AAAA \u00e0 partir de 4 $\/gr chez BC Weed Edible. Commandez aujourd'hui pour b\u00e9n\u00e9ficier de la livraison gratuite pour les achats de plus de 99 $ et d'un cadeau gratuit pour les commandes de 149 $ et plus !","og_url":"https:\/\/stgbc.bcweededible.net\/fr\/buy\/concentres\/kief-fr\/aaaa-mk-ultra-kief\/","og_site_name":"BC Weed Edible","article_modified_time":"2025-05-08T02:20:53+00:00","og_image":[{"width":924,"height":924,"url":"https:\/\/stgbc.bcweededible.net\/wp-content\/uploads\/2022\/11\/MKU-kief.jpg","type":"image\/jpeg"}],"twitter_card":"summary_large_image","schema":{"@context":"https:\/\/schema.org","@graph":[{"@type":"WebPage","@id":"https:\/\/stgbc.bcweededible.net\/fr\/buy\/concentres\/kief-fr\/aaaa-mk-ultra-kief\/","url":"https:\/\/stgbc.bcweededible.net\/fr\/buy\/concentres\/kief-fr\/aaaa-mk-ultra-kief\/","name":"Acheter un Kief MK Ultra AAAA en ligne au Canada | BC Weed Edible","isPartOf":{"@id":"https:\/\/stgbc.bcweededible.net\/fr\/#website"},"primaryImageOfPage":{"@id":"https:\/\/stgbc.bcweededible.net\/fr\/buy\/concentres\/kief-fr\/aaaa-mk-ultra-kief\/#primaryimage"},"image":{"@id":"https:\/\/stgbc.bcweededible.net\/fr\/buy\/concentres\/kief-fr\/aaaa-mk-ultra-kief\/#primaryimage"},"thumbnailUrl":"https:\/\/stgbc.bcweededible.net\/wp-content\/uploads\/2022\/11\/MKU-kief.jpg","datePublished":"2022-11-29T20:48:27+00:00","dateModified":"2025-05-08T02:20:53+00:00","description":"Achetez Kief MK Ultra AAAA \u00e0 partir de 4 $\/gr chez BC Weed Edible. Commandez aujourd'hui pour b\u00e9n\u00e9ficier de la livraison gratuite pour les achats de plus de 99 $ et d'un cadeau gratuit pour les commandes de 149 $ et plus !","breadcrumb":{"@id":"https:\/\/stgbc.bcweededible.net\/fr\/buy\/concentres\/kief-fr\/aaaa-mk-ultra-kief\/#breadcrumb"},"inLanguage":"fr-FR","potentialAction":[{"@type":"ReadAction","target":["https:\/\/stgbc.bcweededible.net\/fr\/buy\/concentres\/kief-fr\/aaaa-mk-ultra-kief\/"]}]},{"@type":"ImageObject","inLanguage":"fr-FR","@id":"https:\/\/stgbc.bcweededible.net\/fr\/buy\/concentres\/kief-fr\/aaaa-mk-ultra-kief\/#primaryimage","url":"https:\/\/stgbc.bcweededible.net\/wp-content\/uploads\/2022\/11\/MKU-kief.jpg","contentUrl":"https:\/\/stgbc.bcweededible.net\/wp-content\/uploads\/2022\/11\/MKU-kief.jpg","width":924,"height":924,"caption":"mku kief canada"},{"@type":"BreadcrumbList","@id":"https:\/\/stgbc.bcweededible.net\/fr\/buy\/concentres\/kief-fr\/aaaa-mk-ultra-kief\/#breadcrumb","itemListElement":[{"@type":"ListItem","position":1,"name":"Jujubes au Pot Canada","item":"https:\/\/stgbc.bcweededible.net\/fr\/shop\/"},{"@type":"ListItem","position":2,"name":"Kief MK Ultra AAAA"}]},{"@type":"WebSite","@id":"https:\/\/stgbc.bcweededible.net\/fr\/#website","url":"https:\/\/stgbc.bcweededible.net\/fr\/","name":"BC Weed Edible","description":"","publisher":{"@id":"https:\/\/stgbc.bcweededible.net\/fr\/#organization"},"potentialAction":[{"@type":"SearchAction","target":{"@type":"EntryPoint","urlTemplate":"https:\/\/stgbc.bcweededible.net\/fr\/?s={search_term_string}"},"query-input":{"@type":"PropertyValueSpecification","valueRequired":true,"valueName":"search_term_string"}}],"inLanguage":"fr-FR"},{"@type":"Organization","@id":"https:\/\/stgbc.bcweededible.net\/fr\/#organization","name":"BC Weed Edible","url":"https:\/\/stgbc.bcweededible.net\/fr\/","logo":{"@type":"ImageObject","inLanguage":"fr-FR","@id":"https:\/\/stgbc.bcweededible.net\/fr\/#\/schema\/logo\/image\/","url":"https:\/\/stgbc.bcweededible.net\/wp-content\/uploads\/2021\/12\/bc-weed-edible-canada.png","contentUrl":"https:\/\/stgbc.bcweededible.net\/wp-content\/uploads\/2021\/12\/bc-weed-edible-canada.png","width":270,"height":185,"caption":"BC Weed Edible"},"image":{"@id":"https:\/\/stgbc.bcweededible.net\/fr\/#\/schema\/logo\/image\/"}}]}},"_links":{"self":[{"href":"https:\/\/stgbc.bcweededible.net\/fr\/wp-json\/wp\/v2\/product\/23359","targetHints":{"allow":["GET"]}}],"collection":[{"href":"https:\/\/stgbc.bcweededible.net\/fr\/wp-json\/wp\/v2\/product"}],"about":[{"href":"https:\/\/stgbc.bcweededible.net\/fr\/wp-json\/wp\/v2\/types\/product"}],"replies":[{"embeddable":true,"href":"https:\/\/stgbc.bcweededible.net\/fr\/wp-json\/wp\/v2\/comments?post=23359"}],"wp:featuredmedia":[{"embeddable":true,"href":"https:\/\/stgbc.bcweededible.net\/fr\/wp-json\/wp\/v2\/media\/22045"}],"wp:attachment":[{"href":"https:\/\/stgbc.bcweededible.net\/fr\/wp-json\/wp\/v2\/media?parent=23359"}],"wp:term":[{"taxonomy":"product_brand","embeddable":true,"href":"https:\/\/stgbc.bcweededible.net\/fr\/wp-json\/wp\/v2\/product_brand?post=23359"},{"taxonomy":"product_cat","embeddable":true,"href":"https:\/\/stgbc.bcweededible.net\/fr\/wp-json\/wp\/v2\/product_cat?post=23359"},{"taxonomy":"product_tag","embeddable":true,"href":"https:\/\/stgbc.bcweededible.net\/fr\/wp-json\/wp\/v2\/product_tag?post=23359"}],"curies":[{"name":"wp","href":"https:\/\/api.w.org\/{rel}","templated":true}]}}