{"id":23348,"date":"2022-02-24T12:30:23","date_gmt":"2022-11-29T20:48:24","guid":{"rendered":"https:\/\/bcweededible.net\/buy\/non%20class\u00e9\/hachis-libanais-rouge\/"},"modified":"2026-04-01T06:27:09","modified_gmt":"2026-04-01T13:27:09","slug":"hachis-libanais-rouge","status":"publish","type":"product","link":"https:\/\/stgbc.bcweededible.net\/fr\/buy\/concentres\/hasch\/hash-importe\/hachis-libanais-rouge\/","title":{"rendered":"Hash Libanais Rouge"},"content":{"rendered":"<h2><strong>Achetez du hash Libanais Rouge au Canada<\/strong><\/h2>\n<p>Nous proposons une large s\u00e9lection de hash de haute qualit\u00e9 et autres <a href=\"https:\/\/stgbc.bcweededible.net\/fr\/shop\/concentres\/\"><strong>concentr\u00e9s <\/strong><\/a>qui proviennent tous de producteurs fiables. De plus, nos prix sont imbattables. Lorsque vous commandez chez nous, vous pouvez \u00eatre s\u00fbr d&#8217;obtenir le meilleur produit possible au meilleur prix possible. Alors n&#8217;attendez plus, commandez votre hash rouge libanais d\u00e8s aujourd&#8217;hui !<\/p>\n<h2>Qu&#8217;est-ce que le hash Libanais Rouge?<\/h2>\n<p>Le hash Libanais Rouge est le moyen id\u00e9al de profiter de la saveur unique et des bienfaits du cannabis. Ce hash est fabriqu\u00e9 \u00e0 partir de la meilleure qualit\u00e9 de cannabis et est naturellement s\u00e9ch\u00e9 et trait\u00e9 \u00e0 la perfection. La couleur rouge unique provient du processus de s\u00e9chage au soleil, qui donne au hash une teinte rouge\u00e2tre distinctive.<\/p>\n<p>Les pistils naturels contribuent \u00e9galement \u00e0 la couleur rouge-orange de ce hasch. Le hash Libanais Rouge est connu pour sa saveur forte et ses effets puissants. Il est parfait pour ceux qui veulent profiter d&#8217;un high puissant sans avoir \u00e0 fumer trop. Le processus libanais de traitement du hash est ce qui s\u00e9pare leur hash des autres r\u00e9gions du Moyen-Orient.<\/p>\n<h2>Quels sont les effets du hash Libanais Rouge ?<\/h2>\n<p>Vous recherchez un hash de qualit\u00e9 sup\u00e9rieure qui vous fera voyager dans les nuages ? Alors ne cherchez pas plus loin! Provenant des meilleurs cultivateurs de cannabis du Canada, ce hash est connu pour ses effets puissants qui sont parfaits pour explorer votre c\u00f4t\u00e9 cr\u00e9atif.<\/p>\n<h2>Le hash Libanais Rouge est-il bon ?<\/h2>\n<p>Bien s\u00fbr, le hash Libanais Rouge est tr\u00e8s bon. C&#8217;est l&#8217;un des meilleurs types de hachisch que vous pouvez obtenir au Canada. Il peut \u00e9galement \u00eatre repress\u00e9 \u00e0 la main en raison de sa forte teneur en r\u00e9sine. Le hash Libanais Rouge a g\u00e9n\u00e9ralement un go\u00fbt et une odeur forte et agr\u00e9able. Le mot &#8220;libanais&#8221; d\u00e9signait \u00e0 l&#8217;origine le pays du Liban, o\u00f9 l&#8217;on produisait et produit toujours l&#8217;un des meilleurs hash du monde.<\/p>\n<p>Toutefois, au fil du temps, le terme a fini par d\u00e9signer tout hash rouge de haute qualit\u00e9. Il existe de nombreux types de hash Libanais Rouge, mais ils ont tous certaines caract\u00e9ristiques communes : ils sont tous rouges, ils ont tous un go\u00fbt fort et une odeur forte, et ils contiennent tous un pourcentage \u00e9lev\u00e9 de THC.<\/p>\n<h2>Comment consommer le hash Libanais Rouge ?<\/h2>\n<p>Le hash Libanais Rouge est g\u00e9n\u00e9ralement fum\u00e9 dans une pipe ou un bong, mais il peut aussi \u00eatre vaporis\u00e9 ou mis dans un joint.<\/p>\n<h2>Prix du\u00a0hash Libanais Rouge<\/h2>\n<p>Le hash Libanais Rouge est l&#8217;un des types de haschisch les plus populaires sur le march\u00e9, et son prix le refl\u00e8te. Au Canada, le haschisch rouge libanais se vend g\u00e9n\u00e9ralement \u00e0 <strong>entre 15 et 10 dollars par gramme.<\/strong> Cependant, si vous \u00eates pr\u00eat \u00e0 <strong>acheter en grosses quantit\u00e9s, <\/strong>vous pouvez trouver du hash Libanais Rouge <strong>\u00e0\u00a0partir de 4 ou 5 dollars le gramme.<\/strong><\/p>\n","protected":false},"excerpt":{"rendered":"<p>On ne le voit pas si souvent au Canada, mais nous avons <strong>du hash Libanais Rouge!<\/strong> Celui-ci a un int\u00e9rieur rouge fonc\u00e9 distinct avec une odeur forte \u00e0 ne pas manquer par tout amateur de hash. Souple et mall\u00e9able, ce hash fonctionnera bien avec n&#8217;importe quelle m\u00e9thode que vous choisirez pour le consommer. C&#8217;est un nouveau lot que nous venons de d\u00e9couvrir. <strong>..Une excellente valeur pour le prix!<\/strong> Sans vous mettre K.O., ce hash vous procura un high puissant et relaxant.<\/p>\n<h2>Informations Hash Libanais Rouge<\/h2>\n<table>\n<tbody>\n<tr>\n<td class=\"has-text-align-center\" style=\"text-align: left;\" data-align=\"center\"><strong>Ph\u00e9notype<\/strong><\/td>\n<td class=\"has-text-align-center\" style=\"text-align: left;\" data-align=\"center\">Hybride<\/td>\n<\/tr>\n<tr>\n<td class=\"has-text-align-center\" data-align=\"center\"><strong>THC<\/strong><\/td>\n<td class=\"has-text-align-center\" data-align=\"center\">40%+<\/td>\n<\/tr>\n<tr>\n<td class=\"has-text-align-center\" data-align=\"center\"><strong>Consistance<\/strong><\/td>\n<td class=\"has-text-align-center\" data-align=\"center\">Souple et mall\u00e9able<\/td>\n<\/tr>\n<tr>\n<td class=\"has-text-align-center\" style=\"text-align: left;\" data-align=\"center\"><strong>Grade<\/strong><\/td>\n<td class=\"has-text-align-center\" style=\"text-align: left;\" data-align=\"center\">AAAA<\/td>\n<\/tr>\n<tr>\n<td class=\"has-text-align-center\" style=\"text-align: left;\" data-align=\"center\"><strong>Couleur<\/strong><\/td>\n<td class=\"has-text-align-center\" style=\"text-align: left;\" data-align=\"center\">Brun fonc\u00e9 avec des touches de rouge<\/td>\n<\/tr>\n<tr>\n<td class=\"has-text-align-center\" style=\"text-align: left;\" data-align=\"center\"><strong>Effets<\/strong><\/td>\n<td class=\"has-text-align-center\" style=\"text-align: left;\" data-align=\"center\">C\u00e9r\u00e9bral, Heureux, Relax<\/td>\n<\/tr>\n<tr>\n<td class=\"has-text-align-center\" style=\"text-align: left;\" data-align=\"center\"><strong>Profil des terp\u00e8nes<\/strong><\/td>\n<td class=\"has-text-align-center\" style=\"text-align: left;\" data-align=\"center\">\u00c9pic\u00e9, terreux, poivr\u00e9, de pin<\/td>\n<\/tr>\n<\/tbody>\n<\/table>\n","protected":false},"featured_media":78107,"comment_status":"open","ping_status":"closed","template":"","meta":[],"product_brand":[],"product_cat":[305,535,660,628,636],"product_tag":[],"class_list":{"0":"post-23348","1":"product","2":"type-product","3":"status-publish","4":"has-post-thumbnail","6":"product_cat-concentres","7":"product_cat-concentres-en-gros","8":"product_cat-bulk-hash-fr","9":"product_cat-hasch","10":"product_cat-hash-importe","12":"first","13":"instock","14":"shipping-taxable","15":"purchasable","16":"product-type-variable","17":"has-default-attributes"},"yoast_head":"\n<title>Hash Libanais Rouge achat Canada | Acheter du haschisch libanais de qualit\u00e9 sup\u00e9rieure en ligne | BC Weed Edible<\/title>\n<meta name=\"description\" content=\"Achetez du haschisch libanais rouge AAAA+ \u00e0 partir de 4 $\/gr chez BC Weed Edible. Commandez aujourd&#039;hui pour b\u00e9n\u00e9ficier de la livraison gratuite pour les achats de plus de 99 $ et d&#039;un cadeau gratuit pour les commandes de 149 $ et plus ! Regardez !\" \/>\n<meta name=\"robots\" content=\"index, follow, max-snippet:-1, max-image-preview:large, max-video-preview:-1\" \/>\n<link rel=\"canonical\" href=\"https:\/\/stgbc.bcweededible.net\/fr\/buy\/concentres\/hasch\/hash-importe\/hachis-libanais-rouge\/\" \/>\n<meta property=\"og:locale\" content=\"fr_FR\" \/>\n<meta property=\"og:type\" content=\"article\" \/>\n<meta property=\"og:title\" content=\"Hash Libanais Rouge achat Canada | Acheter du haschisch libanais de qualit\u00e9 sup\u00e9rieure en ligne | BC Weed Edible\" \/>\n<meta property=\"og:description\" content=\"Achetez du haschisch libanais rouge AAAA+ \u00e0 partir de 4 $\/gr chez BC Weed Edible. Commandez aujourd&#039;hui pour b\u00e9n\u00e9ficier de la livraison gratuite pour les achats de plus de 99 $ et d&#039;un cadeau gratuit pour les commandes de 149 $ et plus ! Regardez !\" \/>\n<meta property=\"og:url\" content=\"https:\/\/stgbc.bcweededible.net\/fr\/buy\/concentres\/hasch\/hash-importe\/hachis-libanais-rouge\/\" \/>\n<meta property=\"og:site_name\" content=\"BC Weed Edible\" \/>\n<meta property=\"article:modified_time\" content=\"2026-04-01T13:27:09+00:00\" \/>\n<meta property=\"og:image\" content=\"https:\/\/stgbc.bcweededible.net\/wp-content\/uploads\/2022\/02\/Red-Lebanese-hash-1.jpg\" \/>\n\t<meta property=\"og:image:width\" content=\"577\" \/>\n\t<meta property=\"og:image:height\" content=\"600\" \/>\n\t<meta property=\"og:image:type\" content=\"image\/jpeg\" \/>\n<meta name=\"twitter:card\" content=\"summary_large_image\" \/>\n<meta name=\"twitter:label1\" content=\"Dur\u00e9e de lecture estim\u00e9e\" \/>\n\t<meta name=\"twitter:data1\" content=\"3 minutes\" \/>\n<script type=\"application\/ld+json\" class=\"yoast-schema-graph\">{\"@context\":\"https:\\\/\\\/schema.org\",\"@graph\":[{\"@type\":\"WebPage\",\"@id\":\"https:\\\/\\\/stgbc.bcweededible.net\\\/fr\\\/buy\\\/concentres\\\/hasch\\\/hash-importe\\\/hachis-libanais-rouge\\\/\",\"url\":\"https:\\\/\\\/stgbc.bcweededible.net\\\/fr\\\/buy\\\/concentres\\\/hasch\\\/hash-importe\\\/hachis-libanais-rouge\\\/\",\"name\":\"Hash Libanais Rouge achat Canada | Acheter du haschisch libanais de qualit\u00e9 sup\u00e9rieure en ligne | BC Weed Edible\",\"isPartOf\":{\"@id\":\"https:\\\/\\\/stgbc.bcweededible.net\\\/fr\\\/#website\"},\"primaryImageOfPage\":{\"@id\":\"https:\\\/\\\/stgbc.bcweededible.net\\\/fr\\\/buy\\\/concentres\\\/hasch\\\/hash-importe\\\/hachis-libanais-rouge\\\/#primaryimage\"},\"image\":{\"@id\":\"https:\\\/\\\/stgbc.bcweededible.net\\\/fr\\\/buy\\\/concentres\\\/hasch\\\/hash-importe\\\/hachis-libanais-rouge\\\/#primaryimage\"},\"thumbnailUrl\":\"https:\\\/\\\/stgbc.bcweededible.net\\\/wp-content\\\/uploads\\\/2022\\\/02\\\/Red-Lebanese-hash-1.jpg\",\"datePublished\":\"2022-11-29T20:48:24+00:00\",\"dateModified\":\"2026-04-01T13:27:09+00:00\",\"description\":\"Achetez du haschisch libanais rouge AAAA+ \u00e0 partir de 4 $\\\/gr chez BC Weed Edible. Commandez aujourd'hui pour b\u00e9n\u00e9ficier de la livraison gratuite pour les achats de plus de 99 $ et d'un cadeau gratuit pour les commandes de 149 $ et plus ! Regardez !\",\"breadcrumb\":{\"@id\":\"https:\\\/\\\/stgbc.bcweededible.net\\\/fr\\\/buy\\\/concentres\\\/hasch\\\/hash-importe\\\/hachis-libanais-rouge\\\/#breadcrumb\"},\"inLanguage\":\"fr-FR\",\"potentialAction\":[{\"@type\":\"ReadAction\",\"target\":[\"https:\\\/\\\/stgbc.bcweededible.net\\\/fr\\\/buy\\\/concentres\\\/hasch\\\/hash-importe\\\/hachis-libanais-rouge\\\/\"]}]},{\"@type\":\"ImageObject\",\"inLanguage\":\"fr-FR\",\"@id\":\"https:\\\/\\\/stgbc.bcweededible.net\\\/fr\\\/buy\\\/concentres\\\/hasch\\\/hash-importe\\\/hachis-libanais-rouge\\\/#primaryimage\",\"url\":\"https:\\\/\\\/stgbc.bcweededible.net\\\/wp-content\\\/uploads\\\/2022\\\/02\\\/Red-Lebanese-hash-1.jpg\",\"contentUrl\":\"https:\\\/\\\/stgbc.bcweededible.net\\\/wp-content\\\/uploads\\\/2022\\\/02\\\/Red-Lebanese-hash-1.jpg\",\"width\":577,\"height\":600,\"caption\":\"red lebanese hash brick\"},{\"@type\":\"BreadcrumbList\",\"@id\":\"https:\\\/\\\/stgbc.bcweededible.net\\\/fr\\\/buy\\\/concentres\\\/hasch\\\/hash-importe\\\/hachis-libanais-rouge\\\/#breadcrumb\",\"itemListElement\":[{\"@type\":\"ListItem\",\"position\":1,\"name\":\"Jujubes au Pot Canada\",\"item\":\"https:\\\/\\\/stgbc.bcweededible.net\\\/fr\\\/shop\\\/\"},{\"@type\":\"ListItem\",\"position\":2,\"name\":\"Hash Libanais Rouge\"}]},{\"@type\":\"WebSite\",\"@id\":\"https:\\\/\\\/stgbc.bcweededible.net\\\/fr\\\/#website\",\"url\":\"https:\\\/\\\/stgbc.bcweededible.net\\\/fr\\\/\",\"name\":\"BC Weed Edible\",\"description\":\"\",\"publisher\":{\"@id\":\"https:\\\/\\\/stgbc.bcweededible.net\\\/fr\\\/#organization\"},\"potentialAction\":[{\"@type\":\"SearchAction\",\"target\":{\"@type\":\"EntryPoint\",\"urlTemplate\":\"https:\\\/\\\/stgbc.bcweededible.net\\\/fr\\\/?s={search_term_string}\"},\"query-input\":{\"@type\":\"PropertyValueSpecification\",\"valueRequired\":true,\"valueName\":\"search_term_string\"}}],\"inLanguage\":\"fr-FR\"},{\"@type\":\"Organization\",\"@id\":\"https:\\\/\\\/stgbc.bcweededible.net\\\/fr\\\/#organization\",\"name\":\"BC Weed Edible\",\"url\":\"https:\\\/\\\/stgbc.bcweededible.net\\\/fr\\\/\",\"logo\":{\"@type\":\"ImageObject\",\"inLanguage\":\"fr-FR\",\"@id\":\"https:\\\/\\\/stgbc.bcweededible.net\\\/fr\\\/#\\\/schema\\\/logo\\\/image\\\/\",\"url\":\"https:\\\/\\\/stgbc.bcweededible.net\\\/wp-content\\\/uploads\\\/2021\\\/12\\\/bc-weed-edible-canada.png\",\"contentUrl\":\"https:\\\/\\\/stgbc.bcweededible.net\\\/wp-content\\\/uploads\\\/2021\\\/12\\\/bc-weed-edible-canada.png\",\"width\":270,\"height\":185,\"caption\":\"BC Weed Edible\"},\"image\":{\"@id\":\"https:\\\/\\\/stgbc.bcweededible.net\\\/fr\\\/#\\\/schema\\\/logo\\\/image\\\/\"}}]}<\/script>\n","yoast_head_json":{"title":"Hash Libanais Rouge achat Canada | Acheter du haschisch libanais de qualit\u00e9 sup\u00e9rieure en ligne | BC Weed Edible","description":"Achetez du haschisch libanais rouge AAAA+ \u00e0 partir de 4 $\/gr chez BC Weed Edible. Commandez aujourd'hui pour b\u00e9n\u00e9ficier de la livraison gratuite pour les achats de plus de 99 $ et d'un cadeau gratuit pour les commandes de 149 $ et plus ! Regardez !","robots":{"index":"index","follow":"follow","max-snippet":"max-snippet:-1","max-image-preview":"max-image-preview:large","max-video-preview":"max-video-preview:-1"},"canonical":"https:\/\/stgbc.bcweededible.net\/fr\/buy\/concentres\/hasch\/hash-importe\/hachis-libanais-rouge\/","og_locale":"fr_FR","og_type":"article","og_title":"Hash Libanais Rouge achat Canada | Acheter du haschisch libanais de qualit\u00e9 sup\u00e9rieure en ligne | BC Weed Edible","og_description":"Achetez du haschisch libanais rouge AAAA+ \u00e0 partir de 4 $\/gr chez BC Weed Edible. Commandez aujourd'hui pour b\u00e9n\u00e9ficier de la livraison gratuite pour les achats de plus de 99 $ et d'un cadeau gratuit pour les commandes de 149 $ et plus ! Regardez !","og_url":"https:\/\/stgbc.bcweededible.net\/fr\/buy\/concentres\/hasch\/hash-importe\/hachis-libanais-rouge\/","og_site_name":"BC Weed Edible","article_modified_time":"2026-04-01T13:27:09+00:00","og_image":[{"width":577,"height":600,"url":"https:\/\/stgbc.bcweededible.net\/wp-content\/uploads\/2022\/02\/Red-Lebanese-hash-1.jpg","type":"image\/jpeg"}],"twitter_card":"summary_large_image","twitter_misc":{"Dur\u00e9e de lecture estim\u00e9e":"3 minutes"},"schema":{"@context":"https:\/\/schema.org","@graph":[{"@type":"WebPage","@id":"https:\/\/stgbc.bcweededible.net\/fr\/buy\/concentres\/hasch\/hash-importe\/hachis-libanais-rouge\/","url":"https:\/\/stgbc.bcweededible.net\/fr\/buy\/concentres\/hasch\/hash-importe\/hachis-libanais-rouge\/","name":"Hash Libanais Rouge achat Canada | Acheter du haschisch libanais de qualit\u00e9 sup\u00e9rieure en ligne | BC Weed Edible","isPartOf":{"@id":"https:\/\/stgbc.bcweededible.net\/fr\/#website"},"primaryImageOfPage":{"@id":"https:\/\/stgbc.bcweededible.net\/fr\/buy\/concentres\/hasch\/hash-importe\/hachis-libanais-rouge\/#primaryimage"},"image":{"@id":"https:\/\/stgbc.bcweededible.net\/fr\/buy\/concentres\/hasch\/hash-importe\/hachis-libanais-rouge\/#primaryimage"},"thumbnailUrl":"https:\/\/stgbc.bcweededible.net\/wp-content\/uploads\/2022\/02\/Red-Lebanese-hash-1.jpg","datePublished":"2022-11-29T20:48:24+00:00","dateModified":"2026-04-01T13:27:09+00:00","description":"Achetez du haschisch libanais rouge AAAA+ \u00e0 partir de 4 $\/gr chez BC Weed Edible. Commandez aujourd'hui pour b\u00e9n\u00e9ficier de la livraison gratuite pour les achats de plus de 99 $ et d'un cadeau gratuit pour les commandes de 149 $ et plus ! Regardez !","breadcrumb":{"@id":"https:\/\/stgbc.bcweededible.net\/fr\/buy\/concentres\/hasch\/hash-importe\/hachis-libanais-rouge\/#breadcrumb"},"inLanguage":"fr-FR","potentialAction":[{"@type":"ReadAction","target":["https:\/\/stgbc.bcweededible.net\/fr\/buy\/concentres\/hasch\/hash-importe\/hachis-libanais-rouge\/"]}]},{"@type":"ImageObject","inLanguage":"fr-FR","@id":"https:\/\/stgbc.bcweededible.net\/fr\/buy\/concentres\/hasch\/hash-importe\/hachis-libanais-rouge\/#primaryimage","url":"https:\/\/stgbc.bcweededible.net\/wp-content\/uploads\/2022\/02\/Red-Lebanese-hash-1.jpg","contentUrl":"https:\/\/stgbc.bcweededible.net\/wp-content\/uploads\/2022\/02\/Red-Lebanese-hash-1.jpg","width":577,"height":600,"caption":"red lebanese hash brick"},{"@type":"BreadcrumbList","@id":"https:\/\/stgbc.bcweededible.net\/fr\/buy\/concentres\/hasch\/hash-importe\/hachis-libanais-rouge\/#breadcrumb","itemListElement":[{"@type":"ListItem","position":1,"name":"Jujubes au Pot Canada","item":"https:\/\/stgbc.bcweededible.net\/fr\/shop\/"},{"@type":"ListItem","position":2,"name":"Hash Libanais Rouge"}]},{"@type":"WebSite","@id":"https:\/\/stgbc.bcweededible.net\/fr\/#website","url":"https:\/\/stgbc.bcweededible.net\/fr\/","name":"BC Weed Edible","description":"","publisher":{"@id":"https:\/\/stgbc.bcweededible.net\/fr\/#organization"},"potentialAction":[{"@type":"SearchAction","target":{"@type":"EntryPoint","urlTemplate":"https:\/\/stgbc.bcweededible.net\/fr\/?s={search_term_string}"},"query-input":{"@type":"PropertyValueSpecification","valueRequired":true,"valueName":"search_term_string"}}],"inLanguage":"fr-FR"},{"@type":"Organization","@id":"https:\/\/stgbc.bcweededible.net\/fr\/#organization","name":"BC Weed Edible","url":"https:\/\/stgbc.bcweededible.net\/fr\/","logo":{"@type":"ImageObject","inLanguage":"fr-FR","@id":"https:\/\/stgbc.bcweededible.net\/fr\/#\/schema\/logo\/image\/","url":"https:\/\/stgbc.bcweededible.net\/wp-content\/uploads\/2021\/12\/bc-weed-edible-canada.png","contentUrl":"https:\/\/stgbc.bcweededible.net\/wp-content\/uploads\/2021\/12\/bc-weed-edible-canada.png","width":270,"height":185,"caption":"BC Weed Edible"},"image":{"@id":"https:\/\/stgbc.bcweededible.net\/fr\/#\/schema\/logo\/image\/"}}]}},"_links":{"self":[{"href":"https:\/\/stgbc.bcweededible.net\/fr\/wp-json\/wp\/v2\/product\/23348","targetHints":{"allow":["GET"]}}],"collection":[{"href":"https:\/\/stgbc.bcweededible.net\/fr\/wp-json\/wp\/v2\/product"}],"about":[{"href":"https:\/\/stgbc.bcweededible.net\/fr\/wp-json\/wp\/v2\/types\/product"}],"replies":[{"embeddable":true,"href":"https:\/\/stgbc.bcweededible.net\/fr\/wp-json\/wp\/v2\/comments?post=23348"}],"wp:featuredmedia":[{"embeddable":true,"href":"https:\/\/stgbc.bcweededible.net\/fr\/wp-json\/wp\/v2\/media\/78107"}],"wp:attachment":[{"href":"https:\/\/stgbc.bcweededible.net\/fr\/wp-json\/wp\/v2\/media?parent=23348"}],"wp:term":[{"taxonomy":"product_brand","embeddable":true,"href":"https:\/\/stgbc.bcweededible.net\/fr\/wp-json\/wp\/v2\/product_brand?post=23348"},{"taxonomy":"product_cat","embeddable":true,"href":"https:\/\/stgbc.bcweededible.net\/fr\/wp-json\/wp\/v2\/product_cat?post=23348"},{"taxonomy":"product_tag","embeddable":true,"href":"https:\/\/stgbc.bcweededible.net\/fr\/wp-json\/wp\/v2\/product_tag?post=23348"}],"curies":[{"name":"wp","href":"https:\/\/api.w.org\/{rel}","templated":true}]}}