{"id":23313,"date":"2022-10-21T15:29:05","date_gmt":"2022-11-29T20:48:17","guid":{"rendered":"https:\/\/bcweededible.net\/buy\/non%20class\u00e9\/millepertuis-aaaa\/"},"modified":"2026-03-30T12:29:02","modified_gmt":"2026-03-30T19:29:02","slug":"moonrock-pot","status":"publish","type":"product","link":"https:\/\/stgbc.bcweededible.net\/fr\/buy\/gros\/pot-gros\/moonrock-pot\/","title":{"rendered":"Moonrock Pot AAAA+"},"content":{"rendered":"<h2>Acheter le pot Moonrock au Canada<\/h2>\n<p>Chez BC Weed Edible, nous nous consacrons \u00e0 fournir des produits de cannabis de haute qualit\u00e9 auxquels nos clients peuvent faire confiance. Que vous recherchiez du<strong>\u00a0pot ou des joints moonrock<\/strong>, nous avons les 2. De plus, nous vous offrons <strong> 20 $ de r\u00e9duction sur votre premi\u00e8re commande<\/strong> en utilisant le code FIRST20. Il n&#8217;y a donc jamais eu de meilleur moment pour essayer nos produits et faire l&#8217;exp\u00e9rience des bienfaits du cannabis Moonrock par vous-m\u00eame ! Alors pourquoi attendre ?<\/p>\n<h2>Les ventes du pot Moonrock<\/h2>\n<p>En raison de la qualit\u00e9 \u00e9lev\u00e9e de leurs ingr\u00e9dients et de leur formulation unique, le cannabis Moonrock est habituellement vendu \u00e0 un <strong>prix assez \u00e9lev\u00e9(30$ par gramme)<\/strong>. Cependant, chez BC Weed Edible, en achetant en vrac, vous pouvez obtenir d&#8217;<strong>\u00e9normes r\u00e9ductions.<\/strong> Par exemple, notre <strong>paquet de 28 grammes ne co\u00fbte que 420 $<\/strong>, soit moins de <strong> 15 $ par gramme<\/strong>.<\/p>\n<h2>Comment fumer le pot Moonrock?<\/h2>\n<p>Pour fumer efficacement le pot Moonrock, il est important de choisir le bon type d&#8217;instrument. Le cannabis Moonrock est \u00e9pais et huileux, ce qui le rend difficile \u00e0 rouler ou \u00e0 br\u00fbler dans un joint traditionnel. En tant que tel, vous devrez peut-\u00eatre <strong>utiliser un bong ou une pipe<\/strong> afin de maximiser votre exp\u00e9rience. Une m\u00e9thode efficace pour allumer le pot Moonrock consiste \u00e0 <strong>le placer sur le dessus d&#8217;un bol contenant un autre type de fleur sech\u00e9e.<\/strong><\/p>\n<h2>Quels sont les effets du pot Moonrock ?<\/h2>\n<p>Le pot Moonrock est un type unique de cannabis tr\u00e8s pris\u00e9 pour ses effets puissants et intenses. Ce cannabis offre <strong>une exp\u00e9rience douce et apaisante.<\/strong> Id\u00e9al pour les situations o\u00f9 vous avez besoin de vous d\u00e9tendre ou de vous relaxer.<\/p>\n<p>En m\u00eame temps, le pot Moonrock peut \u00e9galement produire des effets physiques importants. Les effets varient d&#8217;une personne \u00e0 l&#8217;autre en fonction d&#8217;une s\u00e9rie de facteurs, dont le dosage et la sensibilit\u00e9 individuelle. Dans l&#8217;ensemble, cependant, il est pr\u00e9f\u00e9rable de consommer le pot Moonrock avec mod\u00e9ration afin de profiter de tous ses bienfaits.<\/p>\n","protected":false},"excerpt":{"rendered":"<p>Tel que demand\u00e9 par la communaut\u00e9, voici notre <strong>Pot\u00a0Moonrock<\/strong> \ud83d\ude42 . Fabriqu\u00e9 100% \u00e0 la main avec des ingr\u00e9dients de premi\u00e8re qualit\u00e9, garantissant un pot de qualit\u00e9 sup\u00e9rieure qui vous fera voler! Ce qu&#8217;il y a \u00e0 l&#8217;int\u00e9rieur :<\/p>\n<ul>\n<li>Fabriqu\u00e9 \u00e0 partir de nos <a href=\"https:\/\/stgbc.bcweededible.net\/fr\/buy\/gros\/pot-gros\/aaaa-rose-death-smalls\/\">Death Smalls roses AAAA+<\/a>.<\/li>\n<li>Roul\u00e9 avec notre <span class=\"st\"><a href=\"https:\/\/stgbc.bcweededible.net\/fr\/shop\/concentres\/live-resine\/\">Live Resin (R\u00e9sine vivante)<\/a> pour un go\u00fbt et des effets suppl\u00e9mentaires <\/span>.<\/li>\n<li>Kief.<\/li>\n<\/ul>\n<h2>Informations sur le pot Moonrock<\/h2>\n<table>\n<tbody>\n<tr>\n<td class=\"has-text-align-center\" style=\"text-align: left;\" data-align=\"center\"><strong>Taille<\/strong><\/td>\n<td class=\"has-text-align-center\" style=\"text-align: left;\" data-align=\"center\">Petit<\/td>\n<\/tr>\n<tr>\n<td class=\"has-text-align-center\" style=\"text-align: left;\" data-align=\"center\"><strong>Grade<\/strong><\/td>\n<td class=\"has-text-align-center\" style=\"text-align: left;\" data-align=\"center\">AAA+<\/td>\n<\/tr>\n<tr>\n<td class=\"has-text-align-center\" style=\"text-align: left;\" data-align=\"center\"><strong>THC<\/strong><\/td>\n<td class=\"has-text-align-center\" style=\"text-align: left;\" data-align=\"center\">55%<\/td>\n<\/tr>\n<tr>\n<td class=\"has-text-align-center\" style=\"text-align: left;\" data-align=\"center\"><strong>Ph\u00e9notype<\/strong><\/td>\n<td class=\"has-text-align-center\" style=\"text-align: left;\" data-align=\"center\">Hybride<\/td>\n<\/tr>\n<tr>\n<td class=\"has-text-align-center\" style=\"text-align: left;\" data-align=\"center\"><strong>Effets<\/strong><\/td>\n<td class=\"has-text-align-center\" style=\"text-align: left;\" data-align=\"center\">D\u00e9tendu, Ricaneur, Plaisir, Endormi<\/td>\n<\/tr>\n<tr>\n<td class=\"has-text-align-center\" style=\"text-align: left;\" data-align=\"center\"><strong>Saveurs<\/strong><\/td>\n<td class=\"has-text-align-center\" style=\"text-align: left;\" data-align=\"center\">Terreux, Bois\u00e9<\/td>\n<\/tr>\n<\/tbody>\n<\/table>\n","protected":false},"featured_media":67785,"comment_status":"open","ping_status":"closed","template":"","meta":[],"product_brand":[],"product_cat":[291,245,535,558,737,293,294,534,470,548,452,295],"product_tag":[],"class_list":{"0":"post-23313","1":"product","2":"type-product","3":"status-publish","4":"has-post-thumbnail","6":"product_cat-aaaa","7":"product_cat-fleurs-cannabis","8":"product_cat-concentres-en-gros","9":"product_cat-gros","10":"product_cat-haute-teneur-en-thc","11":"product_cat-hybrid-fr","12":"product_cat-indica-fr","13":"product_cat-kief-fr","14":"product_cat-livre-de-pot","15":"product_cat-moonrocks-fr","16":"product_cat-pot-gros","17":"product_cat-sativa-fr","19":"first","20":"instock","21":"shipping-taxable","22":"purchasable","23":"product-type-variable","24":"has-default-attributes"},"yoast_head":"\n<title>Acheter Moonrock Pot AAAA+ Canada | BC Weed Edible<\/title>\n<meta name=\"robots\" content=\"index, follow, max-snippet:-1, max-image-preview:large, max-video-preview:-1\" \/>\n<link rel=\"canonical\" href=\"https:\/\/stgbc.bcweededible.net\/fr\/buy\/gros\/pot-gros\/moonrock-pot\/\" \/>\n<meta property=\"og:locale\" content=\"fr_FR\" \/>\n<meta property=\"og:type\" content=\"article\" \/>\n<meta property=\"og:title\" content=\"Acheter Moonrock Pot AAAA+ Canada | BC Weed Edible\" \/>\n<meta property=\"og:description\" content=\"Tel que demand\u00e9 par la communaut\u00e9, voici notre Pot\u00a0Moonrock \ud83d\ude42 . Fabriqu\u00e9 100% \u00e0 la main avec des ingr\u00e9dients de premi\u00e8re qualit\u00e9, garantissant un pot de qualit\u00e9 sup\u00e9rieure qui vous fera voler! Ce qu&#039;il y a \u00e0 l&#039;int\u00e9rieur : Fabriqu\u00e9 \u00e0 partir de nos Death Smalls roses AAAA+. Roul\u00e9 avec notre Live Resin (R\u00e9sine vivante) pour un go\u00fbt et des effets suppl\u00e9mentaires . Kief. Informations sur le pot Moonrock Taille Petit Grade AAA+ THC 55% Ph\u00e9notype Hybride Effets D\u00e9tendu, Ricaneur, Plaisir, Endormi Saveurs Terreux, Bois\u00e9\" \/>\n<meta property=\"og:url\" content=\"https:\/\/stgbc.bcweededible.net\/fr\/buy\/gros\/pot-gros\/moonrock-pot\/\" \/>\n<meta property=\"og:site_name\" content=\"BC Weed Edible\" \/>\n<meta property=\"article:modified_time\" content=\"2026-03-30T19:29:02+00:00\" \/>\n<meta property=\"og:image\" content=\"https:\/\/stgbc.bcweededible.net\/wp-content\/uploads\/2022\/10\/MoonRock-Weed-01-1.jpg\" \/>\n\t<meta property=\"og:image:width\" content=\"1080\" \/>\n\t<meta property=\"og:image:height\" content=\"1080\" \/>\n\t<meta property=\"og:image:type\" content=\"image\/jpeg\" \/>\n<meta name=\"twitter:card\" content=\"summary_large_image\" \/>\n<meta name=\"twitter:label1\" content=\"Dur\u00e9e de lecture estim\u00e9e\" \/>\n\t<meta name=\"twitter:data1\" content=\"2 minutes\" \/>\n<script type=\"application\/ld+json\" class=\"yoast-schema-graph\">{\"@context\":\"https:\\\/\\\/schema.org\",\"@graph\":[{\"@type\":\"WebPage\",\"@id\":\"https:\\\/\\\/stgbc.bcweededible.net\\\/fr\\\/buy\\\/gros\\\/pot-gros\\\/moonrock-pot\\\/\",\"url\":\"https:\\\/\\\/stgbc.bcweededible.net\\\/fr\\\/buy\\\/gros\\\/pot-gros\\\/moonrock-pot\\\/\",\"name\":\"Acheter Moonrock Pot AAAA+ Canada | BC Weed Edible\",\"isPartOf\":{\"@id\":\"https:\\\/\\\/stgbc.bcweededible.net\\\/fr\\\/#website\"},\"primaryImageOfPage\":{\"@id\":\"https:\\\/\\\/stgbc.bcweededible.net\\\/fr\\\/buy\\\/gros\\\/pot-gros\\\/moonrock-pot\\\/#primaryimage\"},\"image\":{\"@id\":\"https:\\\/\\\/stgbc.bcweededible.net\\\/fr\\\/buy\\\/gros\\\/pot-gros\\\/moonrock-pot\\\/#primaryimage\"},\"thumbnailUrl\":\"https:\\\/\\\/stgbc.bcweededible.net\\\/wp-content\\\/uploads\\\/2022\\\/10\\\/MoonRock-Weed-01-1.jpg\",\"datePublished\":\"2022-11-29T20:48:17+00:00\",\"dateModified\":\"2026-03-30T19:29:02+00:00\",\"breadcrumb\":{\"@id\":\"https:\\\/\\\/stgbc.bcweededible.net\\\/fr\\\/buy\\\/gros\\\/pot-gros\\\/moonrock-pot\\\/#breadcrumb\"},\"inLanguage\":\"fr-FR\",\"potentialAction\":[{\"@type\":\"ReadAction\",\"target\":[\"https:\\\/\\\/stgbc.bcweededible.net\\\/fr\\\/buy\\\/gros\\\/pot-gros\\\/moonrock-pot\\\/\"]}]},{\"@type\":\"ImageObject\",\"inLanguage\":\"fr-FR\",\"@id\":\"https:\\\/\\\/stgbc.bcweededible.net\\\/fr\\\/buy\\\/gros\\\/pot-gros\\\/moonrock-pot\\\/#primaryimage\",\"url\":\"https:\\\/\\\/stgbc.bcweededible.net\\\/wp-content\\\/uploads\\\/2022\\\/10\\\/MoonRock-Weed-01-1.jpg\",\"contentUrl\":\"https:\\\/\\\/stgbc.bcweededible.net\\\/wp-content\\\/uploads\\\/2022\\\/10\\\/MoonRock-Weed-01-1.jpg\",\"width\":1080,\"height\":1080,\"caption\":\"moonrock weed canada 2 jars\"},{\"@type\":\"BreadcrumbList\",\"@id\":\"https:\\\/\\\/stgbc.bcweededible.net\\\/fr\\\/buy\\\/gros\\\/pot-gros\\\/moonrock-pot\\\/#breadcrumb\",\"itemListElement\":[{\"@type\":\"ListItem\",\"position\":1,\"name\":\"Jujubes au Pot Canada\",\"item\":\"https:\\\/\\\/stgbc.bcweededible.net\\\/fr\\\/shop\\\/\"},{\"@type\":\"ListItem\",\"position\":2,\"name\":\"Moonrock Pot AAAA+\"}]},{\"@type\":\"WebSite\",\"@id\":\"https:\\\/\\\/stgbc.bcweededible.net\\\/fr\\\/#website\",\"url\":\"https:\\\/\\\/stgbc.bcweededible.net\\\/fr\\\/\",\"name\":\"BC Weed Edible\",\"description\":\"\",\"publisher\":{\"@id\":\"https:\\\/\\\/stgbc.bcweededible.net\\\/fr\\\/#organization\"},\"potentialAction\":[{\"@type\":\"SearchAction\",\"target\":{\"@type\":\"EntryPoint\",\"urlTemplate\":\"https:\\\/\\\/stgbc.bcweededible.net\\\/fr\\\/?s={search_term_string}\"},\"query-input\":{\"@type\":\"PropertyValueSpecification\",\"valueRequired\":true,\"valueName\":\"search_term_string\"}}],\"inLanguage\":\"fr-FR\"},{\"@type\":\"Organization\",\"@id\":\"https:\\\/\\\/stgbc.bcweededible.net\\\/fr\\\/#organization\",\"name\":\"BC Weed Edible\",\"url\":\"https:\\\/\\\/stgbc.bcweededible.net\\\/fr\\\/\",\"logo\":{\"@type\":\"ImageObject\",\"inLanguage\":\"fr-FR\",\"@id\":\"https:\\\/\\\/stgbc.bcweededible.net\\\/fr\\\/#\\\/schema\\\/logo\\\/image\\\/\",\"url\":\"https:\\\/\\\/stgbc.bcweededible.net\\\/wp-content\\\/uploads\\\/2021\\\/12\\\/bc-weed-edible-canada.png\",\"contentUrl\":\"https:\\\/\\\/stgbc.bcweededible.net\\\/wp-content\\\/uploads\\\/2021\\\/12\\\/bc-weed-edible-canada.png\",\"width\":270,\"height\":185,\"caption\":\"BC Weed Edible\"},\"image\":{\"@id\":\"https:\\\/\\\/stgbc.bcweededible.net\\\/fr\\\/#\\\/schema\\\/logo\\\/image\\\/\"}}]}<\/script>\n","yoast_head_json":{"title":"Acheter Moonrock Pot AAAA+ Canada | BC Weed Edible","robots":{"index":"index","follow":"follow","max-snippet":"max-snippet:-1","max-image-preview":"max-image-preview:large","max-video-preview":"max-video-preview:-1"},"canonical":"https:\/\/stgbc.bcweededible.net\/fr\/buy\/gros\/pot-gros\/moonrock-pot\/","og_locale":"fr_FR","og_type":"article","og_title":"Acheter Moonrock Pot AAAA+ Canada | BC Weed Edible","og_description":"Tel que demand\u00e9 par la communaut\u00e9, voici notre Pot\u00a0Moonrock \ud83d\ude42 . Fabriqu\u00e9 100% \u00e0 la main avec des ingr\u00e9dients de premi\u00e8re qualit\u00e9, garantissant un pot de qualit\u00e9 sup\u00e9rieure qui vous fera voler! Ce qu'il y a \u00e0 l'int\u00e9rieur : Fabriqu\u00e9 \u00e0 partir de nos Death Smalls roses AAAA+. Roul\u00e9 avec notre Live Resin (R\u00e9sine vivante) pour un go\u00fbt et des effets suppl\u00e9mentaires . Kief. Informations sur le pot Moonrock Taille Petit Grade AAA+ THC 55% Ph\u00e9notype Hybride Effets D\u00e9tendu, Ricaneur, Plaisir, Endormi Saveurs Terreux, Bois\u00e9","og_url":"https:\/\/stgbc.bcweededible.net\/fr\/buy\/gros\/pot-gros\/moonrock-pot\/","og_site_name":"BC Weed Edible","article_modified_time":"2026-03-30T19:29:02+00:00","og_image":[{"width":1080,"height":1080,"url":"https:\/\/stgbc.bcweededible.net\/wp-content\/uploads\/2022\/10\/MoonRock-Weed-01-1.jpg","type":"image\/jpeg"}],"twitter_card":"summary_large_image","twitter_misc":{"Dur\u00e9e de lecture estim\u00e9e":"2 minutes"},"schema":{"@context":"https:\/\/schema.org","@graph":[{"@type":"WebPage","@id":"https:\/\/stgbc.bcweededible.net\/fr\/buy\/gros\/pot-gros\/moonrock-pot\/","url":"https:\/\/stgbc.bcweededible.net\/fr\/buy\/gros\/pot-gros\/moonrock-pot\/","name":"Acheter Moonrock Pot AAAA+ Canada | BC Weed Edible","isPartOf":{"@id":"https:\/\/stgbc.bcweededible.net\/fr\/#website"},"primaryImageOfPage":{"@id":"https:\/\/stgbc.bcweededible.net\/fr\/buy\/gros\/pot-gros\/moonrock-pot\/#primaryimage"},"image":{"@id":"https:\/\/stgbc.bcweededible.net\/fr\/buy\/gros\/pot-gros\/moonrock-pot\/#primaryimage"},"thumbnailUrl":"https:\/\/stgbc.bcweededible.net\/wp-content\/uploads\/2022\/10\/MoonRock-Weed-01-1.jpg","datePublished":"2022-11-29T20:48:17+00:00","dateModified":"2026-03-30T19:29:02+00:00","breadcrumb":{"@id":"https:\/\/stgbc.bcweededible.net\/fr\/buy\/gros\/pot-gros\/moonrock-pot\/#breadcrumb"},"inLanguage":"fr-FR","potentialAction":[{"@type":"ReadAction","target":["https:\/\/stgbc.bcweededible.net\/fr\/buy\/gros\/pot-gros\/moonrock-pot\/"]}]},{"@type":"ImageObject","inLanguage":"fr-FR","@id":"https:\/\/stgbc.bcweededible.net\/fr\/buy\/gros\/pot-gros\/moonrock-pot\/#primaryimage","url":"https:\/\/stgbc.bcweededible.net\/wp-content\/uploads\/2022\/10\/MoonRock-Weed-01-1.jpg","contentUrl":"https:\/\/stgbc.bcweededible.net\/wp-content\/uploads\/2022\/10\/MoonRock-Weed-01-1.jpg","width":1080,"height":1080,"caption":"moonrock weed canada 2 jars"},{"@type":"BreadcrumbList","@id":"https:\/\/stgbc.bcweededible.net\/fr\/buy\/gros\/pot-gros\/moonrock-pot\/#breadcrumb","itemListElement":[{"@type":"ListItem","position":1,"name":"Jujubes au Pot Canada","item":"https:\/\/stgbc.bcweededible.net\/fr\/shop\/"},{"@type":"ListItem","position":2,"name":"Moonrock Pot AAAA+"}]},{"@type":"WebSite","@id":"https:\/\/stgbc.bcweededible.net\/fr\/#website","url":"https:\/\/stgbc.bcweededible.net\/fr\/","name":"BC Weed Edible","description":"","publisher":{"@id":"https:\/\/stgbc.bcweededible.net\/fr\/#organization"},"potentialAction":[{"@type":"SearchAction","target":{"@type":"EntryPoint","urlTemplate":"https:\/\/stgbc.bcweededible.net\/fr\/?s={search_term_string}"},"query-input":{"@type":"PropertyValueSpecification","valueRequired":true,"valueName":"search_term_string"}}],"inLanguage":"fr-FR"},{"@type":"Organization","@id":"https:\/\/stgbc.bcweededible.net\/fr\/#organization","name":"BC Weed Edible","url":"https:\/\/stgbc.bcweededible.net\/fr\/","logo":{"@type":"ImageObject","inLanguage":"fr-FR","@id":"https:\/\/stgbc.bcweededible.net\/fr\/#\/schema\/logo\/image\/","url":"https:\/\/stgbc.bcweededible.net\/wp-content\/uploads\/2021\/12\/bc-weed-edible-canada.png","contentUrl":"https:\/\/stgbc.bcweededible.net\/wp-content\/uploads\/2021\/12\/bc-weed-edible-canada.png","width":270,"height":185,"caption":"BC Weed Edible"},"image":{"@id":"https:\/\/stgbc.bcweededible.net\/fr\/#\/schema\/logo\/image\/"}}]}},"_links":{"self":[{"href":"https:\/\/stgbc.bcweededible.net\/fr\/wp-json\/wp\/v2\/product\/23313","targetHints":{"allow":["GET"]}}],"collection":[{"href":"https:\/\/stgbc.bcweededible.net\/fr\/wp-json\/wp\/v2\/product"}],"about":[{"href":"https:\/\/stgbc.bcweededible.net\/fr\/wp-json\/wp\/v2\/types\/product"}],"replies":[{"embeddable":true,"href":"https:\/\/stgbc.bcweededible.net\/fr\/wp-json\/wp\/v2\/comments?post=23313"}],"wp:featuredmedia":[{"embeddable":true,"href":"https:\/\/stgbc.bcweededible.net\/fr\/wp-json\/wp\/v2\/media\/67785"}],"wp:attachment":[{"href":"https:\/\/stgbc.bcweededible.net\/fr\/wp-json\/wp\/v2\/media?parent=23313"}],"wp:term":[{"taxonomy":"product_brand","embeddable":true,"href":"https:\/\/stgbc.bcweededible.net\/fr\/wp-json\/wp\/v2\/product_brand?post=23313"},{"taxonomy":"product_cat","embeddable":true,"href":"https:\/\/stgbc.bcweededible.net\/fr\/wp-json\/wp\/v2\/product_cat?post=23313"},{"taxonomy":"product_tag","embeddable":true,"href":"https:\/\/stgbc.bcweededible.net\/fr\/wp-json\/wp\/v2\/product_tag?post=23313"}],"curies":[{"name":"wp","href":"https:\/\/api.w.org\/{rel}","templated":true}]}}