{"id":23310,"date":"2022-02-24T13:34:10","date_gmt":"2022-02-24T21:34:10","guid":{"rendered":"https:\/\/bcweededible.net\/buy\/non%20class\u00e9\/hash-blond-marocain\/"},"modified":"2026-03-30T10:19:46","modified_gmt":"2026-03-30T17:19:46","slug":"hash-blond-marocain","status":"publish","type":"product","link":"https:\/\/stgbc.bcweededible.net\/fr\/buy\/concentres\/hasch\/bc-hash-fr\/hash-blond-marocain\/","title":{"rendered":"Hash Blond Marocain"},"content":{"rendered":"<h2>Acheter du hash marocain au Canada<\/h2>\n<p>Vous cherchez le meilleur hash au Canada ? Ne cherchez pas plus loin que notre hash blond marocain ! Fabriqu\u00e9 \u00e0 partir de <strong>kief de premi\u00e8re qualit\u00e9. <\/strong><\/p>\n<p>Nous proposons une grande vari\u00e9t\u00e9 de hash de haute qualit\u00e9, notamment du<a href=\"https:\/\/stgbc.bcweededible.net\/fr\/buy\/concentres\/hasch\/hash-importe\/hachis-libanais-rouge\/\"> hash libanais rouge<\/a>, des Temple Balls, du<a href=\"https:\/\/stgbc.bcweededible.net\/fr\/buy\/concentres\/hasch\/hash-importe\/aaaa-caramelo-2\/\"> hash Noir Caramelo<\/a> et du<a href=\"https:\/\/stgbc.bcweededible.net\/fr\/buy\/concentres\/hasch\/hash-importe\/afghan-hash-aaaa\/\"> hash Afghan<\/a>. Nos prix sont tr\u00e8s comp\u00e9titifs, et nous sommes certains que<strong> vous serez satisfaits de nos produits.<\/strong>\u00a0Nous offrons \u00e9galement <strong>la livraison gratuite pour les commandes de plus de 99 $<\/strong>, alors achetez votre hash d\u00e8s aujourd&#8217;hui !<\/p>\n<h2>Quel est le prix du hash marocain?<\/h2>\n<p>Le haschisch marocain est un type de cannabis connu pour sa grande qualit\u00e9. Le prix de ce type sp\u00e9cial varie en fonction de la qualit\u00e9 et des quantit\u00e9s qui vous int\u00e9ressent. Cependant, il est connu pour commencer \u00e0<strong> environ 15 dollars pour un gramme !<\/strong> Vous pouvez obtenir des options en vrac \u00e0 partir de <strong>4 dollars par gramme<\/strong> &#8211; ce qui vous permet d&#8217;\u00e9conomiser beaucoup d&#8217;argent et de le partager avec vos amis. Les onces de hash marocain se trouvent g\u00e9n\u00e9ralement entre 300 et 400 dollars, chez <a href=\"https:\/\/stgbc.bcweededible.net\/fr\/\" target=\"_blank\" rel=\"noopener noreferrer\">BC Weed edible<\/a> nous l&#8217;avons<strong> juste en dessous de 200 dollars l&#8217;once <\/strong>car nous sommes directement en contact avec les meilleurs producteurs de hash du monde. Si vous recherchez le meilleur prix possible pour le hash marocain, consultez notre site Web d\u00e8s aujourd&#8217;hui ! Vous ne serez pas d\u00e9\u00e7u !<\/p>\n<h2>Comment fabrique-t-on le hash blond marocain ?<\/h2>\n<p>Le hasch marocain est<strong> fabriqu\u00e9 \u00e0 partir de kief de premi\u00e8re qualit\u00e9<\/strong>, qui est un type de trichome qui se forme sur les feuilles et les fleurs des plantes de cannabis. L&#8217;ingr\u00e9dient actif du hash est le THC, qui est responsable des effets psychoactifs de la plante. Le hash est fabriqu\u00e9 en <strong>s\u00e9parant les glandes r\u00e9sineuses, ou trichomes<\/strong>, des plantes s\u00e9ch\u00e9es. Les trichomes sont ensuite collect\u00e9s et <strong>travaill\u00e9s \u00e0 la chaleur et \u00e0 la pression<\/strong> pour former une masse coh\u00e9rente. Il existe de nombreuses m\u00e9thodes de fabrication du hash, mais la plus courante consiste \u00e0<strong> frotter les plantes s\u00e9ch\u00e9es sur une maille tr\u00e8s fine.<\/strong> La poudre obtenue est ensuite fum\u00e9e ou ing\u00e9r\u00e9e pour ses effets puissants. Le hash peut varier en puissance en fonction de la concentration de THC, mais il est g\u00e9n\u00e9ralement beaucoup plus puissant que le cannabis s\u00e9ch\u00e9. Par cons\u00e9quent, le hash est souvent utilis\u00e9 \u00e0 des fins m\u00e9dicales ou r\u00e9cr\u00e9atives.<\/p>\n<h2>O\u00f9 est fabriqu\u00e9 le hash marocain ?<\/h2>\n<p>Le hash marocain est fabriqu\u00e9 dans la <strong>montagne du Rif, \u00e9galement appel\u00e9e montagne du Kif<\/strong>, par la population locale.<strong> L&#8217;endroit le plus c\u00e9l\u00e8bre pour le hash au Maroc est Ketama<\/strong>. Le hash est fabriqu\u00e9 au Maroc depuis des si\u00e8cles et la montagne du Rif est l&#8217;<strong> environnement id\u00e9al pour la culture des plantes utilis\u00e9es pour fabriquer le hash.<\/strong> Le climat est chaud et sec, avec beaucoup de soleil et peu de pr\u00e9cipitations. Le sol est \u00e9galement riche en nutriments, ce qui permet aux plantes de prosp\u00e9rer. En outre, la montagne du Rif abrite une vari\u00e9t\u00e9 de plantes de cannabis sauvages, qui fournissent le mat\u00e9riel g\u00e9n\u00e9tique parfait pour la reproduction de nouvelles vari\u00e9t\u00e9s de hash. En cons\u00e9quence, le hash marocain est r\u00e9put\u00e9 pour sa haute qualit\u00e9 et sa forte puissance.<\/p>\n<h2>Comment consommer le hash Ketama Gold ?<\/h2>\n<p>Le hash marocain, et le hash blond en g\u00e9n\u00e9ral, peuvent \u00eatre consomm\u00e9s de nombreuses mani\u00e8res diff\u00e9rentes, notamment en<strong> le fumant seul avec une pipe \u00e0 hash ou en l&#8217;ajoutant \u00e0 du tabac ou \u00e0 de la fleur de cannabis.<\/strong> Le pays abrite une vari\u00e9t\u00e9 de caf\u00e9s de hash, o\u00f9 les gens peuvent acheter et consommer du hash dans un cadre social. Le hash marocain est aussi parfois consomm\u00e9 sous forme d&#8217;aliments, tels que des brownies au hash ou des biscuits. Bien qu&#8217;il existe de nombreuses fa\u00e7ons de consommer le hash marocain, le <strong>fumer est la m\u00e9thode la plus courante. <\/strong><\/p>\n<h2>Le hash marocain est-il indica ou sativa ?<\/h2>\n<p>Le hash marocain est un <strong>hybride d&#8217;indica et de sativa<\/strong>, ce qui signifie qu&#8217;il poss\u00e8de les caract\u00e9ristiques des deux types de plantes. La plante indica est connue pour sa stature courte et touffue et ses feuilles larges. La plante sativa, en revanche, est plus grande et plus fine, avec des feuilles plus \u00e9troites. Ces deux plantes ont des effets diff\u00e9rents sur le corps humain. On dit des plantes indica qu&#8217;elles produisent un<strong> &#8220;body high&#8221;, <\/strong>c&#8217;est-\u00e0-dire un effet de relaxation. Les plantes sativa sont cens\u00e9es produire un <strong>&#8220;head high&#8221;,<\/strong> qui est plus stimulant et \u00e9nergisant. Le hash marocain <strong>combine ces deux effets<\/strong>, offrant un \u00e9quilibre de relaxation et d&#8217;\u00e9nergie.<\/p>\n<h2>Le hash dans l&#8217;histoire au Maroc<\/h2>\n<p>Le hash est une<strong> forme concentr\u00e9e du cannabis<\/strong> qui est <strong>utilis\u00e9 depuis des si\u00e8cles au Maroc. <\/strong>La mati\u00e8re v\u00e9g\u00e9tale est g\u00e9n\u00e9ralement press\u00e9e en un bloc, qui est ensuite chauff\u00e9 et fum\u00e9. Le hash procure une exp\u00e9rience psychoactive puissante, et ses effets sont r\u00e9put\u00e9s \u00eatre plus intenses que ceux du cannabis ordinaire. Le hash a \u00e9t\u00e9<strong> traditionnellement utilis\u00e9 \u00e0 des fins m\u00e9dicales et spirituelles<\/strong>, et il reste aujourd&#8217;hui un \u00e9l\u00e9ment important de la culture marocaine. Malgr\u00e9 sa longue histoire, le hash n&#8217;a \u00e9t\u00e9 <strong>rendu ill\u00e9gal au Maroc<\/strong> qu&#8217;\u00e0 la <strong>fin du XXe si\u00e8cle<\/strong>. Depuis, le march\u00e9 noir de cette drogue s&#8217;est d\u00e9velopp\u00e9 et elle est d\u00e9sormais largement disponible dans tout le pays.<\/p>\n","protected":false},"excerpt":{"rendered":"<p>Notre<strong> hash Blond Marocain<\/strong>, \u00e9galement connu sous le nom de<strong> Ketama Gold<\/strong>, est import\u00e9 de la <strong>capitale du hash au Maroc : Ketama<\/strong>. Ce hasch fournit une fum\u00e9e tr\u00e8s douce qui n&#8217;est pas du tout agressive pour la gorge. Ce hash brun clair est dur et friable, mais si on le chauffe un peu, il devient souple. Le hash marocain est fabriqu\u00e9 \u00e0 partir de<strong> kief de haute qualit\u00e9.<\/strong><\/p>\n<p>Au d\u00e9but, vous ressentirez une sensation d&#8217;euphorie qui fera son chemin dans votre corps. Le <strong>hash Blond Marocain<\/strong> est excellent pour la gestion de la douleur.<\/p>\n<h2>Informations sur le hash Blond Marocain<\/h2>\n<table>\n<tbody>\n<tr>\n<td class=\"has-text-align-center\" style=\"text-align: left;\" data-align=\"center\"><strong>Ph\u00e9notype<\/strong><\/td>\n<td class=\"has-text-align-center\" style=\"text-align: left;\" data-align=\"center\">Hybride<\/td>\n<\/tr>\n<tr>\n<td class=\"has-text-align-center\" data-align=\"center\"><strong>Teneur en THC<\/strong><\/td>\n<td class=\"has-text-align-center\" data-align=\"center\">40%+<\/td>\n<\/tr>\n<tr>\n<td class=\"has-text-align-center\" data-align=\"center\"><strong>Consistance<\/strong><\/td>\n<td class=\"has-text-align-center\" data-align=\"center\">Dur et friable, mais mall\u00e9able quand il est chaud.<\/td>\n<\/tr>\n<tr>\n<td class=\"has-text-align-center\" style=\"text-align: left;\" data-align=\"center\"><strong>Grade<\/strong><\/td>\n<td class=\"has-text-align-center\" style=\"text-align: left;\" data-align=\"center\">AAAA+<\/td>\n<\/tr>\n<tr>\n<td class=\"has-text-align-center\" style=\"text-align: left;\" data-align=\"center\"><strong>Couleur<\/strong><\/td>\n<td class=\"has-text-align-center\" style=\"text-align: left;\" data-align=\"center\">Brun clair presque dor\u00e9<\/td>\n<\/tr>\n<tr>\n<td class=\"has-text-align-center\" style=\"text-align: left;\" data-align=\"center\"><strong>Effets<\/strong><\/td>\n<td class=\"has-text-align-center\" style=\"text-align: left;\" data-align=\"center\">Heureux, D\u00e9tendu<\/td>\n<\/tr>\n<tr>\n<td class=\"has-text-align-center\" style=\"text-align: left;\" data-align=\"center\"><strong>Profil des terp\u00e8nes<\/strong><\/td>\n<td class=\"has-text-align-center\" style=\"text-align: left;\" data-align=\"center\">\u00c9pic\u00e9, terreux, poivr\u00e9, de pin<\/td>\n<\/tr>\n<\/tbody>\n<\/table>\n","protected":false},"featured_media":22606,"comment_status":"open","ping_status":"closed","template":"","meta":[],"product_brand":[],"product_cat":[659,305,535,660,661,628,549],"product_tag":[],"class_list":{"0":"post-23310","1":"product","2":"type-product","3":"status-publish","4":"has-post-thumbnail","6":"product_cat-bc-hash-fr","7":"product_cat-concentres","8":"product_cat-concentres-en-gros","9":"product_cat-bulk-hash-fr","10":"product_cat-haschisch-bon-marche","11":"product_cat-hasch","12":"product_cat-promotions","14":"first","15":"instock","16":"sale","17":"shipping-taxable","18":"purchasable","19":"product-type-variable","20":"has-default-attributes"},"yoast_head":"\n<title>Hash Blond Marocain achat (Ketama Gold) Canada | BC Weed Edible<\/title>\n<meta name=\"robots\" content=\"index, follow, max-snippet:-1, max-image-preview:large, max-video-preview:-1\" \/>\n<link rel=\"canonical\" href=\"https:\/\/stgbc.bcweededible.net\/fr\/buy\/concentres\/hasch\/bc-hash-fr\/hash-blond-marocain\/\" \/>\n<meta property=\"og:locale\" content=\"fr_FR\" \/>\n<meta property=\"og:type\" content=\"article\" \/>\n<meta property=\"og:title\" content=\"Hash Blond Marocain achat (Ketama Gold) Canada | BC Weed Edible\" \/>\n<meta property=\"og:description\" content=\"Notre hash Blond Marocain, \u00e9galement connu sous le nom de Ketama Gold, est import\u00e9 de la capitale du hash au Maroc : Ketama. Ce hasch fournit une fum\u00e9e tr\u00e8s douce qui n&#039;est pas du tout agressive pour la gorge. Ce hash brun clair est dur et friable, mais si on le chauffe un peu, il devient souple. Le hash marocain est fabriqu\u00e9 \u00e0 partir de kief de haute qualit\u00e9. Au d\u00e9but, vous ressentirez une sensation d&#039;euphorie qui fera son chemin dans votre corps. Le hash Blond Marocain est excellent pour la gestion de la douleur. Informations sur le hash Blond Marocain Ph\u00e9notype Hybride Teneur en THC 40%+ Consistance Dur et friable, mais mall\u00e9able quand il est chaud. Grade AAAA+ Couleur Brun clair presque dor\u00e9 Effets Heureux, D\u00e9tendu Profil des terp\u00e8nes \u00c9pic\u00e9, terreux, poivr\u00e9, de pin\" \/>\n<meta property=\"og:url\" content=\"https:\/\/stgbc.bcweededible.net\/fr\/buy\/concentres\/hasch\/bc-hash-fr\/hash-blond-marocain\/\" \/>\n<meta property=\"og:site_name\" content=\"BC Weed Edible\" \/>\n<meta property=\"article:modified_time\" content=\"2026-03-30T17:19:46+00:00\" \/>\n<meta property=\"og:image\" content=\"https:\/\/stgbc.bcweededible.net\/wp-content\/uploads\/2022\/02\/Ketama-Gold-Hash.jpg\" \/>\n\t<meta property=\"og:image:width\" content=\"900\" \/>\n\t<meta property=\"og:image:height\" content=\"900\" \/>\n\t<meta property=\"og:image:type\" content=\"image\/jpeg\" \/>\n<meta name=\"twitter:card\" content=\"summary_large_image\" \/>\n<meta name=\"twitter:label1\" content=\"Dur\u00e9e de lecture estim\u00e9e\" \/>\n\t<meta name=\"twitter:data1\" content=\"4 minutes\" \/>\n<script type=\"application\/ld+json\" class=\"yoast-schema-graph\">{\"@context\":\"https:\\\/\\\/schema.org\",\"@graph\":[{\"@type\":\"WebPage\",\"@id\":\"https:\\\/\\\/stgbc.bcweededible.net\\\/fr\\\/buy\\\/concentres\\\/hasch\\\/bc-hash-fr\\\/hash-blond-marocain\\\/\",\"url\":\"https:\\\/\\\/stgbc.bcweededible.net\\\/fr\\\/buy\\\/concentres\\\/hasch\\\/bc-hash-fr\\\/hash-blond-marocain\\\/\",\"name\":\"Hash Blond Marocain achat (Ketama Gold) Canada | BC Weed Edible\",\"isPartOf\":{\"@id\":\"https:\\\/\\\/stgbc.bcweededible.net\\\/fr\\\/#website\"},\"primaryImageOfPage\":{\"@id\":\"https:\\\/\\\/stgbc.bcweededible.net\\\/fr\\\/buy\\\/concentres\\\/hasch\\\/bc-hash-fr\\\/hash-blond-marocain\\\/#primaryimage\"},\"image\":{\"@id\":\"https:\\\/\\\/stgbc.bcweededible.net\\\/fr\\\/buy\\\/concentres\\\/hasch\\\/bc-hash-fr\\\/hash-blond-marocain\\\/#primaryimage\"},\"thumbnailUrl\":\"https:\\\/\\\/stgbc.bcweededible.net\\\/wp-content\\\/uploads\\\/2022\\\/02\\\/Ketama-Gold-Hash.jpg\",\"datePublished\":\"2022-02-24T21:34:10+00:00\",\"dateModified\":\"2026-03-30T17:19:46+00:00\",\"breadcrumb\":{\"@id\":\"https:\\\/\\\/stgbc.bcweededible.net\\\/fr\\\/buy\\\/concentres\\\/hasch\\\/bc-hash-fr\\\/hash-blond-marocain\\\/#breadcrumb\"},\"inLanguage\":\"fr-FR\",\"potentialAction\":[{\"@type\":\"ReadAction\",\"target\":[\"https:\\\/\\\/stgbc.bcweededible.net\\\/fr\\\/buy\\\/concentres\\\/hasch\\\/bc-hash-fr\\\/hash-blond-marocain\\\/\"]}]},{\"@type\":\"ImageObject\",\"inLanguage\":\"fr-FR\",\"@id\":\"https:\\\/\\\/stgbc.bcweededible.net\\\/fr\\\/buy\\\/concentres\\\/hasch\\\/bc-hash-fr\\\/hash-blond-marocain\\\/#primaryimage\",\"url\":\"https:\\\/\\\/stgbc.bcweededible.net\\\/wp-content\\\/uploads\\\/2022\\\/02\\\/Ketama-Gold-Hash.jpg\",\"contentUrl\":\"https:\\\/\\\/stgbc.bcweededible.net\\\/wp-content\\\/uploads\\\/2022\\\/02\\\/Ketama-Gold-Hash.jpg\",\"width\":900,\"height\":900,\"caption\":\"moroccan hash canada\"},{\"@type\":\"BreadcrumbList\",\"@id\":\"https:\\\/\\\/stgbc.bcweededible.net\\\/fr\\\/buy\\\/concentres\\\/hasch\\\/bc-hash-fr\\\/hash-blond-marocain\\\/#breadcrumb\",\"itemListElement\":[{\"@type\":\"ListItem\",\"position\":1,\"name\":\"Jujubes au Pot Canada\",\"item\":\"https:\\\/\\\/stgbc.bcweededible.net\\\/fr\\\/shop\\\/\"},{\"@type\":\"ListItem\",\"position\":2,\"name\":\"Hash Blond Marocain\"}]},{\"@type\":\"WebSite\",\"@id\":\"https:\\\/\\\/stgbc.bcweededible.net\\\/fr\\\/#website\",\"url\":\"https:\\\/\\\/stgbc.bcweededible.net\\\/fr\\\/\",\"name\":\"BC Weed Edible\",\"description\":\"\",\"publisher\":{\"@id\":\"https:\\\/\\\/stgbc.bcweededible.net\\\/fr\\\/#organization\"},\"potentialAction\":[{\"@type\":\"SearchAction\",\"target\":{\"@type\":\"EntryPoint\",\"urlTemplate\":\"https:\\\/\\\/stgbc.bcweededible.net\\\/fr\\\/?s={search_term_string}\"},\"query-input\":{\"@type\":\"PropertyValueSpecification\",\"valueRequired\":true,\"valueName\":\"search_term_string\"}}],\"inLanguage\":\"fr-FR\"},{\"@type\":\"Organization\",\"@id\":\"https:\\\/\\\/stgbc.bcweededible.net\\\/fr\\\/#organization\",\"name\":\"BC Weed Edible\",\"url\":\"https:\\\/\\\/stgbc.bcweededible.net\\\/fr\\\/\",\"logo\":{\"@type\":\"ImageObject\",\"inLanguage\":\"fr-FR\",\"@id\":\"https:\\\/\\\/stgbc.bcweededible.net\\\/fr\\\/#\\\/schema\\\/logo\\\/image\\\/\",\"url\":\"https:\\\/\\\/stgbc.bcweededible.net\\\/wp-content\\\/uploads\\\/2021\\\/12\\\/bc-weed-edible-canada.png\",\"contentUrl\":\"https:\\\/\\\/stgbc.bcweededible.net\\\/wp-content\\\/uploads\\\/2021\\\/12\\\/bc-weed-edible-canada.png\",\"width\":270,\"height\":185,\"caption\":\"BC Weed Edible\"},\"image\":{\"@id\":\"https:\\\/\\\/stgbc.bcweededible.net\\\/fr\\\/#\\\/schema\\\/logo\\\/image\\\/\"}}]}<\/script>\n","yoast_head_json":{"title":"Hash Blond Marocain achat (Ketama Gold) Canada | BC Weed Edible","robots":{"index":"index","follow":"follow","max-snippet":"max-snippet:-1","max-image-preview":"max-image-preview:large","max-video-preview":"max-video-preview:-1"},"canonical":"https:\/\/stgbc.bcweededible.net\/fr\/buy\/concentres\/hasch\/bc-hash-fr\/hash-blond-marocain\/","og_locale":"fr_FR","og_type":"article","og_title":"Hash Blond Marocain achat (Ketama Gold) Canada | BC Weed Edible","og_description":"Notre hash Blond Marocain, \u00e9galement connu sous le nom de Ketama Gold, est import\u00e9 de la capitale du hash au Maroc : Ketama. Ce hasch fournit une fum\u00e9e tr\u00e8s douce qui n'est pas du tout agressive pour la gorge. Ce hash brun clair est dur et friable, mais si on le chauffe un peu, il devient souple. Le hash marocain est fabriqu\u00e9 \u00e0 partir de kief de haute qualit\u00e9. Au d\u00e9but, vous ressentirez une sensation d'euphorie qui fera son chemin dans votre corps. Le hash Blond Marocain est excellent pour la gestion de la douleur. Informations sur le hash Blond Marocain Ph\u00e9notype Hybride Teneur en THC 40%+ Consistance Dur et friable, mais mall\u00e9able quand il est chaud. Grade AAAA+ Couleur Brun clair presque dor\u00e9 Effets Heureux, D\u00e9tendu Profil des terp\u00e8nes \u00c9pic\u00e9, terreux, poivr\u00e9, de pin","og_url":"https:\/\/stgbc.bcweededible.net\/fr\/buy\/concentres\/hasch\/bc-hash-fr\/hash-blond-marocain\/","og_site_name":"BC Weed Edible","article_modified_time":"2026-03-30T17:19:46+00:00","og_image":[{"width":900,"height":900,"url":"https:\/\/stgbc.bcweededible.net\/wp-content\/uploads\/2022\/02\/Ketama-Gold-Hash.jpg","type":"image\/jpeg"}],"twitter_card":"summary_large_image","twitter_misc":{"Dur\u00e9e de lecture estim\u00e9e":"4 minutes"},"schema":{"@context":"https:\/\/schema.org","@graph":[{"@type":"WebPage","@id":"https:\/\/stgbc.bcweededible.net\/fr\/buy\/concentres\/hasch\/bc-hash-fr\/hash-blond-marocain\/","url":"https:\/\/stgbc.bcweededible.net\/fr\/buy\/concentres\/hasch\/bc-hash-fr\/hash-blond-marocain\/","name":"Hash Blond Marocain achat (Ketama Gold) Canada | BC Weed Edible","isPartOf":{"@id":"https:\/\/stgbc.bcweededible.net\/fr\/#website"},"primaryImageOfPage":{"@id":"https:\/\/stgbc.bcweededible.net\/fr\/buy\/concentres\/hasch\/bc-hash-fr\/hash-blond-marocain\/#primaryimage"},"image":{"@id":"https:\/\/stgbc.bcweededible.net\/fr\/buy\/concentres\/hasch\/bc-hash-fr\/hash-blond-marocain\/#primaryimage"},"thumbnailUrl":"https:\/\/stgbc.bcweededible.net\/wp-content\/uploads\/2022\/02\/Ketama-Gold-Hash.jpg","datePublished":"2022-02-24T21:34:10+00:00","dateModified":"2026-03-30T17:19:46+00:00","breadcrumb":{"@id":"https:\/\/stgbc.bcweededible.net\/fr\/buy\/concentres\/hasch\/bc-hash-fr\/hash-blond-marocain\/#breadcrumb"},"inLanguage":"fr-FR","potentialAction":[{"@type":"ReadAction","target":["https:\/\/stgbc.bcweededible.net\/fr\/buy\/concentres\/hasch\/bc-hash-fr\/hash-blond-marocain\/"]}]},{"@type":"ImageObject","inLanguage":"fr-FR","@id":"https:\/\/stgbc.bcweededible.net\/fr\/buy\/concentres\/hasch\/bc-hash-fr\/hash-blond-marocain\/#primaryimage","url":"https:\/\/stgbc.bcweededible.net\/wp-content\/uploads\/2022\/02\/Ketama-Gold-Hash.jpg","contentUrl":"https:\/\/stgbc.bcweededible.net\/wp-content\/uploads\/2022\/02\/Ketama-Gold-Hash.jpg","width":900,"height":900,"caption":"moroccan hash canada"},{"@type":"BreadcrumbList","@id":"https:\/\/stgbc.bcweededible.net\/fr\/buy\/concentres\/hasch\/bc-hash-fr\/hash-blond-marocain\/#breadcrumb","itemListElement":[{"@type":"ListItem","position":1,"name":"Jujubes au Pot Canada","item":"https:\/\/stgbc.bcweededible.net\/fr\/shop\/"},{"@type":"ListItem","position":2,"name":"Hash Blond Marocain"}]},{"@type":"WebSite","@id":"https:\/\/stgbc.bcweededible.net\/fr\/#website","url":"https:\/\/stgbc.bcweededible.net\/fr\/","name":"BC Weed Edible","description":"","publisher":{"@id":"https:\/\/stgbc.bcweededible.net\/fr\/#organization"},"potentialAction":[{"@type":"SearchAction","target":{"@type":"EntryPoint","urlTemplate":"https:\/\/stgbc.bcweededible.net\/fr\/?s={search_term_string}"},"query-input":{"@type":"PropertyValueSpecification","valueRequired":true,"valueName":"search_term_string"}}],"inLanguage":"fr-FR"},{"@type":"Organization","@id":"https:\/\/stgbc.bcweededible.net\/fr\/#organization","name":"BC Weed Edible","url":"https:\/\/stgbc.bcweededible.net\/fr\/","logo":{"@type":"ImageObject","inLanguage":"fr-FR","@id":"https:\/\/stgbc.bcweededible.net\/fr\/#\/schema\/logo\/image\/","url":"https:\/\/stgbc.bcweededible.net\/wp-content\/uploads\/2021\/12\/bc-weed-edible-canada.png","contentUrl":"https:\/\/stgbc.bcweededible.net\/wp-content\/uploads\/2021\/12\/bc-weed-edible-canada.png","width":270,"height":185,"caption":"BC Weed Edible"},"image":{"@id":"https:\/\/stgbc.bcweededible.net\/fr\/#\/schema\/logo\/image\/"}}]}},"_links":{"self":[{"href":"https:\/\/stgbc.bcweededible.net\/fr\/wp-json\/wp\/v2\/product\/23310","targetHints":{"allow":["GET"]}}],"collection":[{"href":"https:\/\/stgbc.bcweededible.net\/fr\/wp-json\/wp\/v2\/product"}],"about":[{"href":"https:\/\/stgbc.bcweededible.net\/fr\/wp-json\/wp\/v2\/types\/product"}],"replies":[{"embeddable":true,"href":"https:\/\/stgbc.bcweededible.net\/fr\/wp-json\/wp\/v2\/comments?post=23310"}],"wp:featuredmedia":[{"embeddable":true,"href":"https:\/\/stgbc.bcweededible.net\/fr\/wp-json\/wp\/v2\/media\/22606"}],"wp:attachment":[{"href":"https:\/\/stgbc.bcweededible.net\/fr\/wp-json\/wp\/v2\/media?parent=23310"}],"wp:term":[{"taxonomy":"product_brand","embeddable":true,"href":"https:\/\/stgbc.bcweededible.net\/fr\/wp-json\/wp\/v2\/product_brand?post=23310"},{"taxonomy":"product_cat","embeddable":true,"href":"https:\/\/stgbc.bcweededible.net\/fr\/wp-json\/wp\/v2\/product_cat?post=23310"},{"taxonomy":"product_tag","embeddable":true,"href":"https:\/\/stgbc.bcweededible.net\/fr\/wp-json\/wp\/v2\/product_tag?post=23310"}],"curies":[{"name":"wp","href":"https:\/\/api.w.org\/{rel}","templated":true}]}}