{"id":23284,"date":"2022-10-07T18:19:01","date_gmt":"2022-11-29T20:48:09","guid":{"rendered":"https:\/\/bcweededible.net\/buy\/non%20class\u00e9\/joints-moonrock-aaaa\/"},"modified":"2025-05-05T14:54:11","modified_gmt":"2025-05-05T21:54:11","slug":"joints-moonrock-aaaa","status":"publish","type":"product","link":"https:\/\/stgbc.bcweededible.net\/fr\/buy\/concentres\/kief-fr\/joints-moonrock-aaaa\/","title":{"rendered":"Joints Moonrock AAAA+"},"content":{"rendered":"<h2>Acheter des joints Moonrock au Canada<\/h2>\n<p>Nous sommes ravis d&#8217;offrir nos joints Moonrock AAAA+ \u00e0 nos clients dans tout le Canada. Nos joints Moonrock sont infus\u00e9s avec <a href=\"https:\/\/stgbc.bcweededible.net\/fr\/shop\/concentres\/\"><strong>des concentr\u00e9s savoureux <\/strong><\/a>qui produisent des sentiments intenses d&#8217;euphorie et de plaisir. Nos joints Moonrock sont fabriqu\u00e9s en<strong> combinant du kief, de la <a href=\"https:\/\/stgbc.bcweededible.net\/fr\/shop\/concentres\/live-resine\/\">live Resin(R\u00e9sine vivante)<\/a> et du <a href=\"https:\/\/stgbc.bcweededible.net\/fr\/shop\/fleurs-cannabis\/aaaa\/\">pot hybride de qualit\u00e9 AAAA<\/a><\/strong> dans une concoction tr\u00e8s puissante qui est s\u00fbre de plaire \u00e0 tous.<\/p>\n<p>Nous sommes fiers d&#8217;offrir \u00e0 nos clients les meilleurs joints Moonrock. \u00a0Que vous soyez un connaisseur chevronn\u00e9 ou un fumeur d\u00e9butant, les joints Moonrock sont le moyen id\u00e9al de faire passer votre exp\u00e9rience de fumeur au niveau sup\u00e9rieur. Alors pourquoi attendre, essayez les d\u00e8s maintenant!<\/p>\n","protected":false},"excerpt":{"rendered":"<p>Tel que demand\u00e9 par la communaut\u00e9, voici nos<strong> joints pr\u00e9-roul\u00e9s Moonrock.<\/strong>\ud83d\ude42 Ils sont fabriqu\u00e9s 100% \u00e0 la main avec tous les ingr\u00e9dients de premi\u00e8re qualit\u00e9, garantissant un joint de qualit\u00e9 sup\u00e9rieure. Chaque joint Moonrock est emball\u00e9 dans un tube individuel. Ce qu&#8217;il y a \u00e0 l&#8217;int\u00e9rieur :<\/p>\n<ul>\n<li>Fabriqu\u00e9 \u00e0 partir de 1 gramme de notre <a href=\"https:\/\/stgbc.bcweededible.net\/fr\/shop\/fleurs-cannabis\/aaaa\/\">Cannabis AAAA+ de premi\u00e8re qualit\u00e9<\/a><\/li>\n<li>Roul\u00e9 avec notre <a href=\"https:\/\/stgbc.bcweededible.net\/fr\/shop\/concentres\/live-resine\/\"><span class=\"st\">Live resin (r\u00e9sine vivante)<\/span><\/a><\/li>\n<li><a href=\"https:\/\/stgbc.bcweededible.net\/fr\/shop\/concentres\/kief-fr\/\">Kief Premium AAAA+<\/a><\/li>\n<\/ul>\n<h2>Informations sur les joints Moonrock<\/h2>\n<table>\n<tbody>\n<tr>\n<td class=\"has-text-align-center\" style=\"text-align: left;\" data-align=\"center\"><strong>Poids<\/strong><\/td>\n<td class=\"has-text-align-center\" style=\"text-align: left;\" data-align=\"center\">1 gramme de cannabis, enrob\u00e9 de r\u00e9sine vivante et de kief<\/td>\n<\/tr>\n<tr>\n<td class=\"has-text-align-center\" style=\"text-align: left;\" data-align=\"center\"><strong>Grade<\/strong><\/td>\n<td class=\"has-text-align-center\" style=\"text-align: left;\" data-align=\"center\">AAAA+<\/td>\n<\/tr>\n<tr>\n<td class=\"has-text-align-center\" style=\"text-align: left;\" data-align=\"center\"><strong>THC<\/strong><\/td>\n<td class=\"has-text-align-center\" style=\"text-align: left;\" data-align=\"center\">55%<\/td>\n<\/tr>\n<tr>\n<td class=\"has-text-align-center\" style=\"text-align: left;\" data-align=\"center\"><strong>Ph\u00e9notype<\/strong><\/td>\n<td class=\"has-text-align-center\" style=\"text-align: left;\" data-align=\"center\">Hybride<\/td>\n<\/tr>\n<tr>\n<td class=\"has-text-align-center\" style=\"text-align: left;\" data-align=\"center\"><strong>Effets<\/strong><\/td>\n<td class=\"has-text-align-center\" style=\"text-align: left;\" data-align=\"center\">Heureux, optimiste, euphorique, \u00e9nergique et d\u00e9tendu.<\/td>\n<\/tr>\n<tr>\n<td class=\"has-text-align-center\" style=\"text-align: left;\" data-align=\"center\"><strong>Saveurs<\/strong><\/td>\n<td class=\"has-text-align-center\" style=\"text-align: left;\" data-align=\"center\">Agrumes, Terreux, Floral, Sucr\u00e9, Bois\u00e9<\/td>\n<\/tr>\n<\/tbody>\n<\/table>\n","protected":false},"featured_media":21134,"comment_status":"open","ping_status":"closed","template":"","meta":[],"product_brand":[],"product_cat":[245,293,294,534,548,391,295],"product_tag":[],"class_list":{"0":"post-23284","1":"product","2":"type-product","3":"status-publish","4":"has-post-thumbnail","6":"product_cat-fleurs-cannabis","7":"product_cat-hybrid-fr","8":"product_cat-indica-fr","9":"product_cat-kief-fr","10":"product_cat-moonrocks-fr","11":"product_cat-preroules","12":"product_cat-sativa-fr","14":"first","15":"outofstock","16":"shipping-taxable","17":"purchasable","18":"product-type-variable","19":"has-default-attributes"},"yoast_head":"\n<title>Joints Moonrock AAAA+ achat Canada | Moonrock Preroll | BC Weed Edible<\/title>\n<meta name=\"robots\" content=\"index, follow, max-snippet:-1, max-image-preview:large, max-video-preview:-1\" \/>\n<link rel=\"canonical\" href=\"https:\/\/stgbc.bcweededible.net\/fr\/buy\/concentres\/kief-fr\/joints-moonrock-aaaa\/\" \/>\n<meta property=\"og:locale\" content=\"fr_FR\" \/>\n<meta property=\"og:type\" content=\"article\" \/>\n<meta property=\"og:title\" content=\"Joints Moonrock AAAA+ achat Canada | Moonrock Preroll | BC Weed Edible\" \/>\n<meta property=\"og:description\" content=\"Tel que demand\u00e9 par la communaut\u00e9, voici nos joints pr\u00e9-roul\u00e9s Moonrock.\ud83d\ude42 Ils sont fabriqu\u00e9s 100% \u00e0 la main avec tous les ingr\u00e9dients de premi\u00e8re qualit\u00e9, garantissant un joint de qualit\u00e9 sup\u00e9rieure. Chaque joint Moonrock est emball\u00e9 dans un tube individuel. Ce qu&#039;il y a \u00e0 l&#039;int\u00e9rieur : Fabriqu\u00e9 \u00e0 partir de 1 gramme de notre Cannabis AAAA+ de premi\u00e8re qualit\u00e9 Roul\u00e9 avec notre Live resin (r\u00e9sine vivante) Kief Premium AAAA+ Informations sur les joints Moonrock Poids 1 gramme de cannabis, enrob\u00e9 de r\u00e9sine vivante et de kief Grade AAAA+ THC 55% Ph\u00e9notype Hybride Effets Heureux, optimiste, euphorique, \u00e9nergique et d\u00e9tendu. Saveurs Agrumes, Terreux, Floral, Sucr\u00e9, Bois\u00e9\" \/>\n<meta property=\"og:url\" content=\"https:\/\/stgbc.bcweededible.net\/fr\/buy\/concentres\/kief-fr\/joints-moonrock-aaaa\/\" \/>\n<meta property=\"og:site_name\" content=\"BC Weed Edible\" \/>\n<meta property=\"article:modified_time\" content=\"2025-05-05T21:54:11+00:00\" \/>\n<meta property=\"og:image\" content=\"https:\/\/stgbc.bcweededible.net\/wp-content\/uploads\/2022\/04\/MoonRock-preroll-joint.webp\" \/>\n\t<meta property=\"og:image:width\" content=\"2560\" \/>\n\t<meta property=\"og:image:height\" content=\"1707\" \/>\n\t<meta property=\"og:image:type\" content=\"image\/webp\" \/>\n<meta name=\"twitter:card\" content=\"summary_large_image\" \/>\n<meta name=\"twitter:label1\" content=\"Dur\u00e9e de lecture estim\u00e9e\" \/>\n\t<meta name=\"twitter:data1\" content=\"1 minute\" \/>\n<script type=\"application\/ld+json\" class=\"yoast-schema-graph\">{\"@context\":\"https:\\\/\\\/schema.org\",\"@graph\":[{\"@type\":\"WebPage\",\"@id\":\"https:\\\/\\\/stgbc.bcweededible.net\\\/fr\\\/buy\\\/concentres\\\/kief-fr\\\/joints-moonrock-aaaa\\\/\",\"url\":\"https:\\\/\\\/stgbc.bcweededible.net\\\/fr\\\/buy\\\/concentres\\\/kief-fr\\\/joints-moonrock-aaaa\\\/\",\"name\":\"Joints Moonrock AAAA+ achat Canada | Moonrock Preroll | BC Weed Edible\",\"isPartOf\":{\"@id\":\"https:\\\/\\\/stgbc.bcweededible.net\\\/fr\\\/#website\"},\"primaryImageOfPage\":{\"@id\":\"https:\\\/\\\/stgbc.bcweededible.net\\\/fr\\\/buy\\\/concentres\\\/kief-fr\\\/joints-moonrock-aaaa\\\/#primaryimage\"},\"image\":{\"@id\":\"https:\\\/\\\/stgbc.bcweededible.net\\\/fr\\\/buy\\\/concentres\\\/kief-fr\\\/joints-moonrock-aaaa\\\/#primaryimage\"},\"thumbnailUrl\":\"https:\\\/\\\/stgbc.bcweededible.net\\\/wp-content\\\/uploads\\\/2022\\\/04\\\/MoonRock-preroll-joint.webp\",\"datePublished\":\"2022-11-29T20:48:09+00:00\",\"dateModified\":\"2025-05-05T21:54:11+00:00\",\"breadcrumb\":{\"@id\":\"https:\\\/\\\/stgbc.bcweededible.net\\\/fr\\\/buy\\\/concentres\\\/kief-fr\\\/joints-moonrock-aaaa\\\/#breadcrumb\"},\"inLanguage\":\"fr-FR\",\"potentialAction\":[{\"@type\":\"ReadAction\",\"target\":[\"https:\\\/\\\/stgbc.bcweededible.net\\\/fr\\\/buy\\\/concentres\\\/kief-fr\\\/joints-moonrock-aaaa\\\/\"]}]},{\"@type\":\"ImageObject\",\"inLanguage\":\"fr-FR\",\"@id\":\"https:\\\/\\\/stgbc.bcweededible.net\\\/fr\\\/buy\\\/concentres\\\/kief-fr\\\/joints-moonrock-aaaa\\\/#primaryimage\",\"url\":\"https:\\\/\\\/stgbc.bcweededible.net\\\/wp-content\\\/uploads\\\/2022\\\/04\\\/MoonRock-preroll-joint.webp\",\"contentUrl\":\"https:\\\/\\\/stgbc.bcweededible.net\\\/wp-content\\\/uploads\\\/2022\\\/04\\\/MoonRock-preroll-joint.webp\",\"width\":2560,\"height\":1707,\"caption\":\"moonrock joints\"},{\"@type\":\"BreadcrumbList\",\"@id\":\"https:\\\/\\\/stgbc.bcweededible.net\\\/fr\\\/buy\\\/concentres\\\/kief-fr\\\/joints-moonrock-aaaa\\\/#breadcrumb\",\"itemListElement\":[{\"@type\":\"ListItem\",\"position\":1,\"name\":\"Jujubes au Pot Canada\",\"item\":\"https:\\\/\\\/stgbc.bcweededible.net\\\/fr\\\/shop\\\/\"},{\"@type\":\"ListItem\",\"position\":2,\"name\":\"Joints Moonrock AAAA+\"}]},{\"@type\":\"WebSite\",\"@id\":\"https:\\\/\\\/stgbc.bcweededible.net\\\/fr\\\/#website\",\"url\":\"https:\\\/\\\/stgbc.bcweededible.net\\\/fr\\\/\",\"name\":\"BC Weed Edible\",\"description\":\"\",\"publisher\":{\"@id\":\"https:\\\/\\\/stgbc.bcweededible.net\\\/fr\\\/#organization\"},\"potentialAction\":[{\"@type\":\"SearchAction\",\"target\":{\"@type\":\"EntryPoint\",\"urlTemplate\":\"https:\\\/\\\/stgbc.bcweededible.net\\\/fr\\\/?s={search_term_string}\"},\"query-input\":{\"@type\":\"PropertyValueSpecification\",\"valueRequired\":true,\"valueName\":\"search_term_string\"}}],\"inLanguage\":\"fr-FR\"},{\"@type\":\"Organization\",\"@id\":\"https:\\\/\\\/stgbc.bcweededible.net\\\/fr\\\/#organization\",\"name\":\"BC Weed Edible\",\"url\":\"https:\\\/\\\/stgbc.bcweededible.net\\\/fr\\\/\",\"logo\":{\"@type\":\"ImageObject\",\"inLanguage\":\"fr-FR\",\"@id\":\"https:\\\/\\\/stgbc.bcweededible.net\\\/fr\\\/#\\\/schema\\\/logo\\\/image\\\/\",\"url\":\"https:\\\/\\\/stgbc.bcweededible.net\\\/wp-content\\\/uploads\\\/2021\\\/12\\\/bc-weed-edible-canada.png\",\"contentUrl\":\"https:\\\/\\\/stgbc.bcweededible.net\\\/wp-content\\\/uploads\\\/2021\\\/12\\\/bc-weed-edible-canada.png\",\"width\":270,\"height\":185,\"caption\":\"BC Weed Edible\"},\"image\":{\"@id\":\"https:\\\/\\\/stgbc.bcweededible.net\\\/fr\\\/#\\\/schema\\\/logo\\\/image\\\/\"}}]}<\/script>\n","yoast_head_json":{"title":"Joints Moonrock AAAA+ achat Canada | Moonrock Preroll | BC Weed Edible","robots":{"index":"index","follow":"follow","max-snippet":"max-snippet:-1","max-image-preview":"max-image-preview:large","max-video-preview":"max-video-preview:-1"},"canonical":"https:\/\/stgbc.bcweededible.net\/fr\/buy\/concentres\/kief-fr\/joints-moonrock-aaaa\/","og_locale":"fr_FR","og_type":"article","og_title":"Joints Moonrock AAAA+ achat Canada | Moonrock Preroll | BC Weed Edible","og_description":"Tel que demand\u00e9 par la communaut\u00e9, voici nos joints pr\u00e9-roul\u00e9s Moonrock.\ud83d\ude42 Ils sont fabriqu\u00e9s 100% \u00e0 la main avec tous les ingr\u00e9dients de premi\u00e8re qualit\u00e9, garantissant un joint de qualit\u00e9 sup\u00e9rieure. Chaque joint Moonrock est emball\u00e9 dans un tube individuel. Ce qu'il y a \u00e0 l'int\u00e9rieur : Fabriqu\u00e9 \u00e0 partir de 1 gramme de notre Cannabis AAAA+ de premi\u00e8re qualit\u00e9 Roul\u00e9 avec notre Live resin (r\u00e9sine vivante) Kief Premium AAAA+ Informations sur les joints Moonrock Poids 1 gramme de cannabis, enrob\u00e9 de r\u00e9sine vivante et de kief Grade AAAA+ THC 55% Ph\u00e9notype Hybride Effets Heureux, optimiste, euphorique, \u00e9nergique et d\u00e9tendu. Saveurs Agrumes, Terreux, Floral, Sucr\u00e9, Bois\u00e9","og_url":"https:\/\/stgbc.bcweededible.net\/fr\/buy\/concentres\/kief-fr\/joints-moonrock-aaaa\/","og_site_name":"BC Weed Edible","article_modified_time":"2025-05-05T21:54:11+00:00","og_image":[{"width":2560,"height":1707,"url":"https:\/\/stgbc.bcweededible.net\/wp-content\/uploads\/2022\/04\/MoonRock-preroll-joint.webp","type":"image\/webp"}],"twitter_card":"summary_large_image","twitter_misc":{"Dur\u00e9e de lecture estim\u00e9e":"1 minute"},"schema":{"@context":"https:\/\/schema.org","@graph":[{"@type":"WebPage","@id":"https:\/\/stgbc.bcweededible.net\/fr\/buy\/concentres\/kief-fr\/joints-moonrock-aaaa\/","url":"https:\/\/stgbc.bcweededible.net\/fr\/buy\/concentres\/kief-fr\/joints-moonrock-aaaa\/","name":"Joints Moonrock AAAA+ achat Canada | Moonrock Preroll | BC Weed Edible","isPartOf":{"@id":"https:\/\/stgbc.bcweededible.net\/fr\/#website"},"primaryImageOfPage":{"@id":"https:\/\/stgbc.bcweededible.net\/fr\/buy\/concentres\/kief-fr\/joints-moonrock-aaaa\/#primaryimage"},"image":{"@id":"https:\/\/stgbc.bcweededible.net\/fr\/buy\/concentres\/kief-fr\/joints-moonrock-aaaa\/#primaryimage"},"thumbnailUrl":"https:\/\/stgbc.bcweededible.net\/wp-content\/uploads\/2022\/04\/MoonRock-preroll-joint.webp","datePublished":"2022-11-29T20:48:09+00:00","dateModified":"2025-05-05T21:54:11+00:00","breadcrumb":{"@id":"https:\/\/stgbc.bcweededible.net\/fr\/buy\/concentres\/kief-fr\/joints-moonrock-aaaa\/#breadcrumb"},"inLanguage":"fr-FR","potentialAction":[{"@type":"ReadAction","target":["https:\/\/stgbc.bcweededible.net\/fr\/buy\/concentres\/kief-fr\/joints-moonrock-aaaa\/"]}]},{"@type":"ImageObject","inLanguage":"fr-FR","@id":"https:\/\/stgbc.bcweededible.net\/fr\/buy\/concentres\/kief-fr\/joints-moonrock-aaaa\/#primaryimage","url":"https:\/\/stgbc.bcweededible.net\/wp-content\/uploads\/2022\/04\/MoonRock-preroll-joint.webp","contentUrl":"https:\/\/stgbc.bcweededible.net\/wp-content\/uploads\/2022\/04\/MoonRock-preroll-joint.webp","width":2560,"height":1707,"caption":"moonrock joints"},{"@type":"BreadcrumbList","@id":"https:\/\/stgbc.bcweededible.net\/fr\/buy\/concentres\/kief-fr\/joints-moonrock-aaaa\/#breadcrumb","itemListElement":[{"@type":"ListItem","position":1,"name":"Jujubes au Pot Canada","item":"https:\/\/stgbc.bcweededible.net\/fr\/shop\/"},{"@type":"ListItem","position":2,"name":"Joints Moonrock AAAA+"}]},{"@type":"WebSite","@id":"https:\/\/stgbc.bcweededible.net\/fr\/#website","url":"https:\/\/stgbc.bcweededible.net\/fr\/","name":"BC Weed Edible","description":"","publisher":{"@id":"https:\/\/stgbc.bcweededible.net\/fr\/#organization"},"potentialAction":[{"@type":"SearchAction","target":{"@type":"EntryPoint","urlTemplate":"https:\/\/stgbc.bcweededible.net\/fr\/?s={search_term_string}"},"query-input":{"@type":"PropertyValueSpecification","valueRequired":true,"valueName":"search_term_string"}}],"inLanguage":"fr-FR"},{"@type":"Organization","@id":"https:\/\/stgbc.bcweededible.net\/fr\/#organization","name":"BC Weed Edible","url":"https:\/\/stgbc.bcweededible.net\/fr\/","logo":{"@type":"ImageObject","inLanguage":"fr-FR","@id":"https:\/\/stgbc.bcweededible.net\/fr\/#\/schema\/logo\/image\/","url":"https:\/\/stgbc.bcweededible.net\/wp-content\/uploads\/2021\/12\/bc-weed-edible-canada.png","contentUrl":"https:\/\/stgbc.bcweededible.net\/wp-content\/uploads\/2021\/12\/bc-weed-edible-canada.png","width":270,"height":185,"caption":"BC Weed Edible"},"image":{"@id":"https:\/\/stgbc.bcweededible.net\/fr\/#\/schema\/logo\/image\/"}}]}},"_links":{"self":[{"href":"https:\/\/stgbc.bcweededible.net\/fr\/wp-json\/wp\/v2\/product\/23284","targetHints":{"allow":["GET"]}}],"collection":[{"href":"https:\/\/stgbc.bcweededible.net\/fr\/wp-json\/wp\/v2\/product"}],"about":[{"href":"https:\/\/stgbc.bcweededible.net\/fr\/wp-json\/wp\/v2\/types\/product"}],"replies":[{"embeddable":true,"href":"https:\/\/stgbc.bcweededible.net\/fr\/wp-json\/wp\/v2\/comments?post=23284"}],"wp:featuredmedia":[{"embeddable":true,"href":"https:\/\/stgbc.bcweededible.net\/fr\/wp-json\/wp\/v2\/media\/21134"}],"wp:attachment":[{"href":"https:\/\/stgbc.bcweededible.net\/fr\/wp-json\/wp\/v2\/media?parent=23284"}],"wp:term":[{"taxonomy":"product_brand","embeddable":true,"href":"https:\/\/stgbc.bcweededible.net\/fr\/wp-json\/wp\/v2\/product_brand?post=23284"},{"taxonomy":"product_cat","embeddable":true,"href":"https:\/\/stgbc.bcweededible.net\/fr\/wp-json\/wp\/v2\/product_cat?post=23284"},{"taxonomy":"product_tag","embeddable":true,"href":"https:\/\/stgbc.bcweededible.net\/fr\/wp-json\/wp\/v2\/product_tag?post=23284"}],"curies":[{"name":"wp","href":"https:\/\/api.w.org\/{rel}","templated":true}]}}