{"id":23283,"date":"2021-11-03T18:04:52","date_gmt":"2022-11-29T20:48:09","guid":{"rendered":"https:\/\/bcweededible.net\/buy\/non%20class\u00e9\/aaa-pineapple-express-129-oz\/"},"modified":"2026-04-01T12:02:08","modified_gmt":"2026-04-01T19:02:08","slug":"aaa-pineapple-express-79-oz","status":"publish","type":"product","link":"https:\/\/stgbc.bcweededible.net\/fr\/buy\/gros\/pot-gros\/aaa-pineapple-express-79-oz\/","title":{"rendered":"AAA+ Pineapple Express &#8211; 79$\/oz"},"content":{"rendered":"","protected":false},"excerpt":{"rendered":"<p>Notre Pineapple Express est \u00e0 seulement 79$ par once. Il sent et go\u00fbte l&#8217;<strong>ananas! <\/strong>Qualit\u00e9 \u00e0 la limite du AAAA! Beaucoup de cristaux, prix incroyable pour la qualit\u00e9, quantit\u00e9s limit\u00e9es donc profitez-en maintenant !<\/p>\n<h3><strong>Description de la vari\u00e9t\u00e9<\/strong><\/h3>\n<p>Pineapple Express combine les forces puissantes et savoureuses des vari\u00e9t\u00e9s parentes Trainwreck et Hawaiian. L&#8217;odeur est compar\u00e9e \u00e0 celle de la pomme et de la mangue fra\u00eeche, avec un go\u00fbt d&#8217;agrumes, d&#8217;ananas, de pin et de c\u00e8dre. Cet hybride percutant procure un &#8221;high&#8221; \u00e9nergique de longue dur\u00e9e, parfait pour les apr\u00e8s-midi productifs et les escapades cr\u00e9atives.<\/p>\n<p>&nbsp;<\/p>\n","protected":false},"featured_media":22743,"comment_status":"open","ping_status":"closed","template":"","meta":[],"product_brand":[],"product_cat":[290,245,558,293,470,289,292,719,452,295],"product_tag":[],"class_list":{"0":"post-23283","1":"product","2":"type-product","3":"status-publish","4":"has-post-thumbnail","6":"product_cat-aaa","7":"product_cat-fleurs-cannabis","8":"product_cat-gros","9":"product_cat-hybrid-fr","10":"product_cat-livre-de-pot","11":"product_cat-99-oz-fr","12":"product_cat-ounces-pas-cher","13":"product_cat-popcorn-smalls-fr","14":"product_cat-pot-gros","15":"product_cat-sativa-fr","17":"first","18":"instock","19":"shipping-taxable","20":"purchasable","21":"product-type-variable","22":"has-default-attributes"},"yoast_head":"\n<title>Acheter AAA+ Pineapple Express - 79$\/oz Canada | BC Weed Edible<\/title>\n<meta name=\"robots\" content=\"index, follow, max-snippet:-1, max-image-preview:large, max-video-preview:-1\" \/>\n<link rel=\"canonical\" href=\"https:\/\/stgbc.bcweededible.net\/fr\/buy\/gros\/pot-gros\/aaa-pineapple-express-79-oz\/\" \/>\n<meta property=\"og:locale\" content=\"fr_FR\" \/>\n<meta property=\"og:type\" content=\"article\" \/>\n<meta property=\"og:title\" content=\"Acheter AAA+ Pineapple Express - 79$\/oz Canada | BC Weed Edible\" \/>\n<meta property=\"og:description\" content=\"Notre Pineapple Express est \u00e0 seulement 79$ par once. Il sent et go\u00fbte l&#039;ananas! Qualit\u00e9 \u00e0 la limite du AAAA! Beaucoup de cristaux, prix incroyable pour la qualit\u00e9, quantit\u00e9s limit\u00e9es donc profitez-en maintenant ! Description de la vari\u00e9t\u00e9 Pineapple Express combine les forces puissantes et savoureuses des vari\u00e9t\u00e9s parentes Trainwreck et Hawaiian. L&#039;odeur est compar\u00e9e \u00e0 celle de la pomme et de la mangue fra\u00eeche, avec un go\u00fbt d&#039;agrumes, d&#039;ananas, de pin et de c\u00e8dre. Cet hybride percutant procure un &#039;&#039;high&#039;&#039; \u00e9nergique de longue dur\u00e9e, parfait pour les apr\u00e8s-midi productifs et les escapades cr\u00e9atives. &nbsp;\" \/>\n<meta property=\"og:url\" content=\"https:\/\/stgbc.bcweededible.net\/fr\/buy\/gros\/pot-gros\/aaa-pineapple-express-79-oz\/\" \/>\n<meta property=\"og:site_name\" content=\"BC Weed Edible\" \/>\n<meta property=\"article:modified_time\" content=\"2026-04-01T19:02:08+00:00\" \/>\n<meta property=\"og:image\" content=\"https:\/\/stgbc.bcweededible.net\/wp-content\/uploads\/2021\/12\/pineapple-express.jpg\" \/>\n\t<meta property=\"og:image:width\" content=\"900\" \/>\n\t<meta property=\"og:image:height\" content=\"900\" \/>\n\t<meta property=\"og:image:type\" content=\"image\/jpeg\" \/>\n<meta name=\"twitter:card\" content=\"summary_large_image\" \/>\n<script type=\"application\/ld+json\" class=\"yoast-schema-graph\">{\"@context\":\"https:\\\/\\\/schema.org\",\"@graph\":[{\"@type\":\"WebPage\",\"@id\":\"https:\\\/\\\/stgbc.bcweededible.net\\\/fr\\\/buy\\\/gros\\\/pot-gros\\\/aaa-pineapple-express-79-oz\\\/\",\"url\":\"https:\\\/\\\/stgbc.bcweededible.net\\\/fr\\\/buy\\\/gros\\\/pot-gros\\\/aaa-pineapple-express-79-oz\\\/\",\"name\":\"Acheter AAA+ Pineapple Express - 79$\\\/oz Canada | BC Weed Edible\",\"isPartOf\":{\"@id\":\"https:\\\/\\\/stgbc.bcweededible.net\\\/fr\\\/#website\"},\"primaryImageOfPage\":{\"@id\":\"https:\\\/\\\/stgbc.bcweededible.net\\\/fr\\\/buy\\\/gros\\\/pot-gros\\\/aaa-pineapple-express-79-oz\\\/#primaryimage\"},\"image\":{\"@id\":\"https:\\\/\\\/stgbc.bcweededible.net\\\/fr\\\/buy\\\/gros\\\/pot-gros\\\/aaa-pineapple-express-79-oz\\\/#primaryimage\"},\"thumbnailUrl\":\"https:\\\/\\\/stgbc.bcweededible.net\\\/wp-content\\\/uploads\\\/2021\\\/12\\\/pineapple-express.jpg\",\"datePublished\":\"2022-11-29T20:48:09+00:00\",\"dateModified\":\"2026-04-01T19:02:08+00:00\",\"breadcrumb\":{\"@id\":\"https:\\\/\\\/stgbc.bcweededible.net\\\/fr\\\/buy\\\/gros\\\/pot-gros\\\/aaa-pineapple-express-79-oz\\\/#breadcrumb\"},\"inLanguage\":\"fr-FR\",\"potentialAction\":[{\"@type\":\"ReadAction\",\"target\":[\"https:\\\/\\\/stgbc.bcweededible.net\\\/fr\\\/buy\\\/gros\\\/pot-gros\\\/aaa-pineapple-express-79-oz\\\/\"]}]},{\"@type\":\"ImageObject\",\"inLanguage\":\"fr-FR\",\"@id\":\"https:\\\/\\\/stgbc.bcweededible.net\\\/fr\\\/buy\\\/gros\\\/pot-gros\\\/aaa-pineapple-express-79-oz\\\/#primaryimage\",\"url\":\"https:\\\/\\\/stgbc.bcweededible.net\\\/wp-content\\\/uploads\\\/2021\\\/12\\\/pineapple-express.jpg\",\"contentUrl\":\"https:\\\/\\\/stgbc.bcweededible.net\\\/wp-content\\\/uploads\\\/2021\\\/12\\\/pineapple-express.jpg\",\"width\":900,\"height\":900,\"caption\":\"Pineapple Xpress strain\"},{\"@type\":\"BreadcrumbList\",\"@id\":\"https:\\\/\\\/stgbc.bcweededible.net\\\/fr\\\/buy\\\/gros\\\/pot-gros\\\/aaa-pineapple-express-79-oz\\\/#breadcrumb\",\"itemListElement\":[{\"@type\":\"ListItem\",\"position\":1,\"name\":\"Jujubes au Pot Canada\",\"item\":\"https:\\\/\\\/stgbc.bcweededible.net\\\/fr\\\/shop\\\/\"},{\"@type\":\"ListItem\",\"position\":2,\"name\":\"AAA+ Pineapple Express &#8211; 79$\\\/oz\"}]},{\"@type\":\"WebSite\",\"@id\":\"https:\\\/\\\/stgbc.bcweededible.net\\\/fr\\\/#website\",\"url\":\"https:\\\/\\\/stgbc.bcweededible.net\\\/fr\\\/\",\"name\":\"BC Weed Edible\",\"description\":\"\",\"publisher\":{\"@id\":\"https:\\\/\\\/stgbc.bcweededible.net\\\/fr\\\/#organization\"},\"potentialAction\":[{\"@type\":\"SearchAction\",\"target\":{\"@type\":\"EntryPoint\",\"urlTemplate\":\"https:\\\/\\\/stgbc.bcweededible.net\\\/fr\\\/?s={search_term_string}\"},\"query-input\":{\"@type\":\"PropertyValueSpecification\",\"valueRequired\":true,\"valueName\":\"search_term_string\"}}],\"inLanguage\":\"fr-FR\"},{\"@type\":\"Organization\",\"@id\":\"https:\\\/\\\/stgbc.bcweededible.net\\\/fr\\\/#organization\",\"name\":\"BC Weed Edible\",\"url\":\"https:\\\/\\\/stgbc.bcweededible.net\\\/fr\\\/\",\"logo\":{\"@type\":\"ImageObject\",\"inLanguage\":\"fr-FR\",\"@id\":\"https:\\\/\\\/stgbc.bcweededible.net\\\/fr\\\/#\\\/schema\\\/logo\\\/image\\\/\",\"url\":\"https:\\\/\\\/stgbc.bcweededible.net\\\/wp-content\\\/uploads\\\/2021\\\/12\\\/bc-weed-edible-canada.png\",\"contentUrl\":\"https:\\\/\\\/stgbc.bcweededible.net\\\/wp-content\\\/uploads\\\/2021\\\/12\\\/bc-weed-edible-canada.png\",\"width\":270,\"height\":185,\"caption\":\"BC Weed Edible\"},\"image\":{\"@id\":\"https:\\\/\\\/stgbc.bcweededible.net\\\/fr\\\/#\\\/schema\\\/logo\\\/image\\\/\"}}]}<\/script>\n","yoast_head_json":{"title":"Acheter AAA+ Pineapple Express - 79$\/oz Canada | BC Weed Edible","robots":{"index":"index","follow":"follow","max-snippet":"max-snippet:-1","max-image-preview":"max-image-preview:large","max-video-preview":"max-video-preview:-1"},"canonical":"https:\/\/stgbc.bcweededible.net\/fr\/buy\/gros\/pot-gros\/aaa-pineapple-express-79-oz\/","og_locale":"fr_FR","og_type":"article","og_title":"Acheter AAA+ Pineapple Express - 79$\/oz Canada | BC Weed Edible","og_description":"Notre Pineapple Express est \u00e0 seulement 79$ par once. Il sent et go\u00fbte l'ananas! Qualit\u00e9 \u00e0 la limite du AAAA! Beaucoup de cristaux, prix incroyable pour la qualit\u00e9, quantit\u00e9s limit\u00e9es donc profitez-en maintenant ! Description de la vari\u00e9t\u00e9 Pineapple Express combine les forces puissantes et savoureuses des vari\u00e9t\u00e9s parentes Trainwreck et Hawaiian. L'odeur est compar\u00e9e \u00e0 celle de la pomme et de la mangue fra\u00eeche, avec un go\u00fbt d'agrumes, d'ananas, de pin et de c\u00e8dre. Cet hybride percutant procure un ''high'' \u00e9nergique de longue dur\u00e9e, parfait pour les apr\u00e8s-midi productifs et les escapades cr\u00e9atives. &nbsp;","og_url":"https:\/\/stgbc.bcweededible.net\/fr\/buy\/gros\/pot-gros\/aaa-pineapple-express-79-oz\/","og_site_name":"BC Weed Edible","article_modified_time":"2026-04-01T19:02:08+00:00","og_image":[{"width":900,"height":900,"url":"https:\/\/stgbc.bcweededible.net\/wp-content\/uploads\/2021\/12\/pineapple-express.jpg","type":"image\/jpeg"}],"twitter_card":"summary_large_image","schema":{"@context":"https:\/\/schema.org","@graph":[{"@type":"WebPage","@id":"https:\/\/stgbc.bcweededible.net\/fr\/buy\/gros\/pot-gros\/aaa-pineapple-express-79-oz\/","url":"https:\/\/stgbc.bcweededible.net\/fr\/buy\/gros\/pot-gros\/aaa-pineapple-express-79-oz\/","name":"Acheter AAA+ Pineapple Express - 79$\/oz Canada | BC Weed Edible","isPartOf":{"@id":"https:\/\/stgbc.bcweededible.net\/fr\/#website"},"primaryImageOfPage":{"@id":"https:\/\/stgbc.bcweededible.net\/fr\/buy\/gros\/pot-gros\/aaa-pineapple-express-79-oz\/#primaryimage"},"image":{"@id":"https:\/\/stgbc.bcweededible.net\/fr\/buy\/gros\/pot-gros\/aaa-pineapple-express-79-oz\/#primaryimage"},"thumbnailUrl":"https:\/\/stgbc.bcweededible.net\/wp-content\/uploads\/2021\/12\/pineapple-express.jpg","datePublished":"2022-11-29T20:48:09+00:00","dateModified":"2026-04-01T19:02:08+00:00","breadcrumb":{"@id":"https:\/\/stgbc.bcweededible.net\/fr\/buy\/gros\/pot-gros\/aaa-pineapple-express-79-oz\/#breadcrumb"},"inLanguage":"fr-FR","potentialAction":[{"@type":"ReadAction","target":["https:\/\/stgbc.bcweededible.net\/fr\/buy\/gros\/pot-gros\/aaa-pineapple-express-79-oz\/"]}]},{"@type":"ImageObject","inLanguage":"fr-FR","@id":"https:\/\/stgbc.bcweededible.net\/fr\/buy\/gros\/pot-gros\/aaa-pineapple-express-79-oz\/#primaryimage","url":"https:\/\/stgbc.bcweededible.net\/wp-content\/uploads\/2021\/12\/pineapple-express.jpg","contentUrl":"https:\/\/stgbc.bcweededible.net\/wp-content\/uploads\/2021\/12\/pineapple-express.jpg","width":900,"height":900,"caption":"Pineapple Xpress strain"},{"@type":"BreadcrumbList","@id":"https:\/\/stgbc.bcweededible.net\/fr\/buy\/gros\/pot-gros\/aaa-pineapple-express-79-oz\/#breadcrumb","itemListElement":[{"@type":"ListItem","position":1,"name":"Jujubes au Pot Canada","item":"https:\/\/stgbc.bcweededible.net\/fr\/shop\/"},{"@type":"ListItem","position":2,"name":"AAA+ Pineapple Express &#8211; 79$\/oz"}]},{"@type":"WebSite","@id":"https:\/\/stgbc.bcweededible.net\/fr\/#website","url":"https:\/\/stgbc.bcweededible.net\/fr\/","name":"BC Weed Edible","description":"","publisher":{"@id":"https:\/\/stgbc.bcweededible.net\/fr\/#organization"},"potentialAction":[{"@type":"SearchAction","target":{"@type":"EntryPoint","urlTemplate":"https:\/\/stgbc.bcweededible.net\/fr\/?s={search_term_string}"},"query-input":{"@type":"PropertyValueSpecification","valueRequired":true,"valueName":"search_term_string"}}],"inLanguage":"fr-FR"},{"@type":"Organization","@id":"https:\/\/stgbc.bcweededible.net\/fr\/#organization","name":"BC Weed Edible","url":"https:\/\/stgbc.bcweededible.net\/fr\/","logo":{"@type":"ImageObject","inLanguage":"fr-FR","@id":"https:\/\/stgbc.bcweededible.net\/fr\/#\/schema\/logo\/image\/","url":"https:\/\/stgbc.bcweededible.net\/wp-content\/uploads\/2021\/12\/bc-weed-edible-canada.png","contentUrl":"https:\/\/stgbc.bcweededible.net\/wp-content\/uploads\/2021\/12\/bc-weed-edible-canada.png","width":270,"height":185,"caption":"BC Weed Edible"},"image":{"@id":"https:\/\/stgbc.bcweededible.net\/fr\/#\/schema\/logo\/image\/"}}]}},"_links":{"self":[{"href":"https:\/\/stgbc.bcweededible.net\/fr\/wp-json\/wp\/v2\/product\/23283","targetHints":{"allow":["GET"]}}],"collection":[{"href":"https:\/\/stgbc.bcweededible.net\/fr\/wp-json\/wp\/v2\/product"}],"about":[{"href":"https:\/\/stgbc.bcweededible.net\/fr\/wp-json\/wp\/v2\/types\/product"}],"replies":[{"embeddable":true,"href":"https:\/\/stgbc.bcweededible.net\/fr\/wp-json\/wp\/v2\/comments?post=23283"}],"wp:featuredmedia":[{"embeddable":true,"href":"https:\/\/stgbc.bcweededible.net\/fr\/wp-json\/wp\/v2\/media\/22743"}],"wp:attachment":[{"href":"https:\/\/stgbc.bcweededible.net\/fr\/wp-json\/wp\/v2\/media?parent=23283"}],"wp:term":[{"taxonomy":"product_brand","embeddable":true,"href":"https:\/\/stgbc.bcweededible.net\/fr\/wp-json\/wp\/v2\/product_brand?post=23283"},{"taxonomy":"product_cat","embeddable":true,"href":"https:\/\/stgbc.bcweededible.net\/fr\/wp-json\/wp\/v2\/product_cat?post=23283"},{"taxonomy":"product_tag","embeddable":true,"href":"https:\/\/stgbc.bcweededible.net\/fr\/wp-json\/wp\/v2\/product_tag?post=23283"}],"curies":[{"name":"wp","href":"https:\/\/api.w.org\/{rel}","templated":true}]}}