{"id":23279,"date":"2022-02-24T11:52:23","date_gmt":"2022-11-29T20:48:08","guid":{"rendered":"https:\/\/bcweededible.net\/buy\/non%20class\u00e9\/afghan-hash-aaaa\/"},"modified":"2026-04-01T05:57:55","modified_gmt":"2026-04-01T12:57:55","slug":"afghan-hash-aaaa","status":"publish","type":"product","link":"https:\/\/stgbc.bcweededible.net\/fr\/buy\/concentres\/hasch\/hash-importe\/afghan-hash-aaaa\/","title":{"rendered":"Hash Afghan (AAAA)"},"content":{"rendered":"<h2><strong>Achetez du hash Afghan au Canada<\/strong><\/h2>\n<p>Le meilleur endroit pour acheter du haschisch afghan au Canada est en ligne chez BC Weed Edible, o\u00f9 vous pouvez trouver <strong>tous les types de hash : Libanais Rouge, Temple Balls, hash marocain&#8230;<\/strong> Nous offrons certains des<strong> meilleur prix au Canada<\/strong> pour ce type de <strong>hash de qualit\u00e9 sup\u00e9rieure.<\/strong> Vraiment mall\u00e9able et souple, une fois que vous aurez essay\u00e9 notre hash afghan, vous continuerez \u00e0 vous en procurer ! N&#8217;attendez pas et achetez votre hash afghan chez nous aujourd&#8217;hui !<\/p>\n<h2>Quel est le prix du hash Afghan ?<\/h2>\n<p>Le prix de ce type sp\u00e9cial varie en fonction de la qualit\u00e9 et des quantit\u00e9s qui vous int\u00e9ressent. Cependant, il est connu pour <strong>commencer \u00e0 environ 15 dollars pour un gramme !<\/strong> Vous pouvez obtenir des options en vrac \u00e0 partir de <strong>4 dollars par gramme<\/strong> &#8211; ce qui vous permet d&#8217;\u00e9conomiser beaucoup d&#8217;argent et de le partager avec vos amis. On peut g\u00e9n\u00e9ralement trouver des <strong> onces de hash afghan<\/strong><strong>entre 300 et 400 dollars<\/strong>, chez BC Weed edible nous nous situons dans la fourchette basse car nous sommes directement en contact avec les<strong> les meilleurs producteurs de hash au monde.<\/strong><\/p>\n<h2>Comment le hash Afghan est-il fabriqu\u00e9 ?<\/h2>\n<p>En Afghanistan, le hash est press\u00e9 \u00e0 la main apr\u00e8s l&#8217;addition d&#8217;une petite quantit\u00e9 de th\u00e9 ou d&#8217;eau. Le hassh est travaill\u00e9 jusqu&#8217;\u00e0 ce qu&#8217;il devienne tr\u00e8s \u00e9lastique et ait une forte odeur aromatique. En Afghanistan, le produit est stock\u00e9 sous forme de Hash-Balls (car une balle ronde a moins de contact avec l&#8217;air). Cependant, avant d&#8217;\u00eatre exp\u00e9di\u00e9, le hash est press\u00e9 en blocs de 100g.<\/p>\n<h2><span style=\"color: #1b1919; font-size: 24px;\">Le hash Afghan est-il indica ou sativa ?<\/span><\/h2>\n<p><strong>Traditionnellement, le hash Afghan \u00e9tait cultiv\u00e9 sous la vari\u00e9t\u00e9 Indica.<\/strong> Qui \u00e9tait la vari\u00e9t\u00e9 disponible. La vari\u00e9t\u00e9 indica du hash afghan est une plante courte et robuste qui est cultiv\u00e9e en Afghanistan depuis des si\u00e8cles, ou m\u00eame des mill\u00e9naires. Elle est parfaite pour \u00eatre cultiv\u00e9e \u00e0 l&#8217;int\u00e9rieur ou \u00e0 l&#8217;ext\u00e9rieur car elle peut supporter des temp\u00e9ratures plus basses que les autres types sans devenir trop froide, tout en produisant d&#8217;excellents rendements ! <strong>De nos jours, les vari\u00e9t\u00e9s Indica pures sont presque impossibles \u00e0 trouver et des souches de type hybride ont \u00e9t\u00e9 utilis\u00e9es pour le hash afghan.<\/strong><\/p>\n<h2>Histoire du hash Afghan<\/h2>\n<p>L&#8217;histoire du cannabis en Afghanistan remonte \u00e0 des si\u00e8cles et m\u00eame des mill\u00e9naires. Cette plante est suffisamment courte et robuste pour survivre au terrain accident\u00e9 d&#8217;o\u00f9 elle est originaire, \u00e0 savoir les r\u00e9gions d\u00e9sertiques montagneuses situ\u00e9es pr\u00e8s de la fronti\u00e8re sud de l&#8217;Asie avec l&#8217;Iran.<br \/>\nLes plantes de hash Afghan sont cultiv\u00e9es dans les fermes de ce pays depuis tr\u00e8s longtemps ; certains chercheurs pensent qu&#8217;elles ont \u00e9t\u00e9<strong> cultiv\u00e9es<\/strong> pour la premi\u00e8re fois<strong> en 3100 avant J\u00e9sus-Christ !<\/strong><\/p>\n","protected":false},"excerpt":{"rendered":"<p><strong>Le hash Afghan<\/strong> est une importation de la Mecque du hash, Kaboul en Afghanistan. Ce hash fournit une fum\u00e9e tr\u00e8s douce qui n&#8217;est pas du tout agressive pour la gorge. Ce hash fonc\u00e9 est souple et tr\u00e8s mall\u00e9able. Ce hash sent le chocolat avec une l\u00e9g\u00e8re touche d&#8217;ammoniac. Lorsqu&#8217;il est br\u00fbl\u00e9, le hash d\u00e9gage une fum\u00e9e bleu-gris fonc\u00e9 qui produit un merveilleux parfum d&#8217;\u00e9pices douces. Au d\u00e9part, vous ressentirez un high c\u00e9r\u00e9bral qui se propagera ensuite dans votre corps. Le <strong>hash Afghan<\/strong> est id\u00e9al pour la gestion de la douleur.<\/p>\n<h2>Informations sur le hash Afghan<\/h2>\n<table>\n<tbody>\n<tr>\n<td class=\"has-text-align-center\" style=\"text-align: left;\" data-align=\"center\"><strong>Ph\u00e9notype<\/strong><\/td>\n<td class=\"has-text-align-center\" style=\"text-align: left;\" data-align=\"center\">Hybride<\/td>\n<\/tr>\n<tr>\n<td class=\"has-text-align-center\" data-align=\"center\"><strong>Teneur en THC<\/strong><\/td>\n<td class=\"has-text-align-center\" data-align=\"center\">40%+<\/td>\n<\/tr>\n<tr>\n<td class=\"has-text-align-center\" data-align=\"center\"><strong>Consistance<\/strong><\/td>\n<td class=\"has-text-align-center\" data-align=\"center\">Souple et mall\u00e9able<\/td>\n<\/tr>\n<tr>\n<td class=\"has-text-align-center\" style=\"text-align: left;\" data-align=\"center\"><strong>Grade<\/strong><\/td>\n<td class=\"has-text-align-center\" style=\"text-align: left;\" data-align=\"center\">AAAA+<\/td>\n<\/tr>\n<tr>\n<td class=\"has-text-align-center\" style=\"text-align: left;\" data-align=\"center\"><strong>Couleur<\/strong><\/td>\n<td class=\"has-text-align-center\" style=\"text-align: left;\" data-align=\"center\">Brun fonc\u00e9 presque noir<\/td>\n<\/tr>\n<tr>\n<td class=\"has-text-align-center\" style=\"text-align: left;\" data-align=\"center\"><strong>Effets<\/strong><\/td>\n<td class=\"has-text-align-center\" style=\"text-align: left;\" data-align=\"center\">Heureux, \u00c9nergique, Cr\u00e9atif, Euphorique<\/td>\n<\/tr>\n<tr>\n<td class=\"has-text-align-center\" style=\"text-align: left;\" data-align=\"center\"><strong>Profil des terp\u00e8nes<\/strong><\/td>\n<td class=\"has-text-align-center\" style=\"text-align: left;\" data-align=\"center\">\u00c9pic\u00e9, terreux, poivr\u00e9, de pin<\/td>\n<\/tr>\n<\/tbody>\n<\/table>\n","protected":false},"featured_media":11838,"comment_status":"open","ping_status":"closed","template":"","meta":[],"product_brand":[],"product_cat":[305,535,660,628,636,653],"product_tag":[],"class_list":{"0":"post-23279","1":"product","2":"type-product","3":"status-publish","4":"has-post-thumbnail","6":"product_cat-concentres","7":"product_cat-concentres-en-gros","8":"product_cat-bulk-hash-fr","9":"product_cat-hasch","10":"product_cat-hash-importe","11":"product_cat-hash-premium","13":"first","14":"instock","15":"sale","16":"shipping-taxable","17":"purchasable","18":"product-type-variable","19":"has-default-attributes"},"yoast_head":"\n<title>Buy Hash Afghan (AAAA) Canada | Buy Afghani Hash Online | BC Weed Edible<\/title>\n<meta name=\"robots\" content=\"index, follow, max-snippet:-1, max-image-preview:large, max-video-preview:-1\" \/>\n<link rel=\"canonical\" href=\"https:\/\/stgbc.bcweededible.net\/fr\/buy\/concentres\/hasch\/hash-importe\/afghan-hash-aaaa\/\" \/>\n<meta property=\"og:locale\" content=\"fr_FR\" \/>\n<meta property=\"og:type\" content=\"article\" \/>\n<meta property=\"og:title\" content=\"Buy Hash Afghan (AAAA) Canada | Buy Afghani Hash Online | BC Weed Edible\" \/>\n<meta property=\"og:description\" content=\"Le hash Afghan est une importation de la Mecque du hash, Kaboul en Afghanistan. Ce hash fournit une fum\u00e9e tr\u00e8s douce qui n&#039;est pas du tout agressive pour la gorge. Ce hash fonc\u00e9 est souple et tr\u00e8s mall\u00e9able. Ce hash sent le chocolat avec une l\u00e9g\u00e8re touche d&#039;ammoniac. Lorsqu&#039;il est br\u00fbl\u00e9, le hash d\u00e9gage une fum\u00e9e bleu-gris fonc\u00e9 qui produit un merveilleux parfum d&#039;\u00e9pices douces. Au d\u00e9part, vous ressentirez un high c\u00e9r\u00e9bral qui se propagera ensuite dans votre corps. Le hash Afghan est id\u00e9al pour la gestion de la douleur. Informations sur le hash Afghan Ph\u00e9notype Hybride Teneur en THC 40%+ Consistance Souple et mall\u00e9able Grade AAAA+ Couleur Brun fonc\u00e9 presque noir Effets Heureux, \u00c9nergique, Cr\u00e9atif, Euphorique Profil des terp\u00e8nes \u00c9pic\u00e9, terreux, poivr\u00e9, de pin\" \/>\n<meta property=\"og:url\" content=\"https:\/\/stgbc.bcweededible.net\/fr\/buy\/concentres\/hasch\/hash-importe\/afghan-hash-aaaa\/\" \/>\n<meta property=\"og:site_name\" content=\"BC Weed Edible\" \/>\n<meta property=\"article:modified_time\" content=\"2026-04-01T12:57:55+00:00\" \/>\n<meta property=\"og:image\" content=\"https:\/\/stgbc.bcweededible.net\/wp-content\/uploads\/2022\/02\/aaa-madosh-afghan-hash.jpg\" \/>\n\t<meta property=\"og:image:width\" content=\"1000\" \/>\n\t<meta property=\"og:image:height\" content=\"1000\" \/>\n\t<meta property=\"og:image:type\" content=\"image\/jpeg\" \/>\n<meta name=\"twitter:card\" content=\"summary_large_image\" \/>\n<meta name=\"twitter:label1\" content=\"Dur\u00e9e de lecture estim\u00e9e\" \/>\n\t<meta name=\"twitter:data1\" content=\"2 minutes\" \/>\n<script type=\"application\/ld+json\" class=\"yoast-schema-graph\">{\"@context\":\"https:\\\/\\\/schema.org\",\"@graph\":[{\"@type\":\"WebPage\",\"@id\":\"https:\\\/\\\/stgbc.bcweededible.net\\\/fr\\\/buy\\\/concentres\\\/hasch\\\/hash-importe\\\/afghan-hash-aaaa\\\/\",\"url\":\"https:\\\/\\\/stgbc.bcweededible.net\\\/fr\\\/buy\\\/concentres\\\/hasch\\\/hash-importe\\\/afghan-hash-aaaa\\\/\",\"name\":\"Buy Hash Afghan (AAAA) Canada | Buy Afghani Hash Online | BC Weed Edible\",\"isPartOf\":{\"@id\":\"https:\\\/\\\/stgbc.bcweededible.net\\\/fr\\\/#website\"},\"primaryImageOfPage\":{\"@id\":\"https:\\\/\\\/stgbc.bcweededible.net\\\/fr\\\/buy\\\/concentres\\\/hasch\\\/hash-importe\\\/afghan-hash-aaaa\\\/#primaryimage\"},\"image\":{\"@id\":\"https:\\\/\\\/stgbc.bcweededible.net\\\/fr\\\/buy\\\/concentres\\\/hasch\\\/hash-importe\\\/afghan-hash-aaaa\\\/#primaryimage\"},\"thumbnailUrl\":\"https:\\\/\\\/stgbc.bcweededible.net\\\/wp-content\\\/uploads\\\/2022\\\/02\\\/aaa-madosh-afghan-hash.jpg\",\"datePublished\":\"2022-11-29T20:48:08+00:00\",\"dateModified\":\"2026-04-01T12:57:55+00:00\",\"breadcrumb\":{\"@id\":\"https:\\\/\\\/stgbc.bcweededible.net\\\/fr\\\/buy\\\/concentres\\\/hasch\\\/hash-importe\\\/afghan-hash-aaaa\\\/#breadcrumb\"},\"inLanguage\":\"fr-FR\",\"potentialAction\":[{\"@type\":\"ReadAction\",\"target\":[\"https:\\\/\\\/stgbc.bcweededible.net\\\/fr\\\/buy\\\/concentres\\\/hasch\\\/hash-importe\\\/afghan-hash-aaaa\\\/\"]}]},{\"@type\":\"ImageObject\",\"inLanguage\":\"fr-FR\",\"@id\":\"https:\\\/\\\/stgbc.bcweededible.net\\\/fr\\\/buy\\\/concentres\\\/hasch\\\/hash-importe\\\/afghan-hash-aaaa\\\/#primaryimage\",\"url\":\"https:\\\/\\\/stgbc.bcweededible.net\\\/wp-content\\\/uploads\\\/2022\\\/02\\\/aaa-madosh-afghan-hash.jpg\",\"contentUrl\":\"https:\\\/\\\/stgbc.bcweededible.net\\\/wp-content\\\/uploads\\\/2022\\\/02\\\/aaa-madosh-afghan-hash.jpg\",\"width\":1000,\"height\":1000,\"caption\":\"AAA afghan hash\"},{\"@type\":\"BreadcrumbList\",\"@id\":\"https:\\\/\\\/stgbc.bcweededible.net\\\/fr\\\/buy\\\/concentres\\\/hasch\\\/hash-importe\\\/afghan-hash-aaaa\\\/#breadcrumb\",\"itemListElement\":[{\"@type\":\"ListItem\",\"position\":1,\"name\":\"Jujubes au Pot Canada\",\"item\":\"https:\\\/\\\/stgbc.bcweededible.net\\\/fr\\\/shop\\\/\"},{\"@type\":\"ListItem\",\"position\":2,\"name\":\"Hash Afghan (AAAA)\"}]},{\"@type\":\"WebSite\",\"@id\":\"https:\\\/\\\/stgbc.bcweededible.net\\\/fr\\\/#website\",\"url\":\"https:\\\/\\\/stgbc.bcweededible.net\\\/fr\\\/\",\"name\":\"BC Weed Edible\",\"description\":\"\",\"publisher\":{\"@id\":\"https:\\\/\\\/stgbc.bcweededible.net\\\/fr\\\/#organization\"},\"potentialAction\":[{\"@type\":\"SearchAction\",\"target\":{\"@type\":\"EntryPoint\",\"urlTemplate\":\"https:\\\/\\\/stgbc.bcweededible.net\\\/fr\\\/?s={search_term_string}\"},\"query-input\":{\"@type\":\"PropertyValueSpecification\",\"valueRequired\":true,\"valueName\":\"search_term_string\"}}],\"inLanguage\":\"fr-FR\"},{\"@type\":\"Organization\",\"@id\":\"https:\\\/\\\/stgbc.bcweededible.net\\\/fr\\\/#organization\",\"name\":\"BC Weed Edible\",\"url\":\"https:\\\/\\\/stgbc.bcweededible.net\\\/fr\\\/\",\"logo\":{\"@type\":\"ImageObject\",\"inLanguage\":\"fr-FR\",\"@id\":\"https:\\\/\\\/stgbc.bcweededible.net\\\/fr\\\/#\\\/schema\\\/logo\\\/image\\\/\",\"url\":\"https:\\\/\\\/stgbc.bcweededible.net\\\/wp-content\\\/uploads\\\/2021\\\/12\\\/bc-weed-edible-canada.png\",\"contentUrl\":\"https:\\\/\\\/stgbc.bcweededible.net\\\/wp-content\\\/uploads\\\/2021\\\/12\\\/bc-weed-edible-canada.png\",\"width\":270,\"height\":185,\"caption\":\"BC Weed Edible\"},\"image\":{\"@id\":\"https:\\\/\\\/stgbc.bcweededible.net\\\/fr\\\/#\\\/schema\\\/logo\\\/image\\\/\"}}]}<\/script>\n","yoast_head_json":{"title":"Buy Hash Afghan (AAAA) Canada | Buy Afghani Hash Online | BC Weed Edible","robots":{"index":"index","follow":"follow","max-snippet":"max-snippet:-1","max-image-preview":"max-image-preview:large","max-video-preview":"max-video-preview:-1"},"canonical":"https:\/\/stgbc.bcweededible.net\/fr\/buy\/concentres\/hasch\/hash-importe\/afghan-hash-aaaa\/","og_locale":"fr_FR","og_type":"article","og_title":"Buy Hash Afghan (AAAA) Canada | Buy Afghani Hash Online | BC Weed Edible","og_description":"Le hash Afghan est une importation de la Mecque du hash, Kaboul en Afghanistan. Ce hash fournit une fum\u00e9e tr\u00e8s douce qui n'est pas du tout agressive pour la gorge. Ce hash fonc\u00e9 est souple et tr\u00e8s mall\u00e9able. Ce hash sent le chocolat avec une l\u00e9g\u00e8re touche d'ammoniac. Lorsqu'il est br\u00fbl\u00e9, le hash d\u00e9gage une fum\u00e9e bleu-gris fonc\u00e9 qui produit un merveilleux parfum d'\u00e9pices douces. Au d\u00e9part, vous ressentirez un high c\u00e9r\u00e9bral qui se propagera ensuite dans votre corps. Le hash Afghan est id\u00e9al pour la gestion de la douleur. Informations sur le hash Afghan Ph\u00e9notype Hybride Teneur en THC 40%+ Consistance Souple et mall\u00e9able Grade AAAA+ Couleur Brun fonc\u00e9 presque noir Effets Heureux, \u00c9nergique, Cr\u00e9atif, Euphorique Profil des terp\u00e8nes \u00c9pic\u00e9, terreux, poivr\u00e9, de pin","og_url":"https:\/\/stgbc.bcweededible.net\/fr\/buy\/concentres\/hasch\/hash-importe\/afghan-hash-aaaa\/","og_site_name":"BC Weed Edible","article_modified_time":"2026-04-01T12:57:55+00:00","og_image":[{"width":1000,"height":1000,"url":"https:\/\/stgbc.bcweededible.net\/wp-content\/uploads\/2022\/02\/aaa-madosh-afghan-hash.jpg","type":"image\/jpeg"}],"twitter_card":"summary_large_image","twitter_misc":{"Dur\u00e9e de lecture estim\u00e9e":"2 minutes"},"schema":{"@context":"https:\/\/schema.org","@graph":[{"@type":"WebPage","@id":"https:\/\/stgbc.bcweededible.net\/fr\/buy\/concentres\/hasch\/hash-importe\/afghan-hash-aaaa\/","url":"https:\/\/stgbc.bcweededible.net\/fr\/buy\/concentres\/hasch\/hash-importe\/afghan-hash-aaaa\/","name":"Buy Hash Afghan (AAAA) Canada | Buy Afghani Hash Online | BC Weed Edible","isPartOf":{"@id":"https:\/\/stgbc.bcweededible.net\/fr\/#website"},"primaryImageOfPage":{"@id":"https:\/\/stgbc.bcweededible.net\/fr\/buy\/concentres\/hasch\/hash-importe\/afghan-hash-aaaa\/#primaryimage"},"image":{"@id":"https:\/\/stgbc.bcweededible.net\/fr\/buy\/concentres\/hasch\/hash-importe\/afghan-hash-aaaa\/#primaryimage"},"thumbnailUrl":"https:\/\/stgbc.bcweededible.net\/wp-content\/uploads\/2022\/02\/aaa-madosh-afghan-hash.jpg","datePublished":"2022-11-29T20:48:08+00:00","dateModified":"2026-04-01T12:57:55+00:00","breadcrumb":{"@id":"https:\/\/stgbc.bcweededible.net\/fr\/buy\/concentres\/hasch\/hash-importe\/afghan-hash-aaaa\/#breadcrumb"},"inLanguage":"fr-FR","potentialAction":[{"@type":"ReadAction","target":["https:\/\/stgbc.bcweededible.net\/fr\/buy\/concentres\/hasch\/hash-importe\/afghan-hash-aaaa\/"]}]},{"@type":"ImageObject","inLanguage":"fr-FR","@id":"https:\/\/stgbc.bcweededible.net\/fr\/buy\/concentres\/hasch\/hash-importe\/afghan-hash-aaaa\/#primaryimage","url":"https:\/\/stgbc.bcweededible.net\/wp-content\/uploads\/2022\/02\/aaa-madosh-afghan-hash.jpg","contentUrl":"https:\/\/stgbc.bcweededible.net\/wp-content\/uploads\/2022\/02\/aaa-madosh-afghan-hash.jpg","width":1000,"height":1000,"caption":"AAA afghan hash"},{"@type":"BreadcrumbList","@id":"https:\/\/stgbc.bcweededible.net\/fr\/buy\/concentres\/hasch\/hash-importe\/afghan-hash-aaaa\/#breadcrumb","itemListElement":[{"@type":"ListItem","position":1,"name":"Jujubes au Pot Canada","item":"https:\/\/stgbc.bcweededible.net\/fr\/shop\/"},{"@type":"ListItem","position":2,"name":"Hash Afghan (AAAA)"}]},{"@type":"WebSite","@id":"https:\/\/stgbc.bcweededible.net\/fr\/#website","url":"https:\/\/stgbc.bcweededible.net\/fr\/","name":"BC Weed Edible","description":"","publisher":{"@id":"https:\/\/stgbc.bcweededible.net\/fr\/#organization"},"potentialAction":[{"@type":"SearchAction","target":{"@type":"EntryPoint","urlTemplate":"https:\/\/stgbc.bcweededible.net\/fr\/?s={search_term_string}"},"query-input":{"@type":"PropertyValueSpecification","valueRequired":true,"valueName":"search_term_string"}}],"inLanguage":"fr-FR"},{"@type":"Organization","@id":"https:\/\/stgbc.bcweededible.net\/fr\/#organization","name":"BC Weed Edible","url":"https:\/\/stgbc.bcweededible.net\/fr\/","logo":{"@type":"ImageObject","inLanguage":"fr-FR","@id":"https:\/\/stgbc.bcweededible.net\/fr\/#\/schema\/logo\/image\/","url":"https:\/\/stgbc.bcweededible.net\/wp-content\/uploads\/2021\/12\/bc-weed-edible-canada.png","contentUrl":"https:\/\/stgbc.bcweededible.net\/wp-content\/uploads\/2021\/12\/bc-weed-edible-canada.png","width":270,"height":185,"caption":"BC Weed Edible"},"image":{"@id":"https:\/\/stgbc.bcweededible.net\/fr\/#\/schema\/logo\/image\/"}}]}},"_links":{"self":[{"href":"https:\/\/stgbc.bcweededible.net\/fr\/wp-json\/wp\/v2\/product\/23279","targetHints":{"allow":["GET"]}}],"collection":[{"href":"https:\/\/stgbc.bcweededible.net\/fr\/wp-json\/wp\/v2\/product"}],"about":[{"href":"https:\/\/stgbc.bcweededible.net\/fr\/wp-json\/wp\/v2\/types\/product"}],"replies":[{"embeddable":true,"href":"https:\/\/stgbc.bcweededible.net\/fr\/wp-json\/wp\/v2\/comments?post=23279"}],"wp:featuredmedia":[{"embeddable":true,"href":"https:\/\/stgbc.bcweededible.net\/fr\/wp-json\/wp\/v2\/media\/11838"}],"wp:attachment":[{"href":"https:\/\/stgbc.bcweededible.net\/fr\/wp-json\/wp\/v2\/media?parent=23279"}],"wp:term":[{"taxonomy":"product_brand","embeddable":true,"href":"https:\/\/stgbc.bcweededible.net\/fr\/wp-json\/wp\/v2\/product_brand?post=23279"},{"taxonomy":"product_cat","embeddable":true,"href":"https:\/\/stgbc.bcweededible.net\/fr\/wp-json\/wp\/v2\/product_cat?post=23279"},{"taxonomy":"product_tag","embeddable":true,"href":"https:\/\/stgbc.bcweededible.net\/fr\/wp-json\/wp\/v2\/product_tag?post=23279"}],"curies":[{"name":"wp","href":"https:\/\/api.w.org\/{rel}","templated":true}]}}