{"id":15446,"date":"2022-04-28T16:08:00","date_gmt":"2022-04-28T23:08:00","guid":{"rendered":"http:\/\/bcweededible.net\/buy\/non%20class\u00e9\/boules-de-temple-nepalaises-aaaa\/"},"modified":"2026-03-31T15:46:11","modified_gmt":"2026-03-31T22:46:11","slug":"nepalais-temple-balls","status":"publish","type":"product","link":"https:\/\/stgbc.bcweededible.net\/fr\/buy\/concentres\/hasch\/hash-importe\/nepalais-temple-balls\/","title":{"rendered":"N\u00e9palais Temple Balls AAAA"},"content":{"rendered":"<h2><strong>Achetez N\u00e9palais Temple Balls au Canada<\/strong><\/h2>\n<p>Que vous cherchiez \u00e0 d\u00e9couvrir vous-m\u00eame les effets hallucinants du produit N\u00e9palais Temple Balls ou que vous essayiez simplement de mettre la main sur un produit rare, il est important de savoir o\u00f9 le trouver. Nous en avons chez BC Weed Edible!<\/p>\n<h3>Histoire du hash N\u00e9palais<\/h3>\n<p>Le hash N\u00e9palais est un puissant concentr\u00e9 de cannabis utilis\u00e9 depuis des milliers d&#8217;ann\u00e9es au Liban et au N\u00e9pal. Pendant la saison annuelle de r\u00e9colte du cannabis, les agriculteurs n\u00e9palais rassemblaient les fleurs r\u00e9colt\u00e9es et les concentraient en boules puissantes de hash riche en THC.<\/p>\n<p>Les boules \u00e9taient ensuite stock\u00e9es jusqu&#8217;\u00e0 la prochaine saison de r\u00e9colte, offrant aux utilisateurs un high puissant et qui dure longtemps qui \u00e9tait essentiel \u00e0 leurs pratiques spirituelles et culturelles. Aujourd&#8217;hui, le hash Nepalese Temple continue d&#8217;\u00eatre appr\u00e9ci\u00e9 par les fumeurs du monde entier, pr\u00e9servant cette riche tradition et offrant une exp\u00e9rience unique aux amateurs de cannabis du monde entier.<\/p>\n<p>Les boules de hash n\u00e9palais ont \u00e9t\u00e9 introduites \u00e0 la culture occidentale dans les ann\u00e9es 60 et 70 par des moines n\u00e9palais. Beaucoup de gens se rendaient au N\u00e9pal juste pour avoir la chance d&#8217;essayer les c\u00e9l\u00e8bres boules.<\/p>\n<h3>Effets et puissance du hash n\u00e9palais<\/h3>\n<p>Il est fabriqu\u00e9 \u00e0 partir de la r\u00e9sine pure de la plante de cannabis. <strong>Ces boules testent g\u00e9n\u00e9ralement au-dessus de 30 % de THC<\/strong> , ce qui en fait l&#8217;un des types de hash les plus puissants disponibles. Les boules de hash n\u00e9palais sont \u00e9galement connues pour leurs effets surr\u00e9alistes et leur capacit\u00e9 \u00e0 cr\u00e9er un sentiment de clart\u00e9 majestueuse.<\/p>\n","protected":false},"excerpt":{"rendered":"<p><strong>N\u00e9palais Temple Balls<\/strong> est une forme de hash unique et tr\u00e8s puissant, connue pour sa texture collante, sa saveur sucr\u00e9e et son effet onirique. Ces boules cr\u00e9meuses deviennent <strong>de plus en plus rares<\/strong> en raison de la demande croissante pour ce hash unique.<\/p>\n<p>Apr\u00e8s en avoir consommer, certaines personnes d\u00e9clarent se sentir tr\u00e8s d\u00e9tendues et heureuses, tandis que d&#8217;autres d\u00e9clarent se sentir plus \u00e9nergiques. Cependant, la plupart des gens qui ont essay\u00e9 ce produit s&#8217;accordent pour dire qu&#8217;il s&#8217;agit d&#8217;une exp\u00e9rience unique et int\u00e9ressante.<\/p>\n<h2>Informations N\u00e9palais Temple Balls<\/h2>\n<table>\n<tbody>\n<tr>\n<td class=\"has-text-align-center\" data-align=\"center\"><strong>Ph\u00e9notype<\/strong><\/td>\n<td class=\"has-text-align-center\" data-align=\"center\">Dominance Indica<\/td>\n<\/tr>\n<tr>\n<td class=\"has-text-align-center\" data-align=\"center\"><strong>THC<\/strong><\/td>\n<td class=\"has-text-align-center\" data-align=\"center\">Plus de 50% de THC<\/td>\n<\/tr>\n<tr>\n<td class=\"has-text-align-center\" data-align=\"center\"><strong>Consistance<\/strong><\/td>\n<td class=\"has-text-align-center\" data-align=\"center\">Souple et collant<\/td>\n<\/tr>\n<tr>\n<td class=\"has-text-align-center\" data-align=\"center\"><strong>Grade<\/strong><\/td>\n<td class=\"has-text-align-center\" data-align=\"center\">AAAA<\/td>\n<\/tr>\n<tr>\n<td class=\"has-text-align-center\" data-align=\"center\"><strong>Couleur<\/strong><\/td>\n<td class=\"has-text-align-center\" data-align=\"center\">Brun fonc\u00e9 \u00e0 noir<\/td>\n<\/tr>\n<tr>\n<td class=\"has-text-align-center\" data-align=\"center\"><strong>Effets<\/strong><\/td>\n<td class=\"has-text-align-center\" data-align=\"center\">Relaxant, Euphorie<\/td>\n<\/tr>\n<\/tbody>\n<\/table>\n","protected":false},"featured_media":14336,"comment_status":"open","ping_status":"closed","template":"","meta":[],"product_brand":[],"product_cat":[305,660,628,636,653],"product_tag":[],"class_list":{"0":"post-15446","1":"product","2":"type-product","3":"status-publish","4":"has-post-thumbnail","6":"product_cat-concentres","7":"product_cat-bulk-hash-fr","8":"product_cat-hasch","9":"product_cat-hash-importe","10":"product_cat-hash-premium","12":"first","13":"instock","14":"sale","15":"shipping-taxable","16":"purchasable","17":"product-type-variable","18":"has-default-attributes"},"yoast_head":"\n<title>Acheter N\u00e9palais Temple Ball Hash Canada | Temple Ball Hash en ligne | BC Weed Edible<\/title>\n<meta name=\"robots\" content=\"index, follow, max-snippet:-1, max-image-preview:large, max-video-preview:-1\" \/>\n<link rel=\"canonical\" href=\"https:\/\/stgbc.bcweededible.net\/fr\/buy\/concentres\/hasch\/hash-importe\/nepalais-temple-balls\/\" \/>\n<meta property=\"og:locale\" content=\"fr_FR\" \/>\n<meta property=\"og:type\" content=\"article\" \/>\n<meta property=\"og:title\" content=\"Acheter N\u00e9palais Temple Ball Hash Canada | Temple Ball Hash en ligne | BC Weed Edible\" \/>\n<meta property=\"og:description\" content=\"N\u00e9palais Temple Balls est une forme de hash unique et tr\u00e8s puissant, connue pour sa texture collante, sa saveur sucr\u00e9e et son effet onirique. Ces boules cr\u00e9meuses deviennent de plus en plus rares en raison de la demande croissante pour ce hash unique. Apr\u00e8s en avoir consommer, certaines personnes d\u00e9clarent se sentir tr\u00e8s d\u00e9tendues et heureuses, tandis que d&#039;autres d\u00e9clarent se sentir plus \u00e9nergiques. Cependant, la plupart des gens qui ont essay\u00e9 ce produit s&#039;accordent pour dire qu&#039;il s&#039;agit d&#039;une exp\u00e9rience unique et int\u00e9ressante. Informations N\u00e9palais Temple Balls Ph\u00e9notype Dominance Indica THC Plus de 50% de THC Consistance Souple et collant Grade AAAA Couleur Brun fonc\u00e9 \u00e0 noir Effets Relaxant, Euphorie\" \/>\n<meta property=\"og:url\" content=\"https:\/\/stgbc.bcweededible.net\/fr\/buy\/concentres\/hasch\/hash-importe\/nepalais-temple-balls\/\" \/>\n<meta property=\"og:site_name\" content=\"BC Weed Edible\" \/>\n<meta property=\"article:modified_time\" content=\"2026-03-31T22:46:11+00:00\" \/>\n<meta property=\"og:image\" content=\"https:\/\/stgbc.bcweededible.net\/wp-content\/uploads\/2022\/04\/Nepalese-Temple-Ball-Hash-1.jpeg\" \/>\n\t<meta property=\"og:image:width\" content=\"800\" \/>\n\t<meta property=\"og:image:height\" content=\"800\" \/>\n\t<meta property=\"og:image:type\" content=\"image\/jpeg\" \/>\n<meta name=\"twitter:card\" content=\"summary_large_image\" \/>\n<meta name=\"twitter:label1\" content=\"Dur\u00e9e de lecture estim\u00e9e\" \/>\n\t<meta name=\"twitter:data1\" content=\"2 minutes\" \/>\n<script type=\"application\/ld+json\" class=\"yoast-schema-graph\">{\"@context\":\"https:\\\/\\\/schema.org\",\"@graph\":[{\"@type\":\"WebPage\",\"@id\":\"https:\\\/\\\/stgbc.bcweededible.net\\\/fr\\\/buy\\\/concentres\\\/hasch\\\/hash-importe\\\/nepalais-temple-balls\\\/\",\"url\":\"https:\\\/\\\/stgbc.bcweededible.net\\\/fr\\\/buy\\\/concentres\\\/hasch\\\/hash-importe\\\/nepalais-temple-balls\\\/\",\"name\":\"Acheter N\u00e9palais Temple Ball Hash Canada | Temple Ball Hash en ligne | BC Weed Edible\",\"isPartOf\":{\"@id\":\"https:\\\/\\\/stgbc.bcweededible.net\\\/fr\\\/#website\"},\"primaryImageOfPage\":{\"@id\":\"https:\\\/\\\/stgbc.bcweededible.net\\\/fr\\\/buy\\\/concentres\\\/hasch\\\/hash-importe\\\/nepalais-temple-balls\\\/#primaryimage\"},\"image\":{\"@id\":\"https:\\\/\\\/stgbc.bcweededible.net\\\/fr\\\/buy\\\/concentres\\\/hasch\\\/hash-importe\\\/nepalais-temple-balls\\\/#primaryimage\"},\"thumbnailUrl\":\"https:\\\/\\\/stgbc.bcweededible.net\\\/wp-content\\\/uploads\\\/2022\\\/04\\\/Nepalese-Temple-Ball-Hash-1.jpeg\",\"datePublished\":\"2022-04-28T23:08:00+00:00\",\"dateModified\":\"2026-03-31T22:46:11+00:00\",\"breadcrumb\":{\"@id\":\"https:\\\/\\\/stgbc.bcweededible.net\\\/fr\\\/buy\\\/concentres\\\/hasch\\\/hash-importe\\\/nepalais-temple-balls\\\/#breadcrumb\"},\"inLanguage\":\"fr-FR\",\"potentialAction\":[{\"@type\":\"ReadAction\",\"target\":[\"https:\\\/\\\/stgbc.bcweededible.net\\\/fr\\\/buy\\\/concentres\\\/hasch\\\/hash-importe\\\/nepalais-temple-balls\\\/\"]}]},{\"@type\":\"ImageObject\",\"inLanguage\":\"fr-FR\",\"@id\":\"https:\\\/\\\/stgbc.bcweededible.net\\\/fr\\\/buy\\\/concentres\\\/hasch\\\/hash-importe\\\/nepalais-temple-balls\\\/#primaryimage\",\"url\":\"https:\\\/\\\/stgbc.bcweededible.net\\\/wp-content\\\/uploads\\\/2022\\\/04\\\/Nepalese-Temple-Ball-Hash-1.jpeg\",\"contentUrl\":\"https:\\\/\\\/stgbc.bcweededible.net\\\/wp-content\\\/uploads\\\/2022\\\/04\\\/Nepalese-Temple-Ball-Hash-1.jpeg\",\"width\":800,\"height\":800,\"caption\":\"bal du temple n\u00e9palais\"},{\"@type\":\"BreadcrumbList\",\"@id\":\"https:\\\/\\\/stgbc.bcweededible.net\\\/fr\\\/buy\\\/concentres\\\/hasch\\\/hash-importe\\\/nepalais-temple-balls\\\/#breadcrumb\",\"itemListElement\":[{\"@type\":\"ListItem\",\"position\":1,\"name\":\"Jujubes au Pot Canada\",\"item\":\"https:\\\/\\\/stgbc.bcweededible.net\\\/fr\\\/shop\\\/\"},{\"@type\":\"ListItem\",\"position\":2,\"name\":\"N\u00e9palais Temple Balls AAAA\"}]},{\"@type\":\"WebSite\",\"@id\":\"https:\\\/\\\/stgbc.bcweededible.net\\\/fr\\\/#website\",\"url\":\"https:\\\/\\\/stgbc.bcweededible.net\\\/fr\\\/\",\"name\":\"BC Weed Edible\",\"description\":\"\",\"publisher\":{\"@id\":\"https:\\\/\\\/stgbc.bcweededible.net\\\/fr\\\/#organization\"},\"potentialAction\":[{\"@type\":\"SearchAction\",\"target\":{\"@type\":\"EntryPoint\",\"urlTemplate\":\"https:\\\/\\\/stgbc.bcweededible.net\\\/fr\\\/?s={search_term_string}\"},\"query-input\":{\"@type\":\"PropertyValueSpecification\",\"valueRequired\":true,\"valueName\":\"search_term_string\"}}],\"inLanguage\":\"fr-FR\"},{\"@type\":\"Organization\",\"@id\":\"https:\\\/\\\/stgbc.bcweededible.net\\\/fr\\\/#organization\",\"name\":\"BC Weed Edible\",\"url\":\"https:\\\/\\\/stgbc.bcweededible.net\\\/fr\\\/\",\"logo\":{\"@type\":\"ImageObject\",\"inLanguage\":\"fr-FR\",\"@id\":\"https:\\\/\\\/stgbc.bcweededible.net\\\/fr\\\/#\\\/schema\\\/logo\\\/image\\\/\",\"url\":\"https:\\\/\\\/stgbc.bcweededible.net\\\/wp-content\\\/uploads\\\/2021\\\/12\\\/bc-weed-edible-canada.png\",\"contentUrl\":\"https:\\\/\\\/stgbc.bcweededible.net\\\/wp-content\\\/uploads\\\/2021\\\/12\\\/bc-weed-edible-canada.png\",\"width\":270,\"height\":185,\"caption\":\"BC Weed Edible\"},\"image\":{\"@id\":\"https:\\\/\\\/stgbc.bcweededible.net\\\/fr\\\/#\\\/schema\\\/logo\\\/image\\\/\"}}]}<\/script>\n","yoast_head_json":{"title":"Acheter N\u00e9palais Temple Ball Hash Canada | Temple Ball Hash en ligne | BC Weed Edible","robots":{"index":"index","follow":"follow","max-snippet":"max-snippet:-1","max-image-preview":"max-image-preview:large","max-video-preview":"max-video-preview:-1"},"canonical":"https:\/\/stgbc.bcweededible.net\/fr\/buy\/concentres\/hasch\/hash-importe\/nepalais-temple-balls\/","og_locale":"fr_FR","og_type":"article","og_title":"Acheter N\u00e9palais Temple Ball Hash Canada | Temple Ball Hash en ligne | BC Weed Edible","og_description":"N\u00e9palais Temple Balls est une forme de hash unique et tr\u00e8s puissant, connue pour sa texture collante, sa saveur sucr\u00e9e et son effet onirique. Ces boules cr\u00e9meuses deviennent de plus en plus rares en raison de la demande croissante pour ce hash unique. Apr\u00e8s en avoir consommer, certaines personnes d\u00e9clarent se sentir tr\u00e8s d\u00e9tendues et heureuses, tandis que d'autres d\u00e9clarent se sentir plus \u00e9nergiques. Cependant, la plupart des gens qui ont essay\u00e9 ce produit s'accordent pour dire qu'il s'agit d'une exp\u00e9rience unique et int\u00e9ressante. Informations N\u00e9palais Temple Balls Ph\u00e9notype Dominance Indica THC Plus de 50% de THC Consistance Souple et collant Grade AAAA Couleur Brun fonc\u00e9 \u00e0 noir Effets Relaxant, Euphorie","og_url":"https:\/\/stgbc.bcweededible.net\/fr\/buy\/concentres\/hasch\/hash-importe\/nepalais-temple-balls\/","og_site_name":"BC Weed Edible","article_modified_time":"2026-03-31T22:46:11+00:00","og_image":[{"width":800,"height":800,"url":"https:\/\/stgbc.bcweededible.net\/wp-content\/uploads\/2022\/04\/Nepalese-Temple-Ball-Hash-1.jpeg","type":"image\/jpeg"}],"twitter_card":"summary_large_image","twitter_misc":{"Dur\u00e9e de lecture estim\u00e9e":"2 minutes"},"schema":{"@context":"https:\/\/schema.org","@graph":[{"@type":"WebPage","@id":"https:\/\/stgbc.bcweededible.net\/fr\/buy\/concentres\/hasch\/hash-importe\/nepalais-temple-balls\/","url":"https:\/\/stgbc.bcweededible.net\/fr\/buy\/concentres\/hasch\/hash-importe\/nepalais-temple-balls\/","name":"Acheter N\u00e9palais Temple Ball Hash Canada | Temple Ball Hash en ligne | BC Weed Edible","isPartOf":{"@id":"https:\/\/stgbc.bcweededible.net\/fr\/#website"},"primaryImageOfPage":{"@id":"https:\/\/stgbc.bcweededible.net\/fr\/buy\/concentres\/hasch\/hash-importe\/nepalais-temple-balls\/#primaryimage"},"image":{"@id":"https:\/\/stgbc.bcweededible.net\/fr\/buy\/concentres\/hasch\/hash-importe\/nepalais-temple-balls\/#primaryimage"},"thumbnailUrl":"https:\/\/stgbc.bcweededible.net\/wp-content\/uploads\/2022\/04\/Nepalese-Temple-Ball-Hash-1.jpeg","datePublished":"2022-04-28T23:08:00+00:00","dateModified":"2026-03-31T22:46:11+00:00","breadcrumb":{"@id":"https:\/\/stgbc.bcweededible.net\/fr\/buy\/concentres\/hasch\/hash-importe\/nepalais-temple-balls\/#breadcrumb"},"inLanguage":"fr-FR","potentialAction":[{"@type":"ReadAction","target":["https:\/\/stgbc.bcweededible.net\/fr\/buy\/concentres\/hasch\/hash-importe\/nepalais-temple-balls\/"]}]},{"@type":"ImageObject","inLanguage":"fr-FR","@id":"https:\/\/stgbc.bcweededible.net\/fr\/buy\/concentres\/hasch\/hash-importe\/nepalais-temple-balls\/#primaryimage","url":"https:\/\/stgbc.bcweededible.net\/wp-content\/uploads\/2022\/04\/Nepalese-Temple-Ball-Hash-1.jpeg","contentUrl":"https:\/\/stgbc.bcweededible.net\/wp-content\/uploads\/2022\/04\/Nepalese-Temple-Ball-Hash-1.jpeg","width":800,"height":800,"caption":"bal du temple n\u00e9palais"},{"@type":"BreadcrumbList","@id":"https:\/\/stgbc.bcweededible.net\/fr\/buy\/concentres\/hasch\/hash-importe\/nepalais-temple-balls\/#breadcrumb","itemListElement":[{"@type":"ListItem","position":1,"name":"Jujubes au Pot Canada","item":"https:\/\/stgbc.bcweededible.net\/fr\/shop\/"},{"@type":"ListItem","position":2,"name":"N\u00e9palais Temple Balls AAAA"}]},{"@type":"WebSite","@id":"https:\/\/stgbc.bcweededible.net\/fr\/#website","url":"https:\/\/stgbc.bcweededible.net\/fr\/","name":"BC Weed Edible","description":"","publisher":{"@id":"https:\/\/stgbc.bcweededible.net\/fr\/#organization"},"potentialAction":[{"@type":"SearchAction","target":{"@type":"EntryPoint","urlTemplate":"https:\/\/stgbc.bcweededible.net\/fr\/?s={search_term_string}"},"query-input":{"@type":"PropertyValueSpecification","valueRequired":true,"valueName":"search_term_string"}}],"inLanguage":"fr-FR"},{"@type":"Organization","@id":"https:\/\/stgbc.bcweededible.net\/fr\/#organization","name":"BC Weed Edible","url":"https:\/\/stgbc.bcweededible.net\/fr\/","logo":{"@type":"ImageObject","inLanguage":"fr-FR","@id":"https:\/\/stgbc.bcweededible.net\/fr\/#\/schema\/logo\/image\/","url":"https:\/\/stgbc.bcweededible.net\/wp-content\/uploads\/2021\/12\/bc-weed-edible-canada.png","contentUrl":"https:\/\/stgbc.bcweededible.net\/wp-content\/uploads\/2021\/12\/bc-weed-edible-canada.png","width":270,"height":185,"caption":"BC Weed Edible"},"image":{"@id":"https:\/\/stgbc.bcweededible.net\/fr\/#\/schema\/logo\/image\/"}}]}},"_links":{"self":[{"href":"https:\/\/stgbc.bcweededible.net\/fr\/wp-json\/wp\/v2\/product\/15446","targetHints":{"allow":["GET"]}}],"collection":[{"href":"https:\/\/stgbc.bcweededible.net\/fr\/wp-json\/wp\/v2\/product"}],"about":[{"href":"https:\/\/stgbc.bcweededible.net\/fr\/wp-json\/wp\/v2\/types\/product"}],"replies":[{"embeddable":true,"href":"https:\/\/stgbc.bcweededible.net\/fr\/wp-json\/wp\/v2\/comments?post=15446"}],"wp:featuredmedia":[{"embeddable":true,"href":"https:\/\/stgbc.bcweededible.net\/fr\/wp-json\/wp\/v2\/media\/14336"}],"wp:attachment":[{"href":"https:\/\/stgbc.bcweededible.net\/fr\/wp-json\/wp\/v2\/media?parent=15446"}],"wp:term":[{"taxonomy":"product_brand","embeddable":true,"href":"https:\/\/stgbc.bcweededible.net\/fr\/wp-json\/wp\/v2\/product_brand?post=15446"},{"taxonomy":"product_cat","embeddable":true,"href":"https:\/\/stgbc.bcweededible.net\/fr\/wp-json\/wp\/v2\/product_cat?post=15446"},{"taxonomy":"product_tag","embeddable":true,"href":"https:\/\/stgbc.bcweededible.net\/fr\/wp-json\/wp\/v2\/product_tag?post=15446"}],"curies":[{"name":"wp","href":"https:\/\/api.w.org\/{rel}","templated":true}]}}