{"id":13682,"date":"2022-01-15T20:26:55","date_gmt":"2022-04-08T19:33:44","guid":{"rendered":"http:\/\/bcweededible.net\/buy\/non%20class\u00e9\/stylo-vape-jetable-distillate-chariots-1g-thc\/"},"modified":"2025-11-20T02:22:31","modified_gmt":"2025-11-20T10:22:31","slug":"diamonds-vape-jetable","status":"publish","type":"product","link":"https:\/\/bcweededible.net\/fr\/buy\/concentres\/distillat\/diamonds-vape-jetable\/","title":{"rendered":"Vape Pen Jetable Diamond Extract"},"content":{"rendered":"<h2>Acheter un Vape Pen jetable Diamond Extract<\/h2>\n<p class=\"brand-description\">Tout ce que fabrique Diamond est cultiv\u00e9 \u00e0 l&#8217;interne et extrait \u00e0 l&#8217;aide de syst\u00e8mes de haute technologie. Tous leurs extraits sont test\u00e9s pour les niveaux de THC et de CBD ainsi que divers facteurs tels que : Ar\u00f4me\/Saveur, Apparence et Effet.<\/p>\n<p class=\"brand-description\">Afin de r\u00e9pondre \u00e0 ces normes de qualit\u00e9, Diamond prend les mati\u00e8res premi\u00e8res les plus d\u00e9sirables et tout ce qu&#8217;ils produisent est &#8221;Nug-Run&#8221;. C&#8217;est gr\u00e2ce \u00e0 cela, ainsi qu&#8217;\u00e0 des m\u00e9thodes pour \u00e9liminer toutes les impuret\u00e9s, que Diamond est en mesure de produire un concentr\u00e9 <a href=\"https:\/\/bcweededible.net\/fr\/acheter\/concentres\/\"><strong>pur avec un profil de terp\u00e8nes tr\u00e8s \u00e9lev\u00e9.<\/strong><br \/>\n<\/a><\/p>\n<h3><strong>Offert en diff\u00e9rentes vari\u00e9t\u00e9s :<\/strong><\/h3>\n<ul>\n<li>Cerisier (hybride)<\/li>\n<li>Kings Kush (Indica)<\/li>\n<li>Melon d&#8217;eau (Indica)<\/li>\n<li>Lime (hybride)<\/li>\n<li>Grenade (Hybride)<\/li>\n<li>Mandarine (Hybride)<\/li>\n<li>Sorbet (Hybride)<\/li>\n<li>Girl Scout Cookies (Sativa)<\/li>\n<li>Gelato (Sativa)<\/li>\n<li>Cerisier (hybride)<\/li>\n<li>Wedding Cake (Sativa-Hybride)<\/li>\n<li>Blueberry OG (Indica-Hybride)<\/li>\n<\/ul>\n<h2>Comment recharger votre Vape Pen ?<\/h2>\n<p>Garder votre Diamond Vape Pen charg\u00e9 est essentiel pour l&#8217;utiliser efficacement et tirer le meilleur parti de votre exp\u00e9rience de vapotage. Heureusement, il existe quelques \u00e9tapes simples que vous pouvez suivre pour recharger votre vape pen rapidement et facilement.<\/p>\n<p>Tout d&#8217;abord, localisez le capuchon dor\u00e9 \u00e0 la base de votre stylo. Ensuite, d\u00e9vissez lentement ce capuchon pour r\u00e9v\u00e9ler un port USB-2.0 o\u00f9 vous pouvez brancher votre stylo pour le recharger. Ensuite, connectez une extr\u00e9mit\u00e9 d&#8217;un c\u00e2ble USB \u00e0 ce port sur votre stylo et l&#8217;autre extr\u00e9mit\u00e9 \u00e0 un chargeur ou une source d&#8217;alimentation compatible, comme un ordinateur.<\/p>\n<p>Une fois que vous avez connect\u00e9 le c\u00e2ble, attendez simplement que votre vape pen finisse de se charger. Selon le niveau de charge de votre stylo, ce processus peut prendre de quelques minutes \u00e0 plusieurs heures. Mais quel que soit le temps que cela prendra, soyez assur\u00e9 qu&#8217;avec un peu de soin et d&#8217;attention, vous pourrez toujours garder votre Diamond Vape Pen compl\u00e8tement charg\u00e9 et pr\u00eat \u00e0 \u00eatre utilis\u00e9 d\u00e8s que vous en aurez besoin.<\/p>\n","protected":false},"excerpt":{"rendered":"<p>Voici les <strong>vape pens jetables Diamond<\/strong> ! Ces petites stylos pratiques sont remplis de 1 g de distillat aromatis\u00e9 et sont pr\u00e9charg\u00e9s avec un port de batterie USB rechargeable. Ils sont parfaits pour une utilisation en d\u00e9placement, et leur construction sans solvant signifie que vous pouvez profiter des <strong>terp\u00e8nes naturels et des saveurs de l&#8217;extrait.<\/strong> De plus, ils tirent tr\u00e8s bien, vous pouvez donc prendre de grandes et longues inspirations. Que vous passiez une soir\u00e9e en ville ou que vous vous d\u00e9tendiez au bord du lac pendant les vacances d&#8217;\u00e9t\u00e9, ces stylos sont une excellente option pour vapoter.<\/p>\n<h2>Informations sur les Vape Pens Diamond<\/h2>\n<ul>\n<li><strong>Chaque stylo contient 1 gramme (1000 mg) d&#8217;huile distill\u00e9e de THC.<\/strong><\/li>\n<li>90-96% THC<\/li>\n<li>Base biologique<\/li>\n<li>Sans solvant<\/li>\n<li>Rechargeable<\/li>\n<li>Sans VG ni PG<\/li>\n<\/ul>\n","protected":false},"featured_media":32740,"comment_status":"open","ping_status":"closed","template":"","meta":[],"product_brand":[],"product_cat":[637,305,306,287,288],"product_tag":[],"class_list":{"0":"post-13682","1":"product","2":"type-product","3":"status-publish","4":"has-post-thumbnail","6":"product_cat-jetable","7":"product_cat-concentres","8":"product_cat-distillat","9":"product_cat-vape","10":"product_cat-cartouches-distillat","12":"first","13":"outofstock","14":"shipping-taxable","15":"purchasable","16":"product-type-variable"},"yoast_head":"\n<title>Acheter Vape Pen Jetable Diamond Extract Canada | Acheter des chariots 1g en ligne | BC Weed Edible<\/title>\n<meta name=\"robots\" content=\"index, follow, max-snippet:-1, max-image-preview:large, max-video-preview:-1\" \/>\n<link rel=\"canonical\" href=\"https:\/\/bcweededible.net\/fr\/buy\/concentres\/distillat\/diamonds-vape-jetable\/\" \/>\n<meta property=\"og:locale\" content=\"fr_FR\" \/>\n<meta property=\"og:type\" content=\"article\" \/>\n<meta property=\"og:title\" content=\"Acheter Vape Pen Jetable Diamond Extract Canada | Acheter des chariots 1g en ligne | BC Weed Edible\" \/>\n<meta property=\"og:description\" content=\"Voici les vape pens jetables Diamond ! Ces petites stylos pratiques sont remplis de 1 g de distillat aromatis\u00e9 et sont pr\u00e9charg\u00e9s avec un port de batterie USB rechargeable. Ils sont parfaits pour une utilisation en d\u00e9placement, et leur construction sans solvant signifie que vous pouvez profiter des terp\u00e8nes naturels et des saveurs de l&#039;extrait. De plus, ils tirent tr\u00e8s bien, vous pouvez donc prendre de grandes et longues inspirations. Que vous passiez une soir\u00e9e en ville ou que vous vous d\u00e9tendiez au bord du lac pendant les vacances d&#039;\u00e9t\u00e9, ces stylos sont une excellente option pour vapoter. Informations sur les Vape Pens Diamond Chaque stylo contient 1 gramme (1000 mg) d&#039;huile distill\u00e9e de THC. 90-96% THC Base biologique Sans solvant Rechargeable Sans VG ni PG\" \/>\n<meta property=\"og:url\" content=\"https:\/\/bcweededible.net\/fr\/buy\/concentres\/distillat\/diamonds-vape-jetable\/\" \/>\n<meta property=\"og:site_name\" content=\"BC Weed Edible\" \/>\n<meta property=\"article:modified_time\" content=\"2025-11-20T10:22:31+00:00\" \/>\n<meta property=\"og:image\" content=\"https:\/\/stgbc.bcweededible.net\/wp-content\/uploads\/2022\/06\/diamond-disposable-vape-pen.jpg\" \/>\n\t<meta property=\"og:image:width\" content=\"600\" \/>\n\t<meta property=\"og:image:height\" content=\"600\" \/>\n\t<meta property=\"og:image:type\" content=\"image\/jpeg\" \/>\n<meta name=\"twitter:card\" content=\"summary_large_image\" \/>\n<meta name=\"twitter:label1\" content=\"Dur\u00e9e de lecture estim\u00e9e\" \/>\n\t<meta name=\"twitter:data1\" content=\"2 minutes\" \/>\n<script type=\"application\/ld+json\" class=\"yoast-schema-graph\">{\"@context\":\"https:\\\/\\\/schema.org\",\"@graph\":[{\"@type\":\"WebPage\",\"@id\":\"https:\\\/\\\/bcweededible.net\\\/fr\\\/buy\\\/concentres\\\/distillat\\\/diamonds-vape-jetable\\\/\",\"url\":\"https:\\\/\\\/bcweededible.net\\\/fr\\\/buy\\\/concentres\\\/distillat\\\/diamonds-vape-jetable\\\/\",\"name\":\"Acheter Vape Pen Jetable Diamond Extract Canada | Acheter des chariots 1g en ligne | BC Weed Edible\",\"isPartOf\":{\"@id\":\"https:\\\/\\\/bcweededible.net\\\/fr\\\/#website\"},\"primaryImageOfPage\":{\"@id\":\"https:\\\/\\\/bcweededible.net\\\/fr\\\/buy\\\/concentres\\\/distillat\\\/diamonds-vape-jetable\\\/#primaryimage\"},\"image\":{\"@id\":\"https:\\\/\\\/bcweededible.net\\\/fr\\\/buy\\\/concentres\\\/distillat\\\/diamonds-vape-jetable\\\/#primaryimage\"},\"thumbnailUrl\":\"https:\\\/\\\/bcweededible.net\\\/wp-content\\\/uploads\\\/2022\\\/06\\\/diamond-disposable-vape-pen.jpg\",\"datePublished\":\"2022-04-08T19:33:44+00:00\",\"dateModified\":\"2025-11-20T10:22:31+00:00\",\"breadcrumb\":{\"@id\":\"https:\\\/\\\/bcweededible.net\\\/fr\\\/buy\\\/concentres\\\/distillat\\\/diamonds-vape-jetable\\\/#breadcrumb\"},\"inLanguage\":\"fr-FR\",\"potentialAction\":[{\"@type\":\"ReadAction\",\"target\":[\"https:\\\/\\\/bcweededible.net\\\/fr\\\/buy\\\/concentres\\\/distillat\\\/diamonds-vape-jetable\\\/\"]}]},{\"@type\":\"ImageObject\",\"inLanguage\":\"fr-FR\",\"@id\":\"https:\\\/\\\/bcweededible.net\\\/fr\\\/buy\\\/concentres\\\/distillat\\\/diamonds-vape-jetable\\\/#primaryimage\",\"url\":\"https:\\\/\\\/bcweededible.net\\\/wp-content\\\/uploads\\\/2022\\\/06\\\/diamond-disposable-vape-pen.jpg\",\"contentUrl\":\"https:\\\/\\\/bcweededible.net\\\/wp-content\\\/uploads\\\/2022\\\/06\\\/diamond-disposable-vape-pen.jpg\",\"width\":600,\"height\":600,\"caption\":\"diamond disposable vape\"},{\"@type\":\"BreadcrumbList\",\"@id\":\"https:\\\/\\\/bcweededible.net\\\/fr\\\/buy\\\/concentres\\\/distillat\\\/diamonds-vape-jetable\\\/#breadcrumb\",\"itemListElement\":[{\"@type\":\"ListItem\",\"position\":1,\"name\":\"Jujubes au Pot Canada\",\"item\":\"https:\\\/\\\/stgbc.bcweededible.net\\\/fr\\\/shop\\\/\"},{\"@type\":\"ListItem\",\"position\":2,\"name\":\"Vape Pen Jetable Diamond Extract\"}]},{\"@type\":\"WebSite\",\"@id\":\"https:\\\/\\\/bcweededible.net\\\/fr\\\/#website\",\"url\":\"https:\\\/\\\/bcweededible.net\\\/fr\\\/\",\"name\":\"BC Weed Edible\",\"description\":\"\",\"publisher\":{\"@id\":\"https:\\\/\\\/bcweededible.net\\\/fr\\\/#organization\"},\"potentialAction\":[{\"@type\":\"SearchAction\",\"target\":{\"@type\":\"EntryPoint\",\"urlTemplate\":\"https:\\\/\\\/bcweededible.net\\\/fr\\\/?s={search_term_string}\"},\"query-input\":{\"@type\":\"PropertyValueSpecification\",\"valueRequired\":true,\"valueName\":\"search_term_string\"}}],\"inLanguage\":\"fr-FR\"},{\"@type\":\"Organization\",\"@id\":\"https:\\\/\\\/bcweededible.net\\\/fr\\\/#organization\",\"name\":\"BC Weed Edible\",\"url\":\"https:\\\/\\\/bcweededible.net\\\/fr\\\/\",\"logo\":{\"@type\":\"ImageObject\",\"inLanguage\":\"fr-FR\",\"@id\":\"https:\\\/\\\/bcweededible.net\\\/fr\\\/#\\\/schema\\\/logo\\\/image\\\/\",\"url\":\"https:\\\/\\\/bcweededible.net\\\/wp-content\\\/uploads\\\/2021\\\/12\\\/bc-weed-edible-canada.png\",\"contentUrl\":\"https:\\\/\\\/bcweededible.net\\\/wp-content\\\/uploads\\\/2021\\\/12\\\/bc-weed-edible-canada.png\",\"width\":270,\"height\":185,\"caption\":\"BC Weed Edible\"},\"image\":{\"@id\":\"https:\\\/\\\/bcweededible.net\\\/fr\\\/#\\\/schema\\\/logo\\\/image\\\/\"}}]}<\/script>\n","yoast_head_json":{"title":"Acheter Vape Pen Jetable Diamond Extract Canada | Acheter des chariots 1g en ligne | BC Weed Edible","robots":{"index":"index","follow":"follow","max-snippet":"max-snippet:-1","max-image-preview":"max-image-preview:large","max-video-preview":"max-video-preview:-1"},"canonical":"https:\/\/bcweededible.net\/fr\/buy\/concentres\/distillat\/diamonds-vape-jetable\/","og_locale":"fr_FR","og_type":"article","og_title":"Acheter Vape Pen Jetable Diamond Extract Canada | Acheter des chariots 1g en ligne | BC Weed Edible","og_description":"Voici les vape pens jetables Diamond ! Ces petites stylos pratiques sont remplis de 1 g de distillat aromatis\u00e9 et sont pr\u00e9charg\u00e9s avec un port de batterie USB rechargeable. Ils sont parfaits pour une utilisation en d\u00e9placement, et leur construction sans solvant signifie que vous pouvez profiter des terp\u00e8nes naturels et des saveurs de l'extrait. De plus, ils tirent tr\u00e8s bien, vous pouvez donc prendre de grandes et longues inspirations. Que vous passiez une soir\u00e9e en ville ou que vous vous d\u00e9tendiez au bord du lac pendant les vacances d'\u00e9t\u00e9, ces stylos sont une excellente option pour vapoter. Informations sur les Vape Pens Diamond Chaque stylo contient 1 gramme (1000 mg) d'huile distill\u00e9e de THC. 90-96% THC Base biologique Sans solvant Rechargeable Sans VG ni PG","og_url":"https:\/\/bcweededible.net\/fr\/buy\/concentres\/distillat\/diamonds-vape-jetable\/","og_site_name":"BC Weed Edible","article_modified_time":"2025-11-20T10:22:31+00:00","og_image":[{"width":600,"height":600,"url":"https:\/\/stgbc.bcweededible.net\/wp-content\/uploads\/2022\/06\/diamond-disposable-vape-pen.jpg","type":"image\/jpeg"}],"twitter_card":"summary_large_image","twitter_misc":{"Dur\u00e9e de lecture estim\u00e9e":"2 minutes"},"schema":{"@context":"https:\/\/schema.org","@graph":[{"@type":"WebPage","@id":"https:\/\/bcweededible.net\/fr\/buy\/concentres\/distillat\/diamonds-vape-jetable\/","url":"https:\/\/bcweededible.net\/fr\/buy\/concentres\/distillat\/diamonds-vape-jetable\/","name":"Acheter Vape Pen Jetable Diamond Extract Canada | Acheter des chariots 1g en ligne | BC Weed Edible","isPartOf":{"@id":"https:\/\/bcweededible.net\/fr\/#website"},"primaryImageOfPage":{"@id":"https:\/\/bcweededible.net\/fr\/buy\/concentres\/distillat\/diamonds-vape-jetable\/#primaryimage"},"image":{"@id":"https:\/\/bcweededible.net\/fr\/buy\/concentres\/distillat\/diamonds-vape-jetable\/#primaryimage"},"thumbnailUrl":"https:\/\/bcweededible.net\/wp-content\/uploads\/2022\/06\/diamond-disposable-vape-pen.jpg","datePublished":"2022-04-08T19:33:44+00:00","dateModified":"2025-11-20T10:22:31+00:00","breadcrumb":{"@id":"https:\/\/bcweededible.net\/fr\/buy\/concentres\/distillat\/diamonds-vape-jetable\/#breadcrumb"},"inLanguage":"fr-FR","potentialAction":[{"@type":"ReadAction","target":["https:\/\/bcweededible.net\/fr\/buy\/concentres\/distillat\/diamonds-vape-jetable\/"]}]},{"@type":"ImageObject","inLanguage":"fr-FR","@id":"https:\/\/bcweededible.net\/fr\/buy\/concentres\/distillat\/diamonds-vape-jetable\/#primaryimage","url":"https:\/\/bcweededible.net\/wp-content\/uploads\/2022\/06\/diamond-disposable-vape-pen.jpg","contentUrl":"https:\/\/bcweededible.net\/wp-content\/uploads\/2022\/06\/diamond-disposable-vape-pen.jpg","width":600,"height":600,"caption":"diamond disposable vape"},{"@type":"BreadcrumbList","@id":"https:\/\/bcweededible.net\/fr\/buy\/concentres\/distillat\/diamonds-vape-jetable\/#breadcrumb","itemListElement":[{"@type":"ListItem","position":1,"name":"Jujubes au Pot Canada","item":"https:\/\/stgbc.bcweededible.net\/fr\/shop\/"},{"@type":"ListItem","position":2,"name":"Vape Pen Jetable Diamond Extract"}]},{"@type":"WebSite","@id":"https:\/\/bcweededible.net\/fr\/#website","url":"https:\/\/bcweededible.net\/fr\/","name":"BC Weed Edible","description":"","publisher":{"@id":"https:\/\/bcweededible.net\/fr\/#organization"},"potentialAction":[{"@type":"SearchAction","target":{"@type":"EntryPoint","urlTemplate":"https:\/\/bcweededible.net\/fr\/?s={search_term_string}"},"query-input":{"@type":"PropertyValueSpecification","valueRequired":true,"valueName":"search_term_string"}}],"inLanguage":"fr-FR"},{"@type":"Organization","@id":"https:\/\/bcweededible.net\/fr\/#organization","name":"BC Weed Edible","url":"https:\/\/bcweededible.net\/fr\/","logo":{"@type":"ImageObject","inLanguage":"fr-FR","@id":"https:\/\/bcweededible.net\/fr\/#\/schema\/logo\/image\/","url":"https:\/\/bcweededible.net\/wp-content\/uploads\/2021\/12\/bc-weed-edible-canada.png","contentUrl":"https:\/\/bcweededible.net\/wp-content\/uploads\/2021\/12\/bc-weed-edible-canada.png","width":270,"height":185,"caption":"BC Weed Edible"},"image":{"@id":"https:\/\/bcweededible.net\/fr\/#\/schema\/logo\/image\/"}}]}},"_links":{"self":[{"href":"https:\/\/bcweededible.net\/fr\/wp-json\/wp\/v2\/product\/13682","targetHints":{"allow":["GET"]}}],"collection":[{"href":"https:\/\/bcweededible.net\/fr\/wp-json\/wp\/v2\/product"}],"about":[{"href":"https:\/\/bcweededible.net\/fr\/wp-json\/wp\/v2\/types\/product"}],"replies":[{"embeddable":true,"href":"https:\/\/bcweededible.net\/fr\/wp-json\/wp\/v2\/comments?post=13682"}],"wp:featuredmedia":[{"embeddable":true,"href":"https:\/\/bcweededible.net\/fr\/wp-json\/wp\/v2\/media\/32740"}],"wp:attachment":[{"href":"https:\/\/bcweededible.net\/fr\/wp-json\/wp\/v2\/media?parent=13682"}],"wp:term":[{"taxonomy":"product_brand","embeddable":true,"href":"https:\/\/bcweededible.net\/fr\/wp-json\/wp\/v2\/product_brand?post=13682"},{"taxonomy":"product_cat","embeddable":true,"href":"https:\/\/bcweededible.net\/fr\/wp-json\/wp\/v2\/product_cat?post=13682"},{"taxonomy":"product_tag","embeddable":true,"href":"https:\/\/bcweededible.net\/fr\/wp-json\/wp\/v2\/product_tag?post=13682"}],"curies":[{"name":"wp","href":"https:\/\/api.w.org\/{rel}","templated":true}]}}