{"id":13643,"date":"2024-04-25T03:39:25","date_gmt":"2024-04-25T10:39:25","guid":{"rendered":"http:\/\/bcweededible.net\/buy\/non%20class\u00e9\/champignons-magiques-golden-teachers\/"},"modified":"2026-03-27T14:52:52","modified_gmt":"2026-03-27T21:52:52","slug":"golden-teacher","status":"publish","type":"product","link":"https:\/\/stgbc.bcweededible.net\/fr\/buy\/champignons-magiques\/champignons-secs\/golden-teacher\/","title":{"rendered":"Champignons Magiques Golden Teachers"},"content":{"rendered":"<p>Les champignons Golden Teachers sont une vari\u00e9t\u00e9 de psilocybe cubensis bien connue dans le monde entier. C&#8217;est l&#8217;un des psych\u00e9d\u00e9liques les plus connus sur terre. Si vous cherchez le moyen id\u00e9al pour vous d\u00e9tendre et r\u00e9duire votre anxi\u00e9t\u00e9, les champignons Golden Teacher pourraient \u00eatre exactement ce dont vous avez besoin. Ils peuvent \u00eatre consomm\u00e9s sans effets secondaires majeurs s&#8217;ils sont pris avec le bon dosage. Le nom &#8221; Golden Teachers &#8221; est provient des chapeaux brun clair, jaun\u00e2tres et dor\u00e9s de cette vari\u00e9t\u00e9.<\/p>\n<h2>Qu&#8217;est-ce que c&#8217;est, les champignons Golden Teachers?<\/h2>\n<p>Ils sont des<strong> champignons magiques issus de la famille des Psilocybe Cubensis<\/strong> .<\/p>\n<p>La psilocybine ou les champignons magiques sont l&#8217;un des psych\u00e9d\u00e9liques naturels les plus populaires qui ont servi l&#8217;humanit\u00e9 \u00e0 travers l&#8217;histoire, se trouvant dans des cultures anciennes comme celles du P\u00e9rou et du Mexique o\u00f9 ils ont \u00e9t\u00e9 utilis\u00e9s comme un moyen efficace de communiquer avec les dieux ou d&#8217;apprendre des secrets sur la fa\u00e7on dont ce monde fonctionne.<\/p>\n<p>La prochaine fois que vous verrez des champignons magiques en vente en ligne ou dans un magasin, il y a de fortes chances qu&#8217;ils fassent de la publicit\u00e9 pour le psilocybe cubensis. En fait, cette vari\u00e9t\u00e9 de champignons psych\u00e9d\u00e9liques pousse naturellement \u00e0 travers l&#8217;Asie du Sud-Est et l&#8217;Australie tout en \u00e9tant tr\u00e8s adaptative, de sorte que m\u00eame les cultivateurs amateurs peuvent les cultiver facilement \u00e0 la maison !<\/p>\n<h2>Effets psych\u00e9d\u00e9liques des champignons Golden Teachers<\/h2>\n<p>Golden Teachers est un excellent choix pour les d\u00e9butants car il est de <strong>puissance moyenne et procure des &#8221;voyages&#8221; plus courts<\/strong> que les autres vari\u00e9t\u00e9s de champignons. Les utilisateurs d\u00e9crivent l&#8217;exp\u00e9rience comme calme, d\u00e9tendue avec des images douces mais des effets corporels forts.<\/p>\n<p>Les effets sont \u00e9galement largement utilis\u00e9s dans les rituels spirituels ou chamaniques. Lorsque vous les mangez, ils vous feront sentir en harmonie avec le monde. Ils vous aideront \u00e0 vous connecter \u00e0 la nature. Tout cela a du sens en raison de leur incroyable capacit\u00e9 \u00e0 gu\u00e9rir l&#8217;esprit.<\/p>\n<p>Les effets des champignons varient selon la vari\u00e9t\u00e9. Pour certains, c&#8217;est une exp\u00e9rience plus visuelle ; pour d&#8217;autres, cela peut \u00eatre extr\u00eamement physique ou m\u00eame impliquer de l\u00e9g\u00e8res variations dans la perception du temps qui leur donnent l&#8217;impression d&#8217;avoir \u00e9t\u00e9 transport\u00e9s dans le pass\u00e9 (surtout avec certains types).<\/p>\n<h2>Recommandation de dosage Golden Teacher<\/h2>\n<p>En ce qui concerne le dosage de votre exp\u00e9rience avec les champignons Blue Meanie, il y a beaucoup de choses que vous devez savoir. Le type d&#8217;utilisateur, le type et la force du champignon, ainsi que la quantit\u00e9 d&#8217;eau contenue dans les champignons fra\u00eechement cueillis ont tous un impact sur la taille du dosage.<\/p>\n<p>Une dose de Golden Teachers d\u00e9pend du type d&#8217;exp\u00e9rience que vous souhaitez (micro-dosage, faible, moyen, fort, h\u00e9ro\u00efque), de votre poids corporel et du fait que le champignon soit frais ou s\u00e9ch\u00e9. Notez qu&#8217;en ce qui concerne le dosage des champignons, tout est bas\u00e9 sur le poids des champignons s\u00e9ch\u00e9s. Il est possible d&#8217;\u00e9valuer la dose \u00e0 prendre <strong>en utilisant notre recommandation de dosage de champignons magiques .<\/strong><\/p>\n<p>Une microdose \u00e0 faible dose est g\u00e9n\u00e9ralement pr\u00e9f\u00e9rable pour les d\u00e9butants. Cela varie <strong>de 0,1 gramme \u00e0 0,3 gramme de champignon s\u00e9ch\u00e9<\/strong> . Cependant, cela ne tient pas compte des variations individuelles, ce qui signifie que certains essais et erreurs peuvent encore \u00eatre n\u00e9cessaires en fonction de la sensibilit\u00e9 d&#8217;une personne\u00a0!<\/p>\n<p>La dose la plus courante est <strong>une dose faible (0,3 \u00e0 1 g)<\/strong> et <strong>une dose mod\u00e9r\u00e9e (1 \u00e0 2 g)<\/strong> qui devraient vous permettre de faire un voyage de 3 \u00e0 6 heures.<\/p>\n<p>Tout ce qui d\u00e9passe 2 grammes peut produire une exp\u00e9rience psych\u00e9d\u00e9lique intense qui peut avoir des effets secondaires<\/p>\n<h2>Combien de temps durent les professeurs d&#8217;or?<\/h2>\n<p>Comme mentionn\u00e9 pr\u00e9c\u00e9demment, Golden Teacher est un excellent choix pour les d\u00e9butants car ses <strong>&#8221;voyages&#8221;\u00a0sont plus courts<\/strong> que les autres vari\u00e9t\u00e9s de champignons. En moyenne, vous pouvez vous attendre \u00e0 ce que votre <strong>voyage ne dure que deux \u00e0 quatre heures.<\/strong><\/p>\n<p>Il est \u00e9galement bon de savoir combien de temps il faut attendre avant de voir des effets. Les champignons\u00a0 frappent g\u00e9n\u00e9ralement plus rapidement que les comestibles au cannabis. Vous pouvez vous attendre \u00e0 sentir les effets dans les 45 \u00e0 60 premi\u00e8res minutes. Vous devriez toujours <strong>attendre au moins une heure avant de prendre plus de Golden Teachers<\/strong>. Vous pourriez avoir l&#8217;impression d&#8217;\u00eatre perdu dans les airs, et vos sympt\u00f4mes de synesth\u00e9sie peuvent inclure entendre des couleurs et voir des sons.<\/p>\n<h2>Est-il pr\u00e9f\u00e9rable d&#8217;acheter ou de cultiver des champignons Golden Teachers ?<\/h2>\n<p>Plusieurs facteurs entrent en ligne de compte pour r\u00e9pondre \u00e0 cette question, notamment le co\u00fbt et la disponibilit\u00e9. Si vous achetez vos champignons magiques en ligne, ils seront exp\u00e9di\u00e9s directement \u00e0 votre porte au Canada. Cela signifie qu&#8217;il n&#8217;y a aucun risque d&#8217;\u00eatre pris par la police lors de leur cueillette dans la for\u00eat ou dans les champs, ce qui est s\u00fbrement un avantage pour de nombreux acheteurs. Cependant, cultiver vos propres champignons est un excellent moyen d&#8217;\u00e9conomiser de l&#8217;argent et d&#8217;avoir un approvisionnement constant en champignons magiques.<\/p>\n<p>Le champignon Golden Teachers est l&#8217;un des champignons les plus faciles \u00e0 cultiver, ce qui en fait un bon choix pour les d\u00e9butants. Ils sont \u00e9galement tr\u00e8s adaptatifs et peuvent prosp\u00e9rer dans de nombreux environnements, vous n&#8217;avez donc pas \u00e0 vous soucier d&#8217;avoir les conditions id\u00e9ales pour leur croissance.<\/p>\n<p>En fin de compte, c&#8217;est \u00e0 l&#8217;individu de d\u00e9cider s&#8217;il veut acheter ou cultiver ses champignons magiques au Canada. Les deux options ont des avantages et des inconv\u00e9nients, cela d\u00e9pend donc vraiment de ce que vous recherchez. Si vous recherchez la facilit\u00e9 d&#8217;utilisation et la discr\u00e9tion, l&#8217;achat en ligne serait un bon choix.<\/p>\n<h2>Les champignons magiques sont-ils l\u00e9gaux au Canada?<\/h2>\n<p>Les champignons contenant de la psilocybine et\/ou de la psilocine sont toujours interdits au Canada, malgr\u00e9 plusieurs modifications l\u00e9gislatives r\u00e9centes qui indiquent le contraire.<\/p>\n<p>Selon l&#8217;annonce r\u00e9cente de Sant\u00e9 Canada, les champignons magiques sont d\u00e9sormais l\u00e9gaux pour les cas particuliers et les personnes exempt\u00e9es. Cela comprend leur utilisation pour la th\u00e9rapie dans certains \u00e9tablissements.<\/p>\n<p>Les m\u00e9decins, les avocats et les v\u00e9t\u00e9rinaires sont des exemples de m\u00e9decins qui peuvent prescrire des traitements \u00e0 la psilocybine en vertu des lois.<\/p>\n<p>Les lois sur les champignons magiques sont-elles appliqu\u00e9es au Canada\u00a0? Dans de nombreuses situations de possession simple, la peine pour une premi\u00e8re infraction est g\u00e9n\u00e9ralement une amende de 250 \u00e0 500 $. Notez que <a href=\"https:\/\/www.vice.com\/en\/article\/xgxkkn\/magic-mushroom-stores-are-open-in-canada-but-theyre-still-illegal\" target=\"_blank\" rel=\"noopener noreferrer\">les magasins de champignons magiques sont ouverts au Canada<\/a> , mais ils sont toujours ill\u00e9gaux.<\/p>\n<p><span style=\"color: #1b1919; font-size: 24px;\">Derni\u00e8res informations<\/span><\/p>\n<p>Les Golden Teachers sont l&#8217;un des meilleurs champignons magiques que vous pouvez essayer en tant que d\u00e9butant, assurez-vous simplement de conna\u00eetre le dosage et la qualit\u00e9 de vos produits. Vous pouvez les acqu\u00e9rir de diff\u00e9rentes mani\u00e8res, soit en les cultivant, soit en les achetant en ligne au Canada. Dans tous les cas, vous devez vous assurer de sa qualit\u00e9 !<\/p>\n<p>Les champignons magiques sont ouvertement vendus en ligne au Canada, malgr\u00e9 leur statut juridique douteux. Aux personnes \u00e2g\u00e9es de plus de 19 ans au Canada, les vendeurs en ligne offrent une gamme de produits \u00e0 base de champignons, notamment des produits s\u00e9ch\u00e9s, des jujubes et des chocolats.<\/p>\n","protected":false},"excerpt":{"rendered":"<h4><strong>VENTE: 70 $ demi-once (r\u00e9g. 99 $), 129 $ \/ oz (r\u00e9g. 159 $)<\/strong><\/h4>\n<p><strong>Les champignons magiques Golden Teachers<\/strong> font partie des vari\u00e9t\u00e9s de champignons magiques les plus populaires et les plus courantes. C&#8217;est un favori parmi les psychonautes du monde entier pour son profond voyage psych\u00e9d\u00e9lique. Ils sont surtout connus pour leurs propri\u00e9t\u00e9s chamaniques ou leurs effets spirituels plut\u00f4t que pour le simple &#8221;trip&#8221; et offre des niveaux mod\u00e9r\u00e9s de psilocybine et de psilocine. Le nom de cette vari\u00e9t\u00e9 provient de la couleur dor\u00e9e de leurs chapeaux.<\/p>\n<p>Consommer des champignons Golden Teachers donnera une sensation d&#8217;illumination, ils vous aideront \u00e0 vous connecter avec la nature. Incroyable capacit\u00e9 \u00e0 gu\u00e9rir l&#8217;esprit. Ces champignons magiques psych\u00e9d\u00e9liques <strong>s&#8217;adressent aussi bien aux d\u00e9butants qu&#8217;aux v\u00e9t\u00e9rans<\/strong> .<\/p>\n<p><strong>Achetez les meilleurs champignons Golden Teachers au Canada.<\/strong><\/p>\n<p><strong><u>Achetez plus, \u00e9conomisez plus\u00a0:<\/u><\/strong><\/p>\n<ul>\n<li>3,5 grammes = <strong>Vente 25 $<\/strong> (R\u00e9gulier 35 $)<\/li>\n<li>7 grammes = <strong>Vente 40 $<\/strong> (R\u00e9gulier 59 $)<\/li>\n<li>14 grammes = <strong>Vente 70 $<\/strong> (R\u00e9gulier 99 $)<\/li>\n<li>28 grammes = <strong>Vente 99 $<\/strong> (R\u00e9gulier 159 $)<\/li>\n<\/ul>\n<p><strong>Dosage Champignon:<\/strong><\/p>\n<ul>\n<li>Microdose : 0,10 gramme &#8211; 0,30 gramme<\/li>\n<li>Dose pour d\u00e9butant\u00a0: 0,30 gramme (un quart) &#8211; 1 gramme<\/li>\n<li>Dose moyenne : 1 gramme &#8211; 2,5 grammes<\/li>\n<li>Dose \u00e9lev\u00e9e : 2,5 &#8211; 3,5 grammes<\/li>\n<li>Dose h\u00e9ro\u00efque : 3,5+ grammes<\/li>\n<\/ul>\n<p><strong>D\u00e9tails d&#8217;exp\u00e9dition<\/strong> :<\/p>\n<ul>\n<li>Nous exp\u00e9dions au Canada seulement avec num\u00e9ro de suivi.<\/li>\n<li>Emballage discret.<\/li>\n<\/ul>\n","protected":false},"featured_media":8826,"comment_status":"open","ping_status":"closed","template":"","meta":[],"product_brand":[],"product_cat":[237,282,549],"product_tag":[],"class_list":{"0":"post-13643","1":"product","2":"type-product","3":"status-publish","4":"has-post-thumbnail","6":"product_cat-champignons-magiques","7":"product_cat-champignons-secs","8":"product_cat-promotions","10":"first","11":"instock","12":"sale","13":"shipping-taxable","14":"purchasable","15":"product-type-variable","16":"has-default-attributes"},"yoast_head":"\n<title>Acheter la Champignons Magiques Golden Teachers en ligne | Dispensaire de champignons Canada | BC Weed Edible<\/title>\n<meta name=\"robots\" content=\"index, follow, max-snippet:-1, max-image-preview:large, max-video-preview:-1\" \/>\n<link rel=\"canonical\" href=\"https:\/\/stgbc.bcweededible.net\/fr\/buy\/champignons-magiques\/champignons-secs\/golden-teacher\/\" \/>\n<meta property=\"og:locale\" content=\"fr_FR\" \/>\n<meta property=\"og:type\" content=\"article\" \/>\n<meta property=\"og:title\" content=\"Acheter la Champignons Magiques Golden Teachers en ligne | Dispensaire de champignons Canada | BC Weed Edible\" \/>\n<meta property=\"og:description\" content=\"VENTE: 70 $ demi-once (r\u00e9g. 99 $), 129 $ \/ oz (r\u00e9g. 159 $) Les champignons magiques Golden Teachers font partie des vari\u00e9t\u00e9s de champignons magiques les plus populaires et les plus courantes. C&#039;est un favori parmi les psychonautes du monde entier pour son profond voyage psych\u00e9d\u00e9lique. Ils sont surtout connus pour leurs propri\u00e9t\u00e9s chamaniques ou leurs effets spirituels plut\u00f4t que pour le simple &#039;&#039;trip&#039;&#039; et offre des niveaux mod\u00e9r\u00e9s de psilocybine et de psilocine. Le nom de cette vari\u00e9t\u00e9 provient de la couleur dor\u00e9e de leurs chapeaux. Consommer des champignons Golden Teachers donnera une sensation d&#039;illumination, ils vous aideront \u00e0 vous connecter avec la nature. Incroyable capacit\u00e9 \u00e0 gu\u00e9rir l&#039;esprit. Ces champignons magiques psych\u00e9d\u00e9liques s&#039;adressent aussi bien aux d\u00e9butants qu&#039;aux v\u00e9t\u00e9rans . Achetez les meilleurs champignons Golden Teachers au Canada. Achetez plus, \u00e9conomisez plus\u00a0: 3,5 grammes = Vente 25 $ (R\u00e9gulier 35 $) 7 grammes = Vente 40 $ (R\u00e9gulier 59 $) 14 grammes = Vente 70 $ (R\u00e9gulier 99 $) 28 grammes = Vente 99 $ (R\u00e9gulier 159 $) Dosage Champignon: Microdose : 0,10 gramme - 0,30 gramme Dose pour d\u00e9butant\u00a0: 0,30 gramme (un quart) - 1 gramme Dose moyenne : 1 gramme - 2,5 grammes Dose \u00e9lev\u00e9e : 2,5 - 3,5 grammes Dose h\u00e9ro\u00efque : 3,5+ grammes D\u00e9tails d&#039;exp\u00e9dition : Nous exp\u00e9dions au Canada seulement avec num\u00e9ro de suivi. Emballage discret.\" \/>\n<meta property=\"og:url\" content=\"https:\/\/stgbc.bcweededible.net\/fr\/buy\/champignons-magiques\/champignons-secs\/golden-teacher\/\" \/>\n<meta property=\"og:site_name\" content=\"BC Weed Edible\" \/>\n<meta property=\"article:modified_time\" content=\"2026-03-27T21:52:52+00:00\" \/>\n<meta property=\"og:image\" content=\"https:\/\/stgbc.bcweededible.net\/wp-content\/uploads\/2021\/10\/golden-teachers-magic-mushroom.jpg\" \/>\n\t<meta property=\"og:image:width\" content=\"1024\" \/>\n\t<meta property=\"og:image:height\" content=\"1024\" \/>\n\t<meta property=\"og:image:type\" content=\"image\/jpeg\" \/>\n<meta name=\"twitter:card\" content=\"summary_large_image\" \/>\n<meta name=\"twitter:label1\" content=\"Dur\u00e9e de lecture estim\u00e9e\" \/>\n\t<meta name=\"twitter:data1\" content=\"6 minutes\" \/>\n<script type=\"application\/ld+json\" class=\"yoast-schema-graph\">{\"@context\":\"https:\\\/\\\/schema.org\",\"@graph\":[{\"@type\":\"WebPage\",\"@id\":\"https:\\\/\\\/stgbc.bcweededible.net\\\/fr\\\/buy\\\/champignons-magiques\\\/champignons-secs\\\/golden-teacher\\\/\",\"url\":\"https:\\\/\\\/stgbc.bcweededible.net\\\/fr\\\/buy\\\/champignons-magiques\\\/champignons-secs\\\/golden-teacher\\\/\",\"name\":\"Acheter la Champignons Magiques Golden Teachers en ligne | Dispensaire de champignons Canada | BC Weed Edible\",\"isPartOf\":{\"@id\":\"https:\\\/\\\/stgbc.bcweededible.net\\\/fr\\\/#website\"},\"primaryImageOfPage\":{\"@id\":\"https:\\\/\\\/stgbc.bcweededible.net\\\/fr\\\/buy\\\/champignons-magiques\\\/champignons-secs\\\/golden-teacher\\\/#primaryimage\"},\"image\":{\"@id\":\"https:\\\/\\\/stgbc.bcweededible.net\\\/fr\\\/buy\\\/champignons-magiques\\\/champignons-secs\\\/golden-teacher\\\/#primaryimage\"},\"thumbnailUrl\":\"https:\\\/\\\/stgbc.bcweededible.net\\\/wp-content\\\/uploads\\\/2021\\\/10\\\/golden-teachers-magic-mushroom.jpg\",\"datePublished\":\"2024-04-25T10:39:25+00:00\",\"dateModified\":\"2026-03-27T21:52:52+00:00\",\"breadcrumb\":{\"@id\":\"https:\\\/\\\/stgbc.bcweededible.net\\\/fr\\\/buy\\\/champignons-magiques\\\/champignons-secs\\\/golden-teacher\\\/#breadcrumb\"},\"inLanguage\":\"fr-FR\",\"potentialAction\":[{\"@type\":\"ReadAction\",\"target\":[\"https:\\\/\\\/stgbc.bcweededible.net\\\/fr\\\/buy\\\/champignons-magiques\\\/champignons-secs\\\/golden-teacher\\\/\"]}]},{\"@type\":\"ImageObject\",\"inLanguage\":\"fr-FR\",\"@id\":\"https:\\\/\\\/stgbc.bcweededible.net\\\/fr\\\/buy\\\/champignons-magiques\\\/champignons-secs\\\/golden-teacher\\\/#primaryimage\",\"url\":\"https:\\\/\\\/stgbc.bcweededible.net\\\/wp-content\\\/uploads\\\/2021\\\/10\\\/golden-teachers-magic-mushroom.jpg\",\"contentUrl\":\"https:\\\/\\\/stgbc.bcweededible.net\\\/wp-content\\\/uploads\\\/2021\\\/10\\\/golden-teachers-magic-mushroom.jpg\",\"width\":1024,\"height\":1024,\"caption\":\"Golden Teachers Magic Shrooms\"},{\"@type\":\"BreadcrumbList\",\"@id\":\"https:\\\/\\\/stgbc.bcweededible.net\\\/fr\\\/buy\\\/champignons-magiques\\\/champignons-secs\\\/golden-teacher\\\/#breadcrumb\",\"itemListElement\":[{\"@type\":\"ListItem\",\"position\":1,\"name\":\"Jujubes au Pot Canada\",\"item\":\"https:\\\/\\\/stgbc.bcweededible.net\\\/fr\\\/shop\\\/\"},{\"@type\":\"ListItem\",\"position\":2,\"name\":\"Champignons Magiques Golden Teachers\"}]},{\"@type\":\"WebSite\",\"@id\":\"https:\\\/\\\/stgbc.bcweededible.net\\\/fr\\\/#website\",\"url\":\"https:\\\/\\\/stgbc.bcweededible.net\\\/fr\\\/\",\"name\":\"BC Weed Edible\",\"description\":\"\",\"publisher\":{\"@id\":\"https:\\\/\\\/stgbc.bcweededible.net\\\/fr\\\/#organization\"},\"potentialAction\":[{\"@type\":\"SearchAction\",\"target\":{\"@type\":\"EntryPoint\",\"urlTemplate\":\"https:\\\/\\\/stgbc.bcweededible.net\\\/fr\\\/?s={search_term_string}\"},\"query-input\":{\"@type\":\"PropertyValueSpecification\",\"valueRequired\":true,\"valueName\":\"search_term_string\"}}],\"inLanguage\":\"fr-FR\"},{\"@type\":\"Organization\",\"@id\":\"https:\\\/\\\/stgbc.bcweededible.net\\\/fr\\\/#organization\",\"name\":\"BC Weed Edible\",\"url\":\"https:\\\/\\\/stgbc.bcweededible.net\\\/fr\\\/\",\"logo\":{\"@type\":\"ImageObject\",\"inLanguage\":\"fr-FR\",\"@id\":\"https:\\\/\\\/stgbc.bcweededible.net\\\/fr\\\/#\\\/schema\\\/logo\\\/image\\\/\",\"url\":\"https:\\\/\\\/stgbc.bcweededible.net\\\/wp-content\\\/uploads\\\/2021\\\/12\\\/bc-weed-edible-canada.png\",\"contentUrl\":\"https:\\\/\\\/stgbc.bcweededible.net\\\/wp-content\\\/uploads\\\/2021\\\/12\\\/bc-weed-edible-canada.png\",\"width\":270,\"height\":185,\"caption\":\"BC Weed Edible\"},\"image\":{\"@id\":\"https:\\\/\\\/stgbc.bcweededible.net\\\/fr\\\/#\\\/schema\\\/logo\\\/image\\\/\"}}]}<\/script>\n","yoast_head_json":{"title":"Acheter la Champignons Magiques Golden Teachers en ligne | Dispensaire de champignons Canada | BC Weed Edible","robots":{"index":"index","follow":"follow","max-snippet":"max-snippet:-1","max-image-preview":"max-image-preview:large","max-video-preview":"max-video-preview:-1"},"canonical":"https:\/\/stgbc.bcweededible.net\/fr\/buy\/champignons-magiques\/champignons-secs\/golden-teacher\/","og_locale":"fr_FR","og_type":"article","og_title":"Acheter la Champignons Magiques Golden Teachers en ligne | Dispensaire de champignons Canada | BC Weed Edible","og_description":"VENTE: 70 $ demi-once (r\u00e9g. 99 $), 129 $ \/ oz (r\u00e9g. 159 $) Les champignons magiques Golden Teachers font partie des vari\u00e9t\u00e9s de champignons magiques les plus populaires et les plus courantes. C'est un favori parmi les psychonautes du monde entier pour son profond voyage psych\u00e9d\u00e9lique. Ils sont surtout connus pour leurs propri\u00e9t\u00e9s chamaniques ou leurs effets spirituels plut\u00f4t que pour le simple ''trip'' et offre des niveaux mod\u00e9r\u00e9s de psilocybine et de psilocine. Le nom de cette vari\u00e9t\u00e9 provient de la couleur dor\u00e9e de leurs chapeaux. Consommer des champignons Golden Teachers donnera une sensation d'illumination, ils vous aideront \u00e0 vous connecter avec la nature. Incroyable capacit\u00e9 \u00e0 gu\u00e9rir l'esprit. Ces champignons magiques psych\u00e9d\u00e9liques s'adressent aussi bien aux d\u00e9butants qu'aux v\u00e9t\u00e9rans . Achetez les meilleurs champignons Golden Teachers au Canada. Achetez plus, \u00e9conomisez plus\u00a0: 3,5 grammes = Vente 25 $ (R\u00e9gulier 35 $) 7 grammes = Vente 40 $ (R\u00e9gulier 59 $) 14 grammes = Vente 70 $ (R\u00e9gulier 99 $) 28 grammes = Vente 99 $ (R\u00e9gulier 159 $) Dosage Champignon: Microdose : 0,10 gramme - 0,30 gramme Dose pour d\u00e9butant\u00a0: 0,30 gramme (un quart) - 1 gramme Dose moyenne : 1 gramme - 2,5 grammes Dose \u00e9lev\u00e9e : 2,5 - 3,5 grammes Dose h\u00e9ro\u00efque : 3,5+ grammes D\u00e9tails d'exp\u00e9dition : Nous exp\u00e9dions au Canada seulement avec num\u00e9ro de suivi. Emballage discret.","og_url":"https:\/\/stgbc.bcweededible.net\/fr\/buy\/champignons-magiques\/champignons-secs\/golden-teacher\/","og_site_name":"BC Weed Edible","article_modified_time":"2026-03-27T21:52:52+00:00","og_image":[{"width":1024,"height":1024,"url":"https:\/\/stgbc.bcweededible.net\/wp-content\/uploads\/2021\/10\/golden-teachers-magic-mushroom.jpg","type":"image\/jpeg"}],"twitter_card":"summary_large_image","twitter_misc":{"Dur\u00e9e de lecture estim\u00e9e":"6 minutes"},"schema":{"@context":"https:\/\/schema.org","@graph":[{"@type":"WebPage","@id":"https:\/\/stgbc.bcweededible.net\/fr\/buy\/champignons-magiques\/champignons-secs\/golden-teacher\/","url":"https:\/\/stgbc.bcweededible.net\/fr\/buy\/champignons-magiques\/champignons-secs\/golden-teacher\/","name":"Acheter la Champignons Magiques Golden Teachers en ligne | Dispensaire de champignons Canada | BC Weed Edible","isPartOf":{"@id":"https:\/\/stgbc.bcweededible.net\/fr\/#website"},"primaryImageOfPage":{"@id":"https:\/\/stgbc.bcweededible.net\/fr\/buy\/champignons-magiques\/champignons-secs\/golden-teacher\/#primaryimage"},"image":{"@id":"https:\/\/stgbc.bcweededible.net\/fr\/buy\/champignons-magiques\/champignons-secs\/golden-teacher\/#primaryimage"},"thumbnailUrl":"https:\/\/stgbc.bcweededible.net\/wp-content\/uploads\/2021\/10\/golden-teachers-magic-mushroom.jpg","datePublished":"2024-04-25T10:39:25+00:00","dateModified":"2026-03-27T21:52:52+00:00","breadcrumb":{"@id":"https:\/\/stgbc.bcweededible.net\/fr\/buy\/champignons-magiques\/champignons-secs\/golden-teacher\/#breadcrumb"},"inLanguage":"fr-FR","potentialAction":[{"@type":"ReadAction","target":["https:\/\/stgbc.bcweededible.net\/fr\/buy\/champignons-magiques\/champignons-secs\/golden-teacher\/"]}]},{"@type":"ImageObject","inLanguage":"fr-FR","@id":"https:\/\/stgbc.bcweededible.net\/fr\/buy\/champignons-magiques\/champignons-secs\/golden-teacher\/#primaryimage","url":"https:\/\/stgbc.bcweededible.net\/wp-content\/uploads\/2021\/10\/golden-teachers-magic-mushroom.jpg","contentUrl":"https:\/\/stgbc.bcweededible.net\/wp-content\/uploads\/2021\/10\/golden-teachers-magic-mushroom.jpg","width":1024,"height":1024,"caption":"Golden Teachers Magic Shrooms"},{"@type":"BreadcrumbList","@id":"https:\/\/stgbc.bcweededible.net\/fr\/buy\/champignons-magiques\/champignons-secs\/golden-teacher\/#breadcrumb","itemListElement":[{"@type":"ListItem","position":1,"name":"Jujubes au Pot Canada","item":"https:\/\/stgbc.bcweededible.net\/fr\/shop\/"},{"@type":"ListItem","position":2,"name":"Champignons Magiques Golden Teachers"}]},{"@type":"WebSite","@id":"https:\/\/stgbc.bcweededible.net\/fr\/#website","url":"https:\/\/stgbc.bcweededible.net\/fr\/","name":"BC Weed Edible","description":"","publisher":{"@id":"https:\/\/stgbc.bcweededible.net\/fr\/#organization"},"potentialAction":[{"@type":"SearchAction","target":{"@type":"EntryPoint","urlTemplate":"https:\/\/stgbc.bcweededible.net\/fr\/?s={search_term_string}"},"query-input":{"@type":"PropertyValueSpecification","valueRequired":true,"valueName":"search_term_string"}}],"inLanguage":"fr-FR"},{"@type":"Organization","@id":"https:\/\/stgbc.bcweededible.net\/fr\/#organization","name":"BC Weed Edible","url":"https:\/\/stgbc.bcweededible.net\/fr\/","logo":{"@type":"ImageObject","inLanguage":"fr-FR","@id":"https:\/\/stgbc.bcweededible.net\/fr\/#\/schema\/logo\/image\/","url":"https:\/\/stgbc.bcweededible.net\/wp-content\/uploads\/2021\/12\/bc-weed-edible-canada.png","contentUrl":"https:\/\/stgbc.bcweededible.net\/wp-content\/uploads\/2021\/12\/bc-weed-edible-canada.png","width":270,"height":185,"caption":"BC Weed Edible"},"image":{"@id":"https:\/\/stgbc.bcweededible.net\/fr\/#\/schema\/logo\/image\/"}}]}},"_links":{"self":[{"href":"https:\/\/stgbc.bcweededible.net\/fr\/wp-json\/wp\/v2\/product\/13643","targetHints":{"allow":["GET"]}}],"collection":[{"href":"https:\/\/stgbc.bcweededible.net\/fr\/wp-json\/wp\/v2\/product"}],"about":[{"href":"https:\/\/stgbc.bcweededible.net\/fr\/wp-json\/wp\/v2\/types\/product"}],"replies":[{"embeddable":true,"href":"https:\/\/stgbc.bcweededible.net\/fr\/wp-json\/wp\/v2\/comments?post=13643"}],"wp:featuredmedia":[{"embeddable":true,"href":"https:\/\/stgbc.bcweededible.net\/fr\/wp-json\/wp\/v2\/media\/8826"}],"wp:attachment":[{"href":"https:\/\/stgbc.bcweededible.net\/fr\/wp-json\/wp\/v2\/media?parent=13643"}],"wp:term":[{"taxonomy":"product_brand","embeddable":true,"href":"https:\/\/stgbc.bcweededible.net\/fr\/wp-json\/wp\/v2\/product_brand?post=13643"},{"taxonomy":"product_cat","embeddable":true,"href":"https:\/\/stgbc.bcweededible.net\/fr\/wp-json\/wp\/v2\/product_cat?post=13643"},{"taxonomy":"product_tag","embeddable":true,"href":"https:\/\/stgbc.bcweededible.net\/fr\/wp-json\/wp\/v2\/product_tag?post=13643"}],"curies":[{"name":"wp","href":"https:\/\/api.w.org\/{rel}","templated":true}]}}