{"id":13640,"date":"2021-12-07T19:48:54","date_gmt":"2021-12-08T02:48:54","guid":{"rendered":"http:\/\/bcweededible.net\/buy\/non%20class\u00e9\/comestibles-pour-debutants-10-mg-a-25-mg-de-thc\/"},"modified":"2026-03-19T22:16:08","modified_gmt":"2026-03-20T05:16:08","slug":"comestibles-pour-les-debutants","status":"publish","type":"product","link":"https:\/\/stgbc.bcweededible.net\/fr\/buy\/comestibles\/jujubes\/comestibles-pour-les-debutants\/","title":{"rendered":"Comestibles &#038; Jujubes pour D\u00e9butants"},"content":{"rendered":"","protected":false},"excerpt":{"rendered":"<p>Cet ensemble sp\u00e9cial est fait pour tous ceux qui sont <strong>d\u00e9butants avec les produits comestibles<\/strong> et le cannabis en g\u00e9n\u00e9ral. Si vous ne l&#8217;avez jamais essay\u00e9 auparavant ou si vous voulez en faire l&#8217;exp\u00e9rience avec des amis, cet ensemble est fait pour vous. Avant d&#8217;acheter cet ensemble, nous vous sugg\u00e9rons fortement de <strong>lire notre <a href=\"https:\/\/stgbc.bcweededible.net\/fr\/tableau-dosage-comestibles-pot\/\">tableau de dosage comestible par poids<\/a><\/strong> qui vous aidera \u00e0 d\u00e9terminer le dosage dont vous avez besoin pour l&#8217;exp\u00e9rience. La <strong>dose maximale recommand\u00e9e pour les d\u00e9butants est de 10 mg<\/strong> et vous devez attendre au moins 2 heures avant d&#8217;ing\u00e9rer d&#8217;autres produits comestibles.<\/p>\n<p>Cet ensemble comprend certains de nos produits comestibles les plus vendus <strong>entre 10 mg et 25 mg de THC par portion<\/strong> . <strong>\u00c9conomisez 15\u00a0% sur le prix de vente<\/strong> en achetant ce produit. La plupart de nos produits comestibles sont vegan, comme nos chocolats et nos jujubes .<\/p>\n<h3>Qu&#8217;y a-t-il dans cet ensemble pour d\u00e9butants?<\/h3>\n<p>Dans cet ensemble, vous obtiendrez :<\/p>\n<ul>\n<li><a href=\"https:\/\/stgbc.bcweededible.net\/fr\/buy\/marques\/eden-edibles-fr\/20mg-thc-jujubes\/\">Jujubes THC 10x 20mg<\/a>(8 paquets : 4 Sativas, 4 Indicas )<\/li>\n<li><a href=\"https:\/\/stgbc.bcweededible.net\/fr\/buy\/marques\/eden-edibles-fr\/barre-de-chocolat-thc\/\">Barre de chocolat THC 240mg<\/a><\/li>\n<li><a href=\"https:\/\/stgbc.bcweededible.net\/fr\/buy\/comestibles\/pas-cher\/25mg-thc-brownie\/\">4x Brownies THC 25mg<\/a><\/li>\n<\/ul>\n<p><strong>Avertissement :<\/strong> Ne pas utiliser si vous \u00eates enceinte, ne pas conduire ou utiliser de la\u00a0 machinerie lourde apr\u00e8s ingestion. Tenir hors de port\u00e9e des enfants et des animaux domestiques.<\/p>\n<p><strong>Conservation :<\/strong> 6 mois au r\u00e9frig\u00e9rateur, 2 mois \u00e0 temp\u00e9rature ambiante.<\/p>\n","protected":false},"featured_media":116050,"comment_status":"open","ping_status":"closed","template":"","meta":[],"product_brand":[],"product_cat":[244,276],"product_tag":[588,338],"class_list":{"0":"post-13640","1":"product","2":"type-product","3":"status-publish","4":"has-post-thumbnail","6":"product_cat-comestibles","7":"product_cat-jujubes","8":"product_tag-10mg-gummies","9":"product_tag-20mg-fr","11":"first","12":"instock","13":"sale","14":"shipping-taxable","15":"purchasable","16":"product-type-mix-and-match"},"yoast_head":"\n<title>Acheter des produits comestibles pour d\u00e9butants en ligne Canada | Dispensaire comestible | BC Weed Edible<\/title>\n<meta name=\"robots\" content=\"index, follow, max-snippet:-1, max-image-preview:large, max-video-preview:-1\" \/>\n<link rel=\"canonical\" href=\"https:\/\/stgbc.bcweededible.net\/fr\/buy\/comestibles\/jujubes\/comestibles-pour-les-debutants\/\" \/>\n<meta property=\"og:locale\" content=\"fr_FR\" \/>\n<meta property=\"og:type\" content=\"article\" \/>\n<meta property=\"og:title\" content=\"Acheter des produits comestibles pour d\u00e9butants en ligne Canada | Dispensaire comestible | BC Weed Edible\" \/>\n<meta property=\"og:description\" content=\"Cet ensemble sp\u00e9cial est fait pour tous ceux qui sont d\u00e9butants avec les produits comestibles et le cannabis en g\u00e9n\u00e9ral. Si vous ne l&#039;avez jamais essay\u00e9 auparavant ou si vous voulez en faire l&#039;exp\u00e9rience avec des amis, cet ensemble est fait pour vous. Avant d&#039;acheter cet ensemble, nous vous sugg\u00e9rons fortement de lire notre tableau de dosage comestible par poids qui vous aidera \u00e0 d\u00e9terminer le dosage dont vous avez besoin pour l&#039;exp\u00e9rience. La dose maximale recommand\u00e9e pour les d\u00e9butants est de 10 mg et vous devez attendre au moins 2 heures avant d&#039;ing\u00e9rer d&#039;autres produits comestibles. Cet ensemble comprend certains de nos produits comestibles les plus vendus entre 10 mg et 25 mg de THC par portion . \u00c9conomisez 15\u00a0% sur le prix de vente en achetant ce produit. La plupart de nos produits comestibles sont vegan, comme nos chocolats et nos jujubes . Qu&#039;y a-t-il dans cet ensemble pour d\u00e9butants? Dans cet ensemble, vous obtiendrez : Jujubes THC 10x 20mg(8 paquets : 4 Sativas, 4 Indicas ) Barre de chocolat THC 240mg 4x Brownies THC 25mg Avertissement : Ne pas utiliser si vous \u00eates enceinte, ne pas conduire ou utiliser de la\u00a0 machinerie lourde apr\u00e8s ingestion. Tenir hors de port\u00e9e des enfants et des animaux domestiques. Conservation : 6 mois au r\u00e9frig\u00e9rateur, 2 mois \u00e0 temp\u00e9rature ambiante.\" \/>\n<meta property=\"og:url\" content=\"https:\/\/stgbc.bcweededible.net\/fr\/buy\/comestibles\/jujubes\/comestibles-pour-les-debutants\/\" \/>\n<meta property=\"og:site_name\" content=\"BC Weed Edible\" \/>\n<meta property=\"article:modified_time\" content=\"2026-03-20T05:16:08+00:00\" \/>\n<meta property=\"og:image\" content=\"https:\/\/stgbc.bcweededible.net\/wp-content\/uploads\/2021\/12\/Beginner-Bundle-01.jpg\" \/>\n\t<meta property=\"og:image:width\" content=\"1080\" \/>\n\t<meta property=\"og:image:height\" content=\"1080\" \/>\n\t<meta property=\"og:image:type\" content=\"image\/jpeg\" \/>\n<meta name=\"twitter:card\" content=\"summary_large_image\" \/>\n<script type=\"application\/ld+json\" class=\"yoast-schema-graph\">{\"@context\":\"https:\\\/\\\/schema.org\",\"@graph\":[{\"@type\":\"WebPage\",\"@id\":\"https:\\\/\\\/stgbc.bcweededible.net\\\/fr\\\/buy\\\/comestibles\\\/jujubes\\\/comestibles-pour-les-debutants\\\/\",\"url\":\"https:\\\/\\\/stgbc.bcweededible.net\\\/fr\\\/buy\\\/comestibles\\\/jujubes\\\/comestibles-pour-les-debutants\\\/\",\"name\":\"Acheter des produits comestibles pour d\u00e9butants en ligne Canada | Dispensaire comestible | BC Weed Edible\",\"isPartOf\":{\"@id\":\"https:\\\/\\\/stgbc.bcweededible.net\\\/fr\\\/#website\"},\"primaryImageOfPage\":{\"@id\":\"https:\\\/\\\/stgbc.bcweededible.net\\\/fr\\\/buy\\\/comestibles\\\/jujubes\\\/comestibles-pour-les-debutants\\\/#primaryimage\"},\"image\":{\"@id\":\"https:\\\/\\\/stgbc.bcweededible.net\\\/fr\\\/buy\\\/comestibles\\\/jujubes\\\/comestibles-pour-les-debutants\\\/#primaryimage\"},\"thumbnailUrl\":\"https:\\\/\\\/stgbc.bcweededible.net\\\/wp-content\\\/uploads\\\/2021\\\/12\\\/Beginner-Bundle-01.jpg\",\"datePublished\":\"2021-12-08T02:48:54+00:00\",\"dateModified\":\"2026-03-20T05:16:08+00:00\",\"breadcrumb\":{\"@id\":\"https:\\\/\\\/stgbc.bcweededible.net\\\/fr\\\/buy\\\/comestibles\\\/jujubes\\\/comestibles-pour-les-debutants\\\/#breadcrumb\"},\"inLanguage\":\"fr-FR\",\"potentialAction\":[{\"@type\":\"ReadAction\",\"target\":[\"https:\\\/\\\/stgbc.bcweededible.net\\\/fr\\\/buy\\\/comestibles\\\/jujubes\\\/comestibles-pour-les-debutants\\\/\"]}]},{\"@type\":\"ImageObject\",\"inLanguage\":\"fr-FR\",\"@id\":\"https:\\\/\\\/stgbc.bcweededible.net\\\/fr\\\/buy\\\/comestibles\\\/jujubes\\\/comestibles-pour-les-debutants\\\/#primaryimage\",\"url\":\"https:\\\/\\\/stgbc.bcweededible.net\\\/wp-content\\\/uploads\\\/2021\\\/12\\\/Beginner-Bundle-01.jpg\",\"contentUrl\":\"https:\\\/\\\/stgbc.bcweededible.net\\\/wp-content\\\/uploads\\\/2021\\\/12\\\/Beginner-Bundle-01.jpg\",\"width\":1080,\"height\":1080,\"caption\":\"edibles for beginners bundle\"},{\"@type\":\"BreadcrumbList\",\"@id\":\"https:\\\/\\\/stgbc.bcweededible.net\\\/fr\\\/buy\\\/comestibles\\\/jujubes\\\/comestibles-pour-les-debutants\\\/#breadcrumb\",\"itemListElement\":[{\"@type\":\"ListItem\",\"position\":1,\"name\":\"Jujubes au Pot Canada\",\"item\":\"https:\\\/\\\/stgbc.bcweededible.net\\\/fr\\\/shop\\\/\"},{\"@type\":\"ListItem\",\"position\":2,\"name\":\"Comestibles &#038; Jujubes pour D\u00e9butants\"}]},{\"@type\":\"WebSite\",\"@id\":\"https:\\\/\\\/stgbc.bcweededible.net\\\/fr\\\/#website\",\"url\":\"https:\\\/\\\/stgbc.bcweededible.net\\\/fr\\\/\",\"name\":\"BC Weed Edible\",\"description\":\"\",\"publisher\":{\"@id\":\"https:\\\/\\\/stgbc.bcweededible.net\\\/fr\\\/#organization\"},\"potentialAction\":[{\"@type\":\"SearchAction\",\"target\":{\"@type\":\"EntryPoint\",\"urlTemplate\":\"https:\\\/\\\/stgbc.bcweededible.net\\\/fr\\\/?s={search_term_string}\"},\"query-input\":{\"@type\":\"PropertyValueSpecification\",\"valueRequired\":true,\"valueName\":\"search_term_string\"}}],\"inLanguage\":\"fr-FR\"},{\"@type\":\"Organization\",\"@id\":\"https:\\\/\\\/stgbc.bcweededible.net\\\/fr\\\/#organization\",\"name\":\"BC Weed Edible\",\"url\":\"https:\\\/\\\/stgbc.bcweededible.net\\\/fr\\\/\",\"logo\":{\"@type\":\"ImageObject\",\"inLanguage\":\"fr-FR\",\"@id\":\"https:\\\/\\\/stgbc.bcweededible.net\\\/fr\\\/#\\\/schema\\\/logo\\\/image\\\/\",\"url\":\"https:\\\/\\\/stgbc.bcweededible.net\\\/wp-content\\\/uploads\\\/2021\\\/12\\\/bc-weed-edible-canada.png\",\"contentUrl\":\"https:\\\/\\\/stgbc.bcweededible.net\\\/wp-content\\\/uploads\\\/2021\\\/12\\\/bc-weed-edible-canada.png\",\"width\":270,\"height\":185,\"caption\":\"BC Weed Edible\"},\"image\":{\"@id\":\"https:\\\/\\\/stgbc.bcweededible.net\\\/fr\\\/#\\\/schema\\\/logo\\\/image\\\/\"}}]}<\/script>\n","yoast_head_json":{"title":"Acheter des produits comestibles pour d\u00e9butants en ligne Canada | Dispensaire comestible | BC Weed Edible","robots":{"index":"index","follow":"follow","max-snippet":"max-snippet:-1","max-image-preview":"max-image-preview:large","max-video-preview":"max-video-preview:-1"},"canonical":"https:\/\/stgbc.bcweededible.net\/fr\/buy\/comestibles\/jujubes\/comestibles-pour-les-debutants\/","og_locale":"fr_FR","og_type":"article","og_title":"Acheter des produits comestibles pour d\u00e9butants en ligne Canada | Dispensaire comestible | BC Weed Edible","og_description":"Cet ensemble sp\u00e9cial est fait pour tous ceux qui sont d\u00e9butants avec les produits comestibles et le cannabis en g\u00e9n\u00e9ral. Si vous ne l'avez jamais essay\u00e9 auparavant ou si vous voulez en faire l'exp\u00e9rience avec des amis, cet ensemble est fait pour vous. Avant d'acheter cet ensemble, nous vous sugg\u00e9rons fortement de lire notre tableau de dosage comestible par poids qui vous aidera \u00e0 d\u00e9terminer le dosage dont vous avez besoin pour l'exp\u00e9rience. La dose maximale recommand\u00e9e pour les d\u00e9butants est de 10 mg et vous devez attendre au moins 2 heures avant d'ing\u00e9rer d'autres produits comestibles. Cet ensemble comprend certains de nos produits comestibles les plus vendus entre 10 mg et 25 mg de THC par portion . \u00c9conomisez 15\u00a0% sur le prix de vente en achetant ce produit. La plupart de nos produits comestibles sont vegan, comme nos chocolats et nos jujubes . Qu'y a-t-il dans cet ensemble pour d\u00e9butants? Dans cet ensemble, vous obtiendrez : Jujubes THC 10x 20mg(8 paquets : 4 Sativas, 4 Indicas ) Barre de chocolat THC 240mg 4x Brownies THC 25mg Avertissement : Ne pas utiliser si vous \u00eates enceinte, ne pas conduire ou utiliser de la\u00a0 machinerie lourde apr\u00e8s ingestion. Tenir hors de port\u00e9e des enfants et des animaux domestiques. Conservation : 6 mois au r\u00e9frig\u00e9rateur, 2 mois \u00e0 temp\u00e9rature ambiante.","og_url":"https:\/\/stgbc.bcweededible.net\/fr\/buy\/comestibles\/jujubes\/comestibles-pour-les-debutants\/","og_site_name":"BC Weed Edible","article_modified_time":"2026-03-20T05:16:08+00:00","og_image":[{"width":1080,"height":1080,"url":"https:\/\/stgbc.bcweededible.net\/wp-content\/uploads\/2021\/12\/Beginner-Bundle-01.jpg","type":"image\/jpeg"}],"twitter_card":"summary_large_image","schema":{"@context":"https:\/\/schema.org","@graph":[{"@type":"WebPage","@id":"https:\/\/stgbc.bcweededible.net\/fr\/buy\/comestibles\/jujubes\/comestibles-pour-les-debutants\/","url":"https:\/\/stgbc.bcweededible.net\/fr\/buy\/comestibles\/jujubes\/comestibles-pour-les-debutants\/","name":"Acheter des produits comestibles pour d\u00e9butants en ligne Canada | Dispensaire comestible | BC Weed Edible","isPartOf":{"@id":"https:\/\/stgbc.bcweededible.net\/fr\/#website"},"primaryImageOfPage":{"@id":"https:\/\/stgbc.bcweededible.net\/fr\/buy\/comestibles\/jujubes\/comestibles-pour-les-debutants\/#primaryimage"},"image":{"@id":"https:\/\/stgbc.bcweededible.net\/fr\/buy\/comestibles\/jujubes\/comestibles-pour-les-debutants\/#primaryimage"},"thumbnailUrl":"https:\/\/stgbc.bcweededible.net\/wp-content\/uploads\/2021\/12\/Beginner-Bundle-01.jpg","datePublished":"2021-12-08T02:48:54+00:00","dateModified":"2026-03-20T05:16:08+00:00","breadcrumb":{"@id":"https:\/\/stgbc.bcweededible.net\/fr\/buy\/comestibles\/jujubes\/comestibles-pour-les-debutants\/#breadcrumb"},"inLanguage":"fr-FR","potentialAction":[{"@type":"ReadAction","target":["https:\/\/stgbc.bcweededible.net\/fr\/buy\/comestibles\/jujubes\/comestibles-pour-les-debutants\/"]}]},{"@type":"ImageObject","inLanguage":"fr-FR","@id":"https:\/\/stgbc.bcweededible.net\/fr\/buy\/comestibles\/jujubes\/comestibles-pour-les-debutants\/#primaryimage","url":"https:\/\/stgbc.bcweededible.net\/wp-content\/uploads\/2021\/12\/Beginner-Bundle-01.jpg","contentUrl":"https:\/\/stgbc.bcweededible.net\/wp-content\/uploads\/2021\/12\/Beginner-Bundle-01.jpg","width":1080,"height":1080,"caption":"edibles for beginners bundle"},{"@type":"BreadcrumbList","@id":"https:\/\/stgbc.bcweededible.net\/fr\/buy\/comestibles\/jujubes\/comestibles-pour-les-debutants\/#breadcrumb","itemListElement":[{"@type":"ListItem","position":1,"name":"Jujubes au Pot Canada","item":"https:\/\/stgbc.bcweededible.net\/fr\/shop\/"},{"@type":"ListItem","position":2,"name":"Comestibles &#038; Jujubes pour D\u00e9butants"}]},{"@type":"WebSite","@id":"https:\/\/stgbc.bcweededible.net\/fr\/#website","url":"https:\/\/stgbc.bcweededible.net\/fr\/","name":"BC Weed Edible","description":"","publisher":{"@id":"https:\/\/stgbc.bcweededible.net\/fr\/#organization"},"potentialAction":[{"@type":"SearchAction","target":{"@type":"EntryPoint","urlTemplate":"https:\/\/stgbc.bcweededible.net\/fr\/?s={search_term_string}"},"query-input":{"@type":"PropertyValueSpecification","valueRequired":true,"valueName":"search_term_string"}}],"inLanguage":"fr-FR"},{"@type":"Organization","@id":"https:\/\/stgbc.bcweededible.net\/fr\/#organization","name":"BC Weed Edible","url":"https:\/\/stgbc.bcweededible.net\/fr\/","logo":{"@type":"ImageObject","inLanguage":"fr-FR","@id":"https:\/\/stgbc.bcweededible.net\/fr\/#\/schema\/logo\/image\/","url":"https:\/\/stgbc.bcweededible.net\/wp-content\/uploads\/2021\/12\/bc-weed-edible-canada.png","contentUrl":"https:\/\/stgbc.bcweededible.net\/wp-content\/uploads\/2021\/12\/bc-weed-edible-canada.png","width":270,"height":185,"caption":"BC Weed Edible"},"image":{"@id":"https:\/\/stgbc.bcweededible.net\/fr\/#\/schema\/logo\/image\/"}}]}},"_links":{"self":[{"href":"https:\/\/stgbc.bcweededible.net\/fr\/wp-json\/wp\/v2\/product\/13640","targetHints":{"allow":["GET"]}}],"collection":[{"href":"https:\/\/stgbc.bcweededible.net\/fr\/wp-json\/wp\/v2\/product"}],"about":[{"href":"https:\/\/stgbc.bcweededible.net\/fr\/wp-json\/wp\/v2\/types\/product"}],"replies":[{"embeddable":true,"href":"https:\/\/stgbc.bcweededible.net\/fr\/wp-json\/wp\/v2\/comments?post=13640"}],"wp:featuredmedia":[{"embeddable":true,"href":"https:\/\/stgbc.bcweededible.net\/fr\/wp-json\/wp\/v2\/media\/116050"}],"wp:attachment":[{"href":"https:\/\/stgbc.bcweededible.net\/fr\/wp-json\/wp\/v2\/media?parent=13640"}],"wp:term":[{"taxonomy":"product_brand","embeddable":true,"href":"https:\/\/stgbc.bcweededible.net\/fr\/wp-json\/wp\/v2\/product_brand?post=13640"},{"taxonomy":"product_cat","embeddable":true,"href":"https:\/\/stgbc.bcweededible.net\/fr\/wp-json\/wp\/v2\/product_cat?post=13640"},{"taxonomy":"product_tag","embeddable":true,"href":"https:\/\/stgbc.bcweededible.net\/fr\/wp-json\/wp\/v2\/product_tag?post=13640"}],"curies":[{"name":"wp","href":"https:\/\/api.w.org\/{rel}","templated":true}]}}