{"id":13632,"date":"2022-01-31T19:32:59","date_gmt":"2022-04-08T19:22:42","guid":{"rendered":"http:\/\/bcweededible.net\/buy\/non%20class\u00e9\/chocolats-1000mg-thc-2x500mg\/"},"modified":"2025-04-27T08:04:34","modified_gmt":"2025-04-27T15:04:34","slug":"1000mg-thc-chocolats","status":"publish","type":"product","link":"https:\/\/stgbc.bcweededible.net\/fr\/buy\/comestibles\/1000mg-edible\/1000mg-thc-chocolats\/","title":{"rendered":"Chocolat THC 1000mg (2x500mg)"},"content":{"rendered":"","protected":false},"excerpt":{"rendered":"<div class=\"woocommerce-product-details__short-description\">\n<p>Nos <strong>chocolats au THC<\/strong><strong>1000 mg<\/strong> sont fabriqu\u00e9s avec un distillat de THC de haute qualit\u00e9.<\/p>\n<p>Facile \u00e0 transporter et parfait pour vous g\u00e2ter et enfin profiter d&#8217;un produit de grande qualit\u00e9 gustative.<\/p>\n<p><strong>1000mg est un dosage pour les patients ayant des probl\u00e8mes de sant\u00e9 s\u00e9rieux et qui ont besoin de se m\u00e9dicamenter quotidiennement au meilleur prix<\/strong> . Chaque paquet contient 2 chocolats d&#8217;une puissance de 500 mg de THC chacun.<\/p>\n<p><strong>Ingr\u00e9dients :<\/strong> chocolat 72%, distillat THC<br \/>\n<strong>Conservation :<\/strong> 6 mois au r\u00e9frig\u00e9rateur.<br \/>\n<strong>Achetez plus, \u00e9conomisez plus<\/strong> : obtenez jusqu&#8217;\u00e0 20 % de r\u00e9duction sur vos produits comestibles lors de l&#8217;achat de plusieurs paquets<\/p>\n<\/div>\n","protected":false},"featured_media":10403,"comment_status":"open","ping_status":"closed","template":"","meta":[],"product_brand":[],"product_cat":[207,274,244,278,280],"product_tag":[382],"class_list":{"0":"post-13632","1":"product","2":"type-product","3":"status-publish","4":"has-post-thumbnail","6":"product_cat-1000mg-edible","7":"product_cat-chocolat","8":"product_cat-comestibles","9":"product_cat-puissant","10":"product_cat-vegan-fr","11":"product_tag-1000mg-fr","13":"first","14":"outofstock","15":"shipping-taxable","16":"purchasable","17":"product-type-simple"},"yoast_head":"\n<title>Acheter Chocolat THC 1000mg (2x500mg) en Ligne Canada | BC Weed Edible<\/title>\n<meta name=\"robots\" content=\"index, follow, max-snippet:-1, max-image-preview:large, max-video-preview:-1\" \/>\n<link rel=\"canonical\" href=\"https:\/\/stgbc.bcweededible.net\/fr\/buy\/comestibles\/1000mg-edible\/1000mg-thc-chocolats\/\" \/>\n<meta property=\"og:locale\" content=\"fr_FR\" \/>\n<meta property=\"og:type\" content=\"article\" \/>\n<meta property=\"og:title\" content=\"Acheter Chocolat THC 1000mg (2x500mg) en Ligne Canada | BC Weed Edible\" \/>\n<meta property=\"og:description\" content=\"Nos chocolats au THC 1000 mg sont fabriqu\u00e9s avec un distillat de THC de haute qualit\u00e9. Facile \u00e0 transporter et parfait pour vous g\u00e2ter et enfin profiter d&#039;un produit de grande qualit\u00e9 gustative. 1000mg est un dosage pour les patients ayant des probl\u00e8mes de sant\u00e9 s\u00e9rieux et qui ont besoin de se m\u00e9dicamenter quotidiennement au meilleur prix . Chaque paquet contient 2 chocolats d&#039;une puissance de 500 mg de THC chacun. Ingr\u00e9dients : chocolat 72%, distillat THC Conservation : 6 mois au r\u00e9frig\u00e9rateur. Achetez plus, \u00e9conomisez plus : obtenez jusqu&#039;\u00e0 20 % de r\u00e9duction sur vos produits comestibles lors de l&#039;achat de plusieurs paquets\" \/>\n<meta property=\"og:url\" content=\"https:\/\/stgbc.bcweededible.net\/fr\/buy\/comestibles\/1000mg-edible\/1000mg-thc-chocolats\/\" \/>\n<meta property=\"og:site_name\" content=\"BC Weed Edible\" \/>\n<meta property=\"article:modified_time\" content=\"2025-04-27T15:04:34+00:00\" \/>\n<meta property=\"og:image\" content=\"https:\/\/stgbc.bcweededible.net\/wp-content\/uploads\/2021\/03\/1000mg-thc-chocolate.jpg\" \/>\n\t<meta property=\"og:image:width\" content=\"600\" \/>\n\t<meta property=\"og:image:height\" content=\"600\" \/>\n\t<meta property=\"og:image:type\" content=\"image\/jpeg\" \/>\n<meta name=\"twitter:card\" content=\"summary_large_image\" \/>\n<script type=\"application\/ld+json\" class=\"yoast-schema-graph\">{\"@context\":\"https:\\\/\\\/schema.org\",\"@graph\":[{\"@type\":\"WebPage\",\"@id\":\"https:\\\/\\\/stgbc.bcweededible.net\\\/fr\\\/buy\\\/comestibles\\\/1000mg-edible\\\/1000mg-thc-chocolats\\\/\",\"url\":\"https:\\\/\\\/stgbc.bcweededible.net\\\/fr\\\/buy\\\/comestibles\\\/1000mg-edible\\\/1000mg-thc-chocolats\\\/\",\"name\":\"Acheter Chocolat THC 1000mg (2x500mg) en Ligne Canada | BC Weed Edible\",\"isPartOf\":{\"@id\":\"https:\\\/\\\/stgbc.bcweededible.net\\\/fr\\\/#website\"},\"primaryImageOfPage\":{\"@id\":\"https:\\\/\\\/stgbc.bcweededible.net\\\/fr\\\/buy\\\/comestibles\\\/1000mg-edible\\\/1000mg-thc-chocolats\\\/#primaryimage\"},\"image\":{\"@id\":\"https:\\\/\\\/stgbc.bcweededible.net\\\/fr\\\/buy\\\/comestibles\\\/1000mg-edible\\\/1000mg-thc-chocolats\\\/#primaryimage\"},\"thumbnailUrl\":\"https:\\\/\\\/stgbc.bcweededible.net\\\/wp-content\\\/uploads\\\/2021\\\/03\\\/1000mg-thc-chocolate.jpg\",\"datePublished\":\"2022-04-08T19:22:42+00:00\",\"dateModified\":\"2025-04-27T15:04:34+00:00\",\"breadcrumb\":{\"@id\":\"https:\\\/\\\/stgbc.bcweededible.net\\\/fr\\\/buy\\\/comestibles\\\/1000mg-edible\\\/1000mg-thc-chocolats\\\/#breadcrumb\"},\"inLanguage\":\"fr-FR\",\"potentialAction\":[{\"@type\":\"ReadAction\",\"target\":[\"https:\\\/\\\/stgbc.bcweededible.net\\\/fr\\\/buy\\\/comestibles\\\/1000mg-edible\\\/1000mg-thc-chocolats\\\/\"]}]},{\"@type\":\"ImageObject\",\"inLanguage\":\"fr-FR\",\"@id\":\"https:\\\/\\\/stgbc.bcweededible.net\\\/fr\\\/buy\\\/comestibles\\\/1000mg-edible\\\/1000mg-thc-chocolats\\\/#primaryimage\",\"url\":\"https:\\\/\\\/stgbc.bcweededible.net\\\/wp-content\\\/uploads\\\/2021\\\/03\\\/1000mg-thc-chocolate.jpg\",\"contentUrl\":\"https:\\\/\\\/stgbc.bcweededible.net\\\/wp-content\\\/uploads\\\/2021\\\/03\\\/1000mg-thc-chocolate.jpg\",\"width\":600,\"height\":600,\"caption\":\"1000mg thc chocolate edible\"},{\"@type\":\"BreadcrumbList\",\"@id\":\"https:\\\/\\\/stgbc.bcweededible.net\\\/fr\\\/buy\\\/comestibles\\\/1000mg-edible\\\/1000mg-thc-chocolats\\\/#breadcrumb\",\"itemListElement\":[{\"@type\":\"ListItem\",\"position\":1,\"name\":\"Jujubes au Pot Canada\",\"item\":\"https:\\\/\\\/stgbc.bcweededible.net\\\/fr\\\/shop\\\/\"},{\"@type\":\"ListItem\",\"position\":2,\"name\":\"Chocolat THC 1000mg (2x500mg)\"}]},{\"@type\":\"WebSite\",\"@id\":\"https:\\\/\\\/stgbc.bcweededible.net\\\/fr\\\/#website\",\"url\":\"https:\\\/\\\/stgbc.bcweededible.net\\\/fr\\\/\",\"name\":\"BC Weed Edible\",\"description\":\"\",\"publisher\":{\"@id\":\"https:\\\/\\\/stgbc.bcweededible.net\\\/fr\\\/#organization\"},\"potentialAction\":[{\"@type\":\"SearchAction\",\"target\":{\"@type\":\"EntryPoint\",\"urlTemplate\":\"https:\\\/\\\/stgbc.bcweededible.net\\\/fr\\\/?s={search_term_string}\"},\"query-input\":{\"@type\":\"PropertyValueSpecification\",\"valueRequired\":true,\"valueName\":\"search_term_string\"}}],\"inLanguage\":\"fr-FR\"},{\"@type\":\"Organization\",\"@id\":\"https:\\\/\\\/stgbc.bcweededible.net\\\/fr\\\/#organization\",\"name\":\"BC Weed Edible\",\"url\":\"https:\\\/\\\/stgbc.bcweededible.net\\\/fr\\\/\",\"logo\":{\"@type\":\"ImageObject\",\"inLanguage\":\"fr-FR\",\"@id\":\"https:\\\/\\\/stgbc.bcweededible.net\\\/fr\\\/#\\\/schema\\\/logo\\\/image\\\/\",\"url\":\"https:\\\/\\\/stgbc.bcweededible.net\\\/wp-content\\\/uploads\\\/2021\\\/12\\\/bc-weed-edible-canada.png\",\"contentUrl\":\"https:\\\/\\\/stgbc.bcweededible.net\\\/wp-content\\\/uploads\\\/2021\\\/12\\\/bc-weed-edible-canada.png\",\"width\":270,\"height\":185,\"caption\":\"BC Weed Edible\"},\"image\":{\"@id\":\"https:\\\/\\\/stgbc.bcweededible.net\\\/fr\\\/#\\\/schema\\\/logo\\\/image\\\/\"}}]}<\/script>\n","yoast_head_json":{"title":"Acheter Chocolat THC 1000mg (2x500mg) en Ligne Canada | BC Weed Edible","robots":{"index":"index","follow":"follow","max-snippet":"max-snippet:-1","max-image-preview":"max-image-preview:large","max-video-preview":"max-video-preview:-1"},"canonical":"https:\/\/stgbc.bcweededible.net\/fr\/buy\/comestibles\/1000mg-edible\/1000mg-thc-chocolats\/","og_locale":"fr_FR","og_type":"article","og_title":"Acheter Chocolat THC 1000mg (2x500mg) en Ligne Canada | BC Weed Edible","og_description":"Nos chocolats au THC 1000 mg sont fabriqu\u00e9s avec un distillat de THC de haute qualit\u00e9. Facile \u00e0 transporter et parfait pour vous g\u00e2ter et enfin profiter d'un produit de grande qualit\u00e9 gustative. 1000mg est un dosage pour les patients ayant des probl\u00e8mes de sant\u00e9 s\u00e9rieux et qui ont besoin de se m\u00e9dicamenter quotidiennement au meilleur prix . Chaque paquet contient 2 chocolats d'une puissance de 500 mg de THC chacun. Ingr\u00e9dients : chocolat 72%, distillat THC Conservation : 6 mois au r\u00e9frig\u00e9rateur. Achetez plus, \u00e9conomisez plus : obtenez jusqu'\u00e0 20 % de r\u00e9duction sur vos produits comestibles lors de l'achat de plusieurs paquets","og_url":"https:\/\/stgbc.bcweededible.net\/fr\/buy\/comestibles\/1000mg-edible\/1000mg-thc-chocolats\/","og_site_name":"BC Weed Edible","article_modified_time":"2025-04-27T15:04:34+00:00","og_image":[{"width":600,"height":600,"url":"https:\/\/stgbc.bcweededible.net\/wp-content\/uploads\/2021\/03\/1000mg-thc-chocolate.jpg","type":"image\/jpeg"}],"twitter_card":"summary_large_image","schema":{"@context":"https:\/\/schema.org","@graph":[{"@type":"WebPage","@id":"https:\/\/stgbc.bcweededible.net\/fr\/buy\/comestibles\/1000mg-edible\/1000mg-thc-chocolats\/","url":"https:\/\/stgbc.bcweededible.net\/fr\/buy\/comestibles\/1000mg-edible\/1000mg-thc-chocolats\/","name":"Acheter Chocolat THC 1000mg (2x500mg) en Ligne Canada | BC Weed Edible","isPartOf":{"@id":"https:\/\/stgbc.bcweededible.net\/fr\/#website"},"primaryImageOfPage":{"@id":"https:\/\/stgbc.bcweededible.net\/fr\/buy\/comestibles\/1000mg-edible\/1000mg-thc-chocolats\/#primaryimage"},"image":{"@id":"https:\/\/stgbc.bcweededible.net\/fr\/buy\/comestibles\/1000mg-edible\/1000mg-thc-chocolats\/#primaryimage"},"thumbnailUrl":"https:\/\/stgbc.bcweededible.net\/wp-content\/uploads\/2021\/03\/1000mg-thc-chocolate.jpg","datePublished":"2022-04-08T19:22:42+00:00","dateModified":"2025-04-27T15:04:34+00:00","breadcrumb":{"@id":"https:\/\/stgbc.bcweededible.net\/fr\/buy\/comestibles\/1000mg-edible\/1000mg-thc-chocolats\/#breadcrumb"},"inLanguage":"fr-FR","potentialAction":[{"@type":"ReadAction","target":["https:\/\/stgbc.bcweededible.net\/fr\/buy\/comestibles\/1000mg-edible\/1000mg-thc-chocolats\/"]}]},{"@type":"ImageObject","inLanguage":"fr-FR","@id":"https:\/\/stgbc.bcweededible.net\/fr\/buy\/comestibles\/1000mg-edible\/1000mg-thc-chocolats\/#primaryimage","url":"https:\/\/stgbc.bcweededible.net\/wp-content\/uploads\/2021\/03\/1000mg-thc-chocolate.jpg","contentUrl":"https:\/\/stgbc.bcweededible.net\/wp-content\/uploads\/2021\/03\/1000mg-thc-chocolate.jpg","width":600,"height":600,"caption":"1000mg thc chocolate edible"},{"@type":"BreadcrumbList","@id":"https:\/\/stgbc.bcweededible.net\/fr\/buy\/comestibles\/1000mg-edible\/1000mg-thc-chocolats\/#breadcrumb","itemListElement":[{"@type":"ListItem","position":1,"name":"Jujubes au Pot Canada","item":"https:\/\/stgbc.bcweededible.net\/fr\/shop\/"},{"@type":"ListItem","position":2,"name":"Chocolat THC 1000mg (2x500mg)"}]},{"@type":"WebSite","@id":"https:\/\/stgbc.bcweededible.net\/fr\/#website","url":"https:\/\/stgbc.bcweededible.net\/fr\/","name":"BC Weed Edible","description":"","publisher":{"@id":"https:\/\/stgbc.bcweededible.net\/fr\/#organization"},"potentialAction":[{"@type":"SearchAction","target":{"@type":"EntryPoint","urlTemplate":"https:\/\/stgbc.bcweededible.net\/fr\/?s={search_term_string}"},"query-input":{"@type":"PropertyValueSpecification","valueRequired":true,"valueName":"search_term_string"}}],"inLanguage":"fr-FR"},{"@type":"Organization","@id":"https:\/\/stgbc.bcweededible.net\/fr\/#organization","name":"BC Weed Edible","url":"https:\/\/stgbc.bcweededible.net\/fr\/","logo":{"@type":"ImageObject","inLanguage":"fr-FR","@id":"https:\/\/stgbc.bcweededible.net\/fr\/#\/schema\/logo\/image\/","url":"https:\/\/stgbc.bcweededible.net\/wp-content\/uploads\/2021\/12\/bc-weed-edible-canada.png","contentUrl":"https:\/\/stgbc.bcweededible.net\/wp-content\/uploads\/2021\/12\/bc-weed-edible-canada.png","width":270,"height":185,"caption":"BC Weed Edible"},"image":{"@id":"https:\/\/stgbc.bcweededible.net\/fr\/#\/schema\/logo\/image\/"}}]}},"_links":{"self":[{"href":"https:\/\/stgbc.bcweededible.net\/fr\/wp-json\/wp\/v2\/product\/13632","targetHints":{"allow":["GET"]}}],"collection":[{"href":"https:\/\/stgbc.bcweededible.net\/fr\/wp-json\/wp\/v2\/product"}],"about":[{"href":"https:\/\/stgbc.bcweededible.net\/fr\/wp-json\/wp\/v2\/types\/product"}],"replies":[{"embeddable":true,"href":"https:\/\/stgbc.bcweededible.net\/fr\/wp-json\/wp\/v2\/comments?post=13632"}],"wp:featuredmedia":[{"embeddable":true,"href":"https:\/\/stgbc.bcweededible.net\/fr\/wp-json\/wp\/v2\/media\/10403"}],"wp:attachment":[{"href":"https:\/\/stgbc.bcweededible.net\/fr\/wp-json\/wp\/v2\/media?parent=13632"}],"wp:term":[{"taxonomy":"product_brand","embeddable":true,"href":"https:\/\/stgbc.bcweededible.net\/fr\/wp-json\/wp\/v2\/product_brand?post=13632"},{"taxonomy":"product_cat","embeddable":true,"href":"https:\/\/stgbc.bcweededible.net\/fr\/wp-json\/wp\/v2\/product_cat?post=13632"},{"taxonomy":"product_tag","embeddable":true,"href":"https:\/\/stgbc.bcweededible.net\/fr\/wp-json\/wp\/v2\/product_tag?post=13632"}],"curies":[{"name":"wp","href":"https:\/\/api.w.org\/{rel}","templated":true}]}}