{"id":13624,"date":"2022-01-07T11:50:12","date_gmt":"2022-04-08T19:22:41","guid":{"rendered":"http:\/\/bcweededible.net\/buy\/non%20class\u00e9\/barre-de-chocolat-aux-champignons-magiques-de-3-grammes\/"},"modified":"2026-03-30T12:47:35","modified_gmt":"2026-03-30T19:47:35","slug":"barre-de-chocolat-champignons-magiques","status":"publish","type":"product","link":"https:\/\/stgbc.bcweededible.net\/fr\/buy\/marques\/eden-edibles-fr\/barre-de-chocolat-champignons-magiques\/","title":{"rendered":"Barre de Chocolat aux Shrooms (3gr)"},"content":{"rendered":"<div class=\"wpb-content-wrapper\"><p>[vc_row][vc_column][vc_column_text woodmart_inline=&#8221;no&#8221; text_larger=&#8221;no&#8221;]<\/p>\n<h2>Acheter une barre de chocolat aux shrooms en ligne au Canada<\/h2>\n<p>Notre barre de chocolat aux shrooms est une fa\u00e7on d\u00e9licieuse de profiter des champignons magiques. Fabriqu\u00e9e avec les meilleurs ingr\u00e9dients, notre barre de chocolat est lisse, avec une riche saveur de chocolat qui ne manquera pas de vous plaire. Mieux encore, notre barre de chocolat est infus\u00e9e de champignons magiques 100 % purs, ce qui en fait un moyen id\u00e9al de profiter des bienfaits de ce psych\u00e9d\u00e9lique. Que vous soyez \u00e0 la recherche d&#8217;une friandise savoureuse ou d&#8217;un outil m\u00e9dicinal puissant, notre barre de chocolat aux champignons est s\u00fbre de vous satisfaire. Commandez le v\u00f4tre d\u00e8s aujourd&#8217;hui et d\u00e9couvrez la saveur vraiment magique de notre chocolat aux champignons magiques !<\/p>\n<h2><strong>Directives de s\u00e9curit\u00e9 pour les barres de chocolat aux shrooms<\/strong><\/h2>\n<p>Si la consommation de champignons magiques vous int\u00e9resse, vous devez savoir certaines choses avant de commencer. Soyez conscient du fait qu&#8217;ils peuvent provoquer de puissantes hallucinations. Si vous n&#8217;\u00eates pas pr\u00e9par\u00e9 \u00e0 cet effet, il peut \u00eatre assez d\u00e9sorientant et m\u00eame effrayant. Pour cette raison, il est g\u00e9n\u00e9ralement conseill\u00e9 de ne consommer des champignons magiques que dans un cadre s\u00fbr et familier. En gardant ces pr\u00e9cautions \u00e0 l&#8217;esprit, la consommation de champignons magiques peut toutefois \u00eatre un excellent moyen de faire l&#8217;exp\u00e9rience d&#8217;un \u00e9tat de conscience alt\u00e9r\u00e9 et d&#8217;explorer les limites de votre esprit.<\/p>\n<p><strong>Voici quelques consignes de s\u00e9curit\u00e9 que vous devez garder \u00e0 l&#8217;esprit :<\/strong><\/p>\n<ul>\n<li>Pas plus d&#8217;un tier de la tablette de chocolat pour commencer (6 carr\u00e9s)<\/li>\n<li>Attendez au moins 60 minutes avant d&#8217;en reprendre.<\/li>\n<li>Ne pas manger si enceinte.<\/li>\n<li>Ne pas conduire ou utiliser de la machinerie lourde.<\/li>\n<li>Tenir \u00e0 l&#8217;\u00e9cart des enfants et des animaux domestiques.<\/li>\n<\/ul>\n<h2><b>Dosage<\/b><\/h2>\n<p>Le dosage de notre barre de chocolat aux shrooms ne pourrait pas \u00eatre plus facile. Chaque barre est compos\u00e9e de 24 carr\u00e9s de chocolat de taille \u00e9gale, contenant chacun 125 milligrammes de psilocybine. La quantit\u00e9 de carr\u00e9s de chocolat que vous devez prendre d\u00e9pend de ce que vous recherchez. Vous trouverez ci-dessous les diff\u00e9rents dosages en mati\u00e8re de champignons magiques :<\/p>\n<ul>\n<li>Microdose : 0,10 gramme \u2013 0,30 gramme<\/li>\n<li>Dose pour d\u00e9butant\u00a0: 0,30 gramme &#8211; 1 gramme<\/li>\n<li>Dose moyenne : 1 gramme \u2013 2,5 grammes<\/li>\n<li>Dose \u00e9lev\u00e9e\u00a0: 2,5 \u00e0 3,5\u00a0grammes<\/li>\n<li>Dose h\u00e9ro\u00efque : 3,5+ grammes<\/li>\n<\/ul>\n<p>De nombreuses personnes prennent de fortes doses dans le confort de leur maison, en s&#8217;assurant d&#8217;avoir d\u00e9j\u00e0 pr\u00e9par\u00e9 de la musique et de la nourriture. Des doses \u00e9lev\u00e9es sont couramment utilis\u00e9es pour : r\u00e9aliser des exp\u00e9riences spirituelles, r\u00e9aliser des perc\u00e9es \u00e9motionnelles, essayer de surmonter une crise ou un probl\u00e8me personnel, se connecter avec soi-m\u00eame, les autres et le monde d&#8217;une mani\u00e8re plus significative.<\/p>\n<h2>Microdosage<\/h2>\n<p>Le microdosage des champignons magiques devient de plus en plus populaire au Canada. Il peut avoir un effet profond sur votre \u00e9tat mental. Le microdosage est l&#8217;acte de prendre une tr\u00e8s petite quantit\u00e9 de psych\u00e9d\u00e9liques, comme les champignons psilocybines, afin d&#8217;<strong>obtenir un effet psychologique subtil mais perceptible.<\/strong> Lorsqu&#8217;il s&#8217;agit de microdoser le champignon magique, il y a quelques points \u00e0 garder \u00e0 l&#8217;esprit. Premi\u00e8rement, <strong>commencez par une dose tr\u00e8s faible &#8211; pas plus de 0,3 gramme.<\/strong> Ensuite, faites attention \u00e0 votre corps et \u00e0 votre esprit &#8211; si vous commencez \u00e0 ressentir des effets ind\u00e9sirables, arr\u00eatez la consommation.<\/p>\n<p>[\/vc_column_text][\/vc_column][\/vc_row]<\/p>\n<\/div>","protected":false},"excerpt":{"rendered":"<div class=\"woocommerce-product-details__short-description\">\n<p>Notre <strong>barre de chocolat aux shrooms <\/strong>contient exactement 3 grammes de psilocybine. Les barres de chocolat aux champignons ont le m\u00eame go\u00fbt que les barres ordinaires que vous achetez dans votre magasin, vous ne pouvez pas remarquer le go\u00fbt des champignons ! Si vous \u00eates un <a href=\"http:\/\/bcweededible.net\/magic-mushroom-dosage\/\">d\u00e9butant avec les champignons magiques<\/a>, nos barres de chocolat sont parfaites pour vous, et si vous voulez avoir une exp\u00e9rience plus psych\u00e9d\u00e9lique avec les champignons magiques, vous pouvez toujours en manger plus pour obtenir l&#8217;effet d\u00e9sir\u00e9.<\/p>\n<p><strong>Chaque carr\u00e9 de chocolat contient 125 mg de psilocybine<\/strong>, ce qui rend le dosage super facile pour vous. Vous pouvez prendre le dosage parfait pour vos besoins. <strong>3g est un dosage consid\u00e9r\u00e9 \u00e9lev\u00e9\/h\u00e9ro\u00efque,<\/strong> vous devriez donc commencer par une faible dose <strong>si vous n&#8217;\u00eates pas familier avec les champignons magiques (2-4 carr\u00e9s maximum).<\/strong><\/p>\n<p>Ces barres de chocolat sont vraiment bon march\u00e9 pour <a href=\"https:\/\/stgbc.bcweededible.net\/fr\/acheter\/champignons-magiques\/comestibles-aux-champignons\/\">les comestibles aux champignons<\/a> que vous pouvez obtenir au Canada. Facile \u00e0 transporter et parfait pour vous g\u00e2ter et enfin profiter d&#8217;un produit d&#8217;une grande qualit\u00e9 gustative. Nos barres de chocolat aux shrooms sont fabriqu\u00e9es avec <strong>des champignons Psylocin de haute qualit\u00e9<\/strong> tels que <a href=\"https:\/\/stgbc.bcweededible.net\/fr\/buy\/champignons-magiques\/champignons-secs\/golden-teacher\/\">Golden Teachers<\/a> , <a href=\"https:\/\/stgbc.bcweededible.net\/fr\/buy\/champignons-magiques\/champignons-secs\/blue-meanie\/\">Blue Meanies<\/a> et <a href=\"https:\/\/stgbc.bcweededible.net\/fr\/buy\/champignons-magiques\/champignons-secs\/penis-envy\/\">Penis Envy<\/a> .<\/p>\n<p><strong>Ingr\u00e9dients :<\/strong> chocolat noir, champignon psylocine.<br \/>\n<strong>Conservation :<\/strong> 6 mois au r\u00e9frig\u00e9rateur.<br \/>\n<strong>Achetez plus, obtenez plus, \u00e9conomisez jusqu&#8217;\u00e0 20\u00a0%\u00a0!<\/strong><\/p>\n<\/div>\n","protected":false},"featured_media":71137,"comment_status":"open","ping_status":"closed","template":"","meta":[],"product_brand":[],"product_cat":[237,283,274,244,284,246,664,286],"product_tag":[],"class_list":{"0":"post-13624","1":"product","2":"type-product","3":"status-publish","4":"has-post-thumbnail","6":"product_cat-champignons-magiques","7":"product_cat-chocolat-aux-champignons","8":"product_cat-chocolat","9":"product_cat-comestibles","10":"product_cat-comestibles-aux-champignons","11":"product_cat-pas-cher","12":"product_cat-eden-edibles-fr","13":"product_cat-micro-dose-fr","15":"first","16":"instock","17":"shipping-taxable","18":"purchasable","19":"product-type-simple"},"yoast_head":"\n<title>Acheter des barres de chocolat Magic Shroom en ligne | Barres de chocolat aux champignons Canada | BC Weed Edible<\/title>\n<meta name=\"description\" content=\"Profitez des champignons magiques avec la barre de chocolat aux champignons BC Weed Edible. La barre contient 3 grammes de Golden Teacher. Obtenez 10 % de r\u00e9duction et la livraison gratuite \u00e0 partir de 99 $. Achetez maintenant !\" \/>\n<meta name=\"robots\" content=\"index, follow, max-snippet:-1, max-image-preview:large, max-video-preview:-1\" \/>\n<link rel=\"canonical\" href=\"https:\/\/stgbc.bcweededible.net\/fr\/buy\/marques\/eden-edibles-fr\/barre-de-chocolat-champignons-magiques\/\" \/>\n<meta property=\"og:locale\" content=\"fr_FR\" \/>\n<meta property=\"og:type\" content=\"article\" \/>\n<meta property=\"og:title\" content=\"Acheter des barres de chocolat Magic Shroom en ligne | Barres de chocolat aux champignons Canada | BC Weed Edible\" \/>\n<meta property=\"og:description\" content=\"Profitez des champignons magiques avec la barre de chocolat aux champignons BC Weed Edible. La barre contient 3 grammes de Golden Teacher. Obtenez 10 % de r\u00e9duction et la livraison gratuite \u00e0 partir de 99 $. Achetez maintenant !\" \/>\n<meta property=\"og:url\" content=\"https:\/\/stgbc.bcweededible.net\/fr\/buy\/marques\/eden-edibles-fr\/barre-de-chocolat-champignons-magiques\/\" \/>\n<meta property=\"og:site_name\" content=\"BC Weed Edible\" \/>\n<meta property=\"article:modified_time\" content=\"2026-03-30T19:47:35+00:00\" \/>\n<meta property=\"og:image\" content=\"https:\/\/stgbc.bcweededible.net\/wp-content\/uploads\/2024\/03\/Bulk-shroom-Choco-bar.jpg\" \/>\n\t<meta property=\"og:image:width\" content=\"1080\" \/>\n\t<meta property=\"og:image:height\" content=\"1080\" \/>\n\t<meta property=\"og:image:type\" content=\"image\/jpeg\" \/>\n<meta name=\"twitter:card\" content=\"summary_large_image\" \/>\n<meta name=\"twitter:label1\" content=\"Dur\u00e9e de lecture estim\u00e9e\" \/>\n\t<meta name=\"twitter:data1\" content=\"3 minutes\" \/>\n<script type=\"application\/ld+json\" class=\"yoast-schema-graph\">{\"@context\":\"https:\\\/\\\/schema.org\",\"@graph\":[{\"@type\":\"WebPage\",\"@id\":\"https:\\\/\\\/stgbc.bcweededible.net\\\/fr\\\/buy\\\/marques\\\/eden-edibles-fr\\\/barre-de-chocolat-champignons-magiques\\\/\",\"url\":\"https:\\\/\\\/stgbc.bcweededible.net\\\/fr\\\/buy\\\/marques\\\/eden-edibles-fr\\\/barre-de-chocolat-champignons-magiques\\\/\",\"name\":\"Acheter des barres de chocolat Magic Shroom en ligne | Barres de chocolat aux champignons Canada | BC Weed Edible\",\"isPartOf\":{\"@id\":\"https:\\\/\\\/stgbc.bcweededible.net\\\/fr\\\/#website\"},\"primaryImageOfPage\":{\"@id\":\"https:\\\/\\\/stgbc.bcweededible.net\\\/fr\\\/buy\\\/marques\\\/eden-edibles-fr\\\/barre-de-chocolat-champignons-magiques\\\/#primaryimage\"},\"image\":{\"@id\":\"https:\\\/\\\/stgbc.bcweededible.net\\\/fr\\\/buy\\\/marques\\\/eden-edibles-fr\\\/barre-de-chocolat-champignons-magiques\\\/#primaryimage\"},\"thumbnailUrl\":\"https:\\\/\\\/stgbc.bcweededible.net\\\/wp-content\\\/uploads\\\/2024\\\/03\\\/Bulk-shroom-Choco-bar.jpg\",\"datePublished\":\"2022-04-08T19:22:41+00:00\",\"dateModified\":\"2026-03-30T19:47:35+00:00\",\"description\":\"Profitez des champignons magiques avec la barre de chocolat aux champignons BC Weed Edible. La barre contient 3 grammes de Golden Teacher. Obtenez 10 % de r\u00e9duction et la livraison gratuite \u00e0 partir de 99 $. Achetez maintenant !\",\"breadcrumb\":{\"@id\":\"https:\\\/\\\/stgbc.bcweededible.net\\\/fr\\\/buy\\\/marques\\\/eden-edibles-fr\\\/barre-de-chocolat-champignons-magiques\\\/#breadcrumb\"},\"inLanguage\":\"fr-FR\",\"potentialAction\":[{\"@type\":\"ReadAction\",\"target\":[\"https:\\\/\\\/stgbc.bcweededible.net\\\/fr\\\/buy\\\/marques\\\/eden-edibles-fr\\\/barre-de-chocolat-champignons-magiques\\\/\"]}]},{\"@type\":\"ImageObject\",\"inLanguage\":\"fr-FR\",\"@id\":\"https:\\\/\\\/stgbc.bcweededible.net\\\/fr\\\/buy\\\/marques\\\/eden-edibles-fr\\\/barre-de-chocolat-champignons-magiques\\\/#primaryimage\",\"url\":\"https:\\\/\\\/stgbc.bcweededible.net\\\/wp-content\\\/uploads\\\/2024\\\/03\\\/Bulk-shroom-Choco-bar.jpg\",\"contentUrl\":\"https:\\\/\\\/stgbc.bcweededible.net\\\/wp-content\\\/uploads\\\/2024\\\/03\\\/Bulk-shroom-Choco-bar.jpg\",\"width\":1080,\"height\":1080,\"caption\":\"bulk magic mushroom chocolate bar\"},{\"@type\":\"BreadcrumbList\",\"@id\":\"https:\\\/\\\/stgbc.bcweededible.net\\\/fr\\\/buy\\\/marques\\\/eden-edibles-fr\\\/barre-de-chocolat-champignons-magiques\\\/#breadcrumb\",\"itemListElement\":[{\"@type\":\"ListItem\",\"position\":1,\"name\":\"Jujubes au Pot Canada\",\"item\":\"https:\\\/\\\/stgbc.bcweededible.net\\\/fr\\\/shop\\\/\"},{\"@type\":\"ListItem\",\"position\":2,\"name\":\"Barre de Chocolat aux Shrooms (3gr)\"}]},{\"@type\":\"WebSite\",\"@id\":\"https:\\\/\\\/stgbc.bcweededible.net\\\/fr\\\/#website\",\"url\":\"https:\\\/\\\/stgbc.bcweededible.net\\\/fr\\\/\",\"name\":\"BC Weed Edible\",\"description\":\"\",\"publisher\":{\"@id\":\"https:\\\/\\\/stgbc.bcweededible.net\\\/fr\\\/#organization\"},\"potentialAction\":[{\"@type\":\"SearchAction\",\"target\":{\"@type\":\"EntryPoint\",\"urlTemplate\":\"https:\\\/\\\/stgbc.bcweededible.net\\\/fr\\\/?s={search_term_string}\"},\"query-input\":{\"@type\":\"PropertyValueSpecification\",\"valueRequired\":true,\"valueName\":\"search_term_string\"}}],\"inLanguage\":\"fr-FR\"},{\"@type\":\"Organization\",\"@id\":\"https:\\\/\\\/stgbc.bcweededible.net\\\/fr\\\/#organization\",\"name\":\"BC Weed Edible\",\"url\":\"https:\\\/\\\/stgbc.bcweededible.net\\\/fr\\\/\",\"logo\":{\"@type\":\"ImageObject\",\"inLanguage\":\"fr-FR\",\"@id\":\"https:\\\/\\\/stgbc.bcweededible.net\\\/fr\\\/#\\\/schema\\\/logo\\\/image\\\/\",\"url\":\"https:\\\/\\\/stgbc.bcweededible.net\\\/wp-content\\\/uploads\\\/2021\\\/12\\\/bc-weed-edible-canada.png\",\"contentUrl\":\"https:\\\/\\\/stgbc.bcweededible.net\\\/wp-content\\\/uploads\\\/2021\\\/12\\\/bc-weed-edible-canada.png\",\"width\":270,\"height\":185,\"caption\":\"BC Weed Edible\"},\"image\":{\"@id\":\"https:\\\/\\\/stgbc.bcweededible.net\\\/fr\\\/#\\\/schema\\\/logo\\\/image\\\/\"}}]}<\/script>\n","yoast_head_json":{"title":"Acheter des barres de chocolat Magic Shroom en ligne | Barres de chocolat aux champignons Canada | BC Weed Edible","description":"Profitez des champignons magiques avec la barre de chocolat aux champignons BC Weed Edible. La barre contient 3 grammes de Golden Teacher. Obtenez 10 % de r\u00e9duction et la livraison gratuite \u00e0 partir de 99 $. Achetez maintenant !","robots":{"index":"index","follow":"follow","max-snippet":"max-snippet:-1","max-image-preview":"max-image-preview:large","max-video-preview":"max-video-preview:-1"},"canonical":"https:\/\/stgbc.bcweededible.net\/fr\/buy\/marques\/eden-edibles-fr\/barre-de-chocolat-champignons-magiques\/","og_locale":"fr_FR","og_type":"article","og_title":"Acheter des barres de chocolat Magic Shroom en ligne | Barres de chocolat aux champignons Canada | BC Weed Edible","og_description":"Profitez des champignons magiques avec la barre de chocolat aux champignons BC Weed Edible. La barre contient 3 grammes de Golden Teacher. Obtenez 10 % de r\u00e9duction et la livraison gratuite \u00e0 partir de 99 $. Achetez maintenant !","og_url":"https:\/\/stgbc.bcweededible.net\/fr\/buy\/marques\/eden-edibles-fr\/barre-de-chocolat-champignons-magiques\/","og_site_name":"BC Weed Edible","article_modified_time":"2026-03-30T19:47:35+00:00","og_image":[{"width":1080,"height":1080,"url":"https:\/\/stgbc.bcweededible.net\/wp-content\/uploads\/2024\/03\/Bulk-shroom-Choco-bar.jpg","type":"image\/jpeg"}],"twitter_card":"summary_large_image","twitter_misc":{"Dur\u00e9e de lecture estim\u00e9e":"3 minutes"},"schema":{"@context":"https:\/\/schema.org","@graph":[{"@type":"WebPage","@id":"https:\/\/stgbc.bcweededible.net\/fr\/buy\/marques\/eden-edibles-fr\/barre-de-chocolat-champignons-magiques\/","url":"https:\/\/stgbc.bcweededible.net\/fr\/buy\/marques\/eden-edibles-fr\/barre-de-chocolat-champignons-magiques\/","name":"Acheter des barres de chocolat Magic Shroom en ligne | Barres de chocolat aux champignons Canada | BC Weed Edible","isPartOf":{"@id":"https:\/\/stgbc.bcweededible.net\/fr\/#website"},"primaryImageOfPage":{"@id":"https:\/\/stgbc.bcweededible.net\/fr\/buy\/marques\/eden-edibles-fr\/barre-de-chocolat-champignons-magiques\/#primaryimage"},"image":{"@id":"https:\/\/stgbc.bcweededible.net\/fr\/buy\/marques\/eden-edibles-fr\/barre-de-chocolat-champignons-magiques\/#primaryimage"},"thumbnailUrl":"https:\/\/stgbc.bcweededible.net\/wp-content\/uploads\/2024\/03\/Bulk-shroom-Choco-bar.jpg","datePublished":"2022-04-08T19:22:41+00:00","dateModified":"2026-03-30T19:47:35+00:00","description":"Profitez des champignons magiques avec la barre de chocolat aux champignons BC Weed Edible. La barre contient 3 grammes de Golden Teacher. Obtenez 10 % de r\u00e9duction et la livraison gratuite \u00e0 partir de 99 $. Achetez maintenant !","breadcrumb":{"@id":"https:\/\/stgbc.bcweededible.net\/fr\/buy\/marques\/eden-edibles-fr\/barre-de-chocolat-champignons-magiques\/#breadcrumb"},"inLanguage":"fr-FR","potentialAction":[{"@type":"ReadAction","target":["https:\/\/stgbc.bcweededible.net\/fr\/buy\/marques\/eden-edibles-fr\/barre-de-chocolat-champignons-magiques\/"]}]},{"@type":"ImageObject","inLanguage":"fr-FR","@id":"https:\/\/stgbc.bcweededible.net\/fr\/buy\/marques\/eden-edibles-fr\/barre-de-chocolat-champignons-magiques\/#primaryimage","url":"https:\/\/stgbc.bcweededible.net\/wp-content\/uploads\/2024\/03\/Bulk-shroom-Choco-bar.jpg","contentUrl":"https:\/\/stgbc.bcweededible.net\/wp-content\/uploads\/2024\/03\/Bulk-shroom-Choco-bar.jpg","width":1080,"height":1080,"caption":"bulk magic mushroom chocolate bar"},{"@type":"BreadcrumbList","@id":"https:\/\/stgbc.bcweededible.net\/fr\/buy\/marques\/eden-edibles-fr\/barre-de-chocolat-champignons-magiques\/#breadcrumb","itemListElement":[{"@type":"ListItem","position":1,"name":"Jujubes au Pot Canada","item":"https:\/\/stgbc.bcweededible.net\/fr\/shop\/"},{"@type":"ListItem","position":2,"name":"Barre de Chocolat aux Shrooms (3gr)"}]},{"@type":"WebSite","@id":"https:\/\/stgbc.bcweededible.net\/fr\/#website","url":"https:\/\/stgbc.bcweededible.net\/fr\/","name":"BC Weed Edible","description":"","publisher":{"@id":"https:\/\/stgbc.bcweededible.net\/fr\/#organization"},"potentialAction":[{"@type":"SearchAction","target":{"@type":"EntryPoint","urlTemplate":"https:\/\/stgbc.bcweededible.net\/fr\/?s={search_term_string}"},"query-input":{"@type":"PropertyValueSpecification","valueRequired":true,"valueName":"search_term_string"}}],"inLanguage":"fr-FR"},{"@type":"Organization","@id":"https:\/\/stgbc.bcweededible.net\/fr\/#organization","name":"BC Weed Edible","url":"https:\/\/stgbc.bcweededible.net\/fr\/","logo":{"@type":"ImageObject","inLanguage":"fr-FR","@id":"https:\/\/stgbc.bcweededible.net\/fr\/#\/schema\/logo\/image\/","url":"https:\/\/stgbc.bcweededible.net\/wp-content\/uploads\/2021\/12\/bc-weed-edible-canada.png","contentUrl":"https:\/\/stgbc.bcweededible.net\/wp-content\/uploads\/2021\/12\/bc-weed-edible-canada.png","width":270,"height":185,"caption":"BC Weed Edible"},"image":{"@id":"https:\/\/stgbc.bcweededible.net\/fr\/#\/schema\/logo\/image\/"}}]}},"_links":{"self":[{"href":"https:\/\/stgbc.bcweededible.net\/fr\/wp-json\/wp\/v2\/product\/13624","targetHints":{"allow":["GET"]}}],"collection":[{"href":"https:\/\/stgbc.bcweededible.net\/fr\/wp-json\/wp\/v2\/product"}],"about":[{"href":"https:\/\/stgbc.bcweededible.net\/fr\/wp-json\/wp\/v2\/types\/product"}],"replies":[{"embeddable":true,"href":"https:\/\/stgbc.bcweededible.net\/fr\/wp-json\/wp\/v2\/comments?post=13624"}],"wp:featuredmedia":[{"embeddable":true,"href":"https:\/\/stgbc.bcweededible.net\/fr\/wp-json\/wp\/v2\/media\/71137"}],"wp:attachment":[{"href":"https:\/\/stgbc.bcweededible.net\/fr\/wp-json\/wp\/v2\/media?parent=13624"}],"wp:term":[{"taxonomy":"product_brand","embeddable":true,"href":"https:\/\/stgbc.bcweededible.net\/fr\/wp-json\/wp\/v2\/product_brand?post=13624"},{"taxonomy":"product_cat","embeddable":true,"href":"https:\/\/stgbc.bcweededible.net\/fr\/wp-json\/wp\/v2\/product_cat?post=13624"},{"taxonomy":"product_tag","embeddable":true,"href":"https:\/\/stgbc.bcweededible.net\/fr\/wp-json\/wp\/v2\/product_tag?post=13624"}],"curies":[{"name":"wp","href":"https:\/\/api.w.org\/{rel}","templated":true}]}}