{"id":13623,"date":"2021-12-02T19:06:52","date_gmt":"2022-04-08T19:22:41","guid":{"rendered":"http:\/\/bcweededible.net\/buy\/non%20class\u00e9\/construisez-votre-once-de-champignon\/"},"modified":"2025-03-28T14:33:18","modified_gmt":"2025-03-28T21:33:18","slug":"champignon-demi-livre","status":"publish","type":"product","link":"https:\/\/stgbc.bcweededible.net\/fr\/buy\/fleurs-cannabis\/mix-match-fr\/champignon-demi-livre\/","title":{"rendered":"Demi-livre de Champignon"},"content":{"rendered":"","protected":false},"excerpt":{"rendered":"<p>Choisissez 8 produits de 28g pour un total de 224 grammes(une demi-livre) de champignons magiques! C&#8217;est une fa\u00e7on parfaite d&#8217;essayer certains des meilleurs champignons au Canada \u00e0 plus de <strong>25 %<\/strong> de rabais sur le prix de d\u00e9tail!<\/p>\n<p>Nous proposons r\u00e9guli\u00e8rement <a href=\"https:\/\/stgbc.bcweededible.net\/fr\/buy\/champignons-magiques\/champignons-secs\/blue-meanie\/\">Blue Meanies<\/a> , <a href=\"https:\/\/stgbc.bcweededible.net\/fr\/buy\/champignons-magiques\/champignons-secs\/penis-envy\/\">Penis Envy #6<\/a> et <a href=\"https:\/\/stgbc.bcweededible.net\/fr\/buy\/champignons-magiques\/champignons-secs\/golden-teacher\/\">Golden Teachers<\/a> ! Si vous n&#8217;avez jamais essayer la diff\u00e9rence entre ces trois vari\u00e9t\u00e9s et que vous \u00eates curieux, cette offre est parfaite pour vous. Avant de prendre des champignons, veuillez garder \u00e0 l&#8217;esprit les diff\u00e9rents dosages pour vos besoins ci-dessous. Pr\u00e9voyez toujours jusqu&#8217;\u00e0 1,5 heure pour que les champignons fassent effet!<\/p>\n<p><strong>Dosage Champignon:<\/strong><\/p>\n<ul>\n<li>Microdose : 0,10 gramme \u2013 0,30 gramme<\/li>\n<li>Dose pour d\u00e9butant\u00a0: 0,30 gramme (un quart) &#8211; 1 gramme<\/li>\n<li>Dose moyenne : 1 gramme \u2013 2,5 grammes<\/li>\n<li>Dose \u00e9lev\u00e9e\u00a0: 2,5 \u00e0 3,5\u00a0grammes<\/li>\n<li>Dose h\u00e9ro\u00efque : 3,5+ grammes<\/li>\n<\/ul>\n","protected":false},"featured_media":51678,"comment_status":"open","ping_status":"closed","template":"","meta":[],"product_brand":[],"product_cat":[237,282,550],"product_tag":[],"class_list":{"0":"post-13623","1":"product","2":"type-product","3":"status-publish","4":"has-post-thumbnail","6":"product_cat-champignons-magiques","7":"product_cat-champignons-secs","8":"product_cat-mix-match-fr","10":"first","11":"instock","12":"sale","13":"shipping-taxable","14":"purchasable","15":"product-type-mix-and-match"},"yoast_head":"\n<title>Acheter la Demi-livre de Champignon en ligne Canada | Dispensaire de champignons | BC Weed Edible<\/title>\n<meta name=\"robots\" content=\"index, follow, max-snippet:-1, max-image-preview:large, max-video-preview:-1\" \/>\n<link rel=\"canonical\" href=\"https:\/\/stgbc.bcweededible.net\/fr\/buy\/fleurs-cannabis\/mix-match-fr\/champignon-demi-livre\/\" \/>\n<meta property=\"og:locale\" content=\"fr_FR\" \/>\n<meta property=\"og:type\" content=\"article\" \/>\n<meta property=\"og:title\" content=\"Acheter la Demi-livre de Champignon en ligne Canada | Dispensaire de champignons | BC Weed Edible\" \/>\n<meta property=\"og:description\" content=\"Choisissez 8 produits de 28g pour un total de 224 grammes(une demi-livre) de champignons magiques! C&#039;est une fa\u00e7on parfaite d&#039;essayer certains des meilleurs champignons au Canada \u00e0 plus de 25 % de rabais sur le prix de d\u00e9tail! Nous proposons r\u00e9guli\u00e8rement Blue Meanies , Penis Envy #6 et Golden Teachers ! Si vous n&#039;avez jamais essayer la diff\u00e9rence entre ces trois vari\u00e9t\u00e9s et que vous \u00eates curieux, cette offre est parfaite pour vous. Avant de prendre des champignons, veuillez garder \u00e0 l&#039;esprit les diff\u00e9rents dosages pour vos besoins ci-dessous. Pr\u00e9voyez toujours jusqu&#039;\u00e0 1,5 heure pour que les champignons fassent effet! Dosage Champignon: Microdose : 0,10 gramme \u2013 0,30 gramme Dose pour d\u00e9butant\u00a0: 0,30 gramme (un quart) - 1 gramme Dose moyenne : 1 gramme \u2013 2,5 grammes Dose \u00e9lev\u00e9e\u00a0: 2,5 \u00e0 3,5\u00a0grammes Dose h\u00e9ro\u00efque : 3,5+ grammes\" \/>\n<meta property=\"og:url\" content=\"https:\/\/stgbc.bcweededible.net\/fr\/buy\/fleurs-cannabis\/mix-match-fr\/champignon-demi-livre\/\" \/>\n<meta property=\"og:site_name\" content=\"BC Weed Edible\" \/>\n<meta property=\"article:modified_time\" content=\"2025-03-28T21:33:18+00:00\" \/>\n<meta property=\"og:image\" content=\"https:\/\/stgbc.bcweededible.net\/wp-content\/uploads\/2021\/12\/shroom-half-pound.jpg\" \/>\n\t<meta property=\"og:image:width\" content=\"600\" \/>\n\t<meta property=\"og:image:height\" content=\"600\" \/>\n\t<meta property=\"og:image:type\" content=\"image\/jpeg\" \/>\n<meta name=\"twitter:card\" content=\"summary_large_image\" \/>\n<script type=\"application\/ld+json\" class=\"yoast-schema-graph\">{\"@context\":\"https:\\\/\\\/schema.org\",\"@graph\":[{\"@type\":\"WebPage\",\"@id\":\"https:\\\/\\\/stgbc.bcweededible.net\\\/fr\\\/buy\\\/fleurs-cannabis\\\/mix-match-fr\\\/champignon-demi-livre\\\/\",\"url\":\"https:\\\/\\\/stgbc.bcweededible.net\\\/fr\\\/buy\\\/fleurs-cannabis\\\/mix-match-fr\\\/champignon-demi-livre\\\/\",\"name\":\"Acheter la Demi-livre de Champignon en ligne Canada | Dispensaire de champignons | BC Weed Edible\",\"isPartOf\":{\"@id\":\"https:\\\/\\\/stgbc.bcweededible.net\\\/fr\\\/#website\"},\"primaryImageOfPage\":{\"@id\":\"https:\\\/\\\/stgbc.bcweededible.net\\\/fr\\\/buy\\\/fleurs-cannabis\\\/mix-match-fr\\\/champignon-demi-livre\\\/#primaryimage\"},\"image\":{\"@id\":\"https:\\\/\\\/stgbc.bcweededible.net\\\/fr\\\/buy\\\/fleurs-cannabis\\\/mix-match-fr\\\/champignon-demi-livre\\\/#primaryimage\"},\"thumbnailUrl\":\"https:\\\/\\\/stgbc.bcweededible.net\\\/wp-content\\\/uploads\\\/2021\\\/12\\\/shroom-half-pound.jpg\",\"datePublished\":\"2022-04-08T19:22:41+00:00\",\"dateModified\":\"2025-03-28T21:33:18+00:00\",\"breadcrumb\":{\"@id\":\"https:\\\/\\\/stgbc.bcweededible.net\\\/fr\\\/buy\\\/fleurs-cannabis\\\/mix-match-fr\\\/champignon-demi-livre\\\/#breadcrumb\"},\"inLanguage\":\"fr-FR\",\"potentialAction\":[{\"@type\":\"ReadAction\",\"target\":[\"https:\\\/\\\/stgbc.bcweededible.net\\\/fr\\\/buy\\\/fleurs-cannabis\\\/mix-match-fr\\\/champignon-demi-livre\\\/\"]}]},{\"@type\":\"ImageObject\",\"inLanguage\":\"fr-FR\",\"@id\":\"https:\\\/\\\/stgbc.bcweededible.net\\\/fr\\\/buy\\\/fleurs-cannabis\\\/mix-match-fr\\\/champignon-demi-livre\\\/#primaryimage\",\"url\":\"https:\\\/\\\/stgbc.bcweededible.net\\\/wp-content\\\/uploads\\\/2021\\\/12\\\/shroom-half-pound.jpg\",\"contentUrl\":\"https:\\\/\\\/stgbc.bcweededible.net\\\/wp-content\\\/uploads\\\/2021\\\/12\\\/shroom-half-pound.jpg\",\"width\":600,\"height\":600,\"caption\":\"shroom mix match half pound with 8 ounces\"},{\"@type\":\"BreadcrumbList\",\"@id\":\"https:\\\/\\\/stgbc.bcweededible.net\\\/fr\\\/buy\\\/fleurs-cannabis\\\/mix-match-fr\\\/champignon-demi-livre\\\/#breadcrumb\",\"itemListElement\":[{\"@type\":\"ListItem\",\"position\":1,\"name\":\"Jujubes au Pot Canada\",\"item\":\"https:\\\/\\\/stgbc.bcweededible.net\\\/fr\\\/shop\\\/\"},{\"@type\":\"ListItem\",\"position\":2,\"name\":\"Demi-livre de Champignon\"}]},{\"@type\":\"WebSite\",\"@id\":\"https:\\\/\\\/stgbc.bcweededible.net\\\/fr\\\/#website\",\"url\":\"https:\\\/\\\/stgbc.bcweededible.net\\\/fr\\\/\",\"name\":\"BC Weed Edible\",\"description\":\"\",\"publisher\":{\"@id\":\"https:\\\/\\\/stgbc.bcweededible.net\\\/fr\\\/#organization\"},\"potentialAction\":[{\"@type\":\"SearchAction\",\"target\":{\"@type\":\"EntryPoint\",\"urlTemplate\":\"https:\\\/\\\/stgbc.bcweededible.net\\\/fr\\\/?s={search_term_string}\"},\"query-input\":{\"@type\":\"PropertyValueSpecification\",\"valueRequired\":true,\"valueName\":\"search_term_string\"}}],\"inLanguage\":\"fr-FR\"},{\"@type\":\"Organization\",\"@id\":\"https:\\\/\\\/stgbc.bcweededible.net\\\/fr\\\/#organization\",\"name\":\"BC Weed Edible\",\"url\":\"https:\\\/\\\/stgbc.bcweededible.net\\\/fr\\\/\",\"logo\":{\"@type\":\"ImageObject\",\"inLanguage\":\"fr-FR\",\"@id\":\"https:\\\/\\\/stgbc.bcweededible.net\\\/fr\\\/#\\\/schema\\\/logo\\\/image\\\/\",\"url\":\"https:\\\/\\\/stgbc.bcweededible.net\\\/wp-content\\\/uploads\\\/2021\\\/12\\\/bc-weed-edible-canada.png\",\"contentUrl\":\"https:\\\/\\\/stgbc.bcweededible.net\\\/wp-content\\\/uploads\\\/2021\\\/12\\\/bc-weed-edible-canada.png\",\"width\":270,\"height\":185,\"caption\":\"BC Weed Edible\"},\"image\":{\"@id\":\"https:\\\/\\\/stgbc.bcweededible.net\\\/fr\\\/#\\\/schema\\\/logo\\\/image\\\/\"}}]}<\/script>\n","yoast_head_json":{"title":"Acheter la Demi-livre de Champignon en ligne Canada | Dispensaire de champignons | BC Weed Edible","robots":{"index":"index","follow":"follow","max-snippet":"max-snippet:-1","max-image-preview":"max-image-preview:large","max-video-preview":"max-video-preview:-1"},"canonical":"https:\/\/stgbc.bcweededible.net\/fr\/buy\/fleurs-cannabis\/mix-match-fr\/champignon-demi-livre\/","og_locale":"fr_FR","og_type":"article","og_title":"Acheter la Demi-livre de Champignon en ligne Canada | Dispensaire de champignons | BC Weed Edible","og_description":"Choisissez 8 produits de 28g pour un total de 224 grammes(une demi-livre) de champignons magiques! C'est une fa\u00e7on parfaite d'essayer certains des meilleurs champignons au Canada \u00e0 plus de 25 % de rabais sur le prix de d\u00e9tail! Nous proposons r\u00e9guli\u00e8rement Blue Meanies , Penis Envy #6 et Golden Teachers ! Si vous n'avez jamais essayer la diff\u00e9rence entre ces trois vari\u00e9t\u00e9s et que vous \u00eates curieux, cette offre est parfaite pour vous. Avant de prendre des champignons, veuillez garder \u00e0 l'esprit les diff\u00e9rents dosages pour vos besoins ci-dessous. Pr\u00e9voyez toujours jusqu'\u00e0 1,5 heure pour que les champignons fassent effet! Dosage Champignon: Microdose : 0,10 gramme \u2013 0,30 gramme Dose pour d\u00e9butant\u00a0: 0,30 gramme (un quart) - 1 gramme Dose moyenne : 1 gramme \u2013 2,5 grammes Dose \u00e9lev\u00e9e\u00a0: 2,5 \u00e0 3,5\u00a0grammes Dose h\u00e9ro\u00efque : 3,5+ grammes","og_url":"https:\/\/stgbc.bcweededible.net\/fr\/buy\/fleurs-cannabis\/mix-match-fr\/champignon-demi-livre\/","og_site_name":"BC Weed Edible","article_modified_time":"2025-03-28T21:33:18+00:00","og_image":[{"width":600,"height":600,"url":"https:\/\/stgbc.bcweededible.net\/wp-content\/uploads\/2021\/12\/shroom-half-pound.jpg","type":"image\/jpeg"}],"twitter_card":"summary_large_image","schema":{"@context":"https:\/\/schema.org","@graph":[{"@type":"WebPage","@id":"https:\/\/stgbc.bcweededible.net\/fr\/buy\/fleurs-cannabis\/mix-match-fr\/champignon-demi-livre\/","url":"https:\/\/stgbc.bcweededible.net\/fr\/buy\/fleurs-cannabis\/mix-match-fr\/champignon-demi-livre\/","name":"Acheter la Demi-livre de Champignon en ligne Canada | Dispensaire de champignons | BC Weed Edible","isPartOf":{"@id":"https:\/\/stgbc.bcweededible.net\/fr\/#website"},"primaryImageOfPage":{"@id":"https:\/\/stgbc.bcweededible.net\/fr\/buy\/fleurs-cannabis\/mix-match-fr\/champignon-demi-livre\/#primaryimage"},"image":{"@id":"https:\/\/stgbc.bcweededible.net\/fr\/buy\/fleurs-cannabis\/mix-match-fr\/champignon-demi-livre\/#primaryimage"},"thumbnailUrl":"https:\/\/stgbc.bcweededible.net\/wp-content\/uploads\/2021\/12\/shroom-half-pound.jpg","datePublished":"2022-04-08T19:22:41+00:00","dateModified":"2025-03-28T21:33:18+00:00","breadcrumb":{"@id":"https:\/\/stgbc.bcweededible.net\/fr\/buy\/fleurs-cannabis\/mix-match-fr\/champignon-demi-livre\/#breadcrumb"},"inLanguage":"fr-FR","potentialAction":[{"@type":"ReadAction","target":["https:\/\/stgbc.bcweededible.net\/fr\/buy\/fleurs-cannabis\/mix-match-fr\/champignon-demi-livre\/"]}]},{"@type":"ImageObject","inLanguage":"fr-FR","@id":"https:\/\/stgbc.bcweededible.net\/fr\/buy\/fleurs-cannabis\/mix-match-fr\/champignon-demi-livre\/#primaryimage","url":"https:\/\/stgbc.bcweededible.net\/wp-content\/uploads\/2021\/12\/shroom-half-pound.jpg","contentUrl":"https:\/\/stgbc.bcweededible.net\/wp-content\/uploads\/2021\/12\/shroom-half-pound.jpg","width":600,"height":600,"caption":"shroom mix match half pound with 8 ounces"},{"@type":"BreadcrumbList","@id":"https:\/\/stgbc.bcweededible.net\/fr\/buy\/fleurs-cannabis\/mix-match-fr\/champignon-demi-livre\/#breadcrumb","itemListElement":[{"@type":"ListItem","position":1,"name":"Jujubes au Pot Canada","item":"https:\/\/stgbc.bcweededible.net\/fr\/shop\/"},{"@type":"ListItem","position":2,"name":"Demi-livre de Champignon"}]},{"@type":"WebSite","@id":"https:\/\/stgbc.bcweededible.net\/fr\/#website","url":"https:\/\/stgbc.bcweededible.net\/fr\/","name":"BC Weed Edible","description":"","publisher":{"@id":"https:\/\/stgbc.bcweededible.net\/fr\/#organization"},"potentialAction":[{"@type":"SearchAction","target":{"@type":"EntryPoint","urlTemplate":"https:\/\/stgbc.bcweededible.net\/fr\/?s={search_term_string}"},"query-input":{"@type":"PropertyValueSpecification","valueRequired":true,"valueName":"search_term_string"}}],"inLanguage":"fr-FR"},{"@type":"Organization","@id":"https:\/\/stgbc.bcweededible.net\/fr\/#organization","name":"BC Weed Edible","url":"https:\/\/stgbc.bcweededible.net\/fr\/","logo":{"@type":"ImageObject","inLanguage":"fr-FR","@id":"https:\/\/stgbc.bcweededible.net\/fr\/#\/schema\/logo\/image\/","url":"https:\/\/stgbc.bcweededible.net\/wp-content\/uploads\/2021\/12\/bc-weed-edible-canada.png","contentUrl":"https:\/\/stgbc.bcweededible.net\/wp-content\/uploads\/2021\/12\/bc-weed-edible-canada.png","width":270,"height":185,"caption":"BC Weed Edible"},"image":{"@id":"https:\/\/stgbc.bcweededible.net\/fr\/#\/schema\/logo\/image\/"}}]}},"_links":{"self":[{"href":"https:\/\/stgbc.bcweededible.net\/fr\/wp-json\/wp\/v2\/product\/13623","targetHints":{"allow":["GET"]}}],"collection":[{"href":"https:\/\/stgbc.bcweededible.net\/fr\/wp-json\/wp\/v2\/product"}],"about":[{"href":"https:\/\/stgbc.bcweededible.net\/fr\/wp-json\/wp\/v2\/types\/product"}],"replies":[{"embeddable":true,"href":"https:\/\/stgbc.bcweededible.net\/fr\/wp-json\/wp\/v2\/comments?post=13623"}],"wp:featuredmedia":[{"embeddable":true,"href":"https:\/\/stgbc.bcweededible.net\/fr\/wp-json\/wp\/v2\/media\/51678"}],"wp:attachment":[{"href":"https:\/\/stgbc.bcweededible.net\/fr\/wp-json\/wp\/v2\/media?parent=13623"}],"wp:term":[{"taxonomy":"product_brand","embeddable":true,"href":"https:\/\/stgbc.bcweededible.net\/fr\/wp-json\/wp\/v2\/product_brand?post=13623"},{"taxonomy":"product_cat","embeddable":true,"href":"https:\/\/stgbc.bcweededible.net\/fr\/wp-json\/wp\/v2\/product_cat?post=13623"},{"taxonomy":"product_tag","embeddable":true,"href":"https:\/\/stgbc.bcweededible.net\/fr\/wp-json\/wp\/v2\/product_tag?post=13623"}],"curies":[{"name":"wp","href":"https:\/\/api.w.org\/{rel}","templated":true}]}}