{"id":13622,"date":"2022-02-23T17:56:22","date_gmt":"2022-02-24T00:56:22","guid":{"rendered":"http:\/\/bcweededible.net\/buy\/non%20class\u00e9\/pots-de-distillat-en-vrac-delta-9\/"},"modified":"2026-03-21T06:51:05","modified_gmt":"2026-03-21T13:51:05","slug":"delta-9-distillat","status":"publish","type":"product","link":"https:\/\/stgbc.bcweededible.net\/fr\/buy\/gros\/concentres-en-gros\/delta-9-distillat\/","title":{"rendered":"Distillat de THC Delta-9"},"content":{"rendered":"<h2>Qu&#8217;est-ce que le distillat de THC Delta-9 ?<\/h2>\n<p>Le distillat de THC Delta-9 est un type de<a href=\"https:\/\/stgbc.bcweededible.net\/fr\/shop\/concentres\/\"><strong> concentr\u00e9 de cannabis<\/strong><\/a> qui contient des niveaux \u00e9lev\u00e9s de THC Delta-9. Le Delta-9 THC est l&#8217;ingr\u00e9dient actif du cannabis qui produit les effets psychoactifs. Le distillat de THC Delta-9 est g\u00e9n\u00e9ralement obtenu en <strong>extrayant le THC des <a href=\"https:\/\/stgbc.bcweededible.net\/fr\/shop\/fleurs-cannabis\/\">fleurs de cannabis<\/a> \u00e0 l&#8217;aide d&#8217;un solvant<\/strong> tel que le CO2 ou l&#8217;\u00e9thanol. Le processus d&#8217;extraction \u00e9limine toutes les autres mati\u00e8res v\u00e9g\u00e9tales, laissant derri\u00e8re lui un concentr\u00e9 pur qui ne contient que du THC Delta-9 et aucun autre cannabino\u00efde ou terp\u00e8ne.<\/p>\n<p>Les distillats de THC Delta-9 sont g\u00e9n\u00e9ralement tr\u00e8s puissants, certains produits contenant<strong> plus de 90% de THC Delta-9.<\/strong> Ils peuvent \u00eatre consomm\u00e9s de diverses mani\u00e8res, notamment en les vaporisant, en les fumant ou en les ing\u00e9rant.<\/p>\n<h2>Comment utiliser le distillat de THC D9\u00a0 ?<\/h2>\n<p>Il existe \u00e9galement plusieurs fa\u00e7ons de consommer des distillats de THC, notamment la <strong>vaporisation, le remplissage de votre joint ou de votre bol pour le fumer, par voie sublinguale(sous la langue)<\/strong> ou m\u00eame sous forme de suppositoire. Il peut \u00e9galement \u00eatre utilis\u00e9 pour fabriquer n&#8217;importe quel <a href=\"https:\/\/stgbc.bcweededible.net\/fr\/shop\/comestibles\/\">comestible<\/a> , car le THC est activ\u00e9 (d\u00e9carboxylation). Notre distillat est sans saveur ; cependant, vous pouvez y ajouter des terp\u00e8nes de cannabis. Vous pouvez vaporiser le produit en l&#8217;ajoutant \u00e0 une cartouche.<\/p>\n<p>Ce type de cannabis est extr\u00eamement polyvalent et peut \u00eatre facilement incorpor\u00e9 dans n&#8217;importe quelle forme de consommation.<\/p>\n<p>&nbsp;<\/p>\n","protected":false},"excerpt":{"rendered":"<p>Notre <strong>distillat de THC Delta-9<\/strong> est fabriqu\u00e9 \u00e0 partir de fleurs de cannabis de Colombie-Britannique, le meilleur pot disponible au Canada. Ici, en Colombie-Britannique, nous avons le distillat de la plus haute qualit\u00e9 pour un prix de 4 $ par gramme. Nos <strong>pots de distillat <\/strong>contiennent du <strong>Delta 9 TetraHydroCannabinol (THC).<\/strong><\/p>\n<p>Nous utilisons ce distillat dans tous nos produits comestibles, donc vous pouvez \u00eatre s\u00fbr que vous obtenez un distillat de haute qualit\u00e9. M\u00eame si le distillat est cens\u00e9 \u00eatre neutre, nous y r\u00e9introduisons des terp\u00e8nes naturels. Il vous permet d&#8217;obtenir les effets <strong>Sativa, Indica ou Hybride<\/strong> que vous recherchez. Des questions sur les distillats ? Allez lire ceci : <a href=\"http:\/\/bcweededible.net\/what-is-thc-distillate\/\">Qu&#8217;est-ce que le distillat de THC ? Tout ce que vous devez savoir<\/a><\/p>\n<h2>Informations sur le distillat de THC Delta 9<\/h2>\n<ul>\n<li>Doublement raffin\u00e9<\/li>\n<li>Distillat pur et terp\u00e8nes naturels<\/li>\n<li>Test\u00e9 en laboratoire, 90%+ THC.<\/li>\n<li>Disponible en Sativa, Indica ou Hybride.<\/li>\n<li>Le distillat n\u00e9cessite un s\u00e9choir pour se r\u00e9chauffer avant l&#8217;extraction afin d&#8217;\u00e9viter toute complication d&#8217;extraction<\/li>\n<\/ul>\n","protected":false},"featured_media":11755,"comment_status":"open","ping_status":"closed","template":"","meta":[],"product_brand":[],"product_cat":[305,535,306,549],"product_tag":[],"class_list":{"0":"post-13622","1":"product","2":"type-product","3":"status-publish","4":"has-post-thumbnail","6":"product_cat-concentres","7":"product_cat-concentres-en-gros","8":"product_cat-distillat","9":"product_cat-promotions","11":"first","12":"onbackorder","13":"sale","14":"shipping-taxable","15":"purchasable","16":"product-type-variable","17":"has-default-attributes"},"yoast_head":"\n<title>Acheter Distillat de THC Delta-9 | Acheter Delta 9 THC Distillate Canada | BC Weed Edible<\/title>\n<meta name=\"description\" content=\"Achetez Delta-9 THC Distillate en vrac \u00e0 partir de 7 $\/gramme avec BC Weed Edible. D9 Distillat fabriqu\u00e9 avec de la marijuana de la Colombie-Britannique. Livraison gratuite \u00e0 partir de 99 $ et cadeaux gratuits !\" \/>\n<meta name=\"robots\" content=\"index, follow, max-snippet:-1, max-image-preview:large, max-video-preview:-1\" \/>\n<link rel=\"canonical\" href=\"https:\/\/stgbc.bcweededible.net\/fr\/buy\/gros\/concentres-en-gros\/delta-9-distillat\/\" \/>\n<meta property=\"og:locale\" content=\"fr_FR\" \/>\n<meta property=\"og:type\" content=\"article\" \/>\n<meta property=\"og:title\" content=\"Acheter Distillat de THC Delta-9 | Acheter Delta 9 THC Distillate Canada | BC Weed Edible\" \/>\n<meta property=\"og:description\" content=\"Achetez Delta-9 THC Distillate en vrac \u00e0 partir de 7 $\/gramme avec BC Weed Edible. D9 Distillat fabriqu\u00e9 avec de la marijuana de la Colombie-Britannique. Livraison gratuite \u00e0 partir de 99 $ et cadeaux gratuits !\" \/>\n<meta property=\"og:url\" content=\"https:\/\/stgbc.bcweededible.net\/fr\/buy\/gros\/concentres-en-gros\/delta-9-distillat\/\" \/>\n<meta property=\"og:site_name\" content=\"BC Weed Edible\" \/>\n<meta property=\"article:modified_time\" content=\"2026-03-21T13:51:05+00:00\" \/>\n<meta property=\"og:image\" content=\"https:\/\/stgbc.bcweededible.net\/wp-content\/uploads\/2022\/02\/Delta-9-Distillate-Bulk-Canada.jpg\" \/>\n\t<meta property=\"og:image:width\" content=\"750\" \/>\n\t<meta property=\"og:image:height\" content=\"750\" \/>\n\t<meta property=\"og:image:type\" content=\"image\/jpeg\" \/>\n<meta name=\"twitter:card\" content=\"summary_large_image\" \/>\n<meta name=\"twitter:label1\" content=\"Dur\u00e9e de lecture estim\u00e9e\" \/>\n\t<meta name=\"twitter:data1\" content=\"2 minutes\" \/>\n<script type=\"application\/ld+json\" class=\"yoast-schema-graph\">{\"@context\":\"https:\\\/\\\/schema.org\",\"@graph\":[{\"@type\":\"WebPage\",\"@id\":\"https:\\\/\\\/stgbc.bcweededible.net\\\/fr\\\/buy\\\/gros\\\/concentres-en-gros\\\/delta-9-distillat\\\/\",\"url\":\"https:\\\/\\\/stgbc.bcweededible.net\\\/fr\\\/buy\\\/gros\\\/concentres-en-gros\\\/delta-9-distillat\\\/\",\"name\":\"Acheter Distillat de THC Delta-9 | Acheter Delta 9 THC Distillate Canada | BC Weed Edible\",\"isPartOf\":{\"@id\":\"https:\\\/\\\/stgbc.bcweededible.net\\\/fr\\\/#website\"},\"primaryImageOfPage\":{\"@id\":\"https:\\\/\\\/stgbc.bcweededible.net\\\/fr\\\/buy\\\/gros\\\/concentres-en-gros\\\/delta-9-distillat\\\/#primaryimage\"},\"image\":{\"@id\":\"https:\\\/\\\/stgbc.bcweededible.net\\\/fr\\\/buy\\\/gros\\\/concentres-en-gros\\\/delta-9-distillat\\\/#primaryimage\"},\"thumbnailUrl\":\"https:\\\/\\\/stgbc.bcweededible.net\\\/wp-content\\\/uploads\\\/2022\\\/02\\\/Delta-9-Distillate-Bulk-Canada.jpg\",\"datePublished\":\"2022-02-24T00:56:22+00:00\",\"dateModified\":\"2026-03-21T13:51:05+00:00\",\"description\":\"Achetez Delta-9 THC Distillate en vrac \u00e0 partir de 7 $\\\/gramme avec BC Weed Edible. D9 Distillat fabriqu\u00e9 avec de la marijuana de la Colombie-Britannique. Livraison gratuite \u00e0 partir de 99 $ et cadeaux gratuits !\",\"breadcrumb\":{\"@id\":\"https:\\\/\\\/stgbc.bcweededible.net\\\/fr\\\/buy\\\/gros\\\/concentres-en-gros\\\/delta-9-distillat\\\/#breadcrumb\"},\"inLanguage\":\"fr-FR\",\"potentialAction\":[{\"@type\":\"ReadAction\",\"target\":[\"https:\\\/\\\/stgbc.bcweededible.net\\\/fr\\\/buy\\\/gros\\\/concentres-en-gros\\\/delta-9-distillat\\\/\"]}]},{\"@type\":\"ImageObject\",\"inLanguage\":\"fr-FR\",\"@id\":\"https:\\\/\\\/stgbc.bcweededible.net\\\/fr\\\/buy\\\/gros\\\/concentres-en-gros\\\/delta-9-distillat\\\/#primaryimage\",\"url\":\"https:\\\/\\\/stgbc.bcweededible.net\\\/wp-content\\\/uploads\\\/2022\\\/02\\\/Delta-9-Distillate-Bulk-Canada.jpg\",\"contentUrl\":\"https:\\\/\\\/stgbc.bcweededible.net\\\/wp-content\\\/uploads\\\/2022\\\/02\\\/Delta-9-Distillate-Bulk-Canada.jpg\",\"width\":750,\"height\":750,\"caption\":\"Bulk Delta 9 Distillate\"},{\"@type\":\"BreadcrumbList\",\"@id\":\"https:\\\/\\\/stgbc.bcweededible.net\\\/fr\\\/buy\\\/gros\\\/concentres-en-gros\\\/delta-9-distillat\\\/#breadcrumb\",\"itemListElement\":[{\"@type\":\"ListItem\",\"position\":1,\"name\":\"Jujubes au Pot Canada\",\"item\":\"https:\\\/\\\/stgbc.bcweededible.net\\\/fr\\\/shop\\\/\"},{\"@type\":\"ListItem\",\"position\":2,\"name\":\"Distillat de THC Delta-9\"}]},{\"@type\":\"WebSite\",\"@id\":\"https:\\\/\\\/stgbc.bcweededible.net\\\/fr\\\/#website\",\"url\":\"https:\\\/\\\/stgbc.bcweededible.net\\\/fr\\\/\",\"name\":\"BC Weed Edible\",\"description\":\"\",\"publisher\":{\"@id\":\"https:\\\/\\\/stgbc.bcweededible.net\\\/fr\\\/#organization\"},\"potentialAction\":[{\"@type\":\"SearchAction\",\"target\":{\"@type\":\"EntryPoint\",\"urlTemplate\":\"https:\\\/\\\/stgbc.bcweededible.net\\\/fr\\\/?s={search_term_string}\"},\"query-input\":{\"@type\":\"PropertyValueSpecification\",\"valueRequired\":true,\"valueName\":\"search_term_string\"}}],\"inLanguage\":\"fr-FR\"},{\"@type\":\"Organization\",\"@id\":\"https:\\\/\\\/stgbc.bcweededible.net\\\/fr\\\/#organization\",\"name\":\"BC Weed Edible\",\"url\":\"https:\\\/\\\/stgbc.bcweededible.net\\\/fr\\\/\",\"logo\":{\"@type\":\"ImageObject\",\"inLanguage\":\"fr-FR\",\"@id\":\"https:\\\/\\\/stgbc.bcweededible.net\\\/fr\\\/#\\\/schema\\\/logo\\\/image\\\/\",\"url\":\"https:\\\/\\\/stgbc.bcweededible.net\\\/wp-content\\\/uploads\\\/2021\\\/12\\\/bc-weed-edible-canada.png\",\"contentUrl\":\"https:\\\/\\\/stgbc.bcweededible.net\\\/wp-content\\\/uploads\\\/2021\\\/12\\\/bc-weed-edible-canada.png\",\"width\":270,\"height\":185,\"caption\":\"BC Weed Edible\"},\"image\":{\"@id\":\"https:\\\/\\\/stgbc.bcweededible.net\\\/fr\\\/#\\\/schema\\\/logo\\\/image\\\/\"}}]}<\/script>\n","yoast_head_json":{"title":"Acheter Distillat de THC Delta-9 | Acheter Delta 9 THC Distillate Canada | BC Weed Edible","description":"Achetez Delta-9 THC Distillate en vrac \u00e0 partir de 7 $\/gramme avec BC Weed Edible. D9 Distillat fabriqu\u00e9 avec de la marijuana de la Colombie-Britannique. Livraison gratuite \u00e0 partir de 99 $ et cadeaux gratuits !","robots":{"index":"index","follow":"follow","max-snippet":"max-snippet:-1","max-image-preview":"max-image-preview:large","max-video-preview":"max-video-preview:-1"},"canonical":"https:\/\/stgbc.bcweededible.net\/fr\/buy\/gros\/concentres-en-gros\/delta-9-distillat\/","og_locale":"fr_FR","og_type":"article","og_title":"Acheter Distillat de THC Delta-9 | Acheter Delta 9 THC Distillate Canada | BC Weed Edible","og_description":"Achetez Delta-9 THC Distillate en vrac \u00e0 partir de 7 $\/gramme avec BC Weed Edible. D9 Distillat fabriqu\u00e9 avec de la marijuana de la Colombie-Britannique. Livraison gratuite \u00e0 partir de 99 $ et cadeaux gratuits !","og_url":"https:\/\/stgbc.bcweededible.net\/fr\/buy\/gros\/concentres-en-gros\/delta-9-distillat\/","og_site_name":"BC Weed Edible","article_modified_time":"2026-03-21T13:51:05+00:00","og_image":[{"width":750,"height":750,"url":"https:\/\/stgbc.bcweededible.net\/wp-content\/uploads\/2022\/02\/Delta-9-Distillate-Bulk-Canada.jpg","type":"image\/jpeg"}],"twitter_card":"summary_large_image","twitter_misc":{"Dur\u00e9e de lecture estim\u00e9e":"2 minutes"},"schema":{"@context":"https:\/\/schema.org","@graph":[{"@type":"WebPage","@id":"https:\/\/stgbc.bcweededible.net\/fr\/buy\/gros\/concentres-en-gros\/delta-9-distillat\/","url":"https:\/\/stgbc.bcweededible.net\/fr\/buy\/gros\/concentres-en-gros\/delta-9-distillat\/","name":"Acheter Distillat de THC Delta-9 | Acheter Delta 9 THC Distillate Canada | BC Weed Edible","isPartOf":{"@id":"https:\/\/stgbc.bcweededible.net\/fr\/#website"},"primaryImageOfPage":{"@id":"https:\/\/stgbc.bcweededible.net\/fr\/buy\/gros\/concentres-en-gros\/delta-9-distillat\/#primaryimage"},"image":{"@id":"https:\/\/stgbc.bcweededible.net\/fr\/buy\/gros\/concentres-en-gros\/delta-9-distillat\/#primaryimage"},"thumbnailUrl":"https:\/\/stgbc.bcweededible.net\/wp-content\/uploads\/2022\/02\/Delta-9-Distillate-Bulk-Canada.jpg","datePublished":"2022-02-24T00:56:22+00:00","dateModified":"2026-03-21T13:51:05+00:00","description":"Achetez Delta-9 THC Distillate en vrac \u00e0 partir de 7 $\/gramme avec BC Weed Edible. D9 Distillat fabriqu\u00e9 avec de la marijuana de la Colombie-Britannique. Livraison gratuite \u00e0 partir de 99 $ et cadeaux gratuits !","breadcrumb":{"@id":"https:\/\/stgbc.bcweededible.net\/fr\/buy\/gros\/concentres-en-gros\/delta-9-distillat\/#breadcrumb"},"inLanguage":"fr-FR","potentialAction":[{"@type":"ReadAction","target":["https:\/\/stgbc.bcweededible.net\/fr\/buy\/gros\/concentres-en-gros\/delta-9-distillat\/"]}]},{"@type":"ImageObject","inLanguage":"fr-FR","@id":"https:\/\/stgbc.bcweededible.net\/fr\/buy\/gros\/concentres-en-gros\/delta-9-distillat\/#primaryimage","url":"https:\/\/stgbc.bcweededible.net\/wp-content\/uploads\/2022\/02\/Delta-9-Distillate-Bulk-Canada.jpg","contentUrl":"https:\/\/stgbc.bcweededible.net\/wp-content\/uploads\/2022\/02\/Delta-9-Distillate-Bulk-Canada.jpg","width":750,"height":750,"caption":"Bulk Delta 9 Distillate"},{"@type":"BreadcrumbList","@id":"https:\/\/stgbc.bcweededible.net\/fr\/buy\/gros\/concentres-en-gros\/delta-9-distillat\/#breadcrumb","itemListElement":[{"@type":"ListItem","position":1,"name":"Jujubes au Pot Canada","item":"https:\/\/stgbc.bcweededible.net\/fr\/shop\/"},{"@type":"ListItem","position":2,"name":"Distillat de THC Delta-9"}]},{"@type":"WebSite","@id":"https:\/\/stgbc.bcweededible.net\/fr\/#website","url":"https:\/\/stgbc.bcweededible.net\/fr\/","name":"BC Weed Edible","description":"","publisher":{"@id":"https:\/\/stgbc.bcweededible.net\/fr\/#organization"},"potentialAction":[{"@type":"SearchAction","target":{"@type":"EntryPoint","urlTemplate":"https:\/\/stgbc.bcweededible.net\/fr\/?s={search_term_string}"},"query-input":{"@type":"PropertyValueSpecification","valueRequired":true,"valueName":"search_term_string"}}],"inLanguage":"fr-FR"},{"@type":"Organization","@id":"https:\/\/stgbc.bcweededible.net\/fr\/#organization","name":"BC Weed Edible","url":"https:\/\/stgbc.bcweededible.net\/fr\/","logo":{"@type":"ImageObject","inLanguage":"fr-FR","@id":"https:\/\/stgbc.bcweededible.net\/fr\/#\/schema\/logo\/image\/","url":"https:\/\/stgbc.bcweededible.net\/wp-content\/uploads\/2021\/12\/bc-weed-edible-canada.png","contentUrl":"https:\/\/stgbc.bcweededible.net\/wp-content\/uploads\/2021\/12\/bc-weed-edible-canada.png","width":270,"height":185,"caption":"BC Weed Edible"},"image":{"@id":"https:\/\/stgbc.bcweededible.net\/fr\/#\/schema\/logo\/image\/"}}]}},"_links":{"self":[{"href":"https:\/\/stgbc.bcweededible.net\/fr\/wp-json\/wp\/v2\/product\/13622","targetHints":{"allow":["GET"]}}],"collection":[{"href":"https:\/\/stgbc.bcweededible.net\/fr\/wp-json\/wp\/v2\/product"}],"about":[{"href":"https:\/\/stgbc.bcweededible.net\/fr\/wp-json\/wp\/v2\/types\/product"}],"replies":[{"embeddable":true,"href":"https:\/\/stgbc.bcweededible.net\/fr\/wp-json\/wp\/v2\/comments?post=13622"}],"wp:featuredmedia":[{"embeddable":true,"href":"https:\/\/stgbc.bcweededible.net\/fr\/wp-json\/wp\/v2\/media\/11755"}],"wp:attachment":[{"href":"https:\/\/stgbc.bcweededible.net\/fr\/wp-json\/wp\/v2\/media?parent=13622"}],"wp:term":[{"taxonomy":"product_brand","embeddable":true,"href":"https:\/\/stgbc.bcweededible.net\/fr\/wp-json\/wp\/v2\/product_brand?post=13622"},{"taxonomy":"product_cat","embeddable":true,"href":"https:\/\/stgbc.bcweededible.net\/fr\/wp-json\/wp\/v2\/product_cat?post=13622"},{"taxonomy":"product_tag","embeddable":true,"href":"https:\/\/stgbc.bcweededible.net\/fr\/wp-json\/wp\/v2\/product_tag?post=13622"}],"curies":[{"name":"wp","href":"https:\/\/api.w.org\/{rel}","templated":true}]}}