{"id":13617,"date":"2022-02-04T19:21:14","date_gmt":"2022-02-05T02:21:14","guid":{"rendered":"http:\/\/bcweededible.net\/buy\/non%20class\u00e9\/ensemble-de-produits-comestibles-forts-3-000-mg-de-thc\/"},"modified":"2026-03-31T17:33:37","modified_gmt":"2026-04-01T00:33:37","slug":"paquet-de-comestibles-forts","status":"publish","type":"product","link":"https:\/\/stgbc.bcweededible.net\/fr\/buy\/comestibles\/1000mg-edible\/paquet-de-comestibles-forts\/","title":{"rendered":"Assortiment Edibles Forts"},"content":{"rendered":"","protected":false},"excerpt":{"rendered":"<p><strong>Cet assortiment d&#8217;edibles forts n&#8217;est pas pour n&#8217;importe quel amateur de produits comestibles.<\/strong> Ceci est uniquement pour ceux qui veulent vraiment obtenir le &#8221;high&#8221; ultime ou pour ceux qui ont besoin de m\u00e9dicaments puissants. Il comprend tous nos <a href=\"https:\/\/stgbc.bcweededible.net\/fr\/acheter\/comestibles\/puissant\/\">produits comestibles les plus forts<\/a> disponibles, qui vont jusqu&#8217;\u00e0 1000 mg de THC par produit comestible. <strong>\u00c9conomisez 15\u00a0% sur le prix de vente<\/strong> en achetant cet assortiment. Les jujubes sont sucr\u00e9s avec un go\u00fbt de cannabis minimal et une valeur maximale.<\/p>\n<h3>Qu&#8217;y a-t-il dans cet Assortiment d&#8217;edibles forts ?<\/h3>\n<p>Voyons maintenant ce qui vous attend dans cet assortiment :<\/p>\n<ul>\n<li><a href=\"https:\/\/stgbc.bcweededible.net\/fr\/buy\/marques\/eden-edibles-fr\/1000mg-thc-jujubes\/\">Jujubes au THC 1000 mg<\/a><\/li>\n<li><a href=\"https:\/\/stgbc.bcweededible.net\/fr\/buy\/comestibles\/1000mg-edible\/1000mg-thc-chocolats\/\">Chocolats THC 1000mg<\/a><\/li>\n<li><a href=\"https:\/\/stgbc.bcweededible.net\/fr\/buy\/comestibles\/pas-cher\/500mg-thc-brownie-2\/\">4x Brownies THC 250mg<\/a><\/li>\n<li><a href=\"https:\/\/stgbc.bcweededible.net\/fr\/buy\/marques\/eden-edibles-fr\/barre-de-chocolat-thc\/\">Barre de chocolat au THC 1200mg<\/a><\/li>\n<\/ul>\n<p><strong>Avertissement\u00a0:<\/strong> Vous ne devez pas acheter ce lot si vous n&#8217;\u00eates pas s\u00fbr de votre tol\u00e9rance au THC. Cet assortiment est uniquement destin\u00e9 aux consommateurs de cannabis exp\u00e9riment\u00e9s, qui ont une id\u00e9e claire de la dose dont ils ont besoin. Veuillez consulter notre <a href=\"https:\/\/stgbc.bcweededible.net\/fr\/tableau-dosage-comestibles-pot\/\">tableau de dosage comestible par poids<\/a> avant d&#8217;effectuer tout achat.<\/p>\n<p>Ne pas utiliser si vous \u00eates enceinte, ne conduisez pas ou n&#8217;utilisez pas de la machinerie lourde apr\u00e8s l&#8217;ingestion. Tenez hors de port\u00e9e des enfants et des animaux domestiques.<\/p>\n<p><strong>Conservation :<\/strong> 6 mois au r\u00e9frig\u00e9rateur, 2 mois \u00e0 temp\u00e9rature ambiante.<\/p>\n","protected":false},"featured_media":116966,"comment_status":"open","ping_status":"closed","template":"","meta":[],"product_brand":[],"product_cat":[207,272,270,274,244,246,278,276,656],"product_tag":[],"class_list":{"0":"post-13617","1":"product","2":"type-product","3":"status-publish","4":"has-post-thumbnail","6":"product_cat-1000mg-edible","7":"product_cat-brownies-fr","8":"product_cat-500mg-fr","9":"product_cat-chocolat","10":"product_cat-comestibles","11":"product_cat-pas-cher","12":"product_cat-puissant","13":"product_cat-jujubes","14":"product_cat-loffre-groupee","16":"first","17":"instock","18":"sale","19":"shipping-taxable","20":"purchasable","21":"product-type-mix-and-match"},"yoast_head":"\n<title>Acheter la Assortiment Edibles Forts en ligne Canada | Dispensaire comestible | BC Weed Edible<\/title>\n<meta name=\"robots\" content=\"index, follow, max-snippet:-1, max-image-preview:large, max-video-preview:-1\" \/>\n<link rel=\"canonical\" href=\"https:\/\/stgbc.bcweededible.net\/fr\/buy\/comestibles\/1000mg-edible\/paquet-de-comestibles-forts\/\" \/>\n<meta property=\"og:locale\" content=\"fr_FR\" \/>\n<meta property=\"og:type\" content=\"article\" \/>\n<meta property=\"og:title\" content=\"Acheter la Assortiment Edibles Forts en ligne Canada | Dispensaire comestible | BC Weed Edible\" \/>\n<meta property=\"og:description\" content=\"Cet assortiment d&#039;edibles forts n&#039;est pas pour n&#039;importe quel amateur de produits comestibles. Ceci est uniquement pour ceux qui veulent vraiment obtenir le &#039;&#039;high&#039;&#039; ultime ou pour ceux qui ont besoin de m\u00e9dicaments puissants. Il comprend tous nos produits comestibles les plus forts disponibles, qui vont jusqu&#039;\u00e0 1000 mg de THC par produit comestible. \u00c9conomisez 15\u00a0% sur le prix de vente en achetant cet assortiment. Les jujubes sont sucr\u00e9s avec un go\u00fbt de cannabis minimal et une valeur maximale. Qu&#039;y a-t-il dans cet Assortiment d&#039;edibles forts ? Voyons maintenant ce qui vous attend dans cet assortiment : Jujubes au THC 1000 mg Chocolats THC 1000mg 4x Brownies THC 250mg Barre de chocolat au THC 1200mg Avertissement\u00a0: Vous ne devez pas acheter ce lot si vous n&#039;\u00eates pas s\u00fbr de votre tol\u00e9rance au THC. Cet assortiment est uniquement destin\u00e9 aux consommateurs de cannabis exp\u00e9riment\u00e9s, qui ont une id\u00e9e claire de la dose dont ils ont besoin. Veuillez consulter notre tableau de dosage comestible par poids avant d&#039;effectuer tout achat. Ne pas utiliser si vous \u00eates enceinte, ne conduisez pas ou n&#039;utilisez pas de la machinerie lourde apr\u00e8s l&#039;ingestion. Tenez hors de port\u00e9e des enfants et des animaux domestiques. Conservation : 6 mois au r\u00e9frig\u00e9rateur, 2 mois \u00e0 temp\u00e9rature ambiante.\" \/>\n<meta property=\"og:url\" content=\"https:\/\/stgbc.bcweededible.net\/fr\/buy\/comestibles\/1000mg-edible\/paquet-de-comestibles-forts\/\" \/>\n<meta property=\"og:site_name\" content=\"BC Weed Edible\" \/>\n<meta property=\"article:modified_time\" content=\"2026-04-01T00:33:37+00:00\" \/>\n<meta property=\"og:image\" content=\"https:\/\/stgbc.bcweededible.net\/wp-content\/uploads\/2021\/12\/strong-edible-bundle.jpg\" \/>\n\t<meta property=\"og:image:width\" content=\"600\" \/>\n\t<meta property=\"og:image:height\" content=\"600\" \/>\n\t<meta property=\"og:image:type\" content=\"image\/jpeg\" \/>\n<meta name=\"twitter:card\" content=\"summary_large_image\" \/>\n<script type=\"application\/ld+json\" class=\"yoast-schema-graph\">{\"@context\":\"https:\\\/\\\/schema.org\",\"@graph\":[{\"@type\":\"WebPage\",\"@id\":\"https:\\\/\\\/stgbc.bcweededible.net\\\/fr\\\/buy\\\/comestibles\\\/1000mg-edible\\\/paquet-de-comestibles-forts\\\/\",\"url\":\"https:\\\/\\\/stgbc.bcweededible.net\\\/fr\\\/buy\\\/comestibles\\\/1000mg-edible\\\/paquet-de-comestibles-forts\\\/\",\"name\":\"Acheter la Assortiment Edibles Forts en ligne Canada | Dispensaire comestible | BC Weed Edible\",\"isPartOf\":{\"@id\":\"https:\\\/\\\/stgbc.bcweededible.net\\\/fr\\\/#website\"},\"primaryImageOfPage\":{\"@id\":\"https:\\\/\\\/stgbc.bcweededible.net\\\/fr\\\/buy\\\/comestibles\\\/1000mg-edible\\\/paquet-de-comestibles-forts\\\/#primaryimage\"},\"image\":{\"@id\":\"https:\\\/\\\/stgbc.bcweededible.net\\\/fr\\\/buy\\\/comestibles\\\/1000mg-edible\\\/paquet-de-comestibles-forts\\\/#primaryimage\"},\"thumbnailUrl\":\"https:\\\/\\\/stgbc.bcweededible.net\\\/wp-content\\\/uploads\\\/2022\\\/02\\\/strong-edibles-bundle.jpg\",\"datePublished\":\"2022-02-05T02:21:14+00:00\",\"dateModified\":\"2026-04-01T00:33:37+00:00\",\"breadcrumb\":{\"@id\":\"https:\\\/\\\/stgbc.bcweededible.net\\\/fr\\\/buy\\\/comestibles\\\/1000mg-edible\\\/paquet-de-comestibles-forts\\\/#breadcrumb\"},\"inLanguage\":\"fr-FR\",\"potentialAction\":[{\"@type\":\"ReadAction\",\"target\":[\"https:\\\/\\\/stgbc.bcweededible.net\\\/fr\\\/buy\\\/comestibles\\\/1000mg-edible\\\/paquet-de-comestibles-forts\\\/\"]}]},{\"@type\":\"ImageObject\",\"inLanguage\":\"fr-FR\",\"@id\":\"https:\\\/\\\/stgbc.bcweededible.net\\\/fr\\\/buy\\\/comestibles\\\/1000mg-edible\\\/paquet-de-comestibles-forts\\\/#primaryimage\",\"url\":\"https:\\\/\\\/stgbc.bcweededible.net\\\/wp-content\\\/uploads\\\/2022\\\/02\\\/strong-edibles-bundle.jpg\",\"contentUrl\":\"https:\\\/\\\/stgbc.bcweededible.net\\\/wp-content\\\/uploads\\\/2022\\\/02\\\/strong-edibles-bundle.jpg\",\"width\":1080,\"height\":1080,\"caption\":\"strong edible bundle\"},{\"@type\":\"BreadcrumbList\",\"@id\":\"https:\\\/\\\/stgbc.bcweededible.net\\\/fr\\\/buy\\\/comestibles\\\/1000mg-edible\\\/paquet-de-comestibles-forts\\\/#breadcrumb\",\"itemListElement\":[{\"@type\":\"ListItem\",\"position\":1,\"name\":\"Jujubes au Pot Canada\",\"item\":\"https:\\\/\\\/stgbc.bcweededible.net\\\/fr\\\/shop\\\/\"},{\"@type\":\"ListItem\",\"position\":2,\"name\":\"Assortiment Edibles Forts\"}]},{\"@type\":\"WebSite\",\"@id\":\"https:\\\/\\\/stgbc.bcweededible.net\\\/fr\\\/#website\",\"url\":\"https:\\\/\\\/stgbc.bcweededible.net\\\/fr\\\/\",\"name\":\"BC Weed Edible\",\"description\":\"\",\"publisher\":{\"@id\":\"https:\\\/\\\/stgbc.bcweededible.net\\\/fr\\\/#organization\"},\"potentialAction\":[{\"@type\":\"SearchAction\",\"target\":{\"@type\":\"EntryPoint\",\"urlTemplate\":\"https:\\\/\\\/stgbc.bcweededible.net\\\/fr\\\/?s={search_term_string}\"},\"query-input\":{\"@type\":\"PropertyValueSpecification\",\"valueRequired\":true,\"valueName\":\"search_term_string\"}}],\"inLanguage\":\"fr-FR\"},{\"@type\":\"Organization\",\"@id\":\"https:\\\/\\\/stgbc.bcweededible.net\\\/fr\\\/#organization\",\"name\":\"BC Weed Edible\",\"url\":\"https:\\\/\\\/stgbc.bcweededible.net\\\/fr\\\/\",\"logo\":{\"@type\":\"ImageObject\",\"inLanguage\":\"fr-FR\",\"@id\":\"https:\\\/\\\/stgbc.bcweededible.net\\\/fr\\\/#\\\/schema\\\/logo\\\/image\\\/\",\"url\":\"https:\\\/\\\/stgbc.bcweededible.net\\\/wp-content\\\/uploads\\\/2021\\\/12\\\/bc-weed-edible-canada.png\",\"contentUrl\":\"https:\\\/\\\/stgbc.bcweededible.net\\\/wp-content\\\/uploads\\\/2021\\\/12\\\/bc-weed-edible-canada.png\",\"width\":270,\"height\":185,\"caption\":\"BC Weed Edible\"},\"image\":{\"@id\":\"https:\\\/\\\/stgbc.bcweededible.net\\\/fr\\\/#\\\/schema\\\/logo\\\/image\\\/\"}}]}<\/script>\n","yoast_head_json":{"title":"Acheter la Assortiment Edibles Forts en ligne Canada | Dispensaire comestible | BC Weed Edible","robots":{"index":"index","follow":"follow","max-snippet":"max-snippet:-1","max-image-preview":"max-image-preview:large","max-video-preview":"max-video-preview:-1"},"canonical":"https:\/\/stgbc.bcweededible.net\/fr\/buy\/comestibles\/1000mg-edible\/paquet-de-comestibles-forts\/","og_locale":"fr_FR","og_type":"article","og_title":"Acheter la Assortiment Edibles Forts en ligne Canada | Dispensaire comestible | BC Weed Edible","og_description":"Cet assortiment d'edibles forts n'est pas pour n'importe quel amateur de produits comestibles. Ceci est uniquement pour ceux qui veulent vraiment obtenir le ''high'' ultime ou pour ceux qui ont besoin de m\u00e9dicaments puissants. Il comprend tous nos produits comestibles les plus forts disponibles, qui vont jusqu'\u00e0 1000 mg de THC par produit comestible. \u00c9conomisez 15\u00a0% sur le prix de vente en achetant cet assortiment. Les jujubes sont sucr\u00e9s avec un go\u00fbt de cannabis minimal et une valeur maximale. Qu'y a-t-il dans cet Assortiment d'edibles forts ? Voyons maintenant ce qui vous attend dans cet assortiment : Jujubes au THC 1000 mg Chocolats THC 1000mg 4x Brownies THC 250mg Barre de chocolat au THC 1200mg Avertissement\u00a0: Vous ne devez pas acheter ce lot si vous n'\u00eates pas s\u00fbr de votre tol\u00e9rance au THC. Cet assortiment est uniquement destin\u00e9 aux consommateurs de cannabis exp\u00e9riment\u00e9s, qui ont une id\u00e9e claire de la dose dont ils ont besoin. Veuillez consulter notre tableau de dosage comestible par poids avant d'effectuer tout achat. Ne pas utiliser si vous \u00eates enceinte, ne conduisez pas ou n'utilisez pas de la machinerie lourde apr\u00e8s l'ingestion. Tenez hors de port\u00e9e des enfants et des animaux domestiques. Conservation : 6 mois au r\u00e9frig\u00e9rateur, 2 mois \u00e0 temp\u00e9rature ambiante.","og_url":"https:\/\/stgbc.bcweededible.net\/fr\/buy\/comestibles\/1000mg-edible\/paquet-de-comestibles-forts\/","og_site_name":"BC Weed Edible","article_modified_time":"2026-04-01T00:33:37+00:00","og_image":[{"width":600,"height":600,"url":"https:\/\/stgbc.bcweededible.net\/wp-content\/uploads\/2021\/12\/strong-edible-bundle.jpg","type":"image\/jpeg"}],"twitter_card":"summary_large_image","schema":{"@context":"https:\/\/schema.org","@graph":[{"@type":"WebPage","@id":"https:\/\/stgbc.bcweededible.net\/fr\/buy\/comestibles\/1000mg-edible\/paquet-de-comestibles-forts\/","url":"https:\/\/stgbc.bcweededible.net\/fr\/buy\/comestibles\/1000mg-edible\/paquet-de-comestibles-forts\/","name":"Acheter la Assortiment Edibles Forts en ligne Canada | Dispensaire comestible | BC Weed Edible","isPartOf":{"@id":"https:\/\/stgbc.bcweededible.net\/fr\/#website"},"primaryImageOfPage":{"@id":"https:\/\/stgbc.bcweededible.net\/fr\/buy\/comestibles\/1000mg-edible\/paquet-de-comestibles-forts\/#primaryimage"},"image":{"@id":"https:\/\/stgbc.bcweededible.net\/fr\/buy\/comestibles\/1000mg-edible\/paquet-de-comestibles-forts\/#primaryimage"},"thumbnailUrl":"https:\/\/stgbc.bcweededible.net\/wp-content\/uploads\/2022\/02\/strong-edibles-bundle.jpg","datePublished":"2022-02-05T02:21:14+00:00","dateModified":"2026-04-01T00:33:37+00:00","breadcrumb":{"@id":"https:\/\/stgbc.bcweededible.net\/fr\/buy\/comestibles\/1000mg-edible\/paquet-de-comestibles-forts\/#breadcrumb"},"inLanguage":"fr-FR","potentialAction":[{"@type":"ReadAction","target":["https:\/\/stgbc.bcweededible.net\/fr\/buy\/comestibles\/1000mg-edible\/paquet-de-comestibles-forts\/"]}]},{"@type":"ImageObject","inLanguage":"fr-FR","@id":"https:\/\/stgbc.bcweededible.net\/fr\/buy\/comestibles\/1000mg-edible\/paquet-de-comestibles-forts\/#primaryimage","url":"https:\/\/stgbc.bcweededible.net\/wp-content\/uploads\/2022\/02\/strong-edibles-bundle.jpg","contentUrl":"https:\/\/stgbc.bcweededible.net\/wp-content\/uploads\/2022\/02\/strong-edibles-bundle.jpg","width":1080,"height":1080,"caption":"strong edible bundle"},{"@type":"BreadcrumbList","@id":"https:\/\/stgbc.bcweededible.net\/fr\/buy\/comestibles\/1000mg-edible\/paquet-de-comestibles-forts\/#breadcrumb","itemListElement":[{"@type":"ListItem","position":1,"name":"Jujubes au Pot Canada","item":"https:\/\/stgbc.bcweededible.net\/fr\/shop\/"},{"@type":"ListItem","position":2,"name":"Assortiment Edibles Forts"}]},{"@type":"WebSite","@id":"https:\/\/stgbc.bcweededible.net\/fr\/#website","url":"https:\/\/stgbc.bcweededible.net\/fr\/","name":"BC Weed Edible","description":"","publisher":{"@id":"https:\/\/stgbc.bcweededible.net\/fr\/#organization"},"potentialAction":[{"@type":"SearchAction","target":{"@type":"EntryPoint","urlTemplate":"https:\/\/stgbc.bcweededible.net\/fr\/?s={search_term_string}"},"query-input":{"@type":"PropertyValueSpecification","valueRequired":true,"valueName":"search_term_string"}}],"inLanguage":"fr-FR"},{"@type":"Organization","@id":"https:\/\/stgbc.bcweededible.net\/fr\/#organization","name":"BC Weed Edible","url":"https:\/\/stgbc.bcweededible.net\/fr\/","logo":{"@type":"ImageObject","inLanguage":"fr-FR","@id":"https:\/\/stgbc.bcweededible.net\/fr\/#\/schema\/logo\/image\/","url":"https:\/\/stgbc.bcweededible.net\/wp-content\/uploads\/2021\/12\/bc-weed-edible-canada.png","contentUrl":"https:\/\/stgbc.bcweededible.net\/wp-content\/uploads\/2021\/12\/bc-weed-edible-canada.png","width":270,"height":185,"caption":"BC Weed Edible"},"image":{"@id":"https:\/\/stgbc.bcweededible.net\/fr\/#\/schema\/logo\/image\/"}}]}},"_links":{"self":[{"href":"https:\/\/stgbc.bcweededible.net\/fr\/wp-json\/wp\/v2\/product\/13617","targetHints":{"allow":["GET"]}}],"collection":[{"href":"https:\/\/stgbc.bcweededible.net\/fr\/wp-json\/wp\/v2\/product"}],"about":[{"href":"https:\/\/stgbc.bcweededible.net\/fr\/wp-json\/wp\/v2\/types\/product"}],"replies":[{"embeddable":true,"href":"https:\/\/stgbc.bcweededible.net\/fr\/wp-json\/wp\/v2\/comments?post=13617"}],"wp:featuredmedia":[{"embeddable":true,"href":"https:\/\/stgbc.bcweededible.net\/fr\/wp-json\/wp\/v2\/media\/116966"}],"wp:attachment":[{"href":"https:\/\/stgbc.bcweededible.net\/fr\/wp-json\/wp\/v2\/media?parent=13617"}],"wp:term":[{"taxonomy":"product_brand","embeddable":true,"href":"https:\/\/stgbc.bcweededible.net\/fr\/wp-json\/wp\/v2\/product_brand?post=13617"},{"taxonomy":"product_cat","embeddable":true,"href":"https:\/\/stgbc.bcweededible.net\/fr\/wp-json\/wp\/v2\/product_cat?post=13617"},{"taxonomy":"product_tag","embeddable":true,"href":"https:\/\/stgbc.bcweededible.net\/fr\/wp-json\/wp\/v2\/product_tag?post=13617"}],"curies":[{"name":"wp","href":"https:\/\/api.w.org\/{rel}","templated":true}]}}