{"id":13609,"date":"2022-03-02T15:35:33","date_gmt":"2022-04-08T19:22:37","guid":{"rendered":"http:\/\/bcweededible.net\/buy\/non%20class\u00e9\/pots-disolat-de-cbd-en-vrac\/"},"modified":"2025-11-19T00:11:01","modified_gmt":"2025-11-19T08:11:01","slug":"cbd-isolat-vrac","status":"publish","type":"product","link":"https:\/\/stgbc.bcweededible.net\/fr\/buy\/gros\/concentres-en-gros\/cbd-isolat-vrac\/","title":{"rendered":"Pots d&#8217;isolat de CBD en gros"},"content":{"rendered":"<h2>Comment utiliser l&#8217;isolat de CBD ?<\/h2>\n<p>L&#8217;isolat de CBD est 100 % sans THC, ce qui en fait un excellent choix pour de nombreuses utilisations. Parce qu&#8217;il s&#8217;agit simplement d&#8217;une poudre, vous pouvez facilement l&#8217;utiliser dans :<\/p>\n<ul>\n<li>Comestibles<\/li>\n<li>Boisson (non soluble dans l&#8217;eau)<\/li>\n<li>Baume cosm\u00e9tique<\/li>\n<li>Vape<\/li>\n<\/ul>\n<p>En fait, vous pouvez fabriquer n&#8217;importe quel produit CBD \u00e0 partir de cet isolat de CBD.<\/p>\n<p>&nbsp;<\/p>\n<p>&nbsp;<\/p>\n","protected":false},"excerpt":{"rendered":"<p>Nos pots d&#8217;isolat de CBD en vrac proviennent des meilleurs producteurs au Canada. Ici en Colombie-Britannique, nous avons l&#8217;isolat de la plus haute qualit\u00e9 \u00e0 un prix avantageux. \u00a0Ce cannabino\u00efde(CBD) est le composant non psychoactif pr\u00e9sent dans le cannabis, qu&#8217;il s&#8217;agisse d&#8217;indica ou de sativa.<\/p>\n<p>Le processus d&#8217;extraction consiste \u00e0 se d\u00e9barrasser de la teneur en terp\u00e8nes et \u00e0 se d\u00e9barrasser de tous les autres cannabino\u00efdes. Cette poudre de cannabidiol vous donne une saveur plus neutre. Nous utilisons cet isolat dans nos <a href=\"https:\/\/stgbc.bcweededible.net\/fr\/acheter\/comestibles\/comestibles-au-cbd\/\">produits comestibles au CBD<\/a> , vous pouvez donc \u00eatre s\u00fbr d&#8217;obtenir un isolat de haute qualit\u00e9.<\/p>\n<h2>Informations sur l&#8217;isolat de CBD<\/h2>\n<ul>\n<li>Test\u00e9 en laboratoire 99,3 % de CBD<\/li>\n<li>Test\u00e9 en laboratoire 0% de THC<\/li>\n<li>Pas de m\u00e9taux lourds<\/li>\n<li>Pas de pesticides<\/li>\n<li>Inodore\/sans saveur<\/li>\n<\/ul>\n<h2>Prix en vrac de l&#8217;isolat de CBD<\/h2>\n<ul>\n<li>10g = 150$ (15$\/gr)<\/li>\n<li>28g = 280$ (10$\/gr)<\/li>\n<li>100g = 800$ (8$\/gr)<\/li>\n<li>250g = 1490$ (6$\/gr)<\/li>\n<li>500g = 1990$ (4$\/gr)<\/li>\n<\/ul>\n","protected":false},"featured_media":24173,"comment_status":"open","ping_status":"closed","template":"","meta":[],"product_brand":[],"product_cat":[265,305,535,558],"product_tag":[],"class_list":{"0":"post-13609","1":"product","2":"type-product","3":"status-publish","4":"has-post-thumbnail","6":"product_cat-comestibles-au-cbd","7":"product_cat-concentres","8":"product_cat-concentres-en-gros","9":"product_cat-gros","11":"first","12":"instock","13":"sale","14":"shipping-taxable","15":"purchasable","16":"product-type-variable","17":"has-default-attributes"},"yoast_head":"\n<title>Acheter de l&#039;isolat de CBD en vrac en ligne | Isolat de CBD pas cher Canada | BC Weed Edible<\/title>\n<meta name=\"robots\" content=\"index, follow, max-snippet:-1, max-image-preview:large, max-video-preview:-1\" \/>\n<link rel=\"canonical\" href=\"https:\/\/stgbc.bcweededible.net\/fr\/buy\/gros\/concentres-en-gros\/cbd-isolat-vrac\/\" \/>\n<meta property=\"og:locale\" content=\"fr_FR\" \/>\n<meta property=\"og:type\" content=\"article\" \/>\n<meta property=\"og:title\" content=\"Acheter de l&#039;isolat de CBD en vrac en ligne | Isolat de CBD pas cher Canada | BC Weed Edible\" \/>\n<meta property=\"og:description\" content=\"Nos pots d&#039;isolat de CBD en vrac proviennent des meilleurs producteurs au Canada. Ici en Colombie-Britannique, nous avons l&#039;isolat de la plus haute qualit\u00e9 \u00e0 un prix avantageux. \u00a0Ce cannabino\u00efde(CBD) est le composant non psychoactif pr\u00e9sent dans le cannabis, qu&#039;il s&#039;agisse d&#039;indica ou de sativa. Le processus d&#039;extraction consiste \u00e0 se d\u00e9barrasser de la teneur en terp\u00e8nes et \u00e0 se d\u00e9barrasser de tous les autres cannabino\u00efdes. Cette poudre de cannabidiol vous donne une saveur plus neutre. Nous utilisons cet isolat dans nos produits comestibles au CBD , vous pouvez donc \u00eatre s\u00fbr d&#039;obtenir un isolat de haute qualit\u00e9. Informations sur l&#039;isolat de CBD Test\u00e9 en laboratoire 99,3 % de CBD Test\u00e9 en laboratoire 0% de THC Pas de m\u00e9taux lourds Pas de pesticides Inodore\/sans saveur Prix en vrac de l&#039;isolat de CBD 10g = 150$ (15$\/gr) 28g = 280$ (10$\/gr) 100g = 800$ (8$\/gr) 250g = 1490$ (6$\/gr) 500g = 1990$ (4$\/gr)\" \/>\n<meta property=\"og:url\" content=\"https:\/\/stgbc.bcweededible.net\/fr\/buy\/gros\/concentres-en-gros\/cbd-isolat-vrac\/\" \/>\n<meta property=\"og:site_name\" content=\"BC Weed Edible\" \/>\n<meta property=\"article:modified_time\" content=\"2025-11-19T08:11:01+00:00\" \/>\n<meta property=\"og:image\" content=\"https:\/\/stgbc.bcweededible.net\/wp-content\/uploads\/2022\/03\/bulk-cbd-isolate-canada.jpg\" \/>\n\t<meta property=\"og:image:width\" content=\"650\" \/>\n\t<meta property=\"og:image:height\" content=\"650\" \/>\n\t<meta property=\"og:image:type\" content=\"image\/jpeg\" \/>\n<meta name=\"twitter:card\" content=\"summary_large_image\" \/>\n<meta name=\"twitter:label1\" content=\"Dur\u00e9e de lecture estim\u00e9e\" \/>\n\t<meta name=\"twitter:data1\" content=\"1 minute\" \/>\n<script type=\"application\/ld+json\" class=\"yoast-schema-graph\">{\"@context\":\"https:\\\/\\\/schema.org\",\"@graph\":[{\"@type\":\"WebPage\",\"@id\":\"https:\\\/\\\/stgbc.bcweededible.net\\\/fr\\\/buy\\\/gros\\\/concentres-en-gros\\\/cbd-isolat-vrac\\\/\",\"url\":\"https:\\\/\\\/stgbc.bcweededible.net\\\/fr\\\/buy\\\/gros\\\/concentres-en-gros\\\/cbd-isolat-vrac\\\/\",\"name\":\"Acheter de l'isolat de CBD en vrac en ligne | Isolat de CBD pas cher Canada | BC Weed Edible\",\"isPartOf\":{\"@id\":\"https:\\\/\\\/stgbc.bcweededible.net\\\/fr\\\/#website\"},\"primaryImageOfPage\":{\"@id\":\"https:\\\/\\\/stgbc.bcweededible.net\\\/fr\\\/buy\\\/gros\\\/concentres-en-gros\\\/cbd-isolat-vrac\\\/#primaryimage\"},\"image\":{\"@id\":\"https:\\\/\\\/stgbc.bcweededible.net\\\/fr\\\/buy\\\/gros\\\/concentres-en-gros\\\/cbd-isolat-vrac\\\/#primaryimage\"},\"thumbnailUrl\":\"https:\\\/\\\/stgbc.bcweededible.net\\\/wp-content\\\/uploads\\\/2022\\\/03\\\/bulk-cbd-isolate-canada.jpg\",\"datePublished\":\"2022-04-08T19:22:37+00:00\",\"dateModified\":\"2025-11-19T08:11:01+00:00\",\"breadcrumb\":{\"@id\":\"https:\\\/\\\/stgbc.bcweededible.net\\\/fr\\\/buy\\\/gros\\\/concentres-en-gros\\\/cbd-isolat-vrac\\\/#breadcrumb\"},\"inLanguage\":\"fr-FR\",\"potentialAction\":[{\"@type\":\"ReadAction\",\"target\":[\"https:\\\/\\\/stgbc.bcweededible.net\\\/fr\\\/buy\\\/gros\\\/concentres-en-gros\\\/cbd-isolat-vrac\\\/\"]}]},{\"@type\":\"ImageObject\",\"inLanguage\":\"fr-FR\",\"@id\":\"https:\\\/\\\/stgbc.bcweededible.net\\\/fr\\\/buy\\\/gros\\\/concentres-en-gros\\\/cbd-isolat-vrac\\\/#primaryimage\",\"url\":\"https:\\\/\\\/stgbc.bcweededible.net\\\/wp-content\\\/uploads\\\/2022\\\/03\\\/bulk-cbd-isolate-canada.jpg\",\"contentUrl\":\"https:\\\/\\\/stgbc.bcweededible.net\\\/wp-content\\\/uploads\\\/2022\\\/03\\\/bulk-cbd-isolate-canada.jpg\",\"width\":650,\"height\":650,\"caption\":\"cbd isolate canada\"},{\"@type\":\"BreadcrumbList\",\"@id\":\"https:\\\/\\\/stgbc.bcweededible.net\\\/fr\\\/buy\\\/gros\\\/concentres-en-gros\\\/cbd-isolat-vrac\\\/#breadcrumb\",\"itemListElement\":[{\"@type\":\"ListItem\",\"position\":1,\"name\":\"Jujubes au Pot Canada\",\"item\":\"https:\\\/\\\/stgbc.bcweededible.net\\\/fr\\\/shop\\\/\"},{\"@type\":\"ListItem\",\"position\":2,\"name\":\"Pots d&#8217;isolat de CBD en gros\"}]},{\"@type\":\"WebSite\",\"@id\":\"https:\\\/\\\/stgbc.bcweededible.net\\\/fr\\\/#website\",\"url\":\"https:\\\/\\\/stgbc.bcweededible.net\\\/fr\\\/\",\"name\":\"BC Weed Edible\",\"description\":\"\",\"publisher\":{\"@id\":\"https:\\\/\\\/stgbc.bcweededible.net\\\/fr\\\/#organization\"},\"potentialAction\":[{\"@type\":\"SearchAction\",\"target\":{\"@type\":\"EntryPoint\",\"urlTemplate\":\"https:\\\/\\\/stgbc.bcweededible.net\\\/fr\\\/?s={search_term_string}\"},\"query-input\":{\"@type\":\"PropertyValueSpecification\",\"valueRequired\":true,\"valueName\":\"search_term_string\"}}],\"inLanguage\":\"fr-FR\"},{\"@type\":\"Organization\",\"@id\":\"https:\\\/\\\/stgbc.bcweededible.net\\\/fr\\\/#organization\",\"name\":\"BC Weed Edible\",\"url\":\"https:\\\/\\\/stgbc.bcweededible.net\\\/fr\\\/\",\"logo\":{\"@type\":\"ImageObject\",\"inLanguage\":\"fr-FR\",\"@id\":\"https:\\\/\\\/stgbc.bcweededible.net\\\/fr\\\/#\\\/schema\\\/logo\\\/image\\\/\",\"url\":\"https:\\\/\\\/stgbc.bcweededible.net\\\/wp-content\\\/uploads\\\/2021\\\/12\\\/bc-weed-edible-canada.png\",\"contentUrl\":\"https:\\\/\\\/stgbc.bcweededible.net\\\/wp-content\\\/uploads\\\/2021\\\/12\\\/bc-weed-edible-canada.png\",\"width\":270,\"height\":185,\"caption\":\"BC Weed Edible\"},\"image\":{\"@id\":\"https:\\\/\\\/stgbc.bcweededible.net\\\/fr\\\/#\\\/schema\\\/logo\\\/image\\\/\"}}]}<\/script>\n","yoast_head_json":{"title":"Acheter de l'isolat de CBD en vrac en ligne | Isolat de CBD pas cher Canada | BC Weed Edible","robots":{"index":"index","follow":"follow","max-snippet":"max-snippet:-1","max-image-preview":"max-image-preview:large","max-video-preview":"max-video-preview:-1"},"canonical":"https:\/\/stgbc.bcweededible.net\/fr\/buy\/gros\/concentres-en-gros\/cbd-isolat-vrac\/","og_locale":"fr_FR","og_type":"article","og_title":"Acheter de l'isolat de CBD en vrac en ligne | Isolat de CBD pas cher Canada | BC Weed Edible","og_description":"Nos pots d'isolat de CBD en vrac proviennent des meilleurs producteurs au Canada. Ici en Colombie-Britannique, nous avons l'isolat de la plus haute qualit\u00e9 \u00e0 un prix avantageux. \u00a0Ce cannabino\u00efde(CBD) est le composant non psychoactif pr\u00e9sent dans le cannabis, qu'il s'agisse d'indica ou de sativa. Le processus d'extraction consiste \u00e0 se d\u00e9barrasser de la teneur en terp\u00e8nes et \u00e0 se d\u00e9barrasser de tous les autres cannabino\u00efdes. Cette poudre de cannabidiol vous donne une saveur plus neutre. Nous utilisons cet isolat dans nos produits comestibles au CBD , vous pouvez donc \u00eatre s\u00fbr d'obtenir un isolat de haute qualit\u00e9. Informations sur l'isolat de CBD Test\u00e9 en laboratoire 99,3 % de CBD Test\u00e9 en laboratoire 0% de THC Pas de m\u00e9taux lourds Pas de pesticides Inodore\/sans saveur Prix en vrac de l'isolat de CBD 10g = 150$ (15$\/gr) 28g = 280$ (10$\/gr) 100g = 800$ (8$\/gr) 250g = 1490$ (6$\/gr) 500g = 1990$ (4$\/gr)","og_url":"https:\/\/stgbc.bcweededible.net\/fr\/buy\/gros\/concentres-en-gros\/cbd-isolat-vrac\/","og_site_name":"BC Weed Edible","article_modified_time":"2025-11-19T08:11:01+00:00","og_image":[{"width":650,"height":650,"url":"https:\/\/stgbc.bcweededible.net\/wp-content\/uploads\/2022\/03\/bulk-cbd-isolate-canada.jpg","type":"image\/jpeg"}],"twitter_card":"summary_large_image","twitter_misc":{"Dur\u00e9e de lecture estim\u00e9e":"1 minute"},"schema":{"@context":"https:\/\/schema.org","@graph":[{"@type":"WebPage","@id":"https:\/\/stgbc.bcweededible.net\/fr\/buy\/gros\/concentres-en-gros\/cbd-isolat-vrac\/","url":"https:\/\/stgbc.bcweededible.net\/fr\/buy\/gros\/concentres-en-gros\/cbd-isolat-vrac\/","name":"Acheter de l'isolat de CBD en vrac en ligne | Isolat de CBD pas cher Canada | BC Weed Edible","isPartOf":{"@id":"https:\/\/stgbc.bcweededible.net\/fr\/#website"},"primaryImageOfPage":{"@id":"https:\/\/stgbc.bcweededible.net\/fr\/buy\/gros\/concentres-en-gros\/cbd-isolat-vrac\/#primaryimage"},"image":{"@id":"https:\/\/stgbc.bcweededible.net\/fr\/buy\/gros\/concentres-en-gros\/cbd-isolat-vrac\/#primaryimage"},"thumbnailUrl":"https:\/\/stgbc.bcweededible.net\/wp-content\/uploads\/2022\/03\/bulk-cbd-isolate-canada.jpg","datePublished":"2022-04-08T19:22:37+00:00","dateModified":"2025-11-19T08:11:01+00:00","breadcrumb":{"@id":"https:\/\/stgbc.bcweededible.net\/fr\/buy\/gros\/concentres-en-gros\/cbd-isolat-vrac\/#breadcrumb"},"inLanguage":"fr-FR","potentialAction":[{"@type":"ReadAction","target":["https:\/\/stgbc.bcweededible.net\/fr\/buy\/gros\/concentres-en-gros\/cbd-isolat-vrac\/"]}]},{"@type":"ImageObject","inLanguage":"fr-FR","@id":"https:\/\/stgbc.bcweededible.net\/fr\/buy\/gros\/concentres-en-gros\/cbd-isolat-vrac\/#primaryimage","url":"https:\/\/stgbc.bcweededible.net\/wp-content\/uploads\/2022\/03\/bulk-cbd-isolate-canada.jpg","contentUrl":"https:\/\/stgbc.bcweededible.net\/wp-content\/uploads\/2022\/03\/bulk-cbd-isolate-canada.jpg","width":650,"height":650,"caption":"cbd isolate canada"},{"@type":"BreadcrumbList","@id":"https:\/\/stgbc.bcweededible.net\/fr\/buy\/gros\/concentres-en-gros\/cbd-isolat-vrac\/#breadcrumb","itemListElement":[{"@type":"ListItem","position":1,"name":"Jujubes au Pot Canada","item":"https:\/\/stgbc.bcweededible.net\/fr\/shop\/"},{"@type":"ListItem","position":2,"name":"Pots d&#8217;isolat de CBD en gros"}]},{"@type":"WebSite","@id":"https:\/\/stgbc.bcweededible.net\/fr\/#website","url":"https:\/\/stgbc.bcweededible.net\/fr\/","name":"BC Weed Edible","description":"","publisher":{"@id":"https:\/\/stgbc.bcweededible.net\/fr\/#organization"},"potentialAction":[{"@type":"SearchAction","target":{"@type":"EntryPoint","urlTemplate":"https:\/\/stgbc.bcweededible.net\/fr\/?s={search_term_string}"},"query-input":{"@type":"PropertyValueSpecification","valueRequired":true,"valueName":"search_term_string"}}],"inLanguage":"fr-FR"},{"@type":"Organization","@id":"https:\/\/stgbc.bcweededible.net\/fr\/#organization","name":"BC Weed Edible","url":"https:\/\/stgbc.bcweededible.net\/fr\/","logo":{"@type":"ImageObject","inLanguage":"fr-FR","@id":"https:\/\/stgbc.bcweededible.net\/fr\/#\/schema\/logo\/image\/","url":"https:\/\/stgbc.bcweededible.net\/wp-content\/uploads\/2021\/12\/bc-weed-edible-canada.png","contentUrl":"https:\/\/stgbc.bcweededible.net\/wp-content\/uploads\/2021\/12\/bc-weed-edible-canada.png","width":270,"height":185,"caption":"BC Weed Edible"},"image":{"@id":"https:\/\/stgbc.bcweededible.net\/fr\/#\/schema\/logo\/image\/"}}]}},"_links":{"self":[{"href":"https:\/\/stgbc.bcweededible.net\/fr\/wp-json\/wp\/v2\/product\/13609","targetHints":{"allow":["GET"]}}],"collection":[{"href":"https:\/\/stgbc.bcweededible.net\/fr\/wp-json\/wp\/v2\/product"}],"about":[{"href":"https:\/\/stgbc.bcweededible.net\/fr\/wp-json\/wp\/v2\/types\/product"}],"replies":[{"embeddable":true,"href":"https:\/\/stgbc.bcweededible.net\/fr\/wp-json\/wp\/v2\/comments?post=13609"}],"wp:featuredmedia":[{"embeddable":true,"href":"https:\/\/stgbc.bcweededible.net\/fr\/wp-json\/wp\/v2\/media\/24173"}],"wp:attachment":[{"href":"https:\/\/stgbc.bcweededible.net\/fr\/wp-json\/wp\/v2\/media?parent=13609"}],"wp:term":[{"taxonomy":"product_brand","embeddable":true,"href":"https:\/\/stgbc.bcweededible.net\/fr\/wp-json\/wp\/v2\/product_brand?post=13609"},{"taxonomy":"product_cat","embeddable":true,"href":"https:\/\/stgbc.bcweededible.net\/fr\/wp-json\/wp\/v2\/product_cat?post=13609"},{"taxonomy":"product_tag","embeddable":true,"href":"https:\/\/stgbc.bcweededible.net\/fr\/wp-json\/wp\/v2\/product_tag?post=13609"}],"curies":[{"name":"wp","href":"https:\/\/api.w.org\/{rel}","templated":true}]}}