{"id":13608,"date":"2022-02-01T21:19:35","date_gmt":"2022-04-08T19:22:37","guid":{"rendered":"http:\/\/bcweededible.net\/buy\/non%20class\u00e9\/barre-de-chocolats-240mg-thc-24-carres-x10mg\/"},"modified":"2026-04-02T12:38:52","modified_gmt":"2026-04-02T19:38:52","slug":"barre-de-chocolat-thc","status":"publish","type":"product","link":"https:\/\/stgbc.bcweededible.net\/fr\/buy\/marques\/eden-edibles-fr\/barre-de-chocolat-thc\/","title":{"rendered":"Barre de Chocolat au THC"},"content":{"rendered":"<h2>Acheter des barres de chocolat au cannabis au Canada<\/h2>\n<p>Vous cherchez un moyen d\u00e9licieux et relaxant de consommer du THC ? Ne cherchez pas plus loin que les barres de chocolat THC ! Ces barres sont fabriqu\u00e9es avec des ingr\u00e9dients de premi\u00e8re qualit\u00e9 et offrent une exp\u00e9rience puissante et savoureuse. Nous proposons un large choix d&#8217;ar\u00f4mes et de niveaux de puissance afin que vous puissiez trouver la barre parfaite pour vos besoins. Une <strong>bonne affaire pour vous<\/strong>, ces barres sont parmi les <a href=\"https:\/\/stgbc.bcweededible.net\/fr\/shop\/comestibles\/pas-cher\/\">edibles de cannabis les moins chers<\/a> que vous pouvez obtenir au Canada. Facile \u00e0 transporter et parfait pour vous g\u00e2ter et enfin profiter d&#8217;un produit de grande qualit\u00e9 gustative. Nos barres de chocolat au THC sont fabriqu\u00e9es avec du chocolat noir de haute qualit\u00e9 et du distillat de THC test\u00e9 en laboratoire \u00e0 plus de 90%.<\/p>\n<h2>Choisir le bon dosage de barres de chocolat pour vos besoins<\/h2>\n<p><strong>10mg est un dosage pour les d\u00e9butants<\/strong>, et nous vous sugg\u00e9rons de vous en tenir \u00e0 <strong>un carr\u00e9 au d\u00e9but, puis attendez 90 minutes. 20mg et 50mg sont destin\u00e9s aux utilisateurs exp\u00e9riment\u00e9s. <\/strong>Si vous \u00eates un d\u00e9butant en mati\u00e8re d&#8217;edibles, nos barres de chocolat au THC sont parfaites pour vous, et si vous avez une tol\u00e9rance plus \u00e9lev\u00e9e au cannabis, vous pouvez toujours choisir la version la plus puissante pour obtenir l&#8217;effet d\u00e9sir\u00e9. Consultez notre <a href=\"https:\/\/stgbc.bcweededible.net\/fr\/tableau-dosage-comestibles-pot\/\">tableau de dosage des comestibles par poids et par mg de THC<\/a> si vous n&#8217;\u00eates pas s\u00fbr de la quantit\u00e9 que vous devez prendre.<\/p>\n<p><strong>Conseil : <\/strong>Les edibles au cannabis mettent un certain temps \u00e0 agir car ils doivent passer par tout le syst\u00e8me digestif. Ne commettez pas l&#8217;erreur de penser que vous n&#8217;avez aucun effet et de manger d&#8217;autres carr\u00e9s. <strong>Soyez patient !<\/strong><\/p>\n<h2>O\u00f9 sont les effets des barres de chocolat au THC ?<\/h2>\n<p>Les produits \u00e0 base de cannabis peuvent avoir des effets diff\u00e9rents selon les personnes. Cependant, les preuves scientifiques de ces effets potentiels sont limit\u00e9es. Les gens r\u00e9agissent diff\u00e9remment au cannabis, et la r\u00e9action d&#8217;un utilisateur \u00e0 diff\u00e9rents produits du cannabis peut varier selon la vari\u00e9t\u00e9, la puissance, la m\u00e9thode de consommation et d&#8217;autres variables.<\/p>\n<p>La seule fa\u00e7on de savoir comment le cannabis vous affectera est de consommer une petite quantit\u00e9 et de noter les effets. Toujours commencer doucement et aller lentement. Parmi les effets courants du cannabis figurent la relaxation, le soulagement de la douleur, l&#8217;alt\u00e9ration des sens, les troubles de la m\u00e9moire et de la concentration et la diminution des inhibitions. Certaines personnes peuvent \u00e9galement ressentir une anxi\u00e9t\u00e9 accrue ou une parano\u00efa.<\/p>\n<p>Il est important de conna\u00eetre les risques potentiels et les effets secondaires de la consommation de cannabis avant d&#8217;en consommer. Comme avec toute substance, il est possible d&#8217;avoir une r\u00e9action ind\u00e9sirable, il est donc important de commencer par une petite quantit\u00e9 et d&#8217;augmenter lentement si n\u00e9cessaire.<\/p>\n<h2>Combien de temps les barres de chocolat au THC mettent-elles \u00e0 faire effet ?<\/h2>\n<p>Lorsque vous fumez ou vaporisez de pot, le THC p\u00e9n\u00e8tre dans vos poumons, puis se diffuse rapidement dans votre sang. De l\u00e0, il se dirige rapidement vers votre cerveau. En revanche, lorsque vous mangez un produit comestible, le THC doit d&#8217;abord \u00eatre m\u00e9tabolis\u00e9 par votre foie avant d&#8217;entrer dans votre circulation sanguine.<\/p>\n<p>Ce processus prend plus de temps que l&#8217;inhalation, c&#8217;est pourquoi les comestibles <strong>prennent<\/strong> g\u00e9n\u00e9ralement entre <strong>60 et 90 minutes pour faire effet.<\/strong> Cependant, le temps d&#8217;apparition peut varier en fonction d&#8217;un certain nombre de facteurs, notamment votre m\u00e9tabolisme, la quantit\u00e9 de nourriture que vous avez consomm\u00e9e avant et la puissance du produit comestible.<\/p>\n","protected":false},"excerpt":{"rendered":"<p>Nos<strong> barres de <a href=\"https:\/\/stgbc.bcweededible.net\/fr\/shop\/comestibles\/chocolat\/\">chocolat<\/a> au THC <\/strong>sont disponibles en <strong>trois puissances de THC diff\u00e9rentes.<\/strong> Chaque barre de chocolat contient <strong>24 carr\u00e9s <\/strong>, ce qui permet de prendre facilement la quantit\u00e9 exacte de THC dont vous avez besoin :<\/p>\n<ul>\n<li><strong>Barre de chocolat de 240 mg :<\/strong> 10 mg de THC par carr\u00e9 de chocolat ; id\u00e9al pour les <strong>d\u00e9butants<\/strong>.<\/li>\n<li><strong>Barre de chocolat de 500 mg :<\/strong> 20 mg de THC par carr\u00e9 de chocolat ; id\u00e9al pour les <strong>interm\u00e9diaires<\/strong>.<\/li>\n<li><strong>Barre de chocolat de 1200mg :<\/strong> 50mg de THC par carr\u00e9 de chocolat : id\u00e9al pour les <strong>experts<\/strong><\/li>\n<\/ul>\n<h3>D\u00e9tails de la barre de chocolat THC<\/h3>\n<table>\n<tbody>\n<tr>\n<td class=\"has-text-align-center\" data-align=\"center\"><strong>Teneur en THC<\/strong><\/td>\n<td class=\"has-text-align-center\" data-align=\"center\">240 mg, 500 mg ou 1200 mg<\/td>\n<\/tr>\n<tr>\n<td class=\"has-text-align-center\" data-align=\"center\"><strong>THC par carr\u00e9<\/strong><\/td>\n<td class=\"has-text-align-center\" data-align=\"center\">10 mg, 20 mg ou 50 mg<\/td>\n<\/tr>\n<tr>\n<td class=\"has-text-align-center\" style=\"text-align: left;\" data-align=\"center\"><strong>Ingr\u00e9dients<\/strong><\/td>\n<td class=\"has-text-align-center\" style=\"text-align: left;\" data-align=\"center\">chocolat 72%, THC distill\u00e9<\/td>\n<\/tr>\n<tr>\n<td class=\"has-text-align-center\" style=\"text-align: left;\" data-align=\"center\"><strong>Entreposage<\/strong><\/td>\n<td class=\"has-text-align-center\" style=\"text-align: left;\" data-align=\"center\">Conserver dans un endroit frais, sec et sombre<\/td>\n<\/tr>\n<\/tbody>\n<\/table>\n","protected":false},"featured_media":75713,"comment_status":"open","ping_status":"closed","template":"","meta":[],"product_brand":[],"product_cat":[207,269,270,274,244,246,278,664,280],"product_tag":[374],"class_list":{"0":"post-13608","1":"product","2":"type-product","3":"status-publish","4":"has-post-thumbnail","6":"product_cat-1000mg-edible","7":"product_cat-200mg-fr","8":"product_cat-500mg-fr","9":"product_cat-chocolat","10":"product_cat-comestibles","11":"product_cat-pas-cher","12":"product_cat-puissant","13":"product_cat-eden-edibles-fr","14":"product_cat-vegan-fr","15":"product_tag-240mg-fr","17":"first","18":"instock","19":"shipping-taxable","20":"purchasable","21":"product-type-variable","22":"has-default-attributes"},"yoast_head":"\n<title>Buy THC Chocolate Bar Edibles in Canada | Barres de 500mg, 1000mg | BC Weed Edible<\/title>\n<meta name=\"description\" content=\"Barres de chocolat avec 240mg, 500mg ou 1200mg de THC, fabriqu\u00e9es avec 72% de chocolat noir et du distillat test\u00e9 par des jeunes. 10mg, 20mg ou 50mg par carr\u00e9, choisissez la bonne barre maintenant !\" \/>\n<meta name=\"robots\" content=\"index, follow, max-snippet:-1, max-image-preview:large, max-video-preview:-1\" \/>\n<link rel=\"canonical\" href=\"https:\/\/stgbc.bcweededible.net\/fr\/buy\/marques\/eden-edibles-fr\/barre-de-chocolat-thc\/\" \/>\n<meta property=\"og:locale\" content=\"fr_FR\" \/>\n<meta property=\"og:type\" content=\"article\" \/>\n<meta property=\"og:title\" content=\"Buy THC Chocolate Bar Edibles in Canada | Barres de 500mg, 1000mg | BC Weed Edible\" \/>\n<meta property=\"og:description\" content=\"Barres de chocolat avec 240mg, 500mg ou 1200mg de THC, fabriqu\u00e9es avec 72% de chocolat noir et du distillat test\u00e9 par des jeunes. 10mg, 20mg ou 50mg par carr\u00e9, choisissez la bonne barre maintenant !\" \/>\n<meta property=\"og:url\" content=\"https:\/\/stgbc.bcweededible.net\/fr\/buy\/marques\/eden-edibles-fr\/barre-de-chocolat-thc\/\" \/>\n<meta property=\"og:site_name\" content=\"BC Weed Edible\" \/>\n<meta property=\"article:modified_time\" content=\"2026-04-02T19:38:52+00:00\" \/>\n<meta property=\"og:image\" content=\"https:\/\/stgbc.bcweededible.net\/wp-content\/uploads\/2022\/02\/Chocolate-Bars-THC-Green.jpg\" \/>\n\t<meta property=\"og:image:width\" content=\"1080\" \/>\n\t<meta property=\"og:image:height\" content=\"1080\" \/>\n\t<meta property=\"og:image:type\" content=\"image\/jpeg\" \/>\n<meta name=\"twitter:card\" content=\"summary_large_image\" \/>\n<meta name=\"twitter:label1\" content=\"Dur\u00e9e de lecture estim\u00e9e\" \/>\n\t<meta name=\"twitter:data1\" content=\"3 minutes\" \/>\n<script type=\"application\/ld+json\" class=\"yoast-schema-graph\">{\"@context\":\"https:\\\/\\\/schema.org\",\"@graph\":[{\"@type\":\"WebPage\",\"@id\":\"https:\\\/\\\/stgbc.bcweededible.net\\\/fr\\\/buy\\\/marques\\\/eden-edibles-fr\\\/barre-de-chocolat-thc\\\/\",\"url\":\"https:\\\/\\\/stgbc.bcweededible.net\\\/fr\\\/buy\\\/marques\\\/eden-edibles-fr\\\/barre-de-chocolat-thc\\\/\",\"name\":\"Buy THC Chocolate Bar Edibles in Canada | Barres de 500mg, 1000mg | BC Weed Edible\",\"isPartOf\":{\"@id\":\"https:\\\/\\\/stgbc.bcweededible.net\\\/fr\\\/#website\"},\"primaryImageOfPage\":{\"@id\":\"https:\\\/\\\/stgbc.bcweededible.net\\\/fr\\\/buy\\\/marques\\\/eden-edibles-fr\\\/barre-de-chocolat-thc\\\/#primaryimage\"},\"image\":{\"@id\":\"https:\\\/\\\/stgbc.bcweededible.net\\\/fr\\\/buy\\\/marques\\\/eden-edibles-fr\\\/barre-de-chocolat-thc\\\/#primaryimage\"},\"thumbnailUrl\":\"https:\\\/\\\/stgbc.bcweededible.net\\\/wp-content\\\/uploads\\\/2022\\\/02\\\/Chocolate-Bars-THC-Green.jpg\",\"datePublished\":\"2022-04-08T19:22:37+00:00\",\"dateModified\":\"2026-04-02T19:38:52+00:00\",\"description\":\"Barres de chocolat avec 240mg, 500mg ou 1200mg de THC, fabriqu\u00e9es avec 72% de chocolat noir et du distillat test\u00e9 par des jeunes. 10mg, 20mg ou 50mg par carr\u00e9, choisissez la bonne barre maintenant !\",\"breadcrumb\":{\"@id\":\"https:\\\/\\\/stgbc.bcweededible.net\\\/fr\\\/buy\\\/marques\\\/eden-edibles-fr\\\/barre-de-chocolat-thc\\\/#breadcrumb\"},\"inLanguage\":\"fr-FR\",\"potentialAction\":[{\"@type\":\"ReadAction\",\"target\":[\"https:\\\/\\\/stgbc.bcweededible.net\\\/fr\\\/buy\\\/marques\\\/eden-edibles-fr\\\/barre-de-chocolat-thc\\\/\"]}]},{\"@type\":\"ImageObject\",\"inLanguage\":\"fr-FR\",\"@id\":\"https:\\\/\\\/stgbc.bcweededible.net\\\/fr\\\/buy\\\/marques\\\/eden-edibles-fr\\\/barre-de-chocolat-thc\\\/#primaryimage\",\"url\":\"https:\\\/\\\/stgbc.bcweededible.net\\\/wp-content\\\/uploads\\\/2022\\\/02\\\/Chocolate-Bars-THC-Green.jpg\",\"contentUrl\":\"https:\\\/\\\/stgbc.bcweededible.net\\\/wp-content\\\/uploads\\\/2022\\\/02\\\/Chocolate-Bars-THC-Green.jpg\",\"width\":1080,\"height\":1080,\"caption\":\"thc chocolate bars eden\"},{\"@type\":\"BreadcrumbList\",\"@id\":\"https:\\\/\\\/stgbc.bcweededible.net\\\/fr\\\/buy\\\/marques\\\/eden-edibles-fr\\\/barre-de-chocolat-thc\\\/#breadcrumb\",\"itemListElement\":[{\"@type\":\"ListItem\",\"position\":1,\"name\":\"Jujubes au Pot Canada\",\"item\":\"https:\\\/\\\/stgbc.bcweededible.net\\\/fr\\\/shop\\\/\"},{\"@type\":\"ListItem\",\"position\":2,\"name\":\"Barre de Chocolat au THC\"}]},{\"@type\":\"WebSite\",\"@id\":\"https:\\\/\\\/stgbc.bcweededible.net\\\/fr\\\/#website\",\"url\":\"https:\\\/\\\/stgbc.bcweededible.net\\\/fr\\\/\",\"name\":\"BC Weed Edible\",\"description\":\"\",\"publisher\":{\"@id\":\"https:\\\/\\\/stgbc.bcweededible.net\\\/fr\\\/#organization\"},\"potentialAction\":[{\"@type\":\"SearchAction\",\"target\":{\"@type\":\"EntryPoint\",\"urlTemplate\":\"https:\\\/\\\/stgbc.bcweededible.net\\\/fr\\\/?s={search_term_string}\"},\"query-input\":{\"@type\":\"PropertyValueSpecification\",\"valueRequired\":true,\"valueName\":\"search_term_string\"}}],\"inLanguage\":\"fr-FR\"},{\"@type\":\"Organization\",\"@id\":\"https:\\\/\\\/stgbc.bcweededible.net\\\/fr\\\/#organization\",\"name\":\"BC Weed Edible\",\"url\":\"https:\\\/\\\/stgbc.bcweededible.net\\\/fr\\\/\",\"logo\":{\"@type\":\"ImageObject\",\"inLanguage\":\"fr-FR\",\"@id\":\"https:\\\/\\\/stgbc.bcweededible.net\\\/fr\\\/#\\\/schema\\\/logo\\\/image\\\/\",\"url\":\"https:\\\/\\\/stgbc.bcweededible.net\\\/wp-content\\\/uploads\\\/2021\\\/12\\\/bc-weed-edible-canada.png\",\"contentUrl\":\"https:\\\/\\\/stgbc.bcweededible.net\\\/wp-content\\\/uploads\\\/2021\\\/12\\\/bc-weed-edible-canada.png\",\"width\":270,\"height\":185,\"caption\":\"BC Weed Edible\"},\"image\":{\"@id\":\"https:\\\/\\\/stgbc.bcweededible.net\\\/fr\\\/#\\\/schema\\\/logo\\\/image\\\/\"}}]}<\/script>\n","yoast_head_json":{"title":"Buy THC Chocolate Bar Edibles in Canada | Barres de 500mg, 1000mg | BC Weed Edible","description":"Barres de chocolat avec 240mg, 500mg ou 1200mg de THC, fabriqu\u00e9es avec 72% de chocolat noir et du distillat test\u00e9 par des jeunes. 10mg, 20mg ou 50mg par carr\u00e9, choisissez la bonne barre maintenant !","robots":{"index":"index","follow":"follow","max-snippet":"max-snippet:-1","max-image-preview":"max-image-preview:large","max-video-preview":"max-video-preview:-1"},"canonical":"https:\/\/stgbc.bcweededible.net\/fr\/buy\/marques\/eden-edibles-fr\/barre-de-chocolat-thc\/","og_locale":"fr_FR","og_type":"article","og_title":"Buy THC Chocolate Bar Edibles in Canada | Barres de 500mg, 1000mg | BC Weed Edible","og_description":"Barres de chocolat avec 240mg, 500mg ou 1200mg de THC, fabriqu\u00e9es avec 72% de chocolat noir et du distillat test\u00e9 par des jeunes. 10mg, 20mg ou 50mg par carr\u00e9, choisissez la bonne barre maintenant !","og_url":"https:\/\/stgbc.bcweededible.net\/fr\/buy\/marques\/eden-edibles-fr\/barre-de-chocolat-thc\/","og_site_name":"BC Weed Edible","article_modified_time":"2026-04-02T19:38:52+00:00","og_image":[{"width":1080,"height":1080,"url":"https:\/\/stgbc.bcweededible.net\/wp-content\/uploads\/2022\/02\/Chocolate-Bars-THC-Green.jpg","type":"image\/jpeg"}],"twitter_card":"summary_large_image","twitter_misc":{"Dur\u00e9e de lecture estim\u00e9e":"3 minutes"},"schema":{"@context":"https:\/\/schema.org","@graph":[{"@type":"WebPage","@id":"https:\/\/stgbc.bcweededible.net\/fr\/buy\/marques\/eden-edibles-fr\/barre-de-chocolat-thc\/","url":"https:\/\/stgbc.bcweededible.net\/fr\/buy\/marques\/eden-edibles-fr\/barre-de-chocolat-thc\/","name":"Buy THC Chocolate Bar Edibles in Canada | Barres de 500mg, 1000mg | BC Weed Edible","isPartOf":{"@id":"https:\/\/stgbc.bcweededible.net\/fr\/#website"},"primaryImageOfPage":{"@id":"https:\/\/stgbc.bcweededible.net\/fr\/buy\/marques\/eden-edibles-fr\/barre-de-chocolat-thc\/#primaryimage"},"image":{"@id":"https:\/\/stgbc.bcweededible.net\/fr\/buy\/marques\/eden-edibles-fr\/barre-de-chocolat-thc\/#primaryimage"},"thumbnailUrl":"https:\/\/stgbc.bcweededible.net\/wp-content\/uploads\/2022\/02\/Chocolate-Bars-THC-Green.jpg","datePublished":"2022-04-08T19:22:37+00:00","dateModified":"2026-04-02T19:38:52+00:00","description":"Barres de chocolat avec 240mg, 500mg ou 1200mg de THC, fabriqu\u00e9es avec 72% de chocolat noir et du distillat test\u00e9 par des jeunes. 10mg, 20mg ou 50mg par carr\u00e9, choisissez la bonne barre maintenant !","breadcrumb":{"@id":"https:\/\/stgbc.bcweededible.net\/fr\/buy\/marques\/eden-edibles-fr\/barre-de-chocolat-thc\/#breadcrumb"},"inLanguage":"fr-FR","potentialAction":[{"@type":"ReadAction","target":["https:\/\/stgbc.bcweededible.net\/fr\/buy\/marques\/eden-edibles-fr\/barre-de-chocolat-thc\/"]}]},{"@type":"ImageObject","inLanguage":"fr-FR","@id":"https:\/\/stgbc.bcweededible.net\/fr\/buy\/marques\/eden-edibles-fr\/barre-de-chocolat-thc\/#primaryimage","url":"https:\/\/stgbc.bcweededible.net\/wp-content\/uploads\/2022\/02\/Chocolate-Bars-THC-Green.jpg","contentUrl":"https:\/\/stgbc.bcweededible.net\/wp-content\/uploads\/2022\/02\/Chocolate-Bars-THC-Green.jpg","width":1080,"height":1080,"caption":"thc chocolate bars eden"},{"@type":"BreadcrumbList","@id":"https:\/\/stgbc.bcweededible.net\/fr\/buy\/marques\/eden-edibles-fr\/barre-de-chocolat-thc\/#breadcrumb","itemListElement":[{"@type":"ListItem","position":1,"name":"Jujubes au Pot Canada","item":"https:\/\/stgbc.bcweededible.net\/fr\/shop\/"},{"@type":"ListItem","position":2,"name":"Barre de Chocolat au THC"}]},{"@type":"WebSite","@id":"https:\/\/stgbc.bcweededible.net\/fr\/#website","url":"https:\/\/stgbc.bcweededible.net\/fr\/","name":"BC Weed Edible","description":"","publisher":{"@id":"https:\/\/stgbc.bcweededible.net\/fr\/#organization"},"potentialAction":[{"@type":"SearchAction","target":{"@type":"EntryPoint","urlTemplate":"https:\/\/stgbc.bcweededible.net\/fr\/?s={search_term_string}"},"query-input":{"@type":"PropertyValueSpecification","valueRequired":true,"valueName":"search_term_string"}}],"inLanguage":"fr-FR"},{"@type":"Organization","@id":"https:\/\/stgbc.bcweededible.net\/fr\/#organization","name":"BC Weed Edible","url":"https:\/\/stgbc.bcweededible.net\/fr\/","logo":{"@type":"ImageObject","inLanguage":"fr-FR","@id":"https:\/\/stgbc.bcweededible.net\/fr\/#\/schema\/logo\/image\/","url":"https:\/\/stgbc.bcweededible.net\/wp-content\/uploads\/2021\/12\/bc-weed-edible-canada.png","contentUrl":"https:\/\/stgbc.bcweededible.net\/wp-content\/uploads\/2021\/12\/bc-weed-edible-canada.png","width":270,"height":185,"caption":"BC Weed Edible"},"image":{"@id":"https:\/\/stgbc.bcweededible.net\/fr\/#\/schema\/logo\/image\/"}}]}},"_links":{"self":[{"href":"https:\/\/stgbc.bcweededible.net\/fr\/wp-json\/wp\/v2\/product\/13608","targetHints":{"allow":["GET"]}}],"collection":[{"href":"https:\/\/stgbc.bcweededible.net\/fr\/wp-json\/wp\/v2\/product"}],"about":[{"href":"https:\/\/stgbc.bcweededible.net\/fr\/wp-json\/wp\/v2\/types\/product"}],"replies":[{"embeddable":true,"href":"https:\/\/stgbc.bcweededible.net\/fr\/wp-json\/wp\/v2\/comments?post=13608"}],"wp:featuredmedia":[{"embeddable":true,"href":"https:\/\/stgbc.bcweededible.net\/fr\/wp-json\/wp\/v2\/media\/75713"}],"wp:attachment":[{"href":"https:\/\/stgbc.bcweededible.net\/fr\/wp-json\/wp\/v2\/media?parent=13608"}],"wp:term":[{"taxonomy":"product_brand","embeddable":true,"href":"https:\/\/stgbc.bcweededible.net\/fr\/wp-json\/wp\/v2\/product_brand?post=13608"},{"taxonomy":"product_cat","embeddable":true,"href":"https:\/\/stgbc.bcweededible.net\/fr\/wp-json\/wp\/v2\/product_cat?post=13608"},{"taxonomy":"product_tag","embeddable":true,"href":"https:\/\/stgbc.bcweededible.net\/fr\/wp-json\/wp\/v2\/product_tag?post=13608"}],"curies":[{"name":"wp","href":"https:\/\/api.w.org\/{rel}","templated":true}]}}